{"id":12750,"date":"2021-03-24T11:24:06","date_gmt":"2021-03-24T10:24:06","guid":{"rendered":"https:\/\/jorntrahus.se\/?page_id=12750"},"modified":"2025-01-13T13:52:17","modified_gmt":"2025-01-13T12:52:17","slug":"endnu-et-hushovede-gar","status":"publish","type":"page","link":"https:\/\/jorntrahus.se\/da\/om-oss\/sa-gar-ett-huskop-till\/","title":{"rendered":"S\u00e5dan k\u00f8ber du et hus"},"content":{"rendered":"<div id=\"gap-2047004967\" class=\"gap-element clearfix\" style=\"display:block; height:auto;\">\n\t\t\n<style>\n#gap-2047004967 {\n  padding-top: 60px;\n}\n<\/style>\n\t<\/div>\n\t\n<div class=\"row\"  id=\"row-1942021788\">\n\n\t<div id=\"col-1089056107\" class=\"col small-12 large-12\"  >\n\t\t\t\t<div class=\"col-inner\"  >\n\t\t\t\n\t\t\t\n\t<div id=\"text-1468847026\" class=\"text\">\n\t\t\n<h1><span style=\"font-size: 150%;\">S\u00e5dan k\u00f8ber du et hus <\/span><\/h1>\n\t\t\n<style>\n#text-1468847026 {\n  font-size: 1rem;\n}\n<\/style>\n\t<\/div>\n\t\n<h3><span style=\"font-size: 120%;\">Hvordan ser processen ud, n\u00e5r du v\u00e6lger J\u00f6rntr\u00e4hus som leverand\u00f8r? Her beskriver vi de forskellige trin, og hvordan vi er involveret i alle de beskrevne trin.<\/span><\/h3>\n\t\t<\/div>\n\t\t\t\t\n<style>\n#col-1089056107 > .col-inner {\n  padding: 0px 100px 0px 0px;\n}\n<\/style>\n\t<\/div>\n\n\t\n\n<style>\n#row-1942021788 > .col > .col-inner {\n  padding: 0px 00px 20px 0px;\n}\n@media (min-width:550px) {\n  #row-1942021788 > .col > .col-inner {\n    padding: 0px 100px 20px 0px;\n  }\n}\n<\/style>\n<\/div>\n<div class=\"row\"  id=\"row-1352889632\">\n\n\t<div id=\"col-1449837936\" class=\"col medium-6 small-12 large-6\"  >\n\t\t\t\t<div class=\"col-inner\"  >\n\t\t\t\n\t\t\t\n<p><strong>1. TILKENDEGIVELSE AF INTERESSE<\/strong><br \/>Det kan ske via vores hjemmeside, e-mailkontakt, telefonkontakt, bes\u00f8g eller direkte kontakt med J\u00f6rntr\u00e4hus' lokale salgspersonale.<\/p>\n<p><b>2. VALG AF MODEL<br \/><\/b>Hver husk\u00f8ber har sin egen smag, sine egne krav og \u00f8nsker, som opfyldes af vores standardmodeller eller specialtilpasninger.<\/p>\n<p><span style=\"color: #282828;\"><b>3. UDARBEJDELSE AF FORSLAGSTEGNINGEN<br \/><\/b><\/span><span style=\"color: #555555;\">P\u00e5 baggrund af en f\u00e6lles dialog beslutter k\u00f8ber og s\u00e6lger, hvilken husmodel eller hvilke rimelige tilpasninger, der kan tilbydes inden for rammerne af grundens aktuelle detailplan. S\u00e6lger videregiver oplysningerne til J\u00f6rntr\u00e4hus' designafdeling, som udarbejder en forslagstegning baseret p\u00e5 k\u00f8bers ideer og \u00f8nsker. N\u00e5r forslaget opfylder \u00f8nskerne, danner det grundlag for tilbuddet.<\/span><\/p>\n\t\t<\/div>\n\t\t\t\t\n<style>\n#col-1449837936 > .col-inner {\n  padding: 0px 100px 0px 0px;\n}\n<\/style>\n\t<\/div>\n\n\t\n\n\t<div id=\"col-1130736374\" class=\"col medium-6 small-12 large-6\"  >\n\t\t\t\t<div class=\"col-inner\"  >\n\t\t\t\n\t\t\t\n<p><b>4. TILBUD<br \/><\/b>J\u00f6rntr\u00e4hus' tilbud er baseret p\u00e5 forslagstegningen og leveringsbeskrivelsen for den valgte husmodel, medmindre der er fremsat andre \u00f8nsker. Det er fuldt ud muligt at v\u00e6lge eller tilf\u00f8je indhold i denne fase for at f\u00e5 et s\u00e5 n\u00f8jagtigt tilbud som muligt.<\/p>\n<p><b>5. K\u00d8BSAFTALE<br \/><\/b>N\u00e5r tilbuddet er godkendt, er n\u00e6ste skridt i processen at underskrive en k\u00f8bsaftale. K\u00f8bsaftalen fastl\u00e6gger, hvad k\u00f8beren har til hensigt at k\u00f8be i detaljer og til hvilken pris, baseret p\u00e5 den aktuelle forslagstegning og tilbud.<\/p>\n<p>K\u00f8bsaftalen underskrives i to eksemplarer, som sendes af k\u00f8beren til J\u00f6rntr\u00e4hus i original, og efter J\u00f6rntr\u00e4hus' underskrift sendes et underskrevet eksemplar tilbage til k\u00f8beren. P\u00e5 tidspunktet for k\u00f8bsaftalen opkr\u00e6ves en forudbetaling p\u00e5 2% af den samlede k\u00f8bspris.<\/p>\n\t\t<\/div>\n\t\t\t\t\n<style>\n#col-1130736374 > .col-inner {\n  padding: 0px 100px 0px 0px;\n}\n<\/style>\n\t<\/div>\n\n\t\n\n<style>\n#row-1352889632 > .col > .col-inner {\n  padding: 0px 0px 0px 0px;\n}\n@media (min-width:550px) {\n  #row-1352889632 > .col > .col-inner {\n    padding: 0px 100px 20px 0px;\n  }\n}\n<\/style>\n<\/div>\n\n\t<section class=\"section dark\" id=\"section_1688370940\">\n\t\t<div class=\"section-bg fill\" >\n\t\t\t<img loading=\"lazy\" decoding=\"async\" width=\"2000\" height=\"750\" src=\"https:\/\/jorntrahus.se\/wp-content\/uploads\/2018\/01\/Slide-JTH-ritning-kaffekopp-2000x750.jpg\" class=\"bg attachment- size-\" alt=\"\" \/>\t\t\t\t\t\t<div class=\"section-bg-overlay absolute fill\"><\/div>\n\t\t\t\n\n\t\t<\/div>\n\n\t\t\n\n\t\t<div class=\"section-content relative\">\n\t\t\t\n<div class=\"row\"  id=\"row-1079604321\">\n\n\t<div id=\"col-268720210\" class=\"col small-12 large-12\"  >\n\t\t\t\t<div class=\"col-inner\"  >\n\t\t\t\n\t\t\t\n\t<div id=\"text-2208709656\" class=\"text\">\n\t\t\n<h2 style=\"text-align: center;\"><span style=\"font-size: 110%;\"><b>H\u00e5ndtering af byggetilladelser<br \/><\/b><\/span><\/h2>\n\t\t\n<style>\n#text-2208709656 {\n  text-align: left;\n}\n<\/style>\n\t<\/div>\n\t\n\t\t<\/div>\n\t\t\t\t\t<\/div>\n\n\t\n\n<style>\n#row-1079604321 > .col > .col-inner {\n  padding: 40px 0px 0px 0px;\n}\n<\/style>\n<\/div>\n<div class=\"row\"  id=\"row-1468113828\">\n\n\t<div id=\"col-1862091145\" class=\"col medium-6 small-12 large-6\"  >\n\t\t\t\t<div class=\"col-inner\"  >\n\t\t\t\n\t\t\t\n<p><strong>6. H\u00c5NDTERING AF BYGGETILLADELSER<\/strong><br \/>N\u00e5r k\u00f8bsaftalen er underskrevet, kan udarbejdelsen af byggetilladelsesdokumenter begynde.<\/p>\n<p>En ans\u00f8gning om byggetilladelse best\u00e5r af etage- og facadeplaner, en situationsplan og ans\u00f8gningsskemaer til byggetilladelse.<\/p>\n<p>For at kunne starte forberedelsen af dette, skal der foreligge noget dokumentation. K\u00f8beren skal altid s\u00f8rge for et nyt byggekort, som kan bestilles hos byplankontoret i din kommune.<\/p>\n<p><i>Yderligere n\u00f8dvendige oplysninger er:<\/i><\/p>\n<ul>\n<li>Feriehus eller permanent bolig<\/li>\n<li>Husets placering p\u00e5 grunden<\/li>\n<li>\u00d8nsket sokkelh\u00f8jde<\/li>\n<\/ul>\n\t\t<\/div>\n\t\t\t\t\n<style>\n#col-1862091145 > .col-inner {\n  padding: 0px 00px 0px 0px;\n}\n@media (min-width:550px) {\n  #col-1862091145 > .col-inner {\n    padding: 0px 100px 0px 0px;\n  }\n}\n<\/style>\n\t<\/div>\n\n\t\n\n\t<div id=\"col-1032636446\" class=\"col medium-6 small-12 large-6\"  >\n\t\t\t\t<div class=\"col-inner\"  >\n\t\t\t\n\t\t\t\n<p>Ans\u00f8gningen om byggetilladelse foretages altid af husk\u00f8beren, som udfylder og indsender ans\u00f8gningen om byggetilladelse sammen med den tekniske dokumentation, der er modtaget fra J\u00f6rntr\u00e4hus.<\/p>\n<p>Hvis byggetilladelsen st\u00f8der p\u00e5 forhindringer, hj\u00e6lper J\u00f6rntr\u00e4hus med at justere dokumentationen, indtil ans\u00f8gningen er godkendt.<\/p>\n<p><b>7. BYGGETILLADELSE GIVET<br \/><\/b>Husk\u00f8beren f\u00e5r besked om byggetilladelsen fra kommunen. Behandlingstiden kan variere fra et par uger til et par m\u00e5neder afh\u00e6ngigt af kommunen.<span class=\"Apple-converted-space\">\u00a0<\/span><\/p>\n<p>Kontakt J\u00f6rntr\u00e4hus' salgsrepr\u00e6sentant, og send byggetilladelsen ind, s\u00e5 vi sammen kan tage det n\u00e6ste skridt i processen.<span class=\"Apple-converted-space\">\u00a0<\/span><\/p>\n\t\t<\/div>\n\t\t\t\t\n<style>\n#col-1032636446 > .col-inner {\n  padding: 0px 00px 0px 0px;\n}\n@media (min-width:550px) {\n  #col-1032636446 > .col-inner {\n    padding: 0px 100px 0px 0px;\n  }\n}\n<\/style>\n\t<\/div>\n\n\t\n<\/div>\n\t\t<\/div>\n\n\t\t\n<style>\n#section_1688370940 {\n  padding-top: 50px;\n  padding-bottom: 50px;\n  margin-bottom: 0px;\n  min-height: 300px;\n}\n#section_1688370940 .section-bg-overlay {\n  background-color: rgba(0, 0, 0, 0.5);\n}\n<\/style>\n\t<\/section>\n\t\n\t<div id=\"gap-1343768960\" class=\"gap-element clearfix\" style=\"display:block; height:auto;\">\n\t\t\n<style>\n#gap-1343768960 {\n  padding-top: 50px;\n}\n@media (min-width:550px) {\n  #gap-1343768960 {\n    padding-top: 0px;\n  }\n}\n<\/style>\n\t<\/div>\n\t\n<div class=\"row\"  id=\"row-1705173327\">\n\n\t<div id=\"col-1748789648\" class=\"col medium-6 small-12 large-6\"  >\n\t\t\t\t<div class=\"col-inner\"  >\n\t\t\t\n\t\t\t\n<p><b>8. AVROP<br \/><\/b>Det er p\u00e5 dette tidspunkt, at huset bestilles af k\u00f8beren, hvilket danner grundlag for J\u00f6rntr\u00e4hus' materialeindk\u00f8b, produktionsplanl\u00e6gning og fremstilling.<\/p>\n<p>Ved afrop skal en tjekliste verificeres og en ordretegning godkendes mellem s\u00e6lger og k\u00f8ber, s\u00e5 alle detaljer og eventuelle valg er korrekte, og ingen justeringer eller \u00e6ndringer er mulige efter det underskrevne afrop.<\/p>\n<p>Byggeriets h\u00f8ringsdokumenter p\u00e5begyndes f\u00f8rst, n\u00e5r J\u00f6rntr\u00e4hus har modtaget et underskrevet afkald, som s\u00e5 produceres efter tur.<\/p>\n<p>Dokumentationen best\u00e5r af K-profiler, eventuelle energibehovsberegninger (valgfrit) og fundament\/belastningsplan.<\/p>\n<p>Husk\u00f8beren angiver den \u00f8nskede leveringsuge i det underskrevne afkald, for at bekr\u00e6fte leveringsugen fra J\u00f6rntr\u00e4hus kr\u00e6ves en banksikkerhed fra husk\u00f8beren, dette best\u00e5r af enten en blokeringsgaranti, bankgaranti, pantkonto eller en forudbetaling.<\/p>\n<p>Afh\u00e6ngigt af produktionsudnyttelsen bekr\u00e6fter J\u00f6rntr\u00e4hus den planlagte leveringsuge.<\/p>\n<p>I henhold til betalingsplanen betales 30% af den samlede k\u00f8bspris p\u00e5 dette tidspunkt.<\/p>\n\t\t<\/div>\n\t\t\t\t\n<style>\n#col-1748789648 > .col-inner {\n  padding: 0px 100px 0px 0px;\n}\n<\/style>\n\t<\/div>\n\n\t\n\n\t<div id=\"col-547208530\" class=\"col medium-6 small-12 large-6\"  >\n\t\t\t\t<div class=\"col-inner\"  >\n\t\t\t\n\t\t\t\n<p><b>9. LEVERINGER<br \/><\/b>N\u00e5r det g\u00e6lder levering af huset, informerer J\u00f6rntr\u00e4hus k\u00f8beren om detaljer som leveringsdato og -tidspunkt i god tid inden leveringen.<\/p>\n<p>Transport betales af k\u00f8beren separat, J\u00f6rntr\u00e4hus kan hj\u00e6lpe med planl\u00e6gning og booking. Afl\u00e6sning og eventuel oml\u00e6sning er k\u00f8bers ansvar.<\/p>\n<p>Delvise leverancer udskydes i maksimalt 12 uger; i tilf\u00e6lde af levering af et s\u00e6t faktureres 55% af den samlede k\u00f8bspris.<\/p>\n<p><b>10. KLAGER<br \/><\/b>Eventuelle produktreklamationer skal rapporteres inden for 5 dage efter modtagelse af varer til J\u00f6rntr\u00e4hus.<\/p>\n<p><b>11. ENDELIG FAKTURERING<span class=\"Apple-converted-space\">\u00a0<br \/><\/span><\/b>Den endelige fakturering finder sted efter maksimalt 12 uger efter den f\u00f8rste levering, og p\u00e5 det tidspunkt faktureres de resterende 13%.<\/p>\n\t\t<\/div>\n\t\t\t\t\t<\/div>\n\n\t\n\n<style>\n#row-1705173327 > .col > .col-inner {\n  padding: 00px 0px 0px 0px;\n}\n@media (min-width:550px) {\n  #row-1705173327 > .col > .col-inner {\n    padding: 70px 100px 30px 0px;\n  }\n}\n<\/style>\n<\/div>\n\n\t<section class=\"section\" id=\"section_878821378\">\n\t\t<div class=\"section-bg fill\" >\n\t\t\t\t\t\t\t\t\t\n\t\t\t\n\n\t\t<\/div>\n\n\t\t\n\n\t\t<div class=\"section-content relative\">\n\t\t\t\n\n\t<div id=\"gap-827068780\" class=\"gap-element clearfix\" style=\"display:block; height:auto;\">\n\t\t\n<style>\n#gap-827068780 {\n  padding-top: 30px;\n}\n<\/style>\n\t<\/div>\n\t\n\n<div class=\"slider-wrapper relative\" id=\"slider-1957977223\" >\n    <div class=\"slider slider-nav-dots-simple slider-nav-circle slider-nav-large slider-nav-light slider-style-container\"\n        data-flickity-options='{            \"cellAlign\": \"center\",            \"imagesLoaded\": true,            \"lazyLoad\": 1,            \"freeScroll\": false,            \"wrapAround\": true,            \"autoPlay\": 5500,            \"pauseAutoPlayOnHover\" : false,            \"prevNextButtons\": true,            \"contain\" : true,            \"adaptiveHeight\" : true,            \"dragThreshold\" : 10,            \"percentPosition\": true,            \"pageDots\": false,            \"rightToLeft\": false,            \"draggable\": true,            \"selectedAttraction\": 0.1,            \"parallax\" : 0,            \"friction\": 0.6        }'\n        >\n        \n\n<div class=\"row align-middle align-center\"  id=\"row-636627964\">\n\n\n\t<div id=\"col-646875401\" class=\"col small-12 large-12\"  >\n\t\t\t\t<div class=\"col-inner\"  >\n\t\t\t\n\t\t\t\n\n\t<div class=\"box has-hover   has-hover box-vertical box-text-middle\" >\n\n\t\t<div class=\"box-image\" style=\"width:50%;\">\n\t\t\t\t\t\t<div class=\"image-cover\" style=\"padding-top:100%;\">\n\t\t\t\t<img loading=\"lazy\" decoding=\"async\" width=\"800\" height=\"800\" src=\"https:\/\/jorntrahus.se\/wp-content\/uploads\/2019\/09\/Kundreportage-Bergsholmen-Familjen-Bostr\u00f6m-2019-webb-10.jpg\" class=\"attachment-large size-large\" alt=\"Kunderapport feriehus bj\u00e6lkehus kit Bergsholmen Familjen Bostr\u00f6m 2019\" srcset=\"https:\/\/jorntrahus.se\/wp-content\/uploads\/2019\/09\/Kundreportage-Bergsholmen-Familjen-Bostr\u00f6m-2019-webb-10.jpg 800w, https:\/\/jorntrahus.se\/wp-content\/uploads\/2019\/09\/Kundreportage-Bergsholmen-Familjen-Bostr\u00f6m-2019-webb-10-100x100.jpg 100w, https:\/\/jorntrahus.se\/wp-content\/uploads\/2019\/09\/Kundreportage-Bergsholmen-Familjen-Bostr\u00f6m-2019-webb-10-300x300.jpg 300w, https:\/\/jorntrahus.se\/wp-content\/uploads\/2019\/09\/Kundreportage-Bergsholmen-Familjen-Bostr\u00f6m-2019-webb-10-600x600.jpg 600w, https:\/\/jorntrahus.se\/wp-content\/uploads\/2019\/09\/Kundreportage-Bergsholmen-Familjen-Bostr\u00f6m-2019-webb-10-768x768.jpg 768w\" sizes=\"auto, (max-width: 800px) 100vw, 800px\" \/>\t\t\t\t\t\t\t\t\t\t\t<\/div>\n\t\t\t\t\t<\/div>\n\n\t\t<div class=\"box-text text-center is-large\" style=\"background-color:rgb(164, 188, 176);padding:50px 50px 50px 50px;\">\n\t\t\t<div class=\"box-text-inner\">\n\t\t\t\t\n\n\t<div id=\"text-2480904404\" class=\"text\">\n\t\t\n\n<p style=\"text-align: center;\"><span style=\"font-size: 130%;\">\"Set i bakspejlet fortryder vi ikke, at vi t\u00e6nkte stort og investerede dristigt, vi har simpelthen f\u00e5et et fantastisk hus.\"<\/span><\/p>\n<p style=\"text-align: center;\">Per, huskunde og stolt ejer af en Bergsholmen<\/p>\n\t\t\n<style>\n#text-2480904404 {\n  font-size: 1.25rem;\n}\n<\/style>\n\t<\/div>\n\t\n\n\t\t\t<\/div>\n\t\t<\/div>\n\t<\/div>\n\t\n\n\t\t<\/div>\n\t\t\t\t\t<\/div>\n\n\t\n\n<\/div>\n<div class=\"row align-middle align-center\"  id=\"row-1984451026\">\n\n\n\t<div id=\"col-196428655\" class=\"col small-12 large-12\"  >\n\t\t\t\t<div class=\"col-inner\"  >\n\t\t\t\n\t\t\t\n\n\t<div class=\"box has-hover   has-hover box-vertical box-text-middle\" >\n\n\t\t<div class=\"box-image\" style=\"width:50%;\">\n\t\t\t\t\t\t<div class=\"image-cover\" style=\"padding-top:100%;\">\n\t\t\t\t<img loading=\"lazy\" decoding=\"async\" width=\"1020\" height=\"698\" src=\"https:\/\/jorntrahus.se\/wp-content\/uploads\/2019\/03\/Fritidshus-Strycksele-XL-Loft-husbyggsats-J\u00f6rntr\u00e4hus-Kundreportage-Christian-och-Therese-skoter-1-1200x821.jpg\" class=\"attachment-large size-large\" alt=\"Sommerhus Strycksele XL Loft house kit J\u00f6rntr\u00e4hus Kunderapport Christian og Therese scooter 1\" srcset=\"https:\/\/jorntrahus.se\/wp-content\/uploads\/2019\/03\/Fritidshus-Strycksele-XL-Loft-husbyggsats-J\u00f6rntr\u00e4hus-Kundreportage-Christian-och-Therese-skoter-1-1200x821.jpg 1200w, https:\/\/jorntrahus.se\/wp-content\/uploads\/2019\/03\/Fritidshus-Strycksele-XL-Loft-husbyggsats-J\u00f6rntr\u00e4hus-Kundreportage-Christian-och-Therese-skoter-1-900x616.jpg 900w, https:\/\/jorntrahus.se\/wp-content\/uploads\/2019\/03\/Fritidshus-Strycksele-XL-Loft-husbyggsats-J\u00f6rntr\u00e4hus-Kundreportage-Christian-och-Therese-skoter-1-600x411.jpg 600w, https:\/\/jorntrahus.se\/wp-content\/uploads\/2019\/03\/Fritidshus-Strycksele-XL-Loft-husbyggsats-J\u00f6rntr\u00e4hus-Kundreportage-Christian-och-Therese-skoter-1-768x526.jpg 768w\" sizes=\"auto, (max-width: 1020px) 100vw, 1020px\" \/>\t\t\t\t\t\t\t\t\t\t\t<\/div>\n\t\t\t\t\t<\/div>\n\n\t\t<div class=\"box-text text-center is-large\" style=\"background-color:rgb(164, 188, 176);padding:50px 50px 50px 50px;\">\n\t\t\t<div class=\"box-text-inner\">\n\t\t\t\t\n\n\t<div id=\"text-2486352306\" class=\"text\">\n\t\t\n\n<p style=\"text-align: center;\"><span style=\"font-size: 130%;\">\"Vi fik et ekstremt professionelt og engageret svar fra J\u00f6rntr\u00e4hus' repr\u00e6sentant, hvilket gjorde valget let\"<\/span><\/p>\n<p style=\"text-align: center;\">Husets kunder Ther\u00e9se &amp; Christian<\/p>\n\t\t\n<style>\n#text-2486352306 {\n  font-size: 1.25rem;\n}\n<\/style>\n\t<\/div>\n\t\n\n\t\t\t<\/div>\n\t\t<\/div>\n\t<\/div>\n\t\n\n\t\t<\/div>\n\t\t\t\t\t<\/div>\n\n\t\n\n<\/div>\n<div class=\"row align-middle align-center\"  id=\"row-737082482\">\n\n\n\t<div id=\"col-704370026\" class=\"col small-12 large-12\"  >\n\t\t\t\t<div class=\"col-inner\"  >\n\t\t\t\n\t\t\t\n\n\t<div class=\"box has-hover   has-hover box-vertical box-text-middle\" >\n\n\t\t<div class=\"box-image\" style=\"width:50%;\">\n\t\t\t\t\t\t<div class=\"image-cover\" style=\"padding-top:100%;\">\n\t\t\t\t<img loading=\"lazy\" decoding=\"async\" width=\"1020\" height=\"765\" src=\"https:\/\/jorntrahus.se\/wp-content\/uploads\/2020\/07\/J\u00f6rntr\u00e4hus-Husmodell-Bolund-Byggsats-Hus-Husv\u00e4n-Sommaren-2020-Byggnation-Blockhus-30kvm-18-1200x900.jpg\" class=\"attachment-large size-large\" alt=\"J\u00f6rntr\u00e4hus Husmodel Bolund Bygges\u00e6t Hus Husv\u00e4n Sommer 2020 Byggeri Bj\u00e6lkehus 30sqm 18\" srcset=\"https:\/\/jorntrahus.se\/wp-content\/uploads\/2020\/07\/J\u00f6rntr\u00e4hus-Husmodell-Bolund-Byggsats-Hus-Husv\u00e4n-Sommaren-2020-Byggnation-Blockhus-30kvm-18-1200x900.jpg 1200w, https:\/\/jorntrahus.se\/wp-content\/uploads\/2020\/07\/J\u00f6rntr\u00e4hus-Husmodell-Bolund-Byggsats-Hus-Husv\u00e4n-Sommaren-2020-Byggnation-Blockhus-30kvm-18-900x675.jpg 900w, https:\/\/jorntrahus.se\/wp-content\/uploads\/2020\/07\/J\u00f6rntr\u00e4hus-Husmodell-Bolund-Byggsats-Hus-Husv\u00e4n-Sommaren-2020-Byggnation-Blockhus-30kvm-18-600x450.jpg 600w, https:\/\/jorntrahus.se\/wp-content\/uploads\/2020\/07\/J\u00f6rntr\u00e4hus-Husmodell-Bolund-Byggsats-Hus-Husv\u00e4n-Sommaren-2020-Byggnation-Blockhus-30kvm-18-768x576.jpg 768w, https:\/\/jorntrahus.se\/wp-content\/uploads\/2020\/07\/J\u00f6rntr\u00e4hus-Husmodell-Bolund-Byggsats-Hus-Husv\u00e4n-Sommaren-2020-Byggnation-Blockhus-30kvm-18-1536x1152.jpg 1536w, https:\/\/jorntrahus.se\/wp-content\/uploads\/2020\/07\/J\u00f6rntr\u00e4hus-Husmodell-Bolund-Byggsats-Hus-Husv\u00e4n-Sommaren-2020-Byggnation-Blockhus-30kvm-18.jpg 1800w\" sizes=\"auto, (max-width: 1020px) 100vw, 1020px\" \/>\t\t\t\t\t\t\t\t\t\t\t<\/div>\n\t\t\t\t\t<\/div>\n\n\t\t<div class=\"box-text text-center is-large\" style=\"background-color:rgb(164, 188, 176);padding:50px 50px 50px 50px;\">\n\t\t\t<div class=\"box-text-inner\">\n\t\t\t\t\n\n\t<div id=\"text-4266310640\" class=\"text\">\n\t\t\n\n<p style=\"text-align: center;\"><span style=\"font-size: 130%;\">\"Glat, nem og millimeterpr\u00e6cis montering gjorde, at vi selv kunne samle vores hus uden problemer\"<\/span><\/p>\n<p style=\"text-align: center;\">Sambo p\u00e5 Okn\u00f6<\/p>\n\t\t\n<style>\n#text-4266310640 {\n  font-size: 1.25rem;\n}\n<\/style>\n\t<\/div>\n\t\n\n\t\t\t<\/div>\n\t\t<\/div>\n\t<\/div>\n\t\n\n\t\t<\/div>\n\t\t\t\t\t<\/div>\n\n\t\n\n<\/div>\n\n     <\/div>\n\n     <div class=\"loading-spin dark large centered\"><\/div>\n\n\t<\/div>\n\n\n\n\t\t<\/div>\n\n\t\t\n<style>\n#section_878821378 {\n  padding-top: 0px;\n  padding-bottom: 0px;\n}\n<\/style>\n\t<\/section>","protected":false},"excerpt":{"rendered":"","protected":false},"author":2,"featured_media":0,"parent":7,"menu_order":0,"comment_status":"closed","ping_status":"closed","template":"page-blank.php","meta":{"footnotes":""},"class_list":["post-12750","page","type-page","status-publish","hentry"],"yoast_head":"<!-- This site is optimized with the Yoast SEO plugin v27.5 - https:\/\/yoast.com\/product\/yoast-seo-wordpress\/ -->\n<title>S\u00e5 g\u00e5r ett husk\u00f6p till - J\u00f6rntr\u00e4hus<\/title>\n<meta name=\"robots\" content=\"index, follow, max-snippet:-1, max-image-preview:large, max-video-preview:-1\" \/>\n<link rel=\"canonical\" href=\"https:\/\/jorntrahus.se\/da\/om-os\/endnu-et-hushovede-gar\/\" \/>\n<meta property=\"og:locale\" content=\"da_DK\" \/>\n<meta property=\"og:type\" content=\"article\" \/>\n<meta property=\"og:title\" content=\"S\u00e5 g\u00e5r ett husk\u00f6p till - J\u00f6rntr\u00e4hus\" \/>\n<meta property=\"og:url\" content=\"https:\/\/jorntrahus.se\/da\/om-os\/endnu-et-hushovede-gar\/\" \/>\n<meta property=\"og:site_name\" content=\"J\u00f6rntr\u00e4hus\" \/>\n<meta property=\"article:modified_time\" content=\"2025-01-13T12:52:17+00:00\" \/>\n<meta name=\"twitter:card\" content=\"summary_large_image\" \/>\n<meta name=\"twitter:label1\" content=\"Estimeret l\u00e6setid\" \/>\n\t<meta name=\"twitter:data1\" content=\"5 minutter\" \/>\n<script type=\"application\/ld+json\" class=\"yoast-schema-graph\">{\"@context\":\"https:\\\/\\\/schema.org\",\"@graph\":[{\"@type\":\"WebPage\",\"@id\":\"https:\\\/\\\/jorntrahus.se\\\/om-oss\\\/sa-gar-ett-huskop-till\\\/\",\"url\":\"https:\\\/\\\/jorntrahus.se\\\/om-oss\\\/sa-gar-ett-huskop-till\\\/\",\"name\":\"S\u00e5 g\u00e5r ett husk\u00f6p till - J\u00f6rntr\u00e4hus\",\"isPartOf\":{\"@id\":\"https:\\\/\\\/jorntrahus.se\\\/#website\"},\"datePublished\":\"2021-03-24T10:24:06+00:00\",\"dateModified\":\"2025-01-13T12:52:17+00:00\",\"breadcrumb\":{\"@id\":\"https:\\\/\\\/jorntrahus.se\\\/om-oss\\\/sa-gar-ett-huskop-till\\\/#breadcrumb\"},\"inLanguage\":\"da-DK\",\"potentialAction\":[{\"@type\":\"ReadAction\",\"target\":[\"https:\\\/\\\/jorntrahus.se\\\/om-oss\\\/sa-gar-ett-huskop-till\\\/\"]}]},{\"@type\":\"BreadcrumbList\",\"@id\":\"https:\\\/\\\/jorntrahus.se\\\/om-oss\\\/sa-gar-ett-huskop-till\\\/#breadcrumb\",\"itemListElement\":[{\"@type\":\"ListItem\",\"position\":1,\"name\":\"Hem\",\"item\":\"https:\\\/\\\/jorntrahus.se\\\/\"},{\"@type\":\"ListItem\",\"position\":2,\"name\":\"Om oss\",\"item\":\"https:\\\/\\\/jorntrahus.se\\\/om-oss\\\/\"},{\"@type\":\"ListItem\",\"position\":3,\"name\":\"S\u00e5 g\u00e5r ett husk\u00f6p till\"}]},{\"@type\":\"WebSite\",\"@id\":\"https:\\\/\\\/jorntrahus.se\\\/#website\",\"url\":\"https:\\\/\\\/jorntrahus.se\\\/\",\"name\":\"J\u00f6rntr\u00e4hus\",\"description\":\"Hus f\u00f6r den medvetne\",\"publisher\":{\"@id\":\"https:\\\/\\\/jorntrahus.se\\\/#organization\"},\"potentialAction\":[{\"@type\":\"SearchAction\",\"target\":{\"@type\":\"EntryPoint\",\"urlTemplate\":\"https:\\\/\\\/jorntrahus.se\\\/?s={search_term_string}\"},\"query-input\":{\"@type\":\"PropertyValueSpecification\",\"valueRequired\":true,\"valueName\":\"search_term_string\"}}],\"inLanguage\":\"da-DK\"},{\"@type\":\"Organization\",\"@id\":\"https:\\\/\\\/jorntrahus.se\\\/#organization\",\"name\":\"J\u00f6rntr\u00e4hus\",\"url\":\"https:\\\/\\\/jorntrahus.se\\\/\",\"logo\":{\"@type\":\"ImageObject\",\"inLanguage\":\"da-DK\",\"@id\":\"https:\\\/\\\/jorntrahus.se\\\/#\\\/schema\\\/logo\\\/image\\\/\",\"url\":\"https:\\\/\\\/jorntrahus.se\\\/wp-content\\\/uploads\\\/2020\\\/09\\\/Jorntrahus_Grund_CMYK.eps\",\"contentUrl\":\"https:\\\/\\\/jorntrahus.se\\\/wp-content\\\/uploads\\\/2020\\\/09\\\/Jorntrahus_Grund_CMYK.eps\",\"width\":1,\"height\":1,\"caption\":\"J\u00f6rntr\u00e4hus\"},\"image\":{\"@id\":\"https:\\\/\\\/jorntrahus.se\\\/#\\\/schema\\\/logo\\\/image\\\/\"}}]}<\/script>\n<!-- \/ Yoast SEO plugin. -->","yoast_head_json":{"title":"S\u00e5dan k\u00f8ber du et hus - J\u00f6rntr\u00e4hus","robots":{"index":"index","follow":"follow","max-snippet":"max-snippet:-1","max-image-preview":"max-image-preview:large","max-video-preview":"max-video-preview:-1"},"canonical":"https:\/\/jorntrahus.se\/da\/om-os\/endnu-et-hushovede-gar\/","og_locale":"da_DK","og_type":"article","og_title":"S\u00e5 g\u00e5r ett husk\u00f6p till - J\u00f6rntr\u00e4hus","og_url":"https:\/\/jorntrahus.se\/da\/om-os\/endnu-et-hushovede-gar\/","og_site_name":"J\u00f6rntr\u00e4hus","article_modified_time":"2025-01-13T12:52:17+00:00","twitter_card":"summary_large_image","twitter_misc":{"Estimeret l\u00e6setid":"5 minutter"},"schema":{"@context":"https:\/\/schema.org","@graph":[{"@type":"WebPage","@id":"https:\/\/jorntrahus.se\/om-oss\/sa-gar-ett-huskop-till\/","url":"https:\/\/jorntrahus.se\/om-oss\/sa-gar-ett-huskop-till\/","name":"S\u00e5dan k\u00f8ber du et hus - J\u00f6rntr\u00e4hus","isPartOf":{"@id":"https:\/\/jorntrahus.se\/#website"},"datePublished":"2021-03-24T10:24:06+00:00","dateModified":"2025-01-13T12:52:17+00:00","breadcrumb":{"@id":"https:\/\/jorntrahus.se\/om-oss\/sa-gar-ett-huskop-till\/#breadcrumb"},"inLanguage":"da-DK","potentialAction":[{"@type":"ReadAction","target":["https:\/\/jorntrahus.se\/om-oss\/sa-gar-ett-huskop-till\/"]}]},{"@type":"BreadcrumbList","@id":"https:\/\/jorntrahus.se\/om-oss\/sa-gar-ett-huskop-till\/#breadcrumb","itemListElement":[{"@type":"ListItem","position":1,"name":"Hem","item":"https:\/\/jorntrahus.se\/"},{"@type":"ListItem","position":2,"name":"Om oss","item":"https:\/\/jorntrahus.se\/om-oss\/"},{"@type":"ListItem","position":3,"name":"S\u00e5 g\u00e5r ett husk\u00f6p till"}]},{"@type":"WebSite","@id":"https:\/\/jorntrahus.se\/#website","url":"https:\/\/jorntrahus.se\/","name":"J\u00f6rntr\u00e4hus","description":"Huse til de bevidste","publisher":{"@id":"https:\/\/jorntrahus.se\/#organization"},"potentialAction":[{"@type":"SearchAction","target":{"@type":"EntryPoint","urlTemplate":"https:\/\/jorntrahus.se\/?s={search_term_string}"},"query-input":{"@type":"PropertyValueSpecification","valueRequired":true,"valueName":"search_term_string"}}],"inLanguage":"da-DK"},{"@type":"Organization","@id":"https:\/\/jorntrahus.se\/#organization","name":"J\u00f6rntr\u00e4hus","url":"https:\/\/jorntrahus.se\/","logo":{"@type":"ImageObject","inLanguage":"da-DK","@id":"https:\/\/jorntrahus.se\/#\/schema\/logo\/image\/","url":"https:\/\/jorntrahus.se\/wp-content\/uploads\/2020\/09\/Jorntrahus_Grund_CMYK.eps","contentUrl":"https:\/\/jorntrahus.se\/wp-content\/uploads\/2020\/09\/Jorntrahus_Grund_CMYK.eps","width":1,"height":1,"caption":"J\u00f6rntr\u00e4hus"},"image":{"@id":"https:\/\/jorntrahus.se\/#\/schema\/logo\/image\/"}}]}},"publishpress_future_action":{"enabled":false,"date":"2026-05-20 20:15:13","action":"change-status","newStatus":"draft","terms":[],"taxonomy":"","extraData":[]},"publishpress_future_workflow_manual_trigger":{"enabledWorkflows":[]},"_links":{"self":[{"href":"https:\/\/jorntrahus.se\/da\/wp-json\/wp\/v2\/pages\/12750","targetHints":{"allow":["GET"]}}],"collection":[{"href":"https:\/\/jorntrahus.se\/da\/wp-json\/wp\/v2\/pages"}],"about":[{"href":"https:\/\/jorntrahus.se\/da\/wp-json\/wp\/v2\/types\/page"}],"author":[{"embeddable":true,"href":"https:\/\/jorntrahus.se\/da\/wp-json\/wp\/v2\/users\/2"}],"replies":[{"embeddable":true,"href":"https:\/\/jorntrahus.se\/da\/wp-json\/wp\/v2\/comments?post=12750"}],"version-history":[{"count":16,"href":"https:\/\/jorntrahus.se\/da\/wp-json\/wp\/v2\/pages\/12750\/revisions"}],"predecessor-version":[{"id":14794,"href":"https:\/\/jorntrahus.se\/da\/wp-json\/wp\/v2\/pages\/12750\/revisions\/14794"}],"up":[{"embeddable":true,"href":"https:\/\/jorntrahus.se\/da\/wp-json\/wp\/v2\/pages\/7"}],"wp:attachment":[{"href":"https:\/\/jorntrahus.se\/da\/wp-json\/wp\/v2\/media?parent=12750"}],"curies":[{"name":"wp","href":"https:\/\/api.w.org\/{rel}","templated":true}]}}