{"id":7173,"date":"2018-01-05T11:50:25","date_gmt":"2018-01-05T10:50:25","guid":{"rendered":"https:\/\/jorntrahus.se\/?page_id=7173"},"modified":"2021-04-26T16:37:28","modified_gmt":"2021-04-26T14:37:28","slug":"fleksible-tegninger","status":"publish","type":"page","link":"https:\/\/jorntrahus.se\/da\/flexibla-losningar\/","title":{"rendered":"Fleksible l\u00f8sninger"},"content":{"rendered":"<div id=\"gap-304202902\" class=\"gap-element clearfix\" style=\"display:block; height:auto;\">\n\t\t\n<style>\n#gap-304202902 {\n  padding-top: 60px;\n}\n<\/style>\n\t<\/div>\n\t\n<div class=\"row\"  id=\"row-327515383\">\n\n\t<div id=\"col-1499776697\" class=\"col medium-8 small-12 large-8\"  >\n\t\t\t\t<div class=\"col-inner\"  >\n\t\t\t\n\t\t\t\n<h1><span style=\"font-size: 150%\">Fleksible l\u00f8sninger<\/span><\/h1>\n<h2><span style=\"color: #999999\">Du bestemmer det endelige design af dit hus.<\/span><\/h2>\n<p>J\u00f6rntr\u00e4hus's brede udvalg af modeller d\u00e6kker de fleste behov, n\u00e5r det g\u00e6lder feriehuse. Det er dog meget sv\u00e6rt at tilbyde en universel model, der passer til enhver smag.<\/p>\n<p>Vi pr\u00e6senterer et stort antal feriehuse i vores modelprogram, hver med sin egen specifikke planl\u00f8sning. Det er i et fors\u00f8g p\u00e5 at kunne im\u00f8dekomme langt de fleste smagsl\u00f8g og behov, for der er trods alt husejere, som har brug for at lave nogle \u00e6ndringer i forhold til det oprindelige for at skabe deres dr\u00f8mmehus.<\/p>\n<p>Med vores hj\u00e6lp kan du tilpasse og \u00e6ndre vores standardhuse b\u00e5de indvendigt og udvendigt, naturligvis inden for gr\u00e6nserne af det teknisk mulige.<\/p>\n<p>Fleksibilitet er noget, som J\u00f6rntr\u00e4hus altid har tilbudt og taget til sig. Det har gjort det muligt for os at levere skr\u00e6ddersyede l\u00f8sninger til alle husejere, der har \u00f8nsket at skabe et mere personligt hjem.<\/p>\n<p>Her finder du en r\u00e6kke eksempler p\u00e5, hvordan du kan \u00e6ndre grundplanen med udgangspunkt i et af vores standardhuse, uden at det p\u00e5virker byggepladsen eller husets konstruktion. D\u00f8r- og vinduesplacering er mindre indgreb, som selvf\u00f8lgelig skal justeres ud fra disse eksempler. Denne type \u00e6ndringer kan, i t\u00e6t samarbejde med os hos J\u00f6rntr\u00e4hus, foretages p\u00e5 alle vores husmodeller.<\/p>\n\t\t<\/div>\n\t\t\t\t\n<style>\n#col-1499776697 > .col-inner {\n  padding: 0px 100px 0px 0px;\n}\n<\/style>\n\t<\/div>\n\n\t\n\n\t<div id=\"col-345094523\" class=\"col medium-4 small-12 large-4\"  >\n\t\t\t\t<div class=\"col-inner\"  >\n\t\t\t\n\t\t\t\n\t<div class=\"box has-hover   has-hover box-text-bottom\" >\n\n\t\t<div class=\"box-image\" >\n\t\t\t\t\t\t<div class=\"\" >\n\t\t\t\t<img loading=\"lazy\" decoding=\"async\" width=\"1500\" height=\"1000\" src=\"https:\/\/jorntrahus.se\/wp-content\/uploads\/2017\/12\/\u00c5liden-M-3D.jpg\" class=\"attachment- size-\" alt=\"\" srcset=\"https:\/\/jorntrahus.se\/wp-content\/uploads\/2017\/12\/\u00c5liden-M-3D.jpg 1500w, https:\/\/jorntrahus.se\/wp-content\/uploads\/2017\/12\/\u00c5liden-M-3D-600x400.jpg 600w, https:\/\/jorntrahus.se\/wp-content\/uploads\/2017\/12\/\u00c5liden-M-3D-900x600.jpg 900w, https:\/\/jorntrahus.se\/wp-content\/uploads\/2017\/12\/\u00c5liden-M-3D-768x512.jpg 768w, https:\/\/jorntrahus.se\/wp-content\/uploads\/2017\/12\/\u00c5liden-M-3D-1200x800.jpg 1200w\" sizes=\"auto, (max-width: 1500px) 100vw, 1500px\" \/>\t\t\t\t\t\t\t\t\t\t\t<\/div>\n\t\t\t\t\t<\/div>\n\n\t\t<div class=\"box-text text-center\" >\n\t\t\t<div class=\"box-text-inner\">\n\t\t\t\t\n<h4>\u00c5liden<\/h4>\n<p>I dette eksempel har vi brugt \u00c5lidens husmodel. Nedenfor ser du et billede af facaden, men ogs\u00e5 den plantegning, vi normalt bruger.<\/p>\n\t<div id=\"gap-1918954783\" class=\"gap-element clearfix\" style=\"display:block; height:auto;\">\n\t\t\n<style>\n#gap-1918954783 {\n  padding-top: 30px;\n}\n<\/style>\n\t<\/div>\n\t\n\t\t\t<\/div>\n\t\t<\/div>\n\t<\/div>\n\t\n\t<div class=\"box has-hover   has-hover box-text-bottom\" >\n\n\t\t<div class=\"box-image\" style=\"width:80%;\">\n\t\t\t\t\t\t<div class=\"\" >\n\t\t\t\t<img loading=\"lazy\" decoding=\"async\" width=\"1200\" height=\"898\" src=\"https:\/\/jorntrahus.se\/wp-content\/uploads\/2017\/12\/\u00c5liden-M-plan-1-3D.png\" class=\"attachment- size-\" alt=\"\" srcset=\"https:\/\/jorntrahus.se\/wp-content\/uploads\/2017\/12\/\u00c5liden-M-plan-1-3D.png 1200w, https:\/\/jorntrahus.se\/wp-content\/uploads\/2017\/12\/\u00c5liden-M-plan-1-3D-900x674.png 900w, https:\/\/jorntrahus.se\/wp-content\/uploads\/2017\/12\/\u00c5liden-M-plan-1-3D-600x449.png 600w, https:\/\/jorntrahus.se\/wp-content\/uploads\/2017\/12\/\u00c5liden-M-plan-1-3D-768x575.png 768w\" sizes=\"auto, (max-width: 1200px) 100vw, 1200px\" \/>\t\t\t\t\t\t\t\t\t\t\t<\/div>\n\t\t\t\t\t<\/div>\n\n\t\t<div class=\"box-text text-center\" >\n\t\t\t<div class=\"box-text-inner\">\n\t\t\t\t\n\t<div id=\"gap-1803696201\" class=\"gap-element clearfix\" style=\"display:block; height:auto;\">\n\t\t\n<style>\n#gap-1803696201 {\n  padding-top: 30px;\n}\n<\/style>\n\t<\/div>\n\t\n<a href=\"\/da\/husmodel\/aliden\/\" class=\"button primary is-outline\" >\n\t\t<span>MERE OM ALDRING<\/span>\n\t<\/a>\n\n\t\t\t<\/div>\n\t\t<\/div>\n\t<\/div>\n\t\n\t\t<\/div>\n\t\t\t\t\t<\/div>\n\n\t\n<\/div>\n\n\t<section class=\"section\" id=\"section_2031894863\">\n\t\t<div class=\"section-bg fill\" >\n\t\t\t\t\t\t\t\t\t<div class=\"section-bg-overlay absolute fill\"><\/div>\n\t\t\t\n\n\t\t<\/div>\n\n\t\t\n\n\t\t<div class=\"section-content relative\">\n\t\t\t\n<div class=\"row row-large align-middle\"  id=\"row-1018046389\">\n\n\t<div id=\"col-1963270627\" class=\"col medium-6 small-12 large-6\"  >\n\t\t\t\t<div class=\"col-inner\"  >\n\t\t\t\n\t\t\t\n\t<div class=\"img has-hover x md-x lg-x y md-y lg-y\" id=\"image_2015801444\">\n\t\t\t\t\t\t\t\t<div class=\"img-inner dark\" >\n\t\t\t<img loading=\"lazy\" decoding=\"async\" width=\"1020\" height=\"718\" src=\"https:\/\/jorntrahus.se\/wp-content\/uploads\/2018\/01\/Flexibla-l\u00f6sningar-\u00c5liden-2-1200x845.png\" class=\"attachment-large size-large\" alt=\"\" srcset=\"https:\/\/jorntrahus.se\/wp-content\/uploads\/2018\/01\/Flexibla-l\u00f6sningar-\u00c5liden-2.png 1200w, https:\/\/jorntrahus.se\/wp-content\/uploads\/2018\/01\/Flexibla-l\u00f6sningar-\u00c5liden-2-900x634.png 900w, https:\/\/jorntrahus.se\/wp-content\/uploads\/2018\/01\/Flexibla-l\u00f6sningar-\u00c5liden-2-600x423.png 600w, https:\/\/jorntrahus.se\/wp-content\/uploads\/2018\/01\/Flexibla-l\u00f6sningar-\u00c5liden-2-768x541.png 768w\" sizes=\"auto, (max-width: 1020px) 100vw, 1020px\" \/>\t\t\t\t\t\t\n\t\t\t\t\t<\/div>\n\t\t\t\t\t\t\t\t\n<style>\n#image_2015801444 {\n  width: 100%;\n}\n<\/style>\n\t<\/div>\n\t\n\t\t<\/div>\n\t\t\t\t\n<style>\n#col-1963270627 > .col-inner {\n  padding: 0px 0px 0px 40px;\n}\n<\/style>\n\t<\/div>\n\n\t\n\n\t<div id=\"col-263347926\" class=\"col medium-6 small-12 large-6\"  >\n\t\t\t\t<div class=\"col-inner text-left\"  >\n\t\t\t\n\t\t\t\n<a class=\"button primary\" >\n\t\t<span>ALTERNATIV 1<\/span>\n\t<\/a>\n\n<h4 style=\"font-weight: 400;padding-right: 40px\">Her har der v\u00e6ret fokus p\u00e5 et stort f\u00e6llesomr\u00e5de og et rummeligt badev\u00e6relse. Der er dobbeltv\u00e6relser med plads til tre personer.<\/h4>\n\t\t<\/div>\n\t\t\t\t\t<\/div>\n\n\t\n<\/div>\n\t\t<\/div>\n\n\t\t\n<style>\n#section_2031894863 {\n  padding-top: 60px;\n  padding-bottom: 60px;\n  background-color: rgb(241, 241, 241);\n}\n#section_2031894863 .section-bg-overlay {\n  background-color: rgba(255, 255, 255, 0.85);\n}\n<\/style>\n\t<\/section>\n\t\n\n\t<section class=\"section\" id=\"section_994141021\">\n\t\t<div class=\"section-bg fill\" >\n\t\t\t\t\t\t\t\t\t<div class=\"section-bg-overlay absolute fill\"><\/div>\n\t\t\t\n\n\t\t<\/div>\n\n\t\t\n\n\t\t<div class=\"section-content relative\">\n\t\t\t\n<div class=\"row row-large align-middle\"  id=\"row-1344497844\">\n\n\t<div id=\"col-480726243\" class=\"col medium-6 small-12 large-6\"  >\n\t\t\t\t<div class=\"col-inner\"  >\n\t\t\t\n\t\t\t\n\t<div class=\"img has-hover x md-x lg-x y md-y lg-y\" id=\"image_596878387\">\n\t\t\t\t\t\t\t\t<div class=\"img-inner dark\" >\n\t\t\t<img loading=\"lazy\" decoding=\"async\" width=\"1020\" height=\"758\" src=\"https:\/\/jorntrahus.se\/wp-content\/uploads\/2018\/01\/Flexibla-l\u00f6sningar-\u00c5liden-4-1200x892.png\" class=\"attachment-large size-large\" alt=\"\" srcset=\"https:\/\/jorntrahus.se\/wp-content\/uploads\/2018\/01\/Flexibla-l\u00f6sningar-\u00c5liden-4.png 1200w, https:\/\/jorntrahus.se\/wp-content\/uploads\/2018\/01\/Flexibla-l\u00f6sningar-\u00c5liden-4-900x669.png 900w, https:\/\/jorntrahus.se\/wp-content\/uploads\/2018\/01\/Flexibla-l\u00f6sningar-\u00c5liden-4-600x446.png 600w, https:\/\/jorntrahus.se\/wp-content\/uploads\/2018\/01\/Flexibla-l\u00f6sningar-\u00c5liden-4-768x571.png 768w\" sizes=\"auto, (max-width: 1020px) 100vw, 1020px\" \/>\t\t\t\t\t\t\n\t\t\t\t\t<\/div>\n\t\t\t\t\t\t\t\t\n<style>\n#image_596878387 {\n  width: 100%;\n}\n<\/style>\n\t<\/div>\n\t\n\t\t<\/div>\n\t\t\t\t\n<style>\n#col-480726243 > .col-inner {\n  padding: 0px 0px 0px 40px;\n}\n<\/style>\n\t<\/div>\n\n\t\n\n\t<div id=\"col-380576973\" class=\"col medium-6 small-12 large-6\"  >\n\t\t\t\t<div class=\"col-inner text-left\"  >\n\t\t\t\n\t\t\t\n<a class=\"button primary\" >\n\t\t<span>ALTERNATIV 2<\/span>\n\t<\/a>\n\n<h4 style=\"font-weight: 400;padding-right: 40px\">Med kun \u00e9t sovev\u00e6relse er der skabt plads til en rummelig hall og en st\u00f8rre stue. \u00d8nsker om et mere rummeligt teknikrum og plads til en sauna er ogs\u00e5 im\u00f8dekommet.<\/h4>\n\t\t<\/div>\n\t\t\t\t\t<\/div>\n\n\t\n<\/div>\n\t\t<\/div>\n\n\t\t\n<style>\n#section_994141021 {\n  padding-top: 60px;\n  padding-bottom: 60px;\n}\n#section_994141021 .section-bg-overlay {\n  background-color: rgba(255, 255, 255, 0.85);\n}\n<\/style>\n\t<\/section>\n\t\n\n\t<section class=\"section\" id=\"section_683851711\">\n\t\t<div class=\"section-bg fill\" >\n\t\t\t\t\t\t\t\t\t<div class=\"section-bg-overlay absolute fill\"><\/div>\n\t\t\t\n\n\t\t<\/div>\n\n\t\t\n\n\t\t<div class=\"section-content relative\">\n\t\t\t\n<div class=\"row row-large align-middle\"  id=\"row-1803788476\">\n\n\t<div id=\"col-880733968\" class=\"col medium-6 small-12 large-6\"  >\n\t\t\t\t<div class=\"col-inner\"  >\n\t\t\t\n\t\t\t\n\t<div class=\"img has-hover x md-x lg-x y md-y lg-y\" id=\"image_153527203\">\n\t\t\t\t\t\t\t\t<div class=\"img-inner dark\" >\n\t\t\t<img loading=\"lazy\" decoding=\"async\" width=\"1020\" height=\"762\" src=\"https:\/\/jorntrahus.se\/wp-content\/uploads\/2018\/01\/Flexibla-l\u00f6sningar-\u00c5liden-3-1200x897.png\" class=\"attachment-large size-large\" alt=\"\" srcset=\"https:\/\/jorntrahus.se\/wp-content\/uploads\/2018\/01\/Flexibla-l\u00f6sningar-\u00c5liden-3.png 1200w, https:\/\/jorntrahus.se\/wp-content\/uploads\/2018\/01\/Flexibla-l\u00f6sningar-\u00c5liden-3-900x673.png 900w, https:\/\/jorntrahus.se\/wp-content\/uploads\/2018\/01\/Flexibla-l\u00f6sningar-\u00c5liden-3-600x449.png 600w, https:\/\/jorntrahus.se\/wp-content\/uploads\/2018\/01\/Flexibla-l\u00f6sningar-\u00c5liden-3-768x574.png 768w\" sizes=\"auto, (max-width: 1020px) 100vw, 1020px\" \/>\t\t\t\t\t\t\n\t\t\t\t\t<\/div>\n\t\t\t\t\t\t\t\t\n<style>\n#image_153527203 {\n  width: 100%;\n}\n<\/style>\n\t<\/div>\n\t\n\t\t<\/div>\n\t\t\t\t\n<style>\n#col-880733968 > .col-inner {\n  padding: 0px 0px 0px 40px;\n}\n<\/style>\n\t<\/div>\n\n\t\n\n\t<div id=\"col-1745755204\" class=\"col medium-6 small-12 large-6\"  >\n\t\t\t\t<div class=\"col-inner text-left\"  >\n\t\t\t\n\t\t\t\n<a class=\"button primary\" >\n\t\t<span>ALTERNATIV 3<\/span>\n\t<\/a>\n\n<h4 style=\"font-weight: 400;padding-right: 40px\">Sovepladser til fem personer og et dobbelt toilet har dannet grundlag for denne alternative planl\u00f8sning. P\u00e5 trods af det \u00f8gede antal sovev\u00e6relser er der stadig en rummelig stue og spisestue.<\/h4>\n\t\t<\/div>\n\t\t\t\t\t<\/div>\n\n\t\n<\/div>\n\t\t<\/div>\n\n\t\t\n<style>\n#section_683851711 {\n  padding-top: 60px;\n  padding-bottom: 60px;\n  background-color: rgb(241, 241, 241);\n}\n#section_683851711 .section-bg-overlay {\n  background-color: rgba(255, 255, 255, 0.85);\n}\n<\/style>\n\t<\/section>\n\t\n\n\t<section class=\"section\" id=\"section_137346586\">\n\t\t<div class=\"section-bg fill\" >\n\t\t\t\t\t\t\t\t\t<div class=\"section-bg-overlay absolute fill\"><\/div>\n\t\t\t\n\n\t\t<\/div>\n\n\t\t\n\n\t\t<div class=\"section-content relative\">\n\t\t\t\n<div class=\"row row-large align-middle\"  id=\"row-1925370697\">\n\n\t<div id=\"col-1540787488\" class=\"col medium-6 small-12 large-6\"  >\n\t\t\t\t<div class=\"col-inner\"  >\n\t\t\t\n\t\t\t\n\t<div class=\"img has-hover x md-x lg-x y md-y lg-y\" id=\"image_1016857169\">\n\t\t\t\t\t\t\t\t<div class=\"img-inner dark\" >\n\t\t\t<img loading=\"lazy\" decoding=\"async\" width=\"1020\" height=\"747\" src=\"https:\/\/jorntrahus.se\/wp-content\/uploads\/2018\/01\/Flexibla-l\u00f6sningar-\u00c5liden-1-1200x879.png\" class=\"attachment-large size-large\" alt=\"\" srcset=\"https:\/\/jorntrahus.se\/wp-content\/uploads\/2018\/01\/Flexibla-l\u00f6sningar-\u00c5liden-1.png 1200w, https:\/\/jorntrahus.se\/wp-content\/uploads\/2018\/01\/Flexibla-l\u00f6sningar-\u00c5liden-1-900x659.png 900w, https:\/\/jorntrahus.se\/wp-content\/uploads\/2018\/01\/Flexibla-l\u00f6sningar-\u00c5liden-1-600x440.png 600w, https:\/\/jorntrahus.se\/wp-content\/uploads\/2018\/01\/Flexibla-l\u00f6sningar-\u00c5liden-1-768x563.png 768w\" sizes=\"auto, (max-width: 1020px) 100vw, 1020px\" \/>\t\t\t\t\t\t\n\t\t\t\t\t<\/div>\n\t\t\t\t\t\t\t\t\n<style>\n#image_1016857169 {\n  width: 100%;\n}\n<\/style>\n\t<\/div>\n\t\n\t\t<\/div>\n\t\t\t\t\n<style>\n#col-1540787488 > .col-inner {\n  padding: 0px 0px 0px 40px;\n}\n<\/style>\n\t<\/div>\n\n\t\n\n\t<div id=\"col-665967933\" class=\"col medium-6 small-12 large-6\"  >\n\t\t\t\t<div class=\"col-inner text-left\"  >\n\t\t\t\n\t\t\t\n<a class=\"button primary\" >\n\t\t<span>ALTERNATIV 4<\/span>\n\t<\/a>\n\n<h4 style=\"font-weight: 400;padding-right: 40px\">Dette er vores standardplanl\u00f8sning for \u00c5liden-modellen. Med tre sovev\u00e6relser og et eksternt opbevaringsrum giver indretningen v\u00e6rdifuld plads, som altid er v\u00e6rdsat.<\/h4>\n\t\t<\/div>\n\t\t\t\t\t<\/div>\n\n\t\n<\/div>\n\t\t<\/div>\n\n\t\t\n<style>\n#section_137346586 {\n  padding-top: 60px;\n  padding-bottom: 60px;\n}\n#section_137346586 .section-bg-overlay {\n  background-color: rgba(255, 255, 255, 0.85);\n}\n<\/style>\n\t<\/section>\n\t\n\n\t<section class=\"section\" id=\"section_299667637\">\n\t\t<div class=\"section-bg fill\" >\n\t\t\t<img loading=\"lazy\" decoding=\"async\" width=\"2000\" height=\"750\" src=\"https:\/\/jorntrahus.se\/wp-content\/uploads\/2018\/01\/Slide-JTH-ritning-kaffekopp-2000x750.jpg\" class=\"bg attachment- size-\" alt=\"\" \/>\t\t\t\t\t\t\n\t\t\t\n\n\t\t<\/div>\n\n\t\t\n\n\t\t<div class=\"section-content relative\">\n\t\t\t\n\t\t<\/div>\n\n\t\t\n<style>\n#section_299667637 {\n  padding-top: 30px;\n  padding-bottom: 30px;\n  margin-bottom: 0px;\n  min-height: 400px;\n}\n<\/style>\n\t<\/section>","protected":false},"excerpt":{"rendered":"","protected":false},"author":2,"featured_media":0,"parent":0,"menu_order":0,"comment_status":"closed","ping_status":"closed","template":"page-blank.php","meta":{"footnotes":""},"class_list":["post-7173","page","type-page","status-publish","hentry"],"yoast_head":"<!-- This site is optimized with the Yoast SEO plugin v27.2 - https:\/\/yoast.com\/product\/yoast-seo-wordpress\/ -->\n<title>Flexibla l\u00f6sningar - J\u00f6rntr\u00e4hus<\/title>\n<meta name=\"robots\" content=\"index, follow, max-snippet:-1, max-image-preview:large, max-video-preview:-1\" \/>\n<link rel=\"canonical\" href=\"https:\/\/jorntrahus.se\/da\/fleksible-tegninger\/\" \/>\n<meta property=\"og:locale\" content=\"da_DK\" \/>\n<meta property=\"og:type\" content=\"article\" \/>\n<meta property=\"og:title\" content=\"Flexibla l\u00f6sningar - J\u00f6rntr\u00e4hus\" \/>\n<meta property=\"og:url\" content=\"https:\/\/jorntrahus.se\/da\/fleksible-tegninger\/\" \/>\n<meta property=\"og:site_name\" content=\"J\u00f6rntr\u00e4hus\" \/>\n<meta property=\"article:modified_time\" content=\"2021-04-26T14:37:28+00:00\" \/>\n<meta name=\"twitter:card\" content=\"summary_large_image\" \/>\n<meta name=\"twitter:label1\" content=\"Estimeret l\u00e6setid\" \/>\n\t<meta name=\"twitter:data1\" content=\"3 minutter\" \/>\n<script type=\"application\/ld+json\" class=\"yoast-schema-graph\">{\"@context\":\"https:\/\/schema.org\",\"@graph\":[{\"@type\":\"WebPage\",\"@id\":\"https:\/\/jorntrahus.se\/flexibla-losningar\/\",\"url\":\"https:\/\/jorntrahus.se\/flexibla-losningar\/\",\"name\":\"Flexibla l\u00f6sningar - J\u00f6rntr\u00e4hus\",\"isPartOf\":{\"@id\":\"https:\/\/jorntrahus.se\/#website\"},\"datePublished\":\"2018-01-05T10:50:25+00:00\",\"dateModified\":\"2021-04-26T14:37:28+00:00\",\"breadcrumb\":{\"@id\":\"https:\/\/jorntrahus.se\/flexibla-losningar\/#breadcrumb\"},\"inLanguage\":\"da-DK\",\"potentialAction\":[{\"@type\":\"ReadAction\",\"target\":[\"https:\/\/jorntrahus.se\/flexibla-losningar\/\"]}]},{\"@type\":\"BreadcrumbList\",\"@id\":\"https:\/\/jorntrahus.se\/flexibla-losningar\/#breadcrumb\",\"itemListElement\":[{\"@type\":\"ListItem\",\"position\":1,\"name\":\"Hem\",\"item\":\"https:\/\/jorntrahus.se\/\"},{\"@type\":\"ListItem\",\"position\":2,\"name\":\"Flexibla l\u00f6sningar\"}]},{\"@type\":\"WebSite\",\"@id\":\"https:\/\/jorntrahus.se\/#website\",\"url\":\"https:\/\/jorntrahus.se\/\",\"name\":\"J\u00f6rntr\u00e4hus\",\"description\":\"Hus f\u00f6r den medvetne\",\"publisher\":{\"@id\":\"https:\/\/jorntrahus.se\/#organization\"},\"potentialAction\":[{\"@type\":\"SearchAction\",\"target\":{\"@type\":\"EntryPoint\",\"urlTemplate\":\"https:\/\/jorntrahus.se\/?s={search_term_string}\"},\"query-input\":{\"@type\":\"PropertyValueSpecification\",\"valueRequired\":true,\"valueName\":\"search_term_string\"}}],\"inLanguage\":\"da-DK\"},{\"@type\":\"Organization\",\"@id\":\"https:\/\/jorntrahus.se\/#organization\",\"name\":\"J\u00f6rntr\u00e4hus\",\"url\":\"https:\/\/jorntrahus.se\/\",\"logo\":{\"@type\":\"ImageObject\",\"inLanguage\":\"da-DK\",\"@id\":\"https:\/\/jorntrahus.se\/#\/schema\/logo\/image\/\",\"url\":\"https:\/\/jorntrahus.se\/wp-content\/uploads\/2020\/09\/Jorntrahus_Grund_CMYK.eps\",\"contentUrl\":\"https:\/\/jorntrahus.se\/wp-content\/uploads\/2020\/09\/Jorntrahus_Grund_CMYK.eps\",\"width\":1,\"height\":1,\"caption\":\"J\u00f6rntr\u00e4hus\"},\"image\":{\"@id\":\"https:\/\/jorntrahus.se\/#\/schema\/logo\/image\/\"}}]}<\/script>\n<!-- \/ Yoast SEO plugin. -->","yoast_head_json":{"title":"Fleksible l\u00f8sninger - J\u00f6rntr\u00e4hus","robots":{"index":"index","follow":"follow","max-snippet":"max-snippet:-1","max-image-preview":"max-image-preview:large","max-video-preview":"max-video-preview:-1"},"canonical":"https:\/\/jorntrahus.se\/da\/fleksible-tegninger\/","og_locale":"da_DK","og_type":"article","og_title":"Flexibla l\u00f6sningar - J\u00f6rntr\u00e4hus","og_url":"https:\/\/jorntrahus.se\/da\/fleksible-tegninger\/","og_site_name":"J\u00f6rntr\u00e4hus","article_modified_time":"2021-04-26T14:37:28+00:00","twitter_card":"summary_large_image","twitter_misc":{"Estimeret l\u00e6setid":"3 minutter"},"schema":{"@context":"https:\/\/schema.org","@graph":[{"@type":"WebPage","@id":"https:\/\/jorntrahus.se\/flexibla-losningar\/","url":"https:\/\/jorntrahus.se\/flexibla-losningar\/","name":"Fleksible l\u00f8sninger - J\u00f6rntr\u00e4hus","isPartOf":{"@id":"https:\/\/jorntrahus.se\/#website"},"datePublished":"2018-01-05T10:50:25+00:00","dateModified":"2021-04-26T14:37:28+00:00","breadcrumb":{"@id":"https:\/\/jorntrahus.se\/flexibla-losningar\/#breadcrumb"},"inLanguage":"da-DK","potentialAction":[{"@type":"ReadAction","target":["https:\/\/jorntrahus.se\/flexibla-losningar\/"]}]},{"@type":"BreadcrumbList","@id":"https:\/\/jorntrahus.se\/flexibla-losningar\/#breadcrumb","itemListElement":[{"@type":"ListItem","position":1,"name":"Hem","item":"https:\/\/jorntrahus.se\/"},{"@type":"ListItem","position":2,"name":"Flexibla l\u00f6sningar"}]},{"@type":"WebSite","@id":"https:\/\/jorntrahus.se\/#website","url":"https:\/\/jorntrahus.se\/","name":"J\u00f6rntr\u00e4hus","description":"Huse til de bevidste","publisher":{"@id":"https:\/\/jorntrahus.se\/#organization"},"potentialAction":[{"@type":"SearchAction","target":{"@type":"EntryPoint","urlTemplate":"https:\/\/jorntrahus.se\/?s={search_term_string}"},"query-input":{"@type":"PropertyValueSpecification","valueRequired":true,"valueName":"search_term_string"}}],"inLanguage":"da-DK"},{"@type":"Organization","@id":"https:\/\/jorntrahus.se\/#organization","name":"J\u00f6rntr\u00e4hus","url":"https:\/\/jorntrahus.se\/","logo":{"@type":"ImageObject","inLanguage":"da-DK","@id":"https:\/\/jorntrahus.se\/#\/schema\/logo\/image\/","url":"https:\/\/jorntrahus.se\/wp-content\/uploads\/2020\/09\/Jorntrahus_Grund_CMYK.eps","contentUrl":"https:\/\/jorntrahus.se\/wp-content\/uploads\/2020\/09\/Jorntrahus_Grund_CMYK.eps","width":1,"height":1,"caption":"J\u00f6rntr\u00e4hus"},"image":{"@id":"https:\/\/jorntrahus.se\/#\/schema\/logo\/image\/"}}]}},"publishpress_future_action":{"enabled":false,"date":"2026-05-12 17:02:45","action":"change-status","newStatus":"draft","terms":[],"taxonomy":"","extraData":[]},"publishpress_future_workflow_manual_trigger":{"enabledWorkflows":[]},"_links":{"self":[{"href":"https:\/\/jorntrahus.se\/da\/wp-json\/wp\/v2\/pages\/7173","targetHints":{"allow":["GET"]}}],"collection":[{"href":"https:\/\/jorntrahus.se\/da\/wp-json\/wp\/v2\/pages"}],"about":[{"href":"https:\/\/jorntrahus.se\/da\/wp-json\/wp\/v2\/types\/page"}],"author":[{"embeddable":true,"href":"https:\/\/jorntrahus.se\/da\/wp-json\/wp\/v2\/users\/2"}],"replies":[{"embeddable":true,"href":"https:\/\/jorntrahus.se\/da\/wp-json\/wp\/v2\/comments?post=7173"}],"version-history":[{"count":12,"href":"https:\/\/jorntrahus.se\/da\/wp-json\/wp\/v2\/pages\/7173\/revisions"}],"predecessor-version":[{"id":12798,"href":"https:\/\/jorntrahus.se\/da\/wp-json\/wp\/v2\/pages\/7173\/revisions\/12798"}],"wp:attachment":[{"href":"https:\/\/jorntrahus.se\/da\/wp-json\/wp\/v2\/media?parent=7173"}],"curies":[{"name":"wp","href":"https:\/\/api.w.org\/{rel}","templated":true}]}}