{"id":9060,"date":"2018-06-13T14:17:29","date_gmt":"2018-06-13T12:17:29","guid":{"rendered":"https:\/\/jorntrahus.se\/?page_id=9060"},"modified":"2020-12-17T21:44:39","modified_gmt":"2020-12-17T20:44:39","slug":"privatlivspolitik","status":"publish","type":"page","link":"https:\/\/jorntrahus.se\/da\/om-oss\/integritetspolicy\/","title":{"rendered":"J\u00f6rntr\u00e4hus' privatlivspolitik"},"content":{"rendered":"<div class=\"Section Section--margin u-borderBottom u-marginBxlg u-paddingBxlg\">\n<div class=\"Main-container Main-container--small u-textCenter\">\n<h1>S\u00e5dan h\u00e5ndterer J\u00f6rntr\u00e4hus dine personlige data<\/h1>\n<h3>Din tillid til os er af stor betydning - b\u00e5de n\u00e5r det g\u00e6lder levering af huse, men ogs\u00e5 n\u00e5r det g\u00e6lder vores h\u00e5ndtering af dine personlige data. Vi tager derfor ansvar for at beskytte vores kunders og potentielle kunders privatliv og for at behandle persondata p\u00e5 en lovlig og sikker m\u00e5de.<\/h3>\n<p><strong>Ved at bestille produkter eller tjenester - f.eks. huskatalog, husmodel osv. - bliver du kunde hos J\u00f6rntr\u00e4hus i J\u00f6rn AB (reg. nr. 556947-6525) - i det f\u00f8lgende ben\u00e6vnt J\u00f6rntr\u00e4hus.<\/strong><\/p>\n<p>Kunderegistret indeholder de kontaktoplysninger, du har angivet, og oplysninger om din ordre, dit tilbud eller din kontaktanmodning. Personoplysningerne bruges til at levere det bestilte huskatalog, til at kontakte dig eller til at opfylde forpligtelser i aftaler med dig som kunde. Desuden behandler vi dine personoplysninger til administration af leverancer\/ydelser, markedsf\u00f8ring af J\u00f6rntr\u00e4hus's produkter og ydelser, information samt til visse former for statistik, evaluering og kvalitetssikring. Vi kan ogs\u00e5 have brug for at videregive dine personoplysninger til vores s\u00e6lgere og partnere for at kunne levere det bedst mulige produkt og den bedst mulige service.<\/p>\n<p>For at J\u00f6rntr\u00e4hus kan opfylde sine kontraktlige forpligtelser, er det n\u00f8dvendigt, at du giver os de \u00f8nskede oplysninger. Det er ogs\u00e5 n\u00f8dvendigt for os at behandle nogle af dine personoplysninger til statistiske, evaluerings- og kvalitetssikringsform\u00e5l, hvilket er en legitim interesse for J\u00f6rntr\u00e4hus.<\/p>\n<p>J\u00f6rntr\u00e4hus vil gerne bruge e-mail og telefon i vores kommunikation med dig som kunde eller potentiel kunde. Via huskatalogets bestillingsformular og kontaktformularen p\u00e5 hjemmesiden indsamler vi de data, vi har brug for, for at kunne hj\u00e6lpe dig bedst muligt. Ved at afkrydse samtykkefeltet og indsende formularerne accepterer du, at dine personlige data bruges til at lette kommunikationen med dig. Hvis du ikke \u00f8nsker, at dine data skal bruges til markedsf\u00f8ring, profilering til markedsf\u00f8ringsform\u00e5l eller kommunikeres til vores partnere, bedes du kontakte os p\u00e5 <a href=\"mailto:info@jorntrahus.se\" target=\"_blank\" rel=\"noopener\">info@jorntrahus.se<\/a>.<\/p>\n<p>Dine data kan blive behandlet af en s\u00e5kaldt databehandler, som bist\u00e5r i vores kommunikation med dig. Denne databehandler vil kun behandle dataene i overensstemmelse med de form\u00e5l, som dine personlige data blev indsamlet til. Dette omfatter vores leverand\u00f8rer, IT-konsulenter, entrepren\u00f8rer og underleverand\u00f8rer, der har brug for dine data til de form\u00e5l, der er anf\u00f8rt her.<\/p>\n<p>Vi s\u00e6lger eller p\u00e5 anden m\u00e5de overf\u00f8rer ikke dine personlige oplysninger til tredjeparter. Undtagelser er betroede tredjeparter, der hj\u00e6lper os med at administrere webstedet, drive vores forretning, levere de varer, du bestiller, eller yde service(r), og disse parter accepterer at holde oplysningerne fortrolige og ikke bruge dem til andre form\u00e5l, der ikke er aftalt. Vi kan ogs\u00e5 dele dine personlige oplysninger, hvor vi anser det for n\u00f8dvendigt for at overholde lovkrav.<\/p>\n<p>Vi indg\u00e5r kontrakter med tredjepartsudbydere for at hj\u00e6lpe os med bedre at forst\u00e5 vores bes\u00f8gende p\u00e5 hjemmesiden. Disse tjenesteudbydere m\u00e5 ikke bruge de oplysninger, de indsamler for os p\u00e5 vores vegne, til andre form\u00e5l end at hj\u00e6lpe os med at drive og forbedre vores virksomhed.<\/p>\n<p>J\u00f6rntr\u00e4hus opbevarer de n\u00f8dvendige data, s\u00e5 l\u00e6nge vi har en forpligtelse over for dig i henhold til den indg\u00e5ede aftale, og derudover i den tid, der kr\u00e6ves i henhold til lovgivningen - f.eks. bogf\u00f8ringsloven. Vi behandler dine personoplysninger til alle andre form\u00e5l, der er angivet heri, indtil du tr\u00e6kker dit samtykke tilbage eller meddeler os, at du ikke l\u00e6ngere \u00f8nsker at blive behandlet, men ikke l\u00e6ngere end fem \u00e5r efter, at dine data blev registreret f\u00f8rste gang.<\/p>\n<p>Behandlingen af dine personlige data i J\u00f6rntr\u00e4hus-kunderegisteret er baseret p\u00e5 ordrekontrakten, juridiske forpligtelser og\/eller legitim interesse. I tilf\u00e6lde af legitim interesse bruger vi f.eks. dine data til at tilpasse vores kommunikation til dig baseret p\u00e5 dine k\u00f8b.<\/p>\n<p>Den dataansvarlige for behandlingen af personoplysninger er J\u00f6rntr\u00e4hus. Du har ret til at modtage gratis information om, hvilke personoplysninger der findes om dig i J\u00f6rntr\u00e4hus's drift. Du har ogs\u00e5 ret til at anmode om berigtigelse, hvis du mener, at oplysninger om dig er forkerte eller vildledende, eller sletning eller begr\u00e6nsning af behandling - hvis foruds\u00e6tningen herfor findes i lovgivningen.<\/p>\n<p>Send en e-mail til <a href=\"mailto:info@jorntrahus.se\" target=\"_blank\" rel=\"noopener\">info@jorntrahus.se<\/a> og du vil f\u00e5 den hj\u00e6lp, du har brug for.<\/p>\n<p><em>Du har ret til at indgive en klage over vores behandling af dine personoplysninger til Datatilsynet, som er tilsynsmyndighed. Bes\u00f8g vores hjemmeside <a href=\"http:\/\/datainspektionen.se\" target=\"_blank\" rel=\"noopener\">datainspektionen.se<\/a> for mere information.<\/em><\/p>\n<h2 class=\"u-textFamilySecondary\">Om cookies<\/h2>\n<p class=\"Preamble u-marginBz\">Cookies er sm\u00e5 tekstlinjer, der l\u00e6ses ind i din computers hukommelse eller gemmes som filer p\u00e5 din computer for at forbedre din brug og oplevelse af hjemmesiden. Svensk lov kr\u00e6ver, at vi giver oplysninger om de anvendte cookies og deres form\u00e5l.<\/p>\n<\/div>\n<\/div>\n<div class=\"Section Section--margin\">\n<div class=\"Main-container Main-container--small Editorial\">\n<h3>Forskellige typer af cookies<\/h3>\n<p><strong>Vedvarende cookies<\/strong><br \/>\nPermanente cookies gemmes som sm\u00e5 tekstfiler p\u00e5 computeren og slettes derefter p\u00e5 en forudbestemt dato. De bruges f.eks. til at gemme indstillinger, som brugeren foretager mellem bes\u00f8g p\u00e5 hjemmesiden.<\/p>\n<p><strong>Session-cookies<\/strong><br \/>\nSessionscookies gemmes i browserens hukommelse og slettes, n\u00e5r browseren lukkes. De kan f.eks. bruges til at opretholde et login, n\u00e5r brugeren bev\u00e6ger sig fra en side til en anden.<\/p>\n<p><strong>Cookies til statistik<\/strong><br \/>\nDer findes ogs\u00e5 cookies, som indsamler statistik p\u00e5 Jorntrahus.se. Dette er for at kunne m\u00e5le antallet af bes\u00f8gende. Den indsamlede statistik er ikke relateret til personlige oplysninger.<\/p>\n<h2>Cookies p\u00e5 Jorntrahus.se<\/h2>\n<ul>\n<li>Forskellige typer sessionscookies bruges til at styre, hvilke oplysninger der vises p\u00e5 de forskellige sider - f.eks. n\u00e5r du bruger kontaktformularer, filtreringsfunktioner osv.<\/li>\n<li>Vi bruger ogs\u00e5 cookies til at f\u00f8re statistik over, hvilke sider der er popul\u00e6re, og kan foresl\u00e5 indhold til den bes\u00f8gende.<\/li>\n<\/ul>\n<p>Hvis du ikke \u00f8nsker, at din computer skal modtage og gemme cookies, kan du justere sikkerhedsindstillingerne i din browser. Nogle dele af Jorntrahus.se kan kun udnyttes fuldt ud, hvis din browser tillader cookies.<\/p>\n<p>Jorntrahus.se bruger ikke cookies til at analysere, hvordan du som person l\u00e6ser og klikker rundt p\u00e5 hjemmesiden. Heller ikke p\u00e5 nogen anden m\u00e5de til at analysere internetadf\u00e6rd p\u00e5 individniveau.<\/p>\n<p>Links og henvisninger p\u00e5 Jorntrahus.se kan f\u00f8re til andre hjemmesider, der ogs\u00e5 bruger cookies, men disse rapporteres ikke her.<\/p>\n<p>L\u00e6s mere om cookies p\u00e5 <a title=\"Post- og telestyrelsen\" href=\"http:\/\/www.pts.se\/sv\/bransch\/regler\/lagar\/lag-om-elektronisk-kommunikation\/kakor-cookies\/\" target=\"_blank\" rel=\"noopener\">Post- og telestyrelsens hjemmeside<\/a><\/p>\n<\/div>\n<\/div>","protected":false},"excerpt":{"rendered":"<p>Hur J\u00f6rntr\u00e4hus hanterar dina personuppgifter Ditt f\u00f6rtroende f\u00f6r oss \u00e4r av stor vikt \u2013 b\u00e5de vid leverans av hus men ocks\u00e5 hur vi hanterar dina personuppgifter. Vi tar d\u00e4rf\u00f6r ansvar f\u00f6r att skydda v\u00e5ra kunders och potentiella kunders integritet och behandla personuppgifter p\u00e5 ett lagligt och s\u00e4kert s\u00e4tt. Genom din best\u00e4llning av produkter eller tj\u00e4nst [&#8230;]\n","protected":false},"author":2,"featured_media":0,"parent":7,"menu_order":0,"comment_status":"closed","ping_status":"closed","template":"","meta":{"footnotes":""},"class_list":["post-9060","page","type-page","status-publish","hentry"],"yoast_head":"<!-- This site is optimized with the Yoast SEO plugin v27.2 - https:\/\/yoast.com\/product\/yoast-seo-wordpress\/ -->\n<title>J\u00f6rntr\u00e4hus integritetspolicy - J\u00f6rntr\u00e4hus<\/title>\n<meta name=\"robots\" content=\"index, follow, max-snippet:-1, max-image-preview:large, max-video-preview:-1\" \/>\n<link rel=\"canonical\" href=\"https:\/\/jorntrahus.se\/da\/om-os\/privatlivspolitik\/\" \/>\n<meta property=\"og:locale\" content=\"da_DK\" \/>\n<meta property=\"og:type\" content=\"article\" \/>\n<meta property=\"og:title\" content=\"J\u00f6rntr\u00e4hus integritetspolicy - J\u00f6rntr\u00e4hus\" \/>\n<meta property=\"og:description\" content=\"Hur J\u00f6rntr\u00e4hus hanterar dina personuppgifter Ditt f\u00f6rtroende f\u00f6r oss \u00e4r av stor vikt \u2013 b\u00e5de vid leverans av hus men ocks\u00e5 hur vi hanterar dina personuppgifter. Vi tar d\u00e4rf\u00f6r ansvar f\u00f6r att skydda v\u00e5ra kunders och potentiella kunders integritet och behandla personuppgifter p\u00e5 ett lagligt och s\u00e4kert s\u00e4tt. Genom din best\u00e4llning av produkter eller tj\u00e4nst [...]\" \/>\n<meta property=\"og:url\" content=\"https:\/\/jorntrahus.se\/da\/om-os\/privatlivspolitik\/\" \/>\n<meta property=\"og:site_name\" content=\"J\u00f6rntr\u00e4hus\" \/>\n<meta property=\"article:modified_time\" content=\"2020-12-17T20:44:39+00:00\" \/>\n<meta name=\"twitter:card\" content=\"summary_large_image\" \/>\n<meta name=\"twitter:label1\" content=\"Estimeret l\u00e6setid\" \/>\n\t<meta name=\"twitter:data1\" content=\"6 minutter\" \/>\n<script type=\"application\/ld+json\" class=\"yoast-schema-graph\">{\"@context\":\"https:\/\/schema.org\",\"@graph\":[{\"@type\":\"WebPage\",\"@id\":\"https:\/\/jorntrahus.se\/om-oss\/integritetspolicy\/\",\"url\":\"https:\/\/jorntrahus.se\/om-oss\/integritetspolicy\/\",\"name\":\"J\u00f6rntr\u00e4hus integritetspolicy - J\u00f6rntr\u00e4hus\",\"isPartOf\":{\"@id\":\"https:\/\/jorntrahus.se\/#website\"},\"datePublished\":\"2018-06-13T12:17:29+00:00\",\"dateModified\":\"2020-12-17T20:44:39+00:00\",\"breadcrumb\":{\"@id\":\"https:\/\/jorntrahus.se\/om-oss\/integritetspolicy\/#breadcrumb\"},\"inLanguage\":\"da-DK\",\"potentialAction\":[{\"@type\":\"ReadAction\",\"target\":[\"https:\/\/jorntrahus.se\/om-oss\/integritetspolicy\/\"]}]},{\"@type\":\"BreadcrumbList\",\"@id\":\"https:\/\/jorntrahus.se\/om-oss\/integritetspolicy\/#breadcrumb\",\"itemListElement\":[{\"@type\":\"ListItem\",\"position\":1,\"name\":\"Hem\",\"item\":\"https:\/\/jorntrahus.se\/\"},{\"@type\":\"ListItem\",\"position\":2,\"name\":\"Om oss\",\"item\":\"https:\/\/jorntrahus.se\/om-oss\/\"},{\"@type\":\"ListItem\",\"position\":3,\"name\":\"J\u00f6rntr\u00e4hus integritetspolicy\"}]},{\"@type\":\"WebSite\",\"@id\":\"https:\/\/jorntrahus.se\/#website\",\"url\":\"https:\/\/jorntrahus.se\/\",\"name\":\"J\u00f6rntr\u00e4hus\",\"description\":\"Hus f\u00f6r den medvetne\",\"publisher\":{\"@id\":\"https:\/\/jorntrahus.se\/#organization\"},\"potentialAction\":[{\"@type\":\"SearchAction\",\"target\":{\"@type\":\"EntryPoint\",\"urlTemplate\":\"https:\/\/jorntrahus.se\/?s={search_term_string}\"},\"query-input\":{\"@type\":\"PropertyValueSpecification\",\"valueRequired\":true,\"valueName\":\"search_term_string\"}}],\"inLanguage\":\"da-DK\"},{\"@type\":\"Organization\",\"@id\":\"https:\/\/jorntrahus.se\/#organization\",\"name\":\"J\u00f6rntr\u00e4hus\",\"url\":\"https:\/\/jorntrahus.se\/\",\"logo\":{\"@type\":\"ImageObject\",\"inLanguage\":\"da-DK\",\"@id\":\"https:\/\/jorntrahus.se\/#\/schema\/logo\/image\/\",\"url\":\"https:\/\/jorntrahus.se\/wp-content\/uploads\/2020\/09\/Jorntrahus_Grund_CMYK.eps\",\"contentUrl\":\"https:\/\/jorntrahus.se\/wp-content\/uploads\/2020\/09\/Jorntrahus_Grund_CMYK.eps\",\"width\":1,\"height\":1,\"caption\":\"J\u00f6rntr\u00e4hus\"},\"image\":{\"@id\":\"https:\/\/jorntrahus.se\/#\/schema\/logo\/image\/\"}}]}<\/script>\n<!-- \/ Yoast SEO plugin. -->","yoast_head_json":{"title":"J\u00f6rntr\u00e4hus's politik for beskyttelse af personlige oplysninger - J\u00f6rntr\u00e4hus","robots":{"index":"index","follow":"follow","max-snippet":"max-snippet:-1","max-image-preview":"max-image-preview:large","max-video-preview":"max-video-preview:-1"},"canonical":"https:\/\/jorntrahus.se\/da\/om-os\/privatlivspolitik\/","og_locale":"da_DK","og_type":"article","og_title":"J\u00f6rntr\u00e4hus integritetspolicy - J\u00f6rntr\u00e4hus","og_description":"Hur J\u00f6rntr\u00e4hus hanterar dina personuppgifter Ditt f\u00f6rtroende f\u00f6r oss \u00e4r av stor vikt \u2013 b\u00e5de vid leverans av hus men ocks\u00e5 hur vi hanterar dina personuppgifter. Vi tar d\u00e4rf\u00f6r ansvar f\u00f6r att skydda v\u00e5ra kunders och potentiella kunders integritet och behandla personuppgifter p\u00e5 ett lagligt och s\u00e4kert s\u00e4tt. Genom din best\u00e4llning av produkter eller tj\u00e4nst [...]","og_url":"https:\/\/jorntrahus.se\/da\/om-os\/privatlivspolitik\/","og_site_name":"J\u00f6rntr\u00e4hus","article_modified_time":"2020-12-17T20:44:39+00:00","twitter_card":"summary_large_image","twitter_misc":{"Estimeret l\u00e6setid":"6 minutter"},"schema":{"@context":"https:\/\/schema.org","@graph":[{"@type":"WebPage","@id":"https:\/\/jorntrahus.se\/om-oss\/integritetspolicy\/","url":"https:\/\/jorntrahus.se\/om-oss\/integritetspolicy\/","name":"J\u00f6rntr\u00e4hus's politik for beskyttelse af personlige oplysninger - J\u00f6rntr\u00e4hus","isPartOf":{"@id":"https:\/\/jorntrahus.se\/#website"},"datePublished":"2018-06-13T12:17:29+00:00","dateModified":"2020-12-17T20:44:39+00:00","breadcrumb":{"@id":"https:\/\/jorntrahus.se\/om-oss\/integritetspolicy\/#breadcrumb"},"inLanguage":"da-DK","potentialAction":[{"@type":"ReadAction","target":["https:\/\/jorntrahus.se\/om-oss\/integritetspolicy\/"]}]},{"@type":"BreadcrumbList","@id":"https:\/\/jorntrahus.se\/om-oss\/integritetspolicy\/#breadcrumb","itemListElement":[{"@type":"ListItem","position":1,"name":"Hem","item":"https:\/\/jorntrahus.se\/"},{"@type":"ListItem","position":2,"name":"Om oss","item":"https:\/\/jorntrahus.se\/om-oss\/"},{"@type":"ListItem","position":3,"name":"J\u00f6rntr\u00e4hus integritetspolicy"}]},{"@type":"WebSite","@id":"https:\/\/jorntrahus.se\/#website","url":"https:\/\/jorntrahus.se\/","name":"J\u00f6rntr\u00e4hus","description":"Huse til de bevidste","publisher":{"@id":"https:\/\/jorntrahus.se\/#organization"},"potentialAction":[{"@type":"SearchAction","target":{"@type":"EntryPoint","urlTemplate":"https:\/\/jorntrahus.se\/?s={search_term_string}"},"query-input":{"@type":"PropertyValueSpecification","valueRequired":true,"valueName":"search_term_string"}}],"inLanguage":"da-DK"},{"@type":"Organization","@id":"https:\/\/jorntrahus.se\/#organization","name":"J\u00f6rntr\u00e4hus","url":"https:\/\/jorntrahus.se\/","logo":{"@type":"ImageObject","inLanguage":"da-DK","@id":"https:\/\/jorntrahus.se\/#\/schema\/logo\/image\/","url":"https:\/\/jorntrahus.se\/wp-content\/uploads\/2020\/09\/Jorntrahus_Grund_CMYK.eps","contentUrl":"https:\/\/jorntrahus.se\/wp-content\/uploads\/2020\/09\/Jorntrahus_Grund_CMYK.eps","width":1,"height":1,"caption":"J\u00f6rntr\u00e4hus"},"image":{"@id":"https:\/\/jorntrahus.se\/#\/schema\/logo\/image\/"}}]}},"publishpress_future_action":{"enabled":false,"date":"2026-05-08 14:07:15","action":"change-status","newStatus":"draft","terms":[],"taxonomy":"","extraData":[]},"publishpress_future_workflow_manual_trigger":{"enabledWorkflows":[]},"_links":{"self":[{"href":"https:\/\/jorntrahus.se\/da\/wp-json\/wp\/v2\/pages\/9060","targetHints":{"allow":["GET"]}}],"collection":[{"href":"https:\/\/jorntrahus.se\/da\/wp-json\/wp\/v2\/pages"}],"about":[{"href":"https:\/\/jorntrahus.se\/da\/wp-json\/wp\/v2\/types\/page"}],"author":[{"embeddable":true,"href":"https:\/\/jorntrahus.se\/da\/wp-json\/wp\/v2\/users\/2"}],"replies":[{"embeddable":true,"href":"https:\/\/jorntrahus.se\/da\/wp-json\/wp\/v2\/comments?post=9060"}],"version-history":[{"count":6,"href":"https:\/\/jorntrahus.se\/da\/wp-json\/wp\/v2\/pages\/9060\/revisions"}],"predecessor-version":[{"id":9246,"href":"https:\/\/jorntrahus.se\/da\/wp-json\/wp\/v2\/pages\/9060\/revisions\/9246"}],"up":[{"embeddable":true,"href":"https:\/\/jorntrahus.se\/da\/wp-json\/wp\/v2\/pages\/7"}],"wp:attachment":[{"href":"https:\/\/jorntrahus.se\/da\/wp-json\/wp\/v2\/media?parent=9060"}],"curies":[{"name":"wp","href":"https:\/\/api.w.org\/{rel}","templated":true}]}}