{"id":12450,"date":"2021-01-14T14:29:10","date_gmt":"2021-01-14T13:29:10","guid":{"rendered":"https:\/\/jorntrahus.se\/?post_type=product&#038;p=12450"},"modified":"2023-02-16T12:04:33","modified_gmt":"2023-02-16T11:04:33","slug":"lizard-valley-99-loft","status":"publish","type":"product","link":"https:\/\/jorntrahus.se\/da\/husmodell\/kagedalen-99-loft\/","title":{"rendered":"K\u00e5gedalen 99 loft"},"content":{"rendered":"","protected":false},"excerpt":{"rendered":"<h3>Ladens design ligger os meget p\u00e5 sinde, da de fleste af os kan relatere til bygningstypen p\u00e5 en eller anden m\u00e5de.<\/h3>\n<p>Med et minimalistisk ydre, der er moderne og alligevel traditionelt, passer modellen godt ind i ethvert milj\u00f8. Tagryggen forbinder loftets stue med k\u00f8kkenet og alrummet i underetagen og skaber en fantastisk rumfornemmelse, der giver en \u00e5ben og funktionel planl\u00f8sning med hele tre sovev\u00e6relser.<\/p>\n<p>Med sit gener\u00f8se lys er K\u00e5gedalen velegnet til dem, der s\u00e6tter pris p\u00e5 lys og f\u00f8lelsen af n\u00e6rhed til deres ydre milj\u00f8.<\/p>\n\t<div class=\"img has-hover x md-x lg-x y md-y lg-y\" id=\"image_1737279702\">\n\t\t<a class=\"image-lightbox lightbox-gallery\" title=\"\" href=\"https:\/\/jorntrahus.se\/wp-content\/uploads\/2021\/01\/Kagedalen-99-loft-Fritidshus-Ladhus-Byggsats-Hus-fran-Jorntrahus-Interior-1-1200x675.jpg\">\t\t\t\t\t\t<div class=\"img-inner dark\" >\n\t\t\t<img width=\"1020\" height=\"574\" src=\"https:\/\/jorntrahus.se\/wp-content\/uploads\/2021\/01\/Kagedalen-99-loft-Fritidshus-Ladhus-Byggsats-Hus-fran-Jorntrahus-Interior-1-1200x675.jpg\" class=\"attachment-large size-large\" alt=\"Kagedalen 99 loft Feriebolig Ladhus Bygges\u00e6t Hus fra Jorntrahus Interi\u00f8r 1\" decoding=\"async\" loading=\"lazy\" srcset=\"https:\/\/jorntrahus.se\/wp-content\/uploads\/2021\/01\/Kagedalen-99-loft-Fritidshus-Ladhus-Byggsats-Hus-fran-Jorntrahus-Interior-1-1200x675.jpg 1200w, https:\/\/jorntrahus.se\/wp-content\/uploads\/2021\/01\/Kagedalen-99-loft-Fritidshus-Ladhus-Byggsats-Hus-fran-Jorntrahus-Interior-1-scaled-900x506.jpg 900w, https:\/\/jorntrahus.se\/wp-content\/uploads\/2021\/01\/Kagedalen-99-loft-Fritidshus-Ladhus-Byggsats-Hus-fran-Jorntrahus-Interior-1-600x338.jpg 600w, https:\/\/jorntrahus.se\/wp-content\/uploads\/2021\/01\/Kagedalen-99-loft-Fritidshus-Ladhus-Byggsats-Hus-fran-Jorntrahus-Interior-1-768x432.jpg 768w, https:\/\/jorntrahus.se\/wp-content\/uploads\/2021\/01\/Kagedalen-99-loft-Fritidshus-Ladhus-Byggsats-Hus-fran-Jorntrahus-Interior-1-1536x864.jpg 1536w, https:\/\/jorntrahus.se\/wp-content\/uploads\/2021\/01\/Kagedalen-99-loft-Fritidshus-Ladhus-Byggsats-Hus-fran-Jorntrahus-Interior-1-2048x1152.jpg 2048w\" sizes=\"auto, (max-width: 1020px) 100vw, 1020px\" \/>\t\t\t\t\t\t\n\t\t\t\t\t<\/div>\n\t\t\t\t\t\t<\/a>\t\t\n<style>\n#image_1737279702 {\n  width: 100%;\n}\n<\/style>\n\t<\/div>\n\t\n\t<div class=\"img has-hover x md-x lg-x y md-y lg-y\" id=\"image_96011259\">\n\t\t<a class=\"image-lightbox lightbox-gallery\" title=\"\" href=\"https:\/\/jorntrahus.se\/wp-content\/uploads\/2021\/01\/Kagedalen-99-loft-Fritidshus-Ladhus-Byggsats-Hus-fran-Jorntrahus-Interior-2-1200x675.jpg\">\t\t\t\t\t\t<div class=\"img-inner dark\" >\n\t\t\t<img width=\"1020\" height=\"574\" src=\"https:\/\/jorntrahus.se\/wp-content\/uploads\/2021\/01\/Kagedalen-99-loft-Fritidshus-Ladhus-Byggsats-Hus-fran-Jorntrahus-Interior-2-1200x675.jpg\" class=\"attachment-large size-large\" alt=\"Kagedalen 99 loft Feriebolig Ladhus Bygges\u00e6t Hus fra Jorntrahus Interi\u00f8r 2\" decoding=\"async\" loading=\"lazy\" srcset=\"https:\/\/jorntrahus.se\/wp-content\/uploads\/2021\/01\/Kagedalen-99-loft-Fritidshus-Ladhus-Byggsats-Hus-fran-Jorntrahus-Interior-2-1200x675.jpg 1200w, https:\/\/jorntrahus.se\/wp-content\/uploads\/2021\/01\/Kagedalen-99-loft-Fritidshus-Ladhus-Byggsats-Hus-fran-Jorntrahus-Interior-2-scaled-900x506.jpg 900w, https:\/\/jorntrahus.se\/wp-content\/uploads\/2021\/01\/Kagedalen-99-loft-Fritidshus-Ladhus-Byggsats-Hus-fran-Jorntrahus-Interior-2-600x338.jpg 600w, https:\/\/jorntrahus.se\/wp-content\/uploads\/2021\/01\/Kagedalen-99-loft-Fritidshus-Ladhus-Byggsats-Hus-fran-Jorntrahus-Interior-2-768x432.jpg 768w, https:\/\/jorntrahus.se\/wp-content\/uploads\/2021\/01\/Kagedalen-99-loft-Fritidshus-Ladhus-Byggsats-Hus-fran-Jorntrahus-Interior-2-1536x864.jpg 1536w, https:\/\/jorntrahus.se\/wp-content\/uploads\/2021\/01\/Kagedalen-99-loft-Fritidshus-Ladhus-Byggsats-Hus-fran-Jorntrahus-Interior-2-2048x1152.jpg 2048w\" sizes=\"auto, (max-width: 1020px) 100vw, 1020px\" \/>\t\t\t\t\t\t\n\t\t\t\t\t<\/div>\n\t\t\t\t\t\t<\/a>\t\t\n<style>\n#image_96011259 {\n  width: 100%;\n}\n<\/style>\n\t<\/div>","protected":false},"featured_media":13204,"template":"","meta":[],"product_brand":[],"product_cat":[1257],"product_tag":[568,1259],"class_list":{"0":"post-12450","1":"product","2":"type-product","3":"status-publish","4":"has-post-thumbnail","6":"product_cat-kagedalen","7":"product_tag-1-plan-loft","8":"product_tag-ladhus","9":"husstil-ladhus","10":"hustyp-fritidshus","12":"first","13":"instock","14":"shipping-taxable","15":"product-type-simple"},"yoast_head":"<!-- This site is optimized with the Yoast SEO plugin v27.5 - https:\/\/yoast.com\/product\/yoast-seo-wordpress\/ -->\n<title>K\u00e5gedalen 99 med loft | J\u00f6rntr\u00e4hus<\/title>\n<meta name=\"description\" content=\"Med sina gener\u00f6sa ljusinsl\u00e4pp passar K\u00e5gedalen den som v\u00e4rdes\u00e4tter ljus och k\u00e4nslan av n\u00e4rhet till sin yttermilj\u00f6.\" \/>\n<meta name=\"robots\" content=\"index, follow, max-snippet:-1, max-image-preview:large, max-video-preview:-1\" \/>\n<link rel=\"canonical\" href=\"https:\/\/jorntrahus.se\/da\/husmodel\/lizard-valley-99-loft\/\" \/>\n<meta property=\"og:locale\" content=\"da_DK\" \/>\n<meta property=\"og:type\" content=\"article\" \/>\n<meta property=\"og:title\" content=\"K\u00e5gedalen 99 med loft | J\u00f6rntr\u00e4hus\" \/>\n<meta property=\"og:description\" content=\"Med sina gener\u00f6sa ljusinsl\u00e4pp passar K\u00e5gedalen den som v\u00e4rdes\u00e4tter ljus och k\u00e4nslan av n\u00e4rhet till sin yttermilj\u00f6.\" \/>\n<meta property=\"og:url\" content=\"https:\/\/jorntrahus.se\/da\/husmodel\/lizard-valley-99-loft\/\" \/>\n<meta property=\"og:site_name\" content=\"J\u00f6rntr\u00e4hus\" \/>\n<meta property=\"article:modified_time\" content=\"2023-02-16T11:04:33+00:00\" \/>\n<meta property=\"og:image\" content=\"https:\/\/jorntrahus.se\/wp-content\/uploads\/2021\/01\/FB_LI.jpg\" \/>\n\t<meta property=\"og:image:width\" content=\"2048\" \/>\n\t<meta property=\"og:image:height\" content=\"1090\" \/>\n\t<meta property=\"og:image:type\" content=\"image\/jpeg\" \/>\n<meta name=\"twitter:card\" content=\"summary_large_image\" \/>\n<script type=\"application\/ld+json\" class=\"yoast-schema-graph\">{\"@context\":\"https:\\\/\\\/schema.org\",\"@graph\":[{\"@type\":\"WebPage\",\"@id\":\"https:\\\/\\\/jorntrahus.se\\\/husmodell\\\/kagedalen-99-loft\\\/\",\"url\":\"https:\\\/\\\/jorntrahus.se\\\/husmodell\\\/kagedalen-99-loft\\\/\",\"name\":\"K\u00e5gedalen 99 med loft | J\u00f6rntr\u00e4hus\",\"isPartOf\":{\"@id\":\"https:\\\/\\\/jorntrahus.se\\\/#website\"},\"primaryImageOfPage\":{\"@id\":\"https:\\\/\\\/jorntrahus.se\\\/husmodell\\\/kagedalen-99-loft\\\/#primaryimage\"},\"image\":{\"@id\":\"https:\\\/\\\/jorntrahus.se\\\/husmodell\\\/kagedalen-99-loft\\\/#primaryimage\"},\"thumbnailUrl\":\"https:\\\/\\\/jorntrahus.se\\\/wp-content\\\/uploads\\\/2021\\\/01\\\/Kagedalen-99-loft-Fritidshus-Vinter-Ladhus-Byggsats-Hus-fran-Jorntrahus-scaled-1.jpg\",\"datePublished\":\"2021-01-14T13:29:10+00:00\",\"dateModified\":\"2023-02-16T11:04:33+00:00\",\"description\":\"Med sina gener\u00f6sa ljusinsl\u00e4pp passar K\u00e5gedalen den som v\u00e4rdes\u00e4tter ljus och k\u00e4nslan av n\u00e4rhet till sin yttermilj\u00f6.\",\"breadcrumb\":{\"@id\":\"https:\\\/\\\/jorntrahus.se\\\/husmodell\\\/kagedalen-99-loft\\\/#breadcrumb\"},\"inLanguage\":\"da-DK\",\"potentialAction\":[{\"@type\":\"ReadAction\",\"target\":[\"https:\\\/\\\/jorntrahus.se\\\/husmodell\\\/kagedalen-99-loft\\\/\"]}]},{\"@type\":\"ImageObject\",\"inLanguage\":\"da-DK\",\"@id\":\"https:\\\/\\\/jorntrahus.se\\\/husmodell\\\/kagedalen-99-loft\\\/#primaryimage\",\"url\":\"https:\\\/\\\/jorntrahus.se\\\/wp-content\\\/uploads\\\/2021\\\/01\\\/Kagedalen-99-loft-Fritidshus-Vinter-Ladhus-Byggsats-Hus-fran-Jorntrahus-scaled-1.jpg\",\"contentUrl\":\"https:\\\/\\\/jorntrahus.se\\\/wp-content\\\/uploads\\\/2021\\\/01\\\/Kagedalen-99-loft-Fritidshus-Vinter-Ladhus-Byggsats-Hus-fran-Jorntrahus-scaled-1.jpg\",\"width\":2480,\"height\":1653,\"caption\":\"Kagedalen 99 loft Fritidshus Vinter Ladhus Byggsats Hus fran Jorntrahus scaled 1\"},{\"@type\":\"BreadcrumbList\",\"@id\":\"https:\\\/\\\/jorntrahus.se\\\/husmodell\\\/kagedalen-99-loft\\\/#breadcrumb\",\"itemListElement\":[{\"@type\":\"ListItem\",\"position\":1,\"name\":\"Hem\",\"item\":\"https:\\\/\\\/jorntrahus.se\\\/\"},{\"@type\":\"ListItem\",\"position\":2,\"name\":\"V\u00e5ra hus\",\"item\":\"https:\\\/\\\/jorntrahus.se\\\/husen\\\/\"},{\"@type\":\"ListItem\",\"position\":3,\"name\":\"K\u00e5gedalen 99 loft\"}]},{\"@type\":\"WebSite\",\"@id\":\"https:\\\/\\\/jorntrahus.se\\\/#website\",\"url\":\"https:\\\/\\\/jorntrahus.se\\\/\",\"name\":\"J\u00f6rntr\u00e4hus\",\"description\":\"Hus f\u00f6r den medvetne\",\"publisher\":{\"@id\":\"https:\\\/\\\/jorntrahus.se\\\/#organization\"},\"potentialAction\":[{\"@type\":\"SearchAction\",\"target\":{\"@type\":\"EntryPoint\",\"urlTemplate\":\"https:\\\/\\\/jorntrahus.se\\\/?s={search_term_string}\"},\"query-input\":{\"@type\":\"PropertyValueSpecification\",\"valueRequired\":true,\"valueName\":\"search_term_string\"}}],\"inLanguage\":\"da-DK\"},{\"@type\":\"Organization\",\"@id\":\"https:\\\/\\\/jorntrahus.se\\\/#organization\",\"name\":\"J\u00f6rntr\u00e4hus\",\"url\":\"https:\\\/\\\/jorntrahus.se\\\/\",\"logo\":{\"@type\":\"ImageObject\",\"inLanguage\":\"da-DK\",\"@id\":\"https:\\\/\\\/jorntrahus.se\\\/#\\\/schema\\\/logo\\\/image\\\/\",\"url\":\"https:\\\/\\\/jorntrahus.se\\\/wp-content\\\/uploads\\\/2020\\\/09\\\/Jorntrahus_Grund_CMYK.eps\",\"contentUrl\":\"https:\\\/\\\/jorntrahus.se\\\/wp-content\\\/uploads\\\/2020\\\/09\\\/Jorntrahus_Grund_CMYK.eps\",\"width\":1,\"height\":1,\"caption\":\"J\u00f6rntr\u00e4hus\"},\"image\":{\"@id\":\"https:\\\/\\\/jorntrahus.se\\\/#\\\/schema\\\/logo\\\/image\\\/\"}}]}<\/script>\n<!-- \/ Yoast SEO plugin. -->","yoast_head_json":{"title":"K\u00e5gedalen 99 med hems | J\u00f6rntr\u00e4hus","description":"Med sit gener\u00f8se lys er K\u00e5gedalen velegnet til dem, der s\u00e6tter pris p\u00e5 lys og f\u00f8lelsen af n\u00e6rhed til deres ydre milj\u00f8.","robots":{"index":"index","follow":"follow","max-snippet":"max-snippet:-1","max-image-preview":"max-image-preview:large","max-video-preview":"max-video-preview:-1"},"canonical":"https:\/\/jorntrahus.se\/da\/husmodel\/lizard-valley-99-loft\/","og_locale":"da_DK","og_type":"article","og_title":"K\u00e5gedalen 99 med loft | J\u00f6rntr\u00e4hus","og_description":"Med sina gener\u00f6sa ljusinsl\u00e4pp passar K\u00e5gedalen den som v\u00e4rdes\u00e4tter ljus och k\u00e4nslan av n\u00e4rhet till sin yttermilj\u00f6.","og_url":"https:\/\/jorntrahus.se\/da\/husmodel\/lizard-valley-99-loft\/","og_site_name":"J\u00f6rntr\u00e4hus","article_modified_time":"2023-02-16T11:04:33+00:00","og_image":[{"width":2048,"height":1090,"url":"https:\/\/jorntrahus.se\/wp-content\/uploads\/2021\/01\/FB_LI.jpg","type":"image\/jpeg"}],"twitter_card":"summary_large_image","schema":{"@context":"https:\/\/schema.org","@graph":[{"@type":"WebPage","@id":"https:\/\/jorntrahus.se\/husmodell\/kagedalen-99-loft\/","url":"https:\/\/jorntrahus.se\/husmodell\/kagedalen-99-loft\/","name":"K\u00e5gedalen 99 med hems | J\u00f6rntr\u00e4hus","isPartOf":{"@id":"https:\/\/jorntrahus.se\/#website"},"primaryImageOfPage":{"@id":"https:\/\/jorntrahus.se\/husmodell\/kagedalen-99-loft\/#primaryimage"},"image":{"@id":"https:\/\/jorntrahus.se\/husmodell\/kagedalen-99-loft\/#primaryimage"},"thumbnailUrl":"https:\/\/jorntrahus.se\/wp-content\/uploads\/2021\/01\/Kagedalen-99-loft-Fritidshus-Vinter-Ladhus-Byggsats-Hus-fran-Jorntrahus-scaled-1.jpg","datePublished":"2021-01-14T13:29:10+00:00","dateModified":"2023-02-16T11:04:33+00:00","description":"Med sit gener\u00f8se lys er K\u00e5gedalen velegnet til dem, der s\u00e6tter pris p\u00e5 lys og f\u00f8lelsen af n\u00e6rhed til deres ydre milj\u00f8.","breadcrumb":{"@id":"https:\/\/jorntrahus.se\/husmodell\/kagedalen-99-loft\/#breadcrumb"},"inLanguage":"da-DK","potentialAction":[{"@type":"ReadAction","target":["https:\/\/jorntrahus.se\/husmodell\/kagedalen-99-loft\/"]}]},{"@type":"ImageObject","inLanguage":"da-DK","@id":"https:\/\/jorntrahus.se\/husmodell\/kagedalen-99-loft\/#primaryimage","url":"https:\/\/jorntrahus.se\/wp-content\/uploads\/2021\/01\/Kagedalen-99-loft-Fritidshus-Vinter-Ladhus-Byggsats-Hus-fran-Jorntrahus-scaled-1.jpg","contentUrl":"https:\/\/jorntrahus.se\/wp-content\/uploads\/2021\/01\/Kagedalen-99-loft-Fritidshus-Vinter-Ladhus-Byggsats-Hus-fran-Jorntrahus-scaled-1.jpg","width":2480,"height":1653,"caption":"Kagedalen 99 loft Fritidshus Vinter Ladhus Byggsats Hus fran Jorntrahus scaled 1"},{"@type":"BreadcrumbList","@id":"https:\/\/jorntrahus.se\/husmodell\/kagedalen-99-loft\/#breadcrumb","itemListElement":[{"@type":"ListItem","position":1,"name":"Hem","item":"https:\/\/jorntrahus.se\/"},{"@type":"ListItem","position":2,"name":"V\u00e5ra hus","item":"https:\/\/jorntrahus.se\/husen\/"},{"@type":"ListItem","position":3,"name":"K\u00e5gedalen 99 loft"}]},{"@type":"WebSite","@id":"https:\/\/jorntrahus.se\/#website","url":"https:\/\/jorntrahus.se\/","name":"J\u00f6rntr\u00e4hus","description":"Huse til de bevidste","publisher":{"@id":"https:\/\/jorntrahus.se\/#organization"},"potentialAction":[{"@type":"SearchAction","target":{"@type":"EntryPoint","urlTemplate":"https:\/\/jorntrahus.se\/?s={search_term_string}"},"query-input":{"@type":"PropertyValueSpecification","valueRequired":true,"valueName":"search_term_string"}}],"inLanguage":"da-DK"},{"@type":"Organization","@id":"https:\/\/jorntrahus.se\/#organization","name":"J\u00f6rntr\u00e4hus","url":"https:\/\/jorntrahus.se\/","logo":{"@type":"ImageObject","inLanguage":"da-DK","@id":"https:\/\/jorntrahus.se\/#\/schema\/logo\/image\/","url":"https:\/\/jorntrahus.se\/wp-content\/uploads\/2020\/09\/Jorntrahus_Grund_CMYK.eps","contentUrl":"https:\/\/jorntrahus.se\/wp-content\/uploads\/2020\/09\/Jorntrahus_Grund_CMYK.eps","width":1,"height":1,"caption":"J\u00f6rntr\u00e4hus"},"image":{"@id":"https:\/\/jorntrahus.se\/#\/schema\/logo\/image\/"}}]}},"publishpress_future_workflow_manual_trigger":{"enabledWorkflows":[]},"_links":{"self":[{"href":"https:\/\/jorntrahus.se\/da\/wp-json\/wp\/v2\/product\/12450","targetHints":{"allow":["GET"]}}],"collection":[{"href":"https:\/\/jorntrahus.se\/da\/wp-json\/wp\/v2\/product"}],"about":[{"href":"https:\/\/jorntrahus.se\/da\/wp-json\/wp\/v2\/types\/product"}],"wp:featuredmedia":[{"embeddable":true,"href":"https:\/\/jorntrahus.se\/da\/wp-json\/wp\/v2\/media\/13204"}],"wp:attachment":[{"href":"https:\/\/jorntrahus.se\/da\/wp-json\/wp\/v2\/media?parent=12450"}],"wp:term":[{"taxonomy":"product_brand","embeddable":true,"href":"https:\/\/jorntrahus.se\/da\/wp-json\/wp\/v2\/product_brand?post=12450"},{"taxonomy":"product_cat","embeddable":true,"href":"https:\/\/jorntrahus.se\/da\/wp-json\/wp\/v2\/product_cat?post=12450"},{"taxonomy":"product_tag","embeddable":true,"href":"https:\/\/jorntrahus.se\/da\/wp-json\/wp\/v2\/product_tag?post=12450"}],"curies":[{"name":"wp","href":"https:\/\/api.w.org\/{rel}","templated":true}]}}