{"id":11794,"date":"2020-06-12T09:53:01","date_gmt":"2020-06-12T07:53:01","guid":{"rendered":"https:\/\/jorntrahus.se\/?page_id=11794"},"modified":"2024-11-06T14:44:17","modified_gmt":"2024-11-06T13:44:17","slug":"career","status":"publish","type":"page","link":"https:\/\/jorntrahus.se\/en\/om-oss\/karriar\/","title":{"rendered":"Careers"},"content":{"rendered":"<section class=\"section\" id=\"section_936540821\">\n\t\t<div class=\"section-bg fill\" >\n\t\t\t<img loading=\"lazy\" decoding=\"async\" width=\"2400\" height=\"1589\" src=\"https:\/\/jorntrahus.se\/wp-content\/uploads\/2019\/06\/J\u00f6rntr\u00e4hus-Pro-ritningar-W2400-webb-2.jpg\" class=\"bg attachment- size-\" alt=\"J\u00f6rntr\u00e4hus Pro - If you choose our existing and efficient concept models, we guarantee a fast and smooth construction process\" \/>\t\t\t\t\t\t<div class=\"section-bg-overlay absolute fill\"><\/div>\n\t\t\t\n\t<div class=\"is-border\"\n\t\tstyle=\"border-color:rgb(235, 235, 235);border-width:1px 0px 0px 0px;\">\n\t<\/div>\n\n\t\t<\/div>\n\n\t\t\n\n\t\t<div class=\"section-content relative\">\n\t\t\t\n<div class=\"row align-middle\"  id=\"row-142255219\">\n\n\t<div id=\"col-1767896349\" class=\"col medium-8 small-12 large-8\"  >\n\t\t\t\t<div class=\"col-inner\"  >\n\t\t\t\n\t\t\t\n\t<div id=\"text-735565404\" class=\"text\">\n\t\t\n<h1 class=\"uppercase\"><span style=\"font-size: 140%\">J\u00f6rntr\u00e4hus wants to grow<\/span><\/h1>\n<h3 class=\"uppercase thin-font\"><span style=\"font-size: 120%\">We want to get to know you!<\/span><\/h3>\n\t\t\n<style>\n#text-735565404 {\n  font-size: 1rem;\n}\n<\/style>\n\t<\/div>\n\t\n\t<div id=\"gap-1426520883\" class=\"gap-element clearfix\" style=\"display:block; height:auto;\">\n\t\t\n<style>\n#gap-1426520883 {\n  padding-top: 30px;\n}\n<\/style>\n\t<\/div>\n\t\n<a href=\"#ledigajobb\" class=\"button primary\" >\n\t\t<span>VACANT POSTS<\/span>\n\t<\/a>\n\n<a href=\"#spontanansokan\" class=\"button primary\" >\n\t\t<span>SPONTANEOUS APPLICATION<\/span>\n\t<\/a>\n\n\t\t<\/div>\n\t\t\t\t\t<\/div>\n\n\t\n<\/div>\n\t\t<\/div>\n\n\t\t\n<style>\n#section_936540821 {\n  padding-top: 60px;\n  padding-bottom: 60px;\n  min-height: 400px;\n}\n#section_936540821 .section-bg-overlay {\n  background-color: rgba(255, 255, 255, 0.75);\n}\n<\/style>\n\t<\/section>\n\t\n\t<div id=\"gap-41283667\" class=\"gap-element clearfix\" style=\"display:block; height:auto;\">\n\t\t\n<style>\n#gap-41283667 {\n  padding-top: 60px;\n}\n<\/style>\n\t<\/div>\n\t\n<div class=\"row row-large\"  id=\"row-712682348\">\n\n\t<div id=\"col-1224305014\" class=\"col small-12 large-12\"  >\n\t\t\t\t<div class=\"col-inner\"  >\n\t\t\t\n\t\t\t\n<div class=\"row row-large\"  id=\"row-478769787\">\n\n\t<div id=\"col-1700647677\" class=\"col medium-7 small-12 large-7\"  >\n\t\t\t\t<div class=\"col-inner\"  >\n\t\t\t\n\t\t\t\n<h3>We believe that all people must be given the opportunity to feel engaged in their work. To develop their personal talents and what they are passionate about.<\/h3>\n<p>We strive to be a workplace where you can safely be part of a team and at the same time dare to test what you are curious about. We also believe that well-being comes from the feeling of being seen and knowing that my job makes a difference to other people, to society and to our environment.<\/p>\n<p><strong>We are a bunch of passionate people<\/strong>, of different ages and backgrounds, with ambition and drive to continue our common growth journey. Therefore, we are interested in getting to know new people with the same passion for house construction, building technology and customer relations.<\/p>\n<p>With a house factory and office in J\u00f6rn, we have an ongoing need for people with experience in many areas. We are interested in getting in touch with carpenters, house designers, A-projectors, salespeople and administrators.<\/p>\n<p>J\u00f6rntr\u00e4hus is also part of the Contractor Group, which gives you great opportunities for skills development - and personal development.<\/p>\n\t\t<\/div>\n\t\t\t\t\t<\/div>\n\n\t\n\n\t<div id=\"col-636841927\" class=\"col medium-1 small-12 large-1\"  >\n\t\t\t\t<div class=\"col-inner\"  >\n\t\t\t\n\t\t\t\n\t\t<\/div>\n\t\t\t\t\t<\/div>\n\n\t\n\n\t<div id=\"col-1586634424\" class=\"col medium-4 small-12 large-4\"  >\n\t\t\t\t<div class=\"col-inner\"  >\n\t\t\t\n\t\t\t\n\t<div class=\"img has-hover x md-x lg-x y md-y lg-y\" id=\"image_321928307\">\n\t\t\t\t\t\t\t\t<div class=\"img-inner dark\" >\n\t\t\t<img loading=\"lazy\" decoding=\"async\" width=\"1020\" height=\"681\" src=\"https:\/\/jorntrahus.se\/wp-content\/uploads\/2020\/11\/Fritidshus-Hus-Villor-byggsatser-Jorntrahus-Med-passion-fran-Jorn-webb-04-1200x801.jpg\" class=\"attachment-large size-large\" alt=\"Holiday homes Houses Villas house building kits house manufacturing factory J\u00f6rntr\u00e4hus - With passion from J\u00f6rn\" srcset=\"https:\/\/jorntrahus.se\/wp-content\/uploads\/2020\/11\/Fritidshus-Hus-Villor-byggsatser-Jorntrahus-Med-passion-fran-Jorn-webb-04-1200x801.jpg 1200w, https:\/\/jorntrahus.se\/wp-content\/uploads\/2020\/11\/Fritidshus-Hus-Villor-byggsatser-Jorntrahus-Med-passion-fran-Jorn-webb-04-600x400.jpg 600w, https:\/\/jorntrahus.se\/wp-content\/uploads\/2020\/11\/Fritidshus-Hus-Villor-byggsatser-Jorntrahus-Med-passion-fran-Jorn-webb-04-900x600.jpg 900w, https:\/\/jorntrahus.se\/wp-content\/uploads\/2020\/11\/Fritidshus-Hus-Villor-byggsatser-Jorntrahus-Med-passion-fran-Jorn-webb-04-768x512.jpg 768w, https:\/\/jorntrahus.se\/wp-content\/uploads\/2020\/11\/Fritidshus-Hus-Villor-byggsatser-Jorntrahus-Med-passion-fran-Jorn-webb-04-1536x1025.jpg 1536w, https:\/\/jorntrahus.se\/wp-content\/uploads\/2020\/11\/Fritidshus-Hus-Villor-byggsatser-Jorntrahus-Med-passion-fran-Jorn-webb-04-2048x1366.jpg 2048w\" sizes=\"auto, (max-width: 1020px) 100vw, 1020px\" \/>\t\t\t\t\t\t\n\t\t\t\t\t<\/div>\n\t\t\t\t\t\t\t\t\n<style>\n#image_321928307 {\n  width: 100%;\n}\n<\/style>\n\t<\/div>\n\t\n\t<div class=\"img has-hover x md-x lg-x y md-y lg-y\" id=\"image_203076863\">\n\t\t\t\t\t\t\t\t<div class=\"img-inner dark\" >\n\t\t\t<img loading=\"lazy\" decoding=\"async\" width=\"1020\" height=\"680\" src=\"https:\/\/jorntrahus.se\/wp-content\/uploads\/2020\/10\/Jorntrahus-Konstruktor-Saljare-Fritidshus-Husbyggsats-Villa-Hus-Personal-Huvukontoret-1200x800.jpg\" class=\"attachment-large size-large\" alt=\"J\u00f6rntr\u00e4hus Constructor Seller Holiday home House kit Villa House Staff Head office\" srcset=\"https:\/\/jorntrahus.se\/wp-content\/uploads\/2020\/10\/Jorntrahus-Konstruktor-Saljare-Fritidshus-Husbyggsats-Villa-Hus-Personal-Huvukontoret-1200x800.jpg 1200w, https:\/\/jorntrahus.se\/wp-content\/uploads\/2020\/10\/Jorntrahus-Konstruktor-Saljare-Fritidshus-Husbyggsats-Villa-Hus-Personal-Huvukontoret-600x400.jpg 600w, https:\/\/jorntrahus.se\/wp-content\/uploads\/2020\/10\/Jorntrahus-Konstruktor-Saljare-Fritidshus-Husbyggsats-Villa-Hus-Personal-Huvukontoret-900x600.jpg 900w, https:\/\/jorntrahus.se\/wp-content\/uploads\/2020\/10\/Jorntrahus-Konstruktor-Saljare-Fritidshus-Husbyggsats-Villa-Hus-Personal-Huvukontoret-768x512.jpg 768w, https:\/\/jorntrahus.se\/wp-content\/uploads\/2020\/10\/Jorntrahus-Konstruktor-Saljare-Fritidshus-Husbyggsats-Villa-Hus-Personal-Huvukontoret-1536x1024.jpg 1536w, https:\/\/jorntrahus.se\/wp-content\/uploads\/2020\/10\/Jorntrahus-Konstruktor-Saljare-Fritidshus-Husbyggsats-Villa-Hus-Personal-Huvukontoret.jpg 2048w\" sizes=\"auto, (max-width: 1020px) 100vw, 1020px\" \/>\t\t\t\t\t\t\n\t\t\t\t\t<\/div>\n\t\t\t\t\t\t\t\t\n<style>\n#image_203076863 {\n  width: 100%;\n}\n<\/style>\n\t<\/div>\n\t\n\t\t<\/div>\n\t\t\t\t\t<\/div>\n\n\t\n<\/div>\n\t<div id=\"gap-1706832229\" class=\"gap-element clearfix\" style=\"display:block; height:auto;\">\n\t\t\n<style>\n#gap-1706832229 {\n  padding-top: 60px;\n}\n<\/style>\n\t<\/div>\n\t\n<span class=\"scroll-to\" data-label=\"Scroll to: #ledigajobb\" data-bullet=\"false\" data-link=\"#ledigajobb\" data-title=\"LedigaJobb\"><a name=\"ledigajobb\"><\/a><\/span>\n\n\t<section class=\"section\" id=\"section_694149485\">\n\t\t<div class=\"section-bg fill\" >\n\t\t\t\t\t\t\t\t\t\n\t\t\t\n\t<div class=\"is-border\"\n\t\tstyle=\"border-color:rgb(235, 235, 235);border-width:1px 0px 0px 0px;\">\n\t<\/div>\n\n\t\t<\/div>\n\n\t\t\n\n\t\t<div class=\"section-content relative\">\n\t\t\t\n<div class=\"row row-collapse align-middle\"  id=\"row-9191712\">\n\n\t<div id=\"col-393083399\" class=\"col medium-4 small-4 large-4\"  >\n\t\t\t\t<div class=\"col-inner\"  >\n\t\t\t\n\t\t\t\n\t\t<\/div>\n\t\t\t\t\t<\/div>\n\n\t\n\n\t<div id=\"col-2094949188\" class=\"col small-12 large-12\"  >\n\t\t\t\t<div class=\"col-inner\"  >\n\t\t\t\n\t\t\t\n<h1 style=\"text-align: center\"><span style=\"font-size: 140%\">Vacant posts<\/span><\/h1>\n\t<div id=\"gap-970290543\" class=\"gap-element clearfix\" style=\"display:block; height:auto;\">\n\t\t\n<style>\n#gap-970290543 {\n  padding-top: 40px;\n}\n<\/style>\n\t<\/div>\n\t\n\n  \n    <div class=\"row large-columns-1 medium-columns-1 small-columns-1 has-shadow row-box-shadow-2\" >\n  <\/div>\n\t\t<\/div>\n\t\t\t\t\n<style>\n#col-2094949188 > .col-inner {\n  padding: 0px 0px 0px 0px;\n}\n@media (min-width:550px) {\n  #col-2094949188 > .col-inner {\n    padding: 0px 50px 0px 50px;\n  }\n}\n<\/style>\n\t<\/div>\n\n\t\n\n<style>\n#row-9191712 > .col > .col-inner {\n  padding: 0px 0px 0px 0px;\n}\n@media (min-width:550px) {\n  #row-9191712 > .col > .col-inner {\n    padding: 0px 20px 0px 20px;\n  }\n}\n<\/style>\n<\/div>\n\t<div id=\"text-2001988737\" class=\"text\">\n\t\t\n<p>No vacancies at the moment - but feel free to apply spontaneously below.<\/p>\n\t\t\n<style>\n#text-2001988737 {\n  text-align: center;\n}\n<\/style>\n\t<\/div>\n\t\n\t\t<\/div>\n\n\t\t\n<style>\n#section_694149485 {\n  padding-top: 0px;\n  padding-bottom: 0px;\n  background-color: rgb(245, 245, 245);\n}\n@media (min-width:550px) {\n  #section_694149485 {\n    padding-top: 40px;\n    padding-bottom: 40px;\n  }\n}\n<\/style>\n\t<\/section>\n\t\n\t<div id=\"gap-1825488482\" class=\"gap-element clearfix\" style=\"display:block; height:auto;\">\n\t\t\n<style>\n#gap-1825488482 {\n  padding-top: 100px;\n}\n<\/style>\n\t<\/div>\n\t\n<span class=\"scroll-to\" data-label=\"Scroll to: #spontanansokan\" data-bullet=\"false\" data-link=\"#spontanansokan\" data-title=\"Spontanansokan\"><a name=\"spontanansokan\"><\/a><\/span>\n\n\t<section class=\"section\" id=\"section_994842103\">\n\t\t<div class=\"section-bg fill\" >\n\t\t\t\t\t\t\t\t\t\n\t\t\t\n\t<div class=\"is-border\"\n\t\tstyle=\"border-color:rgb(235, 235, 235);border-width:1px 0px 0px 0px;\">\n\t<\/div>\n\n\t\t<\/div>\n\n\t\t\n\n\t\t<div class=\"section-content relative\">\n\t\t\t\n<div class=\"row row-collapse align-middle\"  id=\"row-1463565312\">\n\n\t<div id=\"col-980666064\" class=\"col small-12 large-12\"  >\n\t\t\t\t<div class=\"col-inner\"  >\n\t\t\t\n\t\t\t\n\t<div id=\"text-2410717984\" class=\"text\">\n\t\t\n<h1 style=\"text-align: center\"><span style=\"font-size: 140%\">Spontaneous application<\/span><\/h1>\n\t\t\n<style>\n#text-2410717984 {\n  font-size: 1rem;\n}\n<\/style>\n\t<\/div>\n\t\n\t<div id=\"gap-1572086068\" class=\"gap-element clearfix\" style=\"display:block; height:auto;\">\n\t\t\n<style>\n#gap-1572086068 {\n  padding-top: 40px;\n}\n<\/style>\n\t<\/div>\n\t\n\n<div class=\"wpcf7 no-js\" id=\"wpcf7-f11798-o1\" lang=\"sv-SE\" dir=\"ltr\" data-wpcf7-id=\"11798\">\n<div class=\"screen-reader-response\"><p role=\"status\" aria-live=\"polite\" aria-atomic=\"true\"><\/p> <ul><\/ul><\/div>\n<form action=\"\/en\/wp-json\/wp\/v2\/pages\/11794#wpcf7-f11798-o1\" method=\"post\" class=\"wpcf7-form init\" aria-label=\"Kontaktformul\u00e4r\" enctype=\"multipart\/form-data\" novalidate=\"novalidate\" data-status=\"init\" data-trp-original-action=\"\/en\/wp-json\/wp\/v2\/pages\/11794#wpcf7-f11798-o1\">\n<fieldset class=\"hidden-fields-container\"><input type=\"hidden\" name=\"_wpcf7\" value=\"11798\" \/><input type=\"hidden\" name=\"_wpcf7_version\" value=\"6.1.5\" \/><input type=\"hidden\" name=\"_wpcf7_locale\" value=\"sv_SE\" \/><input type=\"hidden\" name=\"_wpcf7_unit_tag\" value=\"wpcf7-f11798-o1\" \/><input type=\"hidden\" name=\"_wpcf7_container_post\" value=\"0\" \/><input type=\"hidden\" name=\"_wpcf7_posted_data_hash\" value=\"\" \/><input type=\"hidden\" name=\"_wpcf7cf_hidden_group_fields\" value=\"[]\" \/><input type=\"hidden\" name=\"_wpcf7cf_hidden_groups\" value=\"[]\" \/><input type=\"hidden\" name=\"_wpcf7cf_visible_groups\" value=\"[]\" \/><input type=\"hidden\" name=\"_wpcf7cf_repeaters\" value=\"[]\" \/><input type=\"hidden\" name=\"_wpcf7cf_steps\" value=\"{}\" \/><input type=\"hidden\" name=\"_wpcf7cf_options\" value=\"{&quot;form_id&quot;:11798,&quot;conditions&quot;:[],&quot;settings&quot;:{&quot;animation&quot;:&quot;yes&quot;,&quot;animation_intime&quot;:200,&quot;animation_outtime&quot;:200,&quot;conditions_ui&quot;:&quot;normal&quot;,&quot;notice_dismissed&quot;:false,&quot;notice_dismissed_rollback-cf7-6.1.1&quot;:true}}\" \/><input type=\"hidden\" name=\"_wpcf7_recaptcha_response\" value=\"\" \/>\n<\/fieldset>\n<table>\n\t<tr>\n\t\t<td style=\"width: 50%;\">\n\t\t\t<p><label>Name *.<span class=\"wpcf7-form-control-wrap\" data-name=\"kontakt-namn\"><input size=\"40\" maxlength=\"400\" class=\"wpcf7-form-control wpcf7-text wpcf7-validates-as-required\" aria-required=\"true\" aria-invalid=\"false\" value=\"\" type=\"text\" name=\"kontakt-namn\" \/><\/span> <\/label>\n\t\t\t<\/p>\n\t\t<\/td>\n\t\t<td style=\"width: 50%;\">\n\t\t\t<p><label>Occupation<br \/>\n<span class=\"wpcf7-form-control-wrap\" data-name=\"kontakt-yrke\"><select class=\"wpcf7-form-control wpcf7-select wpcf7-validates-as-required\" aria-required=\"true\" aria-invalid=\"false\" name=\"kontakt-yrke\"><option value=\"\">\u2013 V\u00e4lj ett alternativ \u2013<\/option><option value=\"Byggnadssnickare\">Building carpenter<\/option><option value=\"Huskonstrukt\u00f6r\">Building constructor<\/option><option value=\"A-projekt\u00f6r\">A-projector<\/option><option value=\"S\u00e4ljare\">Salespersons<\/option><option value=\"Administrat\u00f6r\">Administrator<\/option><option value=\"Annat\">Other<\/option><\/select><\/span><\/label>\n\t\t\t<\/p>\n\t\t<\/td>\n\t<\/tr>\n<\/table>\n<table>\n\t<tr>\n\t\t<td style=\"width: 70%;\">\n\t\t\t<p><label>E-mail *<span class=\"wpcf7-form-control-wrap\" data-name=\"kontakt-epost\"><input size=\"40\" maxlength=\"400\" class=\"wpcf7-form-control wpcf7-email wpcf7-validates-as-required wpcf7-text wpcf7-validates-as-email\" aria-required=\"true\" aria-invalid=\"false\" value=\"\" type=\"email\" name=\"kontakt-epost\" \/><\/span> <\/label>\n\t\t\t<\/p>\n\t\t<\/td>\n\t\t<td style=\"width: 30%;\">\n\t\t\t<p><label>Phone number<span class=\"wpcf7-form-control-wrap\" data-name=\"kontakt-telefon\"><input size=\"40\" maxlength=\"400\" class=\"wpcf7-form-control wpcf7-text\" aria-invalid=\"false\" value=\"\" type=\"text\" name=\"kontakt-telefon\" \/><\/span> <\/label>\n\t\t\t<\/p>\n\t\t<\/td>\n\t<\/tr>\n<\/table>\n<p><label>Why are you the person we are looking for? Please leave a short and spontaneous answer.<br \/>\n<span class=\"wpcf7-form-control-wrap\" data-name=\"kontakt-arende\"><textarea cols=\"40\" rows=\"10\" maxlength=\"2000\" class=\"wpcf7-form-control wpcf7-textarea\" aria-invalid=\"false\" name=\"kontakt-arende\"><\/textarea><\/span> <\/label>\n<\/p>\n<p><label>Attach your cover letter\/CV (preferably PDF but other file formats work well too)<br \/>\n<span class=\"wpcf7-form-control-wrap\" data-name=\"cv\"><input size=\"40\" class=\"wpcf7-form-control wpcf7-file wpcf7-validates-as-required\" accept=\".pdf,.doc,.docx,.ppt,.pptx,.jpg,.jpeg,.png\" aria-required=\"true\" aria-invalid=\"false\" type=\"file\" name=\"cv\" \/><\/span> <\/label>\n<\/p>\n<p><span class=\"wpcf7-form-control-wrap\" data-name=\"kontakt-samtycke\"><span class=\"wpcf7-form-control wpcf7-checkbox wpcf7-validates-as-required\"><span class=\"wpcf7-list-item first last\"><label><input type=\"checkbox\" name=\"kontakt-samtycke[]\" value=\"Jag ger mitt samtycke att...\" \/><span class=\"wpcf7-list-item-label\">I give my consent to...<\/span><\/label><\/span><\/span><\/span> my personal data is processed in accordance with <a href=\"\/en\/about-us\/privacy-policy\/\" target=\"_blank\">J\u00f6rntr\u00e4hus privacy policy<\/a>.\n<\/p>\n<p style=\"margin-top: 20px;\"><input class=\"wpcf7-form-control wpcf7-submit has-spinner\" type=\"submit\" value=\"Submit\" \/>\n<\/p><div class=\"wpcf7-response-output\" aria-hidden=\"true\"><\/div>\n<input type=\"hidden\" name=\"trp-form-language\" value=\"en\"\/><\/form>\n<\/div>\n\n\t\t<\/div>\n\t\t\t\t\n<style>\n#col-980666064 > .col-inner {\n  padding: 0px 0px 0px 0px;\n  margin: 0px 0px 0 0px;\n}\n@media (min-width:550px) {\n  #col-980666064 > .col-inner {\n    padding: 0px 50px 0px 50px;\n  }\n}\n<\/style>\n\t<\/div>\n\n\t\n<\/div>\n\t\t<\/div>\n\n\t\t\n<style>\n#section_994842103 {\n  padding-top: 0px;\n  padding-bottom: 0px;\n  margin-bottom: 0px;\n  background-color: rgb(245, 245, 245);\n}\n@media (min-width:550px) {\n  #section_994842103 {\n    padding-top: 60px;\n    padding-bottom: 60px;\n  }\n}\n<\/style>\n\t<\/section>\n\t\n\t<div id=\"gap-848302150\" class=\"gap-element clearfix\" style=\"display:block; height:auto;\">\n\t\t\n<style>\n#gap-848302150 {\n  padding-top: 100px;\n}\n<\/style>\n\t<\/div>\n\t\n\t\t<\/div>\n\t\t\t\t\t<\/div>\n\n\t\n<\/div>\n<p>&nbsp;<\/p>\n<p>&nbsp;<\/p>","protected":false},"excerpt":{"rendered":"<p>&nbsp; &nbsp;<\/p>","protected":false},"author":2,"featured_media":0,"parent":7,"menu_order":0,"comment_status":"closed","ping_status":"closed","template":"page-blank.php","meta":{"footnotes":""},"class_list":["post-11794","page","type-page","status-publish","hentry"],"yoast_head":"<!-- This site is optimized with the Yoast SEO plugin v27.2 - https:\/\/yoast.com\/product\/yoast-seo-wordpress\/ -->\n<title>J\u00f6rntr\u00e4hus \u2013 unika och personliga husmodeller f\u00f6r privatpersoner &amp; f\u00f6retag<\/title>\n<meta name=\"description\" content=\"Hustillverkare med moderna husmodeller som str\u00e4cker sig fr\u00e5n privatpersoners fritidshus &amp; villor till skr\u00e4ddarsydda byggsatser &amp; modulhus till f\u00f6retag.\" \/>\n<meta name=\"robots\" content=\"index, follow, max-snippet:-1, max-image-preview:large, max-video-preview:-1\" \/>\n<link rel=\"canonical\" href=\"https:\/\/jorntrahus.se\/en\/about-us\/career\/\" \/>\n<meta property=\"og:locale\" content=\"en_GB\" \/>\n<meta property=\"og:type\" content=\"article\" \/>\n<meta property=\"og:title\" content=\"J\u00f6rntr\u00e4hus \u2013 unika och personliga husmodeller f\u00f6r privatpersoner &amp; f\u00f6retag\" \/>\n<meta property=\"og:description\" content=\"D\u00e4r ditt jobb g\u00f6r skillnad f\u00f6r andra m\u00e4nniskor, f\u00f6r samh\u00e4llet och v\u00e5r milj\u00f6.\" \/>\n<meta property=\"og:url\" content=\"https:\/\/jorntrahus.se\/en\/about-us\/career\/\" \/>\n<meta property=\"og:site_name\" content=\"J\u00f6rntr\u00e4hus\" \/>\n<meta property=\"article:modified_time\" content=\"2024-11-06T13:44:17+00:00\" \/>\n<meta property=\"og:image\" content=\"https:\/\/jorntrahus.se\/wp-content\/uploads\/2020\/11\/Fritidshus-Hus-Villor-byggsatser-Jorntrahus-Med-passion-fran-Jorn-webb-08.jpg\" \/>\n\t<meta property=\"og:image:width\" content=\"2400\" \/>\n\t<meta property=\"og:image:height\" content=\"1601\" \/>\n\t<meta property=\"og:image:type\" content=\"image\/jpeg\" \/>\n<meta name=\"twitter:card\" content=\"summary_large_image\" \/>\n<meta name=\"twitter:label1\" content=\"Estimated reading time\" \/>\n\t<meta name=\"twitter:data1\" content=\"3 minutes\" \/>\n<script type=\"application\/ld+json\" class=\"yoast-schema-graph\">{\"@context\":\"https:\/\/schema.org\",\"@graph\":[{\"@type\":\"WebPage\",\"@id\":\"https:\/\/jorntrahus.se\/om-oss\/karriar\/\",\"url\":\"https:\/\/jorntrahus.se\/om-oss\/karriar\/\",\"name\":\"J\u00f6rntr\u00e4hus \u2013 unika och personliga husmodeller f\u00f6r privatpersoner & f\u00f6retag\",\"isPartOf\":{\"@id\":\"https:\/\/jorntrahus.se\/#website\"},\"datePublished\":\"2020-06-12T07:53:01+00:00\",\"dateModified\":\"2024-11-06T13:44:17+00:00\",\"description\":\"Hustillverkare med moderna husmodeller som str\u00e4cker sig fr\u00e5n privatpersoners fritidshus & villor till skr\u00e4ddarsydda byggsatser & modulhus till f\u00f6retag.\",\"breadcrumb\":{\"@id\":\"https:\/\/jorntrahus.se\/om-oss\/karriar\/#breadcrumb\"},\"inLanguage\":\"en-GB\",\"potentialAction\":[{\"@type\":\"ReadAction\",\"target\":[\"https:\/\/jorntrahus.se\/om-oss\/karriar\/\"]}]},{\"@type\":\"BreadcrumbList\",\"@id\":\"https:\/\/jorntrahus.se\/om-oss\/karriar\/#breadcrumb\",\"itemListElement\":[{\"@type\":\"ListItem\",\"position\":1,\"name\":\"Hem\",\"item\":\"https:\/\/jorntrahus.se\/\"},{\"@type\":\"ListItem\",\"position\":2,\"name\":\"Om oss\",\"item\":\"https:\/\/jorntrahus.se\/om-oss\/\"},{\"@type\":\"ListItem\",\"position\":3,\"name\":\"Karri\u00e4r\"}]},{\"@type\":\"WebSite\",\"@id\":\"https:\/\/jorntrahus.se\/#website\",\"url\":\"https:\/\/jorntrahus.se\/\",\"name\":\"J\u00f6rntr\u00e4hus\",\"description\":\"Hus f\u00f6r den medvetne\",\"publisher\":{\"@id\":\"https:\/\/jorntrahus.se\/#organization\"},\"potentialAction\":[{\"@type\":\"SearchAction\",\"target\":{\"@type\":\"EntryPoint\",\"urlTemplate\":\"https:\/\/jorntrahus.se\/?s={search_term_string}\"},\"query-input\":{\"@type\":\"PropertyValueSpecification\",\"valueRequired\":true,\"valueName\":\"search_term_string\"}}],\"inLanguage\":\"en-GB\"},{\"@type\":\"Organization\",\"@id\":\"https:\/\/jorntrahus.se\/#organization\",\"name\":\"J\u00f6rntr\u00e4hus\",\"url\":\"https:\/\/jorntrahus.se\/\",\"logo\":{\"@type\":\"ImageObject\",\"inLanguage\":\"en-GB\",\"@id\":\"https:\/\/jorntrahus.se\/#\/schema\/logo\/image\/\",\"url\":\"https:\/\/jorntrahus.se\/wp-content\/uploads\/2020\/09\/Jorntrahus_Grund_CMYK.eps\",\"contentUrl\":\"https:\/\/jorntrahus.se\/wp-content\/uploads\/2020\/09\/Jorntrahus_Grund_CMYK.eps\",\"width\":1,\"height\":1,\"caption\":\"J\u00f6rntr\u00e4hus\"},\"image\":{\"@id\":\"https:\/\/jorntrahus.se\/#\/schema\/logo\/image\/\"}}]}<\/script>\n<!-- \/ Yoast SEO plugin. -->","yoast_head_json":{"title":"J\u00f6rntr\u00e4hus - unique and personalised house models for individuals and companies","description":"House manufacturer with modern house models ranging from private individuals' holiday homes &amp; villas to customised kits &amp; modular houses for companies.","robots":{"index":"index","follow":"follow","max-snippet":"max-snippet:-1","max-image-preview":"max-image-preview:large","max-video-preview":"max-video-preview:-1"},"canonical":"https:\/\/jorntrahus.se\/en\/about-us\/career\/","og_locale":"en_GB","og_type":"article","og_title":"J\u00f6rntr\u00e4hus \u2013 unika och personliga husmodeller f\u00f6r privatpersoner & f\u00f6retag","og_description":"D\u00e4r ditt jobb g\u00f6r skillnad f\u00f6r andra m\u00e4nniskor, f\u00f6r samh\u00e4llet och v\u00e5r milj\u00f6.","og_url":"https:\/\/jorntrahus.se\/en\/about-us\/career\/","og_site_name":"J\u00f6rntr\u00e4hus","article_modified_time":"2024-11-06T13:44:17+00:00","og_image":[{"width":2400,"height":1601,"url":"https:\/\/jorntrahus.se\/wp-content\/uploads\/2020\/11\/Fritidshus-Hus-Villor-byggsatser-Jorntrahus-Med-passion-fran-Jorn-webb-08.jpg","type":"image\/jpeg"}],"twitter_card":"summary_large_image","twitter_misc":{"Estimated reading time":"3 minutes"},"schema":{"@context":"https:\/\/schema.org","@graph":[{"@type":"WebPage","@id":"https:\/\/jorntrahus.se\/om-oss\/karriar\/","url":"https:\/\/jorntrahus.se\/om-oss\/karriar\/","name":"J\u00f6rntr\u00e4hus - unique and personalised house models for individuals and companies","isPartOf":{"@id":"https:\/\/jorntrahus.se\/#website"},"datePublished":"2020-06-12T07:53:01+00:00","dateModified":"2024-11-06T13:44:17+00:00","description":"House manufacturer with modern house models ranging from private individuals' holiday homes &amp; villas to customised kits &amp; modular houses for companies.","breadcrumb":{"@id":"https:\/\/jorntrahus.se\/om-oss\/karriar\/#breadcrumb"},"inLanguage":"en-GB","potentialAction":[{"@type":"ReadAction","target":["https:\/\/jorntrahus.se\/om-oss\/karriar\/"]}]},{"@type":"BreadcrumbList","@id":"https:\/\/jorntrahus.se\/om-oss\/karriar\/#breadcrumb","itemListElement":[{"@type":"ListItem","position":1,"name":"Hem","item":"https:\/\/jorntrahus.se\/"},{"@type":"ListItem","position":2,"name":"Om oss","item":"https:\/\/jorntrahus.se\/om-oss\/"},{"@type":"ListItem","position":3,"name":"Karri\u00e4r"}]},{"@type":"WebSite","@id":"https:\/\/jorntrahus.se\/#website","url":"https:\/\/jorntrahus.se\/","name":"J\u00f6rntr\u00e4hus","description":"Houses for the conscious","publisher":{"@id":"https:\/\/jorntrahus.se\/#organization"},"potentialAction":[{"@type":"SearchAction","target":{"@type":"EntryPoint","urlTemplate":"https:\/\/jorntrahus.se\/?s={search_term_string}"},"query-input":{"@type":"PropertyValueSpecification","valueRequired":true,"valueName":"search_term_string"}}],"inLanguage":"en-GB"},{"@type":"Organization","@id":"https:\/\/jorntrahus.se\/#organization","name":"J\u00f6rntr\u00e4hus","url":"https:\/\/jorntrahus.se\/","logo":{"@type":"ImageObject","inLanguage":"en-GB","@id":"https:\/\/jorntrahus.se\/#\/schema\/logo\/image\/","url":"https:\/\/jorntrahus.se\/wp-content\/uploads\/2020\/09\/Jorntrahus_Grund_CMYK.eps","contentUrl":"https:\/\/jorntrahus.se\/wp-content\/uploads\/2020\/09\/Jorntrahus_Grund_CMYK.eps","width":1,"height":1,"caption":"J\u00f6rntr\u00e4hus"},"image":{"@id":"https:\/\/jorntrahus.se\/#\/schema\/logo\/image\/"}}]}},"publishpress_future_action":{"enabled":false,"date":"2026-04-29 13:56:19","action":"change-status","newStatus":"draft","terms":[],"taxonomy":"","extraData":[]},"publishpress_future_workflow_manual_trigger":{"enabledWorkflows":[]},"_links":{"self":[{"href":"https:\/\/jorntrahus.se\/en\/wp-json\/wp\/v2\/pages\/11794","targetHints":{"allow":["GET"]}}],"collection":[{"href":"https:\/\/jorntrahus.se\/en\/wp-json\/wp\/v2\/pages"}],"about":[{"href":"https:\/\/jorntrahus.se\/en\/wp-json\/wp\/v2\/types\/page"}],"author":[{"embeddable":true,"href":"https:\/\/jorntrahus.se\/en\/wp-json\/wp\/v2\/users\/2"}],"replies":[{"embeddable":true,"href":"https:\/\/jorntrahus.se\/en\/wp-json\/wp\/v2\/comments?post=11794"}],"version-history":[{"count":46,"href":"https:\/\/jorntrahus.se\/en\/wp-json\/wp\/v2\/pages\/11794\/revisions"}],"predecessor-version":[{"id":14707,"href":"https:\/\/jorntrahus.se\/en\/wp-json\/wp\/v2\/pages\/11794\/revisions\/14707"}],"up":[{"embeddable":true,"href":"https:\/\/jorntrahus.se\/en\/wp-json\/wp\/v2\/pages\/7"}],"wp:attachment":[{"href":"https:\/\/jorntrahus.se\/en\/wp-json\/wp\/v2\/media?parent=11794"}],"curies":[{"name":"wp","href":"https:\/\/api.w.org\/{rel}","templated":true}]}}