{"id":12453,"date":"2021-01-14T14:46:17","date_gmt":"2021-01-14T13:46:17","guid":{"rendered":"https:\/\/jorntrahus.se\/?page_id=12453"},"modified":"2021-01-14T15:13:33","modified_gmt":"2021-01-14T14:13:33","slug":"holiday-homes-villas-houses-houses","status":"publish","type":"page","link":"https:\/\/jorntrahus.se\/en\/fritidshus-villor-bolundare-attefallshus-hus\/","title":{"rendered":"Holiday homes, villas, detached houses &amp; semi-detached houses from J\u00f6rntr\u00e4hus"},"content":{"rendered":"\n\t<section class=\"section\" id=\"section_726157440\">\n\t\t<div class=\"section-bg fill\" >\n\t\t\t\t\t\t\t\t\t\n\t\t\t\n\n\t\t<\/div>\n\n\t\t\n\n\t\t<div class=\"section-content relative\">\n\t\t\t\n\n  <div class=\"banner has-hover\" id=\"banner-550212834\">\n          <div class=\"banner-inner fill\">\n        <div class=\"banner-bg fill\" >\n            <img loading=\"lazy\" decoding=\"async\" width=\"1020\" height=\"1020\" src=\"https:\/\/jorntrahus.se\/wp-content\/uploads\/2019\/09\/J\u00f6rntr\u00e4hus-Fritidshus-Strycksele-XL-interi\u00f6r-Boviken-1600x1600-1-1200x1200.jpg\" class=\"bg attachment-large size-large\" alt=\"J\u00f6rntr\u00e4hus Fritidshus Strycksele XL interi\u00f6r Boviken 1600x1600 1\" \/>                        <div class=\"overlay\"><\/div>            \n                    <\/div>\n\t\t\n        <div class=\"banner-layers container\">\n            <div class=\"fill banner-link\"><\/div>            \n   <div id=\"text-box-2146342271\" class=\"text-box banner-layer x50 md-x50 lg-x50 y50 md-y50 lg-y50 res-text\">\n                                <div class=\"text-box-content text \">\n              \n              <div class=\"text-inner text-center\">\n                  \n<h2 style=\"text-align: center;\">Inspireras av v\u00e5ra typhus<\/h2>\n<p style=\"text-align: center;\"><span style=\"font-size: 110%;\">Hos oss kan ni s\u00f6ka inspiration bland ett trettiotal fritidshus, flerfamiljshus och komplementbyggnader i olika stilar, storlekar och prisklasser. Kika runt bland v\u00e5ra modeller eller kontakta oss s\u00e5 v\u00e4gleder vi er i valen och hj\u00e4lper till att anpassa huset f\u00f6r just era behov.<\/span><\/p>\n              <\/div>\n           <\/div>\n                            \n<style>\n#text-box-2146342271 .text-box-content {\n  background-color: rgb(255, 255, 255);\n  font-size: 100%;\n}\n#text-box-2146342271 .text-inner {\n  padding: 40px 50px 40px 50px;\n}\n#text-box-2146342271 {\n  width: 60%;\n}\n@media (min-width:550px) {\n  #text-box-2146342271 {\n    width: 60%;\n  }\n}\n<\/style>\n    <\/div>\n \n        <\/div>\n      <\/div>\n\n            \n<style>\n#banner-550212834 {\n  padding-top: 500px;\n  background-color: rgb(255, 255, 255);\n}\n#banner-550212834 .overlay {\n  background-color: rgba(190, 190, 190, 0.2);\n}\n<\/style>\n  <\/div>\n\n\n\t\t<\/div>\n\n\t\t\n<style>\n#section_726157440 {\n  padding-top: 0px;\n  padding-bottom: 0px;\n}\n<\/style>\n\t<\/section>\n\t\n<div class=\"row row-collapse row-full-width align-center\"  id=\"row-1557775890\">\r\n\r\n\n\t<div id=\"col-1551884054\" class=\"col small-12 large-12\"  >\n\t\t\t\t<div class=\"col-inner\"  >\n\t\t\t\n\t\t\t\r\n\r\n\t<div id=\"text-4006164055\" class=\"text\">\n\t\t\r\n\r\n<p>[prdctfltr_sc_products columns=3 rows=50 preset=\"hus-typ\" orderby=\"menu_order\" ajax=\"yes\" order=\"ASC\" shortcode_id=\"jth-hus-forstasidan\"]<\/p>\r\n\t\t\n<style>\n#text-4006164055 {\n  text-align: center;\n}\n<\/style>\n\t<\/div>\n\t\r\n\r\n\t\t<\/div>\n\t\t\t\t\n<style>\n#col-1551884054 > .col-inner {\n  padding: 0px 0px 0px 0px;\n  margin: 0 0px 0px 0px;\n}\n<\/style>\n\t<\/div>\n\n\t\r\n\r\n<\/div>\n","protected":false},"excerpt":{"rendered":"","protected":false},"author":2,"featured_media":0,"parent":0,"menu_order":0,"comment_status":"closed","ping_status":"closed","template":"page-blank.php","meta":{"footnotes":""},"class_list":["post-12453","page","type-page","status-publish","hentry"],"yoast_head":"<!-- This site is optimized with the Yoast SEO plugin v27.2 - https:\/\/yoast.com\/product\/yoast-seo-wordpress\/ -->\n<title>J\u00f6rntr\u00e4hus \u2013 v\u00e5ra husbyggsatser \u2013 fritidshus, villa \u2013 timmerhus, blockhus<\/title>\n<meta name=\"description\" content=\"V\u00e5ra moderna hus f\u00f6r er som ska bygga nytt fritidshus eller ny villa. Vi nyproducerar utifr\u00e5n dina id\u00e9er och \u00f6nskem\u00e5l. Vi bygger \u00e4ven garage &amp; attefallshus.\" \/>\n<meta name=\"robots\" content=\"index, follow, max-snippet:-1, max-image-preview:large, max-video-preview:-1\" \/>\n<link rel=\"canonical\" href=\"https:\/\/jorntrahus.se\/en\/holiday-homes-villas-houses-houses\/\" \/>\n<meta property=\"og:locale\" content=\"en_GB\" \/>\n<meta property=\"og:type\" content=\"article\" \/>\n<meta property=\"og:title\" content=\"J\u00f6rntr\u00e4hus \u2013 v\u00e5ra husbyggsatser \u2013 fritidshus, villa \u2013 timmerhus, blockhus\" \/>\n<meta property=\"og:description\" content=\"V\u00e5ra moderna hus f\u00f6r er som ska bygga nytt fritidshus eller ny villa. Vi nyproducerar utifr\u00e5n dina id\u00e9er och \u00f6nskem\u00e5l. Vi bygger \u00e4ven garage &amp; attefallshus.\" \/>\n<meta property=\"og:url\" content=\"https:\/\/jorntrahus.se\/en\/holiday-homes-villas-houses-houses\/\" \/>\n<meta property=\"og:site_name\" content=\"J\u00f6rntr\u00e4hus\" \/>\n<meta property=\"article:modified_time\" content=\"2021-01-14T14:13:33+00:00\" \/>\n<meta name=\"twitter:card\" content=\"summary_large_image\" \/>\n<script type=\"application\/ld+json\" class=\"yoast-schema-graph\">{\"@context\":\"https:\/\/schema.org\",\"@graph\":[{\"@type\":\"WebPage\",\"@id\":\"https:\/\/jorntrahus.se\/fritidshus-villor-bolundare-attefallshus-hus\/\",\"url\":\"https:\/\/jorntrahus.se\/fritidshus-villor-bolundare-attefallshus-hus\/\",\"name\":\"J\u00f6rntr\u00e4hus \u2013 v\u00e5ra husbyggsatser \u2013 fritidshus, villa \u2013 timmerhus, blockhus\",\"isPartOf\":{\"@id\":\"https:\/\/jorntrahus.se\/#website\"},\"datePublished\":\"2021-01-14T13:46:17+00:00\",\"dateModified\":\"2021-01-14T14:13:33+00:00\",\"description\":\"V\u00e5ra moderna hus f\u00f6r er som ska bygga nytt fritidshus eller ny villa. Vi nyproducerar utifr\u00e5n dina id\u00e9er och \u00f6nskem\u00e5l. Vi bygger \u00e4ven garage & attefallshus.\",\"breadcrumb\":{\"@id\":\"https:\/\/jorntrahus.se\/fritidshus-villor-bolundare-attefallshus-hus\/#breadcrumb\"},\"inLanguage\":\"en-GB\",\"potentialAction\":[{\"@type\":\"ReadAction\",\"target\":[\"https:\/\/jorntrahus.se\/fritidshus-villor-bolundare-attefallshus-hus\/\"]}]},{\"@type\":\"BreadcrumbList\",\"@id\":\"https:\/\/jorntrahus.se\/fritidshus-villor-bolundare-attefallshus-hus\/#breadcrumb\",\"itemListElement\":[{\"@type\":\"ListItem\",\"position\":1,\"name\":\"Hem\",\"item\":\"https:\/\/jorntrahus.se\/\"},{\"@type\":\"ListItem\",\"position\":2,\"name\":\"Fritidshus, villor, Bolundare &#038; Attefallshus fr\u00e5n J\u00f6rntr\u00e4hus\"}]},{\"@type\":\"WebSite\",\"@id\":\"https:\/\/jorntrahus.se\/#website\",\"url\":\"https:\/\/jorntrahus.se\/\",\"name\":\"J\u00f6rntr\u00e4hus\",\"description\":\"Hus f\u00f6r den medvetne\",\"publisher\":{\"@id\":\"https:\/\/jorntrahus.se\/#organization\"},\"potentialAction\":[{\"@type\":\"SearchAction\",\"target\":{\"@type\":\"EntryPoint\",\"urlTemplate\":\"https:\/\/jorntrahus.se\/?s={search_term_string}\"},\"query-input\":{\"@type\":\"PropertyValueSpecification\",\"valueRequired\":true,\"valueName\":\"search_term_string\"}}],\"inLanguage\":\"en-GB\"},{\"@type\":\"Organization\",\"@id\":\"https:\/\/jorntrahus.se\/#organization\",\"name\":\"J\u00f6rntr\u00e4hus\",\"url\":\"https:\/\/jorntrahus.se\/\",\"logo\":{\"@type\":\"ImageObject\",\"inLanguage\":\"en-GB\",\"@id\":\"https:\/\/jorntrahus.se\/#\/schema\/logo\/image\/\",\"url\":\"https:\/\/jorntrahus.se\/wp-content\/uploads\/2020\/09\/Jorntrahus_Grund_CMYK.eps\",\"contentUrl\":\"https:\/\/jorntrahus.se\/wp-content\/uploads\/2020\/09\/Jorntrahus_Grund_CMYK.eps\",\"width\":1,\"height\":1,\"caption\":\"J\u00f6rntr\u00e4hus\"},\"image\":{\"@id\":\"https:\/\/jorntrahus.se\/#\/schema\/logo\/image\/\"}}]}<\/script>\n<!-- \/ Yoast SEO plugin. -->","yoast_head_json":{"title":"J\u00f6rntr\u00e4hus - our house kits - holiday home, villa - log house, block house","description":"Our modern houses for those who are building a new holiday home or villa. We build new houses based on your ideas and wishes. We also build garages and outbuildings.","robots":{"index":"index","follow":"follow","max-snippet":"max-snippet:-1","max-image-preview":"max-image-preview:large","max-video-preview":"max-video-preview:-1"},"canonical":"https:\/\/jorntrahus.se\/en\/holiday-homes-villas-houses-houses\/","og_locale":"en_GB","og_type":"article","og_title":"J\u00f6rntr\u00e4hus \u2013 v\u00e5ra husbyggsatser \u2013 fritidshus, villa \u2013 timmerhus, blockhus","og_description":"V\u00e5ra moderna hus f\u00f6r er som ska bygga nytt fritidshus eller ny villa. Vi nyproducerar utifr\u00e5n dina id\u00e9er och \u00f6nskem\u00e5l. Vi bygger \u00e4ven garage & attefallshus.","og_url":"https:\/\/jorntrahus.se\/en\/holiday-homes-villas-houses-houses\/","og_site_name":"J\u00f6rntr\u00e4hus","article_modified_time":"2021-01-14T14:13:33+00:00","twitter_card":"summary_large_image","schema":{"@context":"https:\/\/schema.org","@graph":[{"@type":"WebPage","@id":"https:\/\/jorntrahus.se\/fritidshus-villor-bolundare-attefallshus-hus\/","url":"https:\/\/jorntrahus.se\/fritidshus-villor-bolundare-attefallshus-hus\/","name":"J\u00f6rntr\u00e4hus - our house kits - holiday home, villa - log house, block house","isPartOf":{"@id":"https:\/\/jorntrahus.se\/#website"},"datePublished":"2021-01-14T13:46:17+00:00","dateModified":"2021-01-14T14:13:33+00:00","description":"Our modern houses for those who are building a new holiday home or villa. We build new houses based on your ideas and wishes. We also build garages and outbuildings.","breadcrumb":{"@id":"https:\/\/jorntrahus.se\/fritidshus-villor-bolundare-attefallshus-hus\/#breadcrumb"},"inLanguage":"en-GB","potentialAction":[{"@type":"ReadAction","target":["https:\/\/jorntrahus.se\/fritidshus-villor-bolundare-attefallshus-hus\/"]}]},{"@type":"BreadcrumbList","@id":"https:\/\/jorntrahus.se\/fritidshus-villor-bolundare-attefallshus-hus\/#breadcrumb","itemListElement":[{"@type":"ListItem","position":1,"name":"Hem","item":"https:\/\/jorntrahus.se\/"},{"@type":"ListItem","position":2,"name":"Fritidshus, villor, Bolundare &#038; Attefallshus fr\u00e5n J\u00f6rntr\u00e4hus"}]},{"@type":"WebSite","@id":"https:\/\/jorntrahus.se\/#website","url":"https:\/\/jorntrahus.se\/","name":"J\u00f6rntr\u00e4hus","description":"Houses for the conscious","publisher":{"@id":"https:\/\/jorntrahus.se\/#organization"},"potentialAction":[{"@type":"SearchAction","target":{"@type":"EntryPoint","urlTemplate":"https:\/\/jorntrahus.se\/?s={search_term_string}"},"query-input":{"@type":"PropertyValueSpecification","valueRequired":true,"valueName":"search_term_string"}}],"inLanguage":"en-GB"},{"@type":"Organization","@id":"https:\/\/jorntrahus.se\/#organization","name":"J\u00f6rntr\u00e4hus","url":"https:\/\/jorntrahus.se\/","logo":{"@type":"ImageObject","inLanguage":"en-GB","@id":"https:\/\/jorntrahus.se\/#\/schema\/logo\/image\/","url":"https:\/\/jorntrahus.se\/wp-content\/uploads\/2020\/09\/Jorntrahus_Grund_CMYK.eps","contentUrl":"https:\/\/jorntrahus.se\/wp-content\/uploads\/2020\/09\/Jorntrahus_Grund_CMYK.eps","width":1,"height":1,"caption":"J\u00f6rntr\u00e4hus"},"image":{"@id":"https:\/\/jorntrahus.se\/#\/schema\/logo\/image\/"}}]}},"publishpress_future_action":{"enabled":false,"date":"2026-05-09 18:32:01","action":"change-status","newStatus":"draft","terms":[],"taxonomy":"","extraData":[]},"publishpress_future_workflow_manual_trigger":{"enabledWorkflows":[]},"_links":{"self":[{"href":"https:\/\/jorntrahus.se\/en\/wp-json\/wp\/v2\/pages\/12453","targetHints":{"allow":["GET"]}}],"collection":[{"href":"https:\/\/jorntrahus.se\/en\/wp-json\/wp\/v2\/pages"}],"about":[{"href":"https:\/\/jorntrahus.se\/en\/wp-json\/wp\/v2\/types\/page"}],"author":[{"embeddable":true,"href":"https:\/\/jorntrahus.se\/en\/wp-json\/wp\/v2\/users\/2"}],"replies":[{"embeddable":true,"href":"https:\/\/jorntrahus.se\/en\/wp-json\/wp\/v2\/comments?post=12453"}],"version-history":[{"count":3,"href":"https:\/\/jorntrahus.se\/en\/wp-json\/wp\/v2\/pages\/12453\/revisions"}],"predecessor-version":[{"id":12461,"href":"https:\/\/jorntrahus.se\/en\/wp-json\/wp\/v2\/pages\/12453\/revisions\/12461"}],"wp:attachment":[{"href":"https:\/\/jorntrahus.se\/en\/wp-json\/wp\/v2\/media?parent=12453"}],"curies":[{"name":"wp","href":"https:\/\/api.w.org\/{rel}","templated":true}]}}