{"id":12984,"date":"2021-09-17T12:25:27","date_gmt":"2021-09-17T10:25:27","guid":{"rendered":"https:\/\/jorntrahus.se\/?page_id=12984"},"modified":"2025-10-08T17:13:39","modified_gmt":"2025-10-08T15:13:39","slug":"hem-portal-2021-09","status":"publish","type":"page","link":"https:\/\/jorntrahus.se\/en\/","title":{"rendered":"Home Portal"},"content":{"rendered":"<div class=\"banner has-hover is-full-height hide-for-small\" id=\"banner-750471899\">\n          <div class=\"banner-inner fill\">\n        <div class=\"banner-bg fill\" >\n            <img loading=\"lazy\" decoding=\"async\" width=\"2560\" height=\"1280\" src=\"https:\/\/jorntrahus.se\/wp-content\/uploads\/2021\/09\/Portal-Privat-Pro-2021-4000x2000-ver5-scaled.jpg\" class=\"bg attachment-original size-original\" alt=\"Portal Privat Pro 2021 4000x2000 ver5\" \/>                                    \n                    <\/div>\n\t\t\n        <div class=\"banner-layers container\">\n            <div class=\"fill banner-link\"><\/div>            \n   <div id=\"text-box-1665243907\" class=\"text-box banner-layer x50 md-x50 lg-x50 y50 md-y50 lg-y50 res-text\">\n                                <div class=\"text-box-content text dark\">\n              \n              <div class=\"text-inner text-center\">\n                  \n\t<div class=\"img has-hover x md-x lg-x y md-y lg-y\" id=\"image_2094394737\">\n\t\t<a class=\"\" href=\"https:\/\/jorntrahus.se\/en\/him\/\" >\t\t\t\t\t\t<div class=\"img-inner dark\" >\n\t\t\t<img loading=\"lazy\" decoding=\"async\" width=\"1020\" height=\"228\" src=\"https:\/\/jorntrahus.se\/wp-content\/uploads\/2021\/09\/Jorntrahus-logo-vit-stor-skugga-mild-webb-1200x268.png\" class=\"attachment-large size-large\" alt=\"Jorntrahus logo white large shade mild web\" srcset=\"https:\/\/jorntrahus.se\/wp-content\/uploads\/2021\/09\/Jorntrahus-logo-vit-stor-skugga-mild-webb-1200x268.png 1200w, https:\/\/jorntrahus.se\/wp-content\/uploads\/2021\/09\/Jorntrahus-logo-vit-stor-skugga-mild-webb-900x201.png 900w, https:\/\/jorntrahus.se\/wp-content\/uploads\/2021\/09\/Jorntrahus-logo-vit-stor-skugga-mild-webb-600x134.png 600w, https:\/\/jorntrahus.se\/wp-content\/uploads\/2021\/09\/Jorntrahus-logo-vit-stor-skugga-mild-webb-768x172.png 768w, https:\/\/jorntrahus.se\/wp-content\/uploads\/2021\/09\/Jorntrahus-logo-vit-stor-skugga-mild-webb.png 1350w\" sizes=\"auto, (max-width: 1020px) 100vw, 1020px\" \/>\t\t\t\t\t\t\n\t\t\t\t\t<\/div>\n\t\t\t\t\t\t<\/a>\t\t\n<style>\n#image_2094394737 {\n  width: 80%;\n}\n<\/style>\n\t<\/div>\n\t\n\t<div id=\"gap-1207564143\" class=\"gap-element clearfix\" style=\"display:block; height:auto;\">\n\t\t\n<style>\n#gap-1207564143 {\n  padding-top: 50px;\n}\n@media (min-width:550px) {\n  #gap-1207564143 {\n    padding-top: 100px;\n  }\n}\n<\/style>\n\t<\/div>\n\t\n<div class=\"row hide-for-small\"  id=\"row-1945512235\">\n\n\t<div id=\"col-750210453\" class=\"col medium-6 small-12 large-6\"  >\n\t\t\t\t<div class=\"col-inner text-left\"  >\n\t\t\t\n\t\t\t\n<a href=\"https:\/\/jorntrahus.se\/en\/houses-holiday-homes-villas-outbuildings-kits\/\" class=\"button secondary is-xlarge box-shadow-5 jth-privat-portal-knapp-privat\" style=\"padding:0px 60px 0px 60px;\">\n\t\t<span>Private customer<\/span>\n\t<\/a>\n\n\t\t<\/div>\n\t\t\t\t\t<\/div>\n\n\t\n\n\t<div id=\"col-864655011\" class=\"col medium-6 small-12 large-6\"  >\n\t\t\t\t<div class=\"col-inner text-right\"  >\n\t\t\t\n\t\t\t\n<a href=\"https:\/\/jorntrahuspro.se\/\" class=\"button primary is-xlarge box-shadow-5 jth-privat-portal-knapp-pro\" style=\"padding:0px 60px 0px 60px;\">\n\t\t<span>Pro-customer<\/span>\n\t<\/a>\n\n\t\t<\/div>\n\t\t\t\t\t<\/div>\n\n\t\n<\/div>\n<div class=\"row show-for-small\"  id=\"row-1180408120\">\n\n\t<div id=\"col-1547321998\" class=\"col medium-6 small-6 large-6\"  >\n\t\t\t\t<div class=\"col-inner text-right\"  >\n\t\t\t\n\t\t\t\n<a href=\"https:\/\/jorntrahus.se\/en\/him\/\" class=\"button secondary is-larger jth-privat-portal-knapp-privat\" >\n\t\t<span>Private customer<\/span>\n\t<\/a>\n\n\t\t<\/div>\n\t\t\t\t\t<\/div>\n\n\t\n\n\t<div id=\"col-1500514370\" class=\"col medium-6 small-6 large-6\"  >\n\t\t\t\t<div class=\"col-inner text-left\"  >\n\t\t\t\n\t\t\t\n<a href=\"https:\/\/jorntrahuspro.se\/\" class=\"button primary is-larger jth-privat-portal-knapp-pro\" >\n\t\t<span>PRO-CUSTOMER<\/span>\n\t<\/a>\n\n\t\t<\/div>\n\t\t\t\t\t<\/div>\n\n\t\n<\/div>\n              <\/div>\n           <\/div>\n                            \n<style>\n#text-box-1665243907 {\n  width: 80%;\n}\n#text-box-1665243907 .text-box-content {\n  font-size: 100%;\n}\n<\/style>\n    <\/div>\n \n        <\/div>\n      <\/div>\n\n            \n<style>\n#banner-750471899 {\n  padding-top: 100%;\n}\n<\/style>\n  <\/div>\n\n\n\n  <div class=\"banner has-hover is-full-height show-for-small\" id=\"banner-1248521226\">\n          <div class=\"banner-inner fill\">\n        <div class=\"banner-bg fill\" >\n            <img loading=\"lazy\" decoding=\"async\" width=\"2500\" height=\"2000\" src=\"https:\/\/jorntrahus.se\/wp-content\/uploads\/2021\/09\/Portal-Privat-Pro-2021-2500x2000-ver5.jpg\" class=\"bg attachment-original size-original\" alt=\"Portal Private Pro 2021 2500x2000 ver5\" \/>                                    \n                    <\/div>\n\t\t\n        <div class=\"banner-layers container\">\n            <div class=\"fill banner-link\"><\/div>            \n   <div id=\"text-box-1810103040\" class=\"text-box banner-layer x50 md-x50 lg-x50 y50 md-y50 lg-y50 res-text\">\n                                <div class=\"text-box-content text dark\">\n              \n              <div class=\"text-inner text-center\">\n                  \n\t<div class=\"img has-hover x md-x lg-x y md-y lg-y\" id=\"image_1739891576\">\n\t\t<a class=\"\" href=\"https:\/\/jorntrahus.se\/en\/him\/\" >\t\t\t\t\t\t<div class=\"img-inner dark\" >\n\t\t\t<img loading=\"lazy\" decoding=\"async\" width=\"1020\" height=\"228\" src=\"https:\/\/jorntrahus.se\/wp-content\/uploads\/2021\/09\/Jorntrahus-logo-vit-stor-skugga-mild-webb-1200x268.png\" class=\"attachment-large size-large\" alt=\"Jorntrahus logo white large shade mild web\" srcset=\"https:\/\/jorntrahus.se\/wp-content\/uploads\/2021\/09\/Jorntrahus-logo-vit-stor-skugga-mild-webb-1200x268.png 1200w, https:\/\/jorntrahus.se\/wp-content\/uploads\/2021\/09\/Jorntrahus-logo-vit-stor-skugga-mild-webb-900x201.png 900w, https:\/\/jorntrahus.se\/wp-content\/uploads\/2021\/09\/Jorntrahus-logo-vit-stor-skugga-mild-webb-600x134.png 600w, https:\/\/jorntrahus.se\/wp-content\/uploads\/2021\/09\/Jorntrahus-logo-vit-stor-skugga-mild-webb-768x172.png 768w, https:\/\/jorntrahus.se\/wp-content\/uploads\/2021\/09\/Jorntrahus-logo-vit-stor-skugga-mild-webb.png 1350w\" sizes=\"auto, (max-width: 1020px) 100vw, 1020px\" \/>\t\t\t\t\t\t\n\t\t\t\t\t<\/div>\n\t\t\t\t\t\t<\/a>\t\t\n<style>\n#image_1739891576 {\n  width: 80%;\n}\n<\/style>\n\t<\/div>\n\t\n\t<div id=\"gap-1404376991\" class=\"gap-element clearfix\" style=\"display:block; height:auto;\">\n\t\t\n<style>\n#gap-1404376991 {\n  padding-top: 50px;\n}\n@media (min-width:550px) {\n  #gap-1404376991 {\n    padding-top: 100px;\n  }\n}\n<\/style>\n\t<\/div>\n\t\n<div class=\"row hide-for-small\"  id=\"row-334370817\">\n\n\t<div id=\"col-601052486\" class=\"col medium-6 small-12 large-6\"  >\n\t\t\t\t<div class=\"col-inner text-left\"  >\n\t\t\t\n\t\t\t\n<a href=\"https:\/\/jorntrahus.se\/en\/him\/\" class=\"button secondary is-xlarge box-shadow-5 jth-privat-portal-knapp-privat\" style=\"padding:0px 60px 0px 60px;\">\n\t\t<span>Private customer<\/span>\n\t<\/a>\n\n\t\t<\/div>\n\t\t\t\t\t<\/div>\n\n\t\n\n\t<div id=\"col-1268635881\" class=\"col medium-6 small-12 large-6\"  >\n\t\t\t\t<div class=\"col-inner text-right\"  >\n\t\t\t\n\t\t\t\n<a href=\"https:\/\/jorntrahuspro.se\/\" class=\"button primary is-xlarge box-shadow-5 jth-privat-portal-knapp-pro\" style=\"padding:0px 60px 0px 60px;\">\n\t\t<span>Pro-customer<\/span>\n\t<\/a>\n\n\t\t<\/div>\n\t\t\t\t\t<\/div>\n\n\t\n<\/div>\n<div class=\"row show-for-small\"  id=\"row-794786852\">\n\n\t<div id=\"col-1868227188\" class=\"col medium-6 small-6 large-6\"  >\n\t\t\t\t<div class=\"col-inner text-right\"  >\n\t\t\t\n\t\t\t\n<a href=\"https:\/\/jorntrahus.se\/en\/houses-holiday-homes-villas-outbuildings-kits\/\" class=\"button secondary is-larger jth-privat-portal-knapp-privat\" >\n\t\t<span>Private customer<\/span>\n\t<\/a>\n\n\t\t<\/div>\n\t\t\t\t\t<\/div>\n\n\t\n\n\t<div id=\"col-1359647192\" class=\"col medium-6 small-6 large-6\"  >\n\t\t\t\t<div class=\"col-inner text-left\"  >\n\t\t\t\n\t\t\t\n<a href=\"https:\/\/jorntrahuspro.se\/\" class=\"button primary is-larger jth-privat-portal-knapp-pro\" >\n\t\t<span>PRO-CUSTOMER<\/span>\n\t<\/a>\n\n\t\t<\/div>\n\t\t\t\t\t<\/div>\n\n\t\n<\/div>\n              <\/div>\n           <\/div>\n                            \n<style>\n#text-box-1810103040 {\n  width: 80%;\n}\n#text-box-1810103040 .text-box-content {\n  font-size: 100%;\n}\n<\/style>\n    <\/div>\n \n        <\/div>\n      <\/div>\n\n            \n<style>\n#banner-1248521226 {\n  padding-top: 100%;\n}\n<\/style>\n  <\/div>","protected":false},"excerpt":{"rendered":"","protected":false},"author":2,"featured_media":0,"parent":0,"menu_order":0,"comment_status":"closed","ping_status":"closed","template":"page-blank-landingpage.php","meta":{"footnotes":""},"class_list":["post-12984","page","type-page","status-publish","hentry"],"yoast_head":"<!-- This site is optimized with the Yoast SEO plugin v27.2 - https:\/\/yoast.com\/product\/yoast-seo-wordpress\/ -->\n<title>Fritidshus fr\u00e5n J\u00f6rntr\u00e4hus \u2013 flexibla husbyggsatser med kvalitet &amp; precision<\/title>\n<meta name=\"description\" content=\"Fritidshus som byggsats \u2013 ladhus, funkishus, timmerhus, vinkelhus, Attefallshus, Bolundare, stuga, villa, parhus &amp; flerfamiljshus\" \/>\n<meta name=\"robots\" content=\"index, follow, max-snippet:-1, max-image-preview:large, max-video-preview:-1\" \/>\n<link rel=\"canonical\" href=\"https:\/\/jorntrahus.se\/en\/\" \/>\n<meta property=\"og:locale\" content=\"en_GB\" \/>\n<meta property=\"og:type\" content=\"article\" \/>\n<meta property=\"og:title\" content=\"Fritidshus fr\u00e5n J\u00f6rntr\u00e4hus \u2013 flexibla husbyggsatser med kvalitet &amp; precision\" \/>\n<meta property=\"og:description\" content=\"Fritidshus som byggsats \u2013 ladhus, funkishus, timmerhus, vinkelhus, Attefallshus, Bolundare, stuga, villa, parhus &amp; flerfamiljshus\" \/>\n<meta property=\"og:url\" content=\"https:\/\/jorntrahus.se\/en\/\" \/>\n<meta property=\"og:site_name\" content=\"J\u00f6rntr\u00e4hus\" \/>\n<meta property=\"article:modified_time\" content=\"2025-10-08T15:13:39+00:00\" \/>\n<meta name=\"twitter:card\" content=\"summary_large_image\" \/>\n<meta name=\"twitter:label1\" content=\"Estimated reading time\" \/>\n\t<meta name=\"twitter:data1\" content=\"1 minute\" \/>\n<script type=\"application\/ld+json\" class=\"yoast-schema-graph\">{\"@context\":\"https:\/\/schema.org\",\"@graph\":[{\"@type\":\"WebPage\",\"@id\":\"https:\/\/jorntrahus.se\/\",\"url\":\"https:\/\/jorntrahus.se\/\",\"name\":\"Fritidshus fr\u00e5n J\u00f6rntr\u00e4hus \u2013 flexibla husbyggsatser med kvalitet & precision\",\"isPartOf\":{\"@id\":\"https:\/\/jorntrahus.se\/#website\"},\"datePublished\":\"2021-09-17T10:25:27+00:00\",\"dateModified\":\"2025-10-08T15:13:39+00:00\",\"description\":\"Fritidshus som byggsats \u2013 ladhus, funkishus, timmerhus, vinkelhus, Attefallshus, Bolundare, stuga, villa, parhus & flerfamiljshus\",\"breadcrumb\":{\"@id\":\"https:\/\/jorntrahus.se\/#breadcrumb\"},\"inLanguage\":\"en-GB\",\"potentialAction\":[{\"@type\":\"ReadAction\",\"target\":[\"https:\/\/jorntrahus.se\/\"]}]},{\"@type\":\"BreadcrumbList\",\"@id\":\"https:\/\/jorntrahus.se\/#breadcrumb\",\"itemListElement\":[{\"@type\":\"ListItem\",\"position\":1,\"name\":\"Hem\",\"item\":\"https:\/\/jorntrahus.se\/\"},{\"@type\":\"ListItem\",\"position\":2,\"name\":\"Hem Portal\"}]},{\"@type\":\"WebSite\",\"@id\":\"https:\/\/jorntrahus.se\/#website\",\"url\":\"https:\/\/jorntrahus.se\/\",\"name\":\"J\u00f6rntr\u00e4hus\",\"description\":\"Hus f\u00f6r den medvetne\",\"publisher\":{\"@id\":\"https:\/\/jorntrahus.se\/#organization\"},\"potentialAction\":[{\"@type\":\"SearchAction\",\"target\":{\"@type\":\"EntryPoint\",\"urlTemplate\":\"https:\/\/jorntrahus.se\/?s={search_term_string}\"},\"query-input\":{\"@type\":\"PropertyValueSpecification\",\"valueRequired\":true,\"valueName\":\"search_term_string\"}}],\"inLanguage\":\"en-GB\"},{\"@type\":\"Organization\",\"@id\":\"https:\/\/jorntrahus.se\/#organization\",\"name\":\"J\u00f6rntr\u00e4hus\",\"url\":\"https:\/\/jorntrahus.se\/\",\"logo\":{\"@type\":\"ImageObject\",\"inLanguage\":\"en-GB\",\"@id\":\"https:\/\/jorntrahus.se\/#\/schema\/logo\/image\/\",\"url\":\"https:\/\/jorntrahus.se\/wp-content\/uploads\/2020\/09\/Jorntrahus_Grund_CMYK.eps\",\"contentUrl\":\"https:\/\/jorntrahus.se\/wp-content\/uploads\/2020\/09\/Jorntrahus_Grund_CMYK.eps\",\"width\":1,\"height\":1,\"caption\":\"J\u00f6rntr\u00e4hus\"},\"image\":{\"@id\":\"https:\/\/jorntrahus.se\/#\/schema\/logo\/image\/\"}}]}<\/script>\n<!-- \/ Yoast SEO plugin. -->","yoast_head_json":{"title":"Holiday homes from J\u00f6rntr\u00e4hus - flexible house building kits with quality &amp; precision","description":"Holiday homes as a kit - barn house, functional house, log house, angular house, Attefallshus, Bolundare, cottage, villa, semi-detached house &amp; multi-family house","robots":{"index":"index","follow":"follow","max-snippet":"max-snippet:-1","max-image-preview":"max-image-preview:large","max-video-preview":"max-video-preview:-1"},"canonical":"https:\/\/jorntrahus.se\/en\/","og_locale":"en_GB","og_type":"article","og_title":"Fritidshus fr\u00e5n J\u00f6rntr\u00e4hus \u2013 flexibla husbyggsatser med kvalitet & precision","og_description":"Fritidshus som byggsats \u2013 ladhus, funkishus, timmerhus, vinkelhus, Attefallshus, Bolundare, stuga, villa, parhus & flerfamiljshus","og_url":"https:\/\/jorntrahus.se\/en\/","og_site_name":"J\u00f6rntr\u00e4hus","article_modified_time":"2025-10-08T15:13:39+00:00","twitter_card":"summary_large_image","twitter_misc":{"Estimated reading time":"1 minute"},"schema":{"@context":"https:\/\/schema.org","@graph":[{"@type":"WebPage","@id":"https:\/\/jorntrahus.se\/","url":"https:\/\/jorntrahus.se\/","name":"Holiday homes from J\u00f6rntr\u00e4hus - flexible house building kits with quality &amp; precision","isPartOf":{"@id":"https:\/\/jorntrahus.se\/#website"},"datePublished":"2021-09-17T10:25:27+00:00","dateModified":"2025-10-08T15:13:39+00:00","description":"Holiday homes as a kit - barn house, functional house, log house, angular house, Attefallshus, Bolundare, cottage, villa, semi-detached house &amp; multi-family house","breadcrumb":{"@id":"https:\/\/jorntrahus.se\/#breadcrumb"},"inLanguage":"en-GB","potentialAction":[{"@type":"ReadAction","target":["https:\/\/jorntrahus.se\/"]}]},{"@type":"BreadcrumbList","@id":"https:\/\/jorntrahus.se\/#breadcrumb","itemListElement":[{"@type":"ListItem","position":1,"name":"Hem","item":"https:\/\/jorntrahus.se\/"},{"@type":"ListItem","position":2,"name":"Hem Portal"}]},{"@type":"WebSite","@id":"https:\/\/jorntrahus.se\/#website","url":"https:\/\/jorntrahus.se\/","name":"J\u00f6rntr\u00e4hus","description":"Houses for the conscious","publisher":{"@id":"https:\/\/jorntrahus.se\/#organization"},"potentialAction":[{"@type":"SearchAction","target":{"@type":"EntryPoint","urlTemplate":"https:\/\/jorntrahus.se\/?s={search_term_string}"},"query-input":{"@type":"PropertyValueSpecification","valueRequired":true,"valueName":"search_term_string"}}],"inLanguage":"en-GB"},{"@type":"Organization","@id":"https:\/\/jorntrahus.se\/#organization","name":"J\u00f6rntr\u00e4hus","url":"https:\/\/jorntrahus.se\/","logo":{"@type":"ImageObject","inLanguage":"en-GB","@id":"https:\/\/jorntrahus.se\/#\/schema\/logo\/image\/","url":"https:\/\/jorntrahus.se\/wp-content\/uploads\/2020\/09\/Jorntrahus_Grund_CMYK.eps","contentUrl":"https:\/\/jorntrahus.se\/wp-content\/uploads\/2020\/09\/Jorntrahus_Grund_CMYK.eps","width":1,"height":1,"caption":"J\u00f6rntr\u00e4hus"},"image":{"@id":"https:\/\/jorntrahus.se\/#\/schema\/logo\/image\/"}}]}},"publishpress_future_action":{"enabled":false,"date":"2026-05-06 14:48:22","action":"change-status","newStatus":"draft","terms":[],"taxonomy":"","extraData":[]},"publishpress_future_workflow_manual_trigger":{"enabledWorkflows":[]},"_links":{"self":[{"href":"https:\/\/jorntrahus.se\/en\/wp-json\/wp\/v2\/pages\/12984","targetHints":{"allow":["GET"]}}],"collection":[{"href":"https:\/\/jorntrahus.se\/en\/wp-json\/wp\/v2\/pages"}],"about":[{"href":"https:\/\/jorntrahus.se\/en\/wp-json\/wp\/v2\/types\/page"}],"author":[{"embeddable":true,"href":"https:\/\/jorntrahus.se\/en\/wp-json\/wp\/v2\/users\/2"}],"replies":[{"embeddable":true,"href":"https:\/\/jorntrahus.se\/en\/wp-json\/wp\/v2\/comments?post=12984"}],"version-history":[{"count":6,"href":"https:\/\/jorntrahus.se\/en\/wp-json\/wp\/v2\/pages\/12984\/revisions"}],"predecessor-version":[{"id":15116,"href":"https:\/\/jorntrahus.se\/en\/wp-json\/wp\/v2\/pages\/12984\/revisions\/15116"}],"wp:attachment":[{"href":"https:\/\/jorntrahus.se\/en\/wp-json\/wp\/v2\/media?parent=12984"}],"curies":[{"name":"wp","href":"https:\/\/api.w.org\/{rel}","templated":true}]}}