{"id":13136,"date":"2023-02-16T11:27:16","date_gmt":"2023-02-16T10:27:16","guid":{"rendered":"https:\/\/jorntrahus.se\/?page_id=13136"},"modified":"2026-01-30T14:24:38","modified_gmt":"2026-01-30T13:24:38","slug":"contact-us","status":"publish","type":"page","link":"https:\/\/jorntrahus.se\/en\/kontakta-oss\/","title":{"rendered":"Contact us at"},"content":{"rendered":"<div id=\"gap-688686335\" class=\"gap-element clearfix\" style=\"display:block; height:auto;\">\n\t\t\n<style>\n#gap-688686335 {\n  padding-top: 60px;\n}\n<\/style>\n\t<\/div>\n\t\n\n\t\t<div class=\"tabbed-content\">\n\t\t\t\n\t\t\t<ul class=\"nav nav-tabs nav-uppercase nav-size-normal nav-center\" role=\"tablist\"><li id=\"tab-s\u00c4ljare-&amp;-tj\u00c4nstem\u00c4n\" class=\"tab active has-icon\" role=\"presentation\"><a href=\"#tab_s\u00c4ljare-&amp;-tj\u00c4nstem\u00c4n\" role=\"tab\" aria-selected=\"true\" aria-controls=\"tab_s\u00c4ljare-&amp;-tj\u00c4nstem\u00c4n\"><span>SALES REPRESENTATIVES &amp; OFFICIALS<\/span><\/a><\/li>\n<li id=\"tab-kontor-&amp;-fabrik\" class=\"tab has-icon\" role=\"presentation\"><a href=\"#tab_kontor-&amp;-fabrik\" tabindex=\"-1\" role=\"tab\" aria-selected=\"false\" aria-controls=\"tab_kontor-&amp;-fabrik\"><span>OFFICE &amp; FACTORY<\/span><\/a><\/li><\/ul><div class=\"tab-panels\"><div id=\"tab_s\u00c4ljare-&amp;-tj\u00c4nstem\u00c4n\" class=\"panel active entry-content\" role=\"tabpanel\" aria-labelledby=\"tab-s\u00c4ljare-&amp;-tj\u00c4nstem\u00c4n\">\n<div class=\"row align-center\"  id=\"row-110695227\">\n\n\t<div id=\"col-333378288\" class=\"col medium-8 large-8\"  >\n\t\t\t\t<div class=\"col-inner text-center\"  >\n\t\t\t\n\t\t\t\n<h1 style=\"text-align: center\">Our officials<\/h1>\n<div class=\"text-center\"><div class=\"is-divider divider clearfix\" style=\"max-width:100px;background-color:rgb(239, 153, 40);\"><\/div><\/div>\n\t\t<\/div>\n\t\t\t\t\n<style>\n#col-333378288 > .col-inner {\n  padding: 0px 0px 0 0px;\n  margin: 0px 0px 0 0px;\n}\n<\/style>\n\t<\/div>\n\n\t\n\n<style>\n#row-110695227 > .col > .col-inner {\n  padding: 30px 30px 30px 30px;\n}\n<\/style>\n<\/div>\n<div class=\"row\"  id=\"row-1872402480\">\n\n\t<div id=\"col-686111690\" class=\"col medium-4 small-12 large-4\"  >\n\t\t\t\t<div class=\"col-inner\"  >\n\t\t\t\n\t\t\t\n\t<div class=\"box has-hover   has-hover box-text-bottom\" >\n\n\t\t<div class=\"box-image\" >\n\t\t\t\t\t\t<div class=\"\" >\n\t\t\t\t<img loading=\"lazy\" decoding=\"async\" width=\"300\" height=\"400\" src=\"https:\/\/jorntrahus.se\/wp-content\/uploads\/2022\/12\/Anders-Lundqvist-Jorntrahus-Kontakta-oss.jpg\" class=\"attachment- size-\" alt=\"Anders Lundqvist Jorntrahus Contact us\" \/>\t\t\t\t\t\t\t\t\t\t\t<\/div>\n\t\t\t\t\t<\/div>\n\n\t\t<div class=\"box-text text-center\" style=\"background-color:rgb(247, 247, 247);\">\n\t\t\t<div class=\"box-text-inner\">\n\t\t\t\t\n<h4>Mr Anders Lundkvist<\/h4>\n<p>CEO<\/p>\n<p style=\"font-weight: 400;\"><a href=\"mailto:info@jorntrahus.se\">info@jorntrahus.se<\/a><br \/><a href=\"tel:0046101307804\">+46 10-130 78 16<\/a><\/p>\n\t\t\t<\/div>\n\t\t<\/div>\n\t<\/div>\n\t\n\t\t<\/div>\n\t\t\t\t\t<\/div>\n\n\t\n\n\t<div id=\"col-1723510784\" class=\"col medium-4 small-12 large-4\"  >\n\t\t\t\t<div class=\"col-inner\"  >\n\t\t\t\n\t\t\t\n\t\t<\/div>\n\t\t\t\t\t<\/div>\n\n\t\n\n\t<div id=\"col-1394043070\" class=\"col medium-4 small-12 large-4\"  >\n\t\t\t\t<div class=\"col-inner\"  >\n\t\t\t\n\t\t\t\n\t\t<\/div>\n\t\t\t\t\t<\/div>\n\n\t\n<\/div>\n<\/div>\n<div id=\"tab_kontor-&amp;-fabrik\" class=\"panel entry-content\" role=\"tabpanel\" aria-labelledby=\"tab-kontor-&amp;-fabrik\">\n\t<div id=\"gap-285130086\" class=\"gap-element clearfix\" style=\"display:block; height:auto;\">\n\t\t\n<style>\n#gap-285130086 {\n  padding-top: 60px;\n}\n<\/style>\n\t<\/div>\n\t\n<div class=\"container section-title-container\" ><h3 class=\"section-title section-title-center\"><b aria-hidden=\"true\"><\/b><span class=\"section-title-main\" >J\u00f6rntr\u00e4hus i J\u00f6rn AB<\/span><b aria-hidden=\"true\"><\/b><\/h3><\/div>\n<div class=\"row\"  id=\"row-1989979911\">\n\n\t<div id=\"col-1266660116\" class=\"col large-12\"  >\n\t\t\t\t<div class=\"col-inner\"  >\n\t\t\t\n\t\t\t\n<p class=\"uppercase\"><strong>Production Plant &amp; Office<\/strong><\/p>\n<p>Folkparksv\u00e4gen, Factory area<br \/>936 51 J\u00f6rn<\/p>\n<a href=\"https:\/\/goo.gl\/maps\/hm7gcz7fm6PPkJXDA\" target=\"_blank\" class=\"button primary is-primary is-medium\" rel=\"noopener\" >\n\t\t<span>Google Maps<\/span>\n\t<\/a>\n\n\t\t<\/div>\n\t\t\t\t\t<\/div>\n\n\t\n<\/div>\n<div class=\"is-divider divider clearfix\" style=\"max-width:100%;\"><\/div>\n<div class=\"row\"  id=\"row-814193754\">\n\n\t<div id=\"col-2032538166\" class=\"col medium-4 large-4\"  >\n\t\t\t\t<div class=\"col-inner\"  >\n\t\t\t\n\t\t\t\n<p><span class=\"thin-font\">Phone number<\/span> <a href=\"tel:010-130 78 80\">010-130 78 80<\/a><br \/><span class=\"thin-font\">E-mail address<\/span> <a href=\"mailto:info@jorntrahus.se\">info@jorntrahus.se<\/a><\/p>\n\t\t<\/div>\n\t\t\t\t\t<\/div>\n\n\t\n\n\t<div id=\"col-1959922705\" class=\"col medium-4 large-4\"  >\n\t\t\t\t<div class=\"col-inner\"  >\n\t\t\t\n\t\t\t\n<p><span class=\"thin-font\">Org. no.<\/span> 556947-6525<br \/><span class=\"thin-font\">Bank transfer<\/span> 511-3469<\/p>\n\t\t<\/div>\n\t\t\t\t\t<\/div>\n\n\t\n\n\t<div id=\"col-2073758737\" class=\"col medium-4 large-4\"  >\n\t\t\t\t<div class=\"col-inner\"  >\n\t\t\t\n\t\t\t\n<p><span class=\"thin-font\">Billing address<br \/><\/span><strong>J\u00f6rntr\u00e4hus i J\u00f6rn AB<br \/><\/strong>Svedjev\u00e4gen 1<br \/>931 36 Skellefte\u00e5<br \/><a href=\"mailto:faktura@jorntrahus.se\">faktura@jorntrahus.se<\/a><\/p>\n\t\t<\/div>\n\t\t\t\t\t<\/div>\n\n\t\n<\/div>\n<\/div><\/div><\/div>","protected":false},"excerpt":{"rendered":"","protected":false},"author":2,"featured_media":0,"parent":0,"menu_order":0,"comment_status":"closed","ping_status":"closed","template":"","meta":{"footnotes":""},"class_list":["post-13136","page","type-page","status-publish","hentry"],"yoast_head":"<!-- This site is optimized with the Yoast SEO plugin v27.2 - https:\/\/yoast.com\/product\/yoast-seo-wordpress\/ -->\n<title>J\u00f6rntr\u00e4hus \u2013 kontakta v\u00e5ra huss\u00e4ljare f\u00f6r fr\u00e5gor om v\u00e5ra fritidshus &amp; villor<\/title>\n<meta name=\"description\" content=\"Kontakta J\u00f6rntr\u00e4hus n\u00e4r du har fr\u00e5gor kring nyproduktion av fritidshus &amp; villa. Vi f\u00f6rklarar allt kring v\u00e5ra timmerhus, husmodeller, byggsatser, hustillval.\" \/>\n<meta name=\"robots\" content=\"index, follow, max-snippet:-1, max-image-preview:large, max-video-preview:-1\" \/>\n<link rel=\"canonical\" href=\"https:\/\/jorntrahus.se\/en\/contact-us\/\" \/>\n<meta property=\"og:locale\" content=\"en_GB\" \/>\n<meta property=\"og:type\" content=\"article\" \/>\n<meta property=\"og:title\" content=\"J\u00f6rntr\u00e4hus \u2013 kontakta v\u00e5ra huss\u00e4ljare f\u00f6r fr\u00e5gor om v\u00e5ra fritidshus &amp; villor\" \/>\n<meta property=\"og:description\" content=\"Kontakta J\u00f6rntr\u00e4hus n\u00e4r du har fr\u00e5gor kring nyproduktion av fritidshus &amp; villa. Vi f\u00f6rklarar allt kring v\u00e5ra timmerhus, husmodeller, byggsatser, hustillval.\" \/>\n<meta property=\"og:url\" content=\"https:\/\/jorntrahus.se\/en\/contact-us\/\" \/>\n<meta property=\"og:site_name\" content=\"J\u00f6rntr\u00e4hus\" \/>\n<meta property=\"article:modified_time\" content=\"2026-01-30T13:24:38+00:00\" \/>\n<meta name=\"twitter:card\" content=\"summary_large_image\" \/>\n<meta name=\"twitter:label1\" content=\"Estimated reading time\" \/>\n\t<meta name=\"twitter:data1\" content=\"1 minute\" \/>\n<script type=\"application\/ld+json\" class=\"yoast-schema-graph\">{\"@context\":\"https:\/\/schema.org\",\"@graph\":[{\"@type\":\"WebPage\",\"@id\":\"https:\/\/jorntrahus.se\/kontakta-oss\/\",\"url\":\"https:\/\/jorntrahus.se\/kontakta-oss\/\",\"name\":\"J\u00f6rntr\u00e4hus \u2013 kontakta v\u00e5ra huss\u00e4ljare f\u00f6r fr\u00e5gor om v\u00e5ra fritidshus & villor\",\"isPartOf\":{\"@id\":\"https:\/\/jorntrahus.se\/#website\"},\"datePublished\":\"2023-02-16T10:27:16+00:00\",\"dateModified\":\"2026-01-30T13:24:38+00:00\",\"description\":\"Kontakta J\u00f6rntr\u00e4hus n\u00e4r du har fr\u00e5gor kring nyproduktion av fritidshus & villa. Vi f\u00f6rklarar allt kring v\u00e5ra timmerhus, husmodeller, byggsatser, hustillval.\",\"breadcrumb\":{\"@id\":\"https:\/\/jorntrahus.se\/kontakta-oss\/#breadcrumb\"},\"inLanguage\":\"en-GB\",\"potentialAction\":[{\"@type\":\"ReadAction\",\"target\":[\"https:\/\/jorntrahus.se\/kontakta-oss\/\"]}]},{\"@type\":\"BreadcrumbList\",\"@id\":\"https:\/\/jorntrahus.se\/kontakta-oss\/#breadcrumb\",\"itemListElement\":[{\"@type\":\"ListItem\",\"position\":1,\"name\":\"Hem\",\"item\":\"https:\/\/jorntrahus.se\/\"},{\"@type\":\"ListItem\",\"position\":2,\"name\":\"Kontakta oss\"}]},{\"@type\":\"WebSite\",\"@id\":\"https:\/\/jorntrahus.se\/#website\",\"url\":\"https:\/\/jorntrahus.se\/\",\"name\":\"J\u00f6rntr\u00e4hus\",\"description\":\"Hus f\u00f6r den medvetne\",\"publisher\":{\"@id\":\"https:\/\/jorntrahus.se\/#organization\"},\"potentialAction\":[{\"@type\":\"SearchAction\",\"target\":{\"@type\":\"EntryPoint\",\"urlTemplate\":\"https:\/\/jorntrahus.se\/?s={search_term_string}\"},\"query-input\":{\"@type\":\"PropertyValueSpecification\",\"valueRequired\":true,\"valueName\":\"search_term_string\"}}],\"inLanguage\":\"en-GB\"},{\"@type\":\"Organization\",\"@id\":\"https:\/\/jorntrahus.se\/#organization\",\"name\":\"J\u00f6rntr\u00e4hus\",\"url\":\"https:\/\/jorntrahus.se\/\",\"logo\":{\"@type\":\"ImageObject\",\"inLanguage\":\"en-GB\",\"@id\":\"https:\/\/jorntrahus.se\/#\/schema\/logo\/image\/\",\"url\":\"https:\/\/jorntrahus.se\/wp-content\/uploads\/2020\/09\/Jorntrahus_Grund_CMYK.eps\",\"contentUrl\":\"https:\/\/jorntrahus.se\/wp-content\/uploads\/2020\/09\/Jorntrahus_Grund_CMYK.eps\",\"width\":1,\"height\":1,\"caption\":\"J\u00f6rntr\u00e4hus\"},\"image\":{\"@id\":\"https:\/\/jorntrahus.se\/#\/schema\/logo\/image\/\"}}]}<\/script>\n<!-- \/ Yoast SEO plugin. -->","yoast_head_json":{"title":"J\u00f6rntr\u00e4hus - contact our house sellers for questions about our holiday homes &amp; villas","description":"Contact J\u00f6rntr\u00e4hus when you have questions about new production of holiday homes &amp; villas. We explain everything about our log houses, house models, building kits, house options.","robots":{"index":"index","follow":"follow","max-snippet":"max-snippet:-1","max-image-preview":"max-image-preview:large","max-video-preview":"max-video-preview:-1"},"canonical":"https:\/\/jorntrahus.se\/en\/contact-us\/","og_locale":"en_GB","og_type":"article","og_title":"J\u00f6rntr\u00e4hus \u2013 kontakta v\u00e5ra huss\u00e4ljare f\u00f6r fr\u00e5gor om v\u00e5ra fritidshus & villor","og_description":"Kontakta J\u00f6rntr\u00e4hus n\u00e4r du har fr\u00e5gor kring nyproduktion av fritidshus & villa. Vi f\u00f6rklarar allt kring v\u00e5ra timmerhus, husmodeller, byggsatser, hustillval.","og_url":"https:\/\/jorntrahus.se\/en\/contact-us\/","og_site_name":"J\u00f6rntr\u00e4hus","article_modified_time":"2026-01-30T13:24:38+00:00","twitter_card":"summary_large_image","twitter_misc":{"Estimated reading time":"1 minute"},"schema":{"@context":"https:\/\/schema.org","@graph":[{"@type":"WebPage","@id":"https:\/\/jorntrahus.se\/kontakta-oss\/","url":"https:\/\/jorntrahus.se\/kontakta-oss\/","name":"J\u00f6rntr\u00e4hus - contact our house sellers for questions about our holiday homes &amp; villas","isPartOf":{"@id":"https:\/\/jorntrahus.se\/#website"},"datePublished":"2023-02-16T10:27:16+00:00","dateModified":"2026-01-30T13:24:38+00:00","description":"Contact J\u00f6rntr\u00e4hus when you have questions about new production of holiday homes &amp; villas. We explain everything about our log houses, house models, building kits, house options.","breadcrumb":{"@id":"https:\/\/jorntrahus.se\/kontakta-oss\/#breadcrumb"},"inLanguage":"en-GB","potentialAction":[{"@type":"ReadAction","target":["https:\/\/jorntrahus.se\/kontakta-oss\/"]}]},{"@type":"BreadcrumbList","@id":"https:\/\/jorntrahus.se\/kontakta-oss\/#breadcrumb","itemListElement":[{"@type":"ListItem","position":1,"name":"Hem","item":"https:\/\/jorntrahus.se\/"},{"@type":"ListItem","position":2,"name":"Kontakta oss"}]},{"@type":"WebSite","@id":"https:\/\/jorntrahus.se\/#website","url":"https:\/\/jorntrahus.se\/","name":"J\u00f6rntr\u00e4hus","description":"Houses for the conscious","publisher":{"@id":"https:\/\/jorntrahus.se\/#organization"},"potentialAction":[{"@type":"SearchAction","target":{"@type":"EntryPoint","urlTemplate":"https:\/\/jorntrahus.se\/?s={search_term_string}"},"query-input":{"@type":"PropertyValueSpecification","valueRequired":true,"valueName":"search_term_string"}}],"inLanguage":"en-GB"},{"@type":"Organization","@id":"https:\/\/jorntrahus.se\/#organization","name":"J\u00f6rntr\u00e4hus","url":"https:\/\/jorntrahus.se\/","logo":{"@type":"ImageObject","inLanguage":"en-GB","@id":"https:\/\/jorntrahus.se\/#\/schema\/logo\/image\/","url":"https:\/\/jorntrahus.se\/wp-content\/uploads\/2020\/09\/Jorntrahus_Grund_CMYK.eps","contentUrl":"https:\/\/jorntrahus.se\/wp-content\/uploads\/2020\/09\/Jorntrahus_Grund_CMYK.eps","width":1,"height":1,"caption":"J\u00f6rntr\u00e4hus"},"image":{"@id":"https:\/\/jorntrahus.se\/#\/schema\/logo\/image\/"}}]}},"publishpress_future_action":{"enabled":false,"date":"2026-04-29 13:55:45","action":"change-status","newStatus":"draft","terms":[],"taxonomy":"","extraData":[]},"publishpress_future_workflow_manual_trigger":{"enabledWorkflows":[]},"_links":{"self":[{"href":"https:\/\/jorntrahus.se\/en\/wp-json\/wp\/v2\/pages\/13136","targetHints":{"allow":["GET"]}}],"collection":[{"href":"https:\/\/jorntrahus.se\/en\/wp-json\/wp\/v2\/pages"}],"about":[{"href":"https:\/\/jorntrahus.se\/en\/wp-json\/wp\/v2\/types\/page"}],"author":[{"embeddable":true,"href":"https:\/\/jorntrahus.se\/en\/wp-json\/wp\/v2\/users\/2"}],"replies":[{"embeddable":true,"href":"https:\/\/jorntrahus.se\/en\/wp-json\/wp\/v2\/comments?post=13136"}],"version-history":[{"count":37,"href":"https:\/\/jorntrahus.se\/en\/wp-json\/wp\/v2\/pages\/13136\/revisions"}],"predecessor-version":[{"id":15152,"href":"https:\/\/jorntrahus.se\/en\/wp-json\/wp\/v2\/pages\/13136\/revisions\/15152"}],"wp:attachment":[{"href":"https:\/\/jorntrahus.se\/en\/wp-json\/wp\/v2\/media?parent=13136"}],"curies":[{"name":"wp","href":"https:\/\/api.w.org\/{rel}","templated":true}]}}