{"id":7173,"date":"2018-01-05T11:50:25","date_gmt":"2018-01-05T10:50:25","guid":{"rendered":"https:\/\/jorntrahus.se\/?page_id=7173"},"modified":"2021-04-26T16:37:28","modified_gmt":"2021-04-26T14:37:28","slug":"flexible-drawings","status":"publish","type":"page","link":"https:\/\/jorntrahus.se\/en\/flexibla-losningar\/","title":{"rendered":"Flexible solutions"},"content":{"rendered":"<div id=\"gap-1791834257\" class=\"gap-element clearfix\" style=\"display:block; height:auto;\">\n\t\t\n<style>\n#gap-1791834257 {\n  padding-top: 60px;\n}\n<\/style>\n\t<\/div>\n\t\n<div class=\"row\"  id=\"row-204552034\">\n\n\t<div id=\"col-730284040\" class=\"col medium-8 small-12 large-8\"  >\n\t\t\t\t<div class=\"col-inner\"  >\n\t\t\t\n\t\t\t\n<h1><span style=\"font-size: 150%\">Flexible solutions<\/span><\/h1>\n<h2><span style=\"color: #999999\">You decide the final design of your house.<\/span><\/h2>\n<p>J\u00f6rntr\u00e4hus's wide range of models covers most requirements when it comes to holiday homes. However, it is very difficult to offer a universal model to suit all tastes.<\/p>\n<p>We present a large number of holiday homes in our model programme, each with its own specific floor plan. This is in an attempt to be able to suit the vast majority of tastes and needs, after all, there are homeowners who need to make some changes from the original in order to create their dream home.<\/p>\n<p>With our help, you can adjust and change our standard houses both inside and out, naturally within the limits of what is technically possible.<\/p>\n<p>Flexibility is something that J\u00f6rntr\u00e4hus has always offered and embraced, this has allowed us to deliver customised solutions to all homeowners who have wanted to create a more personal home.<\/p>\n<p>Here you will find a number of examples of how to change the floor plan based on one of our standard houses without affecting the building space or the construction of the house body. Door and window placement are minor interventions that must of course be adjusted based on these examples. These types of changes can, in close co-operation with us at J\u00f6rntr\u00e4hus, be made to all our house models.<\/p>\n\t\t<\/div>\n\t\t\t\t\n<style>\n#col-730284040 > .col-inner {\n  padding: 0px 100px 0px 0px;\n}\n<\/style>\n\t<\/div>\n\n\t\n\n\t<div id=\"col-396837338\" class=\"col medium-4 small-12 large-4\"  >\n\t\t\t\t<div class=\"col-inner\"  >\n\t\t\t\n\t\t\t\n\t<div class=\"box has-hover   has-hover box-text-bottom\" >\n\n\t\t<div class=\"box-image\" >\n\t\t\t\t\t\t<div class=\"\" >\n\t\t\t\t<img loading=\"lazy\" decoding=\"async\" width=\"1500\" height=\"1000\" src=\"https:\/\/jorntrahus.se\/wp-content\/uploads\/2017\/12\/\u00c5liden-M-3D.jpg\" class=\"attachment- size-\" alt=\"\" srcset=\"https:\/\/jorntrahus.se\/wp-content\/uploads\/2017\/12\/\u00c5liden-M-3D.jpg 1500w, https:\/\/jorntrahus.se\/wp-content\/uploads\/2017\/12\/\u00c5liden-M-3D-600x400.jpg 600w, https:\/\/jorntrahus.se\/wp-content\/uploads\/2017\/12\/\u00c5liden-M-3D-900x600.jpg 900w, https:\/\/jorntrahus.se\/wp-content\/uploads\/2017\/12\/\u00c5liden-M-3D-768x512.jpg 768w, https:\/\/jorntrahus.se\/wp-content\/uploads\/2017\/12\/\u00c5liden-M-3D-1200x800.jpg 1200w\" sizes=\"auto, (max-width: 1500px) 100vw, 1500px\" \/>\t\t\t\t\t\t\t\t\t\t\t<\/div>\n\t\t\t\t\t<\/div>\n\n\t\t<div class=\"box-text text-center\" >\n\t\t\t<div class=\"box-text-inner\">\n\t\t\t\t\n<h4>\u00c5liden<\/h4>\n<p>In this example we have used the \u00c5liden house model. Below you see a picture of the facade but also the floor plan that we usually use.<\/p>\n\t<div id=\"gap-1559103885\" class=\"gap-element clearfix\" style=\"display:block; height:auto;\">\n\t\t\n<style>\n#gap-1559103885 {\n  padding-top: 30px;\n}\n<\/style>\n\t<\/div>\n\t\n\t\t\t<\/div>\n\t\t<\/div>\n\t<\/div>\n\t\n\t<div class=\"box has-hover   has-hover box-text-bottom\" >\n\n\t\t<div class=\"box-image\" style=\"width:80%;\">\n\t\t\t\t\t\t<div class=\"\" >\n\t\t\t\t<img loading=\"lazy\" decoding=\"async\" width=\"1200\" height=\"898\" src=\"https:\/\/jorntrahus.se\/wp-content\/uploads\/2017\/12\/\u00c5liden-M-plan-1-3D.png\" class=\"attachment- size-\" alt=\"\" srcset=\"https:\/\/jorntrahus.se\/wp-content\/uploads\/2017\/12\/\u00c5liden-M-plan-1-3D.png 1200w, https:\/\/jorntrahus.se\/wp-content\/uploads\/2017\/12\/\u00c5liden-M-plan-1-3D-900x674.png 900w, https:\/\/jorntrahus.se\/wp-content\/uploads\/2017\/12\/\u00c5liden-M-plan-1-3D-600x449.png 600w, https:\/\/jorntrahus.se\/wp-content\/uploads\/2017\/12\/\u00c5liden-M-plan-1-3D-768x575.png 768w\" sizes=\"auto, (max-width: 1200px) 100vw, 1200px\" \/>\t\t\t\t\t\t\t\t\t\t\t<\/div>\n\t\t\t\t\t<\/div>\n\n\t\t<div class=\"box-text text-center\" >\n\t\t\t<div class=\"box-text-inner\">\n\t\t\t\t\n\t<div id=\"gap-306045894\" class=\"gap-element clearfix\" style=\"display:block; height:auto;\">\n\t\t\n<style>\n#gap-306045894 {\n  padding-top: 30px;\n}\n<\/style>\n\t<\/div>\n\t\n<a href=\"\/en\/house-model\/alides\/\" class=\"button primary is-outline\" >\n\t\t<span>MORE ABOUT AGING<\/span>\n\t<\/a>\n\n\t\t\t<\/div>\n\t\t<\/div>\n\t<\/div>\n\t\n\t\t<\/div>\n\t\t\t\t\t<\/div>\n\n\t\n<\/div>\n\n\t<section class=\"section\" id=\"section_105241838\">\n\t\t<div class=\"section-bg fill\" >\n\t\t\t\t\t\t\t\t\t<div class=\"section-bg-overlay absolute fill\"><\/div>\n\t\t\t\n\n\t\t<\/div>\n\n\t\t\n\n\t\t<div class=\"section-content relative\">\n\t\t\t\n<div class=\"row row-large align-middle\"  id=\"row-1158195931\">\n\n\t<div id=\"col-109292646\" class=\"col medium-6 small-12 large-6\"  >\n\t\t\t\t<div class=\"col-inner\"  >\n\t\t\t\n\t\t\t\n\t<div class=\"img has-hover x md-x lg-x y md-y lg-y\" id=\"image_888461462\">\n\t\t\t\t\t\t\t\t<div class=\"img-inner dark\" >\n\t\t\t<img loading=\"lazy\" decoding=\"async\" width=\"1020\" height=\"718\" src=\"https:\/\/jorntrahus.se\/wp-content\/uploads\/2018\/01\/Flexibla-l\u00f6sningar-\u00c5liden-2-1200x845.png\" class=\"attachment-large size-large\" alt=\"\" srcset=\"https:\/\/jorntrahus.se\/wp-content\/uploads\/2018\/01\/Flexibla-l\u00f6sningar-\u00c5liden-2.png 1200w, https:\/\/jorntrahus.se\/wp-content\/uploads\/2018\/01\/Flexibla-l\u00f6sningar-\u00c5liden-2-900x634.png 900w, https:\/\/jorntrahus.se\/wp-content\/uploads\/2018\/01\/Flexibla-l\u00f6sningar-\u00c5liden-2-600x423.png 600w, https:\/\/jorntrahus.se\/wp-content\/uploads\/2018\/01\/Flexibla-l\u00f6sningar-\u00c5liden-2-768x541.png 768w\" sizes=\"auto, (max-width: 1020px) 100vw, 1020px\" \/>\t\t\t\t\t\t\n\t\t\t\t\t<\/div>\n\t\t\t\t\t\t\t\t\n<style>\n#image_888461462 {\n  width: 100%;\n}\n<\/style>\n\t<\/div>\n\t\n\t\t<\/div>\n\t\t\t\t\n<style>\n#col-109292646 > .col-inner {\n  padding: 0px 0px 0px 40px;\n}\n<\/style>\n\t<\/div>\n\n\t\n\n\t<div id=\"col-1919382950\" class=\"col medium-6 small-12 large-6\"  >\n\t\t\t\t<div class=\"col-inner text-left\"  >\n\t\t\t\n\t\t\t\n<a class=\"button primary\" >\n\t\t<span>ALTERNATIVE 1<\/span>\n\t<\/a>\n\n<h4 style=\"font-weight: 400;padding-right: 40px\">Here the focus has been on a large common area and a spacious bathroom. Double bedrooms with space for three people are available.<\/h4>\n\t\t<\/div>\n\t\t\t\t\t<\/div>\n\n\t\n<\/div>\n\t\t<\/div>\n\n\t\t\n<style>\n#section_105241838 {\n  padding-top: 60px;\n  padding-bottom: 60px;\n  background-color: rgb(241, 241, 241);\n}\n#section_105241838 .section-bg-overlay {\n  background-color: rgba(255, 255, 255, 0.85);\n}\n<\/style>\n\t<\/section>\n\t\n\n\t<section class=\"section\" id=\"section_109445082\">\n\t\t<div class=\"section-bg fill\" >\n\t\t\t\t\t\t\t\t\t<div class=\"section-bg-overlay absolute fill\"><\/div>\n\t\t\t\n\n\t\t<\/div>\n\n\t\t\n\n\t\t<div class=\"section-content relative\">\n\t\t\t\n<div class=\"row row-large align-middle\"  id=\"row-523631755\">\n\n\t<div id=\"col-1505862265\" class=\"col medium-6 small-12 large-6\"  >\n\t\t\t\t<div class=\"col-inner\"  >\n\t\t\t\n\t\t\t\n\t<div class=\"img has-hover x md-x lg-x y md-y lg-y\" id=\"image_1127715501\">\n\t\t\t\t\t\t\t\t<div class=\"img-inner dark\" >\n\t\t\t<img loading=\"lazy\" decoding=\"async\" width=\"1020\" height=\"758\" src=\"https:\/\/jorntrahus.se\/wp-content\/uploads\/2018\/01\/Flexibla-l\u00f6sningar-\u00c5liden-4-1200x892.png\" class=\"attachment-large size-large\" alt=\"\" srcset=\"https:\/\/jorntrahus.se\/wp-content\/uploads\/2018\/01\/Flexibla-l\u00f6sningar-\u00c5liden-4.png 1200w, https:\/\/jorntrahus.se\/wp-content\/uploads\/2018\/01\/Flexibla-l\u00f6sningar-\u00c5liden-4-900x669.png 900w, https:\/\/jorntrahus.se\/wp-content\/uploads\/2018\/01\/Flexibla-l\u00f6sningar-\u00c5liden-4-600x446.png 600w, https:\/\/jorntrahus.se\/wp-content\/uploads\/2018\/01\/Flexibla-l\u00f6sningar-\u00c5liden-4-768x571.png 768w\" sizes=\"auto, (max-width: 1020px) 100vw, 1020px\" \/>\t\t\t\t\t\t\n\t\t\t\t\t<\/div>\n\t\t\t\t\t\t\t\t\n<style>\n#image_1127715501 {\n  width: 100%;\n}\n<\/style>\n\t<\/div>\n\t\n\t\t<\/div>\n\t\t\t\t\n<style>\n#col-1505862265 > .col-inner {\n  padding: 0px 0px 0px 40px;\n}\n<\/style>\n\t<\/div>\n\n\t\n\n\t<div id=\"col-1119158802\" class=\"col medium-6 small-12 large-6\"  >\n\t\t\t\t<div class=\"col-inner text-left\"  >\n\t\t\t\n\t\t\t\n<a class=\"button primary\" >\n\t\t<span>ALTERNATIVE 2<\/span>\n\t<\/a>\n\n<h4 style=\"font-weight: 400;padding-right: 40px\">With only one bedroom, space has been created for a spacious hall and a larger living room. Wishes for a more spacious technical room and space for a sauna are also accommodated.<\/h4>\n\t\t<\/div>\n\t\t\t\t\t<\/div>\n\n\t\n<\/div>\n\t\t<\/div>\n\n\t\t\n<style>\n#section_109445082 {\n  padding-top: 60px;\n  padding-bottom: 60px;\n}\n#section_109445082 .section-bg-overlay {\n  background-color: rgba(255, 255, 255, 0.85);\n}\n<\/style>\n\t<\/section>\n\t\n\n\t<section class=\"section\" id=\"section_1635792128\">\n\t\t<div class=\"section-bg fill\" >\n\t\t\t\t\t\t\t\t\t<div class=\"section-bg-overlay absolute fill\"><\/div>\n\t\t\t\n\n\t\t<\/div>\n\n\t\t\n\n\t\t<div class=\"section-content relative\">\n\t\t\t\n<div class=\"row row-large align-middle\"  id=\"row-460988017\">\n\n\t<div id=\"col-117826023\" class=\"col medium-6 small-12 large-6\"  >\n\t\t\t\t<div class=\"col-inner\"  >\n\t\t\t\n\t\t\t\n\t<div class=\"img has-hover x md-x lg-x y md-y lg-y\" id=\"image_981111639\">\n\t\t\t\t\t\t\t\t<div class=\"img-inner dark\" >\n\t\t\t<img loading=\"lazy\" decoding=\"async\" width=\"1020\" height=\"762\" src=\"https:\/\/jorntrahus.se\/wp-content\/uploads\/2018\/01\/Flexibla-l\u00f6sningar-\u00c5liden-3-1200x897.png\" class=\"attachment-large size-large\" alt=\"\" srcset=\"https:\/\/jorntrahus.se\/wp-content\/uploads\/2018\/01\/Flexibla-l\u00f6sningar-\u00c5liden-3.png 1200w, https:\/\/jorntrahus.se\/wp-content\/uploads\/2018\/01\/Flexibla-l\u00f6sningar-\u00c5liden-3-900x673.png 900w, https:\/\/jorntrahus.se\/wp-content\/uploads\/2018\/01\/Flexibla-l\u00f6sningar-\u00c5liden-3-600x449.png 600w, https:\/\/jorntrahus.se\/wp-content\/uploads\/2018\/01\/Flexibla-l\u00f6sningar-\u00c5liden-3-768x574.png 768w\" sizes=\"auto, (max-width: 1020px) 100vw, 1020px\" \/>\t\t\t\t\t\t\n\t\t\t\t\t<\/div>\n\t\t\t\t\t\t\t\t\n<style>\n#image_981111639 {\n  width: 100%;\n}\n<\/style>\n\t<\/div>\n\t\n\t\t<\/div>\n\t\t\t\t\n<style>\n#col-117826023 > .col-inner {\n  padding: 0px 0px 0px 40px;\n}\n<\/style>\n\t<\/div>\n\n\t\n\n\t<div id=\"col-543762844\" class=\"col medium-6 small-12 large-6\"  >\n\t\t\t\t<div class=\"col-inner text-left\"  >\n\t\t\t\n\t\t\t\n<a class=\"button primary\" >\n\t\t<span>ALTERNATIVE 3<\/span>\n\t<\/a>\n\n<h4 style=\"font-weight: 400;padding-right: 40px\">Sleeping accommodation for five people and a double toilet have formed the basis for this alternative floor plan. Despite an increased number of bedrooms, a spacious living room and dining room are maintained.<\/h4>\n\t\t<\/div>\n\t\t\t\t\t<\/div>\n\n\t\n<\/div>\n\t\t<\/div>\n\n\t\t\n<style>\n#section_1635792128 {\n  padding-top: 60px;\n  padding-bottom: 60px;\n  background-color: rgb(241, 241, 241);\n}\n#section_1635792128 .section-bg-overlay {\n  background-color: rgba(255, 255, 255, 0.85);\n}\n<\/style>\n\t<\/section>\n\t\n\n\t<section class=\"section\" id=\"section_490474466\">\n\t\t<div class=\"section-bg fill\" >\n\t\t\t\t\t\t\t\t\t<div class=\"section-bg-overlay absolute fill\"><\/div>\n\t\t\t\n\n\t\t<\/div>\n\n\t\t\n\n\t\t<div class=\"section-content relative\">\n\t\t\t\n<div class=\"row row-large align-middle\"  id=\"row-673582580\">\n\n\t<div id=\"col-2105114273\" class=\"col medium-6 small-12 large-6\"  >\n\t\t\t\t<div class=\"col-inner\"  >\n\t\t\t\n\t\t\t\n\t<div class=\"img has-hover x md-x lg-x y md-y lg-y\" id=\"image_484660201\">\n\t\t\t\t\t\t\t\t<div class=\"img-inner dark\" >\n\t\t\t<img loading=\"lazy\" decoding=\"async\" width=\"1020\" height=\"747\" src=\"https:\/\/jorntrahus.se\/wp-content\/uploads\/2018\/01\/Flexibla-l\u00f6sningar-\u00c5liden-1-1200x879.png\" class=\"attachment-large size-large\" alt=\"\" srcset=\"https:\/\/jorntrahus.se\/wp-content\/uploads\/2018\/01\/Flexibla-l\u00f6sningar-\u00c5liden-1.png 1200w, https:\/\/jorntrahus.se\/wp-content\/uploads\/2018\/01\/Flexibla-l\u00f6sningar-\u00c5liden-1-900x659.png 900w, https:\/\/jorntrahus.se\/wp-content\/uploads\/2018\/01\/Flexibla-l\u00f6sningar-\u00c5liden-1-600x440.png 600w, https:\/\/jorntrahus.se\/wp-content\/uploads\/2018\/01\/Flexibla-l\u00f6sningar-\u00c5liden-1-768x563.png 768w\" sizes=\"auto, (max-width: 1020px) 100vw, 1020px\" \/>\t\t\t\t\t\t\n\t\t\t\t\t<\/div>\n\t\t\t\t\t\t\t\t\n<style>\n#image_484660201 {\n  width: 100%;\n}\n<\/style>\n\t<\/div>\n\t\n\t\t<\/div>\n\t\t\t\t\n<style>\n#col-2105114273 > .col-inner {\n  padding: 0px 0px 0px 40px;\n}\n<\/style>\n\t<\/div>\n\n\t\n\n\t<div id=\"col-653232370\" class=\"col medium-6 small-12 large-6\"  >\n\t\t\t\t<div class=\"col-inner text-left\"  >\n\t\t\t\n\t\t\t\n<a class=\"button primary\" >\n\t\t<span>ALTERNATIVE 4<\/span>\n\t<\/a>\n\n<h4 style=\"font-weight: 400;padding-right: 40px\">This is our standard floor plan for the \u00c5liden model. With three bedrooms and an external storage room, the layout provides valuable space that is always appreciated.<\/h4>\n\t\t<\/div>\n\t\t\t\t\t<\/div>\n\n\t\n<\/div>\n\t\t<\/div>\n\n\t\t\n<style>\n#section_490474466 {\n  padding-top: 60px;\n  padding-bottom: 60px;\n}\n#section_490474466 .section-bg-overlay {\n  background-color: rgba(255, 255, 255, 0.85);\n}\n<\/style>\n\t<\/section>\n\t\n\n\t<section class=\"section\" id=\"section_1674618331\">\n\t\t<div class=\"section-bg fill\" >\n\t\t\t<img loading=\"lazy\" decoding=\"async\" width=\"2000\" height=\"750\" src=\"https:\/\/jorntrahus.se\/wp-content\/uploads\/2018\/01\/Slide-JTH-ritning-kaffekopp-2000x750.jpg\" class=\"bg attachment- size-\" alt=\"\" \/>\t\t\t\t\t\t\n\t\t\t\n\n\t\t<\/div>\n\n\t\t\n\n\t\t<div class=\"section-content relative\">\n\t\t\t\n\t\t<\/div>\n\n\t\t\n<style>\n#section_1674618331 {\n  padding-top: 30px;\n  padding-bottom: 30px;\n  margin-bottom: 0px;\n  min-height: 400px;\n}\n<\/style>\n\t<\/section>","protected":false},"excerpt":{"rendered":"","protected":false},"author":2,"featured_media":0,"parent":0,"menu_order":0,"comment_status":"closed","ping_status":"closed","template":"page-blank.php","meta":{"footnotes":""},"class_list":["post-7173","page","type-page","status-publish","hentry"],"yoast_head":"<!-- This site is optimized with the Yoast SEO plugin v27.2 - https:\/\/yoast.com\/product\/yoast-seo-wordpress\/ -->\n<title>Flexibla l\u00f6sningar - J\u00f6rntr\u00e4hus<\/title>\n<meta name=\"robots\" content=\"index, follow, max-snippet:-1, max-image-preview:large, max-video-preview:-1\" \/>\n<link rel=\"canonical\" href=\"https:\/\/jorntrahus.se\/en\/flexible-drawings\/\" \/>\n<meta property=\"og:locale\" content=\"en_GB\" \/>\n<meta property=\"og:type\" content=\"article\" \/>\n<meta property=\"og:title\" content=\"Flexibla l\u00f6sningar - J\u00f6rntr\u00e4hus\" \/>\n<meta property=\"og:url\" content=\"https:\/\/jorntrahus.se\/en\/flexible-drawings\/\" \/>\n<meta property=\"og:site_name\" content=\"J\u00f6rntr\u00e4hus\" \/>\n<meta property=\"article:modified_time\" content=\"2021-04-26T14:37:28+00:00\" \/>\n<meta name=\"twitter:card\" content=\"summary_large_image\" \/>\n<meta name=\"twitter:label1\" content=\"Estimated reading time\" \/>\n\t<meta name=\"twitter:data1\" content=\"3 minutes\" \/>\n<script type=\"application\/ld+json\" class=\"yoast-schema-graph\">{\"@context\":\"https:\/\/schema.org\",\"@graph\":[{\"@type\":\"WebPage\",\"@id\":\"https:\/\/jorntrahus.se\/flexibla-losningar\/\",\"url\":\"https:\/\/jorntrahus.se\/flexibla-losningar\/\",\"name\":\"Flexibla l\u00f6sningar - J\u00f6rntr\u00e4hus\",\"isPartOf\":{\"@id\":\"https:\/\/jorntrahus.se\/#website\"},\"datePublished\":\"2018-01-05T10:50:25+00:00\",\"dateModified\":\"2021-04-26T14:37:28+00:00\",\"breadcrumb\":{\"@id\":\"https:\/\/jorntrahus.se\/flexibla-losningar\/#breadcrumb\"},\"inLanguage\":\"en-GB\",\"potentialAction\":[{\"@type\":\"ReadAction\",\"target\":[\"https:\/\/jorntrahus.se\/flexibla-losningar\/\"]}]},{\"@type\":\"BreadcrumbList\",\"@id\":\"https:\/\/jorntrahus.se\/flexibla-losningar\/#breadcrumb\",\"itemListElement\":[{\"@type\":\"ListItem\",\"position\":1,\"name\":\"Hem\",\"item\":\"https:\/\/jorntrahus.se\/\"},{\"@type\":\"ListItem\",\"position\":2,\"name\":\"Flexibla l\u00f6sningar\"}]},{\"@type\":\"WebSite\",\"@id\":\"https:\/\/jorntrahus.se\/#website\",\"url\":\"https:\/\/jorntrahus.se\/\",\"name\":\"J\u00f6rntr\u00e4hus\",\"description\":\"Hus f\u00f6r den medvetne\",\"publisher\":{\"@id\":\"https:\/\/jorntrahus.se\/#organization\"},\"potentialAction\":[{\"@type\":\"SearchAction\",\"target\":{\"@type\":\"EntryPoint\",\"urlTemplate\":\"https:\/\/jorntrahus.se\/?s={search_term_string}\"},\"query-input\":{\"@type\":\"PropertyValueSpecification\",\"valueRequired\":true,\"valueName\":\"search_term_string\"}}],\"inLanguage\":\"en-GB\"},{\"@type\":\"Organization\",\"@id\":\"https:\/\/jorntrahus.se\/#organization\",\"name\":\"J\u00f6rntr\u00e4hus\",\"url\":\"https:\/\/jorntrahus.se\/\",\"logo\":{\"@type\":\"ImageObject\",\"inLanguage\":\"en-GB\",\"@id\":\"https:\/\/jorntrahus.se\/#\/schema\/logo\/image\/\",\"url\":\"https:\/\/jorntrahus.se\/wp-content\/uploads\/2020\/09\/Jorntrahus_Grund_CMYK.eps\",\"contentUrl\":\"https:\/\/jorntrahus.se\/wp-content\/uploads\/2020\/09\/Jorntrahus_Grund_CMYK.eps\",\"width\":1,\"height\":1,\"caption\":\"J\u00f6rntr\u00e4hus\"},\"image\":{\"@id\":\"https:\/\/jorntrahus.se\/#\/schema\/logo\/image\/\"}}]}<\/script>\n<!-- \/ Yoast SEO plugin. -->","yoast_head_json":{"title":"Flexible solutions - J\u00f6rntr\u00e4hus","robots":{"index":"index","follow":"follow","max-snippet":"max-snippet:-1","max-image-preview":"max-image-preview:large","max-video-preview":"max-video-preview:-1"},"canonical":"https:\/\/jorntrahus.se\/en\/flexible-drawings\/","og_locale":"en_GB","og_type":"article","og_title":"Flexibla l\u00f6sningar - J\u00f6rntr\u00e4hus","og_url":"https:\/\/jorntrahus.se\/en\/flexible-drawings\/","og_site_name":"J\u00f6rntr\u00e4hus","article_modified_time":"2021-04-26T14:37:28+00:00","twitter_card":"summary_large_image","twitter_misc":{"Estimated reading time":"3 minutes"},"schema":{"@context":"https:\/\/schema.org","@graph":[{"@type":"WebPage","@id":"https:\/\/jorntrahus.se\/flexibla-losningar\/","url":"https:\/\/jorntrahus.se\/flexibla-losningar\/","name":"Flexible solutions - J\u00f6rntr\u00e4hus","isPartOf":{"@id":"https:\/\/jorntrahus.se\/#website"},"datePublished":"2018-01-05T10:50:25+00:00","dateModified":"2021-04-26T14:37:28+00:00","breadcrumb":{"@id":"https:\/\/jorntrahus.se\/flexibla-losningar\/#breadcrumb"},"inLanguage":"en-GB","potentialAction":[{"@type":"ReadAction","target":["https:\/\/jorntrahus.se\/flexibla-losningar\/"]}]},{"@type":"BreadcrumbList","@id":"https:\/\/jorntrahus.se\/flexibla-losningar\/#breadcrumb","itemListElement":[{"@type":"ListItem","position":1,"name":"Hem","item":"https:\/\/jorntrahus.se\/"},{"@type":"ListItem","position":2,"name":"Flexibla l\u00f6sningar"}]},{"@type":"WebSite","@id":"https:\/\/jorntrahus.se\/#website","url":"https:\/\/jorntrahus.se\/","name":"J\u00f6rntr\u00e4hus","description":"Houses for the conscious","publisher":{"@id":"https:\/\/jorntrahus.se\/#organization"},"potentialAction":[{"@type":"SearchAction","target":{"@type":"EntryPoint","urlTemplate":"https:\/\/jorntrahus.se\/?s={search_term_string}"},"query-input":{"@type":"PropertyValueSpecification","valueRequired":true,"valueName":"search_term_string"}}],"inLanguage":"en-GB"},{"@type":"Organization","@id":"https:\/\/jorntrahus.se\/#organization","name":"J\u00f6rntr\u00e4hus","url":"https:\/\/jorntrahus.se\/","logo":{"@type":"ImageObject","inLanguage":"en-GB","@id":"https:\/\/jorntrahus.se\/#\/schema\/logo\/image\/","url":"https:\/\/jorntrahus.se\/wp-content\/uploads\/2020\/09\/Jorntrahus_Grund_CMYK.eps","contentUrl":"https:\/\/jorntrahus.se\/wp-content\/uploads\/2020\/09\/Jorntrahus_Grund_CMYK.eps","width":1,"height":1,"caption":"J\u00f6rntr\u00e4hus"},"image":{"@id":"https:\/\/jorntrahus.se\/#\/schema\/logo\/image\/"}}]}},"publishpress_future_action":{"enabled":false,"date":"2026-04-29 11:12:46","action":"change-status","newStatus":"draft","terms":[],"taxonomy":"","extraData":[]},"publishpress_future_workflow_manual_trigger":{"enabledWorkflows":[]},"_links":{"self":[{"href":"https:\/\/jorntrahus.se\/en\/wp-json\/wp\/v2\/pages\/7173","targetHints":{"allow":["GET"]}}],"collection":[{"href":"https:\/\/jorntrahus.se\/en\/wp-json\/wp\/v2\/pages"}],"about":[{"href":"https:\/\/jorntrahus.se\/en\/wp-json\/wp\/v2\/types\/page"}],"author":[{"embeddable":true,"href":"https:\/\/jorntrahus.se\/en\/wp-json\/wp\/v2\/users\/2"}],"replies":[{"embeddable":true,"href":"https:\/\/jorntrahus.se\/en\/wp-json\/wp\/v2\/comments?post=7173"}],"version-history":[{"count":12,"href":"https:\/\/jorntrahus.se\/en\/wp-json\/wp\/v2\/pages\/7173\/revisions"}],"predecessor-version":[{"id":12798,"href":"https:\/\/jorntrahus.se\/en\/wp-json\/wp\/v2\/pages\/7173\/revisions\/12798"}],"wp:attachment":[{"href":"https:\/\/jorntrahus.se\/en\/wp-json\/wp\/v2\/media?parent=7173"}],"curies":[{"name":"wp","href":"https:\/\/api.w.org\/{rel}","templated":true}]}}