{"id":9060,"date":"2018-06-13T14:17:29","date_gmt":"2018-06-13T12:17:29","guid":{"rendered":"https:\/\/jorntrahus.se\/?page_id=9060"},"modified":"2020-12-17T21:44:39","modified_gmt":"2020-12-17T20:44:39","slug":"privacy-policy","status":"publish","type":"page","link":"https:\/\/jorntrahus.se\/en\/om-oss\/integritetspolicy\/","title":{"rendered":"J\u00f6rntr\u00e4hus privacy policy"},"content":{"rendered":"<div class=\"Section Section--margin u-borderBottom u-marginBxlg u-paddingBxlg\">\n<div class=\"Main-container Main-container--small u-textCenter\">\n<h1>How J\u00f6rntr\u00e4hus handles your personal data<\/h1>\n<h3>Your trust in us is of great importance - both in the delivery of houses but also in how we handle your personal data. We therefore take responsibility for protecting the privacy of our customers and potential customers and for processing personal data in a lawful and secure manner.<\/h3>\n<p><strong>By ordering products or services - e.g. house catalogue, house model, etc. - you become a customer of J\u00f6rntr\u00e4hus i J\u00f6rn AB (reg. no. 556947-6525) - hereinafter referred to as J\u00f6rntr\u00e4hus.<\/strong><\/p>\n<p>The customer register contains the contact details you have provided and information about your order, quote or contact request. The personal data is used to deliver the ordered house catalogue, to contact you or to fulfil commitments in agreements with you as a customer. Furthermore, we process your personal data for the administration of delivery\/services, marketing of J\u00f6rntr\u00e4hus products and services, information, and for certain statistics, evaluation and quality assurance work. We may also need to communicate your personal information to our sellers and partners in order to deliver the best possible product and service.<\/p>\n<p>In order for J\u00f6rntr\u00e4hus to fulfil its contractual obligations, it is necessary that you provide us with the requested information. It is also necessary for us to process some of your personal data for statistical, evaluation and quality assurance purposes, which is a legitimate interest of J\u00f6rntr\u00e4hus.<\/p>\n<p>J\u00f6rntr\u00e4hus would like to use e-mail and telephone in our communication with you as a customer or prospective customer. Through the house catalogue order form and the contact us form on the website, we collect the data we need to help you in the best possible way. By ticking the consent box and submitting the forms, you agree to your personal data being used to facilitate communication with you. If you do not want your data to be used for marketing, profiling for marketing purposes or communicated to our partners, please contact us at <a href=\"mailto:info@jorntrahus.se\" target=\"_blank\" rel=\"noopener\">info@jorntrahus.se<\/a>.<\/p>\n<p>Your data may be processed by a so-called data processor who assists in our communication with you. This data processor will only process the data in accordance with the purposes for which your personal data was collected. This includes our contracted vendors, IT consultants, contractors and subcontractors who need to have your data for the purposes listed here.<\/p>\n<p>We do not sell or otherwise transfer your personal information to third parties. Exceptions are trusted third parties who help us manage the site, operate our business, deliver the goods you order or provide service(s) and these parties agree to keep the information confidential and not use it for any other purpose not agreed. We may also share your personal information where we consider it necessary to comply with legal requirements.<\/p>\n<p>We contract with third-party service providers to help us better understand our website visitors. These service providers are not allowed to use the information they collect for us on our behalf for any purpose other than to help us run and improve our business.<\/p>\n<p>J\u00f6rntr\u00e4hus will retain the necessary information for as long as we have an obligation to you under the agreement entered into, and in addition for the time required by law - for example, the Accounting Act. We process your personal data for all other purposes stated herein until you withdraw your consent, or notify us that you no longer wish to be processed, but no longer than five years after your data was first registered.<\/p>\n<p>The processing of your personal data in the J\u00f6rntr\u00e4hus customer register is based on the order contract, legal obligations and\/or legitimate interest. In the case of legitimate interest, we use your data, for example, to customise our communication to you based on your purchases.<\/p>\n<p>The controller for the processing of personal data is J\u00f6rntr\u00e4hus. You have the right to receive free information about what personal data exists about you in J\u00f6rntr\u00e4hus's operations. You also have the right to request rectification if you believe that information about you is incorrect or misleading, or deletion or restriction of processing - if the prerequisite for this exists by law.<\/p>\n<p>Send an email to <a href=\"mailto:info@jorntrahus.se\" target=\"_blank\" rel=\"noopener\">info@jorntrahus.se<\/a> and you will get the help you need.<\/p>\n<p><em>You have the right to lodge a complaint regarding our processing of your personal data with the Data Protection Authority, which is the supervisory authority. Visit our website <a href=\"http:\/\/datainspektionen.se\" target=\"_blank\" rel=\"noopener\">datainspektionen.se<\/a> for more information.<\/em><\/p>\n<h2 class=\"u-textFamilySecondary\">About cookies<\/h2>\n<p class=\"Preamble u-marginBz\">Cookies are small lines of text that are read into your computer's memory or stored as files on your computer to improve your use and experience of the website. Swedish law requires us to provide information about the cookies used and their purpose.<\/p>\n<\/div>\n<\/div>\n<div class=\"Section Section--margin\">\n<div class=\"Main-container Main-container--small Editorial\">\n<h3>Different types of cookies<\/h3>\n<p><strong>Persistent cookies<\/strong><br \/>\nPersistent cookies are stored as small text files on the computer and then deleted on a pre-set date. They are used, for example, to store settings that the user makes between visits to the website.<\/p>\n<p><strong>Session cookies<\/strong><br \/>\nSession cookies are stored in the browser's memory and deleted when the browser is closed. They can be used, for example, to maintain a login when the user moves from one page to another.<\/p>\n<p><strong>Cookies for statistics<\/strong><br \/>\nThere are also cookies that collect statistics on Jorntrahus.se. This is to be able to measure the number of visitors. The statistics collected are not related to personal information.<\/p>\n<h2>Cookies on Jorntrahus.se<\/h2>\n<ul>\n<li>Different types of session cookies are used to control what information is displayed on the different pages - for example, when you use contact forms, filtering functions, etc.<\/li>\n<li>We also use cookies to keep statistics on which pages are popular and can suggest content to the visitor.<\/li>\n<\/ul>\n<p>If you do not want your computer to receive and store cookies, you can adjust the security settings in your browser. Some parts of Jorntrahus.se can only be fully utilised if your browser allows cookies.<\/p>\n<p>Jorntrahus.se does not use cookies to analyse how you as a person read and click around the website. Nor in any other way to analyse internet behaviour at an individual level.<\/p>\n<p>Links and references on Jorntrahus.se may lead to other websites that also use cookies, these are not reported here.<\/p>\n<p>Read more about cookies at <a title=\"National Post and Telecom Agency\" href=\"http:\/\/www.pts.se\/sv\/bransch\/regler\/lagar\/lag-om-elektronisk-kommunikation\/kakor-cookies\/\" target=\"_blank\" rel=\"noopener\">National Post and Telecom Agency website<\/a><\/p>\n<\/div>\n<\/div>","protected":false},"excerpt":{"rendered":"<p>Hur J\u00f6rntr\u00e4hus hanterar dina personuppgifter Ditt f\u00f6rtroende f\u00f6r oss \u00e4r av stor vikt \u2013 b\u00e5de vid leverans av hus men ocks\u00e5 hur vi hanterar dina personuppgifter. Vi tar d\u00e4rf\u00f6r ansvar f\u00f6r att skydda v\u00e5ra kunders och potentiella kunders integritet och behandla personuppgifter p\u00e5 ett lagligt och s\u00e4kert s\u00e4tt. Genom din best\u00e4llning av produkter eller tj\u00e4nst [&#8230;]\n","protected":false},"author":2,"featured_media":0,"parent":7,"menu_order":0,"comment_status":"closed","ping_status":"closed","template":"","meta":{"footnotes":""},"class_list":["post-9060","page","type-page","status-publish","hentry"],"yoast_head":"<!-- This site is optimized with the Yoast SEO plugin v27.2 - https:\/\/yoast.com\/product\/yoast-seo-wordpress\/ -->\n<title>J\u00f6rntr\u00e4hus integritetspolicy - J\u00f6rntr\u00e4hus<\/title>\n<meta name=\"robots\" content=\"index, follow, max-snippet:-1, max-image-preview:large, max-video-preview:-1\" \/>\n<link rel=\"canonical\" href=\"https:\/\/jorntrahus.se\/en\/about-us\/privacy-policy\/\" \/>\n<meta property=\"og:locale\" content=\"en_GB\" \/>\n<meta property=\"og:type\" content=\"article\" \/>\n<meta property=\"og:title\" content=\"J\u00f6rntr\u00e4hus integritetspolicy - J\u00f6rntr\u00e4hus\" \/>\n<meta property=\"og:description\" content=\"Hur J\u00f6rntr\u00e4hus hanterar dina personuppgifter Ditt f\u00f6rtroende f\u00f6r oss \u00e4r av stor vikt \u2013 b\u00e5de vid leverans av hus men ocks\u00e5 hur vi hanterar dina personuppgifter. Vi tar d\u00e4rf\u00f6r ansvar f\u00f6r att skydda v\u00e5ra kunders och potentiella kunders integritet och behandla personuppgifter p\u00e5 ett lagligt och s\u00e4kert s\u00e4tt. Genom din best\u00e4llning av produkter eller tj\u00e4nst [...]\" \/>\n<meta property=\"og:url\" content=\"https:\/\/jorntrahus.se\/en\/about-us\/privacy-policy\/\" \/>\n<meta property=\"og:site_name\" content=\"J\u00f6rntr\u00e4hus\" \/>\n<meta property=\"article:modified_time\" content=\"2020-12-17T20:44:39+00:00\" \/>\n<meta name=\"twitter:card\" content=\"summary_large_image\" \/>\n<meta name=\"twitter:label1\" content=\"Estimated reading time\" \/>\n\t<meta name=\"twitter:data1\" content=\"6 minutes\" \/>\n<script type=\"application\/ld+json\" class=\"yoast-schema-graph\">{\"@context\":\"https:\/\/schema.org\",\"@graph\":[{\"@type\":\"WebPage\",\"@id\":\"https:\/\/jorntrahus.se\/om-oss\/integritetspolicy\/\",\"url\":\"https:\/\/jorntrahus.se\/om-oss\/integritetspolicy\/\",\"name\":\"J\u00f6rntr\u00e4hus integritetspolicy - J\u00f6rntr\u00e4hus\",\"isPartOf\":{\"@id\":\"https:\/\/jorntrahus.se\/#website\"},\"datePublished\":\"2018-06-13T12:17:29+00:00\",\"dateModified\":\"2020-12-17T20:44:39+00:00\",\"breadcrumb\":{\"@id\":\"https:\/\/jorntrahus.se\/om-oss\/integritetspolicy\/#breadcrumb\"},\"inLanguage\":\"en-GB\",\"potentialAction\":[{\"@type\":\"ReadAction\",\"target\":[\"https:\/\/jorntrahus.se\/om-oss\/integritetspolicy\/\"]}]},{\"@type\":\"BreadcrumbList\",\"@id\":\"https:\/\/jorntrahus.se\/om-oss\/integritetspolicy\/#breadcrumb\",\"itemListElement\":[{\"@type\":\"ListItem\",\"position\":1,\"name\":\"Hem\",\"item\":\"https:\/\/jorntrahus.se\/\"},{\"@type\":\"ListItem\",\"position\":2,\"name\":\"Om oss\",\"item\":\"https:\/\/jorntrahus.se\/om-oss\/\"},{\"@type\":\"ListItem\",\"position\":3,\"name\":\"J\u00f6rntr\u00e4hus integritetspolicy\"}]},{\"@type\":\"WebSite\",\"@id\":\"https:\/\/jorntrahus.se\/#website\",\"url\":\"https:\/\/jorntrahus.se\/\",\"name\":\"J\u00f6rntr\u00e4hus\",\"description\":\"Hus f\u00f6r den medvetne\",\"publisher\":{\"@id\":\"https:\/\/jorntrahus.se\/#organization\"},\"potentialAction\":[{\"@type\":\"SearchAction\",\"target\":{\"@type\":\"EntryPoint\",\"urlTemplate\":\"https:\/\/jorntrahus.se\/?s={search_term_string}\"},\"query-input\":{\"@type\":\"PropertyValueSpecification\",\"valueRequired\":true,\"valueName\":\"search_term_string\"}}],\"inLanguage\":\"en-GB\"},{\"@type\":\"Organization\",\"@id\":\"https:\/\/jorntrahus.se\/#organization\",\"name\":\"J\u00f6rntr\u00e4hus\",\"url\":\"https:\/\/jorntrahus.se\/\",\"logo\":{\"@type\":\"ImageObject\",\"inLanguage\":\"en-GB\",\"@id\":\"https:\/\/jorntrahus.se\/#\/schema\/logo\/image\/\",\"url\":\"https:\/\/jorntrahus.se\/wp-content\/uploads\/2020\/09\/Jorntrahus_Grund_CMYK.eps\",\"contentUrl\":\"https:\/\/jorntrahus.se\/wp-content\/uploads\/2020\/09\/Jorntrahus_Grund_CMYK.eps\",\"width\":1,\"height\":1,\"caption\":\"J\u00f6rntr\u00e4hus\"},\"image\":{\"@id\":\"https:\/\/jorntrahus.se\/#\/schema\/logo\/image\/\"}}]}<\/script>\n<!-- \/ Yoast SEO plugin. -->","yoast_head_json":{"title":"J\u00f6rntr\u00e4hus Privacy Policy - J\u00f6rntr\u00e4hus","robots":{"index":"index","follow":"follow","max-snippet":"max-snippet:-1","max-image-preview":"max-image-preview:large","max-video-preview":"max-video-preview:-1"},"canonical":"https:\/\/jorntrahus.se\/en\/about-us\/privacy-policy\/","og_locale":"en_GB","og_type":"article","og_title":"J\u00f6rntr\u00e4hus integritetspolicy - J\u00f6rntr\u00e4hus","og_description":"Hur J\u00f6rntr\u00e4hus hanterar dina personuppgifter Ditt f\u00f6rtroende f\u00f6r oss \u00e4r av stor vikt \u2013 b\u00e5de vid leverans av hus men ocks\u00e5 hur vi hanterar dina personuppgifter. Vi tar d\u00e4rf\u00f6r ansvar f\u00f6r att skydda v\u00e5ra kunders och potentiella kunders integritet och behandla personuppgifter p\u00e5 ett lagligt och s\u00e4kert s\u00e4tt. Genom din best\u00e4llning av produkter eller tj\u00e4nst [...]","og_url":"https:\/\/jorntrahus.se\/en\/about-us\/privacy-policy\/","og_site_name":"J\u00f6rntr\u00e4hus","article_modified_time":"2020-12-17T20:44:39+00:00","twitter_card":"summary_large_image","twitter_misc":{"Estimated reading time":"6 minutes"},"schema":{"@context":"https:\/\/schema.org","@graph":[{"@type":"WebPage","@id":"https:\/\/jorntrahus.se\/om-oss\/integritetspolicy\/","url":"https:\/\/jorntrahus.se\/om-oss\/integritetspolicy\/","name":"J\u00f6rntr\u00e4hus Privacy Policy - J\u00f6rntr\u00e4hus","isPartOf":{"@id":"https:\/\/jorntrahus.se\/#website"},"datePublished":"2018-06-13T12:17:29+00:00","dateModified":"2020-12-17T20:44:39+00:00","breadcrumb":{"@id":"https:\/\/jorntrahus.se\/om-oss\/integritetspolicy\/#breadcrumb"},"inLanguage":"en-GB","potentialAction":[{"@type":"ReadAction","target":["https:\/\/jorntrahus.se\/om-oss\/integritetspolicy\/"]}]},{"@type":"BreadcrumbList","@id":"https:\/\/jorntrahus.se\/om-oss\/integritetspolicy\/#breadcrumb","itemListElement":[{"@type":"ListItem","position":1,"name":"Hem","item":"https:\/\/jorntrahus.se\/"},{"@type":"ListItem","position":2,"name":"Om oss","item":"https:\/\/jorntrahus.se\/om-oss\/"},{"@type":"ListItem","position":3,"name":"J\u00f6rntr\u00e4hus integritetspolicy"}]},{"@type":"WebSite","@id":"https:\/\/jorntrahus.se\/#website","url":"https:\/\/jorntrahus.se\/","name":"J\u00f6rntr\u00e4hus","description":"Houses for the conscious","publisher":{"@id":"https:\/\/jorntrahus.se\/#organization"},"potentialAction":[{"@type":"SearchAction","target":{"@type":"EntryPoint","urlTemplate":"https:\/\/jorntrahus.se\/?s={search_term_string}"},"query-input":{"@type":"PropertyValueSpecification","valueRequired":true,"valueName":"search_term_string"}}],"inLanguage":"en-GB"},{"@type":"Organization","@id":"https:\/\/jorntrahus.se\/#organization","name":"J\u00f6rntr\u00e4hus","url":"https:\/\/jorntrahus.se\/","logo":{"@type":"ImageObject","inLanguage":"en-GB","@id":"https:\/\/jorntrahus.se\/#\/schema\/logo\/image\/","url":"https:\/\/jorntrahus.se\/wp-content\/uploads\/2020\/09\/Jorntrahus_Grund_CMYK.eps","contentUrl":"https:\/\/jorntrahus.se\/wp-content\/uploads\/2020\/09\/Jorntrahus_Grund_CMYK.eps","width":1,"height":1,"caption":"J\u00f6rntr\u00e4hus"},"image":{"@id":"https:\/\/jorntrahus.se\/#\/schema\/logo\/image\/"}}]}},"publishpress_future_action":{"enabled":false,"date":"2026-05-04 21:59:24","action":"change-status","newStatus":"draft","terms":[],"taxonomy":"","extraData":[]},"publishpress_future_workflow_manual_trigger":{"enabledWorkflows":[]},"_links":{"self":[{"href":"https:\/\/jorntrahus.se\/en\/wp-json\/wp\/v2\/pages\/9060","targetHints":{"allow":["GET"]}}],"collection":[{"href":"https:\/\/jorntrahus.se\/en\/wp-json\/wp\/v2\/pages"}],"about":[{"href":"https:\/\/jorntrahus.se\/en\/wp-json\/wp\/v2\/types\/page"}],"author":[{"embeddable":true,"href":"https:\/\/jorntrahus.se\/en\/wp-json\/wp\/v2\/users\/2"}],"replies":[{"embeddable":true,"href":"https:\/\/jorntrahus.se\/en\/wp-json\/wp\/v2\/comments?post=9060"}],"version-history":[{"count":6,"href":"https:\/\/jorntrahus.se\/en\/wp-json\/wp\/v2\/pages\/9060\/revisions"}],"predecessor-version":[{"id":9246,"href":"https:\/\/jorntrahus.se\/en\/wp-json\/wp\/v2\/pages\/9060\/revisions\/9246"}],"up":[{"embeddable":true,"href":"https:\/\/jorntrahus.se\/en\/wp-json\/wp\/v2\/pages\/7"}],"wp:attachment":[{"href":"https:\/\/jorntrahus.se\/en\/wp-json\/wp\/v2\/media?parent=9060"}],"curies":[{"name":"wp","href":"https:\/\/api.w.org\/{rel}","templated":true}]}}