{"id":6072,"date":"2018-02-16T14:48:52","date_gmt":"2018-02-16T13:48:52","guid":{"rendered":"https:\/\/jorntrahus.se\/?post_type=product&#038;p=6072"},"modified":"2023-02-16T12:04:41","modified_gmt":"2023-02-16T11:04:41","slug":"aliden-111","status":"publish","type":"product","link":"https:\/\/jorntrahus.se\/en\/husmodell\/aliden-111\/","title":{"rendered":"\u00c5liden 111"},"content":{"rendered":"","protected":false},"excerpt":{"rendered":"<h3>Economical and well-balanced design<\/h3>\n<p>The \u00c5liden model has a sheltered entrance and patio in a sparse and well-balanced design. With three bedrooms and an external storage room, the layout provides valuable space that is always appreciated.<\/p>\n<p>Thanks to the ridge ceiling in the living room, the extra volume is created that increases the cosiness and the high window section spreads light to large parts of the house, which also reaches into the kitchen. A bathroom with the possibility of a sauna may feel like a luxury but is an option that may be worth considering.<\/p>","protected":false},"featured_media":6092,"template":"","meta":[],"product_brand":[],"product_cat":[576],"product_tag":[26,1267],"class_list":{"0":"post-6072","1":"product","2":"type-product","3":"status-publish","4":"has-post-thumbnail","6":"product_cat-aliden","7":"product_tag-003-1-plan","8":"product_tag-klassiskt-hus","9":"husstil-klassiska-hus","10":"hustyp-fritidshus","12":"first","13":"instock","14":"shipping-taxable","15":"product-type-simple"},"yoast_head":"<!-- This site is optimized with the Yoast SEO plugin v27.5 - https:\/\/yoast.com\/product\/yoast-seo-wordpress\/ -->\n<title>\u00c5liden 111 - J\u00f6rntr\u00e4hus<\/title>\n<meta name=\"robots\" content=\"index, follow, max-snippet:-1, max-image-preview:large, max-video-preview:-1\" \/>\n<link rel=\"canonical\" href=\"https:\/\/jorntrahus.se\/en\/house-model\/aliden-111\/\" \/>\n<meta property=\"og:locale\" content=\"en_GB\" \/>\n<meta property=\"og:type\" content=\"article\" \/>\n<meta property=\"og:title\" content=\"\u00c5liden 111 - J\u00f6rntr\u00e4hus\" \/>\n<meta property=\"og:description\" content=\"Sparsmakad och v\u00e4l avv\u00e4gd design Modellen \u00c5liden har en skyddad entr\u00e9\u00a0och uteplats i en sparsmakad och v\u00e4l\u00a0avv\u00e4gd design. Med tre sovrum samt\u00a0ett utanp\u00e5liggande f\u00f6rr\u00e5d ger planl\u00f6sningen\u00a0v\u00e4rdefulla utrymmen som alltid\u00a0uppskattas.  Tack vare rygg\u00e5stak i allrummet skapas\u00a0den extra volymen som h\u00f6jer trivseln och det h\u00f6ga f\u00f6nsterpartiet sprider ljus mot\u00a0stora delar av huset vilket \u00e4ven n\u00e5r in i\u00a0k\u00f6ket. Ett badrum med m\u00f6jlighet\u00a0till bastu kan k\u00e4nnas som lyx men \u00e4r ett\u00a0tillval som kan vara v\u00e4rt att \u00f6verv\u00e4ga.\" \/>\n<meta property=\"og:url\" content=\"https:\/\/jorntrahus.se\/en\/house-model\/aliden-111\/\" \/>\n<meta property=\"og:site_name\" content=\"J\u00f6rntr\u00e4hus\" \/>\n<meta property=\"article:modified_time\" content=\"2023-02-16T11:04:41+00:00\" \/>\n<meta property=\"og:image\" content=\"https:\/\/jorntrahus.se\/wp-content\/uploads\/2017\/12\/\u00c5liden-M-3D.jpg\" \/>\n\t<meta property=\"og:image:width\" content=\"1500\" \/>\n\t<meta property=\"og:image:height\" content=\"1000\" \/>\n\t<meta property=\"og:image:type\" content=\"image\/jpeg\" \/>\n<meta name=\"twitter:card\" content=\"summary_large_image\" \/>\n<script type=\"application\/ld+json\" class=\"yoast-schema-graph\">{\"@context\":\"https:\\\/\\\/schema.org\",\"@graph\":[{\"@type\":\"WebPage\",\"@id\":\"https:\\\/\\\/jorntrahus.se\\\/husmodell\\\/aliden-111\\\/\",\"url\":\"https:\\\/\\\/jorntrahus.se\\\/husmodell\\\/aliden-111\\\/\",\"name\":\"\u00c5liden 111 - J\u00f6rntr\u00e4hus\",\"isPartOf\":{\"@id\":\"https:\\\/\\\/jorntrahus.se\\\/#website\"},\"primaryImageOfPage\":{\"@id\":\"https:\\\/\\\/jorntrahus.se\\\/husmodell\\\/aliden-111\\\/#primaryimage\"},\"image\":{\"@id\":\"https:\\\/\\\/jorntrahus.se\\\/husmodell\\\/aliden-111\\\/#primaryimage\"},\"thumbnailUrl\":\"https:\\\/\\\/jorntrahus.se\\\/wp-content\\\/uploads\\\/2017\\\/12\\\/\u00c5liden-M-3D.jpg\",\"datePublished\":\"2018-02-16T13:48:52+00:00\",\"dateModified\":\"2023-02-16T11:04:41+00:00\",\"breadcrumb\":{\"@id\":\"https:\\\/\\\/jorntrahus.se\\\/husmodell\\\/aliden-111\\\/#breadcrumb\"},\"inLanguage\":\"en-GB\",\"potentialAction\":[{\"@type\":\"ReadAction\",\"target\":[\"https:\\\/\\\/jorntrahus.se\\\/husmodell\\\/aliden-111\\\/\"]}]},{\"@type\":\"ImageObject\",\"inLanguage\":\"en-GB\",\"@id\":\"https:\\\/\\\/jorntrahus.se\\\/husmodell\\\/aliden-111\\\/#primaryimage\",\"url\":\"https:\\\/\\\/jorntrahus.se\\\/wp-content\\\/uploads\\\/2017\\\/12\\\/\u00c5liden-M-3D.jpg\",\"contentUrl\":\"https:\\\/\\\/jorntrahus.se\\\/wp-content\\\/uploads\\\/2017\\\/12\\\/\u00c5liden-M-3D.jpg\",\"width\":1500,\"height\":1000},{\"@type\":\"BreadcrumbList\",\"@id\":\"https:\\\/\\\/jorntrahus.se\\\/husmodell\\\/aliden-111\\\/#breadcrumb\",\"itemListElement\":[{\"@type\":\"ListItem\",\"position\":1,\"name\":\"Hem\",\"item\":\"https:\\\/\\\/jorntrahus.se\\\/\"},{\"@type\":\"ListItem\",\"position\":2,\"name\":\"V\u00e5ra hus\",\"item\":\"https:\\\/\\\/jorntrahus.se\\\/husen\\\/\"},{\"@type\":\"ListItem\",\"position\":3,\"name\":\"\u00c5liden 111\"}]},{\"@type\":\"WebSite\",\"@id\":\"https:\\\/\\\/jorntrahus.se\\\/#website\",\"url\":\"https:\\\/\\\/jorntrahus.se\\\/\",\"name\":\"J\u00f6rntr\u00e4hus\",\"description\":\"Hus f\u00f6r den medvetne\",\"publisher\":{\"@id\":\"https:\\\/\\\/jorntrahus.se\\\/#organization\"},\"potentialAction\":[{\"@type\":\"SearchAction\",\"target\":{\"@type\":\"EntryPoint\",\"urlTemplate\":\"https:\\\/\\\/jorntrahus.se\\\/?s={search_term_string}\"},\"query-input\":{\"@type\":\"PropertyValueSpecification\",\"valueRequired\":true,\"valueName\":\"search_term_string\"}}],\"inLanguage\":\"en-GB\"},{\"@type\":\"Organization\",\"@id\":\"https:\\\/\\\/jorntrahus.se\\\/#organization\",\"name\":\"J\u00f6rntr\u00e4hus\",\"url\":\"https:\\\/\\\/jorntrahus.se\\\/\",\"logo\":{\"@type\":\"ImageObject\",\"inLanguage\":\"en-GB\",\"@id\":\"https:\\\/\\\/jorntrahus.se\\\/#\\\/schema\\\/logo\\\/image\\\/\",\"url\":\"https:\\\/\\\/jorntrahus.se\\\/wp-content\\\/uploads\\\/2020\\\/09\\\/Jorntrahus_Grund_CMYK.eps\",\"contentUrl\":\"https:\\\/\\\/jorntrahus.se\\\/wp-content\\\/uploads\\\/2020\\\/09\\\/Jorntrahus_Grund_CMYK.eps\",\"width\":1,\"height\":1,\"caption\":\"J\u00f6rntr\u00e4hus\"},\"image\":{\"@id\":\"https:\\\/\\\/jorntrahus.se\\\/#\\\/schema\\\/logo\\\/image\\\/\"}}]}<\/script>\n<!-- \/ Yoast SEO plugin. -->","yoast_head_json":{"title":"\u00c5liden 111 - J\u00f6rntr\u00e4hus","robots":{"index":"index","follow":"follow","max-snippet":"max-snippet:-1","max-image-preview":"max-image-preview:large","max-video-preview":"max-video-preview:-1"},"canonical":"https:\/\/jorntrahus.se\/en\/house-model\/aliden-111\/","og_locale":"en_GB","og_type":"article","og_title":"\u00c5liden 111 - J\u00f6rntr\u00e4hus","og_description":"Sparsmakad och v\u00e4l avv\u00e4gd design Modellen \u00c5liden har en skyddad entr\u00e9\u00a0och uteplats i en sparsmakad och v\u00e4l\u00a0avv\u00e4gd design. Med tre sovrum samt\u00a0ett utanp\u00e5liggande f\u00f6rr\u00e5d ger planl\u00f6sningen\u00a0v\u00e4rdefulla utrymmen som alltid\u00a0uppskattas.  Tack vare rygg\u00e5stak i allrummet skapas\u00a0den extra volymen som h\u00f6jer trivseln och det h\u00f6ga f\u00f6nsterpartiet sprider ljus mot\u00a0stora delar av huset vilket \u00e4ven n\u00e5r in i\u00a0k\u00f6ket. Ett badrum med m\u00f6jlighet\u00a0till bastu kan k\u00e4nnas som lyx men \u00e4r ett\u00a0tillval som kan vara v\u00e4rt att \u00f6verv\u00e4ga.","og_url":"https:\/\/jorntrahus.se\/en\/house-model\/aliden-111\/","og_site_name":"J\u00f6rntr\u00e4hus","article_modified_time":"2023-02-16T11:04:41+00:00","og_image":[{"width":1500,"height":1000,"url":"https:\/\/jorntrahus.se\/wp-content\/uploads\/2017\/12\/\u00c5liden-M-3D.jpg","type":"image\/jpeg"}],"twitter_card":"summary_large_image","schema":{"@context":"https:\/\/schema.org","@graph":[{"@type":"WebPage","@id":"https:\/\/jorntrahus.se\/husmodell\/aliden-111\/","url":"https:\/\/jorntrahus.se\/husmodell\/aliden-111\/","name":"\u00c5liden 111 - J\u00f6rntr\u00e4hus","isPartOf":{"@id":"https:\/\/jorntrahus.se\/#website"},"primaryImageOfPage":{"@id":"https:\/\/jorntrahus.se\/husmodell\/aliden-111\/#primaryimage"},"image":{"@id":"https:\/\/jorntrahus.se\/husmodell\/aliden-111\/#primaryimage"},"thumbnailUrl":"https:\/\/jorntrahus.se\/wp-content\/uploads\/2017\/12\/\u00c5liden-M-3D.jpg","datePublished":"2018-02-16T13:48:52+00:00","dateModified":"2023-02-16T11:04:41+00:00","breadcrumb":{"@id":"https:\/\/jorntrahus.se\/husmodell\/aliden-111\/#breadcrumb"},"inLanguage":"en-GB","potentialAction":[{"@type":"ReadAction","target":["https:\/\/jorntrahus.se\/husmodell\/aliden-111\/"]}]},{"@type":"ImageObject","inLanguage":"en-GB","@id":"https:\/\/jorntrahus.se\/husmodell\/aliden-111\/#primaryimage","url":"https:\/\/jorntrahus.se\/wp-content\/uploads\/2017\/12\/\u00c5liden-M-3D.jpg","contentUrl":"https:\/\/jorntrahus.se\/wp-content\/uploads\/2017\/12\/\u00c5liden-M-3D.jpg","width":1500,"height":1000},{"@type":"BreadcrumbList","@id":"https:\/\/jorntrahus.se\/husmodell\/aliden-111\/#breadcrumb","itemListElement":[{"@type":"ListItem","position":1,"name":"Hem","item":"https:\/\/jorntrahus.se\/"},{"@type":"ListItem","position":2,"name":"V\u00e5ra hus","item":"https:\/\/jorntrahus.se\/husen\/"},{"@type":"ListItem","position":3,"name":"\u00c5liden 111"}]},{"@type":"WebSite","@id":"https:\/\/jorntrahus.se\/#website","url":"https:\/\/jorntrahus.se\/","name":"J\u00f6rntr\u00e4hus","description":"Houses for the conscious","publisher":{"@id":"https:\/\/jorntrahus.se\/#organization"},"potentialAction":[{"@type":"SearchAction","target":{"@type":"EntryPoint","urlTemplate":"https:\/\/jorntrahus.se\/?s={search_term_string}"},"query-input":{"@type":"PropertyValueSpecification","valueRequired":true,"valueName":"search_term_string"}}],"inLanguage":"en-GB"},{"@type":"Organization","@id":"https:\/\/jorntrahus.se\/#organization","name":"J\u00f6rntr\u00e4hus","url":"https:\/\/jorntrahus.se\/","logo":{"@type":"ImageObject","inLanguage":"en-GB","@id":"https:\/\/jorntrahus.se\/#\/schema\/logo\/image\/","url":"https:\/\/jorntrahus.se\/wp-content\/uploads\/2020\/09\/Jorntrahus_Grund_CMYK.eps","contentUrl":"https:\/\/jorntrahus.se\/wp-content\/uploads\/2020\/09\/Jorntrahus_Grund_CMYK.eps","width":1,"height":1,"caption":"J\u00f6rntr\u00e4hus"},"image":{"@id":"https:\/\/jorntrahus.se\/#\/schema\/logo\/image\/"}}]}},"publishpress_future_workflow_manual_trigger":{"enabledWorkflows":[]},"_links":{"self":[{"href":"https:\/\/jorntrahus.se\/en\/wp-json\/wp\/v2\/product\/6072","targetHints":{"allow":["GET"]}}],"collection":[{"href":"https:\/\/jorntrahus.se\/en\/wp-json\/wp\/v2\/product"}],"about":[{"href":"https:\/\/jorntrahus.se\/en\/wp-json\/wp\/v2\/types\/product"}],"wp:featuredmedia":[{"embeddable":true,"href":"https:\/\/jorntrahus.se\/en\/wp-json\/wp\/v2\/media\/6092"}],"wp:attachment":[{"href":"https:\/\/jorntrahus.se\/en\/wp-json\/wp\/v2\/media?parent=6072"}],"wp:term":[{"taxonomy":"product_brand","embeddable":true,"href":"https:\/\/jorntrahus.se\/en\/wp-json\/wp\/v2\/product_brand?post=6072"},{"taxonomy":"product_cat","embeddable":true,"href":"https:\/\/jorntrahus.se\/en\/wp-json\/wp\/v2\/product_cat?post=6072"},{"taxonomy":"product_tag","embeddable":true,"href":"https:\/\/jorntrahus.se\/en\/wp-json\/wp\/v2\/product_tag?post=6072"}],"curies":[{"name":"wp","href":"https:\/\/api.w.org\/{rel}","templated":true}]}}