{"id":11794,"date":"2020-06-12T09:53:01","date_gmt":"2020-06-12T07:53:01","guid":{"rendered":"https:\/\/jorntrahus.se\/?page_id=11794"},"modified":"2024-11-06T14:44:17","modified_gmt":"2024-11-06T13:44:17","slug":"ura","status":"publish","type":"page","link":"https:\/\/jorntrahus.se\/fi\/om-oss\/karriar\/","title":{"rendered":"Ty\u00f6urat"},"content":{"rendered":"<section class=\"section\" id=\"section_1270237525\">\n\t\t<div class=\"section-bg fill\" >\n\t\t\t<img loading=\"lazy\" decoding=\"async\" width=\"2400\" height=\"1589\" src=\"https:\/\/jorntrahus.se\/wp-content\/uploads\/2019\/06\/J\u00f6rntr\u00e4hus-Pro-ritningar-W2400-webb-2.jpg\" class=\"bg attachment- size-\" alt=\"J\u00f6rntr\u00e4hus Pro - Jos valitset olemassa olevat ja tehokkaat konseptimallimme, takaamme nopean ja sujuvan rakennusprosessin.\" \/>\t\t\t\t\t\t<div class=\"section-bg-overlay absolute fill\"><\/div>\n\t\t\t\n\t<div class=\"is-border\"\n\t\tstyle=\"border-color:rgb(235, 235, 235);border-width:1px 0px 0px 0px;\">\n\t<\/div>\n\n\t\t<\/div>\n\n\t\t\n\n\t\t<div class=\"section-content relative\">\n\t\t\t\n<div class=\"row align-middle\"  id=\"row-1192084580\">\n\n\t<div id=\"col-200444828\" class=\"col medium-8 small-12 large-8\"  >\n\t\t\t\t<div class=\"col-inner\"  >\n\t\t\t\n\t\t\t\n\t<div id=\"text-2487138513\" class=\"text\">\n\t\t\n<h1 class=\"uppercase\"><span style=\"font-size: 140%\">J\u00f6rntr\u00e4hus haluaa kasvaa<\/span><\/h1>\n<h3 class=\"uppercase thin-font\"><span style=\"font-size: 120%\">Haluamme tutustua sinuun!<\/span><\/h3>\n\t\t\n<style>\n#text-2487138513 {\n  font-size: 1rem;\n}\n<\/style>\n\t<\/div>\n\t\n\t<div id=\"gap-1270596920\" class=\"gap-element clearfix\" style=\"display:block; height:auto;\">\n\t\t\n<style>\n#gap-1270596920 {\n  padding-top: 30px;\n}\n<\/style>\n\t<\/div>\n\t\n<a href=\"#ledigajobb\" class=\"button primary\" >\n\t\t<span>VAPAAT PAIKAT<\/span>\n\t<\/a>\n\n<a href=\"#spontanansokan\" class=\"button primary\" >\n\t\t<span>OMA-ALOITTEINEN HAKEMUS<\/span>\n\t<\/a>\n\n\t\t<\/div>\n\t\t\t\t\t<\/div>\n\n\t\n<\/div>\n\t\t<\/div>\n\n\t\t\n<style>\n#section_1270237525 {\n  padding-top: 60px;\n  padding-bottom: 60px;\n  min-height: 400px;\n}\n#section_1270237525 .section-bg-overlay {\n  background-color: rgba(255, 255, 255, 0.75);\n}\n<\/style>\n\t<\/section>\n\t\n\t<div id=\"gap-614213544\" class=\"gap-element clearfix\" style=\"display:block; height:auto;\">\n\t\t\n<style>\n#gap-614213544 {\n  padding-top: 60px;\n}\n<\/style>\n\t<\/div>\n\t\n<div class=\"row row-large\"  id=\"row-2019143582\">\n\n\t<div id=\"col-2059526966\" class=\"col small-12 large-12\"  >\n\t\t\t\t<div class=\"col-inner\"  >\n\t\t\t\n\t\t\t\n<div class=\"row row-large\"  id=\"row-268404327\">\n\n\t<div id=\"col-1676469400\" class=\"col medium-7 small-12 large-7\"  >\n\t\t\t\t<div class=\"col-inner\"  >\n\t\t\t\n\t\t\t\n<h3>Uskomme, ett\u00e4 kaikille ihmisille on annettava mahdollisuus sitoutua ty\u00f6h\u00f6ns\u00e4. Kehitt\u00e4\u00e4 henkil\u00f6kohtaisia kykyj\u00e4\u00e4n ja sit\u00e4, mik\u00e4 on heid\u00e4n intohimonsa.<\/h3>\n<p>Pyrimme olemaan ty\u00f6paikka, jossa voit turvallisesti olla osa tiimi\u00e4 ja samalla uskaltaa kokeilla sit\u00e4, mist\u00e4 olet utelias. Uskomme my\u00f6s, ett\u00e4 hyvinvointi syntyy siit\u00e4, ett\u00e4 tuntee itsens\u00e4 n\u00e4hdyksi ja tiet\u00e4\u00e4, ett\u00e4 ty\u00f6ni vaikuttaa muihin ihmisiin, yhteiskuntaan ja ymp\u00e4rist\u00f6\u00f6n.<\/p>\n<p><strong>Olemme joukko intohimoisia ihmisi\u00e4<\/strong>eri-ik\u00e4isi\u00e4 ja eri taustoista tulevia ihmisi\u00e4, joilla on kunnianhimoa ja tarmoa jatkaa yhteist\u00e4 kasvumatkaamme. Siksi olemme kiinnostuneita tutustumaan uusiin ihmisiin, joilla on sama intohimo talonrakennusta, talotekniikkaa ja asiakassuhteita kohtaan.<\/p>\n<p>Meill\u00e4 on J\u00f6rniss\u00e4 oma tehdas ja toimisto, joten tarvitsemme jatkuvasti ty\u00f6ntekij\u00f6it\u00e4, joilla on kokemusta monilta aloilta. Olemme kiinnostuneita ottamaan yhteytt\u00e4 kirvesmiehiin, talosuunnittelijoihin, A-projektoreihin, myyjiin ja hallintovirkailijoihin.<\/p>\n<p>J\u00f6rntr\u00e4hus on my\u00f6s osa Contractor Groupia, joka tarjoaa sinulle loistavia mahdollisuuksia kehitt\u00e4\u00e4 taitojasi - ja henkil\u00f6kohtaista kehittymist\u00e4si.<\/p>\n\t\t<\/div>\n\t\t\t\t\t<\/div>\n\n\t\n\n\t<div id=\"col-1513493933\" class=\"col medium-1 small-12 large-1\"  >\n\t\t\t\t<div class=\"col-inner\"  >\n\t\t\t\n\t\t\t\n\t\t<\/div>\n\t\t\t\t\t<\/div>\n\n\t\n\n\t<div id=\"col-961160088\" class=\"col medium-4 small-12 large-4\"  >\n\t\t\t\t<div class=\"col-inner\"  >\n\t\t\t\n\t\t\t\n\t<div class=\"img has-hover x md-x lg-x y md-y lg-y\" id=\"image_1918674223\">\n\t\t\t\t\t\t\t\t<div class=\"img-inner dark\" >\n\t\t\t<img loading=\"lazy\" decoding=\"async\" width=\"1020\" height=\"681\" src=\"https:\/\/jorntrahus.se\/wp-content\/uploads\/2020\/11\/Fritidshus-Hus-Villor-byggsatser-Jorntrahus-Med-passion-fran-Jorn-webb-04-1200x801.jpg\" class=\"attachment-large size-large\" alt=\"Loma-asunnot Talot Huvilat talonrakennussarjat talonvalmistustehdas J\u00f6rntr\u00e4hus - With passion from J\u00f6rn\" srcset=\"https:\/\/jorntrahus.se\/wp-content\/uploads\/2020\/11\/Fritidshus-Hus-Villor-byggsatser-Jorntrahus-Med-passion-fran-Jorn-webb-04-1200x801.jpg 1200w, https:\/\/jorntrahus.se\/wp-content\/uploads\/2020\/11\/Fritidshus-Hus-Villor-byggsatser-Jorntrahus-Med-passion-fran-Jorn-webb-04-600x400.jpg 600w, https:\/\/jorntrahus.se\/wp-content\/uploads\/2020\/11\/Fritidshus-Hus-Villor-byggsatser-Jorntrahus-Med-passion-fran-Jorn-webb-04-900x600.jpg 900w, https:\/\/jorntrahus.se\/wp-content\/uploads\/2020\/11\/Fritidshus-Hus-Villor-byggsatser-Jorntrahus-Med-passion-fran-Jorn-webb-04-768x512.jpg 768w, https:\/\/jorntrahus.se\/wp-content\/uploads\/2020\/11\/Fritidshus-Hus-Villor-byggsatser-Jorntrahus-Med-passion-fran-Jorn-webb-04-1536x1025.jpg 1536w, https:\/\/jorntrahus.se\/wp-content\/uploads\/2020\/11\/Fritidshus-Hus-Villor-byggsatser-Jorntrahus-Med-passion-fran-Jorn-webb-04-2048x1366.jpg 2048w\" sizes=\"auto, (max-width: 1020px) 100vw, 1020px\" \/>\t\t\t\t\t\t\n\t\t\t\t\t<\/div>\n\t\t\t\t\t\t\t\t\n<style>\n#image_1918674223 {\n  width: 100%;\n}\n<\/style>\n\t<\/div>\n\t\n\t<div class=\"img has-hover x md-x lg-x y md-y lg-y\" id=\"image_1626417733\">\n\t\t\t\t\t\t\t\t<div class=\"img-inner dark\" >\n\t\t\t<img loading=\"lazy\" decoding=\"async\" width=\"1020\" height=\"680\" src=\"https:\/\/jorntrahus.se\/wp-content\/uploads\/2020\/10\/Jorntrahus-Konstruktor-Saljare-Fritidshus-Husbyggsats-Villa-Hus-Personal-Huvukontoret-1200x800.jpg\" class=\"attachment-large size-large\" alt=\"J\u00f6rntr\u00e4hus Rakennuttaja Myyj\u00e4 Loma-asunto Talopaketti Huvila Talo Henkil\u00f6kunta P\u00e4\u00e4konttori\" srcset=\"https:\/\/jorntrahus.se\/wp-content\/uploads\/2020\/10\/Jorntrahus-Konstruktor-Saljare-Fritidshus-Husbyggsats-Villa-Hus-Personal-Huvukontoret-1200x800.jpg 1200w, https:\/\/jorntrahus.se\/wp-content\/uploads\/2020\/10\/Jorntrahus-Konstruktor-Saljare-Fritidshus-Husbyggsats-Villa-Hus-Personal-Huvukontoret-600x400.jpg 600w, https:\/\/jorntrahus.se\/wp-content\/uploads\/2020\/10\/Jorntrahus-Konstruktor-Saljare-Fritidshus-Husbyggsats-Villa-Hus-Personal-Huvukontoret-900x600.jpg 900w, https:\/\/jorntrahus.se\/wp-content\/uploads\/2020\/10\/Jorntrahus-Konstruktor-Saljare-Fritidshus-Husbyggsats-Villa-Hus-Personal-Huvukontoret-768x512.jpg 768w, https:\/\/jorntrahus.se\/wp-content\/uploads\/2020\/10\/Jorntrahus-Konstruktor-Saljare-Fritidshus-Husbyggsats-Villa-Hus-Personal-Huvukontoret-1536x1024.jpg 1536w, https:\/\/jorntrahus.se\/wp-content\/uploads\/2020\/10\/Jorntrahus-Konstruktor-Saljare-Fritidshus-Husbyggsats-Villa-Hus-Personal-Huvukontoret.jpg 2048w\" sizes=\"auto, (max-width: 1020px) 100vw, 1020px\" \/>\t\t\t\t\t\t\n\t\t\t\t\t<\/div>\n\t\t\t\t\t\t\t\t\n<style>\n#image_1626417733 {\n  width: 100%;\n}\n<\/style>\n\t<\/div>\n\t\n\t\t<\/div>\n\t\t\t\t\t<\/div>\n\n\t\n<\/div>\n\t<div id=\"gap-1808017683\" class=\"gap-element clearfix\" style=\"display:block; height:auto;\">\n\t\t\n<style>\n#gap-1808017683 {\n  padding-top: 60px;\n}\n<\/style>\n\t<\/div>\n\t\n<span class=\"scroll-to\" data-label=\"Scroll to: #ledigajobb\" data-bullet=\"false\" data-link=\"#ledigajobb\" data-title=\"LedigaJobb\"><a name=\"ledigajobb\"><\/a><\/span>\n\n\t<section class=\"section\" id=\"section_289699670\">\n\t\t<div class=\"section-bg fill\" >\n\t\t\t\t\t\t\t\t\t\n\t\t\t\n\t<div class=\"is-border\"\n\t\tstyle=\"border-color:rgb(235, 235, 235);border-width:1px 0px 0px 0px;\">\n\t<\/div>\n\n\t\t<\/div>\n\n\t\t\n\n\t\t<div class=\"section-content relative\">\n\t\t\t\n<div class=\"row row-collapse align-middle\"  id=\"row-411393767\">\n\n\t<div id=\"col-1729865724\" class=\"col medium-4 small-4 large-4\"  >\n\t\t\t\t<div class=\"col-inner\"  >\n\t\t\t\n\t\t\t\n\t\t<\/div>\n\t\t\t\t\t<\/div>\n\n\t\n\n\t<div id=\"col-1371065171\" class=\"col small-12 large-12\"  >\n\t\t\t\t<div class=\"col-inner\"  >\n\t\t\t\n\t\t\t\n<h1 style=\"text-align: center\"><span style=\"font-size: 140%\">Avoimet virat<\/span><\/h1>\n\t<div id=\"gap-1105006602\" class=\"gap-element clearfix\" style=\"display:block; height:auto;\">\n\t\t\n<style>\n#gap-1105006602 {\n  padding-top: 40px;\n}\n<\/style>\n\t<\/div>\n\t\n\n  \n    <div class=\"row large-columns-1 medium-columns-1 small-columns-1 has-shadow row-box-shadow-2\" >\n  <\/div>\n\t\t<\/div>\n\t\t\t\t\n<style>\n#col-1371065171 > .col-inner {\n  padding: 0px 0px 0px 0px;\n}\n@media (min-width:550px) {\n  #col-1371065171 > .col-inner {\n    padding: 0px 50px 0px 50px;\n  }\n}\n<\/style>\n\t<\/div>\n\n\t\n\n<style>\n#row-411393767 > .col > .col-inner {\n  padding: 0px 0px 0px 0px;\n}\n@media (min-width:550px) {\n  #row-411393767 > .col > .col-inner {\n    padding: 0px 20px 0px 20px;\n  }\n}\n<\/style>\n<\/div>\n\t<div id=\"text-1913104404\" class=\"text\">\n\t\t\n<p>T\u00e4ll\u00e4 hetkell\u00e4 ei ole avoimia ty\u00f6paikkoja - mutta voit hakea spontaanisti alla.<\/p>\n\t\t\n<style>\n#text-1913104404 {\n  text-align: center;\n}\n<\/style>\n\t<\/div>\n\t\n\t\t<\/div>\n\n\t\t\n<style>\n#section_289699670 {\n  padding-top: 0px;\n  padding-bottom: 0px;\n  background-color: rgb(245, 245, 245);\n}\n@media (min-width:550px) {\n  #section_289699670 {\n    padding-top: 40px;\n    padding-bottom: 40px;\n  }\n}\n<\/style>\n\t<\/section>\n\t\n\t<div id=\"gap-1729519231\" class=\"gap-element clearfix\" style=\"display:block; height:auto;\">\n\t\t\n<style>\n#gap-1729519231 {\n  padding-top: 100px;\n}\n<\/style>\n\t<\/div>\n\t\n<span class=\"scroll-to\" data-label=\"Scroll to: #spontanansokan\" data-bullet=\"false\" data-link=\"#spontanansokan\" data-title=\"Spontanansokan\"><a name=\"spontanansokan\"><\/a><\/span>\n\n\t<section class=\"section\" id=\"section_450290180\">\n\t\t<div class=\"section-bg fill\" >\n\t\t\t\t\t\t\t\t\t\n\t\t\t\n\t<div class=\"is-border\"\n\t\tstyle=\"border-color:rgb(235, 235, 235);border-width:1px 0px 0px 0px;\">\n\t<\/div>\n\n\t\t<\/div>\n\n\t\t\n\n\t\t<div class=\"section-content relative\">\n\t\t\t\n<div class=\"row row-collapse align-middle\"  id=\"row-717494848\">\n\n\t<div id=\"col-985312939\" class=\"col small-12 large-12\"  >\n\t\t\t\t<div class=\"col-inner\"  >\n\t\t\t\n\t\t\t\n\t<div id=\"text-1226617343\" class=\"text\">\n\t\t\n<h1 style=\"text-align: center\"><span style=\"font-size: 140%\">Spontaani soveltaminen<\/span><\/h1>\n\t\t\n<style>\n#text-1226617343 {\n  font-size: 1rem;\n}\n<\/style>\n\t<\/div>\n\t\n\t<div id=\"gap-2044016574\" class=\"gap-element clearfix\" style=\"display:block; height:auto;\">\n\t\t\n<style>\n#gap-2044016574 {\n  padding-top: 40px;\n}\n<\/style>\n\t<\/div>\n\t\n\n<div class=\"wpcf7 no-js\" id=\"wpcf7-f11798-o1\" lang=\"sv-SE\" dir=\"ltr\" data-wpcf7-id=\"11798\">\n<div class=\"screen-reader-response\"><p role=\"status\" aria-live=\"polite\" aria-atomic=\"true\"><\/p> <ul><\/ul><\/div>\n<form action=\"\/fi\/wp-json\/wp\/v2\/pages\/11794#wpcf7-f11798-o1\" method=\"post\" class=\"wpcf7-form init\" aria-label=\"Kontaktformul\u00e4r\" enctype=\"multipart\/form-data\" novalidate=\"novalidate\" data-status=\"init\" data-trp-original-action=\"\/fi\/wp-json\/wp\/v2\/pages\/11794#wpcf7-f11798-o1\">\n<fieldset class=\"hidden-fields-container\"><input type=\"hidden\" name=\"_wpcf7\" value=\"11798\" \/><input type=\"hidden\" name=\"_wpcf7_version\" value=\"6.1.5\" \/><input type=\"hidden\" name=\"_wpcf7_locale\" value=\"sv_SE\" \/><input type=\"hidden\" name=\"_wpcf7_unit_tag\" value=\"wpcf7-f11798-o1\" \/><input type=\"hidden\" name=\"_wpcf7_container_post\" value=\"0\" \/><input type=\"hidden\" name=\"_wpcf7_posted_data_hash\" value=\"\" \/><input type=\"hidden\" name=\"_wpcf7cf_hidden_group_fields\" value=\"[]\" \/><input type=\"hidden\" name=\"_wpcf7cf_hidden_groups\" value=\"[]\" \/><input type=\"hidden\" name=\"_wpcf7cf_visible_groups\" value=\"[]\" \/><input type=\"hidden\" name=\"_wpcf7cf_repeaters\" value=\"[]\" \/><input type=\"hidden\" name=\"_wpcf7cf_steps\" value=\"{}\" \/><input type=\"hidden\" name=\"_wpcf7cf_options\" value=\"{&quot;form_id&quot;:11798,&quot;conditions&quot;:[],&quot;settings&quot;:{&quot;animation&quot;:&quot;yes&quot;,&quot;animation_intime&quot;:200,&quot;animation_outtime&quot;:200,&quot;conditions_ui&quot;:&quot;normal&quot;,&quot;notice_dismissed&quot;:false,&quot;repeater_remove_button&quot;:&quot;bottom&quot;,&quot;notice_dismissed_rollback-cf7-6.1.1&quot;:true}}\" \/><input type=\"hidden\" name=\"_wpcf7_recaptcha_response\" value=\"\" \/>\n<\/fieldset>\n<table>\n\t<tr>\n\t\t<td style=\"width: 50%;\">\n\t\t\t<p><label>Nimi *.<span class=\"wpcf7-form-control-wrap\" data-name=\"kontakt-namn\"><input size=\"40\" maxlength=\"400\" class=\"wpcf7-form-control wpcf7-text wpcf7-validates-as-required\" aria-required=\"true\" aria-invalid=\"false\" value=\"\" type=\"text\" name=\"kontakt-namn\" \/><\/span> <\/label>\n\t\t\t<\/p>\n\t\t<\/td>\n\t\t<td style=\"width: 50%;\">\n\t\t\t<p><label>Ammatti<br \/>\n<span class=\"wpcf7-form-control-wrap\" data-name=\"kontakt-yrke\"><select class=\"wpcf7-form-control wpcf7-select wpcf7-validates-as-required\" aria-required=\"true\" aria-invalid=\"false\" name=\"kontakt-yrke\"><option value=\"\">\u2013 V\u00e4lj ett alternativ \u2013<\/option><option value=\"Byggnadssnickare\">Rakennuspuusepp\u00e4<\/option><option value=\"Huskonstrukt\u00f6r\">Rakennuksen rakentaja<\/option><option value=\"A-projekt\u00f6r\">A-projektori<\/option><option value=\"S\u00e4ljare\">Myyj\u00e4t<\/option><option value=\"Administrat\u00f6r\">Yll\u00e4pit\u00e4j\u00e4<\/option><option value=\"Annat\">Muut<\/option><\/select><\/span><\/label>\n\t\t\t<\/p>\n\t\t<\/td>\n\t<\/tr>\n<\/table>\n<table>\n\t<tr>\n\t\t<td style=\"width: 70%;\">\n\t\t\t<p><label>S\u00e4hk\u00f6posti *<span class=\"wpcf7-form-control-wrap\" data-name=\"kontakt-epost\"><input size=\"40\" maxlength=\"400\" class=\"wpcf7-form-control wpcf7-email wpcf7-validates-as-required wpcf7-text wpcf7-validates-as-email\" aria-required=\"true\" aria-invalid=\"false\" value=\"\" type=\"email\" name=\"kontakt-epost\" \/><\/span> <\/label>\n\t\t\t<\/p>\n\t\t<\/td>\n\t\t<td style=\"width: 30%;\">\n\t\t\t<p><label>Puhelinnumero<span class=\"wpcf7-form-control-wrap\" data-name=\"kontakt-telefon\"><input size=\"40\" maxlength=\"400\" class=\"wpcf7-form-control wpcf7-text\" aria-invalid=\"false\" value=\"\" type=\"text\" name=\"kontakt-telefon\" \/><\/span> <\/label>\n\t\t\t<\/p>\n\t\t<\/td>\n\t<\/tr>\n<\/table>\n<p><label>Miksi juuri sin\u00e4 olet etsim\u00e4mme henkil\u00f6? J\u00e4t\u00e4 lyhyt ja spontaani vastaus.<br \/>\n<span class=\"wpcf7-form-control-wrap\" data-name=\"kontakt-arende\"><textarea cols=\"40\" rows=\"10\" maxlength=\"2000\" class=\"wpcf7-form-control wpcf7-textarea\" aria-invalid=\"false\" name=\"kontakt-arende\"><\/textarea><\/span> <\/label>\n<\/p>\n<p><label>Liit\u00e4 hakemukseen saatekirjeesi\/ansioluettelosi (mieluiten PDF-muodossa, mutta my\u00f6s muut tiedostomuodot sopivat hyvin).<br \/>\n<span class=\"wpcf7-form-control-wrap\" data-name=\"cv\"><input size=\"40\" class=\"wpcf7-form-control wpcf7-file wpcf7-validates-as-required\" accept=\".pdf,.doc,.docx,.ppt,.pptx,.jpg,.jpeg,.png\" aria-required=\"true\" aria-invalid=\"false\" type=\"file\" name=\"cv\" \/><\/span> <\/label>\n<\/p>\n<p><span class=\"wpcf7-form-control-wrap\" data-name=\"kontakt-samtycke\"><span class=\"wpcf7-form-control wpcf7-checkbox wpcf7-validates-as-required\"><span class=\"wpcf7-list-item first last\"><label><input type=\"checkbox\" name=\"kontakt-samtycke[]\" value=\"Jag ger mitt samtycke att...\" \/><span class=\"wpcf7-list-item-label\">Annan suostumukseni...<\/span><\/label><\/span><\/span><\/span> henkil\u00f6tietojani k\u00e4sitell\u00e4\u00e4n seuraavien s\u00e4\u00e4nn\u00f6sten mukaisesti <a href=\"\/fi\/meista\/tietosuojakaytanto\/\" target=\"_blank\">J\u00f6rntr\u00e4huksen tietosuojak\u00e4yt\u00e4nt\u00f6<\/a>.\n<\/p>\n<p style=\"margin-top: 20px;\"><input class=\"wpcf7-form-control wpcf7-submit has-spinner\" type=\"submit\" value=\"L\u00e4het\u00e4\" \/>\n<\/p><div class=\"wpcf7-response-output\" aria-hidden=\"true\"><\/div>\n<input type=\"hidden\" name=\"trp-form-language\" value=\"fi\"\/><\/form>\n<\/div>\n\n\t\t<\/div>\n\t\t\t\t\n<style>\n#col-985312939 > .col-inner {\n  padding: 0px 0px 0px 0px;\n  margin: 0px 0px 0 0px;\n}\n@media (min-width:550px) {\n  #col-985312939 > .col-inner {\n    padding: 0px 50px 0px 50px;\n  }\n}\n<\/style>\n\t<\/div>\n\n\t\n<\/div>\n\t\t<\/div>\n\n\t\t\n<style>\n#section_450290180 {\n  padding-top: 0px;\n  padding-bottom: 0px;\n  margin-bottom: 0px;\n  background-color: rgb(245, 245, 245);\n}\n@media (min-width:550px) {\n  #section_450290180 {\n    padding-top: 60px;\n    padding-bottom: 60px;\n  }\n}\n<\/style>\n\t<\/section>\n\t\n\t<div id=\"gap-1432292773\" class=\"gap-element clearfix\" style=\"display:block; height:auto;\">\n\t\t\n<style>\n#gap-1432292773 {\n  padding-top: 100px;\n}\n<\/style>\n\t<\/div>\n\t\n\t\t<\/div>\n\t\t\t\t\t<\/div>\n\n\t\n<\/div>\n<p>&nbsp;<\/p>\n<p>&nbsp;<\/p>","protected":false},"excerpt":{"rendered":"<p>&nbsp; &nbsp;<\/p>","protected":false},"author":2,"featured_media":0,"parent":7,"menu_order":0,"comment_status":"closed","ping_status":"closed","template":"page-blank.php","meta":{"footnotes":""},"class_list":["post-11794","page","type-page","status-publish","hentry"],"yoast_head":"<!-- This site is optimized with the Yoast SEO plugin v27.5 - https:\/\/yoast.com\/product\/yoast-seo-wordpress\/ -->\n<title>J\u00f6rntr\u00e4hus \u2013 unika och personliga husmodeller f\u00f6r privatpersoner &amp; f\u00f6retag<\/title>\n<meta name=\"description\" content=\"Hustillverkare med moderna husmodeller som str\u00e4cker sig fr\u00e5n privatpersoners fritidshus &amp; villor till skr\u00e4ddarsydda byggsatser &amp; modulhus till f\u00f6retag.\" \/>\n<meta name=\"robots\" content=\"index, follow, max-snippet:-1, max-image-preview:large, max-video-preview:-1\" \/>\n<link rel=\"canonical\" href=\"https:\/\/jorntrahus.se\/fi\/meista\/ura\/\" \/>\n<meta property=\"og:locale\" content=\"fi_FI\" \/>\n<meta property=\"og:type\" content=\"article\" \/>\n<meta property=\"og:title\" content=\"J\u00f6rntr\u00e4hus \u2013 unika och personliga husmodeller f\u00f6r privatpersoner &amp; f\u00f6retag\" \/>\n<meta property=\"og:description\" content=\"D\u00e4r ditt jobb g\u00f6r skillnad f\u00f6r andra m\u00e4nniskor, f\u00f6r samh\u00e4llet och v\u00e5r milj\u00f6.\" \/>\n<meta property=\"og:url\" content=\"https:\/\/jorntrahus.se\/fi\/meista\/ura\/\" \/>\n<meta property=\"og:site_name\" content=\"J\u00f6rntr\u00e4hus\" \/>\n<meta property=\"article:modified_time\" content=\"2024-11-06T13:44:17+00:00\" \/>\n<meta property=\"og:image\" content=\"https:\/\/jorntrahus.se\/wp-content\/uploads\/2020\/11\/Fritidshus-Hus-Villor-byggsatser-Jorntrahus-Med-passion-fran-Jorn-webb-08.jpg\" \/>\n\t<meta property=\"og:image:width\" content=\"2400\" \/>\n\t<meta property=\"og:image:height\" content=\"1601\" \/>\n\t<meta property=\"og:image:type\" content=\"image\/jpeg\" \/>\n<meta name=\"twitter:card\" content=\"summary_large_image\" \/>\n<meta name=\"twitter:label1\" content=\"Arvioitu lukuaika\" \/>\n\t<meta name=\"twitter:data1\" content=\"3 minuuttia\" \/>\n<script type=\"application\/ld+json\" class=\"yoast-schema-graph\">{\"@context\":\"https:\\\/\\\/schema.org\",\"@graph\":[{\"@type\":\"WebPage\",\"@id\":\"https:\\\/\\\/jorntrahus.se\\\/om-oss\\\/karriar\\\/\",\"url\":\"https:\\\/\\\/jorntrahus.se\\\/om-oss\\\/karriar\\\/\",\"name\":\"J\u00f6rntr\u00e4hus \u2013 unika och personliga husmodeller f\u00f6r privatpersoner & f\u00f6retag\",\"isPartOf\":{\"@id\":\"https:\\\/\\\/jorntrahus.se\\\/#website\"},\"datePublished\":\"2020-06-12T07:53:01+00:00\",\"dateModified\":\"2024-11-06T13:44:17+00:00\",\"description\":\"Hustillverkare med moderna husmodeller som str\u00e4cker sig fr\u00e5n privatpersoners fritidshus & villor till skr\u00e4ddarsydda byggsatser & modulhus till f\u00f6retag.\",\"breadcrumb\":{\"@id\":\"https:\\\/\\\/jorntrahus.se\\\/om-oss\\\/karriar\\\/#breadcrumb\"},\"inLanguage\":\"fi\",\"potentialAction\":[{\"@type\":\"ReadAction\",\"target\":[\"https:\\\/\\\/jorntrahus.se\\\/om-oss\\\/karriar\\\/\"]}]},{\"@type\":\"BreadcrumbList\",\"@id\":\"https:\\\/\\\/jorntrahus.se\\\/om-oss\\\/karriar\\\/#breadcrumb\",\"itemListElement\":[{\"@type\":\"ListItem\",\"position\":1,\"name\":\"Hem\",\"item\":\"https:\\\/\\\/jorntrahus.se\\\/\"},{\"@type\":\"ListItem\",\"position\":2,\"name\":\"Om oss\",\"item\":\"https:\\\/\\\/jorntrahus.se\\\/om-oss\\\/\"},{\"@type\":\"ListItem\",\"position\":3,\"name\":\"Karri\u00e4r\"}]},{\"@type\":\"WebSite\",\"@id\":\"https:\\\/\\\/jorntrahus.se\\\/#website\",\"url\":\"https:\\\/\\\/jorntrahus.se\\\/\",\"name\":\"J\u00f6rntr\u00e4hus\",\"description\":\"Hus f\u00f6r den medvetne\",\"publisher\":{\"@id\":\"https:\\\/\\\/jorntrahus.se\\\/#organization\"},\"potentialAction\":[{\"@type\":\"SearchAction\",\"target\":{\"@type\":\"EntryPoint\",\"urlTemplate\":\"https:\\\/\\\/jorntrahus.se\\\/?s={search_term_string}\"},\"query-input\":{\"@type\":\"PropertyValueSpecification\",\"valueRequired\":true,\"valueName\":\"search_term_string\"}}],\"inLanguage\":\"fi\"},{\"@type\":\"Organization\",\"@id\":\"https:\\\/\\\/jorntrahus.se\\\/#organization\",\"name\":\"J\u00f6rntr\u00e4hus\",\"url\":\"https:\\\/\\\/jorntrahus.se\\\/\",\"logo\":{\"@type\":\"ImageObject\",\"inLanguage\":\"fi\",\"@id\":\"https:\\\/\\\/jorntrahus.se\\\/#\\\/schema\\\/logo\\\/image\\\/\",\"url\":\"https:\\\/\\\/jorntrahus.se\\\/wp-content\\\/uploads\\\/2020\\\/09\\\/Jorntrahus_Grund_CMYK.eps\",\"contentUrl\":\"https:\\\/\\\/jorntrahus.se\\\/wp-content\\\/uploads\\\/2020\\\/09\\\/Jorntrahus_Grund_CMYK.eps\",\"width\":1,\"height\":1,\"caption\":\"J\u00f6rntr\u00e4hus\"},\"image\":{\"@id\":\"https:\\\/\\\/jorntrahus.se\\\/#\\\/schema\\\/logo\\\/image\\\/\"}}]}<\/script>\n<!-- \/ Yoast SEO plugin. -->","yoast_head_json":{"title":"J\u00f6rntr\u00e4hus - ainutlaatuisia ja yksil\u00f6llisi\u00e4 talomalleja yksityishenkil\u00f6ille ja yrityksille.","description":"Talonvalmistaja, jonka modernit talomallit vaihtelevat yksityishenkil\u00f6iden loma-asunnoista ja huviloista r\u00e4\u00e4t\u00e4l\u00f6ityihin rakennussarjoihin ja modulaarisiin taloihin yrityksille.","robots":{"index":"index","follow":"follow","max-snippet":"max-snippet:-1","max-image-preview":"max-image-preview:large","max-video-preview":"max-video-preview:-1"},"canonical":"https:\/\/jorntrahus.se\/fi\/meista\/ura\/","og_locale":"fi_FI","og_type":"article","og_title":"J\u00f6rntr\u00e4hus \u2013 unika och personliga husmodeller f\u00f6r privatpersoner & f\u00f6retag","og_description":"D\u00e4r ditt jobb g\u00f6r skillnad f\u00f6r andra m\u00e4nniskor, f\u00f6r samh\u00e4llet och v\u00e5r milj\u00f6.","og_url":"https:\/\/jorntrahus.se\/fi\/meista\/ura\/","og_site_name":"J\u00f6rntr\u00e4hus","article_modified_time":"2024-11-06T13:44:17+00:00","og_image":[{"width":2400,"height":1601,"url":"https:\/\/jorntrahus.se\/wp-content\/uploads\/2020\/11\/Fritidshus-Hus-Villor-byggsatser-Jorntrahus-Med-passion-fran-Jorn-webb-08.jpg","type":"image\/jpeg"}],"twitter_card":"summary_large_image","twitter_misc":{"Arvioitu lukuaika":"3 minuuttia"},"schema":{"@context":"https:\/\/schema.org","@graph":[{"@type":"WebPage","@id":"https:\/\/jorntrahus.se\/om-oss\/karriar\/","url":"https:\/\/jorntrahus.se\/om-oss\/karriar\/","name":"J\u00f6rntr\u00e4hus - ainutlaatuisia ja yksil\u00f6llisi\u00e4 talomalleja yksityishenkil\u00f6ille ja yrityksille.","isPartOf":{"@id":"https:\/\/jorntrahus.se\/#website"},"datePublished":"2020-06-12T07:53:01+00:00","dateModified":"2024-11-06T13:44:17+00:00","description":"Talonvalmistaja, jonka modernit talomallit vaihtelevat yksityishenkil\u00f6iden loma-asunnoista ja huviloista r\u00e4\u00e4t\u00e4l\u00f6ityihin rakennussarjoihin ja modulaarisiin taloihin yrityksille.","breadcrumb":{"@id":"https:\/\/jorntrahus.se\/om-oss\/karriar\/#breadcrumb"},"inLanguage":"fi","potentialAction":[{"@type":"ReadAction","target":["https:\/\/jorntrahus.se\/om-oss\/karriar\/"]}]},{"@type":"BreadcrumbList","@id":"https:\/\/jorntrahus.se\/om-oss\/karriar\/#breadcrumb","itemListElement":[{"@type":"ListItem","position":1,"name":"Hem","item":"https:\/\/jorntrahus.se\/"},{"@type":"ListItem","position":2,"name":"Om oss","item":"https:\/\/jorntrahus.se\/om-oss\/"},{"@type":"ListItem","position":3,"name":"Karri\u00e4r"}]},{"@type":"WebSite","@id":"https:\/\/jorntrahus.se\/#website","url":"https:\/\/jorntrahus.se\/","name":"J\u00f6rntr\u00e4hus","description":"Talot tietoisille","publisher":{"@id":"https:\/\/jorntrahus.se\/#organization"},"potentialAction":[{"@type":"SearchAction","target":{"@type":"EntryPoint","urlTemplate":"https:\/\/jorntrahus.se\/?s={search_term_string}"},"query-input":{"@type":"PropertyValueSpecification","valueRequired":true,"valueName":"search_term_string"}}],"inLanguage":"fi"},{"@type":"Organization","@id":"https:\/\/jorntrahus.se\/#organization","name":"J\u00f6rntr\u00e4hus","url":"https:\/\/jorntrahus.se\/","logo":{"@type":"ImageObject","inLanguage":"fi","@id":"https:\/\/jorntrahus.se\/#\/schema\/logo\/image\/","url":"https:\/\/jorntrahus.se\/wp-content\/uploads\/2020\/09\/Jorntrahus_Grund_CMYK.eps","contentUrl":"https:\/\/jorntrahus.se\/wp-content\/uploads\/2020\/09\/Jorntrahus_Grund_CMYK.eps","width":1,"height":1,"caption":"J\u00f6rntr\u00e4hus"},"image":{"@id":"https:\/\/jorntrahus.se\/#\/schema\/logo\/image\/"}}]}},"publishpress_future_action":{"enabled":false,"date":"2026-05-17 17:14:59","action":"change-status","newStatus":"draft","terms":[],"taxonomy":"","extraData":[]},"publishpress_future_workflow_manual_trigger":{"enabledWorkflows":[]},"_links":{"self":[{"href":"https:\/\/jorntrahus.se\/fi\/wp-json\/wp\/v2\/pages\/11794","targetHints":{"allow":["GET"]}}],"collection":[{"href":"https:\/\/jorntrahus.se\/fi\/wp-json\/wp\/v2\/pages"}],"about":[{"href":"https:\/\/jorntrahus.se\/fi\/wp-json\/wp\/v2\/types\/page"}],"author":[{"embeddable":true,"href":"https:\/\/jorntrahus.se\/fi\/wp-json\/wp\/v2\/users\/2"}],"replies":[{"embeddable":true,"href":"https:\/\/jorntrahus.se\/fi\/wp-json\/wp\/v2\/comments?post=11794"}],"version-history":[{"count":46,"href":"https:\/\/jorntrahus.se\/fi\/wp-json\/wp\/v2\/pages\/11794\/revisions"}],"predecessor-version":[{"id":14707,"href":"https:\/\/jorntrahus.se\/fi\/wp-json\/wp\/v2\/pages\/11794\/revisions\/14707"}],"up":[{"embeddable":true,"href":"https:\/\/jorntrahus.se\/fi\/wp-json\/wp\/v2\/pages\/7"}],"wp:attachment":[{"href":"https:\/\/jorntrahus.se\/fi\/wp-json\/wp\/v2\/media?parent=11794"}],"curies":[{"name":"wp","href":"https:\/\/api.w.org\/{rel}","templated":true}]}}