{"id":12750,"date":"2021-03-24T11:24:06","date_gmt":"2021-03-24T10:24:06","guid":{"rendered":"https:\/\/jorntrahus.se\/?page_id=12750"},"modified":"2025-01-13T13:52:17","modified_gmt":"2025-01-13T12:52:17","slug":"toinen-talon-paa-menee","status":"publish","type":"page","link":"https:\/\/jorntrahus.se\/fi\/om-oss\/sa-gar-ett-huskop-till\/","title":{"rendered":"Miten ostaa talo"},"content":{"rendered":"<div id=\"gap-888818819\" class=\"gap-element clearfix\" style=\"display:block; height:auto;\">\n\t\t\n<style>\n#gap-888818819 {\n  padding-top: 60px;\n}\n<\/style>\n\t<\/div>\n\t\n<div class=\"row\"  id=\"row-1786802795\">\n\n\t<div id=\"col-1485373289\" class=\"col small-12 large-12\"  >\n\t\t\t\t<div class=\"col-inner\"  >\n\t\t\t\n\t\t\t\n\t<div id=\"text-845668808\" class=\"text\">\n\t\t\n<h1><span style=\"font-size: 150%;\">Miten ostaa talo <\/span><\/h1>\n\t\t\n<style>\n#text-845668808 {\n  font-size: 1rem;\n}\n<\/style>\n\t<\/div>\n\t\n<h3><span style=\"font-size: 120%;\">Mik\u00e4 on prosessi, kun valitset J\u00f6rntr\u00e4hus:n toimittajaksi? T\u00e4ss\u00e4 kuvaamme eri vaiheet ja sen, miten olemme mukana kaikissa kuvatuissa vaiheissa.<\/span><\/h3>\n\t\t<\/div>\n\t\t\t\t\n<style>\n#col-1485373289 > .col-inner {\n  padding: 0px 100px 0px 0px;\n}\n<\/style>\n\t<\/div>\n\n\t\n\n<style>\n#row-1786802795 > .col > .col-inner {\n  padding: 0px 00px 20px 0px;\n}\n@media (min-width:550px) {\n  #row-1786802795 > .col > .col-inner {\n    padding: 0px 100px 20px 0px;\n  }\n}\n<\/style>\n<\/div>\n<div class=\"row\"  id=\"row-652137059\">\n\n\t<div id=\"col-86205878\" class=\"col medium-6 small-12 large-6\"  >\n\t\t\t\t<div class=\"col-inner\"  >\n\t\t\t\n\t\t\t\n<p><strong>1. KIINNOSTUKSENILMAISU<\/strong><br \/>T\u00e4m\u00e4 voidaan tehd\u00e4 verkkosivujemme kautta, s\u00e4hk\u00f6postitse, puhelimitse, vierailuilla tai ottamalla suoraan yhteytt\u00e4 J\u00f6rntr\u00e4hus:n paikallisiin myyntiedustajiin.<\/p>\n<p><b>2. MALLIN VALINTA<br \/><\/b>Jokaisella asunnon ostajalla on omat erityiset makunsa, vaatimuksensa ja toiveensa, joihin vakiomallimme tai r\u00e4\u00e4t\u00e4l\u00f6intimme vastaavat.<\/p>\n<p><span style=\"color: #282828;\"><b>3. EHDOTUSPIIRUSTUKSEN LAATIMINEN<br \/><\/b><\/span><span style=\"color: #555555;\">Ostaja ja myyj\u00e4 p\u00e4\u00e4tt\u00e4v\u00e4t yhteisen vuoropuhelun pohjalta, mit\u00e4 talomallia tai mit\u00e4 kohtuullisia r\u00e4\u00e4t\u00e4l\u00f6intej\u00e4 voidaan tarjota kohteen nykyisen yksityiskohtaisen suunnitelman puitteissa. Myyj\u00e4 v\u00e4litt\u00e4\u00e4 tiedot J\u00f6rntr\u00e4hus:n suunnitteluosastolle, joka laatii ostajan ideoiden ja toiveiden pohjalta tarjouspiirustuksen. Kun ehdotus vastaa toiveita, se on tarjouksen perusta.<\/span><\/p>\n\t\t<\/div>\n\t\t\t\t\n<style>\n#col-86205878 > .col-inner {\n  padding: 0px 100px 0px 0px;\n}\n<\/style>\n\t<\/div>\n\n\t\n\n\t<div id=\"col-463334161\" class=\"col medium-6 small-12 large-6\"  >\n\t\t\t\t<div class=\"col-inner\"  >\n\t\t\t\n\t\t\t\n<p><b>4. TARJOUS<br \/><\/b>J\u00f6rntr\u00e4hus-tarjous perustuu ehdotuspiirustukseen ja valitun talomallin toimituskuvaukseen, ellei muita toiveita ole esitetty. T\u00e4ss\u00e4 vaiheessa on mahdollista j\u00e4tt\u00e4\u00e4 pois tai lis\u00e4t\u00e4 sis\u00e4lt\u00f6\u00e4 mahdollisimman tarkan tarjouksen saamiseksi.<\/p>\n<p><b>5. OSTOSOPIMUS<br \/><\/b>Kun tarjous on hyv\u00e4ksytty, seuraava vaihe prosessissa on kauppasopimuksen allekirjoittaminen. Kauppasopimuksessa vahvistetaan, mit\u00e4 ostaja aikoo ostaa yksityiskohtaisesti ja mihin hintaan, nykyisen tarjouspiirustuksen ja tarjouksen perusteella.<\/p>\n<p>Ostaja allekirjoittaa ostosopimuksen kahtena kappaleena ja l\u00e4hett\u00e4\u00e4 sen alkuper\u00e4isen\u00e4 J\u00f6rntr\u00e4hus:lle. J\u00f6rntr\u00e4hus:n allekirjoituksen j\u00e4lkeen ostajalle l\u00e4hetet\u00e4\u00e4n takaisin yksi allekirjoitettu kappale. Kauppasopimuksesta perit\u00e4\u00e4n ennakkomaksu, joka on 2% kokonaiskauppahinnasta.<\/p>\n\t\t<\/div>\n\t\t\t\t\n<style>\n#col-463334161 > .col-inner {\n  padding: 0px 100px 0px 0px;\n}\n<\/style>\n\t<\/div>\n\n\t\n\n<style>\n#row-652137059 > .col > .col-inner {\n  padding: 0px 0px 0px 0px;\n}\n@media (min-width:550px) {\n  #row-652137059 > .col > .col-inner {\n    padding: 0px 100px 20px 0px;\n  }\n}\n<\/style>\n<\/div>\n\n\t<section class=\"section dark\" id=\"section_1942201206\">\n\t\t<div class=\"section-bg fill\" >\n\t\t\t<img loading=\"lazy\" decoding=\"async\" width=\"2000\" height=\"750\" src=\"https:\/\/jorntrahus.se\/wp-content\/uploads\/2018\/01\/Slide-JTH-ritning-kaffekopp-2000x750.jpg\" class=\"bg attachment- size-\" alt=\"\" \/>\t\t\t\t\t\t<div class=\"section-bg-overlay absolute fill\"><\/div>\n\t\t\t\n\n\t\t<\/div>\n\n\t\t\n\n\t\t<div class=\"section-content relative\">\n\t\t\t\n<div class=\"row\"  id=\"row-660967175\">\n\n\t<div id=\"col-1661150670\" class=\"col small-12 large-12\"  >\n\t\t\t\t<div class=\"col-inner\"  >\n\t\t\t\n\t\t\t\n\t<div id=\"text-1358928372\" class=\"text\">\n\t\t\n<h2 style=\"text-align: center;\"><span style=\"font-size: 110%;\"><b>Rakennuslupien hallinnointi<br \/><\/b><\/span><\/h2>\n\t\t\n<style>\n#text-1358928372 {\n  text-align: left;\n}\n<\/style>\n\t<\/div>\n\t\n\t\t<\/div>\n\t\t\t\t\t<\/div>\n\n\t\n\n<style>\n#row-660967175 > .col > .col-inner {\n  padding: 40px 0px 0px 0px;\n}\n<\/style>\n<\/div>\n<div class=\"row\"  id=\"row-1759517233\">\n\n\t<div id=\"col-1673128877\" class=\"col medium-6 small-12 large-6\"  >\n\t\t\t\t<div class=\"col-inner\"  >\n\t\t\t\n\t\t\t\n<p><strong>6. RAKENNUSLUPIEN HALLINNOINTI<\/strong><br \/>Kun kauppasopimus on allekirjoitettu, voidaan aloittaa rakennuslupa-asiakirjojen valmistelu.<\/p>\n<p>Rakennuslupahakemus koostuu kerros- ja julkisivusuunnitelmista, asemapiirroksesta ja rakennuslupahakemuslomakkeista.<\/p>\n<p>Jotta t\u00e4m\u00e4n valmistelu voidaan aloittaa, tiettyjen asiakirjojen on oltava J\u00f6rntr\u00e4hus k\u00e4ytett\u00e4viss\u00e4. Ostajan on aina toimitettava uusi rakennuskartta, jonka voi tilata kuntasi kaupunkisuunnittelutoimistosta.<\/p>\n<p><i>Tarvittavat lis\u00e4tiedot ovat:<\/i><\/p>\n<ul>\n<li>Loma-asunto tai pysyv\u00e4 asuinpaikka<\/li>\n<li>Talon sijainti tontilla<\/li>\n<li>Haluttu sokkelin korkeus<\/li>\n<\/ul>\n\t\t<\/div>\n\t\t\t\t\n<style>\n#col-1673128877 > .col-inner {\n  padding: 0px 00px 0px 0px;\n}\n@media (min-width:550px) {\n  #col-1673128877 > .col-inner {\n    padding: 0px 100px 0px 0px;\n  }\n}\n<\/style>\n\t<\/div>\n\n\t\n\n\t<div id=\"col-808807833\" class=\"col medium-6 small-12 large-6\"  >\n\t\t\t\t<div class=\"col-inner\"  >\n\t\t\t\n\t\t\t\n<p>Rakennuslupahakemuksen tekee aina talon ostaja, joka t\u00e4ytt\u00e4\u00e4 ja toimittaa rakennuslupahakemuksen itse yhdess\u00e4 J\u00f6rntr\u00e4hus:lt\u00e4 saatujen teknisten asiakirjojen kanssa.<\/p>\n<p>Jos rakennusluvan my\u00f6nt\u00e4misess\u00e4 ilmenee esteit\u00e4, J\u00f6rntr\u00e4hus avustaa asiakirjojen mukauttamisessa, kunnes hakemus on hyv\u00e4ksytty.<\/p>\n<p><b>7. RAKENNUSLUPA MY\u00d6NNETTY<br \/><\/b>Talon ostaja saa kunnalta ilmoituksen rakennusluvasta. K\u00e4sittelyaika voi vaihdella kunnasta riippuen muutamasta viikosta muutamaan kuukauteen.<span class=\"Apple-converted-space\">\u00a0<\/span><\/p>\n<p>Ota yhteytt\u00e4 J\u00f6rntr\u00e4hus:n myyntiedustajaan ja l\u00e4het\u00e4 rakennuslupa, jotta voimme yhdess\u00e4 ottaa seuraavan askeleen prosessissa.<span class=\"Apple-converted-space\">\u00a0<\/span><\/p>\n\t\t<\/div>\n\t\t\t\t\n<style>\n#col-808807833 > .col-inner {\n  padding: 0px 00px 0px 0px;\n}\n@media (min-width:550px) {\n  #col-808807833 > .col-inner {\n    padding: 0px 100px 0px 0px;\n  }\n}\n<\/style>\n\t<\/div>\n\n\t\n<\/div>\n\t\t<\/div>\n\n\t\t\n<style>\n#section_1942201206 {\n  padding-top: 50px;\n  padding-bottom: 50px;\n  margin-bottom: 0px;\n  min-height: 300px;\n}\n#section_1942201206 .section-bg-overlay {\n  background-color: rgba(0, 0, 0, 0.5);\n}\n<\/style>\n\t<\/section>\n\t\n\t<div id=\"gap-1939476143\" class=\"gap-element clearfix\" style=\"display:block; height:auto;\">\n\t\t\n<style>\n#gap-1939476143 {\n  padding-top: 50px;\n}\n@media (min-width:550px) {\n  #gap-1939476143 {\n    padding-top: 0px;\n  }\n}\n<\/style>\n\t<\/div>\n\t\n<div class=\"row\"  id=\"row-780096006\">\n\n\t<div id=\"col-1400512810\" class=\"col medium-6 small-12 large-6\"  >\n\t\t\t\t<div class=\"col-inner\"  >\n\t\t\t\n\t\t\t\n<p><b>8. AVROP<br \/><\/b>T\u00e4ss\u00e4 vaiheessa ostaja tilaa talon, joka on perustana J\u00f6rntr\u00e4hus-materiaalin hankinnalle, tuotannon suunnittelulle ja valmistukselle.<\/p>\n<p>Myyj\u00e4n ja ostajan on tarkistettava tarkistuslista ja hyv\u00e4ksytt\u00e4v\u00e4 tilauspiirustus, jotta kaikki yksityiskohdat ja mahdolliset valinnat ovat oikein, eik\u00e4 korjauksia tai muutoksia voida tehd\u00e4 allekirjoitetun tilauksen j\u00e4lkeen.<\/p>\n<p>Rakennuskonsultointiasiakirjat aloitetaan vasta sen j\u00e4lkeen, kun J\u00f6rntr\u00e4hus on saanut allekirjoitetun tarjouspyynn\u00f6n, joka laaditaan vuorotellen.<\/p>\n<p>Asiakirjat koostuvat K-profiileista, mahdollisista energiantarvelaskelmista (valinnainen) ja perustus-\/kuormitussuunnitelmasta.<\/p>\n<p>Talon ostaja ilmoittaa halutun toimitusviikon allekirjoitetussa tarjouspyynn\u00f6ss\u00e4. J\u00f6rntr\u00e4hus:n toimitusviikon vahvistamiseksi talon ostajalta vaaditaan pankkitakuu, joka koostuu joko vakuustakauksesta, pankkitakauksesta, panttitilist\u00e4 tai ennakkomaksusta.<\/p>\n<p>Riippuen tuotannon k\u00e4ytt\u00f6asteesta, J\u00f6rntr\u00e4hus vahvistaa suunnitellun toimitusviikon.<\/p>\n<p>Maksuaikataulun mukaan t\u00e4ss\u00e4 vaiheessa maksetaan 30% kokonaiskauppahinnasta.<\/p>\n\t\t<\/div>\n\t\t\t\t\n<style>\n#col-1400512810 > .col-inner {\n  padding: 0px 100px 0px 0px;\n}\n<\/style>\n\t<\/div>\n\n\t\n\n\t<div id=\"col-29149024\" class=\"col medium-6 small-12 large-6\"  >\n\t\t\t\t<div class=\"col-inner\"  >\n\t\t\t\n\t\t\t\n<p><b>9. TOIMITUKSET<br \/><\/b>Talon toimituksen osalta J\u00f6rntr\u00e4hus ilmoittaa ostajalle yksityiskohdat, kuten toimitusp\u00e4iv\u00e4n ja -ajan, hyviss\u00e4 ajoin ennen toimitusta.<\/p>\n<p>Ostaja maksaa kuljetuksen erikseen. J\u00f6rntr\u00e4hus voi auttaa suunnittelussa ja varausten tekemisess\u00e4. Ostaja on vastuussa purkamisesta ja mahdollisesta uudelleenlastauksesta.<\/p>\n<p>Osatoimituksia lyk\u00e4t\u00e4\u00e4n enint\u00e4\u00e4n 12 viikolla; jos kyseess\u00e4 on paketin toimitus, laskutetaan 55% kokonaisostohinnasta.<\/p>\n<p><b>10. VALITUKSET<br \/><\/b>Kaikki tuotevalitukset on ilmoitettava 5 p\u00e4iv\u00e4n kuluessa tavaroiden vastaanottamisesta J\u00f6rntr\u00e4hus:lle.<\/p>\n<p><b>11. LOPPULASKUTUS<span class=\"Apple-converted-space\">\u00a0<br \/><\/span><\/b>Loppulaskutus tapahtuu enint\u00e4\u00e4n 12 viikon kuluttua ensimm\u00e4isest\u00e4 toimituksesta, jolloin j\u00e4ljell\u00e4 oleva 13% laskutetaan.<\/p>\n\t\t<\/div>\n\t\t\t\t\t<\/div>\n\n\t\n\n<style>\n#row-780096006 > .col > .col-inner {\n  padding: 00px 0px 0px 0px;\n}\n@media (min-width:550px) {\n  #row-780096006 > .col > .col-inner {\n    padding: 70px 100px 30px 0px;\n  }\n}\n<\/style>\n<\/div>\n\n\t<section class=\"section\" id=\"section_1427144830\">\n\t\t<div class=\"section-bg fill\" >\n\t\t\t\t\t\t\t\t\t\n\t\t\t\n\n\t\t<\/div>\n\n\t\t\n\n\t\t<div class=\"section-content relative\">\n\t\t\t\n\n\t<div id=\"gap-1493380002\" class=\"gap-element clearfix\" style=\"display:block; height:auto;\">\n\t\t\n<style>\n#gap-1493380002 {\n  padding-top: 30px;\n}\n<\/style>\n\t<\/div>\n\t\n\n<div class=\"slider-wrapper relative\" id=\"slider-1735607437\" >\n    <div class=\"slider slider-nav-dots-simple slider-nav-circle slider-nav-large slider-nav-light slider-style-container\"\n        data-flickity-options='{            \"cellAlign\": \"center\",            \"imagesLoaded\": true,            \"lazyLoad\": 1,            \"freeScroll\": false,            \"wrapAround\": true,            \"autoPlay\": 5500,            \"pauseAutoPlayOnHover\" : false,            \"prevNextButtons\": true,            \"contain\" : true,            \"adaptiveHeight\" : true,            \"dragThreshold\" : 10,            \"percentPosition\": true,            \"pageDots\": false,            \"rightToLeft\": false,            \"draggable\": true,            \"selectedAttraction\": 0.1,            \"parallax\" : 0,            \"friction\": 0.6        }'\n        >\n        \n\n<div class=\"row align-middle align-center\"  id=\"row-1630245197\">\n\n\n\t<div id=\"col-391702994\" class=\"col small-12 large-12\"  >\n\t\t\t\t<div class=\"col-inner\"  >\n\t\t\t\n\t\t\t\n\n\t<div class=\"box has-hover   has-hover box-vertical box-text-middle\" >\n\n\t\t<div class=\"box-image\" style=\"width:50%;\">\n\t\t\t\t\t\t<div class=\"image-cover\" style=\"padding-top:100%;\">\n\t\t\t\t<img loading=\"lazy\" decoding=\"async\" width=\"800\" height=\"800\" src=\"https:\/\/jorntrahus.se\/wp-content\/uploads\/2019\/09\/Kundreportage-Bergsholmen-Familjen-Bostr\u00f6m-2019-webb-10.jpg\" class=\"attachment-large size-large\" alt=\"Asiakasraportti loma-asunto hirsitalosarja Bergsholmen Familjen Bostr\u00f6m 2019\" srcset=\"https:\/\/jorntrahus.se\/wp-content\/uploads\/2019\/09\/Kundreportage-Bergsholmen-Familjen-Bostr\u00f6m-2019-webb-10.jpg 800w, https:\/\/jorntrahus.se\/wp-content\/uploads\/2019\/09\/Kundreportage-Bergsholmen-Familjen-Bostr\u00f6m-2019-webb-10-100x100.jpg 100w, https:\/\/jorntrahus.se\/wp-content\/uploads\/2019\/09\/Kundreportage-Bergsholmen-Familjen-Bostr\u00f6m-2019-webb-10-300x300.jpg 300w, https:\/\/jorntrahus.se\/wp-content\/uploads\/2019\/09\/Kundreportage-Bergsholmen-Familjen-Bostr\u00f6m-2019-webb-10-600x600.jpg 600w, https:\/\/jorntrahus.se\/wp-content\/uploads\/2019\/09\/Kundreportage-Bergsholmen-Familjen-Bostr\u00f6m-2019-webb-10-768x768.jpg 768w\" sizes=\"auto, (max-width: 800px) 100vw, 800px\" \/>\t\t\t\t\t\t\t\t\t\t\t<\/div>\n\t\t\t\t\t<\/div>\n\n\t\t<div class=\"box-text text-center is-large\" style=\"background-color:rgb(164, 188, 176);padding:50px 50px 50px 50px;\">\n\t\t\t<div class=\"box-text-inner\">\n\t\t\t\t\n\n\t<div id=\"text-3110746517\" class=\"text\">\n\t\t\n\n<p style=\"text-align: center;\"><span style=\"font-size: 130%;\">\"J\u00e4lkik\u00e4teen ajateltuna emme kadu sit\u00e4, ett\u00e4 ajattelimme isosti ja investoimme rohkeasti, sill\u00e4 meill\u00e4 on upea talo.\"<\/span><\/p>\n<p style=\"text-align: center;\">Per, talon asiakas &amp; Bergsholmenin ylpe\u00e4 omistaja<\/p>\n\t\t\n<style>\n#text-3110746517 {\n  font-size: 1.25rem;\n}\n<\/style>\n\t<\/div>\n\t\n\n\t\t\t<\/div>\n\t\t<\/div>\n\t<\/div>\n\t\n\n\t\t<\/div>\n\t\t\t\t\t<\/div>\n\n\t\n\n<\/div>\n<div class=\"row align-middle align-center\"  id=\"row-304522584\">\n\n\n\t<div id=\"col-1513274300\" class=\"col small-12 large-12\"  >\n\t\t\t\t<div class=\"col-inner\"  >\n\t\t\t\n\t\t\t\n\n\t<div class=\"box has-hover   has-hover box-vertical box-text-middle\" >\n\n\t\t<div class=\"box-image\" style=\"width:50%;\">\n\t\t\t\t\t\t<div class=\"image-cover\" style=\"padding-top:100%;\">\n\t\t\t\t<img loading=\"lazy\" decoding=\"async\" width=\"1020\" height=\"698\" src=\"https:\/\/jorntrahus.se\/wp-content\/uploads\/2019\/03\/Fritidshus-Strycksele-XL-Loft-husbyggsats-J\u00f6rntr\u00e4hus-Kundreportage-Christian-och-Therese-skoter-1-1200x821.jpg\" class=\"attachment-large size-large\" alt=\"Loma-asunto Strycksele XL Loft house kit J\u00f6rntr\u00e4hus Asiakaskertomus Christian ja Therese skootteri 1\" srcset=\"https:\/\/jorntrahus.se\/wp-content\/uploads\/2019\/03\/Fritidshus-Strycksele-XL-Loft-husbyggsats-J\u00f6rntr\u00e4hus-Kundreportage-Christian-och-Therese-skoter-1-1200x821.jpg 1200w, https:\/\/jorntrahus.se\/wp-content\/uploads\/2019\/03\/Fritidshus-Strycksele-XL-Loft-husbyggsats-J\u00f6rntr\u00e4hus-Kundreportage-Christian-och-Therese-skoter-1-900x616.jpg 900w, https:\/\/jorntrahus.se\/wp-content\/uploads\/2019\/03\/Fritidshus-Strycksele-XL-Loft-husbyggsats-J\u00f6rntr\u00e4hus-Kundreportage-Christian-och-Therese-skoter-1-600x411.jpg 600w, https:\/\/jorntrahus.se\/wp-content\/uploads\/2019\/03\/Fritidshus-Strycksele-XL-Loft-husbyggsats-J\u00f6rntr\u00e4hus-Kundreportage-Christian-och-Therese-skoter-1-768x526.jpg 768w\" sizes=\"auto, (max-width: 1020px) 100vw, 1020px\" \/>\t\t\t\t\t\t\t\t\t\t\t<\/div>\n\t\t\t\t\t<\/div>\n\n\t\t<div class=\"box-text text-center is-large\" style=\"background-color:rgb(164, 188, 176);padding:50px 50px 50px 50px;\">\n\t\t\t<div class=\"box-text-inner\">\n\t\t\t\t\n\n\t<div id=\"text-1525403812\" class=\"text\">\n\t\t\n\n<p style=\"text-align: center;\"><span style=\"font-size: 130%;\">\"Saimme eritt\u00e4in ammattitaitoisen ja sitoutuneen vastauksen J\u00f6rntr\u00e4huksen edustajalta, mik\u00e4 teki valinnasta helpon\"<\/span><\/p>\n<p style=\"text-align: center;\">Talon asiakkaat Ther\u00e9se &amp; Christian<\/p>\n\t\t\n<style>\n#text-1525403812 {\n  font-size: 1.25rem;\n}\n<\/style>\n\t<\/div>\n\t\n\n\t\t\t<\/div>\n\t\t<\/div>\n\t<\/div>\n\t\n\n\t\t<\/div>\n\t\t\t\t\t<\/div>\n\n\t\n\n<\/div>\n<div class=\"row align-middle align-center\"  id=\"row-1835192547\">\n\n\n\t<div id=\"col-745131448\" class=\"col small-12 large-12\"  >\n\t\t\t\t<div class=\"col-inner\"  >\n\t\t\t\n\t\t\t\n\n\t<div class=\"box has-hover   has-hover box-vertical box-text-middle\" >\n\n\t\t<div class=\"box-image\" style=\"width:50%;\">\n\t\t\t\t\t\t<div class=\"image-cover\" style=\"padding-top:100%;\">\n\t\t\t\t<img loading=\"lazy\" decoding=\"async\" width=\"1020\" height=\"765\" src=\"https:\/\/jorntrahus.se\/wp-content\/uploads\/2020\/07\/J\u00f6rntr\u00e4hus-Husmodell-Bolund-Byggsats-Hus-Husv\u00e4n-Sommaren-2020-Byggnation-Blockhus-30kvm-18-1200x900.jpg\" class=\"attachment-large size-large\" alt=\"J\u00f6rntr\u00e4hus Talon malli Bolund Rakennussarja Talo Husv\u00e4n Kes\u00e4 2020 Rakentaminen Hirsitalo 30sqm 18\" srcset=\"https:\/\/jorntrahus.se\/wp-content\/uploads\/2020\/07\/J\u00f6rntr\u00e4hus-Husmodell-Bolund-Byggsats-Hus-Husv\u00e4n-Sommaren-2020-Byggnation-Blockhus-30kvm-18-1200x900.jpg 1200w, https:\/\/jorntrahus.se\/wp-content\/uploads\/2020\/07\/J\u00f6rntr\u00e4hus-Husmodell-Bolund-Byggsats-Hus-Husv\u00e4n-Sommaren-2020-Byggnation-Blockhus-30kvm-18-900x675.jpg 900w, https:\/\/jorntrahus.se\/wp-content\/uploads\/2020\/07\/J\u00f6rntr\u00e4hus-Husmodell-Bolund-Byggsats-Hus-Husv\u00e4n-Sommaren-2020-Byggnation-Blockhus-30kvm-18-600x450.jpg 600w, https:\/\/jorntrahus.se\/wp-content\/uploads\/2020\/07\/J\u00f6rntr\u00e4hus-Husmodell-Bolund-Byggsats-Hus-Husv\u00e4n-Sommaren-2020-Byggnation-Blockhus-30kvm-18-768x576.jpg 768w, https:\/\/jorntrahus.se\/wp-content\/uploads\/2020\/07\/J\u00f6rntr\u00e4hus-Husmodell-Bolund-Byggsats-Hus-Husv\u00e4n-Sommaren-2020-Byggnation-Blockhus-30kvm-18-1536x1152.jpg 1536w, https:\/\/jorntrahus.se\/wp-content\/uploads\/2020\/07\/J\u00f6rntr\u00e4hus-Husmodell-Bolund-Byggsats-Hus-Husv\u00e4n-Sommaren-2020-Byggnation-Blockhus-30kvm-18.jpg 1800w\" sizes=\"auto, (max-width: 1020px) 100vw, 1020px\" \/>\t\t\t\t\t\t\t\t\t\t\t<\/div>\n\t\t\t\t\t<\/div>\n\n\t\t<div class=\"box-text text-center is-large\" style=\"background-color:rgb(164, 188, 176);padding:50px 50px 50px 50px;\">\n\t\t\t<div class=\"box-text-inner\">\n\t\t\t\t\n\n\t<div id=\"text-1466354599\" class=\"text\">\n\t\t\n\n<p style=\"text-align: center;\"><span style=\"font-size: 130%;\">\"Sujuvan, helpon ja millimetrin tarkkuuden ansiosta pystyimme kokoamaan talomme itse ilman ongelmia\"<\/span><\/p>\n<p style=\"text-align: center;\">K\u00e4mpp\u00e4kaveri Okn\u00f6ll\u00e4<\/p>\n\t\t\n<style>\n#text-1466354599 {\n  font-size: 1.25rem;\n}\n<\/style>\n\t<\/div>\n\t\n\n\t\t\t<\/div>\n\t\t<\/div>\n\t<\/div>\n\t\n\n\t\t<\/div>\n\t\t\t\t\t<\/div>\n\n\t\n\n<\/div>\n\n     <\/div>\n\n     <div class=\"loading-spin dark large centered\"><\/div>\n\n\t<\/div>\n\n\n\n\t\t<\/div>\n\n\t\t\n<style>\n#section_1427144830 {\n  padding-top: 0px;\n  padding-bottom: 0px;\n}\n<\/style>\n\t<\/section>","protected":false},"excerpt":{"rendered":"","protected":false},"author":2,"featured_media":0,"parent":7,"menu_order":0,"comment_status":"closed","ping_status":"closed","template":"page-blank.php","meta":{"footnotes":""},"class_list":["post-12750","page","type-page","status-publish","hentry"],"yoast_head":"<!-- This site is optimized with the Yoast SEO plugin v27.5 - https:\/\/yoast.com\/product\/yoast-seo-wordpress\/ -->\n<title>S\u00e5 g\u00e5r ett husk\u00f6p till - J\u00f6rntr\u00e4hus<\/title>\n<meta name=\"robots\" content=\"index, follow, max-snippet:-1, max-image-preview:large, max-video-preview:-1\" \/>\n<link rel=\"canonical\" href=\"https:\/\/jorntrahus.se\/fi\/meista\/toinen-talon-paa-menee\/\" \/>\n<meta property=\"og:locale\" content=\"fi_FI\" \/>\n<meta property=\"og:type\" content=\"article\" \/>\n<meta property=\"og:title\" content=\"S\u00e5 g\u00e5r ett husk\u00f6p till - J\u00f6rntr\u00e4hus\" \/>\n<meta property=\"og:url\" content=\"https:\/\/jorntrahus.se\/fi\/meista\/toinen-talon-paa-menee\/\" \/>\n<meta property=\"og:site_name\" content=\"J\u00f6rntr\u00e4hus\" \/>\n<meta property=\"article:modified_time\" content=\"2025-01-13T12:52:17+00:00\" \/>\n<meta name=\"twitter:card\" content=\"summary_large_image\" \/>\n<meta name=\"twitter:label1\" content=\"Arvioitu lukuaika\" \/>\n\t<meta name=\"twitter:data1\" content=\"5 minuuttia\" \/>\n<script type=\"application\/ld+json\" class=\"yoast-schema-graph\">{\"@context\":\"https:\\\/\\\/schema.org\",\"@graph\":[{\"@type\":\"WebPage\",\"@id\":\"https:\\\/\\\/jorntrahus.se\\\/om-oss\\\/sa-gar-ett-huskop-till\\\/\",\"url\":\"https:\\\/\\\/jorntrahus.se\\\/om-oss\\\/sa-gar-ett-huskop-till\\\/\",\"name\":\"S\u00e5 g\u00e5r ett husk\u00f6p till - J\u00f6rntr\u00e4hus\",\"isPartOf\":{\"@id\":\"https:\\\/\\\/jorntrahus.se\\\/#website\"},\"datePublished\":\"2021-03-24T10:24:06+00:00\",\"dateModified\":\"2025-01-13T12:52:17+00:00\",\"breadcrumb\":{\"@id\":\"https:\\\/\\\/jorntrahus.se\\\/om-oss\\\/sa-gar-ett-huskop-till\\\/#breadcrumb\"},\"inLanguage\":\"fi\",\"potentialAction\":[{\"@type\":\"ReadAction\",\"target\":[\"https:\\\/\\\/jorntrahus.se\\\/om-oss\\\/sa-gar-ett-huskop-till\\\/\"]}]},{\"@type\":\"BreadcrumbList\",\"@id\":\"https:\\\/\\\/jorntrahus.se\\\/om-oss\\\/sa-gar-ett-huskop-till\\\/#breadcrumb\",\"itemListElement\":[{\"@type\":\"ListItem\",\"position\":1,\"name\":\"Hem\",\"item\":\"https:\\\/\\\/jorntrahus.se\\\/\"},{\"@type\":\"ListItem\",\"position\":2,\"name\":\"Om oss\",\"item\":\"https:\\\/\\\/jorntrahus.se\\\/om-oss\\\/\"},{\"@type\":\"ListItem\",\"position\":3,\"name\":\"S\u00e5 g\u00e5r ett husk\u00f6p till\"}]},{\"@type\":\"WebSite\",\"@id\":\"https:\\\/\\\/jorntrahus.se\\\/#website\",\"url\":\"https:\\\/\\\/jorntrahus.se\\\/\",\"name\":\"J\u00f6rntr\u00e4hus\",\"description\":\"Hus f\u00f6r den medvetne\",\"publisher\":{\"@id\":\"https:\\\/\\\/jorntrahus.se\\\/#organization\"},\"potentialAction\":[{\"@type\":\"SearchAction\",\"target\":{\"@type\":\"EntryPoint\",\"urlTemplate\":\"https:\\\/\\\/jorntrahus.se\\\/?s={search_term_string}\"},\"query-input\":{\"@type\":\"PropertyValueSpecification\",\"valueRequired\":true,\"valueName\":\"search_term_string\"}}],\"inLanguage\":\"fi\"},{\"@type\":\"Organization\",\"@id\":\"https:\\\/\\\/jorntrahus.se\\\/#organization\",\"name\":\"J\u00f6rntr\u00e4hus\",\"url\":\"https:\\\/\\\/jorntrahus.se\\\/\",\"logo\":{\"@type\":\"ImageObject\",\"inLanguage\":\"fi\",\"@id\":\"https:\\\/\\\/jorntrahus.se\\\/#\\\/schema\\\/logo\\\/image\\\/\",\"url\":\"https:\\\/\\\/jorntrahus.se\\\/wp-content\\\/uploads\\\/2020\\\/09\\\/Jorntrahus_Grund_CMYK.eps\",\"contentUrl\":\"https:\\\/\\\/jorntrahus.se\\\/wp-content\\\/uploads\\\/2020\\\/09\\\/Jorntrahus_Grund_CMYK.eps\",\"width\":1,\"height\":1,\"caption\":\"J\u00f6rntr\u00e4hus\"},\"image\":{\"@id\":\"https:\\\/\\\/jorntrahus.se\\\/#\\\/schema\\\/logo\\\/image\\\/\"}}]}<\/script>\n<!-- \/ Yoast SEO plugin. -->","yoast_head_json":{"title":"Miten ostaa talo - J\u00f6rntr\u00e4hus","robots":{"index":"index","follow":"follow","max-snippet":"max-snippet:-1","max-image-preview":"max-image-preview:large","max-video-preview":"max-video-preview:-1"},"canonical":"https:\/\/jorntrahus.se\/fi\/meista\/toinen-talon-paa-menee\/","og_locale":"fi_FI","og_type":"article","og_title":"S\u00e5 g\u00e5r ett husk\u00f6p till - J\u00f6rntr\u00e4hus","og_url":"https:\/\/jorntrahus.se\/fi\/meista\/toinen-talon-paa-menee\/","og_site_name":"J\u00f6rntr\u00e4hus","article_modified_time":"2025-01-13T12:52:17+00:00","twitter_card":"summary_large_image","twitter_misc":{"Arvioitu lukuaika":"5 minuuttia"},"schema":{"@context":"https:\/\/schema.org","@graph":[{"@type":"WebPage","@id":"https:\/\/jorntrahus.se\/om-oss\/sa-gar-ett-huskop-till\/","url":"https:\/\/jorntrahus.se\/om-oss\/sa-gar-ett-huskop-till\/","name":"Miten ostaa talo - J\u00f6rntr\u00e4hus","isPartOf":{"@id":"https:\/\/jorntrahus.se\/#website"},"datePublished":"2021-03-24T10:24:06+00:00","dateModified":"2025-01-13T12:52:17+00:00","breadcrumb":{"@id":"https:\/\/jorntrahus.se\/om-oss\/sa-gar-ett-huskop-till\/#breadcrumb"},"inLanguage":"fi","potentialAction":[{"@type":"ReadAction","target":["https:\/\/jorntrahus.se\/om-oss\/sa-gar-ett-huskop-till\/"]}]},{"@type":"BreadcrumbList","@id":"https:\/\/jorntrahus.se\/om-oss\/sa-gar-ett-huskop-till\/#breadcrumb","itemListElement":[{"@type":"ListItem","position":1,"name":"Hem","item":"https:\/\/jorntrahus.se\/"},{"@type":"ListItem","position":2,"name":"Om oss","item":"https:\/\/jorntrahus.se\/om-oss\/"},{"@type":"ListItem","position":3,"name":"S\u00e5 g\u00e5r ett husk\u00f6p till"}]},{"@type":"WebSite","@id":"https:\/\/jorntrahus.se\/#website","url":"https:\/\/jorntrahus.se\/","name":"J\u00f6rntr\u00e4hus","description":"Talot tietoisille","publisher":{"@id":"https:\/\/jorntrahus.se\/#organization"},"potentialAction":[{"@type":"SearchAction","target":{"@type":"EntryPoint","urlTemplate":"https:\/\/jorntrahus.se\/?s={search_term_string}"},"query-input":{"@type":"PropertyValueSpecification","valueRequired":true,"valueName":"search_term_string"}}],"inLanguage":"fi"},{"@type":"Organization","@id":"https:\/\/jorntrahus.se\/#organization","name":"J\u00f6rntr\u00e4hus","url":"https:\/\/jorntrahus.se\/","logo":{"@type":"ImageObject","inLanguage":"fi","@id":"https:\/\/jorntrahus.se\/#\/schema\/logo\/image\/","url":"https:\/\/jorntrahus.se\/wp-content\/uploads\/2020\/09\/Jorntrahus_Grund_CMYK.eps","contentUrl":"https:\/\/jorntrahus.se\/wp-content\/uploads\/2020\/09\/Jorntrahus_Grund_CMYK.eps","width":1,"height":1,"caption":"J\u00f6rntr\u00e4hus"},"image":{"@id":"https:\/\/jorntrahus.se\/#\/schema\/logo\/image\/"}}]}},"publishpress_future_action":{"enabled":false,"date":"2026-05-20 20:16:54","action":"change-status","newStatus":"draft","terms":[],"taxonomy":"","extraData":[]},"publishpress_future_workflow_manual_trigger":{"enabledWorkflows":[]},"_links":{"self":[{"href":"https:\/\/jorntrahus.se\/fi\/wp-json\/wp\/v2\/pages\/12750","targetHints":{"allow":["GET"]}}],"collection":[{"href":"https:\/\/jorntrahus.se\/fi\/wp-json\/wp\/v2\/pages"}],"about":[{"href":"https:\/\/jorntrahus.se\/fi\/wp-json\/wp\/v2\/types\/page"}],"author":[{"embeddable":true,"href":"https:\/\/jorntrahus.se\/fi\/wp-json\/wp\/v2\/users\/2"}],"replies":[{"embeddable":true,"href":"https:\/\/jorntrahus.se\/fi\/wp-json\/wp\/v2\/comments?post=12750"}],"version-history":[{"count":16,"href":"https:\/\/jorntrahus.se\/fi\/wp-json\/wp\/v2\/pages\/12750\/revisions"}],"predecessor-version":[{"id":14794,"href":"https:\/\/jorntrahus.se\/fi\/wp-json\/wp\/v2\/pages\/12750\/revisions\/14794"}],"up":[{"embeddable":true,"href":"https:\/\/jorntrahus.se\/fi\/wp-json\/wp\/v2\/pages\/7"}],"wp:attachment":[{"href":"https:\/\/jorntrahus.se\/fi\/wp-json\/wp\/v2\/media?parent=12750"}],"curies":[{"name":"wp","href":"https:\/\/api.w.org\/{rel}","templated":true}]}}