{"id":7173,"date":"2018-01-05T11:50:25","date_gmt":"2018-01-05T10:50:25","guid":{"rendered":"https:\/\/jorntrahus.se\/?page_id=7173"},"modified":"2021-04-26T16:37:28","modified_gmt":"2021-04-26T14:37:28","slug":"joustavat-piirustukset","status":"publish","type":"page","link":"https:\/\/jorntrahus.se\/fi\/flexibla-losningar\/","title":{"rendered":"Joustavat ratkaisut"},"content":{"rendered":"<div id=\"gap-1429999898\" class=\"gap-element clearfix\" style=\"display:block; height:auto;\">\n\t\t\n<style>\n#gap-1429999898 {\n  padding-top: 60px;\n}\n<\/style>\n\t<\/div>\n\t\n<div class=\"row\"  id=\"row-1903797765\">\n\n\t<div id=\"col-1013192260\" class=\"col medium-8 small-12 large-8\"  >\n\t\t\t\t<div class=\"col-inner\"  >\n\t\t\t\n\t\t\t\n<h1><span style=\"font-size: 150%\">Joustavat ratkaisut<\/span><\/h1>\n<h2><span style=\"color: #999999\">Sin\u00e4 p\u00e4\u00e4t\u00e4t talosi lopullisesta suunnittelusta.<\/span><\/h2>\n<p>J\u00f6rntr\u00e4hus:n laaja mallivalikoima kattaa useimmat loma-asuntojen vaatimukset. On kuitenkin hyvin vaikeaa tarjota yleisp\u00e4tev\u00e4\u00e4 mallia jokaiseen makuun.<\/p>\n<p>Esittelemme malliohjelmassamme suuren m\u00e4\u00e4r\u00e4n loma-asuntoja, joista jokaisella on oma erityinen pohjaratkaisunsa. N\u00e4in pyrimme vastaamaan suurimpaan osaan makuja ja tarpeita, sill\u00e4 onhan niit\u00e4kin, joiden on teht\u00e4v\u00e4 joitakin muutoksia alkuper\u00e4iseen, jotta he voivat luoda unelmiensa kodin.<\/p>\n<p>Meid\u00e4n avullamme voit mukauttaa ja muuttaa vakiotalojamme sek\u00e4 sis\u00e4lt\u00e4 ett\u00e4 ulkoa, luonnollisesti teknisten mahdollisuuksien rajoissa.<\/p>\n<p>J\u00f6rntr\u00e4hus on aina tarjonnut joustavuutta ja hyv\u00e4ksynyt sen, mink\u00e4 ansiosta olemme voineet tarjota r\u00e4\u00e4t\u00e4l\u00f6ityj\u00e4 ratkaisuja kaikille kodinomistajille, jotka ovat halunneet luoda henkil\u00f6kohtaisemman kodin.<\/p>\n<p>T\u00e4\u00e4lt\u00e4 l\u00f6yd\u00e4t useita esimerkkej\u00e4 siit\u00e4, miten pohjapiirustusta voidaan muuttaa yhden vakiotalomme pohjalta ilman, ett\u00e4 se vaikuttaa rakennustilaan tai talon rungon rakenteeseen. Ovien ja ikkunoiden sijoittelu ovat v\u00e4h\u00e4isi\u00e4 toimenpiteit\u00e4, joita on tietenkin mukautettava n\u00e4iden esimerkkien perusteella. T\u00e4llaisia muutoksia voidaan tehd\u00e4 tiiviiss\u00e4 yhteisty\u00f6ss\u00e4 J\u00f6rntr\u00e4hus:n kanssa kaikkiin talomalleihimme.<\/p>\n\t\t<\/div>\n\t\t\t\t\n<style>\n#col-1013192260 > .col-inner {\n  padding: 0px 100px 0px 0px;\n}\n<\/style>\n\t<\/div>\n\n\t\n\n\t<div id=\"col-436780013\" class=\"col medium-4 small-12 large-4\"  >\n\t\t\t\t<div class=\"col-inner\"  >\n\t\t\t\n\t\t\t\n\t<div class=\"box has-hover   has-hover box-text-bottom\" >\n\n\t\t<div class=\"box-image\" >\n\t\t\t\t\t\t<div class=\"\" >\n\t\t\t\t<img loading=\"lazy\" decoding=\"async\" width=\"1500\" height=\"1000\" src=\"https:\/\/jorntrahus.se\/wp-content\/uploads\/2017\/12\/\u00c5liden-M-3D.jpg\" class=\"attachment- size-\" alt=\"\" srcset=\"https:\/\/jorntrahus.se\/wp-content\/uploads\/2017\/12\/\u00c5liden-M-3D.jpg 1500w, https:\/\/jorntrahus.se\/wp-content\/uploads\/2017\/12\/\u00c5liden-M-3D-600x400.jpg 600w, https:\/\/jorntrahus.se\/wp-content\/uploads\/2017\/12\/\u00c5liden-M-3D-900x600.jpg 900w, https:\/\/jorntrahus.se\/wp-content\/uploads\/2017\/12\/\u00c5liden-M-3D-768x512.jpg 768w, https:\/\/jorntrahus.se\/wp-content\/uploads\/2017\/12\/\u00c5liden-M-3D-1200x800.jpg 1200w\" sizes=\"auto, (max-width: 1500px) 100vw, 1500px\" \/>\t\t\t\t\t\t\t\t\t\t\t<\/div>\n\t\t\t\t\t<\/div>\n\n\t\t<div class=\"box-text text-center\" >\n\t\t\t<div class=\"box-text-inner\">\n\t\t\t\t\n<h4>\u00c5liden<\/h4>\n<p>T\u00e4ss\u00e4 esimerkiss\u00e4 on k\u00e4ytetty \u00c5lidenin talomallia. Alla on kuva julkisivusta, mutta my\u00f6s pohjapiirros, jota yleens\u00e4 k\u00e4yt\u00e4mme.<\/p>\n\t<div id=\"gap-1524779462\" class=\"gap-element clearfix\" style=\"display:block; height:auto;\">\n\t\t\n<style>\n#gap-1524779462 {\n  padding-top: 30px;\n}\n<\/style>\n\t<\/div>\n\t\n\t\t\t<\/div>\n\t\t<\/div>\n\t<\/div>\n\t\n\t<div class=\"box has-hover   has-hover box-text-bottom\" >\n\n\t\t<div class=\"box-image\" style=\"width:80%;\">\n\t\t\t\t\t\t<div class=\"\" >\n\t\t\t\t<img loading=\"lazy\" decoding=\"async\" width=\"1200\" height=\"898\" src=\"https:\/\/jorntrahus.se\/wp-content\/uploads\/2017\/12\/\u00c5liden-M-plan-1-3D.png\" class=\"attachment- size-\" alt=\"\" srcset=\"https:\/\/jorntrahus.se\/wp-content\/uploads\/2017\/12\/\u00c5liden-M-plan-1-3D.png 1200w, https:\/\/jorntrahus.se\/wp-content\/uploads\/2017\/12\/\u00c5liden-M-plan-1-3D-900x674.png 900w, https:\/\/jorntrahus.se\/wp-content\/uploads\/2017\/12\/\u00c5liden-M-plan-1-3D-600x449.png 600w, https:\/\/jorntrahus.se\/wp-content\/uploads\/2017\/12\/\u00c5liden-M-plan-1-3D-768x575.png 768w\" sizes=\"auto, (max-width: 1200px) 100vw, 1200px\" \/>\t\t\t\t\t\t\t\t\t\t\t<\/div>\n\t\t\t\t\t<\/div>\n\n\t\t<div class=\"box-text text-center\" >\n\t\t\t<div class=\"box-text-inner\">\n\t\t\t\t\n\t<div id=\"gap-2099798790\" class=\"gap-element clearfix\" style=\"display:block; height:auto;\">\n\t\t\n<style>\n#gap-2099798790 {\n  padding-top: 30px;\n}\n<\/style>\n\t<\/div>\n\t\n<a href=\"\/fi\/talomalli\/aliden\/\" class=\"button primary is-outline\" >\n\t\t<span>LIS\u00c4\u00c4 IK\u00c4\u00c4NTYMISEST\u00c4<\/span>\n\t<\/a>\n\n\t\t\t<\/div>\n\t\t<\/div>\n\t<\/div>\n\t\n\t\t<\/div>\n\t\t\t\t\t<\/div>\n\n\t\n<\/div>\n\n\t<section class=\"section\" id=\"section_961120724\">\n\t\t<div class=\"section-bg fill\" >\n\t\t\t\t\t\t\t\t\t<div class=\"section-bg-overlay absolute fill\"><\/div>\n\t\t\t\n\n\t\t<\/div>\n\n\t\t\n\n\t\t<div class=\"section-content relative\">\n\t\t\t\n<div class=\"row row-large align-middle\"  id=\"row-554158095\">\n\n\t<div id=\"col-1516269775\" class=\"col medium-6 small-12 large-6\"  >\n\t\t\t\t<div class=\"col-inner\"  >\n\t\t\t\n\t\t\t\n\t<div class=\"img has-hover x md-x lg-x y md-y lg-y\" id=\"image_821732351\">\n\t\t\t\t\t\t\t\t<div class=\"img-inner dark\" >\n\t\t\t<img loading=\"lazy\" decoding=\"async\" width=\"1020\" height=\"718\" src=\"https:\/\/jorntrahus.se\/wp-content\/uploads\/2018\/01\/Flexibla-l\u00f6sningar-\u00c5liden-2-1200x845.png\" class=\"attachment-large size-large\" alt=\"\" srcset=\"https:\/\/jorntrahus.se\/wp-content\/uploads\/2018\/01\/Flexibla-l\u00f6sningar-\u00c5liden-2.png 1200w, https:\/\/jorntrahus.se\/wp-content\/uploads\/2018\/01\/Flexibla-l\u00f6sningar-\u00c5liden-2-900x634.png 900w, https:\/\/jorntrahus.se\/wp-content\/uploads\/2018\/01\/Flexibla-l\u00f6sningar-\u00c5liden-2-600x423.png 600w, https:\/\/jorntrahus.se\/wp-content\/uploads\/2018\/01\/Flexibla-l\u00f6sningar-\u00c5liden-2-768x541.png 768w\" sizes=\"auto, (max-width: 1020px) 100vw, 1020px\" \/>\t\t\t\t\t\t\n\t\t\t\t\t<\/div>\n\t\t\t\t\t\t\t\t\n<style>\n#image_821732351 {\n  width: 100%;\n}\n<\/style>\n\t<\/div>\n\t\n\t\t<\/div>\n\t\t\t\t\n<style>\n#col-1516269775 > .col-inner {\n  padding: 0px 0px 0px 40px;\n}\n<\/style>\n\t<\/div>\n\n\t\n\n\t<div id=\"col-796825883\" class=\"col medium-6 small-12 large-6\"  >\n\t\t\t\t<div class=\"col-inner text-left\"  >\n\t\t\t\n\t\t\t\n<a class=\"button primary\" >\n\t\t<span>VAIHTOEHTO 1<\/span>\n\t<\/a>\n\n<h4 style=\"font-weight: 400;padding-right: 40px\">T\u00e4ss\u00e4 on keskitytty suureen yhteiseen tilaan ja tilavaan kylpyhuoneeseen. K\u00e4ytett\u00e4viss\u00e4 on kahden hengen makuuhuoneita, joissa on tilaa kolmelle hengelle.<\/h4>\n\t\t<\/div>\n\t\t\t\t\t<\/div>\n\n\t\n<\/div>\n\t\t<\/div>\n\n\t\t\n<style>\n#section_961120724 {\n  padding-top: 60px;\n  padding-bottom: 60px;\n  background-color: rgb(241, 241, 241);\n}\n#section_961120724 .section-bg-overlay {\n  background-color: rgba(255, 255, 255, 0.85);\n}\n<\/style>\n\t<\/section>\n\t\n\n\t<section class=\"section\" id=\"section_1126702296\">\n\t\t<div class=\"section-bg fill\" >\n\t\t\t\t\t\t\t\t\t<div class=\"section-bg-overlay absolute fill\"><\/div>\n\t\t\t\n\n\t\t<\/div>\n\n\t\t\n\n\t\t<div class=\"section-content relative\">\n\t\t\t\n<div class=\"row row-large align-middle\"  id=\"row-1088876054\">\n\n\t<div id=\"col-1238014492\" class=\"col medium-6 small-12 large-6\"  >\n\t\t\t\t<div class=\"col-inner\"  >\n\t\t\t\n\t\t\t\n\t<div class=\"img has-hover x md-x lg-x y md-y lg-y\" id=\"image_713984245\">\n\t\t\t\t\t\t\t\t<div class=\"img-inner dark\" >\n\t\t\t<img loading=\"lazy\" decoding=\"async\" width=\"1020\" height=\"758\" src=\"https:\/\/jorntrahus.se\/wp-content\/uploads\/2018\/01\/Flexibla-l\u00f6sningar-\u00c5liden-4-1200x892.png\" class=\"attachment-large size-large\" alt=\"\" srcset=\"https:\/\/jorntrahus.se\/wp-content\/uploads\/2018\/01\/Flexibla-l\u00f6sningar-\u00c5liden-4.png 1200w, https:\/\/jorntrahus.se\/wp-content\/uploads\/2018\/01\/Flexibla-l\u00f6sningar-\u00c5liden-4-900x669.png 900w, https:\/\/jorntrahus.se\/wp-content\/uploads\/2018\/01\/Flexibla-l\u00f6sningar-\u00c5liden-4-600x446.png 600w, https:\/\/jorntrahus.se\/wp-content\/uploads\/2018\/01\/Flexibla-l\u00f6sningar-\u00c5liden-4-768x571.png 768w\" sizes=\"auto, (max-width: 1020px) 100vw, 1020px\" \/>\t\t\t\t\t\t\n\t\t\t\t\t<\/div>\n\t\t\t\t\t\t\t\t\n<style>\n#image_713984245 {\n  width: 100%;\n}\n<\/style>\n\t<\/div>\n\t\n\t\t<\/div>\n\t\t\t\t\n<style>\n#col-1238014492 > .col-inner {\n  padding: 0px 0px 0px 40px;\n}\n<\/style>\n\t<\/div>\n\n\t\n\n\t<div id=\"col-624953951\" class=\"col medium-6 small-12 large-6\"  >\n\t\t\t\t<div class=\"col-inner text-left\"  >\n\t\t\t\n\t\t\t\n<a class=\"button primary\" >\n\t\t<span>VAIHTOEHTO 2<\/span>\n\t<\/a>\n\n<h4 style=\"font-weight: 400;padding-right: 40px\">Vain yhden makuuhuoneen ansiosta on luotu tilaa tilavalle eteiselle ja suuremmalle olohuoneelle. My\u00f6s toiveet tilavammasta teknisest\u00e4 huoneesta ja tilasta saunalle on otettu huomioon.<\/h4>\n\t\t<\/div>\n\t\t\t\t\t<\/div>\n\n\t\n<\/div>\n\t\t<\/div>\n\n\t\t\n<style>\n#section_1126702296 {\n  padding-top: 60px;\n  padding-bottom: 60px;\n}\n#section_1126702296 .section-bg-overlay {\n  background-color: rgba(255, 255, 255, 0.85);\n}\n<\/style>\n\t<\/section>\n\t\n\n\t<section class=\"section\" id=\"section_1771624765\">\n\t\t<div class=\"section-bg fill\" >\n\t\t\t\t\t\t\t\t\t<div class=\"section-bg-overlay absolute fill\"><\/div>\n\t\t\t\n\n\t\t<\/div>\n\n\t\t\n\n\t\t<div class=\"section-content relative\">\n\t\t\t\n<div class=\"row row-large align-middle\"  id=\"row-454470584\">\n\n\t<div id=\"col-400740729\" class=\"col medium-6 small-12 large-6\"  >\n\t\t\t\t<div class=\"col-inner\"  >\n\t\t\t\n\t\t\t\n\t<div class=\"img has-hover x md-x lg-x y md-y lg-y\" id=\"image_1068855038\">\n\t\t\t\t\t\t\t\t<div class=\"img-inner dark\" >\n\t\t\t<img loading=\"lazy\" decoding=\"async\" width=\"1020\" height=\"762\" src=\"https:\/\/jorntrahus.se\/wp-content\/uploads\/2018\/01\/Flexibla-l\u00f6sningar-\u00c5liden-3-1200x897.png\" class=\"attachment-large size-large\" alt=\"\" srcset=\"https:\/\/jorntrahus.se\/wp-content\/uploads\/2018\/01\/Flexibla-l\u00f6sningar-\u00c5liden-3.png 1200w, https:\/\/jorntrahus.se\/wp-content\/uploads\/2018\/01\/Flexibla-l\u00f6sningar-\u00c5liden-3-900x673.png 900w, https:\/\/jorntrahus.se\/wp-content\/uploads\/2018\/01\/Flexibla-l\u00f6sningar-\u00c5liden-3-600x449.png 600w, https:\/\/jorntrahus.se\/wp-content\/uploads\/2018\/01\/Flexibla-l\u00f6sningar-\u00c5liden-3-768x574.png 768w\" sizes=\"auto, (max-width: 1020px) 100vw, 1020px\" \/>\t\t\t\t\t\t\n\t\t\t\t\t<\/div>\n\t\t\t\t\t\t\t\t\n<style>\n#image_1068855038 {\n  width: 100%;\n}\n<\/style>\n\t<\/div>\n\t\n\t\t<\/div>\n\t\t\t\t\n<style>\n#col-400740729 > .col-inner {\n  padding: 0px 0px 0px 40px;\n}\n<\/style>\n\t<\/div>\n\n\t\n\n\t<div id=\"col-2125266978\" class=\"col medium-6 small-12 large-6\"  >\n\t\t\t\t<div class=\"col-inner text-left\"  >\n\t\t\t\n\t\t\t\n<a class=\"button primary\" >\n\t\t<span>VAIHTOEHTO 3<\/span>\n\t<\/a>\n\n<h4 style=\"font-weight: 400;padding-right: 40px\">Vaihtoehtoisen pohjaratkaisun perustana ovat olleet nukkumapaikat viidelle hengelle ja kahden hengen wc. Vaikka makuuhuoneiden m\u00e4\u00e4r\u00e4 on kasvanut, tilava olohuone ja ruokailutila on s\u00e4ilytetty.<\/h4>\n\t\t<\/div>\n\t\t\t\t\t<\/div>\n\n\t\n<\/div>\n\t\t<\/div>\n\n\t\t\n<style>\n#section_1771624765 {\n  padding-top: 60px;\n  padding-bottom: 60px;\n  background-color: rgb(241, 241, 241);\n}\n#section_1771624765 .section-bg-overlay {\n  background-color: rgba(255, 255, 255, 0.85);\n}\n<\/style>\n\t<\/section>\n\t\n\n\t<section class=\"section\" id=\"section_1792518197\">\n\t\t<div class=\"section-bg fill\" >\n\t\t\t\t\t\t\t\t\t<div class=\"section-bg-overlay absolute fill\"><\/div>\n\t\t\t\n\n\t\t<\/div>\n\n\t\t\n\n\t\t<div class=\"section-content relative\">\n\t\t\t\n<div class=\"row row-large align-middle\"  id=\"row-1847809256\">\n\n\t<div id=\"col-675537405\" class=\"col medium-6 small-12 large-6\"  >\n\t\t\t\t<div class=\"col-inner\"  >\n\t\t\t\n\t\t\t\n\t<div class=\"img has-hover x md-x lg-x y md-y lg-y\" id=\"image_1767825699\">\n\t\t\t\t\t\t\t\t<div class=\"img-inner dark\" >\n\t\t\t<img loading=\"lazy\" decoding=\"async\" width=\"1020\" height=\"747\" src=\"https:\/\/jorntrahus.se\/wp-content\/uploads\/2018\/01\/Flexibla-l\u00f6sningar-\u00c5liden-1-1200x879.png\" class=\"attachment-large size-large\" alt=\"\" srcset=\"https:\/\/jorntrahus.se\/wp-content\/uploads\/2018\/01\/Flexibla-l\u00f6sningar-\u00c5liden-1.png 1200w, https:\/\/jorntrahus.se\/wp-content\/uploads\/2018\/01\/Flexibla-l\u00f6sningar-\u00c5liden-1-900x659.png 900w, https:\/\/jorntrahus.se\/wp-content\/uploads\/2018\/01\/Flexibla-l\u00f6sningar-\u00c5liden-1-600x440.png 600w, https:\/\/jorntrahus.se\/wp-content\/uploads\/2018\/01\/Flexibla-l\u00f6sningar-\u00c5liden-1-768x563.png 768w\" sizes=\"auto, (max-width: 1020px) 100vw, 1020px\" \/>\t\t\t\t\t\t\n\t\t\t\t\t<\/div>\n\t\t\t\t\t\t\t\t\n<style>\n#image_1767825699 {\n  width: 100%;\n}\n<\/style>\n\t<\/div>\n\t\n\t\t<\/div>\n\t\t\t\t\n<style>\n#col-675537405 > .col-inner {\n  padding: 0px 0px 0px 40px;\n}\n<\/style>\n\t<\/div>\n\n\t\n\n\t<div id=\"col-1347978752\" class=\"col medium-6 small-12 large-6\"  >\n\t\t\t\t<div class=\"col-inner text-left\"  >\n\t\t\t\n\t\t\t\n<a class=\"button primary\" >\n\t\t<span>VAIHTOEHTO 4<\/span>\n\t<\/a>\n\n<h4 style=\"font-weight: 400;padding-right: 40px\">T\u00e4m\u00e4 on \u00c5liden-mallin vakiopohjapiirustus. Kolme makuuhuonetta ja ulkovarasto tarjoavat arvokasta tilaa, jota arvostetaan aina.<\/h4>\n\t\t<\/div>\n\t\t\t\t\t<\/div>\n\n\t\n<\/div>\n\t\t<\/div>\n\n\t\t\n<style>\n#section_1792518197 {\n  padding-top: 60px;\n  padding-bottom: 60px;\n}\n#section_1792518197 .section-bg-overlay {\n  background-color: rgba(255, 255, 255, 0.85);\n}\n<\/style>\n\t<\/section>\n\t\n\n\t<section class=\"section\" id=\"section_1734471156\">\n\t\t<div class=\"section-bg fill\" >\n\t\t\t<img loading=\"lazy\" decoding=\"async\" width=\"2000\" height=\"750\" src=\"https:\/\/jorntrahus.se\/wp-content\/uploads\/2018\/01\/Slide-JTH-ritning-kaffekopp-2000x750.jpg\" class=\"bg attachment- size-\" alt=\"\" \/>\t\t\t\t\t\t\n\t\t\t\n\n\t\t<\/div>\n\n\t\t\n\n\t\t<div class=\"section-content relative\">\n\t\t\t\n\t\t<\/div>\n\n\t\t\n<style>\n#section_1734471156 {\n  padding-top: 30px;\n  padding-bottom: 30px;\n  margin-bottom: 0px;\n  min-height: 400px;\n}\n<\/style>\n\t<\/section>","protected":false},"excerpt":{"rendered":"","protected":false},"author":2,"featured_media":0,"parent":0,"menu_order":0,"comment_status":"closed","ping_status":"closed","template":"page-blank.php","meta":{"footnotes":""},"class_list":["post-7173","page","type-page","status-publish","hentry"],"yoast_head":"<!-- This site is optimized with the Yoast SEO plugin v27.2 - https:\/\/yoast.com\/product\/yoast-seo-wordpress\/ -->\n<title>Flexibla l\u00f6sningar - J\u00f6rntr\u00e4hus<\/title>\n<meta name=\"robots\" content=\"index, follow, max-snippet:-1, max-image-preview:large, max-video-preview:-1\" \/>\n<link rel=\"canonical\" href=\"https:\/\/jorntrahus.se\/fi\/joustavat-piirustukset\/\" \/>\n<meta property=\"og:locale\" content=\"fi_FI\" \/>\n<meta property=\"og:type\" content=\"article\" \/>\n<meta property=\"og:title\" content=\"Flexibla l\u00f6sningar - J\u00f6rntr\u00e4hus\" \/>\n<meta property=\"og:url\" content=\"https:\/\/jorntrahus.se\/fi\/joustavat-piirustukset\/\" \/>\n<meta property=\"og:site_name\" content=\"J\u00f6rntr\u00e4hus\" \/>\n<meta property=\"article:modified_time\" content=\"2021-04-26T14:37:28+00:00\" \/>\n<meta name=\"twitter:card\" content=\"summary_large_image\" \/>\n<meta name=\"twitter:label1\" content=\"Arvioitu lukuaika\" \/>\n\t<meta name=\"twitter:data1\" content=\"3 minuuttia\" \/>\n<script type=\"application\/ld+json\" class=\"yoast-schema-graph\">{\"@context\":\"https:\/\/schema.org\",\"@graph\":[{\"@type\":\"WebPage\",\"@id\":\"https:\/\/jorntrahus.se\/flexibla-losningar\/\",\"url\":\"https:\/\/jorntrahus.se\/flexibla-losningar\/\",\"name\":\"Flexibla l\u00f6sningar - J\u00f6rntr\u00e4hus\",\"isPartOf\":{\"@id\":\"https:\/\/jorntrahus.se\/#website\"},\"datePublished\":\"2018-01-05T10:50:25+00:00\",\"dateModified\":\"2021-04-26T14:37:28+00:00\",\"breadcrumb\":{\"@id\":\"https:\/\/jorntrahus.se\/flexibla-losningar\/#breadcrumb\"},\"inLanguage\":\"fi\",\"potentialAction\":[{\"@type\":\"ReadAction\",\"target\":[\"https:\/\/jorntrahus.se\/flexibla-losningar\/\"]}]},{\"@type\":\"BreadcrumbList\",\"@id\":\"https:\/\/jorntrahus.se\/flexibla-losningar\/#breadcrumb\",\"itemListElement\":[{\"@type\":\"ListItem\",\"position\":1,\"name\":\"Hem\",\"item\":\"https:\/\/jorntrahus.se\/\"},{\"@type\":\"ListItem\",\"position\":2,\"name\":\"Flexibla l\u00f6sningar\"}]},{\"@type\":\"WebSite\",\"@id\":\"https:\/\/jorntrahus.se\/#website\",\"url\":\"https:\/\/jorntrahus.se\/\",\"name\":\"J\u00f6rntr\u00e4hus\",\"description\":\"Hus f\u00f6r den medvetne\",\"publisher\":{\"@id\":\"https:\/\/jorntrahus.se\/#organization\"},\"potentialAction\":[{\"@type\":\"SearchAction\",\"target\":{\"@type\":\"EntryPoint\",\"urlTemplate\":\"https:\/\/jorntrahus.se\/?s={search_term_string}\"},\"query-input\":{\"@type\":\"PropertyValueSpecification\",\"valueRequired\":true,\"valueName\":\"search_term_string\"}}],\"inLanguage\":\"fi\"},{\"@type\":\"Organization\",\"@id\":\"https:\/\/jorntrahus.se\/#organization\",\"name\":\"J\u00f6rntr\u00e4hus\",\"url\":\"https:\/\/jorntrahus.se\/\",\"logo\":{\"@type\":\"ImageObject\",\"inLanguage\":\"fi\",\"@id\":\"https:\/\/jorntrahus.se\/#\/schema\/logo\/image\/\",\"url\":\"https:\/\/jorntrahus.se\/wp-content\/uploads\/2020\/09\/Jorntrahus_Grund_CMYK.eps\",\"contentUrl\":\"https:\/\/jorntrahus.se\/wp-content\/uploads\/2020\/09\/Jorntrahus_Grund_CMYK.eps\",\"width\":1,\"height\":1,\"caption\":\"J\u00f6rntr\u00e4hus\"},\"image\":{\"@id\":\"https:\/\/jorntrahus.se\/#\/schema\/logo\/image\/\"}}]}<\/script>\n<!-- \/ Yoast SEO plugin. -->","yoast_head_json":{"title":"Joustavat ratkaisut - J\u00f6rntr\u00e4hus","robots":{"index":"index","follow":"follow","max-snippet":"max-snippet:-1","max-image-preview":"max-image-preview:large","max-video-preview":"max-video-preview:-1"},"canonical":"https:\/\/jorntrahus.se\/fi\/joustavat-piirustukset\/","og_locale":"fi_FI","og_type":"article","og_title":"Flexibla l\u00f6sningar - J\u00f6rntr\u00e4hus","og_url":"https:\/\/jorntrahus.se\/fi\/joustavat-piirustukset\/","og_site_name":"J\u00f6rntr\u00e4hus","article_modified_time":"2021-04-26T14:37:28+00:00","twitter_card":"summary_large_image","twitter_misc":{"Arvioitu lukuaika":"3 minuuttia"},"schema":{"@context":"https:\/\/schema.org","@graph":[{"@type":"WebPage","@id":"https:\/\/jorntrahus.se\/flexibla-losningar\/","url":"https:\/\/jorntrahus.se\/flexibla-losningar\/","name":"Joustavat ratkaisut - J\u00f6rntr\u00e4hus","isPartOf":{"@id":"https:\/\/jorntrahus.se\/#website"},"datePublished":"2018-01-05T10:50:25+00:00","dateModified":"2021-04-26T14:37:28+00:00","breadcrumb":{"@id":"https:\/\/jorntrahus.se\/flexibla-losningar\/#breadcrumb"},"inLanguage":"fi","potentialAction":[{"@type":"ReadAction","target":["https:\/\/jorntrahus.se\/flexibla-losningar\/"]}]},{"@type":"BreadcrumbList","@id":"https:\/\/jorntrahus.se\/flexibla-losningar\/#breadcrumb","itemListElement":[{"@type":"ListItem","position":1,"name":"Hem","item":"https:\/\/jorntrahus.se\/"},{"@type":"ListItem","position":2,"name":"Flexibla l\u00f6sningar"}]},{"@type":"WebSite","@id":"https:\/\/jorntrahus.se\/#website","url":"https:\/\/jorntrahus.se\/","name":"J\u00f6rntr\u00e4hus","description":"Talot tietoisille","publisher":{"@id":"https:\/\/jorntrahus.se\/#organization"},"potentialAction":[{"@type":"SearchAction","target":{"@type":"EntryPoint","urlTemplate":"https:\/\/jorntrahus.se\/?s={search_term_string}"},"query-input":{"@type":"PropertyValueSpecification","valueRequired":true,"valueName":"search_term_string"}}],"inLanguage":"fi"},{"@type":"Organization","@id":"https:\/\/jorntrahus.se\/#organization","name":"J\u00f6rntr\u00e4hus","url":"https:\/\/jorntrahus.se\/","logo":{"@type":"ImageObject","inLanguage":"fi","@id":"https:\/\/jorntrahus.se\/#\/schema\/logo\/image\/","url":"https:\/\/jorntrahus.se\/wp-content\/uploads\/2020\/09\/Jorntrahus_Grund_CMYK.eps","contentUrl":"https:\/\/jorntrahus.se\/wp-content\/uploads\/2020\/09\/Jorntrahus_Grund_CMYK.eps","width":1,"height":1,"caption":"J\u00f6rntr\u00e4hus"},"image":{"@id":"https:\/\/jorntrahus.se\/#\/schema\/logo\/image\/"}}]}},"publishpress_future_action":{"enabled":false,"date":"2026-04-24 12:20:28","action":"change-status","newStatus":"draft","terms":[],"taxonomy":"","extraData":[]},"publishpress_future_workflow_manual_trigger":{"enabledWorkflows":[]},"_links":{"self":[{"href":"https:\/\/jorntrahus.se\/fi\/wp-json\/wp\/v2\/pages\/7173","targetHints":{"allow":["GET"]}}],"collection":[{"href":"https:\/\/jorntrahus.se\/fi\/wp-json\/wp\/v2\/pages"}],"about":[{"href":"https:\/\/jorntrahus.se\/fi\/wp-json\/wp\/v2\/types\/page"}],"author":[{"embeddable":true,"href":"https:\/\/jorntrahus.se\/fi\/wp-json\/wp\/v2\/users\/2"}],"replies":[{"embeddable":true,"href":"https:\/\/jorntrahus.se\/fi\/wp-json\/wp\/v2\/comments?post=7173"}],"version-history":[{"count":12,"href":"https:\/\/jorntrahus.se\/fi\/wp-json\/wp\/v2\/pages\/7173\/revisions"}],"predecessor-version":[{"id":12798,"href":"https:\/\/jorntrahus.se\/fi\/wp-json\/wp\/v2\/pages\/7173\/revisions\/12798"}],"wp:attachment":[{"href":"https:\/\/jorntrahus.se\/fi\/wp-json\/wp\/v2\/media?parent=7173"}],"curies":[{"name":"wp","href":"https:\/\/api.w.org\/{rel}","templated":true}]}}