{"id":9060,"date":"2018-06-13T14:17:29","date_gmt":"2018-06-13T12:17:29","guid":{"rendered":"https:\/\/jorntrahus.se\/?page_id=9060"},"modified":"2020-12-17T21:44:39","modified_gmt":"2020-12-17T20:44:39","slug":"tietosuojakaytanto","status":"publish","type":"page","link":"https:\/\/jorntrahus.se\/fi\/om-oss\/integritetspolicy\/","title":{"rendered":"J\u00f6rntr\u00e4huksen tietosuojak\u00e4yt\u00e4nt\u00f6"},"content":{"rendered":"<div class=\"Section Section--margin u-borderBottom u-marginBxlg u-paddingBxlg\">\n<div class=\"Main-container Main-container--small u-textCenter\">\n<h1>Miten J\u00f6rntr\u00e4hus k\u00e4sittelee henkil\u00f6tietojasi?<\/h1>\n<h3>Luottamuksesi meihin on eritt\u00e4in t\u00e4rke\u00e4\u00e4 - sek\u00e4 talojen toimituksissa ett\u00e4 siin\u00e4, miten k\u00e4sittelemme henkil\u00f6tietojasi. Siksi otamme vastuun asiakkaidemme ja potentiaalisten asiakkaidemme yksityisyyden suojaamisesta ja henkil\u00f6tietojen k\u00e4sittelyst\u00e4 laillisella ja turvallisella tavalla.<\/h3>\n<p><strong>Tilaamalla tuotteita tai palveluita - esim. taloluettelon, talomallin jne. - sinusta tulee J\u00f6rntr\u00e4hus i J\u00f6rn AB:n (rekisterinumero 556947-6525) - j\u00e4ljemp\u00e4n\u00e4 J\u00f6rntr\u00e4hus - asiakas.<\/strong><\/p>\n<p>Asiakasrekisteri sis\u00e4lt\u00e4\u00e4 antamasi yhteystiedot ja tiedot tilauksestasi, tarjouksestasi tai yhteydenottopyynn\u00f6st\u00e4si. Henkil\u00f6tietoja k\u00e4ytet\u00e4\u00e4n tilatun taloluettelon toimittamiseen, yhteydenottoon tai asiakkaan kanssa tehtyjen sopimusten mukaisten sitoumusten t\u00e4ytt\u00e4miseen. Lis\u00e4ksi k\u00e4sittelemme henkil\u00f6tietojasi toimituksen\/palvelujen hallinnointiin, J\u00f6rntr\u00e4hus:n tuotteiden ja palvelujen markkinointiin, tiedottamiseen sek\u00e4 tiettyihin tilastoihin, arviointiin ja laadunvarmistusty\u00f6h\u00f6n. Saatamme my\u00f6s joutua v\u00e4litt\u00e4m\u00e4\u00e4n henkil\u00f6tietojasi myyjillemme ja yhteisty\u00f6kumppaneillemme voidaksemme toimittaa parhaan mahdollisen tuotteen ja palvelun.<\/p>\n<p>Jotta J\u00f6rntr\u00e4hus voi t\u00e4ytt\u00e4\u00e4 sopimusvelvoitteensa, on v\u00e4ltt\u00e4m\u00e4t\u00f6nt\u00e4, ett\u00e4 annat meille pyydetyt tiedot. On my\u00f6s v\u00e4ltt\u00e4m\u00e4t\u00f6nt\u00e4, ett\u00e4 k\u00e4sittelemme joitakin henkil\u00f6tietojasi tilastointi-, arviointi- ja laadunvarmistustarkoituksiin, mik\u00e4 on J\u00f6rntr\u00e4hus:n oikeutettu etu.<\/p>\n<p>J\u00f6rntr\u00e4hus haluaa k\u00e4ytt\u00e4\u00e4 s\u00e4hk\u00f6postia ja puhelinta yhteydenpidossamme sinuun asiakkaana tai potentiaalisena asiakkaana. Ker\u00e4\u00e4mme kotiluettelon tilauslomakkeen ja verkkosivuston yhteydenottolomakkeen kautta tiedot, joita tarvitsemme voidaksemme auttaa sinua parhaalla mahdollisella tavalla. Rastittamalla suostumusruutu ja l\u00e4hett\u00e4m\u00e4ll\u00e4 lomakkeet annat suostumuksesi siihen, ett\u00e4 henkil\u00f6tietojasi k\u00e4ytet\u00e4\u00e4n yhteydenpidon helpottamiseksi kanssasi. Jos et halua, ett\u00e4 tietojasi k\u00e4ytet\u00e4\u00e4n markkinointiin, profilointiin markkinointitarkoituksiin tai ett\u00e4 niit\u00e4 v\u00e4litet\u00e4\u00e4n yhteisty\u00f6kumppaneillemme, ota meihin yhteytt\u00e4 osoitteessa <a href=\"mailto:info@jorntrahus.se\" target=\"_blank\" rel=\"noopener\">info@jorntrahus.se<\/a>.<\/p>\n<p>Tietojasi voi k\u00e4sitell\u00e4 niin sanottu henkil\u00f6tietojen k\u00e4sittelij\u00e4, joka auttaa meit\u00e4 viestinn\u00e4ss\u00e4 kanssasi. T\u00e4m\u00e4 henkil\u00f6tietojen k\u00e4sittelij\u00e4 k\u00e4sittelee tietoja ainoastaan niiden tarkoitusten mukaisesti, joita varten henkil\u00f6tietosi ker\u00e4ttiin. T\u00e4h\u00e4n kuuluvat sopimustoimittajamme, IT-konsultit, urakoitsijat ja alihankkijat, jotka tarvitsevat tietojasi t\u00e4ss\u00e4 lueteltuja tarkoituksia varten.<\/p>\n<p>Emme myy tai muuten siirr\u00e4 henkil\u00f6tietojasi kolmansille osapuolille. Poikkeuksena ovat luotetut kolmannet osapuolet, jotka auttavat meit\u00e4 sivuston hallinnoinnissa, liiketoimintamme harjoittamisessa, tilaamiesi tavaroiden toimittamisessa tai palveluiden tarjoamisessa, ja n\u00e4m\u00e4 osapuolet sitoutuvat pit\u00e4m\u00e4\u00e4n tiedot luottamuksellisina eiv\u00e4tk\u00e4 k\u00e4yt\u00e4 niit\u00e4 mihink\u00e4\u00e4n muuhun kuin sovittuun tarkoitukseen. Voimme my\u00f6s jakaa henkil\u00f6tietojasi, jos katsomme sen tarpeelliseksi lakis\u00e4\u00e4teisten vaatimusten noudattamiseksi.<\/p>\n<p>Teemme sopimuksia kolmannen osapuolen palveluntarjoajien kanssa, jotta voimme ymm\u00e4rt\u00e4\u00e4 paremmin verkkosivustomme k\u00e4vij\u00f6it\u00e4. N\u00e4m\u00e4 palveluntarjoajat eiv\u00e4t saa k\u00e4ytt\u00e4\u00e4 puolestamme ker\u00e4\u00e4mi\u00e4\u00e4n tietoja mihink\u00e4\u00e4n muuhun tarkoitukseen kuin auttamaan meit\u00e4 toimimaan ja parantamaan liiketoimintaamme.<\/p>\n<p>J\u00f6rntr\u00e4hus s\u00e4ilytt\u00e4\u00e4 tarvittavia tietoja niin kauan kuin meill\u00e4 on velvollisuus sinua kohtaan solmitun sopimuksen mukaisesti ja lis\u00e4ksi lain - esimerkiksi kirjanpitolain - edellytt\u00e4m\u00e4n ajan. K\u00e4sittelemme henkil\u00f6tietojasi kaikkiin muihin t\u00e4ss\u00e4 mainittuihin tarkoituksiin, kunnes peruutat suostumuksesi tai ilmoitat meille, ettet en\u00e4\u00e4 halua, ett\u00e4 niit\u00e4 k\u00e4sitell\u00e4\u00e4n, mutta kuitenkin enint\u00e4\u00e4n viiden vuoden ajan siit\u00e4, kun tietosi rekister\u00f6itiin ensimm\u00e4isen kerran.<\/p>\n<p>Henkil\u00f6tietojesi k\u00e4sittely J\u00f6rntr\u00e4hus:n asiakasrekisteriss\u00e4 perustuu tilaussopimukseen, lakis\u00e4\u00e4teisiin velvoitteisiin ja\/tai oikeutettuun etuun. Jos kyseess\u00e4 on oikeutettu etu, k\u00e4yt\u00e4mme tietojasi esimerkiksi r\u00e4\u00e4t\u00e4l\u00f6id\u00e4ksemme sinulle suunnattua viestint\u00e4\u00e4si ostojesi perusteella.<\/p>\n<p>Henkil\u00f6tietojen k\u00e4sittelyn rekisterinpit\u00e4j\u00e4 on J\u00f6rntr\u00e4hus. Sinulla on oikeus saada maksutta tietoa siit\u00e4, mit\u00e4 henkil\u00f6tietoja sinusta on olemassa J\u00f6rntr\u00e4hus:n toiminnassa. Sinulla on my\u00f6s oikeus pyyt\u00e4\u00e4 tietojen oikaisua, jos uskot, ett\u00e4 sinua koskevat tiedot ovat virheellisi\u00e4 tai harhaanjohtavia, tai tietojen poistamista tai k\u00e4sittelyn rajoittamista - jos siihen on lain mukaan edellytyksi\u00e4.<\/p>\n<p>L\u00e4het\u00e4 s\u00e4hk\u00f6postia osoitteeseen <a href=\"mailto:info@jorntrahus.se\" target=\"_blank\" rel=\"noopener\">info@jorntrahus.se<\/a> ja saat tarvitsemasi avun.<\/p>\n<p><em>Sinulla on oikeus tehd\u00e4 valitus henkil\u00f6tietojesi k\u00e4sittelyst\u00e4 tietosuojaviranomaiselle, joka on valvontaviranomainen. K\u00e4y verkkosivustollamme <a href=\"http:\/\/datainspektionen.se\" target=\"_blank\" rel=\"noopener\">datainspektionen.se<\/a> lis\u00e4tietoja.<\/em><\/p>\n<h2 class=\"u-textFamilySecondary\">Tietoa ev\u00e4steist\u00e4<\/h2>\n<p class=\"Preamble u-marginBz\">Ev\u00e4steet ovat pieni\u00e4 tekstirivej\u00e4, jotka luetaan tietokoneesi muistiin tai tallennetaan tiedostoina tietokoneellesi, jotta verkkosivuston k\u00e4ytt\u00f6\u00e4 ja k\u00e4ytt\u00f6kokemusta voidaan parantaa. Ruotsin laki edellytt\u00e4\u00e4, ett\u00e4 annamme tietoja k\u00e4ytetyist\u00e4 ev\u00e4steist\u00e4 ja niiden tarkoituksesta.<\/p>\n<\/div>\n<\/div>\n<div class=\"Section Section--margin\">\n<div class=\"Main-container Main-container--small Editorial\">\n<h3>Erilaiset ev\u00e4steet<\/h3>\n<p><strong>Pysyv\u00e4t ev\u00e4steet<\/strong><br \/>\nPysyv\u00e4t ev\u00e4steet tallennetaan pienin\u00e4 tekstitiedostoina tietokoneelle ja poistetaan ennalta m\u00e4\u00e4ritettyn\u00e4 p\u00e4iv\u00e4n\u00e4. Niit\u00e4 k\u00e4ytet\u00e4\u00e4n esimerkiksi sellaisten asetusten tallentamiseen, joita k\u00e4ytt\u00e4j\u00e4 tekee verkkosivustolla k\u00e4yntien v\u00e4lill\u00e4.<\/p>\n<p><strong>Istuntoev\u00e4steet<\/strong><br \/>\nIstuntoev\u00e4steet tallennetaan selaimen muistiin ja poistetaan, kun selain suljetaan. Niit\u00e4 voidaan k\u00e4ytt\u00e4\u00e4 esimerkiksi kirjautumisen yll\u00e4pit\u00e4miseen, kun k\u00e4ytt\u00e4j\u00e4 siirtyy sivulta toiselle.<\/p>\n<p><strong>Ev\u00e4steet tilastoja varten<\/strong><br \/>\nJorntrahus.se-sivustolla on my\u00f6s ev\u00e4steit\u00e4, jotka ker\u00e4\u00e4v\u00e4t tilastoja. N\u00e4in voidaan mitata k\u00e4vij\u00f6iden m\u00e4\u00e4r\u00e4\u00e4. Ker\u00e4tyt tilastot eiv\u00e4t liity henkil\u00f6kohtaisiin tietoihin.<\/p>\n<h2>Ev\u00e4steet Jorntrahus.se-sivustolla<\/h2>\n<ul>\n<li>Erilaisia istuntoev\u00e4stej\u00e4 k\u00e4ytet\u00e4\u00e4n ohjaamaan sit\u00e4, mit\u00e4 tietoja eri sivuilla n\u00e4ytet\u00e4\u00e4n - esimerkiksi kun k\u00e4yt\u00e4t yhteydenottolomakkeita, suodatustoimintoja jne.<\/li>\n<li>K\u00e4yt\u00e4mme ev\u00e4steit\u00e4 my\u00f6s tilastoidaksemme, mitk\u00e4 sivut ovat suosittuja, ja voidaksemme ehdottaa k\u00e4vij\u00e4lle sis\u00e4lt\u00f6\u00e4.<\/li>\n<\/ul>\n<p>Jos et halua, ett\u00e4 tietokoneesi vastaanottaa ja tallentaa ev\u00e4steit\u00e4, voit s\u00e4\u00e4t\u00e4\u00e4 selaimesi suojausasetuksia. Joitakin Jorntrahus.se-sivuston osia voi k\u00e4ytt\u00e4\u00e4 t\u00e4ysim\u00e4\u00e4r\u00e4isesti vain, jos selaimesi sallii ev\u00e4steet.<\/p>\n<p>Jorntrahus.se ei k\u00e4yt\u00e4 ev\u00e4steit\u00e4 analysoidakseen, miten sin\u00e4 henkil\u00f6n\u00e4 luet ja klikkaat sivustoa. Eik\u00e4 mill\u00e4\u00e4n muullakaan tavalla analysoida internetk\u00e4ytt\u00e4ytymist\u00e4 yksil\u00f6tasolla.<\/p>\n<p>Jorntrahus.se-sivuston linkit ja viittaukset voivat johtaa muille verkkosivustoille, jotka my\u00f6s k\u00e4ytt\u00e4v\u00e4t ev\u00e4steit\u00e4.<\/p>\n<p>Lue lis\u00e4\u00e4 ev\u00e4steist\u00e4 osoitteessa <a title=\"Kansallinen posti- ja televiestint\u00e4virasto\" href=\"http:\/\/www.pts.se\/sv\/bransch\/regler\/lagar\/lag-om-elektronisk-kommunikation\/kakor-cookies\/\" target=\"_blank\" rel=\"noopener\">Posti- ja telelaitoksen verkkosivusto<\/a><\/p>\n<\/div>\n<\/div>","protected":false},"excerpt":{"rendered":"<p>Hur J\u00f6rntr\u00e4hus hanterar dina personuppgifter Ditt f\u00f6rtroende f\u00f6r oss \u00e4r av stor vikt \u2013 b\u00e5de vid leverans av hus men ocks\u00e5 hur vi hanterar dina personuppgifter. Vi tar d\u00e4rf\u00f6r ansvar f\u00f6r att skydda v\u00e5ra kunders och potentiella kunders integritet och behandla personuppgifter p\u00e5 ett lagligt och s\u00e4kert s\u00e4tt. Genom din best\u00e4llning av produkter eller tj\u00e4nst [&#8230;]\n","protected":false},"author":2,"featured_media":0,"parent":7,"menu_order":0,"comment_status":"closed","ping_status":"closed","template":"","meta":{"footnotes":""},"class_list":["post-9060","page","type-page","status-publish","hentry"],"yoast_head":"<!-- This site is optimized with the Yoast SEO plugin v27.5 - https:\/\/yoast.com\/product\/yoast-seo-wordpress\/ -->\n<title>J\u00f6rntr\u00e4hus integritetspolicy - J\u00f6rntr\u00e4hus<\/title>\n<meta name=\"robots\" content=\"index, follow, max-snippet:-1, max-image-preview:large, max-video-preview:-1\" \/>\n<link rel=\"canonical\" href=\"https:\/\/jorntrahus.se\/fi\/meista\/tietosuojakaytanto\/\" \/>\n<meta property=\"og:locale\" content=\"fi_FI\" \/>\n<meta property=\"og:type\" content=\"article\" \/>\n<meta property=\"og:title\" content=\"J\u00f6rntr\u00e4hus integritetspolicy - J\u00f6rntr\u00e4hus\" \/>\n<meta property=\"og:description\" content=\"Hur J\u00f6rntr\u00e4hus hanterar dina personuppgifter Ditt f\u00f6rtroende f\u00f6r oss \u00e4r av stor vikt \u2013 b\u00e5de vid leverans av hus men ocks\u00e5 hur vi hanterar dina personuppgifter. Vi tar d\u00e4rf\u00f6r ansvar f\u00f6r att skydda v\u00e5ra kunders och potentiella kunders integritet och behandla personuppgifter p\u00e5 ett lagligt och s\u00e4kert s\u00e4tt. Genom din best\u00e4llning av produkter eller tj\u00e4nst [...]\" \/>\n<meta property=\"og:url\" content=\"https:\/\/jorntrahus.se\/fi\/meista\/tietosuojakaytanto\/\" \/>\n<meta property=\"og:site_name\" content=\"J\u00f6rntr\u00e4hus\" \/>\n<meta property=\"article:modified_time\" content=\"2020-12-17T20:44:39+00:00\" \/>\n<meta name=\"twitter:card\" content=\"summary_large_image\" \/>\n<meta name=\"twitter:label1\" content=\"Arvioitu lukuaika\" \/>\n\t<meta name=\"twitter:data1\" content=\"6 minuuttia\" \/>\n<script type=\"application\/ld+json\" class=\"yoast-schema-graph\">{\"@context\":\"https:\\\/\\\/schema.org\",\"@graph\":[{\"@type\":\"WebPage\",\"@id\":\"https:\\\/\\\/jorntrahus.se\\\/om-oss\\\/integritetspolicy\\\/\",\"url\":\"https:\\\/\\\/jorntrahus.se\\\/om-oss\\\/integritetspolicy\\\/\",\"name\":\"J\u00f6rntr\u00e4hus integritetspolicy - J\u00f6rntr\u00e4hus\",\"isPartOf\":{\"@id\":\"https:\\\/\\\/jorntrahus.se\\\/#website\"},\"datePublished\":\"2018-06-13T12:17:29+00:00\",\"dateModified\":\"2020-12-17T20:44:39+00:00\",\"breadcrumb\":{\"@id\":\"https:\\\/\\\/jorntrahus.se\\\/om-oss\\\/integritetspolicy\\\/#breadcrumb\"},\"inLanguage\":\"fi\",\"potentialAction\":[{\"@type\":\"ReadAction\",\"target\":[\"https:\\\/\\\/jorntrahus.se\\\/om-oss\\\/integritetspolicy\\\/\"]}]},{\"@type\":\"BreadcrumbList\",\"@id\":\"https:\\\/\\\/jorntrahus.se\\\/om-oss\\\/integritetspolicy\\\/#breadcrumb\",\"itemListElement\":[{\"@type\":\"ListItem\",\"position\":1,\"name\":\"Hem\",\"item\":\"https:\\\/\\\/jorntrahus.se\\\/\"},{\"@type\":\"ListItem\",\"position\":2,\"name\":\"Om oss\",\"item\":\"https:\\\/\\\/jorntrahus.se\\\/om-oss\\\/\"},{\"@type\":\"ListItem\",\"position\":3,\"name\":\"J\u00f6rntr\u00e4hus integritetspolicy\"}]},{\"@type\":\"WebSite\",\"@id\":\"https:\\\/\\\/jorntrahus.se\\\/#website\",\"url\":\"https:\\\/\\\/jorntrahus.se\\\/\",\"name\":\"J\u00f6rntr\u00e4hus\",\"description\":\"Hus f\u00f6r den medvetne\",\"publisher\":{\"@id\":\"https:\\\/\\\/jorntrahus.se\\\/#organization\"},\"potentialAction\":[{\"@type\":\"SearchAction\",\"target\":{\"@type\":\"EntryPoint\",\"urlTemplate\":\"https:\\\/\\\/jorntrahus.se\\\/?s={search_term_string}\"},\"query-input\":{\"@type\":\"PropertyValueSpecification\",\"valueRequired\":true,\"valueName\":\"search_term_string\"}}],\"inLanguage\":\"fi\"},{\"@type\":\"Organization\",\"@id\":\"https:\\\/\\\/jorntrahus.se\\\/#organization\",\"name\":\"J\u00f6rntr\u00e4hus\",\"url\":\"https:\\\/\\\/jorntrahus.se\\\/\",\"logo\":{\"@type\":\"ImageObject\",\"inLanguage\":\"fi\",\"@id\":\"https:\\\/\\\/jorntrahus.se\\\/#\\\/schema\\\/logo\\\/image\\\/\",\"url\":\"https:\\\/\\\/jorntrahus.se\\\/wp-content\\\/uploads\\\/2020\\\/09\\\/Jorntrahus_Grund_CMYK.eps\",\"contentUrl\":\"https:\\\/\\\/jorntrahus.se\\\/wp-content\\\/uploads\\\/2020\\\/09\\\/Jorntrahus_Grund_CMYK.eps\",\"width\":1,\"height\":1,\"caption\":\"J\u00f6rntr\u00e4hus\"},\"image\":{\"@id\":\"https:\\\/\\\/jorntrahus.se\\\/#\\\/schema\\\/logo\\\/image\\\/\"}}]}<\/script>\n<!-- \/ Yoast SEO plugin. -->","yoast_head_json":{"title":"J\u00f6rntr\u00e4hus Tietosuojak\u00e4yt\u00e4nt\u00f6 - J\u00f6rntr\u00e4hus","robots":{"index":"index","follow":"follow","max-snippet":"max-snippet:-1","max-image-preview":"max-image-preview:large","max-video-preview":"max-video-preview:-1"},"canonical":"https:\/\/jorntrahus.se\/fi\/meista\/tietosuojakaytanto\/","og_locale":"fi_FI","og_type":"article","og_title":"J\u00f6rntr\u00e4hus integritetspolicy - J\u00f6rntr\u00e4hus","og_description":"Hur J\u00f6rntr\u00e4hus hanterar dina personuppgifter Ditt f\u00f6rtroende f\u00f6r oss \u00e4r av stor vikt \u2013 b\u00e5de vid leverans av hus men ocks\u00e5 hur vi hanterar dina personuppgifter. Vi tar d\u00e4rf\u00f6r ansvar f\u00f6r att skydda v\u00e5ra kunders och potentiella kunders integritet och behandla personuppgifter p\u00e5 ett lagligt och s\u00e4kert s\u00e4tt. Genom din best\u00e4llning av produkter eller tj\u00e4nst [...]","og_url":"https:\/\/jorntrahus.se\/fi\/meista\/tietosuojakaytanto\/","og_site_name":"J\u00f6rntr\u00e4hus","article_modified_time":"2020-12-17T20:44:39+00:00","twitter_card":"summary_large_image","twitter_misc":{"Arvioitu lukuaika":"6 minuuttia"},"schema":{"@context":"https:\/\/schema.org","@graph":[{"@type":"WebPage","@id":"https:\/\/jorntrahus.se\/om-oss\/integritetspolicy\/","url":"https:\/\/jorntrahus.se\/om-oss\/integritetspolicy\/","name":"J\u00f6rntr\u00e4hus Tietosuojak\u00e4yt\u00e4nt\u00f6 - J\u00f6rntr\u00e4hus","isPartOf":{"@id":"https:\/\/jorntrahus.se\/#website"},"datePublished":"2018-06-13T12:17:29+00:00","dateModified":"2020-12-17T20:44:39+00:00","breadcrumb":{"@id":"https:\/\/jorntrahus.se\/om-oss\/integritetspolicy\/#breadcrumb"},"inLanguage":"fi","potentialAction":[{"@type":"ReadAction","target":["https:\/\/jorntrahus.se\/om-oss\/integritetspolicy\/"]}]},{"@type":"BreadcrumbList","@id":"https:\/\/jorntrahus.se\/om-oss\/integritetspolicy\/#breadcrumb","itemListElement":[{"@type":"ListItem","position":1,"name":"Hem","item":"https:\/\/jorntrahus.se\/"},{"@type":"ListItem","position":2,"name":"Om oss","item":"https:\/\/jorntrahus.se\/om-oss\/"},{"@type":"ListItem","position":3,"name":"J\u00f6rntr\u00e4hus integritetspolicy"}]},{"@type":"WebSite","@id":"https:\/\/jorntrahus.se\/#website","url":"https:\/\/jorntrahus.se\/","name":"J\u00f6rntr\u00e4hus","description":"Talot tietoisille","publisher":{"@id":"https:\/\/jorntrahus.se\/#organization"},"potentialAction":[{"@type":"SearchAction","target":{"@type":"EntryPoint","urlTemplate":"https:\/\/jorntrahus.se\/?s={search_term_string}"},"query-input":{"@type":"PropertyValueSpecification","valueRequired":true,"valueName":"search_term_string"}}],"inLanguage":"fi"},{"@type":"Organization","@id":"https:\/\/jorntrahus.se\/#organization","name":"J\u00f6rntr\u00e4hus","url":"https:\/\/jorntrahus.se\/","logo":{"@type":"ImageObject","inLanguage":"fi","@id":"https:\/\/jorntrahus.se\/#\/schema\/logo\/image\/","url":"https:\/\/jorntrahus.se\/wp-content\/uploads\/2020\/09\/Jorntrahus_Grund_CMYK.eps","contentUrl":"https:\/\/jorntrahus.se\/wp-content\/uploads\/2020\/09\/Jorntrahus_Grund_CMYK.eps","width":1,"height":1,"caption":"J\u00f6rntr\u00e4hus"},"image":{"@id":"https:\/\/jorntrahus.se\/#\/schema\/logo\/image\/"}}]}},"publishpress_future_action":{"enabled":false,"date":"2026-05-17 17:23:04","action":"change-status","newStatus":"draft","terms":[],"taxonomy":"","extraData":[]},"publishpress_future_workflow_manual_trigger":{"enabledWorkflows":[]},"_links":{"self":[{"href":"https:\/\/jorntrahus.se\/fi\/wp-json\/wp\/v2\/pages\/9060","targetHints":{"allow":["GET"]}}],"collection":[{"href":"https:\/\/jorntrahus.se\/fi\/wp-json\/wp\/v2\/pages"}],"about":[{"href":"https:\/\/jorntrahus.se\/fi\/wp-json\/wp\/v2\/types\/page"}],"author":[{"embeddable":true,"href":"https:\/\/jorntrahus.se\/fi\/wp-json\/wp\/v2\/users\/2"}],"replies":[{"embeddable":true,"href":"https:\/\/jorntrahus.se\/fi\/wp-json\/wp\/v2\/comments?post=9060"}],"version-history":[{"count":6,"href":"https:\/\/jorntrahus.se\/fi\/wp-json\/wp\/v2\/pages\/9060\/revisions"}],"predecessor-version":[{"id":9246,"href":"https:\/\/jorntrahus.se\/fi\/wp-json\/wp\/v2\/pages\/9060\/revisions\/9246"}],"up":[{"embeddable":true,"href":"https:\/\/jorntrahus.se\/fi\/wp-json\/wp\/v2\/pages\/7"}],"wp:attachment":[{"href":"https:\/\/jorntrahus.se\/fi\/wp-json\/wp\/v2\/media?parent=9060"}],"curies":[{"name":"wp","href":"https:\/\/api.w.org\/{rel}","templated":true}]}}