{"id":12445,"date":"2021-01-14T14:11:18","date_gmt":"2021-01-14T13:11:18","guid":{"rendered":"https:\/\/jorntrahus.se\/?post_type=product&#038;p=12445"},"modified":"2025-03-28T17:23:30","modified_gmt":"2025-03-28T16:23:30","slug":"kloverfors-89-katto","status":"publish","type":"product","link":"https:\/\/jorntrahus.se\/fi\/husmodell\/kloverfors-89-loft\/","title":{"rendered":"Kl\u00f6verfors 89 parvi"},"content":{"rendered":"","protected":false},"excerpt":{"rendered":"<h3>Jokainen neli\u00f6metri k\u00e4ytet\u00e4\u00e4n parhaalla mahdollisella tavalla.<\/h3>\n<p>Klassinen vuoristotalo, joka sopii yht\u00e4 hyvin my\u00f6s rannikolle. Kolme makuuhuonetta, joten isompikin perhe viihtyy erinomaisesti t\u00e4ss\u00e4 mallissa, jossa jokainen neli\u00f6metri on hy\u00f6dynnetty parhaalla mahdollisella tavalla.<\/p>\n<p>Erillinen varastoalue yhdess\u00e4 ulkoisen eteisen kanssa tarjoaa hyv\u00e4t s\u00e4ilytystilat niille, jotka viett\u00e4v\u00e4t aktiivista ulkoilmael\u00e4m\u00e4\u00e4. Jalankulkuyst\u00e4v\u00e4llinen portaikko parvelle, jossa kahden makuuhuoneen lis\u00e4ksi on pienempi eteinen, josta on n\u00e4kym\u00e4.<\/p>","protected":false},"featured_media":12409,"template":"","meta":[],"product_brand":[],"product_cat":[1253],"product_tag":[568,1267],"class_list":{"0":"post-12445","1":"product","2":"type-product","3":"status-publish","4":"has-post-thumbnail","6":"product_cat-kloverfors","7":"product_tag-1-plan-loft","8":"product_tag-klassiskt-hus","9":"husstil-klassiska-hus","10":"hustyp-fritidshus","12":"first","13":"instock","14":"shipping-taxable","15":"product-type-simple"},"yoast_head":"<!-- This site is optimized with the Yoast SEO plugin v27.5 - https:\/\/yoast.com\/product\/yoast-seo-wordpress\/ -->\n<title>Kl\u00f6verfors 89 loft - J\u00f6rntr\u00e4hus<\/title>\n<meta name=\"robots\" content=\"index, follow, max-snippet:-1, max-image-preview:large, max-video-preview:-1\" \/>\n<link rel=\"canonical\" href=\"https:\/\/jorntrahus.se\/fi\/talomalli\/kloverfors-89-katto\/\" \/>\n<meta property=\"og:locale\" content=\"fi_FI\" \/>\n<meta property=\"og:type\" content=\"article\" \/>\n<meta property=\"og:title\" content=\"Kl\u00f6verfors 89 loft - J\u00f6rntr\u00e4hus\" \/>\n<meta property=\"og:description\" content=\"Varje kvadratmeter \u00e4r utnyttjad p\u00e5 b\u00e4sta s\u00e4tt. Klassiskt fj\u00e4llhus som dessutom passar lika bra vid kusten. Med hela tre sovrum trivs \u00e4ven den st\u00f6rre familjen alldeles utm\u00e4rkt\u00a0i denna modell d\u00e4r varje kvadratmeter \u00e4r utnyttjad p\u00e5 b\u00e4sta s\u00e4tt.  Separat f\u00f6rr\u00e5dsdel tillsammans med en yttre hall ger goda f\u00f6rvaringsm\u00f6jligheter f\u00f6r de som har ett aktivt friluftsliv. En g\u00e5ngv\u00e4nlig trapp till loftet, d\u00e4r f\u00f6rutom tv\u00e5 sovrum, \u00e4ven en mindre hall med utsikt finns bel\u00e4gen.\" \/>\n<meta property=\"og:url\" content=\"https:\/\/jorntrahus.se\/fi\/talomalli\/kloverfors-89-katto\/\" \/>\n<meta property=\"og:site_name\" content=\"J\u00f6rntr\u00e4hus\" \/>\n<meta property=\"article:modified_time\" content=\"2025-03-28T16:23:30+00:00\" \/>\n<meta property=\"og:image\" content=\"https:\/\/jorntrahus.se\/wp-content\/uploads\/2021\/01\/Kloverfors-89-loft-Fritidshus-Byggsats-Hus-fran-Jorntrahus-scaled.jpg\" \/>\n\t<meta property=\"og:image:width\" content=\"2560\" \/>\n\t<meta property=\"og:image:height\" content=\"1706\" \/>\n\t<meta property=\"og:image:type\" content=\"image\/jpeg\" \/>\n<meta name=\"twitter:card\" content=\"summary_large_image\" \/>\n<meta name=\"twitter:label1\" content=\"Arvioitu lukuaika\" \/>\n\t<meta name=\"twitter:data1\" content=\"1 minuutti\" \/>\n<script type=\"application\/ld+json\" class=\"yoast-schema-graph\">{\"@context\":\"https:\\\/\\\/schema.org\",\"@graph\":[{\"@type\":\"WebPage\",\"@id\":\"https:\\\/\\\/jorntrahus.se\\\/husmodell\\\/kloverfors-89-loft\\\/\",\"url\":\"https:\\\/\\\/jorntrahus.se\\\/husmodell\\\/kloverfors-89-loft\\\/\",\"name\":\"Kl\u00f6verfors 89 loft - J\u00f6rntr\u00e4hus\",\"isPartOf\":{\"@id\":\"https:\\\/\\\/jorntrahus.se\\\/#website\"},\"primaryImageOfPage\":{\"@id\":\"https:\\\/\\\/jorntrahus.se\\\/husmodell\\\/kloverfors-89-loft\\\/#primaryimage\"},\"image\":{\"@id\":\"https:\\\/\\\/jorntrahus.se\\\/husmodell\\\/kloverfors-89-loft\\\/#primaryimage\"},\"thumbnailUrl\":\"https:\\\/\\\/jorntrahus.se\\\/wp-content\\\/uploads\\\/2021\\\/01\\\/Kloverfors-89-loft-Fritidshus-Byggsats-Hus-fran-Jorntrahus-scaled.jpg\",\"datePublished\":\"2021-01-14T13:11:18+00:00\",\"dateModified\":\"2025-03-28T16:23:30+00:00\",\"breadcrumb\":{\"@id\":\"https:\\\/\\\/jorntrahus.se\\\/husmodell\\\/kloverfors-89-loft\\\/#breadcrumb\"},\"inLanguage\":\"fi\",\"potentialAction\":[{\"@type\":\"ReadAction\",\"target\":[\"https:\\\/\\\/jorntrahus.se\\\/husmodell\\\/kloverfors-89-loft\\\/\"]}]},{\"@type\":\"ImageObject\",\"inLanguage\":\"fi\",\"@id\":\"https:\\\/\\\/jorntrahus.se\\\/husmodell\\\/kloverfors-89-loft\\\/#primaryimage\",\"url\":\"https:\\\/\\\/jorntrahus.se\\\/wp-content\\\/uploads\\\/2021\\\/01\\\/Kloverfors-89-loft-Fritidshus-Byggsats-Hus-fran-Jorntrahus-scaled.jpg\",\"contentUrl\":\"https:\\\/\\\/jorntrahus.se\\\/wp-content\\\/uploads\\\/2021\\\/01\\\/Kloverfors-89-loft-Fritidshus-Byggsats-Hus-fran-Jorntrahus-scaled.jpg\",\"width\":2560,\"height\":1706,\"caption\":\"Kloverfors 89 loft Fritidshus Byggsats Hus fran Jorntrahus\"},{\"@type\":\"BreadcrumbList\",\"@id\":\"https:\\\/\\\/jorntrahus.se\\\/husmodell\\\/kloverfors-89-loft\\\/#breadcrumb\",\"itemListElement\":[{\"@type\":\"ListItem\",\"position\":1,\"name\":\"Hem\",\"item\":\"https:\\\/\\\/jorntrahus.se\\\/\"},{\"@type\":\"ListItem\",\"position\":2,\"name\":\"V\u00e5ra hus\",\"item\":\"https:\\\/\\\/jorntrahus.se\\\/husen\\\/\"},{\"@type\":\"ListItem\",\"position\":3,\"name\":\"Kl\u00f6verfors 89 loft\"}]},{\"@type\":\"WebSite\",\"@id\":\"https:\\\/\\\/jorntrahus.se\\\/#website\",\"url\":\"https:\\\/\\\/jorntrahus.se\\\/\",\"name\":\"J\u00f6rntr\u00e4hus\",\"description\":\"Hus f\u00f6r den medvetne\",\"publisher\":{\"@id\":\"https:\\\/\\\/jorntrahus.se\\\/#organization\"},\"potentialAction\":[{\"@type\":\"SearchAction\",\"target\":{\"@type\":\"EntryPoint\",\"urlTemplate\":\"https:\\\/\\\/jorntrahus.se\\\/?s={search_term_string}\"},\"query-input\":{\"@type\":\"PropertyValueSpecification\",\"valueRequired\":true,\"valueName\":\"search_term_string\"}}],\"inLanguage\":\"fi\"},{\"@type\":\"Organization\",\"@id\":\"https:\\\/\\\/jorntrahus.se\\\/#organization\",\"name\":\"J\u00f6rntr\u00e4hus\",\"url\":\"https:\\\/\\\/jorntrahus.se\\\/\",\"logo\":{\"@type\":\"ImageObject\",\"inLanguage\":\"fi\",\"@id\":\"https:\\\/\\\/jorntrahus.se\\\/#\\\/schema\\\/logo\\\/image\\\/\",\"url\":\"https:\\\/\\\/jorntrahus.se\\\/wp-content\\\/uploads\\\/2020\\\/09\\\/Jorntrahus_Grund_CMYK.eps\",\"contentUrl\":\"https:\\\/\\\/jorntrahus.se\\\/wp-content\\\/uploads\\\/2020\\\/09\\\/Jorntrahus_Grund_CMYK.eps\",\"width\":1,\"height\":1,\"caption\":\"J\u00f6rntr\u00e4hus\"},\"image\":{\"@id\":\"https:\\\/\\\/jorntrahus.se\\\/#\\\/schema\\\/logo\\\/image\\\/\"}}]}<\/script>\n<!-- \/ Yoast SEO plugin. -->","yoast_head_json":{"title":"Kl\u00f6verfors 89 parvi - J\u00f6rnin puutalo","robots":{"index":"index","follow":"follow","max-snippet":"max-snippet:-1","max-image-preview":"max-image-preview:large","max-video-preview":"max-video-preview:-1"},"canonical":"https:\/\/jorntrahus.se\/fi\/talomalli\/kloverfors-89-katto\/","og_locale":"fi_FI","og_type":"article","og_title":"Kl\u00f6verfors 89 loft - J\u00f6rntr\u00e4hus","og_description":"Varje kvadratmeter \u00e4r utnyttjad p\u00e5 b\u00e4sta s\u00e4tt. Klassiskt fj\u00e4llhus som dessutom passar lika bra vid kusten. Med hela tre sovrum trivs \u00e4ven den st\u00f6rre familjen alldeles utm\u00e4rkt\u00a0i denna modell d\u00e4r varje kvadratmeter \u00e4r utnyttjad p\u00e5 b\u00e4sta s\u00e4tt.  Separat f\u00f6rr\u00e5dsdel tillsammans med en yttre hall ger goda f\u00f6rvaringsm\u00f6jligheter f\u00f6r de som har ett aktivt friluftsliv. En g\u00e5ngv\u00e4nlig trapp till loftet, d\u00e4r f\u00f6rutom tv\u00e5 sovrum, \u00e4ven en mindre hall med utsikt finns bel\u00e4gen.","og_url":"https:\/\/jorntrahus.se\/fi\/talomalli\/kloverfors-89-katto\/","og_site_name":"J\u00f6rntr\u00e4hus","article_modified_time":"2025-03-28T16:23:30+00:00","og_image":[{"width":2560,"height":1706,"url":"https:\/\/jorntrahus.se\/wp-content\/uploads\/2021\/01\/Kloverfors-89-loft-Fritidshus-Byggsats-Hus-fran-Jorntrahus-scaled.jpg","type":"image\/jpeg"}],"twitter_card":"summary_large_image","twitter_misc":{"Arvioitu lukuaika":"1 minuutti"},"schema":{"@context":"https:\/\/schema.org","@graph":[{"@type":"WebPage","@id":"https:\/\/jorntrahus.se\/husmodell\/kloverfors-89-loft\/","url":"https:\/\/jorntrahus.se\/husmodell\/kloverfors-89-loft\/","name":"Kl\u00f6verfors 89 parvi - J\u00f6rnin puutalo","isPartOf":{"@id":"https:\/\/jorntrahus.se\/#website"},"primaryImageOfPage":{"@id":"https:\/\/jorntrahus.se\/husmodell\/kloverfors-89-loft\/#primaryimage"},"image":{"@id":"https:\/\/jorntrahus.se\/husmodell\/kloverfors-89-loft\/#primaryimage"},"thumbnailUrl":"https:\/\/jorntrahus.se\/wp-content\/uploads\/2021\/01\/Kloverfors-89-loft-Fritidshus-Byggsats-Hus-fran-Jorntrahus-scaled.jpg","datePublished":"2021-01-14T13:11:18+00:00","dateModified":"2025-03-28T16:23:30+00:00","breadcrumb":{"@id":"https:\/\/jorntrahus.se\/husmodell\/kloverfors-89-loft\/#breadcrumb"},"inLanguage":"fi","potentialAction":[{"@type":"ReadAction","target":["https:\/\/jorntrahus.se\/husmodell\/kloverfors-89-loft\/"]}]},{"@type":"ImageObject","inLanguage":"fi","@id":"https:\/\/jorntrahus.se\/husmodell\/kloverfors-89-loft\/#primaryimage","url":"https:\/\/jorntrahus.se\/wp-content\/uploads\/2021\/01\/Kloverfors-89-loft-Fritidshus-Byggsats-Hus-fran-Jorntrahus-scaled.jpg","contentUrl":"https:\/\/jorntrahus.se\/wp-content\/uploads\/2021\/01\/Kloverfors-89-loft-Fritidshus-Byggsats-Hus-fran-Jorntrahus-scaled.jpg","width":2560,"height":1706,"caption":"Kloverfors 89 loft Fritidshus Byggsats Hus fran Jorntrahus"},{"@type":"BreadcrumbList","@id":"https:\/\/jorntrahus.se\/husmodell\/kloverfors-89-loft\/#breadcrumb","itemListElement":[{"@type":"ListItem","position":1,"name":"Hem","item":"https:\/\/jorntrahus.se\/"},{"@type":"ListItem","position":2,"name":"V\u00e5ra hus","item":"https:\/\/jorntrahus.se\/husen\/"},{"@type":"ListItem","position":3,"name":"Kl\u00f6verfors 89 loft"}]},{"@type":"WebSite","@id":"https:\/\/jorntrahus.se\/#website","url":"https:\/\/jorntrahus.se\/","name":"J\u00f6rntr\u00e4hus","description":"Talot tietoisille","publisher":{"@id":"https:\/\/jorntrahus.se\/#organization"},"potentialAction":[{"@type":"SearchAction","target":{"@type":"EntryPoint","urlTemplate":"https:\/\/jorntrahus.se\/?s={search_term_string}"},"query-input":{"@type":"PropertyValueSpecification","valueRequired":true,"valueName":"search_term_string"}}],"inLanguage":"fi"},{"@type":"Organization","@id":"https:\/\/jorntrahus.se\/#organization","name":"J\u00f6rntr\u00e4hus","url":"https:\/\/jorntrahus.se\/","logo":{"@type":"ImageObject","inLanguage":"fi","@id":"https:\/\/jorntrahus.se\/#\/schema\/logo\/image\/","url":"https:\/\/jorntrahus.se\/wp-content\/uploads\/2020\/09\/Jorntrahus_Grund_CMYK.eps","contentUrl":"https:\/\/jorntrahus.se\/wp-content\/uploads\/2020\/09\/Jorntrahus_Grund_CMYK.eps","width":1,"height":1,"caption":"J\u00f6rntr\u00e4hus"},"image":{"@id":"https:\/\/jorntrahus.se\/#\/schema\/logo\/image\/"}}]}},"publishpress_future_workflow_manual_trigger":{"enabledWorkflows":[]},"_links":{"self":[{"href":"https:\/\/jorntrahus.se\/fi\/wp-json\/wp\/v2\/product\/12445","targetHints":{"allow":["GET"]}}],"collection":[{"href":"https:\/\/jorntrahus.se\/fi\/wp-json\/wp\/v2\/product"}],"about":[{"href":"https:\/\/jorntrahus.se\/fi\/wp-json\/wp\/v2\/types\/product"}],"wp:featuredmedia":[{"embeddable":true,"href":"https:\/\/jorntrahus.se\/fi\/wp-json\/wp\/v2\/media\/12409"}],"wp:attachment":[{"href":"https:\/\/jorntrahus.se\/fi\/wp-json\/wp\/v2\/media?parent=12445"}],"wp:term":[{"taxonomy":"product_brand","embeddable":true,"href":"https:\/\/jorntrahus.se\/fi\/wp-json\/wp\/v2\/product_brand?post=12445"},{"taxonomy":"product_cat","embeddable":true,"href":"https:\/\/jorntrahus.se\/fi\/wp-json\/wp\/v2\/product_cat?post=12445"},{"taxonomy":"product_tag","embeddable":true,"href":"https:\/\/jorntrahus.se\/fi\/wp-json\/wp\/v2\/product_tag?post=12445"}],"curies":[{"name":"wp","href":"https:\/\/api.w.org\/{rel}","templated":true}]}}