{"id":12447,"date":"2021-01-14T14:15:43","date_gmt":"2021-01-14T13:15:43","guid":{"rendered":"https:\/\/jorntrahus.se\/?post_type=product&#038;p=12447"},"modified":"2023-02-16T12:04:34","modified_gmt":"2023-02-16T11:04:34","slug":"cloverfors-124-parvi","status":"publish","type":"product","link":"https:\/\/jorntrahus.se\/fi\/husmodell\/kloverfors-124-loft\/","title":{"rendered":"Kl\u00f6verfors 124 parvi"},"content":{"rendered":"","protected":false},"excerpt":{"rendered":"<h3>Jos haluat sijoittaa loma-asuntosi vuoristoymp\u00e4rist\u00f6\u00f6n, Kl\u00f6verfors on selke\u00e4 valinta.<\/h3>\n<p>K\u00e4yt\u00e4nn\u00f6lliset s\u00e4ilytystilat, kahden hengen kylpyhuoneet ja se, ett\u00e4 mallissa on valmius saunaan, ovat useimmille synonyymej\u00e4 t\u00e4m\u00e4ntyyppisille loma-asunnoille.<\/p>\n<p>Keitti\u00f6n ja olohuoneen kohdalla oleva avara ikkuna-alue antaa paljon valoa t\u00e4lle paikalle, joka sopii sek\u00e4 isommalle perheelle ett\u00e4 vieraileville hyville yst\u00e4ville.<\/p>\n<p>Terassin sijainti olohuoneen vieress\u00e4 auttaa luomaan yhteyden sis\u00e4- ja ulkotilojen v\u00e4lille, jolloin kulku tuntuu t\u00e4ysin luonnolliselta ja k\u00e4yt\u00e4nn\u00f6llinen katos suojaa sek\u00e4 suoralta auringonvalolta ett\u00e4 lumelta ja sateelta.<\/p>","protected":false},"featured_media":12410,"template":"","meta":[],"product_brand":[],"product_cat":[1253],"product_tag":[568,1267],"class_list":{"0":"post-12447","1":"product","2":"type-product","3":"status-publish","4":"has-post-thumbnail","6":"product_cat-kloverfors","7":"product_tag-1-plan-loft","8":"product_tag-klassiskt-hus","9":"husstil-klassiska-hus","10":"hustyp-fritidshus","12":"first","13":"instock","14":"shipping-taxable","15":"product-type-simple"},"yoast_head":"<!-- This site is optimized with the Yoast SEO plugin v27.5 - https:\/\/yoast.com\/product\/yoast-seo-wordpress\/ -->\n<title>Kl\u00f6verfors 124 loft - J\u00f6rntr\u00e4hus<\/title>\n<meta name=\"robots\" content=\"index, follow, max-snippet:-1, max-image-preview:large, max-video-preview:-1\" \/>\n<link rel=\"canonical\" href=\"https:\/\/jorntrahus.se\/fi\/talomalli\/cloverfors-124-parvi\/\" \/>\n<meta property=\"og:locale\" content=\"fi_FI\" \/>\n<meta property=\"og:type\" content=\"article\" \/>\n<meta property=\"og:title\" content=\"Kl\u00f6verfors 124 loft - J\u00f6rntr\u00e4hus\" \/>\n<meta property=\"og:description\" content=\"\u00d6nskar man placera sitt fritidshus i fj\u00e4llmilj\u00f6 \u00e4r Kl\u00f6verfors ett givet alternativ. Praktiska f\u00f6rvaringsm\u00f6jligheter, dubbla badrum samt att modellen \u00e4r f\u00f6rberedd f\u00f6r bastu \u00e4r f\u00f6r de allra flesta synonymt med denna typ av fritidshus.  Det v\u00e4l tilltagna f\u00f6nsterpartiet, d\u00e4r k\u00f6k och allrum samsas, ger mycket ljusinsl\u00e4pp till denna plats som funkar b\u00e5de f\u00f6r den st\u00f6rre familjen samt goda v\u00e4nner p\u00e5 bes\u00f6k.  Altanens placering vid allrummet bidrar till att skapa samh\u00f6righet mellan ute och inne d\u00e4r passagen k\u00e4nns helt naturlig och det praktiska sk\u00e4rmtaket ger skydd\u00a0mot b\u00e5de direkt solljus likv\u00e4l som sn\u00f6 och regn.\" \/>\n<meta property=\"og:url\" content=\"https:\/\/jorntrahus.se\/fi\/talomalli\/cloverfors-124-parvi\/\" \/>\n<meta property=\"og:site_name\" content=\"J\u00f6rntr\u00e4hus\" \/>\n<meta property=\"article:modified_time\" content=\"2023-02-16T11:04:34+00:00\" \/>\n<meta property=\"og:image\" content=\"https:\/\/jorntrahus.se\/wp-content\/uploads\/2021\/01\/Kloverfors-124-loft-Fritidshus-Byggsats-Hus-fran-Jorntrahus-scaled.jpg\" \/>\n\t<meta property=\"og:image:width\" content=\"2560\" \/>\n\t<meta property=\"og:image:height\" content=\"1705\" \/>\n\t<meta property=\"og:image:type\" content=\"image\/jpeg\" \/>\n<meta name=\"twitter:card\" content=\"summary_large_image\" \/>\n<script type=\"application\/ld+json\" class=\"yoast-schema-graph\">{\"@context\":\"https:\\\/\\\/schema.org\",\"@graph\":[{\"@type\":\"WebPage\",\"@id\":\"https:\\\/\\\/jorntrahus.se\\\/husmodell\\\/kloverfors-124-loft\\\/\",\"url\":\"https:\\\/\\\/jorntrahus.se\\\/husmodell\\\/kloverfors-124-loft\\\/\",\"name\":\"Kl\u00f6verfors 124 loft - J\u00f6rntr\u00e4hus\",\"isPartOf\":{\"@id\":\"https:\\\/\\\/jorntrahus.se\\\/#website\"},\"primaryImageOfPage\":{\"@id\":\"https:\\\/\\\/jorntrahus.se\\\/husmodell\\\/kloverfors-124-loft\\\/#primaryimage\"},\"image\":{\"@id\":\"https:\\\/\\\/jorntrahus.se\\\/husmodell\\\/kloverfors-124-loft\\\/#primaryimage\"},\"thumbnailUrl\":\"https:\\\/\\\/jorntrahus.se\\\/wp-content\\\/uploads\\\/2021\\\/01\\\/Kloverfors-124-loft-Fritidshus-Byggsats-Hus-fran-Jorntrahus-scaled.jpg\",\"datePublished\":\"2021-01-14T13:15:43+00:00\",\"dateModified\":\"2023-02-16T11:04:34+00:00\",\"breadcrumb\":{\"@id\":\"https:\\\/\\\/jorntrahus.se\\\/husmodell\\\/kloverfors-124-loft\\\/#breadcrumb\"},\"inLanguage\":\"fi\",\"potentialAction\":[{\"@type\":\"ReadAction\",\"target\":[\"https:\\\/\\\/jorntrahus.se\\\/husmodell\\\/kloverfors-124-loft\\\/\"]}]},{\"@type\":\"ImageObject\",\"inLanguage\":\"fi\",\"@id\":\"https:\\\/\\\/jorntrahus.se\\\/husmodell\\\/kloverfors-124-loft\\\/#primaryimage\",\"url\":\"https:\\\/\\\/jorntrahus.se\\\/wp-content\\\/uploads\\\/2021\\\/01\\\/Kloverfors-124-loft-Fritidshus-Byggsats-Hus-fran-Jorntrahus-scaled.jpg\",\"contentUrl\":\"https:\\\/\\\/jorntrahus.se\\\/wp-content\\\/uploads\\\/2021\\\/01\\\/Kloverfors-124-loft-Fritidshus-Byggsats-Hus-fran-Jorntrahus-scaled.jpg\",\"width\":2560,\"height\":1705,\"caption\":\"Kloverfors 124 loft Fritidshus Byggsats Hus fran Jorntrahus\"},{\"@type\":\"BreadcrumbList\",\"@id\":\"https:\\\/\\\/jorntrahus.se\\\/husmodell\\\/kloverfors-124-loft\\\/#breadcrumb\",\"itemListElement\":[{\"@type\":\"ListItem\",\"position\":1,\"name\":\"Hem\",\"item\":\"https:\\\/\\\/jorntrahus.se\\\/\"},{\"@type\":\"ListItem\",\"position\":2,\"name\":\"V\u00e5ra hus\",\"item\":\"https:\\\/\\\/jorntrahus.se\\\/husen\\\/\"},{\"@type\":\"ListItem\",\"position\":3,\"name\":\"Kl\u00f6verfors 124 loft\"}]},{\"@type\":\"WebSite\",\"@id\":\"https:\\\/\\\/jorntrahus.se\\\/#website\",\"url\":\"https:\\\/\\\/jorntrahus.se\\\/\",\"name\":\"J\u00f6rntr\u00e4hus\",\"description\":\"Hus f\u00f6r den medvetne\",\"publisher\":{\"@id\":\"https:\\\/\\\/jorntrahus.se\\\/#organization\"},\"potentialAction\":[{\"@type\":\"SearchAction\",\"target\":{\"@type\":\"EntryPoint\",\"urlTemplate\":\"https:\\\/\\\/jorntrahus.se\\\/?s={search_term_string}\"},\"query-input\":{\"@type\":\"PropertyValueSpecification\",\"valueRequired\":true,\"valueName\":\"search_term_string\"}}],\"inLanguage\":\"fi\"},{\"@type\":\"Organization\",\"@id\":\"https:\\\/\\\/jorntrahus.se\\\/#organization\",\"name\":\"J\u00f6rntr\u00e4hus\",\"url\":\"https:\\\/\\\/jorntrahus.se\\\/\",\"logo\":{\"@type\":\"ImageObject\",\"inLanguage\":\"fi\",\"@id\":\"https:\\\/\\\/jorntrahus.se\\\/#\\\/schema\\\/logo\\\/image\\\/\",\"url\":\"https:\\\/\\\/jorntrahus.se\\\/wp-content\\\/uploads\\\/2020\\\/09\\\/Jorntrahus_Grund_CMYK.eps\",\"contentUrl\":\"https:\\\/\\\/jorntrahus.se\\\/wp-content\\\/uploads\\\/2020\\\/09\\\/Jorntrahus_Grund_CMYK.eps\",\"width\":1,\"height\":1,\"caption\":\"J\u00f6rntr\u00e4hus\"},\"image\":{\"@id\":\"https:\\\/\\\/jorntrahus.se\\\/#\\\/schema\\\/logo\\\/image\\\/\"}}]}<\/script>\n<!-- \/ Yoast SEO plugin. -->","yoast_head_json":{"title":"Kl\u00f6verfors 124 parvi - J\u00f6rntr\u00e4hus","robots":{"index":"index","follow":"follow","max-snippet":"max-snippet:-1","max-image-preview":"max-image-preview:large","max-video-preview":"max-video-preview:-1"},"canonical":"https:\/\/jorntrahus.se\/fi\/talomalli\/cloverfors-124-parvi\/","og_locale":"fi_FI","og_type":"article","og_title":"Kl\u00f6verfors 124 loft - J\u00f6rntr\u00e4hus","og_description":"\u00d6nskar man placera sitt fritidshus i fj\u00e4llmilj\u00f6 \u00e4r Kl\u00f6verfors ett givet alternativ. Praktiska f\u00f6rvaringsm\u00f6jligheter, dubbla badrum samt att modellen \u00e4r f\u00f6rberedd f\u00f6r bastu \u00e4r f\u00f6r de allra flesta synonymt med denna typ av fritidshus.  Det v\u00e4l tilltagna f\u00f6nsterpartiet, d\u00e4r k\u00f6k och allrum samsas, ger mycket ljusinsl\u00e4pp till denna plats som funkar b\u00e5de f\u00f6r den st\u00f6rre familjen samt goda v\u00e4nner p\u00e5 bes\u00f6k.  Altanens placering vid allrummet bidrar till att skapa samh\u00f6righet mellan ute och inne d\u00e4r passagen k\u00e4nns helt naturlig och det praktiska sk\u00e4rmtaket ger skydd\u00a0mot b\u00e5de direkt solljus likv\u00e4l som sn\u00f6 och regn.","og_url":"https:\/\/jorntrahus.se\/fi\/talomalli\/cloverfors-124-parvi\/","og_site_name":"J\u00f6rntr\u00e4hus","article_modified_time":"2023-02-16T11:04:34+00:00","og_image":[{"width":2560,"height":1705,"url":"https:\/\/jorntrahus.se\/wp-content\/uploads\/2021\/01\/Kloverfors-124-loft-Fritidshus-Byggsats-Hus-fran-Jorntrahus-scaled.jpg","type":"image\/jpeg"}],"twitter_card":"summary_large_image","schema":{"@context":"https:\/\/schema.org","@graph":[{"@type":"WebPage","@id":"https:\/\/jorntrahus.se\/husmodell\/kloverfors-124-loft\/","url":"https:\/\/jorntrahus.se\/husmodell\/kloverfors-124-loft\/","name":"Kl\u00f6verfors 124 parvi - J\u00f6rntr\u00e4hus","isPartOf":{"@id":"https:\/\/jorntrahus.se\/#website"},"primaryImageOfPage":{"@id":"https:\/\/jorntrahus.se\/husmodell\/kloverfors-124-loft\/#primaryimage"},"image":{"@id":"https:\/\/jorntrahus.se\/husmodell\/kloverfors-124-loft\/#primaryimage"},"thumbnailUrl":"https:\/\/jorntrahus.se\/wp-content\/uploads\/2021\/01\/Kloverfors-124-loft-Fritidshus-Byggsats-Hus-fran-Jorntrahus-scaled.jpg","datePublished":"2021-01-14T13:15:43+00:00","dateModified":"2023-02-16T11:04:34+00:00","breadcrumb":{"@id":"https:\/\/jorntrahus.se\/husmodell\/kloverfors-124-loft\/#breadcrumb"},"inLanguage":"fi","potentialAction":[{"@type":"ReadAction","target":["https:\/\/jorntrahus.se\/husmodell\/kloverfors-124-loft\/"]}]},{"@type":"ImageObject","inLanguage":"fi","@id":"https:\/\/jorntrahus.se\/husmodell\/kloverfors-124-loft\/#primaryimage","url":"https:\/\/jorntrahus.se\/wp-content\/uploads\/2021\/01\/Kloverfors-124-loft-Fritidshus-Byggsats-Hus-fran-Jorntrahus-scaled.jpg","contentUrl":"https:\/\/jorntrahus.se\/wp-content\/uploads\/2021\/01\/Kloverfors-124-loft-Fritidshus-Byggsats-Hus-fran-Jorntrahus-scaled.jpg","width":2560,"height":1705,"caption":"Kloverfors 124 loft Fritidshus Byggsats Hus fran Jorntrahus"},{"@type":"BreadcrumbList","@id":"https:\/\/jorntrahus.se\/husmodell\/kloverfors-124-loft\/#breadcrumb","itemListElement":[{"@type":"ListItem","position":1,"name":"Hem","item":"https:\/\/jorntrahus.se\/"},{"@type":"ListItem","position":2,"name":"V\u00e5ra hus","item":"https:\/\/jorntrahus.se\/husen\/"},{"@type":"ListItem","position":3,"name":"Kl\u00f6verfors 124 loft"}]},{"@type":"WebSite","@id":"https:\/\/jorntrahus.se\/#website","url":"https:\/\/jorntrahus.se\/","name":"J\u00f6rntr\u00e4hus","description":"Talot tietoisille","publisher":{"@id":"https:\/\/jorntrahus.se\/#organization"},"potentialAction":[{"@type":"SearchAction","target":{"@type":"EntryPoint","urlTemplate":"https:\/\/jorntrahus.se\/?s={search_term_string}"},"query-input":{"@type":"PropertyValueSpecification","valueRequired":true,"valueName":"search_term_string"}}],"inLanguage":"fi"},{"@type":"Organization","@id":"https:\/\/jorntrahus.se\/#organization","name":"J\u00f6rntr\u00e4hus","url":"https:\/\/jorntrahus.se\/","logo":{"@type":"ImageObject","inLanguage":"fi","@id":"https:\/\/jorntrahus.se\/#\/schema\/logo\/image\/","url":"https:\/\/jorntrahus.se\/wp-content\/uploads\/2020\/09\/Jorntrahus_Grund_CMYK.eps","contentUrl":"https:\/\/jorntrahus.se\/wp-content\/uploads\/2020\/09\/Jorntrahus_Grund_CMYK.eps","width":1,"height":1,"caption":"J\u00f6rntr\u00e4hus"},"image":{"@id":"https:\/\/jorntrahus.se\/#\/schema\/logo\/image\/"}}]}},"publishpress_future_workflow_manual_trigger":{"enabledWorkflows":[]},"_links":{"self":[{"href":"https:\/\/jorntrahus.se\/fi\/wp-json\/wp\/v2\/product\/12447","targetHints":{"allow":["GET"]}}],"collection":[{"href":"https:\/\/jorntrahus.se\/fi\/wp-json\/wp\/v2\/product"}],"about":[{"href":"https:\/\/jorntrahus.se\/fi\/wp-json\/wp\/v2\/types\/product"}],"wp:featuredmedia":[{"embeddable":true,"href":"https:\/\/jorntrahus.se\/fi\/wp-json\/wp\/v2\/media\/12410"}],"wp:attachment":[{"href":"https:\/\/jorntrahus.se\/fi\/wp-json\/wp\/v2\/media?parent=12447"}],"wp:term":[{"taxonomy":"product_brand","embeddable":true,"href":"https:\/\/jorntrahus.se\/fi\/wp-json\/wp\/v2\/product_brand?post=12447"},{"taxonomy":"product_cat","embeddable":true,"href":"https:\/\/jorntrahus.se\/fi\/wp-json\/wp\/v2\/product_cat?post=12447"},{"taxonomy":"product_tag","embeddable":true,"href":"https:\/\/jorntrahus.se\/fi\/wp-json\/wp\/v2\/product_tag?post=12447"}],"curies":[{"name":"wp","href":"https:\/\/api.w.org\/{rel}","templated":true}]}}