{"id":12451,"date":"2021-01-14T14:35:03","date_gmt":"2021-01-14T13:35:03","guid":{"rendered":"https:\/\/jorntrahus.se\/?post_type=product&#038;p=12451"},"modified":"2023-02-16T12:04:32","modified_gmt":"2023-02-16T11:04:32","slug":"liskolaakso-141","status":"publish","type":"product","link":"https:\/\/jorntrahus.se\/fi\/husmodell\/kagedalen-141\/","title":{"rendered":"K\u00e5gedalen 141"},"content":{"rendered":"","protected":false},"excerpt":{"rendered":"<h3>Yksikerroksinen lato, jossa keskityt\u00e4\u00e4n yhteisiin tiloihin.<\/h3>\n<p>Kahden hengen olohuoneet, joista toinen on yhdistetty keitti\u00f6\u00f6n, tarjoavat enemm\u00e4n kuin luonnollisen kohtaamispaikan, jossa voi viett\u00e4\u00e4 aikaa. Tyylikk\u00e4\u00e4sti sijoitettu ikkunaovi yhdess\u00e4 harjakorokkeessa antaa valoa, joka levi\u00e4\u00e4 koko taloon.<\/p>\n<p>K\u00e5gedalenissa on useita ikkunaosia, ja se sopii niille, jotka arvostavat valoa ja tilaa. Mallia voidaan laajentaa niille, jotka haluavat lis\u00e4\u00e4 asuintilaa.<\/p>\n<p>&nbsp;<\/p>\n<p><img loading=\"lazy\" decoding=\"async\" class=\"alignnone size-medium wp-image-13198\" title=\"Kagedalen S Sis\u00e4tilat F\" src=\"https:\/\/jorntrahus.se\/wp-content\/uploads\/2021\/01\/Kagedalen-S_Interior-F-600x509.jpg\" alt=\"Kagedalen S Sis\u00e4tilat F\" width=\"600\" height=\"509\" srcset=\"https:\/\/jorntrahus.se\/wp-content\/uploads\/2021\/01\/Kagedalen-S_Interior-F-600x509.jpg 600w, https:\/\/jorntrahus.se\/wp-content\/uploads\/2021\/01\/Kagedalen-S_Interior-F-768x652.jpg 768w, https:\/\/jorntrahus.se\/wp-content\/uploads\/2021\/01\/Kagedalen-S_Interior-F-900x764.jpg 900w, https:\/\/jorntrahus.se\/wp-content\/uploads\/2021\/01\/Kagedalen-S_Interior-F.jpg 1000w\" sizes=\"auto, (max-width: 600px) 100vw, 600px\" \/><\/p>","protected":false},"featured_media":12414,"template":"","meta":[],"product_brand":[],"product_cat":[1257],"product_tag":[26,1259],"class_list":{"0":"post-12451","1":"product","2":"type-product","3":"status-publish","4":"has-post-thumbnail","6":"product_cat-kagedalen","7":"product_tag-003-1-plan","8":"product_tag-ladhus","9":"husstil-ladhus","10":"hustyp-fritidshus","12":"first","13":"instock","14":"shipping-taxable","15":"product-type-simple"},"yoast_head":"<!-- This site is optimized with the Yoast SEO plugin v27.5 - https:\/\/yoast.com\/product\/yoast-seo-wordpress\/ -->\n<title>K\u00e5gedalen 141 - J\u00f6rntr\u00e4hus<\/title>\n<meta name=\"robots\" content=\"index, follow, max-snippet:-1, max-image-preview:large, max-video-preview:-1\" \/>\n<link rel=\"canonical\" href=\"https:\/\/jorntrahus.se\/fi\/talomalli\/liskolaakso-141\/\" \/>\n<meta property=\"og:locale\" content=\"fi_FI\" \/>\n<meta property=\"og:type\" content=\"article\" \/>\n<meta property=\"og:title\" content=\"K\u00e5gedalen 141 - J\u00f6rntr\u00e4hus\" \/>\n<meta property=\"og:description\" content=\"Ladhus i ett plan d\u00e4r samvaroutrymmen ligger i fokus. Dubbla allrum, d\u00e4r det ena \u00e4r kombinerat med k\u00f6ket, ger mer \u00e4n en naturlig m\u00f6tesplats att vistas i. En smakfullt placerad f\u00f6nsterd\u00f6rr p\u00e5 ena gaveln ger ett ljusinsl\u00e4pp som sprider sig genom hela huset.  Med flertalet f\u00f6nsterpartier passar K\u00e5gedalen den som v\u00e4rdes\u00e4tter ljus och rymd. Modellen kan f\u00f6rl\u00e4ngas f\u00f6r den som \u00f6nskar ytterligare boyta.  &nbsp;\" \/>\n<meta property=\"og:url\" content=\"https:\/\/jorntrahus.se\/fi\/talomalli\/liskolaakso-141\/\" \/>\n<meta property=\"og:site_name\" content=\"J\u00f6rntr\u00e4hus\" \/>\n<meta property=\"article:modified_time\" content=\"2023-02-16T11:04:32+00:00\" \/>\n<meta property=\"og:image\" content=\"https:\/\/jorntrahus.se\/wp-content\/uploads\/2021\/01\/Kagedalen-141-Fritidshus-Ladhus-Byggsats-Hus-fran-Jorntrahus-scaled.jpg\" \/>\n\t<meta property=\"og:image:width\" content=\"2560\" \/>\n\t<meta property=\"og:image:height\" content=\"1705\" \/>\n\t<meta property=\"og:image:type\" content=\"image\/jpeg\" \/>\n<meta name=\"twitter:card\" content=\"summary_large_image\" \/>\n<script type=\"application\/ld+json\" class=\"yoast-schema-graph\">{\"@context\":\"https:\\\/\\\/schema.org\",\"@graph\":[{\"@type\":\"WebPage\",\"@id\":\"https:\\\/\\\/jorntrahus.se\\\/husmodell\\\/kagedalen-141\\\/\",\"url\":\"https:\\\/\\\/jorntrahus.se\\\/husmodell\\\/kagedalen-141\\\/\",\"name\":\"K\u00e5gedalen 141 - J\u00f6rntr\u00e4hus\",\"isPartOf\":{\"@id\":\"https:\\\/\\\/jorntrahus.se\\\/#website\"},\"primaryImageOfPage\":{\"@id\":\"https:\\\/\\\/jorntrahus.se\\\/husmodell\\\/kagedalen-141\\\/#primaryimage\"},\"image\":{\"@id\":\"https:\\\/\\\/jorntrahus.se\\\/husmodell\\\/kagedalen-141\\\/#primaryimage\"},\"thumbnailUrl\":\"https:\\\/\\\/jorntrahus.se\\\/wp-content\\\/uploads\\\/2021\\\/01\\\/Kagedalen-141-Fritidshus-Ladhus-Byggsats-Hus-fran-Jorntrahus-scaled.jpg\",\"datePublished\":\"2021-01-14T13:35:03+00:00\",\"dateModified\":\"2023-02-16T11:04:32+00:00\",\"breadcrumb\":{\"@id\":\"https:\\\/\\\/jorntrahus.se\\\/husmodell\\\/kagedalen-141\\\/#breadcrumb\"},\"inLanguage\":\"fi\",\"potentialAction\":[{\"@type\":\"ReadAction\",\"target\":[\"https:\\\/\\\/jorntrahus.se\\\/husmodell\\\/kagedalen-141\\\/\"]}]},{\"@type\":\"ImageObject\",\"inLanguage\":\"fi\",\"@id\":\"https:\\\/\\\/jorntrahus.se\\\/husmodell\\\/kagedalen-141\\\/#primaryimage\",\"url\":\"https:\\\/\\\/jorntrahus.se\\\/wp-content\\\/uploads\\\/2021\\\/01\\\/Kagedalen-141-Fritidshus-Ladhus-Byggsats-Hus-fran-Jorntrahus-scaled.jpg\",\"contentUrl\":\"https:\\\/\\\/jorntrahus.se\\\/wp-content\\\/uploads\\\/2021\\\/01\\\/Kagedalen-141-Fritidshus-Ladhus-Byggsats-Hus-fran-Jorntrahus-scaled.jpg\",\"width\":2560,\"height\":1705,\"caption\":\"Kagedalen 141 Fritidshus Ladhus Byggsats Hus fran Jorntrahus\"},{\"@type\":\"BreadcrumbList\",\"@id\":\"https:\\\/\\\/jorntrahus.se\\\/husmodell\\\/kagedalen-141\\\/#breadcrumb\",\"itemListElement\":[{\"@type\":\"ListItem\",\"position\":1,\"name\":\"Hem\",\"item\":\"https:\\\/\\\/jorntrahus.se\\\/\"},{\"@type\":\"ListItem\",\"position\":2,\"name\":\"V\u00e5ra hus\",\"item\":\"https:\\\/\\\/jorntrahus.se\\\/husen\\\/\"},{\"@type\":\"ListItem\",\"position\":3,\"name\":\"K\u00e5gedalen 141\"}]},{\"@type\":\"WebSite\",\"@id\":\"https:\\\/\\\/jorntrahus.se\\\/#website\",\"url\":\"https:\\\/\\\/jorntrahus.se\\\/\",\"name\":\"J\u00f6rntr\u00e4hus\",\"description\":\"Hus f\u00f6r den medvetne\",\"publisher\":{\"@id\":\"https:\\\/\\\/jorntrahus.se\\\/#organization\"},\"potentialAction\":[{\"@type\":\"SearchAction\",\"target\":{\"@type\":\"EntryPoint\",\"urlTemplate\":\"https:\\\/\\\/jorntrahus.se\\\/?s={search_term_string}\"},\"query-input\":{\"@type\":\"PropertyValueSpecification\",\"valueRequired\":true,\"valueName\":\"search_term_string\"}}],\"inLanguage\":\"fi\"},{\"@type\":\"Organization\",\"@id\":\"https:\\\/\\\/jorntrahus.se\\\/#organization\",\"name\":\"J\u00f6rntr\u00e4hus\",\"url\":\"https:\\\/\\\/jorntrahus.se\\\/\",\"logo\":{\"@type\":\"ImageObject\",\"inLanguage\":\"fi\",\"@id\":\"https:\\\/\\\/jorntrahus.se\\\/#\\\/schema\\\/logo\\\/image\\\/\",\"url\":\"https:\\\/\\\/jorntrahus.se\\\/wp-content\\\/uploads\\\/2020\\\/09\\\/Jorntrahus_Grund_CMYK.eps\",\"contentUrl\":\"https:\\\/\\\/jorntrahus.se\\\/wp-content\\\/uploads\\\/2020\\\/09\\\/Jorntrahus_Grund_CMYK.eps\",\"width\":1,\"height\":1,\"caption\":\"J\u00f6rntr\u00e4hus\"},\"image\":{\"@id\":\"https:\\\/\\\/jorntrahus.se\\\/#\\\/schema\\\/logo\\\/image\\\/\"}}]}<\/script>\n<!-- \/ Yoast SEO plugin. -->","yoast_head_json":{"title":"K\u00e5gedalen 141 - J\u00f6rntr\u00e4hus","robots":{"index":"index","follow":"follow","max-snippet":"max-snippet:-1","max-image-preview":"max-image-preview:large","max-video-preview":"max-video-preview:-1"},"canonical":"https:\/\/jorntrahus.se\/fi\/talomalli\/liskolaakso-141\/","og_locale":"fi_FI","og_type":"article","og_title":"K\u00e5gedalen 141 - J\u00f6rntr\u00e4hus","og_description":"Ladhus i ett plan d\u00e4r samvaroutrymmen ligger i fokus. Dubbla allrum, d\u00e4r det ena \u00e4r kombinerat med k\u00f6ket, ger mer \u00e4n en naturlig m\u00f6tesplats att vistas i. En smakfullt placerad f\u00f6nsterd\u00f6rr p\u00e5 ena gaveln ger ett ljusinsl\u00e4pp som sprider sig genom hela huset.  Med flertalet f\u00f6nsterpartier passar K\u00e5gedalen den som v\u00e4rdes\u00e4tter ljus och rymd. Modellen kan f\u00f6rl\u00e4ngas f\u00f6r den som \u00f6nskar ytterligare boyta.  &nbsp;","og_url":"https:\/\/jorntrahus.se\/fi\/talomalli\/liskolaakso-141\/","og_site_name":"J\u00f6rntr\u00e4hus","article_modified_time":"2023-02-16T11:04:32+00:00","og_image":[{"width":2560,"height":1705,"url":"https:\/\/jorntrahus.se\/wp-content\/uploads\/2021\/01\/Kagedalen-141-Fritidshus-Ladhus-Byggsats-Hus-fran-Jorntrahus-scaled.jpg","type":"image\/jpeg"}],"twitter_card":"summary_large_image","schema":{"@context":"https:\/\/schema.org","@graph":[{"@type":"WebPage","@id":"https:\/\/jorntrahus.se\/husmodell\/kagedalen-141\/","url":"https:\/\/jorntrahus.se\/husmodell\/kagedalen-141\/","name":"K\u00e5gedalen 141 - J\u00f6rntr\u00e4hus","isPartOf":{"@id":"https:\/\/jorntrahus.se\/#website"},"primaryImageOfPage":{"@id":"https:\/\/jorntrahus.se\/husmodell\/kagedalen-141\/#primaryimage"},"image":{"@id":"https:\/\/jorntrahus.se\/husmodell\/kagedalen-141\/#primaryimage"},"thumbnailUrl":"https:\/\/jorntrahus.se\/wp-content\/uploads\/2021\/01\/Kagedalen-141-Fritidshus-Ladhus-Byggsats-Hus-fran-Jorntrahus-scaled.jpg","datePublished":"2021-01-14T13:35:03+00:00","dateModified":"2023-02-16T11:04:32+00:00","breadcrumb":{"@id":"https:\/\/jorntrahus.se\/husmodell\/kagedalen-141\/#breadcrumb"},"inLanguage":"fi","potentialAction":[{"@type":"ReadAction","target":["https:\/\/jorntrahus.se\/husmodell\/kagedalen-141\/"]}]},{"@type":"ImageObject","inLanguage":"fi","@id":"https:\/\/jorntrahus.se\/husmodell\/kagedalen-141\/#primaryimage","url":"https:\/\/jorntrahus.se\/wp-content\/uploads\/2021\/01\/Kagedalen-141-Fritidshus-Ladhus-Byggsats-Hus-fran-Jorntrahus-scaled.jpg","contentUrl":"https:\/\/jorntrahus.se\/wp-content\/uploads\/2021\/01\/Kagedalen-141-Fritidshus-Ladhus-Byggsats-Hus-fran-Jorntrahus-scaled.jpg","width":2560,"height":1705,"caption":"Kagedalen 141 Fritidshus Ladhus Byggsats Hus fran Jorntrahus"},{"@type":"BreadcrumbList","@id":"https:\/\/jorntrahus.se\/husmodell\/kagedalen-141\/#breadcrumb","itemListElement":[{"@type":"ListItem","position":1,"name":"Hem","item":"https:\/\/jorntrahus.se\/"},{"@type":"ListItem","position":2,"name":"V\u00e5ra hus","item":"https:\/\/jorntrahus.se\/husen\/"},{"@type":"ListItem","position":3,"name":"K\u00e5gedalen 141"}]},{"@type":"WebSite","@id":"https:\/\/jorntrahus.se\/#website","url":"https:\/\/jorntrahus.se\/","name":"J\u00f6rntr\u00e4hus","description":"Talot tietoisille","publisher":{"@id":"https:\/\/jorntrahus.se\/#organization"},"potentialAction":[{"@type":"SearchAction","target":{"@type":"EntryPoint","urlTemplate":"https:\/\/jorntrahus.se\/?s={search_term_string}"},"query-input":{"@type":"PropertyValueSpecification","valueRequired":true,"valueName":"search_term_string"}}],"inLanguage":"fi"},{"@type":"Organization","@id":"https:\/\/jorntrahus.se\/#organization","name":"J\u00f6rntr\u00e4hus","url":"https:\/\/jorntrahus.se\/","logo":{"@type":"ImageObject","inLanguage":"fi","@id":"https:\/\/jorntrahus.se\/#\/schema\/logo\/image\/","url":"https:\/\/jorntrahus.se\/wp-content\/uploads\/2020\/09\/Jorntrahus_Grund_CMYK.eps","contentUrl":"https:\/\/jorntrahus.se\/wp-content\/uploads\/2020\/09\/Jorntrahus_Grund_CMYK.eps","width":1,"height":1,"caption":"J\u00f6rntr\u00e4hus"},"image":{"@id":"https:\/\/jorntrahus.se\/#\/schema\/logo\/image\/"}}]}},"publishpress_future_workflow_manual_trigger":{"enabledWorkflows":[]},"_links":{"self":[{"href":"https:\/\/jorntrahus.se\/fi\/wp-json\/wp\/v2\/product\/12451","targetHints":{"allow":["GET"]}}],"collection":[{"href":"https:\/\/jorntrahus.se\/fi\/wp-json\/wp\/v2\/product"}],"about":[{"href":"https:\/\/jorntrahus.se\/fi\/wp-json\/wp\/v2\/types\/product"}],"wp:featuredmedia":[{"embeddable":true,"href":"https:\/\/jorntrahus.se\/fi\/wp-json\/wp\/v2\/media\/12414"}],"wp:attachment":[{"href":"https:\/\/jorntrahus.se\/fi\/wp-json\/wp\/v2\/media?parent=12451"}],"wp:term":[{"taxonomy":"product_brand","embeddable":true,"href":"https:\/\/jorntrahus.se\/fi\/wp-json\/wp\/v2\/product_brand?post=12451"},{"taxonomy":"product_cat","embeddable":true,"href":"https:\/\/jorntrahus.se\/fi\/wp-json\/wp\/v2\/product_cat?post=12451"},{"taxonomy":"product_tag","embeddable":true,"href":"https:\/\/jorntrahus.se\/fi\/wp-json\/wp\/v2\/product_tag?post=12451"}],"curies":[{"name":"wp","href":"https:\/\/api.w.org\/{rel}","templated":true}]}}