{"id":12454,"date":"2021-01-14T14:51:14","date_gmt":"2021-01-14T13:51:14","guid":{"rendered":"https:\/\/jorntrahus.se\/?post_type=product&#038;p=12454"},"modified":"2022-10-27T14:47:17","modified_gmt":"2022-10-27T12:47:17","slug":"boviken-30-parvi","status":"publish","type":"product","link":"https:\/\/jorntrahus.se\/fi\/husmodell\/boviken-30-loft\/","title":{"rendered":"Boviken 30 parvi"},"content":{"rendered":"","protected":false},"excerpt":{"rendered":"<h3>Klassinen muotoilu vieh\u00e4tt\u00e4v\u00e4ss\u00e4 30 m\u00b2:n pieness\u00e4 talossa.<\/h3>\n<p>T\u00e4ydent\u00e4v\u00e4 asunto, jota voidaan k\u00e4ytt\u00e4\u00e4 lis\u00e4majoituksena sek\u00e4 itsen\u00e4isen\u00e4 loma-asuntona. Yhdistetyst\u00e4 keitti\u00f6st\u00e4 ja olohuoneesta tulee luonnollinen kokoontumispaikka aktiviteetteja varten.<\/p>\n<p>T\u00e4ysi kattokorkeus, jota ymp\u00e4r\u00f6i useita ikkunoita, lis\u00e4\u00e4 tilan ja valon tunnetta. Parvi, jossa on tilaa nukkumapaikoille, lis\u00e4\u00e4 mukavuutta ja lis\u00e4\u00e4 k\u00e4ytt\u00f6astetta.<\/p>","protected":false},"featured_media":12404,"template":"","meta":[],"product_brand":[],"product_cat":[1265],"product_tag":[568,1267],"class_list":{"0":"post-12454","1":"product","2":"type-product","3":"status-publish","4":"has-post-thumbnail","6":"product_cat-boviken","7":"product_tag-1-plan-loft","8":"product_tag-klassiskt-hus","9":"husstil-klassiska-hus","10":"hustyp-komplementbyggnad","12":"first","13":"instock","14":"shipping-taxable","15":"product-type-simple"},"yoast_head":"<!-- This site is optimized with the Yoast SEO plugin v27.5 - https:\/\/yoast.com\/product\/yoast-seo-wordpress\/ -->\n<title>Boviken 30 loft - J\u00f6rntr\u00e4hus<\/title>\n<meta name=\"robots\" content=\"index, follow, max-snippet:-1, max-image-preview:large, max-video-preview:-1\" \/>\n<link rel=\"canonical\" href=\"https:\/\/jorntrahus.se\/fi\/talomalli\/boviken-30-parvi\/\" \/>\n<meta property=\"og:locale\" content=\"fi_FI\" \/>\n<meta property=\"og:type\" content=\"article\" \/>\n<meta property=\"og:title\" content=\"Boviken 30 loft - J\u00f6rntr\u00e4hus\" \/>\n<meta property=\"og:description\" content=\"Klassiskt utf\u00f6rande p\u00e5 ett charmigt 30 m\u00b2 stort litet hus. En komplementbostad som kan nyttjas som extra boende likv\u00e4l som ett frist\u00e5ende fritidshus. Ett kombinerat k\u00f6k och allrum blir den naturliga samlingsplatsen f\u00f6r aktiviteter.  Den fulla takh\u00f6jden omg\u00e4rdat med flertalet f\u00f6nster \u00f6kar k\u00e4nslan av rymd och ljus. Loftv\u00e5ning med utrymme f\u00f6r sovplatser bidrar till b\u00e5de trivsel och f\u00f6rh\u00f6jd nyttjandegrad.\" \/>\n<meta property=\"og:url\" content=\"https:\/\/jorntrahus.se\/fi\/talomalli\/boviken-30-parvi\/\" \/>\n<meta property=\"og:site_name\" content=\"J\u00f6rntr\u00e4hus\" \/>\n<meta property=\"article:modified_time\" content=\"2022-10-27T12:47:17+00:00\" \/>\n<meta property=\"og:image\" content=\"https:\/\/jorntrahus.se\/wp-content\/uploads\/2021\/01\/Boviken-30-loft-Deluxe-Fritidshus-Bolundare-Byggsats-Hus-fran-Jorntrahus-scaled.jpg\" \/>\n\t<meta property=\"og:image:width\" content=\"2560\" \/>\n\t<meta property=\"og:image:height\" content=\"1702\" \/>\n\t<meta property=\"og:image:type\" content=\"image\/jpeg\" \/>\n<meta name=\"twitter:card\" content=\"summary_large_image\" \/>\n<script type=\"application\/ld+json\" class=\"yoast-schema-graph\">{\"@context\":\"https:\\\/\\\/schema.org\",\"@graph\":[{\"@type\":\"WebPage\",\"@id\":\"https:\\\/\\\/jorntrahus.se\\\/husmodell\\\/boviken-30-loft\\\/\",\"url\":\"https:\\\/\\\/jorntrahus.se\\\/husmodell\\\/boviken-30-loft\\\/\",\"name\":\"Boviken 30 loft - J\u00f6rntr\u00e4hus\",\"isPartOf\":{\"@id\":\"https:\\\/\\\/jorntrahus.se\\\/#website\"},\"primaryImageOfPage\":{\"@id\":\"https:\\\/\\\/jorntrahus.se\\\/husmodell\\\/boviken-30-loft\\\/#primaryimage\"},\"image\":{\"@id\":\"https:\\\/\\\/jorntrahus.se\\\/husmodell\\\/boviken-30-loft\\\/#primaryimage\"},\"thumbnailUrl\":\"https:\\\/\\\/jorntrahus.se\\\/wp-content\\\/uploads\\\/2021\\\/01\\\/Boviken-30-loft-Deluxe-Fritidshus-Bolundare-Byggsats-Hus-fran-Jorntrahus-scaled.jpg\",\"datePublished\":\"2021-01-14T13:51:14+00:00\",\"dateModified\":\"2022-10-27T12:47:17+00:00\",\"breadcrumb\":{\"@id\":\"https:\\\/\\\/jorntrahus.se\\\/husmodell\\\/boviken-30-loft\\\/#breadcrumb\"},\"inLanguage\":\"fi\",\"potentialAction\":[{\"@type\":\"ReadAction\",\"target\":[\"https:\\\/\\\/jorntrahus.se\\\/husmodell\\\/boviken-30-loft\\\/\"]}]},{\"@type\":\"ImageObject\",\"inLanguage\":\"fi\",\"@id\":\"https:\\\/\\\/jorntrahus.se\\\/husmodell\\\/boviken-30-loft\\\/#primaryimage\",\"url\":\"https:\\\/\\\/jorntrahus.se\\\/wp-content\\\/uploads\\\/2021\\\/01\\\/Boviken-30-loft-Deluxe-Fritidshus-Bolundare-Byggsats-Hus-fran-Jorntrahus-scaled.jpg\",\"contentUrl\":\"https:\\\/\\\/jorntrahus.se\\\/wp-content\\\/uploads\\\/2021\\\/01\\\/Boviken-30-loft-Deluxe-Fritidshus-Bolundare-Byggsats-Hus-fran-Jorntrahus-scaled.jpg\",\"width\":2560,\"height\":1702,\"caption\":\"Boviken 30 loft Deluxe Fritidshus Bolundare Byggsats Hus fran Jorntrahus\"},{\"@type\":\"BreadcrumbList\",\"@id\":\"https:\\\/\\\/jorntrahus.se\\\/husmodell\\\/boviken-30-loft\\\/#breadcrumb\",\"itemListElement\":[{\"@type\":\"ListItem\",\"position\":1,\"name\":\"Hem\",\"item\":\"https:\\\/\\\/jorntrahus.se\\\/\"},{\"@type\":\"ListItem\",\"position\":2,\"name\":\"V\u00e5ra hus\",\"item\":\"https:\\\/\\\/jorntrahus.se\\\/husen\\\/\"},{\"@type\":\"ListItem\",\"position\":3,\"name\":\"Boviken 30 loft\"}]},{\"@type\":\"WebSite\",\"@id\":\"https:\\\/\\\/jorntrahus.se\\\/#website\",\"url\":\"https:\\\/\\\/jorntrahus.se\\\/\",\"name\":\"J\u00f6rntr\u00e4hus\",\"description\":\"Hus f\u00f6r den medvetne\",\"publisher\":{\"@id\":\"https:\\\/\\\/jorntrahus.se\\\/#organization\"},\"potentialAction\":[{\"@type\":\"SearchAction\",\"target\":{\"@type\":\"EntryPoint\",\"urlTemplate\":\"https:\\\/\\\/jorntrahus.se\\\/?s={search_term_string}\"},\"query-input\":{\"@type\":\"PropertyValueSpecification\",\"valueRequired\":true,\"valueName\":\"search_term_string\"}}],\"inLanguage\":\"fi\"},{\"@type\":\"Organization\",\"@id\":\"https:\\\/\\\/jorntrahus.se\\\/#organization\",\"name\":\"J\u00f6rntr\u00e4hus\",\"url\":\"https:\\\/\\\/jorntrahus.se\\\/\",\"logo\":{\"@type\":\"ImageObject\",\"inLanguage\":\"fi\",\"@id\":\"https:\\\/\\\/jorntrahus.se\\\/#\\\/schema\\\/logo\\\/image\\\/\",\"url\":\"https:\\\/\\\/jorntrahus.se\\\/wp-content\\\/uploads\\\/2020\\\/09\\\/Jorntrahus_Grund_CMYK.eps\",\"contentUrl\":\"https:\\\/\\\/jorntrahus.se\\\/wp-content\\\/uploads\\\/2020\\\/09\\\/Jorntrahus_Grund_CMYK.eps\",\"width\":1,\"height\":1,\"caption\":\"J\u00f6rntr\u00e4hus\"},\"image\":{\"@id\":\"https:\\\/\\\/jorntrahus.se\\\/#\\\/schema\\\/logo\\\/image\\\/\"}}]}<\/script>\n<!-- \/ Yoast SEO plugin. -->","yoast_head_json":{"title":"Boviken 30 parvi - J\u00f6rntr\u00e4hus","robots":{"index":"index","follow":"follow","max-snippet":"max-snippet:-1","max-image-preview":"max-image-preview:large","max-video-preview":"max-video-preview:-1"},"canonical":"https:\/\/jorntrahus.se\/fi\/talomalli\/boviken-30-parvi\/","og_locale":"fi_FI","og_type":"article","og_title":"Boviken 30 loft - J\u00f6rntr\u00e4hus","og_description":"Klassiskt utf\u00f6rande p\u00e5 ett charmigt 30 m\u00b2 stort litet hus. En komplementbostad som kan nyttjas som extra boende likv\u00e4l som ett frist\u00e5ende fritidshus. Ett kombinerat k\u00f6k och allrum blir den naturliga samlingsplatsen f\u00f6r aktiviteter.  Den fulla takh\u00f6jden omg\u00e4rdat med flertalet f\u00f6nster \u00f6kar k\u00e4nslan av rymd och ljus. Loftv\u00e5ning med utrymme f\u00f6r sovplatser bidrar till b\u00e5de trivsel och f\u00f6rh\u00f6jd nyttjandegrad.","og_url":"https:\/\/jorntrahus.se\/fi\/talomalli\/boviken-30-parvi\/","og_site_name":"J\u00f6rntr\u00e4hus","article_modified_time":"2022-10-27T12:47:17+00:00","og_image":[{"width":2560,"height":1702,"url":"https:\/\/jorntrahus.se\/wp-content\/uploads\/2021\/01\/Boviken-30-loft-Deluxe-Fritidshus-Bolundare-Byggsats-Hus-fran-Jorntrahus-scaled.jpg","type":"image\/jpeg"}],"twitter_card":"summary_large_image","schema":{"@context":"https:\/\/schema.org","@graph":[{"@type":"WebPage","@id":"https:\/\/jorntrahus.se\/husmodell\/boviken-30-loft\/","url":"https:\/\/jorntrahus.se\/husmodell\/boviken-30-loft\/","name":"Boviken 30 parvi - J\u00f6rntr\u00e4hus","isPartOf":{"@id":"https:\/\/jorntrahus.se\/#website"},"primaryImageOfPage":{"@id":"https:\/\/jorntrahus.se\/husmodell\/boviken-30-loft\/#primaryimage"},"image":{"@id":"https:\/\/jorntrahus.se\/husmodell\/boviken-30-loft\/#primaryimage"},"thumbnailUrl":"https:\/\/jorntrahus.se\/wp-content\/uploads\/2021\/01\/Boviken-30-loft-Deluxe-Fritidshus-Bolundare-Byggsats-Hus-fran-Jorntrahus-scaled.jpg","datePublished":"2021-01-14T13:51:14+00:00","dateModified":"2022-10-27T12:47:17+00:00","breadcrumb":{"@id":"https:\/\/jorntrahus.se\/husmodell\/boviken-30-loft\/#breadcrumb"},"inLanguage":"fi","potentialAction":[{"@type":"ReadAction","target":["https:\/\/jorntrahus.se\/husmodell\/boviken-30-loft\/"]}]},{"@type":"ImageObject","inLanguage":"fi","@id":"https:\/\/jorntrahus.se\/husmodell\/boviken-30-loft\/#primaryimage","url":"https:\/\/jorntrahus.se\/wp-content\/uploads\/2021\/01\/Boviken-30-loft-Deluxe-Fritidshus-Bolundare-Byggsats-Hus-fran-Jorntrahus-scaled.jpg","contentUrl":"https:\/\/jorntrahus.se\/wp-content\/uploads\/2021\/01\/Boviken-30-loft-Deluxe-Fritidshus-Bolundare-Byggsats-Hus-fran-Jorntrahus-scaled.jpg","width":2560,"height":1702,"caption":"Boviken 30 loft Deluxe Fritidshus Bolundare Byggsats Hus fran Jorntrahus"},{"@type":"BreadcrumbList","@id":"https:\/\/jorntrahus.se\/husmodell\/boviken-30-loft\/#breadcrumb","itemListElement":[{"@type":"ListItem","position":1,"name":"Hem","item":"https:\/\/jorntrahus.se\/"},{"@type":"ListItem","position":2,"name":"V\u00e5ra hus","item":"https:\/\/jorntrahus.se\/husen\/"},{"@type":"ListItem","position":3,"name":"Boviken 30 loft"}]},{"@type":"WebSite","@id":"https:\/\/jorntrahus.se\/#website","url":"https:\/\/jorntrahus.se\/","name":"J\u00f6rntr\u00e4hus","description":"Talot tietoisille","publisher":{"@id":"https:\/\/jorntrahus.se\/#organization"},"potentialAction":[{"@type":"SearchAction","target":{"@type":"EntryPoint","urlTemplate":"https:\/\/jorntrahus.se\/?s={search_term_string}"},"query-input":{"@type":"PropertyValueSpecification","valueRequired":true,"valueName":"search_term_string"}}],"inLanguage":"fi"},{"@type":"Organization","@id":"https:\/\/jorntrahus.se\/#organization","name":"J\u00f6rntr\u00e4hus","url":"https:\/\/jorntrahus.se\/","logo":{"@type":"ImageObject","inLanguage":"fi","@id":"https:\/\/jorntrahus.se\/#\/schema\/logo\/image\/","url":"https:\/\/jorntrahus.se\/wp-content\/uploads\/2020\/09\/Jorntrahus_Grund_CMYK.eps","contentUrl":"https:\/\/jorntrahus.se\/wp-content\/uploads\/2020\/09\/Jorntrahus_Grund_CMYK.eps","width":1,"height":1,"caption":"J\u00f6rntr\u00e4hus"},"image":{"@id":"https:\/\/jorntrahus.se\/#\/schema\/logo\/image\/"}}]}},"publishpress_future_workflow_manual_trigger":{"enabledWorkflows":[]},"_links":{"self":[{"href":"https:\/\/jorntrahus.se\/fi\/wp-json\/wp\/v2\/product\/12454","targetHints":{"allow":["GET"]}}],"collection":[{"href":"https:\/\/jorntrahus.se\/fi\/wp-json\/wp\/v2\/product"}],"about":[{"href":"https:\/\/jorntrahus.se\/fi\/wp-json\/wp\/v2\/types\/product"}],"wp:featuredmedia":[{"embeddable":true,"href":"https:\/\/jorntrahus.se\/fi\/wp-json\/wp\/v2\/media\/12404"}],"wp:attachment":[{"href":"https:\/\/jorntrahus.se\/fi\/wp-json\/wp\/v2\/media?parent=12454"}],"wp:term":[{"taxonomy":"product_brand","embeddable":true,"href":"https:\/\/jorntrahus.se\/fi\/wp-json\/wp\/v2\/product_brand?post=12454"},{"taxonomy":"product_cat","embeddable":true,"href":"https:\/\/jorntrahus.se\/fi\/wp-json\/wp\/v2\/product_cat?post=12454"},{"taxonomy":"product_tag","embeddable":true,"href":"https:\/\/jorntrahus.se\/fi\/wp-json\/wp\/v2\/product_tag?post=12454"}],"curies":[{"name":"wp","href":"https:\/\/api.w.org\/{rel}","templated":true}]}}