{"id":13399,"date":"2022-05-25T14:39:38","date_gmt":"2022-05-25T12:39:38","guid":{"rendered":"https:\/\/jorntrahus.se\/?post_type=product&#038;p=13399"},"modified":"2023-02-16T12:04:31","modified_gmt":"2023-02-16T11:04:31","slug":"itarinne-165","status":"publish","type":"product","link":"https:\/\/jorntrahus.se\/fi\/husmodell\/ostanback-165\/","title":{"rendered":"\u00d6stanb\u00e4ck 165"},"content":{"rendered":"","protected":false},"excerpt":{"rendered":"<h3>Klassinen 1-kerroksinen talo, jossa on j\u00e4nnitt\u00e4vi\u00e4 kulmia<\/h3>\n<p>\u00d6stanb\u00e4ck 165 on talo, joka sopii sek\u00e4 loma-asunnoksi ett\u00e4 asuinalueelle. Vakituisen asunnon vaatimukset t\u00e4yttyv\u00e4t t\u00e4ysin t\u00e4ss\u00e4 mallissa.<\/p>\n<p>Talossa on reilun kokoinen olohuone, joka on keskeisell\u00e4 paikalla ja keitti\u00f6n ja ruokailutilan vieress\u00e4. Ihana valo ilman k\u00e4yt\u00e4vi\u00e4 ja olohuoneen luonnollisesti samaan aikaan terassin kanssa takaa viihtyisyyden.<\/p>\n<p>Talossa on joustava ja harkittu pohjaratkaisu, joka sopii my\u00f6s suurelle perheelle.<\/p>\n<p><img loading=\"lazy\" decoding=\"async\" class=\"alignnone wp-image-13402 size-large\" title=\"Villa Loma-asunto J\u00f6rntr\u00e4hus \u00d6stanb\u00e4ck 165 sis\u00e4tilojen talopaketti\" src=\"https:\/\/jorntrahus.se\/wp-content\/uploads\/2022\/05\/Ostanback-165-interior-special-1-webb-1200x686.jpg\" alt=\"Villa Loma-asunto J\u00f6rntr\u00e4hus \u00d6stanb\u00e4ck 165 sis\u00e4tilojen talopaketti\" width=\"1020\" height=\"583\" srcset=\"https:\/\/jorntrahus.se\/wp-content\/uploads\/2022\/05\/Ostanback-165-interior-special-1-webb-1200x686.jpg 1200w, https:\/\/jorntrahus.se\/wp-content\/uploads\/2022\/05\/Ostanback-165-interior-special-1-webb-600x343.jpg 600w, https:\/\/jorntrahus.se\/wp-content\/uploads\/2022\/05\/Ostanback-165-interior-special-1-webb-768x439.jpg 768w, https:\/\/jorntrahus.se\/wp-content\/uploads\/2022\/05\/Ostanback-165-interior-special-1-webb-1536x878.jpg 1536w, https:\/\/jorntrahus.se\/wp-content\/uploads\/2022\/05\/Ostanback-165-interior-special-1-webb-2048x1170.jpg 2048w, https:\/\/jorntrahus.se\/wp-content\/uploads\/2022\/05\/Ostanback-165-interior-special-1-webb-900x514.jpg 900w\" sizes=\"auto, (max-width: 1020px) 100vw, 1020px\" \/><\/p>","protected":false},"featured_media":13401,"template":"","meta":[],"product_brand":[],"product_cat":[1402],"product_tag":[26],"class_list":{"0":"post-13399","1":"product","2":"type-product","3":"status-publish","4":"has-post-thumbnail","6":"product_cat-ostanback","7":"product_tag-003-1-plan","8":"hustyp-fritidshus","10":"first","11":"instock","12":"shipping-taxable","13":"product-type-simple"},"yoast_head":"<!-- This site is optimized with the Yoast SEO plugin v27.5 - https:\/\/yoast.com\/product\/yoast-seo-wordpress\/ -->\n<title>\u00d6stanb\u00e4ck 165 - J\u00f6rntr\u00e4hus<\/title>\n<meta name=\"robots\" content=\"index, follow, max-snippet:-1, max-image-preview:large, max-video-preview:-1\" \/>\n<link rel=\"canonical\" href=\"https:\/\/jorntrahus.se\/fi\/talomalli\/itarinne-165\/\" \/>\n<meta property=\"og:locale\" content=\"fi_FI\" \/>\n<meta property=\"og:type\" content=\"article\" \/>\n<meta property=\"og:title\" content=\"\u00d6stanb\u00e4ck 165 - J\u00f6rntr\u00e4hus\" \/>\n<meta property=\"og:description\" content=\"Ett klassiskt 1-planshus med sp\u00e4nnande vinklar \u00d6stanb\u00e4ck 165 \u00e4r huset som passar b\u00e5de p\u00e5 fritidshustomten likv\u00e4l som i villakvarteret. De krav som st\u00e4lls f\u00f6r en permanentbostad uppfylls till fullo av denna modell.  Husbyggsatsen har ett v\u00e4l tilltaget allrum som \u00e4r centralt och i anslutning till k\u00f6k och matplats. H\u00e4rliga ljusinsl\u00e4pp utan korridorer och med allrummet som naturligt sammanfaller med uteplatsen borgar f\u00f6r trivsel.  Huset har en flexibel och v\u00e4l genomt\u00e4nkt planl\u00f6sning som \u00e4ven passar den stora familjen.\" \/>\n<meta property=\"og:url\" content=\"https:\/\/jorntrahus.se\/fi\/talomalli\/itarinne-165\/\" \/>\n<meta property=\"og:site_name\" content=\"J\u00f6rntr\u00e4hus\" \/>\n<meta property=\"article:modified_time\" content=\"2023-02-16T11:04:31+00:00\" \/>\n<meta property=\"og:image\" content=\"https:\/\/jorntrahus.se\/wp-content\/uploads\/2022\/05\/Ostanback-165-exterior-special-1-webb-scaled.jpg\" \/>\n\t<meta property=\"og:image:width\" content=\"2560\" \/>\n\t<meta property=\"og:image:height\" content=\"1463\" \/>\n\t<meta property=\"og:image:type\" content=\"image\/jpeg\" \/>\n<meta name=\"twitter:card\" content=\"summary_large_image\" \/>\n<script type=\"application\/ld+json\" class=\"yoast-schema-graph\">{\"@context\":\"https:\\\/\\\/schema.org\",\"@graph\":[{\"@type\":\"WebPage\",\"@id\":\"https:\\\/\\\/jorntrahus.se\\\/husmodell\\\/ostanback-165\\\/\",\"url\":\"https:\\\/\\\/jorntrahus.se\\\/husmodell\\\/ostanback-165\\\/\",\"name\":\"\u00d6stanb\u00e4ck 165 - J\u00f6rntr\u00e4hus\",\"isPartOf\":{\"@id\":\"https:\\\/\\\/jorntrahus.se\\\/#website\"},\"primaryImageOfPage\":{\"@id\":\"https:\\\/\\\/jorntrahus.se\\\/husmodell\\\/ostanback-165\\\/#primaryimage\"},\"image\":{\"@id\":\"https:\\\/\\\/jorntrahus.se\\\/husmodell\\\/ostanback-165\\\/#primaryimage\"},\"thumbnailUrl\":\"https:\\\/\\\/jorntrahus.se\\\/wp-content\\\/uploads\\\/2022\\\/05\\\/Ostanback-165-exterior-special-1-webb-scaled.jpg\",\"datePublished\":\"2022-05-25T12:39:38+00:00\",\"dateModified\":\"2023-02-16T11:04:31+00:00\",\"breadcrumb\":{\"@id\":\"https:\\\/\\\/jorntrahus.se\\\/husmodell\\\/ostanback-165\\\/#breadcrumb\"},\"inLanguage\":\"fi\",\"potentialAction\":[{\"@type\":\"ReadAction\",\"target\":[\"https:\\\/\\\/jorntrahus.se\\\/husmodell\\\/ostanback-165\\\/\"]}]},{\"@type\":\"ImageObject\",\"inLanguage\":\"fi\",\"@id\":\"https:\\\/\\\/jorntrahus.se\\\/husmodell\\\/ostanback-165\\\/#primaryimage\",\"url\":\"https:\\\/\\\/jorntrahus.se\\\/wp-content\\\/uploads\\\/2022\\\/05\\\/Ostanback-165-exterior-special-1-webb-scaled.jpg\",\"contentUrl\":\"https:\\\/\\\/jorntrahus.se\\\/wp-content\\\/uploads\\\/2022\\\/05\\\/Ostanback-165-exterior-special-1-webb-scaled.jpg\",\"width\":2560,\"height\":1463,\"caption\":\"Ostanback 165 exterior special 1 webb\"},{\"@type\":\"BreadcrumbList\",\"@id\":\"https:\\\/\\\/jorntrahus.se\\\/husmodell\\\/ostanback-165\\\/#breadcrumb\",\"itemListElement\":[{\"@type\":\"ListItem\",\"position\":1,\"name\":\"Hem\",\"item\":\"https:\\\/\\\/jorntrahus.se\\\/\"},{\"@type\":\"ListItem\",\"position\":2,\"name\":\"V\u00e5ra hus\",\"item\":\"https:\\\/\\\/jorntrahus.se\\\/husen\\\/\"},{\"@type\":\"ListItem\",\"position\":3,\"name\":\"\u00d6stanb\u00e4ck 165\"}]},{\"@type\":\"WebSite\",\"@id\":\"https:\\\/\\\/jorntrahus.se\\\/#website\",\"url\":\"https:\\\/\\\/jorntrahus.se\\\/\",\"name\":\"J\u00f6rntr\u00e4hus\",\"description\":\"Hus f\u00f6r den medvetne\",\"publisher\":{\"@id\":\"https:\\\/\\\/jorntrahus.se\\\/#organization\"},\"potentialAction\":[{\"@type\":\"SearchAction\",\"target\":{\"@type\":\"EntryPoint\",\"urlTemplate\":\"https:\\\/\\\/jorntrahus.se\\\/?s={search_term_string}\"},\"query-input\":{\"@type\":\"PropertyValueSpecification\",\"valueRequired\":true,\"valueName\":\"search_term_string\"}}],\"inLanguage\":\"fi\"},{\"@type\":\"Organization\",\"@id\":\"https:\\\/\\\/jorntrahus.se\\\/#organization\",\"name\":\"J\u00f6rntr\u00e4hus\",\"url\":\"https:\\\/\\\/jorntrahus.se\\\/\",\"logo\":{\"@type\":\"ImageObject\",\"inLanguage\":\"fi\",\"@id\":\"https:\\\/\\\/jorntrahus.se\\\/#\\\/schema\\\/logo\\\/image\\\/\",\"url\":\"https:\\\/\\\/jorntrahus.se\\\/wp-content\\\/uploads\\\/2020\\\/09\\\/Jorntrahus_Grund_CMYK.eps\",\"contentUrl\":\"https:\\\/\\\/jorntrahus.se\\\/wp-content\\\/uploads\\\/2020\\\/09\\\/Jorntrahus_Grund_CMYK.eps\",\"width\":1,\"height\":1,\"caption\":\"J\u00f6rntr\u00e4hus\"},\"image\":{\"@id\":\"https:\\\/\\\/jorntrahus.se\\\/#\\\/schema\\\/logo\\\/image\\\/\"}}]}<\/script>\n<!-- \/ Yoast SEO plugin. -->","yoast_head_json":{"title":"\u00d6stanb\u00e4ck 165 - J\u00f6rntr\u00e4hus","robots":{"index":"index","follow":"follow","max-snippet":"max-snippet:-1","max-image-preview":"max-image-preview:large","max-video-preview":"max-video-preview:-1"},"canonical":"https:\/\/jorntrahus.se\/fi\/talomalli\/itarinne-165\/","og_locale":"fi_FI","og_type":"article","og_title":"\u00d6stanb\u00e4ck 165 - J\u00f6rntr\u00e4hus","og_description":"Ett klassiskt 1-planshus med sp\u00e4nnande vinklar \u00d6stanb\u00e4ck 165 \u00e4r huset som passar b\u00e5de p\u00e5 fritidshustomten likv\u00e4l som i villakvarteret. De krav som st\u00e4lls f\u00f6r en permanentbostad uppfylls till fullo av denna modell.  Husbyggsatsen har ett v\u00e4l tilltaget allrum som \u00e4r centralt och i anslutning till k\u00f6k och matplats. H\u00e4rliga ljusinsl\u00e4pp utan korridorer och med allrummet som naturligt sammanfaller med uteplatsen borgar f\u00f6r trivsel.  Huset har en flexibel och v\u00e4l genomt\u00e4nkt planl\u00f6sning som \u00e4ven passar den stora familjen.","og_url":"https:\/\/jorntrahus.se\/fi\/talomalli\/itarinne-165\/","og_site_name":"J\u00f6rntr\u00e4hus","article_modified_time":"2023-02-16T11:04:31+00:00","og_image":[{"width":2560,"height":1463,"url":"https:\/\/jorntrahus.se\/wp-content\/uploads\/2022\/05\/Ostanback-165-exterior-special-1-webb-scaled.jpg","type":"image\/jpeg"}],"twitter_card":"summary_large_image","schema":{"@context":"https:\/\/schema.org","@graph":[{"@type":"WebPage","@id":"https:\/\/jorntrahus.se\/husmodell\/ostanback-165\/","url":"https:\/\/jorntrahus.se\/husmodell\/ostanback-165\/","name":"\u00d6stanb\u00e4ck 165 - J\u00f6rntr\u00e4hus","isPartOf":{"@id":"https:\/\/jorntrahus.se\/#website"},"primaryImageOfPage":{"@id":"https:\/\/jorntrahus.se\/husmodell\/ostanback-165\/#primaryimage"},"image":{"@id":"https:\/\/jorntrahus.se\/husmodell\/ostanback-165\/#primaryimage"},"thumbnailUrl":"https:\/\/jorntrahus.se\/wp-content\/uploads\/2022\/05\/Ostanback-165-exterior-special-1-webb-scaled.jpg","datePublished":"2022-05-25T12:39:38+00:00","dateModified":"2023-02-16T11:04:31+00:00","breadcrumb":{"@id":"https:\/\/jorntrahus.se\/husmodell\/ostanback-165\/#breadcrumb"},"inLanguage":"fi","potentialAction":[{"@type":"ReadAction","target":["https:\/\/jorntrahus.se\/husmodell\/ostanback-165\/"]}]},{"@type":"ImageObject","inLanguage":"fi","@id":"https:\/\/jorntrahus.se\/husmodell\/ostanback-165\/#primaryimage","url":"https:\/\/jorntrahus.se\/wp-content\/uploads\/2022\/05\/Ostanback-165-exterior-special-1-webb-scaled.jpg","contentUrl":"https:\/\/jorntrahus.se\/wp-content\/uploads\/2022\/05\/Ostanback-165-exterior-special-1-webb-scaled.jpg","width":2560,"height":1463,"caption":"Ostanback 165 exterior special 1 webb"},{"@type":"BreadcrumbList","@id":"https:\/\/jorntrahus.se\/husmodell\/ostanback-165\/#breadcrumb","itemListElement":[{"@type":"ListItem","position":1,"name":"Hem","item":"https:\/\/jorntrahus.se\/"},{"@type":"ListItem","position":2,"name":"V\u00e5ra hus","item":"https:\/\/jorntrahus.se\/husen\/"},{"@type":"ListItem","position":3,"name":"\u00d6stanb\u00e4ck 165"}]},{"@type":"WebSite","@id":"https:\/\/jorntrahus.se\/#website","url":"https:\/\/jorntrahus.se\/","name":"J\u00f6rntr\u00e4hus","description":"Talot tietoisille","publisher":{"@id":"https:\/\/jorntrahus.se\/#organization"},"potentialAction":[{"@type":"SearchAction","target":{"@type":"EntryPoint","urlTemplate":"https:\/\/jorntrahus.se\/?s={search_term_string}"},"query-input":{"@type":"PropertyValueSpecification","valueRequired":true,"valueName":"search_term_string"}}],"inLanguage":"fi"},{"@type":"Organization","@id":"https:\/\/jorntrahus.se\/#organization","name":"J\u00f6rntr\u00e4hus","url":"https:\/\/jorntrahus.se\/","logo":{"@type":"ImageObject","inLanguage":"fi","@id":"https:\/\/jorntrahus.se\/#\/schema\/logo\/image\/","url":"https:\/\/jorntrahus.se\/wp-content\/uploads\/2020\/09\/Jorntrahus_Grund_CMYK.eps","contentUrl":"https:\/\/jorntrahus.se\/wp-content\/uploads\/2020\/09\/Jorntrahus_Grund_CMYK.eps","width":1,"height":1,"caption":"J\u00f6rntr\u00e4hus"},"image":{"@id":"https:\/\/jorntrahus.se\/#\/schema\/logo\/image\/"}}]}},"publishpress_future_workflow_manual_trigger":{"enabledWorkflows":[]},"_links":{"self":[{"href":"https:\/\/jorntrahus.se\/fi\/wp-json\/wp\/v2\/product\/13399","targetHints":{"allow":["GET"]}}],"collection":[{"href":"https:\/\/jorntrahus.se\/fi\/wp-json\/wp\/v2\/product"}],"about":[{"href":"https:\/\/jorntrahus.se\/fi\/wp-json\/wp\/v2\/types\/product"}],"wp:featuredmedia":[{"embeddable":true,"href":"https:\/\/jorntrahus.se\/fi\/wp-json\/wp\/v2\/media\/13401"}],"wp:attachment":[{"href":"https:\/\/jorntrahus.se\/fi\/wp-json\/wp\/v2\/media?parent=13399"}],"wp:term":[{"taxonomy":"product_brand","embeddable":true,"href":"https:\/\/jorntrahus.se\/fi\/wp-json\/wp\/v2\/product_brand?post=13399"},{"taxonomy":"product_cat","embeddable":true,"href":"https:\/\/jorntrahus.se\/fi\/wp-json\/wp\/v2\/product_cat?post=13399"},{"taxonomy":"product_tag","embeddable":true,"href":"https:\/\/jorntrahus.se\/fi\/wp-json\/wp\/v2\/product_tag?post=13399"}],"curies":[{"name":"wp","href":"https:\/\/api.w.org\/{rel}","templated":true}]}}