{"id":14426,"date":"2022-12-16T14:01:15","date_gmt":"2022-12-16T13:01:15","guid":{"rendered":"https:\/\/jorntrahus.se\/?post_type=product&#038;p=14426"},"modified":"2025-03-28T08:54:33","modified_gmt":"2025-03-28T07:54:33","slug":"burvik-120-kattokulma","status":"publish","type":"product","link":"https:\/\/jorntrahus.se\/fi\/husmodell\/burvik-120-enkelloft\/","title":{"rendered":"Burvik 120 nilkkakatto"},"content":{"rendered":"","protected":false},"excerpt":{"rendered":"<div class=\"\">\n<div class=\"WordSection1\">\n<h3>Vaatimaton ja minimalistinen ulkokuori, jossa on yll\u00e4tt\u00e4v\u00e4 ja ilmava pohjaratkaisu.<\/h3>\n<\/div>\n<\/div>\n<div class=\"\">\n<div class=\"WordSection1\">\n<p>Burvikin mallitalossa sinua tervehtii avara kattokorkeus ja viihtyis\u00e4 tilan tuntu.<\/p>\n<p>Suuria oleskelutiloja ymp\u00e4r\u00f6iv\u00e4t ikkunat, ja niiss\u00e4 on tilaa monille vieraille. Keitti\u00f6saarekkeesta tulee luonnollisesti talon keskeinen osa, jonka ymp\u00e4rill\u00e4 perhe ja yst\u00e4v\u00e4t voivat seurustella.<\/p>\n<\/div>\n<\/div>\n<div class=\"\">\n<div class=\"WordSection1\">\n<p>Hyvien s\u00e4ilytystilojen lis\u00e4ksi Burvikissa on kolme makuuhuonetta ja lis\u00e4\u00e4 nukkumatilaa parvella.<\/p>\n<\/div>\n<\/div>","protected":false},"featured_media":14442,"template":"","meta":[],"product_brand":[],"product_cat":[1456],"product_tag":[],"class_list":{"0":"post-14426","1":"product","2":"type-product","3":"status-publish","4":"has-post-thumbnail","6":"product_cat-burvik","7":"hustyp-fritidshus","9":"first","10":"instock","11":"shipping-taxable","12":"product-type-simple"},"yoast_head":"<!-- This site is optimized with the Yoast SEO plugin v27.5 - https:\/\/yoast.com\/product\/yoast-seo-wordpress\/ -->\n<title>Burvik 120 enkelloft - J\u00f6rntr\u00e4hus<\/title>\n<meta name=\"robots\" content=\"index, follow, max-snippet:-1, max-image-preview:large, max-video-preview:-1\" \/>\n<link rel=\"canonical\" href=\"https:\/\/jorntrahus.se\/fi\/talomalli\/burvik-120-kattokulma\/\" \/>\n<meta property=\"og:locale\" content=\"fi_FI\" \/>\n<meta property=\"og:type\" content=\"article\" \/>\n<meta property=\"og:title\" content=\"Burvik 120 enkelloft - J\u00f6rntr\u00e4hus\" \/>\n<meta property=\"og:description\" content=\"Sparsmakad och minimalistisk exteri\u00f6r med \u00f6verraskande och luftig planl\u00f6sning      I husmodellen Burvik m\u00f6ts du av en gener\u00f6s takh\u00f6jd och en v\u00e4lkomnande k\u00e4nsla av rymd.  De stora samvaroytorna omges av f\u00f6nsterpartier och ger plats f\u00f6r m\u00e5nga g\u00e4ster. K\u00f6ks\u00f6n blir naturligt en central del av huset f\u00f6r familj och v\u00e4nner att umg\u00e5s kring.       F\u00f6rutom goda f\u00f6rvaringsm\u00f6jligheter erbjuder Burvik tre sovrum med ytterligare sovplatser p\u00e5 loftet.\" \/>\n<meta property=\"og:url\" content=\"https:\/\/jorntrahus.se\/fi\/talomalli\/burvik-120-kattokulma\/\" \/>\n<meta property=\"og:site_name\" content=\"J\u00f6rntr\u00e4hus\" \/>\n<meta property=\"article:modified_time\" content=\"2025-03-28T07:54:33+00:00\" \/>\n<meta property=\"og:image\" content=\"https:\/\/jorntrahus.se\/wp-content\/uploads\/2022\/12\/Fritidshus-Trahus-Byggsats-Hus-Virke-Tra-Burvik-120-Sommarstuga-Byggsats-Hus-fran-Jorntrahus-webb-ver2-scaled.jpg\" \/>\n\t<meta property=\"og:image:width\" content=\"2560\" \/>\n\t<meta property=\"og:image:height\" content=\"1706\" \/>\n\t<meta property=\"og:image:type\" content=\"image\/jpeg\" \/>\n<meta name=\"twitter:card\" content=\"summary_large_image\" \/>\n<script type=\"application\/ld+json\" class=\"yoast-schema-graph\">{\"@context\":\"https:\\\/\\\/schema.org\",\"@graph\":[{\"@type\":\"WebPage\",\"@id\":\"https:\\\/\\\/jorntrahus.se\\\/husmodell\\\/burvik-120-enkelloft\\\/\",\"url\":\"https:\\\/\\\/jorntrahus.se\\\/husmodell\\\/burvik-120-enkelloft\\\/\",\"name\":\"Burvik 120 enkelloft - J\u00f6rntr\u00e4hus\",\"isPartOf\":{\"@id\":\"https:\\\/\\\/jorntrahus.se\\\/#website\"},\"primaryImageOfPage\":{\"@id\":\"https:\\\/\\\/jorntrahus.se\\\/husmodell\\\/burvik-120-enkelloft\\\/#primaryimage\"},\"image\":{\"@id\":\"https:\\\/\\\/jorntrahus.se\\\/husmodell\\\/burvik-120-enkelloft\\\/#primaryimage\"},\"thumbnailUrl\":\"https:\\\/\\\/jorntrahus.se\\\/wp-content\\\/uploads\\\/2022\\\/12\\\/Fritidshus-Trahus-Byggsats-Hus-Virke-Tra-Burvik-120-Sommarstuga-Byggsats-Hus-fran-Jorntrahus-webb-ver2-scaled.jpg\",\"datePublished\":\"2022-12-16T13:01:15+00:00\",\"dateModified\":\"2025-03-28T07:54:33+00:00\",\"breadcrumb\":{\"@id\":\"https:\\\/\\\/jorntrahus.se\\\/husmodell\\\/burvik-120-enkelloft\\\/#breadcrumb\"},\"inLanguage\":\"fi\",\"potentialAction\":[{\"@type\":\"ReadAction\",\"target\":[\"https:\\\/\\\/jorntrahus.se\\\/husmodell\\\/burvik-120-enkelloft\\\/\"]}]},{\"@type\":\"ImageObject\",\"inLanguage\":\"fi\",\"@id\":\"https:\\\/\\\/jorntrahus.se\\\/husmodell\\\/burvik-120-enkelloft\\\/#primaryimage\",\"url\":\"https:\\\/\\\/jorntrahus.se\\\/wp-content\\\/uploads\\\/2022\\\/12\\\/Fritidshus-Trahus-Byggsats-Hus-Virke-Tra-Burvik-120-Sommarstuga-Byggsats-Hus-fran-Jorntrahus-webb-ver2-scaled.jpg\",\"contentUrl\":\"https:\\\/\\\/jorntrahus.se\\\/wp-content\\\/uploads\\\/2022\\\/12\\\/Fritidshus-Trahus-Byggsats-Hus-Virke-Tra-Burvik-120-Sommarstuga-Byggsats-Hus-fran-Jorntrahus-webb-ver2-scaled.jpg\",\"width\":2560,\"height\":1706,\"caption\":\"Fritidshus Trahus Byggsats Hus Virke Tra Burvik 120 Sommarstuga Byggsats Hus fran Jorntrahus webb ver2\"},{\"@type\":\"BreadcrumbList\",\"@id\":\"https:\\\/\\\/jorntrahus.se\\\/husmodell\\\/burvik-120-enkelloft\\\/#breadcrumb\",\"itemListElement\":[{\"@type\":\"ListItem\",\"position\":1,\"name\":\"Hem\",\"item\":\"https:\\\/\\\/jorntrahus.se\\\/\"},{\"@type\":\"ListItem\",\"position\":2,\"name\":\"V\u00e5ra hus\",\"item\":\"https:\\\/\\\/jorntrahus.se\\\/husen\\\/\"},{\"@type\":\"ListItem\",\"position\":3,\"name\":\"Burvik 120 enkelloft\"}]},{\"@type\":\"WebSite\",\"@id\":\"https:\\\/\\\/jorntrahus.se\\\/#website\",\"url\":\"https:\\\/\\\/jorntrahus.se\\\/\",\"name\":\"J\u00f6rntr\u00e4hus\",\"description\":\"Hus f\u00f6r den medvetne\",\"publisher\":{\"@id\":\"https:\\\/\\\/jorntrahus.se\\\/#organization\"},\"potentialAction\":[{\"@type\":\"SearchAction\",\"target\":{\"@type\":\"EntryPoint\",\"urlTemplate\":\"https:\\\/\\\/jorntrahus.se\\\/?s={search_term_string}\"},\"query-input\":{\"@type\":\"PropertyValueSpecification\",\"valueRequired\":true,\"valueName\":\"search_term_string\"}}],\"inLanguage\":\"fi\"},{\"@type\":\"Organization\",\"@id\":\"https:\\\/\\\/jorntrahus.se\\\/#organization\",\"name\":\"J\u00f6rntr\u00e4hus\",\"url\":\"https:\\\/\\\/jorntrahus.se\\\/\",\"logo\":{\"@type\":\"ImageObject\",\"inLanguage\":\"fi\",\"@id\":\"https:\\\/\\\/jorntrahus.se\\\/#\\\/schema\\\/logo\\\/image\\\/\",\"url\":\"https:\\\/\\\/jorntrahus.se\\\/wp-content\\\/uploads\\\/2020\\\/09\\\/Jorntrahus_Grund_CMYK.eps\",\"contentUrl\":\"https:\\\/\\\/jorntrahus.se\\\/wp-content\\\/uploads\\\/2020\\\/09\\\/Jorntrahus_Grund_CMYK.eps\",\"width\":1,\"height\":1,\"caption\":\"J\u00f6rntr\u00e4hus\"},\"image\":{\"@id\":\"https:\\\/\\\/jorntrahus.se\\\/#\\\/schema\\\/logo\\\/image\\\/\"}}]}<\/script>\n<!-- \/ Yoast SEO plugin. -->","yoast_head_json":{"title":"Burvik 120 yhden hengen parvi - J\u00f6rntr\u00e4hus","robots":{"index":"index","follow":"follow","max-snippet":"max-snippet:-1","max-image-preview":"max-image-preview:large","max-video-preview":"max-video-preview:-1"},"canonical":"https:\/\/jorntrahus.se\/fi\/talomalli\/burvik-120-kattokulma\/","og_locale":"fi_FI","og_type":"article","og_title":"Burvik 120 enkelloft - J\u00f6rntr\u00e4hus","og_description":"Sparsmakad och minimalistisk exteri\u00f6r med \u00f6verraskande och luftig planl\u00f6sning      I husmodellen Burvik m\u00f6ts du av en gener\u00f6s takh\u00f6jd och en v\u00e4lkomnande k\u00e4nsla av rymd.  De stora samvaroytorna omges av f\u00f6nsterpartier och ger plats f\u00f6r m\u00e5nga g\u00e4ster. K\u00f6ks\u00f6n blir naturligt en central del av huset f\u00f6r familj och v\u00e4nner att umg\u00e5s kring.       F\u00f6rutom goda f\u00f6rvaringsm\u00f6jligheter erbjuder Burvik tre sovrum med ytterligare sovplatser p\u00e5 loftet.","og_url":"https:\/\/jorntrahus.se\/fi\/talomalli\/burvik-120-kattokulma\/","og_site_name":"J\u00f6rntr\u00e4hus","article_modified_time":"2025-03-28T07:54:33+00:00","og_image":[{"width":2560,"height":1706,"url":"https:\/\/jorntrahus.se\/wp-content\/uploads\/2022\/12\/Fritidshus-Trahus-Byggsats-Hus-Virke-Tra-Burvik-120-Sommarstuga-Byggsats-Hus-fran-Jorntrahus-webb-ver2-scaled.jpg","type":"image\/jpeg"}],"twitter_card":"summary_large_image","schema":{"@context":"https:\/\/schema.org","@graph":[{"@type":"WebPage","@id":"https:\/\/jorntrahus.se\/husmodell\/burvik-120-enkelloft\/","url":"https:\/\/jorntrahus.se\/husmodell\/burvik-120-enkelloft\/","name":"Burvik 120 yhden hengen parvi - J\u00f6rntr\u00e4hus","isPartOf":{"@id":"https:\/\/jorntrahus.se\/#website"},"primaryImageOfPage":{"@id":"https:\/\/jorntrahus.se\/husmodell\/burvik-120-enkelloft\/#primaryimage"},"image":{"@id":"https:\/\/jorntrahus.se\/husmodell\/burvik-120-enkelloft\/#primaryimage"},"thumbnailUrl":"https:\/\/jorntrahus.se\/wp-content\/uploads\/2022\/12\/Fritidshus-Trahus-Byggsats-Hus-Virke-Tra-Burvik-120-Sommarstuga-Byggsats-Hus-fran-Jorntrahus-webb-ver2-scaled.jpg","datePublished":"2022-12-16T13:01:15+00:00","dateModified":"2025-03-28T07:54:33+00:00","breadcrumb":{"@id":"https:\/\/jorntrahus.se\/husmodell\/burvik-120-enkelloft\/#breadcrumb"},"inLanguage":"fi","potentialAction":[{"@type":"ReadAction","target":["https:\/\/jorntrahus.se\/husmodell\/burvik-120-enkelloft\/"]}]},{"@type":"ImageObject","inLanguage":"fi","@id":"https:\/\/jorntrahus.se\/husmodell\/burvik-120-enkelloft\/#primaryimage","url":"https:\/\/jorntrahus.se\/wp-content\/uploads\/2022\/12\/Fritidshus-Trahus-Byggsats-Hus-Virke-Tra-Burvik-120-Sommarstuga-Byggsats-Hus-fran-Jorntrahus-webb-ver2-scaled.jpg","contentUrl":"https:\/\/jorntrahus.se\/wp-content\/uploads\/2022\/12\/Fritidshus-Trahus-Byggsats-Hus-Virke-Tra-Burvik-120-Sommarstuga-Byggsats-Hus-fran-Jorntrahus-webb-ver2-scaled.jpg","width":2560,"height":1706,"caption":"Fritidshus Trahus Byggsats Hus Virke Tra Burvik 120 Sommarstuga Byggsats Hus fran Jorntrahus webb ver2"},{"@type":"BreadcrumbList","@id":"https:\/\/jorntrahus.se\/husmodell\/burvik-120-enkelloft\/#breadcrumb","itemListElement":[{"@type":"ListItem","position":1,"name":"Hem","item":"https:\/\/jorntrahus.se\/"},{"@type":"ListItem","position":2,"name":"V\u00e5ra hus","item":"https:\/\/jorntrahus.se\/husen\/"},{"@type":"ListItem","position":3,"name":"Burvik 120 enkelloft"}]},{"@type":"WebSite","@id":"https:\/\/jorntrahus.se\/#website","url":"https:\/\/jorntrahus.se\/","name":"J\u00f6rntr\u00e4hus","description":"Talot tietoisille","publisher":{"@id":"https:\/\/jorntrahus.se\/#organization"},"potentialAction":[{"@type":"SearchAction","target":{"@type":"EntryPoint","urlTemplate":"https:\/\/jorntrahus.se\/?s={search_term_string}"},"query-input":{"@type":"PropertyValueSpecification","valueRequired":true,"valueName":"search_term_string"}}],"inLanguage":"fi"},{"@type":"Organization","@id":"https:\/\/jorntrahus.se\/#organization","name":"J\u00f6rntr\u00e4hus","url":"https:\/\/jorntrahus.se\/","logo":{"@type":"ImageObject","inLanguage":"fi","@id":"https:\/\/jorntrahus.se\/#\/schema\/logo\/image\/","url":"https:\/\/jorntrahus.se\/wp-content\/uploads\/2020\/09\/Jorntrahus_Grund_CMYK.eps","contentUrl":"https:\/\/jorntrahus.se\/wp-content\/uploads\/2020\/09\/Jorntrahus_Grund_CMYK.eps","width":1,"height":1,"caption":"J\u00f6rntr\u00e4hus"},"image":{"@id":"https:\/\/jorntrahus.se\/#\/schema\/logo\/image\/"}}]}},"publishpress_future_workflow_manual_trigger":{"enabledWorkflows":[]},"_links":{"self":[{"href":"https:\/\/jorntrahus.se\/fi\/wp-json\/wp\/v2\/product\/14426","targetHints":{"allow":["GET"]}}],"collection":[{"href":"https:\/\/jorntrahus.se\/fi\/wp-json\/wp\/v2\/product"}],"about":[{"href":"https:\/\/jorntrahus.se\/fi\/wp-json\/wp\/v2\/types\/product"}],"wp:featuredmedia":[{"embeddable":true,"href":"https:\/\/jorntrahus.se\/fi\/wp-json\/wp\/v2\/media\/14442"}],"wp:attachment":[{"href":"https:\/\/jorntrahus.se\/fi\/wp-json\/wp\/v2\/media?parent=14426"}],"wp:term":[{"taxonomy":"product_brand","embeddable":true,"href":"https:\/\/jorntrahus.se\/fi\/wp-json\/wp\/v2\/product_brand?post=14426"},{"taxonomy":"product_cat","embeddable":true,"href":"https:\/\/jorntrahus.se\/fi\/wp-json\/wp\/v2\/product_cat?post=14426"},{"taxonomy":"product_tag","embeddable":true,"href":"https:\/\/jorntrahus.se\/fi\/wp-json\/wp\/v2\/product_tag?post=14426"}],"curies":[{"name":"wp","href":"https:\/\/api.w.org\/{rel}","templated":true}]}}