{"id":15126,"date":"2025-11-07T15:53:31","date_gmt":"2025-11-07T14:53:31","guid":{"rendered":"https:\/\/jorntrahus.se\/?post_type=product&#038;p=15126"},"modified":"2025-11-07T18:26:23","modified_gmt":"2025-11-07T17:26:23","slug":"lundbacka-139","status":"publish","type":"product","link":"https:\/\/jorntrahus.se\/fi\/husmodell\/lundbacka-139\/","title":{"rendered":"Lundbacka 139"},"content":{"rendered":"","protected":false},"excerpt":{"rendered":"<h3>Lis\u00e4\u00e4 makuuhuoneita ja lis\u00e4tilaa isommalle perheelle<\/h3>\n<p>Lundbacka on nyt saatavana suurempana - 139 m\u00b2 - mik\u00e4 tarkoittaa huomattavasti suurempaa asuintilaa aiempiin malleihin verrattuna. Uudessa versiossa on lis\u00e4makuuhuone ja wc-tilojen m\u00e4\u00e4r\u00e4 on kaksinkertaistettu, mik\u00e4 tekee talosta entist\u00e4kin toimivamman kasvaville perheille tai niille, jotka haluavat lis\u00e4\u00e4 joustavuutta pohjaratkaisuunsa.<\/p>\n<p>Lundbacka 139 on edelt\u00e4j\u00e4ns\u00e4 tavoin j\u00e4nnitt\u00e4v\u00e4 muotoilu, jossa kulmat ja avoimet tilat, erityisesti katossa, luovat ilmavan ja eloisan ilmapiirin.<\/p>\n<p>Olohuoneella ja keitti\u00f6ll\u00e4 on keskeinen ja n\u00e4kyv\u00e4 rooli eritt\u00e4in avoimen ja valoisan pohjaratkaisun kokemuksessa - t\u00e4ydellinen ruokailuun ja seurusteluun.<\/p>\n<p>Kun valoa tulee sis\u00e4\u00e4n useista eri suunnista, saat kodin, joka tuntuu avoimelta, kutsuvalta ja t\u00e4ynn\u00e4 energiaa - koti, joka todella vastaa Lundbackan luonnetta.<\/p>\n<p>Jos haluat n\u00e4hd\u00e4 360-kierroksen saman perheen pienemm\u00e4st\u00e4 mallista - Lundbacka 94 - <a href=\"https:\/\/jorntrahus.se\/rundtur\/lundbacka-p%c3%a5-l%c3%a5ngn%c3%a4sudden\/\" target=\"_blank\" rel=\"noopener\"><strong>l\u00f6yd\u00e4t sen t\u00e4\u00e4lt\u00e4 \u00bb<\/strong><\/a><\/p>\n<p><a href=\"https:\/\/jorntrahus.se\/wp-content\/uploads\/2025\/11\/Lundbacka-139-Fritidshus-Villa-Permanentboende-Byggsats-Hus-fran-Jorntrahus-interior-1-webb.jpg\"><img loading=\"lazy\" decoding=\"async\" class=\"alignnone wp-image-15122 size-large\" src=\"https:\/\/jorntrahus.se\/wp-content\/uploads\/2025\/11\/Lundbacka-139-Fritidshus-Villa-Permanentboende-Byggsats-Hus-fran-Jorntrahus-interior-1-webb-1600x1200.jpg\" alt=\"Lundbacka 139 Loma-asunto Villa Vakituinen asunto Rakennussarja Talo alkaen Jorntrahus sisustus 1 web\" width=\"1020\" height=\"765\" srcset=\"https:\/\/jorntrahus.se\/wp-content\/uploads\/2025\/11\/Lundbacka-139-Fritidshus-Villa-Permanentboende-Byggsats-Hus-fran-Jorntrahus-interior-1-webb-1600x1200.jpg 1600w, https:\/\/jorntrahus.se\/wp-content\/uploads\/2025\/11\/Lundbacka-139-Fritidshus-Villa-Permanentboende-Byggsats-Hus-fran-Jorntrahus-interior-1-webb-900x675.jpg 900w, https:\/\/jorntrahus.se\/wp-content\/uploads\/2025\/11\/Lundbacka-139-Fritidshus-Villa-Permanentboende-Byggsats-Hus-fran-Jorntrahus-interior-1-webb-768x576.jpg 768w, https:\/\/jorntrahus.se\/wp-content\/uploads\/2025\/11\/Lundbacka-139-Fritidshus-Villa-Permanentboende-Byggsats-Hus-fran-Jorntrahus-interior-1-webb-1536x1152.jpg 1536w, https:\/\/jorntrahus.se\/wp-content\/uploads\/2025\/11\/Lundbacka-139-Fritidshus-Villa-Permanentboende-Byggsats-Hus-fran-Jorntrahus-interior-1-webb-2048x1536.jpg 2048w, https:\/\/jorntrahus.se\/wp-content\/uploads\/2025\/11\/Lundbacka-139-Fritidshus-Villa-Permanentboende-Byggsats-Hus-fran-Jorntrahus-interior-1-webb-16x12.jpg 16w\" sizes=\"auto, (max-width: 1020px) 100vw, 1020px\" \/><\/a><\/p>\n<div id='gallery-1' class='gallery galleryid-15126 gallery-columns-2 gallery-size-medium'><figure class='gallery-item'>\n\t\t\t<div class='gallery-icon landscape'>\n\t\t\t\t<a title=\"Lundbacka 139 Loma-asunto Villa Vakituinen asunto Rakennussarja Talo alkaen Jorntrahus sisustus 3 web\"  href='https:\/\/jorntrahus.se\/fi\/?attachment_id=15124#main'><img width=\"900\" height=\"675\" src=\"https:\/\/jorntrahus.se\/wp-content\/uploads\/2025\/11\/Lundbacka-139-Fritidshus-Villa-Permanentboende-Byggsats-Hus-fran-Jorntrahus-interior-3-webb-900x675.jpg\" class=\"attachment-medium size-medium\" alt=\"Lundbacka 139 Loma-asunto Villa Vakituinen asunto Rakennussarja Talo alkaen Jorntrahus sisustus 3 web\" decoding=\"async\" loading=\"lazy\" srcset=\"https:\/\/jorntrahus.se\/wp-content\/uploads\/2025\/11\/Lundbacka-139-Fritidshus-Villa-Permanentboende-Byggsats-Hus-fran-Jorntrahus-interior-3-webb-900x675.jpg 900w, https:\/\/jorntrahus.se\/wp-content\/uploads\/2025\/11\/Lundbacka-139-Fritidshus-Villa-Permanentboende-Byggsats-Hus-fran-Jorntrahus-interior-3-webb-1600x1200.jpg 1600w, https:\/\/jorntrahus.se\/wp-content\/uploads\/2025\/11\/Lundbacka-139-Fritidshus-Villa-Permanentboende-Byggsats-Hus-fran-Jorntrahus-interior-3-webb-768x576.jpg 768w, https:\/\/jorntrahus.se\/wp-content\/uploads\/2025\/11\/Lundbacka-139-Fritidshus-Villa-Permanentboende-Byggsats-Hus-fran-Jorntrahus-interior-3-webb-1536x1152.jpg 1536w, https:\/\/jorntrahus.se\/wp-content\/uploads\/2025\/11\/Lundbacka-139-Fritidshus-Villa-Permanentboende-Byggsats-Hus-fran-Jorntrahus-interior-3-webb-2048x1536.jpg 2048w, https:\/\/jorntrahus.se\/wp-content\/uploads\/2025\/11\/Lundbacka-139-Fritidshus-Villa-Permanentboende-Byggsats-Hus-fran-Jorntrahus-interior-3-webb-16x12.jpg 16w\" sizes=\"auto, (max-width: 900px) 100vw, 900px\" \/><\/a>\n\t\t\t<\/div><\/figure><figure class='gallery-item'>\n\t\t\t<div class='gallery-icon landscape'>\n\t\t\t\t<a title=\"Lundbacka 139 Loma-asunto Villa Vakituinen asunto Rakennussarja Talo alkaen Jorntrahus sisustus 2 web\"  href='https:\/\/jorntrahus.se\/fi\/?attachment_id=15123#main'><img width=\"900\" height=\"675\" src=\"https:\/\/jorntrahus.se\/wp-content\/uploads\/2025\/11\/Lundbacka-139-Fritidshus-Villa-Permanentboende-Byggsats-Hus-fran-Jorntrahus-interior-2-webb-900x675.jpg\" class=\"attachment-medium size-medium\" alt=\"Lundbacka 139 Loma-asunto Villa Vakituinen asunto Rakennussarja Talo alkaen Jorntrahus sisustus 2 web\" decoding=\"async\" loading=\"lazy\" srcset=\"https:\/\/jorntrahus.se\/wp-content\/uploads\/2025\/11\/Lundbacka-139-Fritidshus-Villa-Permanentboende-Byggsats-Hus-fran-Jorntrahus-interior-2-webb-900x675.jpg 900w, https:\/\/jorntrahus.se\/wp-content\/uploads\/2025\/11\/Lundbacka-139-Fritidshus-Villa-Permanentboende-Byggsats-Hus-fran-Jorntrahus-interior-2-webb-1600x1200.jpg 1600w, https:\/\/jorntrahus.se\/wp-content\/uploads\/2025\/11\/Lundbacka-139-Fritidshus-Villa-Permanentboende-Byggsats-Hus-fran-Jorntrahus-interior-2-webb-768x576.jpg 768w, https:\/\/jorntrahus.se\/wp-content\/uploads\/2025\/11\/Lundbacka-139-Fritidshus-Villa-Permanentboende-Byggsats-Hus-fran-Jorntrahus-interior-2-webb-1536x1152.jpg 1536w, https:\/\/jorntrahus.se\/wp-content\/uploads\/2025\/11\/Lundbacka-139-Fritidshus-Villa-Permanentboende-Byggsats-Hus-fran-Jorntrahus-interior-2-webb-2048x1536.jpg 2048w, https:\/\/jorntrahus.se\/wp-content\/uploads\/2025\/11\/Lundbacka-139-Fritidshus-Villa-Permanentboende-Byggsats-Hus-fran-Jorntrahus-interior-2-webb-16x12.jpg 16w\" sizes=\"auto, (max-width: 900px) 100vw, 900px\" \/><\/a>\n\t\t\t<\/div><\/figure>\n\t\t<\/div>","protected":false},"featured_media":15121,"template":"","meta":[],"product_brand":[],"product_cat":[395],"product_tag":[26,1267],"class_list":{"0":"post-15126","1":"product","2":"type-product","3":"status-publish","4":"has-post-thumbnail","6":"product_cat-landbacke","7":"product_tag-003-1-plan","8":"product_tag-klassiskt-hus","10":"first","11":"instock","12":"featured","13":"shipping-taxable","14":"product-type-simple"},"yoast_head":"<!-- This site is optimized with the Yoast SEO plugin v27.5 - https:\/\/yoast.com\/product\/yoast-seo-wordpress\/ -->\n<title>Lundbacka 139 - J\u00f6rntr\u00e4hus<\/title>\n<meta name=\"robots\" content=\"index, follow, max-snippet:-1, max-image-preview:large, max-video-preview:-1\" \/>\n<link rel=\"canonical\" href=\"https:\/\/jorntrahus.se\/fi\/talomalli\/lundbacka-139\/\" \/>\n<meta property=\"og:locale\" content=\"fi_FI\" \/>\n<meta property=\"og:type\" content=\"article\" \/>\n<meta property=\"og:title\" content=\"Lundbacka 139 - J\u00f6rntr\u00e4hus\" \/>\n<meta property=\"og:description\" content=\"Fler sovrum och ytterligare yta f\u00f6r den st\u00f6rre familjen Lundbacka finns nu i ett st\u00f6rre format \u2013 139 m\u00b2 \u2013 vilket inneb\u00e4r en rej\u00e4lt ut\u00f6kad boyta j\u00e4mf\u00f6rt med tidigare modeller. Den nya versionen har f\u00e5tt ett extra sovrum samt att antalet wc f\u00f6rdubblats, vilket g\u00f6r huset \u00e4nnu mer funktionellt f\u00f6r exempelvis v\u00e4xande familjen eller f\u00f6r den som vill ha mer flexibilitet i sin planl\u00f6sning.  Precis som sin f\u00f6reg\u00e5ngare har Lundbacka 139 en sp\u00e4nnande design d\u00e4r vinklar och \u00f6ppna ytor, s\u00e4rskilt i taket, skapar en luftig och livfull atmosf\u00e4r.  Allrummet tillsammans med k\u00f6ket spelar en central och framskjutande roll i upplevelsen av ett ytterst \u00f6ppen och ljus planl\u00f6sning \u2013 perfekt f\u00f6r matplatsm\u00f6bler och sociala stunder.  Med ljusinsl\u00e4pp fr\u00e5n flera h\u00e5ll f\u00e5r du ett hem som k\u00e4nns \u00f6ppet, inbjudande och fyllt av energi \u2013 ett boende som verkligen lever upp till Lundbackas karakt\u00e4r.  Om man vill se en 360-rundtur av den mindre modellen i samma familj \u2013 Lundbacka 94 \u2013 s\u00e5 hittar ni den h\u00e4r \u00bb\" \/>\n<meta property=\"og:url\" content=\"https:\/\/jorntrahus.se\/fi\/talomalli\/lundbacka-139\/\" \/>\n<meta property=\"og:site_name\" content=\"J\u00f6rntr\u00e4hus\" \/>\n<meta property=\"article:modified_time\" content=\"2025-11-07T17:26:23+00:00\" \/>\n<meta property=\"og:image\" content=\"https:\/\/jorntrahus.se\/wp-content\/uploads\/2025\/11\/Lundbacka-139-Fritidshus-Villa-Permanentboende-Byggsats-Hus-fran-Jorntrahus-exterior-1-webb.jpg\" \/>\n\t<meta property=\"og:image:width\" content=\"3000\" \/>\n\t<meta property=\"og:image:height\" content=\"2000\" \/>\n\t<meta property=\"og:image:type\" content=\"image\/jpeg\" \/>\n<meta name=\"twitter:card\" content=\"summary_large_image\" \/>\n<meta name=\"twitter:label1\" content=\"Arvioitu lukuaika\" \/>\n\t<meta name=\"twitter:data1\" content=\"1 minuutti\" \/>\n<script type=\"application\/ld+json\" class=\"yoast-schema-graph\">{\"@context\":\"https:\\\/\\\/schema.org\",\"@graph\":[{\"@type\":\"WebPage\",\"@id\":\"https:\\\/\\\/jorntrahus.se\\\/husmodell\\\/lundbacka-139\\\/\",\"url\":\"https:\\\/\\\/jorntrahus.se\\\/husmodell\\\/lundbacka-139\\\/\",\"name\":\"Lundbacka 139 - J\u00f6rntr\u00e4hus\",\"isPartOf\":{\"@id\":\"https:\\\/\\\/jorntrahus.se\\\/#website\"},\"primaryImageOfPage\":{\"@id\":\"https:\\\/\\\/jorntrahus.se\\\/husmodell\\\/lundbacka-139\\\/#primaryimage\"},\"image\":{\"@id\":\"https:\\\/\\\/jorntrahus.se\\\/husmodell\\\/lundbacka-139\\\/#primaryimage\"},\"thumbnailUrl\":\"https:\\\/\\\/jorntrahus.se\\\/wp-content\\\/uploads\\\/2025\\\/11\\\/Lundbacka-139-Fritidshus-Villa-Permanentboende-Byggsats-Hus-fran-Jorntrahus-exterior-1-webb.jpg\",\"datePublished\":\"2025-11-07T14:53:31+00:00\",\"dateModified\":\"2025-11-07T17:26:23+00:00\",\"breadcrumb\":{\"@id\":\"https:\\\/\\\/jorntrahus.se\\\/husmodell\\\/lundbacka-139\\\/#breadcrumb\"},\"inLanguage\":\"fi\",\"potentialAction\":[{\"@type\":\"ReadAction\",\"target\":[\"https:\\\/\\\/jorntrahus.se\\\/husmodell\\\/lundbacka-139\\\/\"]}]},{\"@type\":\"ImageObject\",\"inLanguage\":\"fi\",\"@id\":\"https:\\\/\\\/jorntrahus.se\\\/husmodell\\\/lundbacka-139\\\/#primaryimage\",\"url\":\"https:\\\/\\\/jorntrahus.se\\\/wp-content\\\/uploads\\\/2025\\\/11\\\/Lundbacka-139-Fritidshus-Villa-Permanentboende-Byggsats-Hus-fran-Jorntrahus-exterior-1-webb.jpg\",\"contentUrl\":\"https:\\\/\\\/jorntrahus.se\\\/wp-content\\\/uploads\\\/2025\\\/11\\\/Lundbacka-139-Fritidshus-Villa-Permanentboende-Byggsats-Hus-fran-Jorntrahus-exterior-1-webb.jpg\",\"width\":3000,\"height\":2000,\"caption\":\"Lundbacka 139 Fritidshus Villa Permanentboende Byggsats Hus fran Jorntrahus exterior 1 webb\"},{\"@type\":\"BreadcrumbList\",\"@id\":\"https:\\\/\\\/jorntrahus.se\\\/husmodell\\\/lundbacka-139\\\/#breadcrumb\",\"itemListElement\":[{\"@type\":\"ListItem\",\"position\":1,\"name\":\"Hem\",\"item\":\"https:\\\/\\\/jorntrahus.se\\\/\"},{\"@type\":\"ListItem\",\"position\":2,\"name\":\"V\u00e5ra hus\",\"item\":\"https:\\\/\\\/jorntrahus.se\\\/husen\\\/\"},{\"@type\":\"ListItem\",\"position\":3,\"name\":\"Lundbacka 139\"}]},{\"@type\":\"WebSite\",\"@id\":\"https:\\\/\\\/jorntrahus.se\\\/#website\",\"url\":\"https:\\\/\\\/jorntrahus.se\\\/\",\"name\":\"J\u00f6rntr\u00e4hus\",\"description\":\"Hus f\u00f6r den medvetne\",\"publisher\":{\"@id\":\"https:\\\/\\\/jorntrahus.se\\\/#organization\"},\"potentialAction\":[{\"@type\":\"SearchAction\",\"target\":{\"@type\":\"EntryPoint\",\"urlTemplate\":\"https:\\\/\\\/jorntrahus.se\\\/?s={search_term_string}\"},\"query-input\":{\"@type\":\"PropertyValueSpecification\",\"valueRequired\":true,\"valueName\":\"search_term_string\"}}],\"inLanguage\":\"fi\"},{\"@type\":\"Organization\",\"@id\":\"https:\\\/\\\/jorntrahus.se\\\/#organization\",\"name\":\"J\u00f6rntr\u00e4hus\",\"url\":\"https:\\\/\\\/jorntrahus.se\\\/\",\"logo\":{\"@type\":\"ImageObject\",\"inLanguage\":\"fi\",\"@id\":\"https:\\\/\\\/jorntrahus.se\\\/#\\\/schema\\\/logo\\\/image\\\/\",\"url\":\"https:\\\/\\\/jorntrahus.se\\\/wp-content\\\/uploads\\\/2020\\\/09\\\/Jorntrahus_Grund_CMYK.eps\",\"contentUrl\":\"https:\\\/\\\/jorntrahus.se\\\/wp-content\\\/uploads\\\/2020\\\/09\\\/Jorntrahus_Grund_CMYK.eps\",\"width\":1,\"height\":1,\"caption\":\"J\u00f6rntr\u00e4hus\"},\"image\":{\"@id\":\"https:\\\/\\\/jorntrahus.se\\\/#\\\/schema\\\/logo\\\/image\\\/\"}}]}<\/script>\n<!-- \/ Yoast SEO plugin. -->","yoast_head_json":{"title":"Lundbacka 139 - J\u00f6rntr\u00e4hus","robots":{"index":"index","follow":"follow","max-snippet":"max-snippet:-1","max-image-preview":"max-image-preview:large","max-video-preview":"max-video-preview:-1"},"canonical":"https:\/\/jorntrahus.se\/fi\/talomalli\/lundbacka-139\/","og_locale":"fi_FI","og_type":"article","og_title":"Lundbacka 139 - J\u00f6rntr\u00e4hus","og_description":"Fler sovrum och ytterligare yta f\u00f6r den st\u00f6rre familjen Lundbacka finns nu i ett st\u00f6rre format \u2013 139 m\u00b2 \u2013 vilket inneb\u00e4r en rej\u00e4lt ut\u00f6kad boyta j\u00e4mf\u00f6rt med tidigare modeller. Den nya versionen har f\u00e5tt ett extra sovrum samt att antalet wc f\u00f6rdubblats, vilket g\u00f6r huset \u00e4nnu mer funktionellt f\u00f6r exempelvis v\u00e4xande familjen eller f\u00f6r den som vill ha mer flexibilitet i sin planl\u00f6sning.  Precis som sin f\u00f6reg\u00e5ngare har Lundbacka 139 en sp\u00e4nnande design d\u00e4r vinklar och \u00f6ppna ytor, s\u00e4rskilt i taket, skapar en luftig och livfull atmosf\u00e4r.  Allrummet tillsammans med k\u00f6ket spelar en central och framskjutande roll i upplevelsen av ett ytterst \u00f6ppen och ljus planl\u00f6sning \u2013 perfekt f\u00f6r matplatsm\u00f6bler och sociala stunder.  Med ljusinsl\u00e4pp fr\u00e5n flera h\u00e5ll f\u00e5r du ett hem som k\u00e4nns \u00f6ppet, inbjudande och fyllt av energi \u2013 ett boende som verkligen lever upp till Lundbackas karakt\u00e4r.  Om man vill se en 360-rundtur av den mindre modellen i samma familj \u2013 Lundbacka 94 \u2013 s\u00e5 hittar ni den h\u00e4r \u00bb","og_url":"https:\/\/jorntrahus.se\/fi\/talomalli\/lundbacka-139\/","og_site_name":"J\u00f6rntr\u00e4hus","article_modified_time":"2025-11-07T17:26:23+00:00","og_image":[{"width":3000,"height":2000,"url":"https:\/\/jorntrahus.se\/wp-content\/uploads\/2025\/11\/Lundbacka-139-Fritidshus-Villa-Permanentboende-Byggsats-Hus-fran-Jorntrahus-exterior-1-webb.jpg","type":"image\/jpeg"}],"twitter_card":"summary_large_image","twitter_misc":{"Arvioitu lukuaika":"1 minuutti"},"schema":{"@context":"https:\/\/schema.org","@graph":[{"@type":"WebPage","@id":"https:\/\/jorntrahus.se\/husmodell\/lundbacka-139\/","url":"https:\/\/jorntrahus.se\/husmodell\/lundbacka-139\/","name":"Lundbacka 139 - J\u00f6rntr\u00e4hus","isPartOf":{"@id":"https:\/\/jorntrahus.se\/#website"},"primaryImageOfPage":{"@id":"https:\/\/jorntrahus.se\/husmodell\/lundbacka-139\/#primaryimage"},"image":{"@id":"https:\/\/jorntrahus.se\/husmodell\/lundbacka-139\/#primaryimage"},"thumbnailUrl":"https:\/\/jorntrahus.se\/wp-content\/uploads\/2025\/11\/Lundbacka-139-Fritidshus-Villa-Permanentboende-Byggsats-Hus-fran-Jorntrahus-exterior-1-webb.jpg","datePublished":"2025-11-07T14:53:31+00:00","dateModified":"2025-11-07T17:26:23+00:00","breadcrumb":{"@id":"https:\/\/jorntrahus.se\/husmodell\/lundbacka-139\/#breadcrumb"},"inLanguage":"fi","potentialAction":[{"@type":"ReadAction","target":["https:\/\/jorntrahus.se\/husmodell\/lundbacka-139\/"]}]},{"@type":"ImageObject","inLanguage":"fi","@id":"https:\/\/jorntrahus.se\/husmodell\/lundbacka-139\/#primaryimage","url":"https:\/\/jorntrahus.se\/wp-content\/uploads\/2025\/11\/Lundbacka-139-Fritidshus-Villa-Permanentboende-Byggsats-Hus-fran-Jorntrahus-exterior-1-webb.jpg","contentUrl":"https:\/\/jorntrahus.se\/wp-content\/uploads\/2025\/11\/Lundbacka-139-Fritidshus-Villa-Permanentboende-Byggsats-Hus-fran-Jorntrahus-exterior-1-webb.jpg","width":3000,"height":2000,"caption":"Lundbacka 139 Fritidshus Villa Permanentboende Byggsats Hus fran Jorntrahus exterior 1 webb"},{"@type":"BreadcrumbList","@id":"https:\/\/jorntrahus.se\/husmodell\/lundbacka-139\/#breadcrumb","itemListElement":[{"@type":"ListItem","position":1,"name":"Hem","item":"https:\/\/jorntrahus.se\/"},{"@type":"ListItem","position":2,"name":"V\u00e5ra hus","item":"https:\/\/jorntrahus.se\/husen\/"},{"@type":"ListItem","position":3,"name":"Lundbacka 139"}]},{"@type":"WebSite","@id":"https:\/\/jorntrahus.se\/#website","url":"https:\/\/jorntrahus.se\/","name":"J\u00f6rntr\u00e4hus","description":"Talot tietoisille","publisher":{"@id":"https:\/\/jorntrahus.se\/#organization"},"potentialAction":[{"@type":"SearchAction","target":{"@type":"EntryPoint","urlTemplate":"https:\/\/jorntrahus.se\/?s={search_term_string}"},"query-input":{"@type":"PropertyValueSpecification","valueRequired":true,"valueName":"search_term_string"}}],"inLanguage":"fi"},{"@type":"Organization","@id":"https:\/\/jorntrahus.se\/#organization","name":"J\u00f6rntr\u00e4hus","url":"https:\/\/jorntrahus.se\/","logo":{"@type":"ImageObject","inLanguage":"fi","@id":"https:\/\/jorntrahus.se\/#\/schema\/logo\/image\/","url":"https:\/\/jorntrahus.se\/wp-content\/uploads\/2020\/09\/Jorntrahus_Grund_CMYK.eps","contentUrl":"https:\/\/jorntrahus.se\/wp-content\/uploads\/2020\/09\/Jorntrahus_Grund_CMYK.eps","width":1,"height":1,"caption":"J\u00f6rntr\u00e4hus"},"image":{"@id":"https:\/\/jorntrahus.se\/#\/schema\/logo\/image\/"}}]}},"publishpress_future_workflow_manual_trigger":{"enabledWorkflows":[]},"_links":{"self":[{"href":"https:\/\/jorntrahus.se\/fi\/wp-json\/wp\/v2\/product\/15126","targetHints":{"allow":["GET"]}}],"collection":[{"href":"https:\/\/jorntrahus.se\/fi\/wp-json\/wp\/v2\/product"}],"about":[{"href":"https:\/\/jorntrahus.se\/fi\/wp-json\/wp\/v2\/types\/product"}],"wp:featuredmedia":[{"embeddable":true,"href":"https:\/\/jorntrahus.se\/fi\/wp-json\/wp\/v2\/media\/15121"}],"wp:attachment":[{"href":"https:\/\/jorntrahus.se\/fi\/wp-json\/wp\/v2\/media?parent=15126"}],"wp:term":[{"taxonomy":"product_brand","embeddable":true,"href":"https:\/\/jorntrahus.se\/fi\/wp-json\/wp\/v2\/product_brand?post=15126"},{"taxonomy":"product_cat","embeddable":true,"href":"https:\/\/jorntrahus.se\/fi\/wp-json\/wp\/v2\/product_cat?post=15126"},{"taxonomy":"product_tag","embeddable":true,"href":"https:\/\/jorntrahus.se\/fi\/wp-json\/wp\/v2\/product_tag?post=15126"}],"curies":[{"name":"wp","href":"https:\/\/api.w.org\/{rel}","templated":true}]}}