{"id":6067,"date":"2018-02-15T16:14:39","date_gmt":"2018-02-15T15:14:39","guid":{"rendered":"https:\/\/jorntrahus.se\/?post_type=product&#038;p=6067"},"modified":"2022-10-27T15:02:05","modified_gmt":"2022-10-27T13:02:05","slug":"hogheden-167-lgh","status":"publish","type":"product","link":"https:\/\/jorntrahus.se\/fi\/husmodell\/hogheden-167-lgh\/","title":{"rendered":"H\u00f6gheden 167 asuntoa"},"content":{"rendered":"","protected":false},"excerpt":{"rendered":"<h3>Huoneistotyyliset loma-asunnot<\/h3>\n<p>Klassiseen tyyliin rakennettu kerrostalo, jossa on nelj\u00e4 erillist\u00e4 huoneistoa. Kyseess\u00e4 on suosittu malli, jossa on pitk\u00e4lle kehitetty ja hyv\u00e4ksi havaittu pohjaratkaisu, jossa jokaisessa asunnossa on muun muassa kolme makuuhuonetta, varasto ja mahdollisuus saunaan. Ainoa ero asuntojen v\u00e4lill\u00e4 on se, ett\u00e4 ylemmiss\u00e4 kerroksissa on harjakatto, jota ei ole alemmissa kerroksissa.<\/p>\n<p>Klassinen muotoilu sopii t\u00e4ydellisesti vuoristoymp\u00e4rist\u00f6\u00f6n, mutta se sopii my\u00f6s muille alueille, joilla on huoneistotyylisi\u00e4 loma-asuntoja.<\/p>","protected":false},"featured_media":6108,"template":"","meta":[],"product_brand":[],"product_cat":[564,1039],"product_tag":[29,1267],"class_list":{"0":"post-6067","1":"product","2":"type-product","3":"status-publish","4":"has-post-thumbnail","6":"product_cat-hogheden","7":"product_cat-pro","8":"product_tag-001-2-plan","9":"product_tag-klassiskt-hus","10":"husstil-klassiska-hus","11":"hustyp-flerfamiljshus","13":"first","14":"instock","15":"shipping-taxable","16":"product-type-simple"},"yoast_head":"<!-- This site is optimized with the Yoast SEO plugin v27.5 - https:\/\/yoast.com\/product\/yoast-seo-wordpress\/ -->\n<title>H\u00f6gheden 167 lgh - J\u00f6rntr\u00e4hus<\/title>\n<meta name=\"robots\" content=\"index, follow, max-snippet:-1, max-image-preview:large, max-video-preview:-1\" \/>\n<link rel=\"canonical\" href=\"https:\/\/jorntrahus.se\/fi\/talomalli\/hogheden-167-lgh\/\" \/>\n<meta property=\"og:locale\" content=\"fi_FI\" \/>\n<meta property=\"og:type\" content=\"article\" \/>\n<meta property=\"og:title\" content=\"H\u00f6gheden 167 lgh - J\u00f6rntr\u00e4hus\" \/>\n<meta property=\"og:description\" content=\"Fritidshus i l\u00e4genhetsutf\u00f6rande L\u00e4genhetshus i klassisk stil inneh\u00e5llande\u00a0fyra separata l\u00e4genheter. Detta\u00a0\u00e4r en popul\u00e4r modell med en v\u00e4lutvecklad\u00a0och bepr\u00f6vad planl\u00f6sning d\u00e4r varje l\u00e4genheten erbjuder bland annat tre sovrum, f\u00f6rr\u00e5d samt\u00a0m\u00f6jlighet till bastu. Den enda skillnaden mellan l\u00e4genheterna \u00e4r att de \u00f6vre v\u00e5ningarna har ett rygg\u00e5stak, vilket man inte finner p\u00e5 de undre planet.  Den\u00a0klassiska designen sm\u00e4lter p\u00e5 ett f\u00f6rtr\u00e4ffligt\u00a0s\u00e4tt in i fj\u00e4llmilj\u00f6er men passar\u00a0\u00e4ven i andra regioner d\u00e4r fritidshus i\u00a0l\u00e4genhetsutf\u00f6rande f\u00f6rekommer.\" \/>\n<meta property=\"og:url\" content=\"https:\/\/jorntrahus.se\/fi\/talomalli\/hogheden-167-lgh\/\" \/>\n<meta property=\"og:site_name\" content=\"J\u00f6rntr\u00e4hus\" \/>\n<meta property=\"article:modified_time\" content=\"2022-10-27T13:02:05+00:00\" \/>\n<meta property=\"og:image\" content=\"https:\/\/jorntrahus.se\/wp-content\/uploads\/2017\/12\/H\u00f6gheden-LGH-3D.jpg\" \/>\n\t<meta property=\"og:image:width\" content=\"1500\" \/>\n\t<meta property=\"og:image:height\" content=\"1000\" \/>\n\t<meta property=\"og:image:type\" content=\"image\/jpeg\" \/>\n<meta name=\"twitter:card\" content=\"summary_large_image\" \/>\n<script type=\"application\/ld+json\" class=\"yoast-schema-graph\">{\"@context\":\"https:\\\/\\\/schema.org\",\"@graph\":[{\"@type\":\"WebPage\",\"@id\":\"https:\\\/\\\/jorntrahus.se\\\/husmodell\\\/hogheden-167-lgh\\\/\",\"url\":\"https:\\\/\\\/jorntrahus.se\\\/husmodell\\\/hogheden-167-lgh\\\/\",\"name\":\"H\u00f6gheden 167 lgh - J\u00f6rntr\u00e4hus\",\"isPartOf\":{\"@id\":\"https:\\\/\\\/jorntrahus.se\\\/#website\"},\"primaryImageOfPage\":{\"@id\":\"https:\\\/\\\/jorntrahus.se\\\/husmodell\\\/hogheden-167-lgh\\\/#primaryimage\"},\"image\":{\"@id\":\"https:\\\/\\\/jorntrahus.se\\\/husmodell\\\/hogheden-167-lgh\\\/#primaryimage\"},\"thumbnailUrl\":\"https:\\\/\\\/jorntrahus.se\\\/wp-content\\\/uploads\\\/2017\\\/12\\\/H\u00f6gheden-LGH-3D.jpg\",\"datePublished\":\"2018-02-15T15:14:39+00:00\",\"dateModified\":\"2022-10-27T13:02:05+00:00\",\"breadcrumb\":{\"@id\":\"https:\\\/\\\/jorntrahus.se\\\/husmodell\\\/hogheden-167-lgh\\\/#breadcrumb\"},\"inLanguage\":\"fi\",\"potentialAction\":[{\"@type\":\"ReadAction\",\"target\":[\"https:\\\/\\\/jorntrahus.se\\\/husmodell\\\/hogheden-167-lgh\\\/\"]}]},{\"@type\":\"ImageObject\",\"inLanguage\":\"fi\",\"@id\":\"https:\\\/\\\/jorntrahus.se\\\/husmodell\\\/hogheden-167-lgh\\\/#primaryimage\",\"url\":\"https:\\\/\\\/jorntrahus.se\\\/wp-content\\\/uploads\\\/2017\\\/12\\\/H\u00f6gheden-LGH-3D.jpg\",\"contentUrl\":\"https:\\\/\\\/jorntrahus.se\\\/wp-content\\\/uploads\\\/2017\\\/12\\\/H\u00f6gheden-LGH-3D.jpg\",\"width\":1500,\"height\":1000},{\"@type\":\"BreadcrumbList\",\"@id\":\"https:\\\/\\\/jorntrahus.se\\\/husmodell\\\/hogheden-167-lgh\\\/#breadcrumb\",\"itemListElement\":[{\"@type\":\"ListItem\",\"position\":1,\"name\":\"Hem\",\"item\":\"https:\\\/\\\/jorntrahus.se\\\/\"},{\"@type\":\"ListItem\",\"position\":2,\"name\":\"V\u00e5ra hus\",\"item\":\"https:\\\/\\\/jorntrahus.se\\\/husen\\\/\"},{\"@type\":\"ListItem\",\"position\":3,\"name\":\"H\u00f6gheden 167 lgh\"}]},{\"@type\":\"WebSite\",\"@id\":\"https:\\\/\\\/jorntrahus.se\\\/#website\",\"url\":\"https:\\\/\\\/jorntrahus.se\\\/\",\"name\":\"J\u00f6rntr\u00e4hus\",\"description\":\"Hus f\u00f6r den medvetne\",\"publisher\":{\"@id\":\"https:\\\/\\\/jorntrahus.se\\\/#organization\"},\"potentialAction\":[{\"@type\":\"SearchAction\",\"target\":{\"@type\":\"EntryPoint\",\"urlTemplate\":\"https:\\\/\\\/jorntrahus.se\\\/?s={search_term_string}\"},\"query-input\":{\"@type\":\"PropertyValueSpecification\",\"valueRequired\":true,\"valueName\":\"search_term_string\"}}],\"inLanguage\":\"fi\"},{\"@type\":\"Organization\",\"@id\":\"https:\\\/\\\/jorntrahus.se\\\/#organization\",\"name\":\"J\u00f6rntr\u00e4hus\",\"url\":\"https:\\\/\\\/jorntrahus.se\\\/\",\"logo\":{\"@type\":\"ImageObject\",\"inLanguage\":\"fi\",\"@id\":\"https:\\\/\\\/jorntrahus.se\\\/#\\\/schema\\\/logo\\\/image\\\/\",\"url\":\"https:\\\/\\\/jorntrahus.se\\\/wp-content\\\/uploads\\\/2020\\\/09\\\/Jorntrahus_Grund_CMYK.eps\",\"contentUrl\":\"https:\\\/\\\/jorntrahus.se\\\/wp-content\\\/uploads\\\/2020\\\/09\\\/Jorntrahus_Grund_CMYK.eps\",\"width\":1,\"height\":1,\"caption\":\"J\u00f6rntr\u00e4hus\"},\"image\":{\"@id\":\"https:\\\/\\\/jorntrahus.se\\\/#\\\/schema\\\/logo\\\/image\\\/\"}}]}<\/script>\n<!-- \/ Yoast SEO plugin. -->","yoast_head_json":{"title":"H\u00f6gheden 167 asuntoa - J\u00f6rntr\u00e4hus","robots":{"index":"index","follow":"follow","max-snippet":"max-snippet:-1","max-image-preview":"max-image-preview:large","max-video-preview":"max-video-preview:-1"},"canonical":"https:\/\/jorntrahus.se\/fi\/talomalli\/hogheden-167-lgh\/","og_locale":"fi_FI","og_type":"article","og_title":"H\u00f6gheden 167 lgh - J\u00f6rntr\u00e4hus","og_description":"Fritidshus i l\u00e4genhetsutf\u00f6rande L\u00e4genhetshus i klassisk stil inneh\u00e5llande\u00a0fyra separata l\u00e4genheter. Detta\u00a0\u00e4r en popul\u00e4r modell med en v\u00e4lutvecklad\u00a0och bepr\u00f6vad planl\u00f6sning d\u00e4r varje l\u00e4genheten erbjuder bland annat tre sovrum, f\u00f6rr\u00e5d samt\u00a0m\u00f6jlighet till bastu. Den enda skillnaden mellan l\u00e4genheterna \u00e4r att de \u00f6vre v\u00e5ningarna har ett rygg\u00e5stak, vilket man inte finner p\u00e5 de undre planet.  Den\u00a0klassiska designen sm\u00e4lter p\u00e5 ett f\u00f6rtr\u00e4ffligt\u00a0s\u00e4tt in i fj\u00e4llmilj\u00f6er men passar\u00a0\u00e4ven i andra regioner d\u00e4r fritidshus i\u00a0l\u00e4genhetsutf\u00f6rande f\u00f6rekommer.","og_url":"https:\/\/jorntrahus.se\/fi\/talomalli\/hogheden-167-lgh\/","og_site_name":"J\u00f6rntr\u00e4hus","article_modified_time":"2022-10-27T13:02:05+00:00","og_image":[{"width":1500,"height":1000,"url":"https:\/\/jorntrahus.se\/wp-content\/uploads\/2017\/12\/H\u00f6gheden-LGH-3D.jpg","type":"image\/jpeg"}],"twitter_card":"summary_large_image","schema":{"@context":"https:\/\/schema.org","@graph":[{"@type":"WebPage","@id":"https:\/\/jorntrahus.se\/husmodell\/hogheden-167-lgh\/","url":"https:\/\/jorntrahus.se\/husmodell\/hogheden-167-lgh\/","name":"H\u00f6gheden 167 asuntoa - J\u00f6rntr\u00e4hus","isPartOf":{"@id":"https:\/\/jorntrahus.se\/#website"},"primaryImageOfPage":{"@id":"https:\/\/jorntrahus.se\/husmodell\/hogheden-167-lgh\/#primaryimage"},"image":{"@id":"https:\/\/jorntrahus.se\/husmodell\/hogheden-167-lgh\/#primaryimage"},"thumbnailUrl":"https:\/\/jorntrahus.se\/wp-content\/uploads\/2017\/12\/H\u00f6gheden-LGH-3D.jpg","datePublished":"2018-02-15T15:14:39+00:00","dateModified":"2022-10-27T13:02:05+00:00","breadcrumb":{"@id":"https:\/\/jorntrahus.se\/husmodell\/hogheden-167-lgh\/#breadcrumb"},"inLanguage":"fi","potentialAction":[{"@type":"ReadAction","target":["https:\/\/jorntrahus.se\/husmodell\/hogheden-167-lgh\/"]}]},{"@type":"ImageObject","inLanguage":"fi","@id":"https:\/\/jorntrahus.se\/husmodell\/hogheden-167-lgh\/#primaryimage","url":"https:\/\/jorntrahus.se\/wp-content\/uploads\/2017\/12\/H\u00f6gheden-LGH-3D.jpg","contentUrl":"https:\/\/jorntrahus.se\/wp-content\/uploads\/2017\/12\/H\u00f6gheden-LGH-3D.jpg","width":1500,"height":1000},{"@type":"BreadcrumbList","@id":"https:\/\/jorntrahus.se\/husmodell\/hogheden-167-lgh\/#breadcrumb","itemListElement":[{"@type":"ListItem","position":1,"name":"Hem","item":"https:\/\/jorntrahus.se\/"},{"@type":"ListItem","position":2,"name":"V\u00e5ra hus","item":"https:\/\/jorntrahus.se\/husen\/"},{"@type":"ListItem","position":3,"name":"H\u00f6gheden 167 lgh"}]},{"@type":"WebSite","@id":"https:\/\/jorntrahus.se\/#website","url":"https:\/\/jorntrahus.se\/","name":"J\u00f6rntr\u00e4hus","description":"Talot tietoisille","publisher":{"@id":"https:\/\/jorntrahus.se\/#organization"},"potentialAction":[{"@type":"SearchAction","target":{"@type":"EntryPoint","urlTemplate":"https:\/\/jorntrahus.se\/?s={search_term_string}"},"query-input":{"@type":"PropertyValueSpecification","valueRequired":true,"valueName":"search_term_string"}}],"inLanguage":"fi"},{"@type":"Organization","@id":"https:\/\/jorntrahus.se\/#organization","name":"J\u00f6rntr\u00e4hus","url":"https:\/\/jorntrahus.se\/","logo":{"@type":"ImageObject","inLanguage":"fi","@id":"https:\/\/jorntrahus.se\/#\/schema\/logo\/image\/","url":"https:\/\/jorntrahus.se\/wp-content\/uploads\/2020\/09\/Jorntrahus_Grund_CMYK.eps","contentUrl":"https:\/\/jorntrahus.se\/wp-content\/uploads\/2020\/09\/Jorntrahus_Grund_CMYK.eps","width":1,"height":1,"caption":"J\u00f6rntr\u00e4hus"},"image":{"@id":"https:\/\/jorntrahus.se\/#\/schema\/logo\/image\/"}}]}},"publishpress_future_workflow_manual_trigger":{"enabledWorkflows":[]},"_links":{"self":[{"href":"https:\/\/jorntrahus.se\/fi\/wp-json\/wp\/v2\/product\/6067","targetHints":{"allow":["GET"]}}],"collection":[{"href":"https:\/\/jorntrahus.se\/fi\/wp-json\/wp\/v2\/product"}],"about":[{"href":"https:\/\/jorntrahus.se\/fi\/wp-json\/wp\/v2\/types\/product"}],"wp:featuredmedia":[{"embeddable":true,"href":"https:\/\/jorntrahus.se\/fi\/wp-json\/wp\/v2\/media\/6108"}],"wp:attachment":[{"href":"https:\/\/jorntrahus.se\/fi\/wp-json\/wp\/v2\/media?parent=6067"}],"wp:term":[{"taxonomy":"product_brand","embeddable":true,"href":"https:\/\/jorntrahus.se\/fi\/wp-json\/wp\/v2\/product_brand?post=6067"},{"taxonomy":"product_cat","embeddable":true,"href":"https:\/\/jorntrahus.se\/fi\/wp-json\/wp\/v2\/product_cat?post=6067"},{"taxonomy":"product_tag","embeddable":true,"href":"https:\/\/jorntrahus.se\/fi\/wp-json\/wp\/v2\/product_tag?post=6067"}],"curies":[{"name":"wp","href":"https:\/\/api.w.org\/{rel}","templated":true}]}}