{"id":7173,"date":"2018-01-05T11:50:25","date_gmt":"2018-01-05T10:50:25","guid":{"rendered":"https:\/\/jorntrahus.se\/?page_id=7173"},"modified":"2021-04-26T16:37:28","modified_gmt":"2021-04-26T14:37:28","slug":"sveigjanlegar-lausnir","status":"publish","type":"page","link":"https:\/\/jorntrahus.se\/is\/flexibla-losningar\/","title":{"rendered":"Sveigjanlegar lausnir"},"content":{"rendered":"<div id=\"gap-1798589161\" class=\"gap-element clearfix\" style=\"display:block; height:auto;\">\n\t\t\n<style>\n#gap-1798589161 {\n  padding-top: 60px;\n}\n<\/style>\n\t<\/div>\n\t\n<div class=\"row\"  id=\"row-1593858093\">\n\n\t<div id=\"col-333135711\" class=\"col medium-8 small-12 large-8\"  >\n\t\t\t\t<div class=\"col-inner\"  >\n\t\t\t\n\t\t\t\n<h1><span style=\"font-size: 150%\">Sveigjanlegar lausnir<\/span><\/h1>\n<h2><span style=\"color: #999999\">\u00de\u00fa ert s\u00e1 sem \u00e1kve\u00f0ur lokah\u00f6nnun h\u00fassins \u00fe\u00edns.<\/span><\/h2>\n<p>Fj\u00f6lbreytt \u00farval J\u00f6rntr\u00e4hus af ger\u00f0um uppfyllir flestar \u00f3skir \u00feegar kemur a\u00f0 fr\u00edstundah\u00fasum. Hins vegar er mj\u00f6g erfitt a\u00f0 bj\u00f3\u00f0a upp \u00e1 alhli\u00f0a ger\u00f0 sem hentar \u00f6llum smekk.<\/p>\n<p>Vi\u00f0 kynnum fj\u00f6lda fr\u00edstundah\u00fasa \u00ed fyrirmyndarpr\u00f3grammi okkar, hvert me\u00f0 sinni s\u00e9rst\u00f6ku skipulags\u00e1\u00e6tlun. \u00deetta er gert \u00ed \u00feeirri von a\u00f0 henta smekk og \u00fe\u00f6rfum langflestra, \u00fer\u00e1tt fyrir a\u00f0 sumir h\u00faseigendur \u00feurfi a\u00f0 gera \u00e1kve\u00f0nar breytingar fr\u00e1 upprunalegu til a\u00f0 geta skapa\u00f0 draumah\u00fas sitt me\u00f0 g\u00f3\u00f0um \u00e1rangri.<\/p>\n<p>Me\u00f0 okkar hj\u00e1lp geti\u00f0 \u00fei\u00f0 a\u00f0laga\u00f0 og breytt st\u00f6\u00f0lu\u00f0um h\u00fasum okkar b\u00e6\u00f0i a\u00f0 innan sem utan, a\u00f0 sj\u00e1lfs\u00f6g\u00f0u innan \u00feess ramma sem er t\u00e6knilega m\u00f6gulegt.<\/p>\n<p>Sveigjanleiki er eitthva\u00f0 sem J\u00f6rntr\u00e4hus hefur alltaf bo\u00f0i\u00f0 upp \u00e1 og tileinka\u00f0 s\u00e9r, \u00feetta hefur \u00fe\u00fdtt a\u00f0 vi\u00f0 h\u00f6fum geta\u00f0 bo\u00f0i\u00f0 upp \u00e1 s\u00e9rsni\u00f0nar lausnir fyrir alla h\u00faseigendur sem vilja skapa pers\u00f3nulegra heimili.<\/p>\n<p>H\u00e9r finnur \u00fe\u00fa fj\u00f6lda d\u00e6ma um hvernig h\u00e6gt er a\u00f0 breyta skipulagi h\u00fassins \u00fat fr\u00e1 einu af st\u00f6\u00f0lu\u00f0um h\u00fasum okkar \u00e1n \u00feess a\u00f0 hafa \u00e1hrif \u00e1 byggingarfl\u00f6t e\u00f0a byggingu h\u00fassins. Sta\u00f0setning hur\u00f0a og glugga eru minnih\u00e1ttar inngrip sem a\u00f0 sj\u00e1lfs\u00f6g\u00f0u \u00fearf a\u00f0 a\u00f0laga \u00fat fr\u00e1 \u00feessum d\u00e6mum. \u00deess konar breytingar er h\u00e6gt a\u00f0 gera, \u00ed n\u00e1nu samstarfi vi\u00f0 okkur hj\u00e1 J\u00f6rntr\u00e4hus, \u00e1 \u00f6llum h\u00fasger\u00f0um okkar.<\/p>\n\t\t<\/div>\n\t\t\t\t\n<style>\n#col-333135711 > .col-inner {\n  padding: 0px 100px 0px 0px;\n}\n<\/style>\n\t<\/div>\n\n\t\n\n\t<div id=\"col-1699478909\" class=\"col medium-4 small-12 large-4\"  >\n\t\t\t\t<div class=\"col-inner\"  >\n\t\t\t\n\t\t\t\n\t<div class=\"box has-hover   has-hover box-text-bottom\" >\n\n\t\t<div class=\"box-image\" >\n\t\t\t\t\t\t<div class=\"\" >\n\t\t\t\t<img loading=\"lazy\" decoding=\"async\" width=\"1500\" height=\"1000\" src=\"https:\/\/jorntrahus.se\/wp-content\/uploads\/2017\/12\/\u00c5liden-M-3D.jpg\" class=\"attachment- size-\" alt=\"\" srcset=\"https:\/\/jorntrahus.se\/wp-content\/uploads\/2017\/12\/\u00c5liden-M-3D.jpg 1500w, https:\/\/jorntrahus.se\/wp-content\/uploads\/2017\/12\/\u00c5liden-M-3D-600x400.jpg 600w, https:\/\/jorntrahus.se\/wp-content\/uploads\/2017\/12\/\u00c5liden-M-3D-900x600.jpg 900w, https:\/\/jorntrahus.se\/wp-content\/uploads\/2017\/12\/\u00c5liden-M-3D-768x512.jpg 768w, https:\/\/jorntrahus.se\/wp-content\/uploads\/2017\/12\/\u00c5liden-M-3D-1200x800.jpg 1200w\" sizes=\"auto, (max-width: 1500px) 100vw, 1500px\" \/>\t\t\t\t\t\t\t\t\t\t\t<\/div>\n\t\t\t\t\t<\/div>\n\n\t\t<div class=\"box-text text-center\" >\n\t\t\t<div class=\"box-text-inner\">\n\t\t\t\t\n<h4>Gamli ma\u00f0urinn<\/h4>\n<p>\u00cd \u00feessu d\u00e6mi h\u00f6fum vi\u00f0 nota\u00f0 h\u00fasal\u00edkani\u00f0 \u00c5liden. H\u00e9r a\u00f0 ne\u00f0an m\u00e1 sj\u00e1 mynd af framhli\u00f0inni en einnig grunnteikningu sem vi\u00f0 notum venjulega.<\/p>\n\t<div id=\"gap-1288956343\" class=\"gap-element clearfix\" style=\"display:block; height:auto;\">\n\t\t\n<style>\n#gap-1288956343 {\n  padding-top: 30px;\n}\n<\/style>\n\t<\/div>\n\t\n\t\t\t<\/div>\n\t\t<\/div>\n\t<\/div>\n\t\n\t<div class=\"box has-hover   has-hover box-text-bottom\" >\n\n\t\t<div class=\"box-image\" style=\"width:80%;\">\n\t\t\t\t\t\t<div class=\"\" >\n\t\t\t\t<img loading=\"lazy\" decoding=\"async\" width=\"1200\" height=\"898\" src=\"https:\/\/jorntrahus.se\/wp-content\/uploads\/2017\/12\/\u00c5liden-M-plan-1-3D.png\" class=\"attachment- size-\" alt=\"\" srcset=\"https:\/\/jorntrahus.se\/wp-content\/uploads\/2017\/12\/\u00c5liden-M-plan-1-3D.png 1200w, https:\/\/jorntrahus.se\/wp-content\/uploads\/2017\/12\/\u00c5liden-M-plan-1-3D-900x674.png 900w, https:\/\/jorntrahus.se\/wp-content\/uploads\/2017\/12\/\u00c5liden-M-plan-1-3D-600x449.png 600w, https:\/\/jorntrahus.se\/wp-content\/uploads\/2017\/12\/\u00c5liden-M-plan-1-3D-768x575.png 768w\" sizes=\"auto, (max-width: 1200px) 100vw, 1200px\" \/>\t\t\t\t\t\t\t\t\t\t\t<\/div>\n\t\t\t\t\t<\/div>\n\n\t\t<div class=\"box-text text-center\" >\n\t\t\t<div class=\"box-text-inner\">\n\t\t\t\t\n\t<div id=\"gap-1177367066\" class=\"gap-element clearfix\" style=\"display:block; height:auto;\">\n\t\t\n<style>\n#gap-1177367066 {\n  padding-top: 30px;\n}\n<\/style>\n\t<\/div>\n\t\n<a href=\"\/is\/huslikan\/aliden\/\" class=\"button primary is-outline\" >\n\t\t<span>MEIRA UM ALDURINN<\/span>\n\t<\/a>\n\n\t\t\t<\/div>\n\t\t<\/div>\n\t<\/div>\n\t\n\t\t<\/div>\n\t\t\t\t\t<\/div>\n\n\t\n<\/div>\n\n\t<section class=\"section\" id=\"section_2099224252\">\n\t\t<div class=\"section-bg fill\" >\n\t\t\t\t\t\t\t\t\t<div class=\"section-bg-overlay absolute fill\"><\/div>\n\t\t\t\n\n\t\t<\/div>\n\n\t\t\n\n\t\t<div class=\"section-content relative\">\n\t\t\t\n<div class=\"row row-large align-middle\"  id=\"row-2146886350\">\n\n\t<div id=\"col-327029552\" class=\"col medium-6 small-12 large-6\"  >\n\t\t\t\t<div class=\"col-inner\"  >\n\t\t\t\n\t\t\t\n\t<div class=\"img has-hover x md-x lg-x y md-y lg-y\" id=\"image_1104967080\">\n\t\t\t\t\t\t\t\t<div class=\"img-inner dark\" >\n\t\t\t<img loading=\"lazy\" decoding=\"async\" width=\"1020\" height=\"718\" src=\"https:\/\/jorntrahus.se\/wp-content\/uploads\/2018\/01\/Flexibla-l\u00f6sningar-\u00c5liden-2-1200x845.png\" class=\"attachment-large size-large\" alt=\"\" srcset=\"https:\/\/jorntrahus.se\/wp-content\/uploads\/2018\/01\/Flexibla-l\u00f6sningar-\u00c5liden-2.png 1200w, https:\/\/jorntrahus.se\/wp-content\/uploads\/2018\/01\/Flexibla-l\u00f6sningar-\u00c5liden-2-900x634.png 900w, https:\/\/jorntrahus.se\/wp-content\/uploads\/2018\/01\/Flexibla-l\u00f6sningar-\u00c5liden-2-600x423.png 600w, https:\/\/jorntrahus.se\/wp-content\/uploads\/2018\/01\/Flexibla-l\u00f6sningar-\u00c5liden-2-768x541.png 768w\" sizes=\"auto, (max-width: 1020px) 100vw, 1020px\" \/>\t\t\t\t\t\t\n\t\t\t\t\t<\/div>\n\t\t\t\t\t\t\t\t\n<style>\n#image_1104967080 {\n  width: 100%;\n}\n<\/style>\n\t<\/div>\n\t\n\t\t<\/div>\n\t\t\t\t\n<style>\n#col-327029552 > .col-inner {\n  padding: 0px 0px 0px 40px;\n}\n<\/style>\n\t<\/div>\n\n\t\n\n\t<div id=\"col-815971092\" class=\"col medium-6 small-12 large-6\"  >\n\t\t\t\t<div class=\"col-inner text-left\"  >\n\t\t\t\n\t\t\t\n<a class=\"button primary\" >\n\t\t<span>VALM\u00d6GULEIKI 1<\/span>\n\t<\/a>\n\n<h4 style=\"font-weight: 400;padding-right: 40px\">H\u00e9r hefur veri\u00f0 \u00e1herslan l\u00f6g\u00f0 \u00e1 st\u00f3rt sameiginlegt r\u00fdmi og r\u00famgott ba\u00f0herbergi. \u00cd bo\u00f0i eru tveggja manna svefnherbergi me\u00f0 pl\u00e1ssi fyrir \u00ferj\u00e1.<\/h4>\n\t\t<\/div>\n\t\t\t\t\t<\/div>\n\n\t\n<\/div>\n\t\t<\/div>\n\n\t\t\n<style>\n#section_2099224252 {\n  padding-top: 60px;\n  padding-bottom: 60px;\n  background-color: rgb(241, 241, 241);\n}\n#section_2099224252 .section-bg-overlay {\n  background-color: rgba(255, 255, 255, 0.85);\n}\n<\/style>\n\t<\/section>\n\t\n\n\t<section class=\"section\" id=\"section_1448349428\">\n\t\t<div class=\"section-bg fill\" >\n\t\t\t\t\t\t\t\t\t<div class=\"section-bg-overlay absolute fill\"><\/div>\n\t\t\t\n\n\t\t<\/div>\n\n\t\t\n\n\t\t<div class=\"section-content relative\">\n\t\t\t\n<div class=\"row row-large align-middle\"  id=\"row-1665860422\">\n\n\t<div id=\"col-492831461\" class=\"col medium-6 small-12 large-6\"  >\n\t\t\t\t<div class=\"col-inner\"  >\n\t\t\t\n\t\t\t\n\t<div class=\"img has-hover x md-x lg-x y md-y lg-y\" id=\"image_613841974\">\n\t\t\t\t\t\t\t\t<div class=\"img-inner dark\" >\n\t\t\t<img loading=\"lazy\" decoding=\"async\" width=\"1020\" height=\"758\" src=\"https:\/\/jorntrahus.se\/wp-content\/uploads\/2018\/01\/Flexibla-l\u00f6sningar-\u00c5liden-4-1200x892.png\" class=\"attachment-large size-large\" alt=\"\" srcset=\"https:\/\/jorntrahus.se\/wp-content\/uploads\/2018\/01\/Flexibla-l\u00f6sningar-\u00c5liden-4.png 1200w, https:\/\/jorntrahus.se\/wp-content\/uploads\/2018\/01\/Flexibla-l\u00f6sningar-\u00c5liden-4-900x669.png 900w, https:\/\/jorntrahus.se\/wp-content\/uploads\/2018\/01\/Flexibla-l\u00f6sningar-\u00c5liden-4-600x446.png 600w, https:\/\/jorntrahus.se\/wp-content\/uploads\/2018\/01\/Flexibla-l\u00f6sningar-\u00c5liden-4-768x571.png 768w\" sizes=\"auto, (max-width: 1020px) 100vw, 1020px\" \/>\t\t\t\t\t\t\n\t\t\t\t\t<\/div>\n\t\t\t\t\t\t\t\t\n<style>\n#image_613841974 {\n  width: 100%;\n}\n<\/style>\n\t<\/div>\n\t\n\t\t<\/div>\n\t\t\t\t\n<style>\n#col-492831461 > .col-inner {\n  padding: 0px 0px 0px 40px;\n}\n<\/style>\n\t<\/div>\n\n\t\n\n\t<div id=\"col-872442744\" class=\"col medium-6 small-12 large-6\"  >\n\t\t\t\t<div class=\"col-inner text-left\"  >\n\t\t\t\n\t\t\t\n<a class=\"button primary\" >\n\t\t<span>VALM\u00d6GULEIKI 2<\/span>\n\t<\/a>\n\n<h4 style=\"font-weight: 400;padding-right: 40px\">Me\u00f0 a\u00f0eins einu svefnherbergi hefur veri\u00f0 skapa\u00f0 r\u00fdmi fyrir r\u00famg\u00f3\u00f0a forstofu og st\u00e6rri stofu. Einnig hefur veri\u00f0 m\u00e6tt \u00f3skum um r\u00fambetra t\u00e6knir\u00fdmi og r\u00fdmi fyrir gufuba\u00f0.<\/h4>\n\t\t<\/div>\n\t\t\t\t\t<\/div>\n\n\t\n<\/div>\n\t\t<\/div>\n\n\t\t\n<style>\n#section_1448349428 {\n  padding-top: 60px;\n  padding-bottom: 60px;\n}\n#section_1448349428 .section-bg-overlay {\n  background-color: rgba(255, 255, 255, 0.85);\n}\n<\/style>\n\t<\/section>\n\t\n\n\t<section class=\"section\" id=\"section_917368612\">\n\t\t<div class=\"section-bg fill\" >\n\t\t\t\t\t\t\t\t\t<div class=\"section-bg-overlay absolute fill\"><\/div>\n\t\t\t\n\n\t\t<\/div>\n\n\t\t\n\n\t\t<div class=\"section-content relative\">\n\t\t\t\n<div class=\"row row-large align-middle\"  id=\"row-1654872135\">\n\n\t<div id=\"col-443950168\" class=\"col medium-6 small-12 large-6\"  >\n\t\t\t\t<div class=\"col-inner\"  >\n\t\t\t\n\t\t\t\n\t<div class=\"img has-hover x md-x lg-x y md-y lg-y\" id=\"image_422350103\">\n\t\t\t\t\t\t\t\t<div class=\"img-inner dark\" >\n\t\t\t<img loading=\"lazy\" decoding=\"async\" width=\"1020\" height=\"762\" src=\"https:\/\/jorntrahus.se\/wp-content\/uploads\/2018\/01\/Flexibla-l\u00f6sningar-\u00c5liden-3-1200x897.png\" class=\"attachment-large size-large\" alt=\"\" srcset=\"https:\/\/jorntrahus.se\/wp-content\/uploads\/2018\/01\/Flexibla-l\u00f6sningar-\u00c5liden-3.png 1200w, https:\/\/jorntrahus.se\/wp-content\/uploads\/2018\/01\/Flexibla-l\u00f6sningar-\u00c5liden-3-900x673.png 900w, https:\/\/jorntrahus.se\/wp-content\/uploads\/2018\/01\/Flexibla-l\u00f6sningar-\u00c5liden-3-600x449.png 600w, https:\/\/jorntrahus.se\/wp-content\/uploads\/2018\/01\/Flexibla-l\u00f6sningar-\u00c5liden-3-768x574.png 768w\" sizes=\"auto, (max-width: 1020px) 100vw, 1020px\" \/>\t\t\t\t\t\t\n\t\t\t\t\t<\/div>\n\t\t\t\t\t\t\t\t\n<style>\n#image_422350103 {\n  width: 100%;\n}\n<\/style>\n\t<\/div>\n\t\n\t\t<\/div>\n\t\t\t\t\n<style>\n#col-443950168 > .col-inner {\n  padding: 0px 0px 0px 40px;\n}\n<\/style>\n\t<\/div>\n\n\t\n\n\t<div id=\"col-906181949\" class=\"col medium-6 small-12 large-6\"  >\n\t\t\t\t<div class=\"col-inner text-left\"  >\n\t\t\t\n\t\t\t\n<a class=\"button primary\" >\n\t\t<span>VALM\u00d6GULEIKI 3<\/span>\n\t<\/a>\n\n<h4 style=\"font-weight: 400;padding-right: 40px\">Svefnpl\u00e1ss fyrir fimm manns og tv\u00f6f\u00f6ld salerni hafa veri\u00f0 grunnurinn a\u00f0 \u00feessari fr\u00e1viksskipulagningu. \u00der\u00e1tt fyrir aukinn fj\u00f6lda svefnherbergja er r\u00famg\u00f3\u00f0 stofa og bor\u00f0stofa vi\u00f0haldi\u00f0.<\/h4>\n\t\t<\/div>\n\t\t\t\t\t<\/div>\n\n\t\n<\/div>\n\t\t<\/div>\n\n\t\t\n<style>\n#section_917368612 {\n  padding-top: 60px;\n  padding-bottom: 60px;\n  background-color: rgb(241, 241, 241);\n}\n#section_917368612 .section-bg-overlay {\n  background-color: rgba(255, 255, 255, 0.85);\n}\n<\/style>\n\t<\/section>\n\t\n\n\t<section class=\"section\" id=\"section_1964892736\">\n\t\t<div class=\"section-bg fill\" >\n\t\t\t\t\t\t\t\t\t<div class=\"section-bg-overlay absolute fill\"><\/div>\n\t\t\t\n\n\t\t<\/div>\n\n\t\t\n\n\t\t<div class=\"section-content relative\">\n\t\t\t\n<div class=\"row row-large align-middle\"  id=\"row-2130917801\">\n\n\t<div id=\"col-684746750\" class=\"col medium-6 small-12 large-6\"  >\n\t\t\t\t<div class=\"col-inner\"  >\n\t\t\t\n\t\t\t\n\t<div class=\"img has-hover x md-x lg-x y md-y lg-y\" id=\"image_2125052509\">\n\t\t\t\t\t\t\t\t<div class=\"img-inner dark\" >\n\t\t\t<img loading=\"lazy\" decoding=\"async\" width=\"1020\" height=\"747\" src=\"https:\/\/jorntrahus.se\/wp-content\/uploads\/2018\/01\/Flexibla-l\u00f6sningar-\u00c5liden-1-1200x879.png\" class=\"attachment-large size-large\" alt=\"\" srcset=\"https:\/\/jorntrahus.se\/wp-content\/uploads\/2018\/01\/Flexibla-l\u00f6sningar-\u00c5liden-1.png 1200w, https:\/\/jorntrahus.se\/wp-content\/uploads\/2018\/01\/Flexibla-l\u00f6sningar-\u00c5liden-1-900x659.png 900w, https:\/\/jorntrahus.se\/wp-content\/uploads\/2018\/01\/Flexibla-l\u00f6sningar-\u00c5liden-1-600x440.png 600w, https:\/\/jorntrahus.se\/wp-content\/uploads\/2018\/01\/Flexibla-l\u00f6sningar-\u00c5liden-1-768x563.png 768w\" sizes=\"auto, (max-width: 1020px) 100vw, 1020px\" \/>\t\t\t\t\t\t\n\t\t\t\t\t<\/div>\n\t\t\t\t\t\t\t\t\n<style>\n#image_2125052509 {\n  width: 100%;\n}\n<\/style>\n\t<\/div>\n\t\n\t\t<\/div>\n\t\t\t\t\n<style>\n#col-684746750 > .col-inner {\n  padding: 0px 0px 0px 40px;\n}\n<\/style>\n\t<\/div>\n\n\t\n\n\t<div id=\"col-1581181223\" class=\"col medium-6 small-12 large-6\"  >\n\t\t\t\t<div class=\"col-inner text-left\"  >\n\t\t\t\n\t\t\t\n<a class=\"button primary\" >\n\t\t<span>VALM\u00d6GULEIKI 4<\/span>\n\t<\/a>\n\n<h4 style=\"font-weight: 400;padding-right: 40px\">\u00deetta er sta\u00f0la\u00f0a skipulagi\u00f0 okkar fyrir \u00c5liden-ger\u00f0ina. Me\u00f0 \u00feremur svefnherbergjum og geymslu a\u00f0 utan b\u00fd\u00f0ur skipulagi\u00f0 upp \u00e1 ver\u00f0m\u00e6tt r\u00fdmi sem er alltaf vel \u00feegi\u00f0.<\/h4>\n\t\t<\/div>\n\t\t\t\t\t<\/div>\n\n\t\n<\/div>\n\t\t<\/div>\n\n\t\t\n<style>\n#section_1964892736 {\n  padding-top: 60px;\n  padding-bottom: 60px;\n}\n#section_1964892736 .section-bg-overlay {\n  background-color: rgba(255, 255, 255, 0.85);\n}\n<\/style>\n\t<\/section>\n\t\n\n\t<section class=\"section\" id=\"section_1655355517\">\n\t\t<div class=\"section-bg fill\" >\n\t\t\t<img loading=\"lazy\" decoding=\"async\" width=\"2000\" height=\"750\" src=\"https:\/\/jorntrahus.se\/wp-content\/uploads\/2018\/01\/Slide-JTH-ritning-kaffekopp-2000x750.jpg\" class=\"bg attachment- size-\" alt=\"\" \/>\t\t\t\t\t\t\n\t\t\t\n\n\t\t<\/div>\n\n\t\t\n\n\t\t<div class=\"section-content relative\">\n\t\t\t\n\t\t<\/div>\n\n\t\t\n<style>\n#section_1655355517 {\n  padding-top: 30px;\n  padding-bottom: 30px;\n  margin-bottom: 0px;\n  min-height: 400px;\n}\n<\/style>\n\t<\/section>","protected":false},"excerpt":{"rendered":"","protected":false},"author":2,"featured_media":0,"parent":0,"menu_order":0,"comment_status":"closed","ping_status":"closed","template":"page-blank.php","meta":{"footnotes":""},"class_list":["post-7173","page","type-page","status-publish","hentry"],"yoast_head":"<!-- This site is optimized with the Yoast SEO plugin v27.2 - https:\/\/yoast.com\/product\/yoast-seo-wordpress\/ -->\n<title>Flexibla l\u00f6sningar - J\u00f6rntr\u00e4hus<\/title>\n<meta name=\"robots\" content=\"index, follow, max-snippet:-1, max-image-preview:large, max-video-preview:-1\" \/>\n<link rel=\"canonical\" href=\"https:\/\/jorntrahus.se\/is\/sveigjanlegar-lausnir\/\" \/>\n<meta property=\"og:locale\" content=\"is_IS\" \/>\n<meta property=\"og:type\" content=\"article\" \/>\n<meta property=\"og:title\" content=\"Flexibla l\u00f6sningar - J\u00f6rntr\u00e4hus\" \/>\n<meta property=\"og:url\" content=\"https:\/\/jorntrahus.se\/is\/sveigjanlegar-lausnir\/\" \/>\n<meta property=\"og:site_name\" content=\"J\u00f6rntr\u00e4hus\" \/>\n<meta property=\"article:modified_time\" content=\"2021-04-26T14:37:28+00:00\" \/>\n<meta name=\"twitter:card\" content=\"summary_large_image\" \/>\n<meta name=\"twitter:label1\" content=\"Est. reading time\" \/>\n\t<meta name=\"twitter:data1\" content=\"3 minutes\" \/>\n<script type=\"application\/ld+json\" class=\"yoast-schema-graph\">{\"@context\":\"https:\/\/schema.org\",\"@graph\":[{\"@type\":\"WebPage\",\"@id\":\"https:\/\/jorntrahus.se\/flexibla-losningar\/\",\"url\":\"https:\/\/jorntrahus.se\/flexibla-losningar\/\",\"name\":\"Flexibla l\u00f6sningar - J\u00f6rntr\u00e4hus\",\"isPartOf\":{\"@id\":\"https:\/\/jorntrahus.se\/#website\"},\"datePublished\":\"2018-01-05T10:50:25+00:00\",\"dateModified\":\"2021-04-26T14:37:28+00:00\",\"breadcrumb\":{\"@id\":\"https:\/\/jorntrahus.se\/flexibla-losningar\/#breadcrumb\"},\"inLanguage\":\"is\",\"potentialAction\":[{\"@type\":\"ReadAction\",\"target\":[\"https:\/\/jorntrahus.se\/flexibla-losningar\/\"]}]},{\"@type\":\"BreadcrumbList\",\"@id\":\"https:\/\/jorntrahus.se\/flexibla-losningar\/#breadcrumb\",\"itemListElement\":[{\"@type\":\"ListItem\",\"position\":1,\"name\":\"Hem\",\"item\":\"https:\/\/jorntrahus.se\/\"},{\"@type\":\"ListItem\",\"position\":2,\"name\":\"Flexibla l\u00f6sningar\"}]},{\"@type\":\"WebSite\",\"@id\":\"https:\/\/jorntrahus.se\/#website\",\"url\":\"https:\/\/jorntrahus.se\/\",\"name\":\"J\u00f6rntr\u00e4hus\",\"description\":\"Hus f\u00f6r den medvetne\",\"publisher\":{\"@id\":\"https:\/\/jorntrahus.se\/#organization\"},\"potentialAction\":[{\"@type\":\"SearchAction\",\"target\":{\"@type\":\"EntryPoint\",\"urlTemplate\":\"https:\/\/jorntrahus.se\/?s={search_term_string}\"},\"query-input\":{\"@type\":\"PropertyValueSpecification\",\"valueRequired\":true,\"valueName\":\"search_term_string\"}}],\"inLanguage\":\"is\"},{\"@type\":\"Organization\",\"@id\":\"https:\/\/jorntrahus.se\/#organization\",\"name\":\"J\u00f6rntr\u00e4hus\",\"url\":\"https:\/\/jorntrahus.se\/\",\"logo\":{\"@type\":\"ImageObject\",\"inLanguage\":\"is\",\"@id\":\"https:\/\/jorntrahus.se\/#\/schema\/logo\/image\/\",\"url\":\"https:\/\/jorntrahus.se\/wp-content\/uploads\/2020\/09\/Jorntrahus_Grund_CMYK.eps\",\"contentUrl\":\"https:\/\/jorntrahus.se\/wp-content\/uploads\/2020\/09\/Jorntrahus_Grund_CMYK.eps\",\"width\":1,\"height\":1,\"caption\":\"J\u00f6rntr\u00e4hus\"},\"image\":{\"@id\":\"https:\/\/jorntrahus.se\/#\/schema\/logo\/image\/\"}}]}<\/script>\n<!-- \/ Yoast SEO plugin. -->","yoast_head_json":{"title":"Sveigjanlegar lausnir - J\u00f6rntr\u00e4hus","robots":{"index":"index","follow":"follow","max-snippet":"max-snippet:-1","max-image-preview":"max-image-preview:large","max-video-preview":"max-video-preview:-1"},"canonical":"https:\/\/jorntrahus.se\/is\/sveigjanlegar-lausnir\/","og_locale":"is_IS","og_type":"article","og_title":"Flexibla l\u00f6sningar - J\u00f6rntr\u00e4hus","og_url":"https:\/\/jorntrahus.se\/is\/sveigjanlegar-lausnir\/","og_site_name":"J\u00f6rntr\u00e4hus","article_modified_time":"2021-04-26T14:37:28+00:00","twitter_card":"summary_large_image","twitter_misc":{"Est. reading time":"3 minutes"},"schema":{"@context":"https:\/\/schema.org","@graph":[{"@type":"WebPage","@id":"https:\/\/jorntrahus.se\/flexibla-losningar\/","url":"https:\/\/jorntrahus.se\/flexibla-losningar\/","name":"Sveigjanlegar lausnir - J\u00f6rntr\u00e4hus","isPartOf":{"@id":"https:\/\/jorntrahus.se\/#website"},"datePublished":"2018-01-05T10:50:25+00:00","dateModified":"2021-04-26T14:37:28+00:00","breadcrumb":{"@id":"https:\/\/jorntrahus.se\/flexibla-losningar\/#breadcrumb"},"inLanguage":"is","potentialAction":[{"@type":"ReadAction","target":["https:\/\/jorntrahus.se\/flexibla-losningar\/"]}]},{"@type":"BreadcrumbList","@id":"https:\/\/jorntrahus.se\/flexibla-losningar\/#breadcrumb","itemListElement":[{"@type":"ListItem","position":1,"name":"Hem","item":"https:\/\/jorntrahus.se\/"},{"@type":"ListItem","position":2,"name":"Flexibla l\u00f6sningar"}]},{"@type":"WebSite","@id":"https:\/\/jorntrahus.se\/#website","url":"https:\/\/jorntrahus.se\/","name":"J\u00f6rntr\u00e4hus","description":"H\u00fas fyrir me\u00f0vita\u00f0a","publisher":{"@id":"https:\/\/jorntrahus.se\/#organization"},"potentialAction":[{"@type":"SearchAction","target":{"@type":"EntryPoint","urlTemplate":"https:\/\/jorntrahus.se\/?s={search_term_string}"},"query-input":{"@type":"PropertyValueSpecification","valueRequired":true,"valueName":"search_term_string"}}],"inLanguage":"is"},{"@type":"Organization","@id":"https:\/\/jorntrahus.se\/#organization","name":"J\u00f6rntr\u00e4hus","url":"https:\/\/jorntrahus.se\/","logo":{"@type":"ImageObject","inLanguage":"is","@id":"https:\/\/jorntrahus.se\/#\/schema\/logo\/image\/","url":"https:\/\/jorntrahus.se\/wp-content\/uploads\/2020\/09\/Jorntrahus_Grund_CMYK.eps","contentUrl":"https:\/\/jorntrahus.se\/wp-content\/uploads\/2020\/09\/Jorntrahus_Grund_CMYK.eps","width":1,"height":1,"caption":"J\u00f6rntr\u00e4hus"},"image":{"@id":"https:\/\/jorntrahus.se\/#\/schema\/logo\/image\/"}}]}},"publishpress_future_action":{"enabled":false,"date":"2026-05-12 16:56:18","action":"change-status","newStatus":"draft","terms":[],"taxonomy":"","extraData":[]},"publishpress_future_workflow_manual_trigger":{"enabledWorkflows":[]},"_links":{"self":[{"href":"https:\/\/jorntrahus.se\/is\/wp-json\/wp\/v2\/pages\/7173","targetHints":{"allow":["GET"]}}],"collection":[{"href":"https:\/\/jorntrahus.se\/is\/wp-json\/wp\/v2\/pages"}],"about":[{"href":"https:\/\/jorntrahus.se\/is\/wp-json\/wp\/v2\/types\/page"}],"author":[{"embeddable":true,"href":"https:\/\/jorntrahus.se\/is\/wp-json\/wp\/v2\/users\/2"}],"replies":[{"embeddable":true,"href":"https:\/\/jorntrahus.se\/is\/wp-json\/wp\/v2\/comments?post=7173"}],"version-history":[{"count":12,"href":"https:\/\/jorntrahus.se\/is\/wp-json\/wp\/v2\/pages\/7173\/revisions"}],"predecessor-version":[{"id":12798,"href":"https:\/\/jorntrahus.se\/is\/wp-json\/wp\/v2\/pages\/7173\/revisions\/12798"}],"wp:attachment":[{"href":"https:\/\/jorntrahus.se\/is\/wp-json\/wp\/v2\/media?parent=7173"}],"curies":[{"name":"vp","href":"https:\/\/api.w.org\/{rel}","templated":true}]}}