{"id":9060,"date":"2018-06-13T14:17:29","date_gmt":"2018-06-13T12:17:29","guid":{"rendered":"https:\/\/jorntrahus.se\/?page_id=9060"},"modified":"2020-12-17T21:44:39","modified_gmt":"2020-12-17T20:44:39","slug":"personuverndarstefna","status":"publish","type":"page","link":"https:\/\/jorntrahus.se\/is\/om-oss\/integritetspolicy\/","title":{"rendered":"Pers\u00f3nuverndarstefna J\u00f6rntr\u00e4h\u00fass"},"content":{"rendered":"<div class=\"Section Section--margin u-borderBottom u-marginBxlg u-paddingBxlg\">\n<div class=\"Main-container Main-container--small u-textCenter\">\n<h1>Hvernig J\u00f6rntr\u00e4hus me\u00f0h\u00f6ndlar pers\u00f3nuuppl\u00fdsingar \u00fe\u00ednar<\/h1>\n<h3>Traust \u00feitt til okkar er afar mikilv\u00e6gt \u2013 b\u00e6\u00f0i vi\u00f0 afhendingu h\u00fasa en einnig \u00ed \u00fev\u00ed hvernig vi\u00f0 me\u00f0h\u00f6ndlum pers\u00f3nuuppl\u00fdsingar \u00fe\u00ednar. Vi\u00f0 berum \u00fev\u00ed \u00e1byrg\u00f0 \u00e1 a\u00f0 vernda fri\u00f0helgi vi\u00f0skiptavina okkar og hugsanlegra vi\u00f0skiptavina og vinna \u00far pers\u00f3nuuppl\u00fdsingum \u00e1 l\u00f6glegan og \u00f6ruggan h\u00e1tt.<\/h3>\n<p><strong>Me\u00f0 \u00fev\u00ed a\u00f0 panta v\u00f6rur e\u00f0a \u00fej\u00f3nustu \u2013 t.d. h\u00fasaskr\u00e1, h\u00fasl\u00edk\u00f6n o.s.frv. \u2013 ver\u00f0ur \u00fe\u00fa vi\u00f0skiptavinur J\u00f6rntr\u00e4hus i J\u00f6rn AB (fyrirt\u00e6kisn\u00famer 556947-6525) \u2013 h\u00e9r eftir nefnt J\u00f6rntr\u00e4hus.<\/strong><\/p>\n<p>Vi\u00f0skiptavinaskr\u00e1in inniheldur tengili\u00f0auppl\u00fdsingar sem \u00fe\u00fa hefur sj\u00e1lfur gefi\u00f0 okkur og uppl\u00fdsingar um p\u00f6ntun \u00fe\u00edna, tilbo\u00f0 e\u00f0a bei\u00f0ni um tengili\u00f0. Pers\u00f3nuuppl\u00fdsingarnar eru nota\u00f0ar til a\u00f0 geta afhent panta\u00f0an h\u00fasaskr\u00e1, til a\u00f0 geta haft samband vi\u00f0 \u00feig e\u00f0a til a\u00f0 uppfylla skuldbindingar \u00ed samningum vi\u00f0 \u00feig sem vi\u00f0skiptavin. Vi\u00f0 vinnum einnig me\u00f0 pers\u00f3nuuppl\u00fdsingar \u00fe\u00ednar til a\u00f0 stj\u00f3rna afhendingu\/\u00fej\u00f3nustu, marka\u00f0ssetningu \u00e1 v\u00f6rum og \u00fej\u00f3nustu J\u00f6rntr\u00e4hus, uppl\u00fdsinga\u00f6flun, sem og fyrir \u00e1kve\u00f0na t\u00f6lfr\u00e6\u00f0i, mat og g\u00e6\u00f0aeftirlit. Vi\u00f0 g\u00e6tum einnig \u00feurft a\u00f0 mi\u00f0la pers\u00f3nuuppl\u00fdsingum \u00fe\u00ednum til s\u00f6luf\u00f3lks okkar og samstarfsa\u00f0ila til a\u00f0 geta veitt bestu m\u00f6gulegu v\u00f6ru og \u00fej\u00f3nustu.<\/p>\n<p>Til \u00feess a\u00f0 J\u00f6rntr\u00e4hus geti uppfyllt skyldur s\u00ednar samkv\u00e6mt samningnum er nau\u00f0synlegt a\u00f0 \u00fe\u00fa l\u00e1tir okkur \u00ed t\u00e9 umbe\u00f0nar uppl\u00fdsingar. Einnig er nau\u00f0synlegt a\u00f0 vi\u00f0 vinnum \u00far sumum pers\u00f3nuuppl\u00fdsingum \u00fe\u00ednum \u00ed t\u00f6lfr\u00e6\u00f0i, mati og g\u00e6\u00f0aeftirliti, sem er l\u00f6gm\u00e6tt hagsmunam\u00e1l fyrir J\u00f6rntr\u00e4hus.<\/p>\n<p>J\u00f6rntr\u00e4hus vill nota t\u00f6lvup\u00f3st og s\u00edma \u00ed samskiptum okkar vi\u00f0 \u00feig sem vi\u00f0skiptavin e\u00f0a v\u00e6ntanlegan vi\u00f0skiptavin. \u00cd gegnum p\u00f6ntunarformi\u00f0 fyrir h\u00fasaskr\u00e1na og sambandsey\u00f0ubla\u00f0i\u00f0 \u00e1 vefs\u00ed\u00f0unni s\u00f6fnum vi\u00f0 \u00feeim g\u00f6gnum sem vi\u00f0 \u00feurfum til a\u00f0 geta a\u00f0sto\u00f0a\u00f0 \u00feig \u00e1 besta h\u00e1tt. Me\u00f0 \u00fev\u00ed a\u00f0 haka vi\u00f0 sam\u00feykkisreitinn og senda inn ey\u00f0ubl\u00f6\u00f0in sam\u00feykkir \u00fe\u00fa a\u00f0 pers\u00f3nuuppl\u00fdsingar \u00fe\u00ednar ver\u00f0i nota\u00f0ar til a\u00f0 au\u00f0velda samskipti vi\u00f0 \u00feig. Ef \u00fe\u00fa vilt ekki a\u00f0 g\u00f6gnin \u00fe\u00edn ver\u00f0i notu\u00f0 \u00ed marka\u00f0ssetningu, pr\u00f3f\u00edlger\u00f0 \u00ed marka\u00f0ssetningartilgangi e\u00f0a mi\u00f0lu\u00f0 til samstarfsa\u00f0ila okkar, vinsamlegast haf\u00f0u samband vi\u00f0 okkur \u00e1 <a href=\"mailto:info@jorntrahus.se\" target=\"_blank\" rel=\"noopener\">info@jorntrahus.se<\/a>.<\/p>\n<p>G\u00f6gnin \u00fe\u00edn kunna a\u00f0 vera unnin af svok\u00f6llu\u00f0um gagnavinnslua\u00f0ila sem a\u00f0sto\u00f0ar okkur \u00ed samskiptum vi\u00f0 \u00feig. \u00deessi gagnavinnslua\u00f0ili mun \u00fe\u00e1 a\u00f0eins vinna \u00far g\u00f6gnunum \u00ed samr\u00e6mi vi\u00f0 tilganginn sem pers\u00f3nuuppl\u00fdsingar \u00fe\u00ednar voru safna\u00f0ar fyrir. \u00dear \u00e1 me\u00f0al eru til d\u00e6mis samningsbundnir birgjar okkar, uppl\u00fdsingat\u00e6knir\u00e1\u00f0gjafar, verktakar og undirverktakar sem ver\u00f0a a\u00f0 hafa g\u00f6gnin \u00fe\u00edn \u00ed \u00feeim tilgangi sem h\u00e9r er l\u00fdst.<\/p>\n<p>Vi\u00f0 seljum ekki e\u00f0a flytjum \u00e1 annan h\u00e1tt pers\u00f3nuuppl\u00fdsingar \u00fe\u00ednar til \u00feri\u00f0ja a\u00f0ila. Undantekningar eru traustir \u00feri\u00f0ju a\u00f0ilar sem a\u00f0sto\u00f0a okkur vi\u00f0 a\u00f0 stj\u00f3rna vefs\u00ed\u00f0unni, reka vi\u00f0skipti okkar, afhenda v\u00f6rurnar sem \u00fe\u00fa pantar e\u00f0a veita \u00fej\u00f3nustu og \u00feessir a\u00f0ilar sam\u00feykkja a\u00f0 halda uppl\u00fdsingunum tr\u00fana\u00f0i og nota \u00fe\u00e6r ekki \u00ed \u00f6\u00f0rum tilgangi en sami\u00f0 hefur veri\u00f0 um. Vi\u00f0 g\u00e6tum einnig deilt pers\u00f3nuuppl\u00fdsingum \u00fe\u00ednum ef vi\u00f0 teljum \u00fea\u00f0 nau\u00f0synlegt til a\u00f0 uppfylla lagaskyldur.<\/p>\n<p>Vi\u00f0 h\u00f6fum samninga vi\u00f0 \u00feri\u00f0ja a\u00f0ila \u00fej\u00f3nustua\u00f0ila til a\u00f0 hj\u00e1lpa okkur a\u00f0 skilja betur vefs\u00ed\u00f0ugesti okkar. \u00deessir \u00fej\u00f3nustua\u00f0ilar mega ekki nota uppl\u00fdsingarnar sem \u00feeir safna fyrir okkar h\u00f6nd \u00ed neinu \u00f6\u00f0ru en a\u00f0 hj\u00e1lpa okkur a\u00f0 reka og b\u00e6ta vi\u00f0skipti okkar.<\/p>\n<p>J\u00f6rntr\u00e4hus mun geyma nau\u00f0synlegar uppl\u00fdsingar svo lengi sem vi\u00f0 h\u00f6fum skuldbindingu gagnvart \u00fe\u00e9r samkv\u00e6mt ger\u00f0um samningi, og a\u00f0 auki \u00ed \u00feann t\u00edma sem l\u00f6g kve\u00f0a \u00e1 um - t.d. b\u00f3khaldsl\u00f6g. Vi\u00f0 vinnum me\u00f0 pers\u00f3nuuppl\u00fdsingar \u00fe\u00ednar \u00ed \u00f6llum \u00f6\u00f0rum tilgangi sem h\u00e9r tilgreindur er \u00fear til \u00fe\u00fa afturkallar sam\u00feykki \u00feitt e\u00f0a tilkynnir okkur a\u00f0 \u00fe\u00fa viljir ekki lengur a\u00f0 vinnsla fari fram, en ekki lengur en fimm \u00e1r eftir a\u00f0 uppl\u00fdsingar \u00fe\u00ednar voru fyrst skr\u00e1\u00f0ar.<\/p>\n<p>Vinnsla pers\u00f3nuuppl\u00fdsinga \u00feinna \u00ed vi\u00f0skiptavinaskr\u00e1 J\u00f6rntr\u00e4hus byggist \u00e1 p\u00f6ntunarsamningi, lagaskyldum og\/e\u00f0a l\u00f6gm\u00e6tum hagsmunum. Ef um l\u00f6gm\u00e6tan hagsmuni er a\u00f0 r\u00e6\u00f0a notum vi\u00f0 g\u00f6gnin \u00fe\u00edn til d\u00e6mis til a\u00f0 a\u00f0laga samskipti okkar vi\u00f0 \u00feig \u00fat fr\u00e1 kaupum \u00fe\u00ednum.<\/p>\n<p>\u00c1byrg\u00f0ara\u00f0ili vinnslu pers\u00f3nuuppl\u00fdsinga er J\u00f6rntr\u00e4hus. \u00de\u00fa \u00e1tt r\u00e9tt \u00e1 a\u00f0 f\u00e1 uppl\u00fdsingar, \u00e1n endurgjalds, um hva\u00f0a pers\u00f3nuuppl\u00fdsingar eru til um \u00feig \u00ed starfsemi J\u00f6rntr\u00e4hus. \u00de\u00fa \u00e1tt einnig r\u00e9tt \u00e1 a\u00f0 \u00f3ska eftir lei\u00f0r\u00e9ttingu ef \u00fe\u00fa telur a\u00f0 uppl\u00fdsingar um \u00feig s\u00e9u rangar e\u00f0a villandi, e\u00f0a ey\u00f0ingu e\u00f0a takm\u00f6rkun \u00e1 vinnslu - ef skilyr\u00f0i fyrir \u00fev\u00ed eru fyrir hendi samkv\u00e6mt l\u00f6gum.<\/p>\n<p>Senda t\u00f6lvup\u00f3st \u00e1 <a href=\"mailto:info@jorntrahus.se\" target=\"_blank\" rel=\"noopener\">info@jorntrahus.se<\/a> svo \u00fe\u00fa f\u00e1ir \u00fe\u00e1 hj\u00e1lp sem \u00fe\u00fa \u00fearft.<\/p>\n<p><em>\u00de\u00fa hefur r\u00e9tt til a\u00f0 leggja fram kv\u00f6rtun vegna me\u00f0fer\u00f0ar okkar \u00e1 pers\u00f3nuuppl\u00fdsingum \u00fe\u00ednum til Pers\u00f3nuverndarstofnunarinnar \u00ed Sv\u00ed\u00fej\u00f3\u00f0, sem er eftirlitsstofnun. Heims\u00e6ktu <a href=\"http:\/\/datainspektionen.se\" target=\"_blank\" rel=\"noopener\">datainspektionen.se<\/a> fyrir frekari uppl\u00fdsingar.<\/em><\/p>\n<h2 class=\"u-textFamilySecondary\">Um vafrak\u00f6kur<\/h2>\n<p class=\"Preamble u-marginBz\">Vafrak\u00f6kur eru litlar textal\u00ednur sem eru lesnar inn \u00ed minni t\u00f6lvunnar \u00feinnar e\u00f0a geymdar sem skr\u00e1r \u00e1 t\u00f6lvunni \u00feinni til a\u00f0 b\u00e6ta notkun og upplifun vefs\u00ed\u00f0unnar. Samkv\u00e6mt s\u00e6nskum l\u00f6gum \u00feurfum vi\u00f0 a\u00f0 uppl\u00fdsa \u00feig um hva\u00f0a vafrak\u00f6kur eru nota\u00f0ar og tilgang \u00feeirra.<\/p>\n<\/div>\n<\/div>\n<div class=\"Section Section--margin\">\n<div class=\"Main-container Main-container--small Editorial\">\n<h3>Mismunandi ger\u00f0ir af sm\u00e1k\u00f6kum<\/h3>\n<p><strong>Varanlegar sm\u00e1k\u00f6kur<\/strong><br \/>\nVaranlegar vafrak\u00f6kur eru litlar textaskr\u00e1r sem eru vista\u00f0ar \u00e1 t\u00f6lvunni \u00feinni og s\u00ed\u00f0an eytt \u00e1 fyrirfram \u00e1kve\u00f0num degi. \u00de\u00e6r eru til d\u00e6mis nota\u00f0ar til a\u00f0 geyma stillingar sem notandinn gerir \u00e1 milli heims\u00f3kna \u00e1 vefs\u00ed\u00f0una.<\/p>\n<p><strong>Lotuvafrak\u00f6kur<\/strong><br \/>\nLotuvafrak\u00f6kur eru geymdar \u00ed minni vafrans og ey\u00f0ist \u00feegar vafranum er loka\u00f0. Til d\u00e6mis er h\u00e6gt a\u00f0 nota \u00fe\u00e6r til a\u00f0 vi\u00f0halda innskr\u00e1ningu \u00feegar notandinn f\u00e6rir sig \u00e1 milli s\u00ed\u00f0na.<\/p>\n<p><strong>Vafrak\u00f6kur fyrir t\u00f6lfr\u00e6\u00f0i<\/strong><br \/>\nEinnig eru til vafrak\u00f6kur sem safna t\u00f6lfr\u00e6\u00f0iuppl\u00fdsingum \u00e1 Jorntrahus.se. \u00deetta er me\u00f0al annars gert til a\u00f0 geta m\u00e6lt fj\u00f6lda gesta. T\u00f6lfr\u00e6\u00f0in sem er safna\u00f0 tengist ekki pers\u00f3nuuppl\u00fdsingum.<\/p>\n<h2>Vafrak\u00f6kur \u00e1 Jorntrahus.se<\/h2>\n<ul>\n<li>Mismunandi ger\u00f0ir af lotuk\u00f6kum eru nota\u00f0ar til a\u00f0 stj\u00f3rna hva\u00f0a uppl\u00fdsingar birtast \u00e1 mismunandi s\u00ed\u00f0um \u2013 til d\u00e6mis \u00feegar \u00fe\u00fa notar tengili\u00f0sey\u00f0ubl\u00f6\u00f0, s\u00edunara\u00f0ger\u00f0ir o.s.frv.<\/li>\n<li>Vi\u00f0 notum einnig vafrak\u00f6kur til a\u00f0 halda t\u00f6lfr\u00e6\u00f0i um hva\u00f0a s\u00ed\u00f0ur eru vins\u00e6lar og til a\u00f0 leggja til efni fyrir gesti.<\/li>\n<\/ul>\n<p>Ef \u00fe\u00fa vilt ekki a\u00f0 t\u00f6lvan \u00fe\u00edn taki vi\u00f0 og geymi vafrak\u00f6kur getur\u00f0u stillt \u00f6ryggisstillingarnar \u00ed vafranum \u00fe\u00ednum. Sumir hlutar Jorntrahus.se er a\u00f0eins h\u00e6gt a\u00f0 nota a\u00f0 fullu ef vafrinn \u00feinn leyfir vafrak\u00f6kur.<\/p>\n<p>Jorntrahus.se notar ekki vafrak\u00f6kur til a\u00f0 greina hvernig \u00fe\u00fa sem einstaklingur lest og smellir \u00e1 vefs\u00ed\u00f0unni. N\u00e9 \u00e1 nokkurn annan h\u00e1tt til a\u00f0 greina netheg\u00f0un \u00e1 einstaklingsstigi.<\/p>\n<p>Tenglar og tilv\u00edsanir sem finnast \u00e1 Jorntrahus.se geta leitt \u00e1 a\u00f0rar vefs\u00ed\u00f0ur sem einnig nota vafrak\u00f6kur, \u00fe\u00e6r eru ekki taldar upp h\u00e9r.<\/p>\n<p>Lesi\u00f0 meira um vafrak\u00f6kur \u00e1 <a title=\"P\u00f3st- og fjarskiptastofnunin\" href=\"http:\/\/www.pts.se\/sv\/bransch\/regler\/lagar\/lag-om-elektronisk-kommunikation\/kakor-cookies\/\" target=\"_blank\" rel=\"noopener\">Vefs\u00ed\u00f0a P\u00f3st- og fjarskiptastofnunar<\/a><\/p>\n<\/div>\n<\/div>","protected":false},"excerpt":{"rendered":"<p>Hur J\u00f6rntr\u00e4hus hanterar dina personuppgifter Ditt f\u00f6rtroende f\u00f6r oss \u00e4r av stor vikt \u2013 b\u00e5de vid leverans av hus men ocks\u00e5 hur vi hanterar dina personuppgifter. Vi tar d\u00e4rf\u00f6r ansvar f\u00f6r att skydda v\u00e5ra kunders och potentiella kunders integritet och behandla personuppgifter p\u00e5 ett lagligt och s\u00e4kert s\u00e4tt. Genom din best\u00e4llning av produkter eller tj\u00e4nst [&#8230;]\n","protected":false},"author":2,"featured_media":0,"parent":7,"menu_order":0,"comment_status":"closed","ping_status":"closed","template":"","meta":{"footnotes":""},"class_list":["post-9060","page","type-page","status-publish","hentry"],"yoast_head":"<!-- This site is optimized with the Yoast SEO plugin v27.5 - https:\/\/yoast.com\/product\/yoast-seo-wordpress\/ -->\n<title>J\u00f6rntr\u00e4hus integritetspolicy - J\u00f6rntr\u00e4hus<\/title>\n<meta name=\"robots\" content=\"index, follow, max-snippet:-1, max-image-preview:large, max-video-preview:-1\" \/>\n<link rel=\"canonical\" href=\"https:\/\/jorntrahus.se\/is\/um-okkur\/personuverndarstefna\/\" \/>\n<meta property=\"og:locale\" content=\"is_IS\" \/>\n<meta property=\"og:type\" content=\"article\" \/>\n<meta property=\"og:title\" content=\"J\u00f6rntr\u00e4hus integritetspolicy - J\u00f6rntr\u00e4hus\" \/>\n<meta property=\"og:description\" content=\"Hur J\u00f6rntr\u00e4hus hanterar dina personuppgifter Ditt f\u00f6rtroende f\u00f6r oss \u00e4r av stor vikt \u2013 b\u00e5de vid leverans av hus men ocks\u00e5 hur vi hanterar dina personuppgifter. Vi tar d\u00e4rf\u00f6r ansvar f\u00f6r att skydda v\u00e5ra kunders och potentiella kunders integritet och behandla personuppgifter p\u00e5 ett lagligt och s\u00e4kert s\u00e4tt. Genom din best\u00e4llning av produkter eller tj\u00e4nst [...]\" \/>\n<meta property=\"og:url\" content=\"https:\/\/jorntrahus.se\/is\/um-okkur\/personuverndarstefna\/\" \/>\n<meta property=\"og:site_name\" content=\"J\u00f6rntr\u00e4hus\" \/>\n<meta property=\"article:modified_time\" content=\"2020-12-17T20:44:39+00:00\" \/>\n<meta name=\"twitter:card\" content=\"summary_large_image\" \/>\n<meta name=\"twitter:label1\" content=\"Est. reading time\" \/>\n\t<meta name=\"twitter:data1\" content=\"6 minutes\" \/>\n<script type=\"application\/ld+json\" class=\"yoast-schema-graph\">{\"@context\":\"https:\\\/\\\/schema.org\",\"@graph\":[{\"@type\":\"WebPage\",\"@id\":\"https:\\\/\\\/jorntrahus.se\\\/om-oss\\\/integritetspolicy\\\/\",\"url\":\"https:\\\/\\\/jorntrahus.se\\\/om-oss\\\/integritetspolicy\\\/\",\"name\":\"J\u00f6rntr\u00e4hus integritetspolicy - J\u00f6rntr\u00e4hus\",\"isPartOf\":{\"@id\":\"https:\\\/\\\/jorntrahus.se\\\/#website\"},\"datePublished\":\"2018-06-13T12:17:29+00:00\",\"dateModified\":\"2020-12-17T20:44:39+00:00\",\"breadcrumb\":{\"@id\":\"https:\\\/\\\/jorntrahus.se\\\/om-oss\\\/integritetspolicy\\\/#breadcrumb\"},\"inLanguage\":\"is\",\"potentialAction\":[{\"@type\":\"ReadAction\",\"target\":[\"https:\\\/\\\/jorntrahus.se\\\/om-oss\\\/integritetspolicy\\\/\"]}]},{\"@type\":\"BreadcrumbList\",\"@id\":\"https:\\\/\\\/jorntrahus.se\\\/om-oss\\\/integritetspolicy\\\/#breadcrumb\",\"itemListElement\":[{\"@type\":\"ListItem\",\"position\":1,\"name\":\"Hem\",\"item\":\"https:\\\/\\\/jorntrahus.se\\\/\"},{\"@type\":\"ListItem\",\"position\":2,\"name\":\"Om oss\",\"item\":\"https:\\\/\\\/jorntrahus.se\\\/om-oss\\\/\"},{\"@type\":\"ListItem\",\"position\":3,\"name\":\"J\u00f6rntr\u00e4hus integritetspolicy\"}]},{\"@type\":\"WebSite\",\"@id\":\"https:\\\/\\\/jorntrahus.se\\\/#website\",\"url\":\"https:\\\/\\\/jorntrahus.se\\\/\",\"name\":\"J\u00f6rntr\u00e4hus\",\"description\":\"Hus f\u00f6r den medvetne\",\"publisher\":{\"@id\":\"https:\\\/\\\/jorntrahus.se\\\/#organization\"},\"potentialAction\":[{\"@type\":\"SearchAction\",\"target\":{\"@type\":\"EntryPoint\",\"urlTemplate\":\"https:\\\/\\\/jorntrahus.se\\\/?s={search_term_string}\"},\"query-input\":{\"@type\":\"PropertyValueSpecification\",\"valueRequired\":true,\"valueName\":\"search_term_string\"}}],\"inLanguage\":\"is\"},{\"@type\":\"Organization\",\"@id\":\"https:\\\/\\\/jorntrahus.se\\\/#organization\",\"name\":\"J\u00f6rntr\u00e4hus\",\"url\":\"https:\\\/\\\/jorntrahus.se\\\/\",\"logo\":{\"@type\":\"ImageObject\",\"inLanguage\":\"is\",\"@id\":\"https:\\\/\\\/jorntrahus.se\\\/#\\\/schema\\\/logo\\\/image\\\/\",\"url\":\"https:\\\/\\\/jorntrahus.se\\\/wp-content\\\/uploads\\\/2020\\\/09\\\/Jorntrahus_Grund_CMYK.eps\",\"contentUrl\":\"https:\\\/\\\/jorntrahus.se\\\/wp-content\\\/uploads\\\/2020\\\/09\\\/Jorntrahus_Grund_CMYK.eps\",\"width\":1,\"height\":1,\"caption\":\"J\u00f6rntr\u00e4hus\"},\"image\":{\"@id\":\"https:\\\/\\\/jorntrahus.se\\\/#\\\/schema\\\/logo\\\/image\\\/\"}}]}<\/script>\n<!-- \/ Yoast SEO plugin. -->","yoast_head_json":{"title":"Pers\u00f3nuverndarstefna J\u00f6rntr\u00e4hus - J\u00f6rntr\u00e4hus","robots":{"index":"index","follow":"follow","max-snippet":"max-snippet:-1","max-image-preview":"max-image-preview:large","max-video-preview":"max-video-preview:-1"},"canonical":"https:\/\/jorntrahus.se\/is\/um-okkur\/personuverndarstefna\/","og_locale":"is_IS","og_type":"article","og_title":"J\u00f6rntr\u00e4hus integritetspolicy - J\u00f6rntr\u00e4hus","og_description":"Hur J\u00f6rntr\u00e4hus hanterar dina personuppgifter Ditt f\u00f6rtroende f\u00f6r oss \u00e4r av stor vikt \u2013 b\u00e5de vid leverans av hus men ocks\u00e5 hur vi hanterar dina personuppgifter. Vi tar d\u00e4rf\u00f6r ansvar f\u00f6r att skydda v\u00e5ra kunders och potentiella kunders integritet och behandla personuppgifter p\u00e5 ett lagligt och s\u00e4kert s\u00e4tt. Genom din best\u00e4llning av produkter eller tj\u00e4nst [...]","og_url":"https:\/\/jorntrahus.se\/is\/um-okkur\/personuverndarstefna\/","og_site_name":"J\u00f6rntr\u00e4hus","article_modified_time":"2020-12-17T20:44:39+00:00","twitter_card":"summary_large_image","twitter_misc":{"Est. reading time":"6 minutes"},"schema":{"@context":"https:\/\/schema.org","@graph":[{"@type":"WebPage","@id":"https:\/\/jorntrahus.se\/om-oss\/integritetspolicy\/","url":"https:\/\/jorntrahus.se\/om-oss\/integritetspolicy\/","name":"Pers\u00f3nuverndarstefna J\u00f6rntr\u00e4hus - J\u00f6rntr\u00e4hus","isPartOf":{"@id":"https:\/\/jorntrahus.se\/#website"},"datePublished":"2018-06-13T12:17:29+00:00","dateModified":"2020-12-17T20:44:39+00:00","breadcrumb":{"@id":"https:\/\/jorntrahus.se\/om-oss\/integritetspolicy\/#breadcrumb"},"inLanguage":"is","potentialAction":[{"@type":"ReadAction","target":["https:\/\/jorntrahus.se\/om-oss\/integritetspolicy\/"]}]},{"@type":"BreadcrumbList","@id":"https:\/\/jorntrahus.se\/om-oss\/integritetspolicy\/#breadcrumb","itemListElement":[{"@type":"ListItem","position":1,"name":"Hem","item":"https:\/\/jorntrahus.se\/"},{"@type":"ListItem","position":2,"name":"Om oss","item":"https:\/\/jorntrahus.se\/om-oss\/"},{"@type":"ListItem","position":3,"name":"J\u00f6rntr\u00e4hus integritetspolicy"}]},{"@type":"WebSite","@id":"https:\/\/jorntrahus.se\/#website","url":"https:\/\/jorntrahus.se\/","name":"J\u00f6rntr\u00e4hus","description":"H\u00fas fyrir me\u00f0vita\u00f0a","publisher":{"@id":"https:\/\/jorntrahus.se\/#organization"},"potentialAction":[{"@type":"SearchAction","target":{"@type":"EntryPoint","urlTemplate":"https:\/\/jorntrahus.se\/?s={search_term_string}"},"query-input":{"@type":"PropertyValueSpecification","valueRequired":true,"valueName":"search_term_string"}}],"inLanguage":"is"},{"@type":"Organization","@id":"https:\/\/jorntrahus.se\/#organization","name":"J\u00f6rntr\u00e4hus","url":"https:\/\/jorntrahus.se\/","logo":{"@type":"ImageObject","inLanguage":"is","@id":"https:\/\/jorntrahus.se\/#\/schema\/logo\/image\/","url":"https:\/\/jorntrahus.se\/wp-content\/uploads\/2020\/09\/Jorntrahus_Grund_CMYK.eps","contentUrl":"https:\/\/jorntrahus.se\/wp-content\/uploads\/2020\/09\/Jorntrahus_Grund_CMYK.eps","width":1,"height":1,"caption":"J\u00f6rntr\u00e4hus"},"image":{"@id":"https:\/\/jorntrahus.se\/#\/schema\/logo\/image\/"}}]}},"publishpress_future_action":{"enabled":false,"date":"2026-05-17 17:23:08","action":"change-status","newStatus":"draft","terms":[],"taxonomy":"","extraData":[]},"publishpress_future_workflow_manual_trigger":{"enabledWorkflows":[]},"_links":{"self":[{"href":"https:\/\/jorntrahus.se\/is\/wp-json\/wp\/v2\/pages\/9060","targetHints":{"allow":["GET"]}}],"collection":[{"href":"https:\/\/jorntrahus.se\/is\/wp-json\/wp\/v2\/pages"}],"about":[{"href":"https:\/\/jorntrahus.se\/is\/wp-json\/wp\/v2\/types\/page"}],"author":[{"embeddable":true,"href":"https:\/\/jorntrahus.se\/is\/wp-json\/wp\/v2\/users\/2"}],"replies":[{"embeddable":true,"href":"https:\/\/jorntrahus.se\/is\/wp-json\/wp\/v2\/comments?post=9060"}],"version-history":[{"count":6,"href":"https:\/\/jorntrahus.se\/is\/wp-json\/wp\/v2\/pages\/9060\/revisions"}],"predecessor-version":[{"id":9246,"href":"https:\/\/jorntrahus.se\/is\/wp-json\/wp\/v2\/pages\/9060\/revisions\/9246"}],"up":[{"embeddable":true,"href":"https:\/\/jorntrahus.se\/is\/wp-json\/wp\/v2\/pages\/7"}],"wp:attachment":[{"href":"https:\/\/jorntrahus.se\/is\/wp-json\/wp\/v2\/media?parent=9060"}],"curies":[{"name":"vp","href":"https:\/\/api.w.org\/{rel}","templated":true}]}}