{"id":12441,"date":"2021-01-14T13:26:19","date_gmt":"2021-01-14T12:26:19","guid":{"rendered":"https:\/\/jorntrahus.se\/?post_type=product&#038;p=12441"},"modified":"2023-02-16T12:04:35","modified_gmt":"2023-02-16T11:04:35","slug":"swan-river-86","status":"publish","type":"product","link":"https:\/\/jorntrahus.se\/is\/husmodell\/svanstrom-86\/","title":{"rendered":"Svanstrom 86"},"content":{"rendered":"","protected":false},"excerpt":{"rendered":"<div class=\"page\" title=\"S\u00ed\u00f0a 16\">\n<div class=\"layoutArea\">\n<div class=\"column\">\n<h3>Horn og spennandi \u00feakgluggar auka upplifunina \u00ed \u00feessu fr\u00edstundah\u00fasi.<\/h3>\n<p>Svanstr\u00f6m 86 er ekki alveg eins st\u00f3rt og st\u00e6rra systkini\u00f0, en me\u00f0 tveggja manna svefnherbergjum og hagn\u00fdtri skipulagningu er alltaf laust pl\u00e1ss. R\u00famg\u00f3\u00f0 svalir \u00ed horninu skapa notalega ver\u00f6nd.<\/p>\n<\/div>\n<\/div>\n<\/div>","protected":false},"featured_media":12418,"template":"","meta":[],"product_brand":[],"product_cat":[590],"product_tag":[26,1280],"class_list":{"0":"post-12441","1":"product","2":"type-product","3":"status-publish","4":"has-post-thumbnail","6":"product_cat-svanstrom","7":"product_tag-003-1-plan","8":"product_tag-vinkelhus","9":"husstil-vinkelhus","10":"hustyp-fritidshus","12":"first","13":"instock","14":"shipping-taxable","15":"product-type-simple"},"yoast_head":"<!-- This site is optimized with the Yoast SEO plugin v27.5 - https:\/\/yoast.com\/product\/yoast-seo-wordpress\/ -->\n<title>Svanstr\u00f6m 86 - J\u00f6rntr\u00e4hus<\/title>\n<meta name=\"robots\" content=\"index, follow, max-snippet:-1, max-image-preview:large, max-video-preview:-1\" \/>\n<link rel=\"canonical\" href=\"https:\/\/jorntrahus.se\/is\/huslikan\/swan-river-86\/\" \/>\n<meta property=\"og:locale\" content=\"is_IS\" \/>\n<meta property=\"og:type\" content=\"article\" \/>\n<meta property=\"og:title\" content=\"Svanstr\u00f6m 86 - J\u00f6rntr\u00e4hus\" \/>\n<meta property=\"og:description\" content=\"Vinklar och sp\u00e4nnande takkupor f\u00f6rgyller upplevelsen i detta fritidshus. Svanstr\u00f6m 86 \u00e4r inte fullt lika stor som sitt st\u00f6rre syskon men med dubbla sovrum och en praktisk planl\u00f6sning finns alltid fria ytor tillg\u00e4ngliga. Den v\u00e4l tilltagna altanen i vinkeln skapar en mysig uteplats.\" \/>\n<meta property=\"og:url\" content=\"https:\/\/jorntrahus.se\/is\/huslikan\/swan-river-86\/\" \/>\n<meta property=\"og:site_name\" content=\"J\u00f6rntr\u00e4hus\" \/>\n<meta property=\"article:modified_time\" content=\"2023-02-16T11:04:35+00:00\" \/>\n<meta property=\"og:image\" content=\"https:\/\/jorntrahus.se\/wp-content\/uploads\/2021\/01\/Svanstrom-86-Fritidshus-Byggsats-Hus-fran-Jorntrahus-1-scaled.jpg\" \/>\n\t<meta property=\"og:image:width\" content=\"2560\" \/>\n\t<meta property=\"og:image:height\" content=\"1705\" \/>\n\t<meta property=\"og:image:type\" content=\"image\/jpeg\" \/>\n<meta name=\"twitter:card\" content=\"summary_large_image\" \/>\n<script type=\"application\/ld+json\" class=\"yoast-schema-graph\">{\"@context\":\"https:\\\/\\\/schema.org\",\"@graph\":[{\"@type\":\"WebPage\",\"@id\":\"https:\\\/\\\/jorntrahus.se\\\/husmodell\\\/svanstrom-86\\\/\",\"url\":\"https:\\\/\\\/jorntrahus.se\\\/husmodell\\\/svanstrom-86\\\/\",\"name\":\"Svanstr\u00f6m 86 - J\u00f6rntr\u00e4hus\",\"isPartOf\":{\"@id\":\"https:\\\/\\\/jorntrahus.se\\\/#website\"},\"primaryImageOfPage\":{\"@id\":\"https:\\\/\\\/jorntrahus.se\\\/husmodell\\\/svanstrom-86\\\/#primaryimage\"},\"image\":{\"@id\":\"https:\\\/\\\/jorntrahus.se\\\/husmodell\\\/svanstrom-86\\\/#primaryimage\"},\"thumbnailUrl\":\"https:\\\/\\\/jorntrahus.se\\\/wp-content\\\/uploads\\\/2021\\\/01\\\/Svanstrom-86-Fritidshus-Byggsats-Hus-fran-Jorntrahus-1-scaled.jpg\",\"datePublished\":\"2021-01-14T12:26:19+00:00\",\"dateModified\":\"2023-02-16T11:04:35+00:00\",\"breadcrumb\":{\"@id\":\"https:\\\/\\\/jorntrahus.se\\\/husmodell\\\/svanstrom-86\\\/#breadcrumb\"},\"inLanguage\":\"is\",\"potentialAction\":[{\"@type\":\"ReadAction\",\"target\":[\"https:\\\/\\\/jorntrahus.se\\\/husmodell\\\/svanstrom-86\\\/\"]}]},{\"@type\":\"ImageObject\",\"inLanguage\":\"is\",\"@id\":\"https:\\\/\\\/jorntrahus.se\\\/husmodell\\\/svanstrom-86\\\/#primaryimage\",\"url\":\"https:\\\/\\\/jorntrahus.se\\\/wp-content\\\/uploads\\\/2021\\\/01\\\/Svanstrom-86-Fritidshus-Byggsats-Hus-fran-Jorntrahus-1-scaled.jpg\",\"contentUrl\":\"https:\\\/\\\/jorntrahus.se\\\/wp-content\\\/uploads\\\/2021\\\/01\\\/Svanstrom-86-Fritidshus-Byggsats-Hus-fran-Jorntrahus-1-scaled.jpg\",\"width\":2560,\"height\":1705,\"caption\":\"Svanstrom 86 Fritidshus Byggsats Hus fran Jorntrahus 1\"},{\"@type\":\"BreadcrumbList\",\"@id\":\"https:\\\/\\\/jorntrahus.se\\\/husmodell\\\/svanstrom-86\\\/#breadcrumb\",\"itemListElement\":[{\"@type\":\"ListItem\",\"position\":1,\"name\":\"Hem\",\"item\":\"https:\\\/\\\/jorntrahus.se\\\/\"},{\"@type\":\"ListItem\",\"position\":2,\"name\":\"V\u00e5ra hus\",\"item\":\"https:\\\/\\\/jorntrahus.se\\\/husen\\\/\"},{\"@type\":\"ListItem\",\"position\":3,\"name\":\"Svanstr\u00f6m 86\"}]},{\"@type\":\"WebSite\",\"@id\":\"https:\\\/\\\/jorntrahus.se\\\/#website\",\"url\":\"https:\\\/\\\/jorntrahus.se\\\/\",\"name\":\"J\u00f6rntr\u00e4hus\",\"description\":\"Hus f\u00f6r den medvetne\",\"publisher\":{\"@id\":\"https:\\\/\\\/jorntrahus.se\\\/#organization\"},\"potentialAction\":[{\"@type\":\"SearchAction\",\"target\":{\"@type\":\"EntryPoint\",\"urlTemplate\":\"https:\\\/\\\/jorntrahus.se\\\/?s={search_term_string}\"},\"query-input\":{\"@type\":\"PropertyValueSpecification\",\"valueRequired\":true,\"valueName\":\"search_term_string\"}}],\"inLanguage\":\"is\"},{\"@type\":\"Organization\",\"@id\":\"https:\\\/\\\/jorntrahus.se\\\/#organization\",\"name\":\"J\u00f6rntr\u00e4hus\",\"url\":\"https:\\\/\\\/jorntrahus.se\\\/\",\"logo\":{\"@type\":\"ImageObject\",\"inLanguage\":\"is\",\"@id\":\"https:\\\/\\\/jorntrahus.se\\\/#\\\/schema\\\/logo\\\/image\\\/\",\"url\":\"https:\\\/\\\/jorntrahus.se\\\/wp-content\\\/uploads\\\/2020\\\/09\\\/Jorntrahus_Grund_CMYK.eps\",\"contentUrl\":\"https:\\\/\\\/jorntrahus.se\\\/wp-content\\\/uploads\\\/2020\\\/09\\\/Jorntrahus_Grund_CMYK.eps\",\"width\":1,\"height\":1,\"caption\":\"J\u00f6rntr\u00e4hus\"},\"image\":{\"@id\":\"https:\\\/\\\/jorntrahus.se\\\/#\\\/schema\\\/logo\\\/image\\\/\"}}]}<\/script>\n<!-- \/ Yoast SEO plugin. -->","yoast_head_json":{"title":"Svanstr\u00f6m 86 - J\u00f6rntr\u00e4hus","robots":{"index":"index","follow":"follow","max-snippet":"max-snippet:-1","max-image-preview":"max-image-preview:large","max-video-preview":"max-video-preview:-1"},"canonical":"https:\/\/jorntrahus.se\/is\/huslikan\/swan-river-86\/","og_locale":"is_IS","og_type":"article","og_title":"Svanstr\u00f6m 86 - J\u00f6rntr\u00e4hus","og_description":"Vinklar och sp\u00e4nnande takkupor f\u00f6rgyller upplevelsen i detta fritidshus. Svanstr\u00f6m 86 \u00e4r inte fullt lika stor som sitt st\u00f6rre syskon men med dubbla sovrum och en praktisk planl\u00f6sning finns alltid fria ytor tillg\u00e4ngliga. Den v\u00e4l tilltagna altanen i vinkeln skapar en mysig uteplats.","og_url":"https:\/\/jorntrahus.se\/is\/huslikan\/swan-river-86\/","og_site_name":"J\u00f6rntr\u00e4hus","article_modified_time":"2023-02-16T11:04:35+00:00","og_image":[{"width":2560,"height":1705,"url":"https:\/\/jorntrahus.se\/wp-content\/uploads\/2021\/01\/Svanstrom-86-Fritidshus-Byggsats-Hus-fran-Jorntrahus-1-scaled.jpg","type":"image\/jpeg"}],"twitter_card":"summary_large_image","schema":{"@context":"https:\/\/schema.org","@graph":[{"@type":"WebPage","@id":"https:\/\/jorntrahus.se\/husmodell\/svanstrom-86\/","url":"https:\/\/jorntrahus.se\/husmodell\/svanstrom-86\/","name":"Svanstr\u00f6m 86 - J\u00f6rntr\u00e4hus","isPartOf":{"@id":"https:\/\/jorntrahus.se\/#website"},"primaryImageOfPage":{"@id":"https:\/\/jorntrahus.se\/husmodell\/svanstrom-86\/#primaryimage"},"image":{"@id":"https:\/\/jorntrahus.se\/husmodell\/svanstrom-86\/#primaryimage"},"thumbnailUrl":"https:\/\/jorntrahus.se\/wp-content\/uploads\/2021\/01\/Svanstrom-86-Fritidshus-Byggsats-Hus-fran-Jorntrahus-1-scaled.jpg","datePublished":"2021-01-14T12:26:19+00:00","dateModified":"2023-02-16T11:04:35+00:00","breadcrumb":{"@id":"https:\/\/jorntrahus.se\/husmodell\/svanstrom-86\/#breadcrumb"},"inLanguage":"is","potentialAction":[{"@type":"ReadAction","target":["https:\/\/jorntrahus.se\/husmodell\/svanstrom-86\/"]}]},{"@type":"ImageObject","inLanguage":"is","@id":"https:\/\/jorntrahus.se\/husmodell\/svanstrom-86\/#primaryimage","url":"https:\/\/jorntrahus.se\/wp-content\/uploads\/2021\/01\/Svanstrom-86-Fritidshus-Byggsats-Hus-fran-Jorntrahus-1-scaled.jpg","contentUrl":"https:\/\/jorntrahus.se\/wp-content\/uploads\/2021\/01\/Svanstrom-86-Fritidshus-Byggsats-Hus-fran-Jorntrahus-1-scaled.jpg","width":2560,"height":1705,"caption":"Svanstrom 86 Fritidshus Byggsats Hus fran Jorntrahus 1"},{"@type":"BreadcrumbList","@id":"https:\/\/jorntrahus.se\/husmodell\/svanstrom-86\/#breadcrumb","itemListElement":[{"@type":"ListItem","position":1,"name":"Hem","item":"https:\/\/jorntrahus.se\/"},{"@type":"ListItem","position":2,"name":"V\u00e5ra hus","item":"https:\/\/jorntrahus.se\/husen\/"},{"@type":"ListItem","position":3,"name":"Svanstr\u00f6m 86"}]},{"@type":"WebSite","@id":"https:\/\/jorntrahus.se\/#website","url":"https:\/\/jorntrahus.se\/","name":"J\u00f6rntr\u00e4hus","description":"H\u00fas fyrir me\u00f0vita\u00f0a","publisher":{"@id":"https:\/\/jorntrahus.se\/#organization"},"potentialAction":[{"@type":"SearchAction","target":{"@type":"EntryPoint","urlTemplate":"https:\/\/jorntrahus.se\/?s={search_term_string}"},"query-input":{"@type":"PropertyValueSpecification","valueRequired":true,"valueName":"search_term_string"}}],"inLanguage":"is"},{"@type":"Organization","@id":"https:\/\/jorntrahus.se\/#organization","name":"J\u00f6rntr\u00e4hus","url":"https:\/\/jorntrahus.se\/","logo":{"@type":"ImageObject","inLanguage":"is","@id":"https:\/\/jorntrahus.se\/#\/schema\/logo\/image\/","url":"https:\/\/jorntrahus.se\/wp-content\/uploads\/2020\/09\/Jorntrahus_Grund_CMYK.eps","contentUrl":"https:\/\/jorntrahus.se\/wp-content\/uploads\/2020\/09\/Jorntrahus_Grund_CMYK.eps","width":1,"height":1,"caption":"J\u00f6rntr\u00e4hus"},"image":{"@id":"https:\/\/jorntrahus.se\/#\/schema\/logo\/image\/"}}]}},"publishpress_future_workflow_manual_trigger":{"enabledWorkflows":[]},"_links":{"self":[{"href":"https:\/\/jorntrahus.se\/is\/wp-json\/wp\/v2\/product\/12441","targetHints":{"allow":["GET"]}}],"collection":[{"href":"https:\/\/jorntrahus.se\/is\/wp-json\/wp\/v2\/product"}],"about":[{"href":"https:\/\/jorntrahus.se\/is\/wp-json\/wp\/v2\/types\/product"}],"wp:featuredmedia":[{"embeddable":true,"href":"https:\/\/jorntrahus.se\/is\/wp-json\/wp\/v2\/media\/12418"}],"wp:attachment":[{"href":"https:\/\/jorntrahus.se\/is\/wp-json\/wp\/v2\/media?parent=12441"}],"wp:term":[{"taxonomy":"product_brand","embeddable":true,"href":"https:\/\/jorntrahus.se\/is\/wp-json\/wp\/v2\/product_brand?post=12441"},{"taxonomy":"product_cat","embeddable":true,"href":"https:\/\/jorntrahus.se\/is\/wp-json\/wp\/v2\/product_cat?post=12441"},{"taxonomy":"product_tag","embeddable":true,"href":"https:\/\/jorntrahus.se\/is\/wp-json\/wp\/v2\/product_tag?post=12441"}],"curies":[{"name":"vp","href":"https:\/\/api.w.org\/{rel}","templated":true}]}}