{"id":12443,"date":"2021-01-14T13:40:26","date_gmt":"2021-01-14T12:40:26","guid":{"rendered":"https:\/\/jorntrahus.se\/?post_type=product&#038;p=12443"},"modified":"2022-10-27T15:19:02","modified_gmt":"2022-10-27T13:19:02","slug":"kalt-vedur-153","status":"publish","type":"product","link":"https:\/\/jorntrahus.se\/is\/husmodell\/kallbomark-153\/","title":{"rendered":"Kallbomark 153"},"content":{"rendered":"","protected":false},"excerpt":{"rendered":"<h3>Herragar\u00f0sstemningin er \u00e1 tveimur h\u00e6\u00f0um me\u00f0 st\u00f3rum, frelsandi r\u00fdmum \u2013 samtals 240 fermetrum til r\u00e1\u00f0st\u00f6funar.<\/h3>\n<p>\u00deessi ger\u00f0 er afbrig\u00f0i af vins\u00e6la timburh\u00fasinu Bergsholmen, en h\u00e9r byggt \u00ed st\u00f3rum blokkum. \u00cd sta\u00f0al\u00fatg\u00e1funni er K\u00e4llbomark me\u00f0 fj\u00f6gur r\u00famg\u00f3\u00f0 svefnherbergi, \u00feannig a\u00f0 \u00fea\u00f0 er pl\u00e1ss fyrir jafnvel st\u00e6rri fj\u00f6lskylduna. B\u00e6ttu vi\u00f0 fr\u00e1b\u00e6rri sta\u00f0setningu og draumah\u00fasi\u00f0 \u00feitt er sta\u00f0reynd.<\/p>","protected":false},"featured_media":12415,"template":"","meta":[],"product_brand":[],"product_cat":[1251],"product_tag":[29,1267],"class_list":{"0":"post-12443","1":"product","2":"type-product","3":"status-publish","4":"has-post-thumbnail","6":"product_cat-kallbomark","7":"product_tag-001-2-plan","8":"product_tag-klassiskt-hus","9":"husstil-klassiska-hus","10":"hustyp-fritidshus","12":"first","13":"instock","14":"shipping-taxable","15":"product-type-simple"},"yoast_head":"<!-- This site is optimized with the Yoast SEO plugin v27.5 - https:\/\/yoast.com\/product\/yoast-seo-wordpress\/ -->\n<title>K\u00e4llbomark 153 - J\u00f6rntr\u00e4hus<\/title>\n<meta name=\"robots\" content=\"index, follow, max-snippet:-1, max-image-preview:large, max-video-preview:-1\" \/>\n<link rel=\"canonical\" href=\"https:\/\/jorntrahus.se\/is\/huslikan\/kalt-vedur-153\/\" \/>\n<meta property=\"og:locale\" content=\"is_IS\" \/>\n<meta property=\"og:type\" content=\"article\" \/>\n<meta property=\"og:title\" content=\"K\u00e4llbomark 153 - J\u00f6rntr\u00e4hus\" \/>\n<meta property=\"og:description\" content=\"Herrg\u00e5rdsk\u00e4nslan i tv\u00e5\u00a0fulla plan med stora befriande ytor \u2013 totalt 240 kvadratmeter att disponera. Denna modell \u00e4r en variant p\u00e5 det popul\u00e4ra knuttimrade huset Bergsholmen, men h\u00e4r byggd i storblock. I standardutf\u00f6randet har K\u00e4llbomark fyra v\u00e4l tilltagna sovrum, s\u00e5 h\u00e4r finns plats \u00e4ven f\u00f6r den st\u00f6rre familjen. Tills\u00e4tt ett fantastiskt l\u00e4ge och ert dr\u00f6mhus \u00e4r ett faktum.\" \/>\n<meta property=\"og:url\" content=\"https:\/\/jorntrahus.se\/is\/huslikan\/kalt-vedur-153\/\" \/>\n<meta property=\"og:site_name\" content=\"J\u00f6rntr\u00e4hus\" \/>\n<meta property=\"article:modified_time\" content=\"2022-10-27T13:19:02+00:00\" \/>\n<meta property=\"og:image\" content=\"https:\/\/jorntrahus.se\/wp-content\/uploads\/2021\/01\/Kallbomark-153-Fritidshus-Byggsats-Hus-fran-Jorntrahus-scaled.jpg\" \/>\n\t<meta property=\"og:image:width\" content=\"2560\" \/>\n\t<meta property=\"og:image:height\" content=\"1705\" \/>\n\t<meta property=\"og:image:type\" content=\"image\/jpeg\" \/>\n<meta name=\"twitter:card\" content=\"summary_large_image\" \/>\n<script type=\"application\/ld+json\" class=\"yoast-schema-graph\">{\"@context\":\"https:\\\/\\\/schema.org\",\"@graph\":[{\"@type\":\"WebPage\",\"@id\":\"https:\\\/\\\/jorntrahus.se\\\/husmodell\\\/kallbomark-153\\\/\",\"url\":\"https:\\\/\\\/jorntrahus.se\\\/husmodell\\\/kallbomark-153\\\/\",\"name\":\"K\u00e4llbomark 153 - J\u00f6rntr\u00e4hus\",\"isPartOf\":{\"@id\":\"https:\\\/\\\/jorntrahus.se\\\/#website\"},\"primaryImageOfPage\":{\"@id\":\"https:\\\/\\\/jorntrahus.se\\\/husmodell\\\/kallbomark-153\\\/#primaryimage\"},\"image\":{\"@id\":\"https:\\\/\\\/jorntrahus.se\\\/husmodell\\\/kallbomark-153\\\/#primaryimage\"},\"thumbnailUrl\":\"https:\\\/\\\/jorntrahus.se\\\/wp-content\\\/uploads\\\/2021\\\/01\\\/Kallbomark-153-Fritidshus-Byggsats-Hus-fran-Jorntrahus-scaled.jpg\",\"datePublished\":\"2021-01-14T12:40:26+00:00\",\"dateModified\":\"2022-10-27T13:19:02+00:00\",\"breadcrumb\":{\"@id\":\"https:\\\/\\\/jorntrahus.se\\\/husmodell\\\/kallbomark-153\\\/#breadcrumb\"},\"inLanguage\":\"is\",\"potentialAction\":[{\"@type\":\"ReadAction\",\"target\":[\"https:\\\/\\\/jorntrahus.se\\\/husmodell\\\/kallbomark-153\\\/\"]}]},{\"@type\":\"ImageObject\",\"inLanguage\":\"is\",\"@id\":\"https:\\\/\\\/jorntrahus.se\\\/husmodell\\\/kallbomark-153\\\/#primaryimage\",\"url\":\"https:\\\/\\\/jorntrahus.se\\\/wp-content\\\/uploads\\\/2021\\\/01\\\/Kallbomark-153-Fritidshus-Byggsats-Hus-fran-Jorntrahus-scaled.jpg\",\"contentUrl\":\"https:\\\/\\\/jorntrahus.se\\\/wp-content\\\/uploads\\\/2021\\\/01\\\/Kallbomark-153-Fritidshus-Byggsats-Hus-fran-Jorntrahus-scaled.jpg\",\"width\":2560,\"height\":1705,\"caption\":\"Kallbomark 153 Fritidshus Byggsats Hus fran Jorntrahus\"},{\"@type\":\"BreadcrumbList\",\"@id\":\"https:\\\/\\\/jorntrahus.se\\\/husmodell\\\/kallbomark-153\\\/#breadcrumb\",\"itemListElement\":[{\"@type\":\"ListItem\",\"position\":1,\"name\":\"Hem\",\"item\":\"https:\\\/\\\/jorntrahus.se\\\/\"},{\"@type\":\"ListItem\",\"position\":2,\"name\":\"V\u00e5ra hus\",\"item\":\"https:\\\/\\\/jorntrahus.se\\\/husen\\\/\"},{\"@type\":\"ListItem\",\"position\":3,\"name\":\"K\u00e4llbomark 153\"}]},{\"@type\":\"WebSite\",\"@id\":\"https:\\\/\\\/jorntrahus.se\\\/#website\",\"url\":\"https:\\\/\\\/jorntrahus.se\\\/\",\"name\":\"J\u00f6rntr\u00e4hus\",\"description\":\"Hus f\u00f6r den medvetne\",\"publisher\":{\"@id\":\"https:\\\/\\\/jorntrahus.se\\\/#organization\"},\"potentialAction\":[{\"@type\":\"SearchAction\",\"target\":{\"@type\":\"EntryPoint\",\"urlTemplate\":\"https:\\\/\\\/jorntrahus.se\\\/?s={search_term_string}\"},\"query-input\":{\"@type\":\"PropertyValueSpecification\",\"valueRequired\":true,\"valueName\":\"search_term_string\"}}],\"inLanguage\":\"is\"},{\"@type\":\"Organization\",\"@id\":\"https:\\\/\\\/jorntrahus.se\\\/#organization\",\"name\":\"J\u00f6rntr\u00e4hus\",\"url\":\"https:\\\/\\\/jorntrahus.se\\\/\",\"logo\":{\"@type\":\"ImageObject\",\"inLanguage\":\"is\",\"@id\":\"https:\\\/\\\/jorntrahus.se\\\/#\\\/schema\\\/logo\\\/image\\\/\",\"url\":\"https:\\\/\\\/jorntrahus.se\\\/wp-content\\\/uploads\\\/2020\\\/09\\\/Jorntrahus_Grund_CMYK.eps\",\"contentUrl\":\"https:\\\/\\\/jorntrahus.se\\\/wp-content\\\/uploads\\\/2020\\\/09\\\/Jorntrahus_Grund_CMYK.eps\",\"width\":1,\"height\":1,\"caption\":\"J\u00f6rntr\u00e4hus\"},\"image\":{\"@id\":\"https:\\\/\\\/jorntrahus.se\\\/#\\\/schema\\\/logo\\\/image\\\/\"}}]}<\/script>\n<!-- \/ Yoast SEO plugin. -->","yoast_head_json":{"title":"K\u00e4llbomark 153 - J\u00f6rntr\u00e4hus","robots":{"index":"index","follow":"follow","max-snippet":"max-snippet:-1","max-image-preview":"max-image-preview:large","max-video-preview":"max-video-preview:-1"},"canonical":"https:\/\/jorntrahus.se\/is\/huslikan\/kalt-vedur-153\/","og_locale":"is_IS","og_type":"article","og_title":"K\u00e4llbomark 153 - J\u00f6rntr\u00e4hus","og_description":"Herrg\u00e5rdsk\u00e4nslan i tv\u00e5\u00a0fulla plan med stora befriande ytor \u2013 totalt 240 kvadratmeter att disponera. Denna modell \u00e4r en variant p\u00e5 det popul\u00e4ra knuttimrade huset Bergsholmen, men h\u00e4r byggd i storblock. I standardutf\u00f6randet har K\u00e4llbomark fyra v\u00e4l tilltagna sovrum, s\u00e5 h\u00e4r finns plats \u00e4ven f\u00f6r den st\u00f6rre familjen. Tills\u00e4tt ett fantastiskt l\u00e4ge och ert dr\u00f6mhus \u00e4r ett faktum.","og_url":"https:\/\/jorntrahus.se\/is\/huslikan\/kalt-vedur-153\/","og_site_name":"J\u00f6rntr\u00e4hus","article_modified_time":"2022-10-27T13:19:02+00:00","og_image":[{"width":2560,"height":1705,"url":"https:\/\/jorntrahus.se\/wp-content\/uploads\/2021\/01\/Kallbomark-153-Fritidshus-Byggsats-Hus-fran-Jorntrahus-scaled.jpg","type":"image\/jpeg"}],"twitter_card":"summary_large_image","schema":{"@context":"https:\/\/schema.org","@graph":[{"@type":"WebPage","@id":"https:\/\/jorntrahus.se\/husmodell\/kallbomark-153\/","url":"https:\/\/jorntrahus.se\/husmodell\/kallbomark-153\/","name":"K\u00e4llbomark 153 - J\u00f6rntr\u00e4hus","isPartOf":{"@id":"https:\/\/jorntrahus.se\/#website"},"primaryImageOfPage":{"@id":"https:\/\/jorntrahus.se\/husmodell\/kallbomark-153\/#primaryimage"},"image":{"@id":"https:\/\/jorntrahus.se\/husmodell\/kallbomark-153\/#primaryimage"},"thumbnailUrl":"https:\/\/jorntrahus.se\/wp-content\/uploads\/2021\/01\/Kallbomark-153-Fritidshus-Byggsats-Hus-fran-Jorntrahus-scaled.jpg","datePublished":"2021-01-14T12:40:26+00:00","dateModified":"2022-10-27T13:19:02+00:00","breadcrumb":{"@id":"https:\/\/jorntrahus.se\/husmodell\/kallbomark-153\/#breadcrumb"},"inLanguage":"is","potentialAction":[{"@type":"ReadAction","target":["https:\/\/jorntrahus.se\/husmodell\/kallbomark-153\/"]}]},{"@type":"ImageObject","inLanguage":"is","@id":"https:\/\/jorntrahus.se\/husmodell\/kallbomark-153\/#primaryimage","url":"https:\/\/jorntrahus.se\/wp-content\/uploads\/2021\/01\/Kallbomark-153-Fritidshus-Byggsats-Hus-fran-Jorntrahus-scaled.jpg","contentUrl":"https:\/\/jorntrahus.se\/wp-content\/uploads\/2021\/01\/Kallbomark-153-Fritidshus-Byggsats-Hus-fran-Jorntrahus-scaled.jpg","width":2560,"height":1705,"caption":"Kallbomark 153 Fritidshus Byggsats Hus fran Jorntrahus"},{"@type":"BreadcrumbList","@id":"https:\/\/jorntrahus.se\/husmodell\/kallbomark-153\/#breadcrumb","itemListElement":[{"@type":"ListItem","position":1,"name":"Hem","item":"https:\/\/jorntrahus.se\/"},{"@type":"ListItem","position":2,"name":"V\u00e5ra hus","item":"https:\/\/jorntrahus.se\/husen\/"},{"@type":"ListItem","position":3,"name":"K\u00e4llbomark 153"}]},{"@type":"WebSite","@id":"https:\/\/jorntrahus.se\/#website","url":"https:\/\/jorntrahus.se\/","name":"J\u00f6rntr\u00e4hus","description":"H\u00fas fyrir me\u00f0vita\u00f0a","publisher":{"@id":"https:\/\/jorntrahus.se\/#organization"},"potentialAction":[{"@type":"SearchAction","target":{"@type":"EntryPoint","urlTemplate":"https:\/\/jorntrahus.se\/?s={search_term_string}"},"query-input":{"@type":"PropertyValueSpecification","valueRequired":true,"valueName":"search_term_string"}}],"inLanguage":"is"},{"@type":"Organization","@id":"https:\/\/jorntrahus.se\/#organization","name":"J\u00f6rntr\u00e4hus","url":"https:\/\/jorntrahus.se\/","logo":{"@type":"ImageObject","inLanguage":"is","@id":"https:\/\/jorntrahus.se\/#\/schema\/logo\/image\/","url":"https:\/\/jorntrahus.se\/wp-content\/uploads\/2020\/09\/Jorntrahus_Grund_CMYK.eps","contentUrl":"https:\/\/jorntrahus.se\/wp-content\/uploads\/2020\/09\/Jorntrahus_Grund_CMYK.eps","width":1,"height":1,"caption":"J\u00f6rntr\u00e4hus"},"image":{"@id":"https:\/\/jorntrahus.se\/#\/schema\/logo\/image\/"}}]}},"publishpress_future_workflow_manual_trigger":{"enabledWorkflows":[]},"_links":{"self":[{"href":"https:\/\/jorntrahus.se\/is\/wp-json\/wp\/v2\/product\/12443","targetHints":{"allow":["GET"]}}],"collection":[{"href":"https:\/\/jorntrahus.se\/is\/wp-json\/wp\/v2\/product"}],"about":[{"href":"https:\/\/jorntrahus.se\/is\/wp-json\/wp\/v2\/types\/product"}],"wp:featuredmedia":[{"embeddable":true,"href":"https:\/\/jorntrahus.se\/is\/wp-json\/wp\/v2\/media\/12415"}],"wp:attachment":[{"href":"https:\/\/jorntrahus.se\/is\/wp-json\/wp\/v2\/media?parent=12443"}],"wp:term":[{"taxonomy":"product_brand","embeddable":true,"href":"https:\/\/jorntrahus.se\/is\/wp-json\/wp\/v2\/product_brand?post=12443"},{"taxonomy":"product_cat","embeddable":true,"href":"https:\/\/jorntrahus.se\/is\/wp-json\/wp\/v2\/product_cat?post=12443"},{"taxonomy":"product_tag","embeddable":true,"href":"https:\/\/jorntrahus.se\/is\/wp-json\/wp\/v2\/product_tag?post=12443"}],"curies":[{"name":"vp","href":"https:\/\/api.w.org\/{rel}","templated":true}]}}