{"id":12445,"date":"2021-01-14T14:11:18","date_gmt":"2021-01-14T13:11:18","guid":{"rendered":"https:\/\/jorntrahus.se\/?post_type=product&#038;p=12445"},"modified":"2025-03-28T17:23:30","modified_gmt":"2025-03-28T16:23:30","slug":"risibud-i-kloverfors-89","status":"publish","type":"product","link":"https:\/\/jorntrahus.se\/is\/husmodell\/kloverfors-89-loft\/","title":{"rendered":"Kl\u00f6verfors 89 ris\u00edb\u00fa\u00f0"},"content":{"rendered":"","protected":false},"excerpt":{"rendered":"<h3>Hver fermetri er n\u00fdttur \u00e1 sem bestan h\u00e1tt.<\/h3>\n<p>Klass\u00edskt fjallah\u00fas sem hentar l\u00edka alveg eins vel vi\u00f0 str\u00f6ndina. Me\u00f0 \u00feremur svefnherbergjum mun jafnvel st\u00e6rri fj\u00f6lskylda l\u00ed\u00f0a vel \u00ed \u00feessari ger\u00f0 \u00fear sem hver fermetri er n\u00fdttur \u00e1 besta h\u00e1tt.<\/p>\n<p>S\u00e9r geymsla \u00e1samt \u00fatandyra forstofu b\u00fd\u00f0ur upp \u00e1 g\u00f3\u00f0a geymslum\u00f6guleika fyrir \u00fe\u00e1 sem stunda \u00fativeru. Gangandi vegfarendur stigi upp \u00e1 rislofti\u00f0, \u00fear sem auk tveggja svefnherbergja er einnig minni forstofa me\u00f0 \u00fats\u00fdni.<\/p>","protected":false},"featured_media":12409,"template":"","meta":[],"product_brand":[],"product_cat":[1253],"product_tag":[568,1267],"class_list":{"0":"post-12445","1":"product","2":"type-product","3":"status-publish","4":"has-post-thumbnail","6":"product_cat-kloverfors","7":"product_tag-1-plan-loft","8":"product_tag-klassiskt-hus","9":"husstil-klassiska-hus","10":"hustyp-fritidshus","12":"first","13":"instock","14":"shipping-taxable","15":"product-type-simple"},"yoast_head":"<!-- This site is optimized with the Yoast SEO plugin v27.5 - https:\/\/yoast.com\/product\/yoast-seo-wordpress\/ -->\n<title>Kl\u00f6verfors 89 loft - J\u00f6rntr\u00e4hus<\/title>\n<meta name=\"robots\" content=\"index, follow, max-snippet:-1, max-image-preview:large, max-video-preview:-1\" \/>\n<link rel=\"canonical\" href=\"https:\/\/jorntrahus.se\/is\/huslikan\/risibud-i-kloverfors-89\/\" \/>\n<meta property=\"og:locale\" content=\"is_IS\" \/>\n<meta property=\"og:type\" content=\"article\" \/>\n<meta property=\"og:title\" content=\"Kl\u00f6verfors 89 loft - J\u00f6rntr\u00e4hus\" \/>\n<meta property=\"og:description\" content=\"Varje kvadratmeter \u00e4r utnyttjad p\u00e5 b\u00e4sta s\u00e4tt. Klassiskt fj\u00e4llhus som dessutom passar lika bra vid kusten. Med hela tre sovrum trivs \u00e4ven den st\u00f6rre familjen alldeles utm\u00e4rkt\u00a0i denna modell d\u00e4r varje kvadratmeter \u00e4r utnyttjad p\u00e5 b\u00e4sta s\u00e4tt.  Separat f\u00f6rr\u00e5dsdel tillsammans med en yttre hall ger goda f\u00f6rvaringsm\u00f6jligheter f\u00f6r de som har ett aktivt friluftsliv. En g\u00e5ngv\u00e4nlig trapp till loftet, d\u00e4r f\u00f6rutom tv\u00e5 sovrum, \u00e4ven en mindre hall med utsikt finns bel\u00e4gen.\" \/>\n<meta property=\"og:url\" content=\"https:\/\/jorntrahus.se\/is\/huslikan\/risibud-i-kloverfors-89\/\" \/>\n<meta property=\"og:site_name\" content=\"J\u00f6rntr\u00e4hus\" \/>\n<meta property=\"article:modified_time\" content=\"2025-03-28T16:23:30+00:00\" \/>\n<meta property=\"og:image\" content=\"https:\/\/jorntrahus.se\/wp-content\/uploads\/2021\/01\/Kloverfors-89-loft-Fritidshus-Byggsats-Hus-fran-Jorntrahus-scaled.jpg\" \/>\n\t<meta property=\"og:image:width\" content=\"2560\" \/>\n\t<meta property=\"og:image:height\" content=\"1706\" \/>\n\t<meta property=\"og:image:type\" content=\"image\/jpeg\" \/>\n<meta name=\"twitter:card\" content=\"summary_large_image\" \/>\n<meta name=\"twitter:label1\" content=\"Est. reading time\" \/>\n\t<meta name=\"twitter:data1\" content=\"1 minute\" \/>\n<script type=\"application\/ld+json\" class=\"yoast-schema-graph\">{\"@context\":\"https:\\\/\\\/schema.org\",\"@graph\":[{\"@type\":\"WebPage\",\"@id\":\"https:\\\/\\\/jorntrahus.se\\\/husmodell\\\/kloverfors-89-loft\\\/\",\"url\":\"https:\\\/\\\/jorntrahus.se\\\/husmodell\\\/kloverfors-89-loft\\\/\",\"name\":\"Kl\u00f6verfors 89 loft - J\u00f6rntr\u00e4hus\",\"isPartOf\":{\"@id\":\"https:\\\/\\\/jorntrahus.se\\\/#website\"},\"primaryImageOfPage\":{\"@id\":\"https:\\\/\\\/jorntrahus.se\\\/husmodell\\\/kloverfors-89-loft\\\/#primaryimage\"},\"image\":{\"@id\":\"https:\\\/\\\/jorntrahus.se\\\/husmodell\\\/kloverfors-89-loft\\\/#primaryimage\"},\"thumbnailUrl\":\"https:\\\/\\\/jorntrahus.se\\\/wp-content\\\/uploads\\\/2021\\\/01\\\/Kloverfors-89-loft-Fritidshus-Byggsats-Hus-fran-Jorntrahus-scaled.jpg\",\"datePublished\":\"2021-01-14T13:11:18+00:00\",\"dateModified\":\"2025-03-28T16:23:30+00:00\",\"breadcrumb\":{\"@id\":\"https:\\\/\\\/jorntrahus.se\\\/husmodell\\\/kloverfors-89-loft\\\/#breadcrumb\"},\"inLanguage\":\"is\",\"potentialAction\":[{\"@type\":\"ReadAction\",\"target\":[\"https:\\\/\\\/jorntrahus.se\\\/husmodell\\\/kloverfors-89-loft\\\/\"]}]},{\"@type\":\"ImageObject\",\"inLanguage\":\"is\",\"@id\":\"https:\\\/\\\/jorntrahus.se\\\/husmodell\\\/kloverfors-89-loft\\\/#primaryimage\",\"url\":\"https:\\\/\\\/jorntrahus.se\\\/wp-content\\\/uploads\\\/2021\\\/01\\\/Kloverfors-89-loft-Fritidshus-Byggsats-Hus-fran-Jorntrahus-scaled.jpg\",\"contentUrl\":\"https:\\\/\\\/jorntrahus.se\\\/wp-content\\\/uploads\\\/2021\\\/01\\\/Kloverfors-89-loft-Fritidshus-Byggsats-Hus-fran-Jorntrahus-scaled.jpg\",\"width\":2560,\"height\":1706,\"caption\":\"Kloverfors 89 loft Fritidshus Byggsats Hus fran Jorntrahus\"},{\"@type\":\"BreadcrumbList\",\"@id\":\"https:\\\/\\\/jorntrahus.se\\\/husmodell\\\/kloverfors-89-loft\\\/#breadcrumb\",\"itemListElement\":[{\"@type\":\"ListItem\",\"position\":1,\"name\":\"Hem\",\"item\":\"https:\\\/\\\/jorntrahus.se\\\/\"},{\"@type\":\"ListItem\",\"position\":2,\"name\":\"V\u00e5ra hus\",\"item\":\"https:\\\/\\\/jorntrahus.se\\\/husen\\\/\"},{\"@type\":\"ListItem\",\"position\":3,\"name\":\"Kl\u00f6verfors 89 loft\"}]},{\"@type\":\"WebSite\",\"@id\":\"https:\\\/\\\/jorntrahus.se\\\/#website\",\"url\":\"https:\\\/\\\/jorntrahus.se\\\/\",\"name\":\"J\u00f6rntr\u00e4hus\",\"description\":\"Hus f\u00f6r den medvetne\",\"publisher\":{\"@id\":\"https:\\\/\\\/jorntrahus.se\\\/#organization\"},\"potentialAction\":[{\"@type\":\"SearchAction\",\"target\":{\"@type\":\"EntryPoint\",\"urlTemplate\":\"https:\\\/\\\/jorntrahus.se\\\/?s={search_term_string}\"},\"query-input\":{\"@type\":\"PropertyValueSpecification\",\"valueRequired\":true,\"valueName\":\"search_term_string\"}}],\"inLanguage\":\"is\"},{\"@type\":\"Organization\",\"@id\":\"https:\\\/\\\/jorntrahus.se\\\/#organization\",\"name\":\"J\u00f6rntr\u00e4hus\",\"url\":\"https:\\\/\\\/jorntrahus.se\\\/\",\"logo\":{\"@type\":\"ImageObject\",\"inLanguage\":\"is\",\"@id\":\"https:\\\/\\\/jorntrahus.se\\\/#\\\/schema\\\/logo\\\/image\\\/\",\"url\":\"https:\\\/\\\/jorntrahus.se\\\/wp-content\\\/uploads\\\/2020\\\/09\\\/Jorntrahus_Grund_CMYK.eps\",\"contentUrl\":\"https:\\\/\\\/jorntrahus.se\\\/wp-content\\\/uploads\\\/2020\\\/09\\\/Jorntrahus_Grund_CMYK.eps\",\"width\":1,\"height\":1,\"caption\":\"J\u00f6rntr\u00e4hus\"},\"image\":{\"@id\":\"https:\\\/\\\/jorntrahus.se\\\/#\\\/schema\\\/logo\\\/image\\\/\"}}]}<\/script>\n<!-- \/ Yoast SEO plugin. -->","yoast_head_json":{"title":"Kl\u00f6verfors 89 ris\u00edb\u00fa\u00f0 - J\u00f6rntr\u00e4hus","robots":{"index":"index","follow":"follow","max-snippet":"max-snippet:-1","max-image-preview":"max-image-preview:large","max-video-preview":"max-video-preview:-1"},"canonical":"https:\/\/jorntrahus.se\/is\/huslikan\/risibud-i-kloverfors-89\/","og_locale":"is_IS","og_type":"article","og_title":"Kl\u00f6verfors 89 loft - J\u00f6rntr\u00e4hus","og_description":"Varje kvadratmeter \u00e4r utnyttjad p\u00e5 b\u00e4sta s\u00e4tt. Klassiskt fj\u00e4llhus som dessutom passar lika bra vid kusten. Med hela tre sovrum trivs \u00e4ven den st\u00f6rre familjen alldeles utm\u00e4rkt\u00a0i denna modell d\u00e4r varje kvadratmeter \u00e4r utnyttjad p\u00e5 b\u00e4sta s\u00e4tt.  Separat f\u00f6rr\u00e5dsdel tillsammans med en yttre hall ger goda f\u00f6rvaringsm\u00f6jligheter f\u00f6r de som har ett aktivt friluftsliv. En g\u00e5ngv\u00e4nlig trapp till loftet, d\u00e4r f\u00f6rutom tv\u00e5 sovrum, \u00e4ven en mindre hall med utsikt finns bel\u00e4gen.","og_url":"https:\/\/jorntrahus.se\/is\/huslikan\/risibud-i-kloverfors-89\/","og_site_name":"J\u00f6rntr\u00e4hus","article_modified_time":"2025-03-28T16:23:30+00:00","og_image":[{"width":2560,"height":1706,"url":"https:\/\/jorntrahus.se\/wp-content\/uploads\/2021\/01\/Kloverfors-89-loft-Fritidshus-Byggsats-Hus-fran-Jorntrahus-scaled.jpg","type":"image\/jpeg"}],"twitter_card":"summary_large_image","twitter_misc":{"Est. reading time":"1 minute"},"schema":{"@context":"https:\/\/schema.org","@graph":[{"@type":"WebPage","@id":"https:\/\/jorntrahus.se\/husmodell\/kloverfors-89-loft\/","url":"https:\/\/jorntrahus.se\/husmodell\/kloverfors-89-loft\/","name":"Kl\u00f6verfors 89 ris\u00edb\u00fa\u00f0 - J\u00f6rntr\u00e4hus","isPartOf":{"@id":"https:\/\/jorntrahus.se\/#website"},"primaryImageOfPage":{"@id":"https:\/\/jorntrahus.se\/husmodell\/kloverfors-89-loft\/#primaryimage"},"image":{"@id":"https:\/\/jorntrahus.se\/husmodell\/kloverfors-89-loft\/#primaryimage"},"thumbnailUrl":"https:\/\/jorntrahus.se\/wp-content\/uploads\/2021\/01\/Kloverfors-89-loft-Fritidshus-Byggsats-Hus-fran-Jorntrahus-scaled.jpg","datePublished":"2021-01-14T13:11:18+00:00","dateModified":"2025-03-28T16:23:30+00:00","breadcrumb":{"@id":"https:\/\/jorntrahus.se\/husmodell\/kloverfors-89-loft\/#breadcrumb"},"inLanguage":"is","potentialAction":[{"@type":"ReadAction","target":["https:\/\/jorntrahus.se\/husmodell\/kloverfors-89-loft\/"]}]},{"@type":"ImageObject","inLanguage":"is","@id":"https:\/\/jorntrahus.se\/husmodell\/kloverfors-89-loft\/#primaryimage","url":"https:\/\/jorntrahus.se\/wp-content\/uploads\/2021\/01\/Kloverfors-89-loft-Fritidshus-Byggsats-Hus-fran-Jorntrahus-scaled.jpg","contentUrl":"https:\/\/jorntrahus.se\/wp-content\/uploads\/2021\/01\/Kloverfors-89-loft-Fritidshus-Byggsats-Hus-fran-Jorntrahus-scaled.jpg","width":2560,"height":1706,"caption":"Kloverfors 89 loft Fritidshus Byggsats Hus fran Jorntrahus"},{"@type":"BreadcrumbList","@id":"https:\/\/jorntrahus.se\/husmodell\/kloverfors-89-loft\/#breadcrumb","itemListElement":[{"@type":"ListItem","position":1,"name":"Hem","item":"https:\/\/jorntrahus.se\/"},{"@type":"ListItem","position":2,"name":"V\u00e5ra hus","item":"https:\/\/jorntrahus.se\/husen\/"},{"@type":"ListItem","position":3,"name":"Kl\u00f6verfors 89 loft"}]},{"@type":"WebSite","@id":"https:\/\/jorntrahus.se\/#website","url":"https:\/\/jorntrahus.se\/","name":"J\u00f6rntr\u00e4hus","description":"H\u00fas fyrir me\u00f0vita\u00f0a","publisher":{"@id":"https:\/\/jorntrahus.se\/#organization"},"potentialAction":[{"@type":"SearchAction","target":{"@type":"EntryPoint","urlTemplate":"https:\/\/jorntrahus.se\/?s={search_term_string}"},"query-input":{"@type":"PropertyValueSpecification","valueRequired":true,"valueName":"search_term_string"}}],"inLanguage":"is"},{"@type":"Organization","@id":"https:\/\/jorntrahus.se\/#organization","name":"J\u00f6rntr\u00e4hus","url":"https:\/\/jorntrahus.se\/","logo":{"@type":"ImageObject","inLanguage":"is","@id":"https:\/\/jorntrahus.se\/#\/schema\/logo\/image\/","url":"https:\/\/jorntrahus.se\/wp-content\/uploads\/2020\/09\/Jorntrahus_Grund_CMYK.eps","contentUrl":"https:\/\/jorntrahus.se\/wp-content\/uploads\/2020\/09\/Jorntrahus_Grund_CMYK.eps","width":1,"height":1,"caption":"J\u00f6rntr\u00e4hus"},"image":{"@id":"https:\/\/jorntrahus.se\/#\/schema\/logo\/image\/"}}]}},"publishpress_future_workflow_manual_trigger":{"enabledWorkflows":[]},"_links":{"self":[{"href":"https:\/\/jorntrahus.se\/is\/wp-json\/wp\/v2\/product\/12445","targetHints":{"allow":["GET"]}}],"collection":[{"href":"https:\/\/jorntrahus.se\/is\/wp-json\/wp\/v2\/product"}],"about":[{"href":"https:\/\/jorntrahus.se\/is\/wp-json\/wp\/v2\/types\/product"}],"wp:featuredmedia":[{"embeddable":true,"href":"https:\/\/jorntrahus.se\/is\/wp-json\/wp\/v2\/media\/12409"}],"wp:attachment":[{"href":"https:\/\/jorntrahus.se\/is\/wp-json\/wp\/v2\/media?parent=12445"}],"wp:term":[{"taxonomy":"product_brand","embeddable":true,"href":"https:\/\/jorntrahus.se\/is\/wp-json\/wp\/v2\/product_brand?post=12445"},{"taxonomy":"product_cat","embeddable":true,"href":"https:\/\/jorntrahus.se\/is\/wp-json\/wp\/v2\/product_cat?post=12445"},{"taxonomy":"product_tag","embeddable":true,"href":"https:\/\/jorntrahus.se\/is\/wp-json\/wp\/v2\/product_tag?post=12445"}],"curies":[{"name":"vp","href":"https:\/\/api.w.org\/{rel}","templated":true}]}}