{"id":12447,"date":"2021-01-14T14:15:43","date_gmt":"2021-01-14T13:15:43","guid":{"rendered":"https:\/\/jorntrahus.se\/?post_type=product&#038;p=12447"},"modified":"2023-02-16T12:04:34","modified_gmt":"2023-02-16T11:04:34","slug":"kloverfors-124-risibud","status":"publish","type":"product","link":"https:\/\/jorntrahus.se\/is\/husmodell\/kloverfors-124-loft\/","title":{"rendered":"Kl\u00f6verfors 124 ris\u00edb\u00fa\u00f0"},"content":{"rendered":"","protected":false},"excerpt":{"rendered":"<h3>Ef \u00fe\u00fa vilt sta\u00f0setja sumarh\u00fas \u00feitt \u00ed fjallaumhverfi, \u00fe\u00e1 er Kl\u00f6verfors kj\u00f6rinn kostur.<\/h3>\n<p>Hagn\u00fdt geymslum\u00f6guleikar, tv\u00f6f\u00f6ld ba\u00f0herbergi og s\u00fa sta\u00f0reynd a\u00f0 l\u00edkani\u00f0 er \u00fatb\u00fai\u00f0 fyrir gufuba\u00f0 eru, fyrir flesta, samheiti yfir \u00feessa tegund af fr\u00edstundah\u00fasi.<\/p>\n<p>R\u00famgott gluggar\u00fdmi, \u00fear sem eldh\u00fas og stofa koma saman, hleypir miklu lj\u00f3si inn \u00ed r\u00fdmi\u00f0, sem hentar vel b\u00e6\u00f0i fyrir st\u00e6rri fj\u00f6lskylduna og gesti \u00ed heims\u00f3kn.<\/p>\n<p>Sta\u00f0setning svalanna vi\u00f0 hli\u00f0ina \u00e1 stofunni hj\u00e1lpar til vi\u00f0 a\u00f0 skapa tengingu milli \u00fativeru og inniveru, \u00fear sem gangurinn l\u00ed\u00f0ur fullkomlega n\u00e1tt\u00farulega og hagn\u00fdta mark\u00edsan veitir v\u00f6rn gegn b\u00e6\u00f0i beinu s\u00f3larlj\u00f3si sem og snj\u00f3 og rigningu.<\/p>","protected":false},"featured_media":12410,"template":"","meta":[],"product_brand":[],"product_cat":[1253],"product_tag":[568,1267],"class_list":{"0":"post-12447","1":"product","2":"type-product","3":"status-publish","4":"has-post-thumbnail","6":"product_cat-kloverfors","7":"product_tag-1-plan-loft","8":"product_tag-klassiskt-hus","9":"husstil-klassiska-hus","10":"hustyp-fritidshus","12":"first","13":"instock","14":"shipping-taxable","15":"product-type-simple"},"yoast_head":"<!-- This site is optimized with the Yoast SEO plugin v27.5 - https:\/\/yoast.com\/product\/yoast-seo-wordpress\/ -->\n<title>Kl\u00f6verfors 124 loft - J\u00f6rntr\u00e4hus<\/title>\n<meta name=\"robots\" content=\"index, follow, max-snippet:-1, max-image-preview:large, max-video-preview:-1\" \/>\n<link rel=\"canonical\" href=\"https:\/\/jorntrahus.se\/is\/huslikan\/kloverfors-124-risibud\/\" \/>\n<meta property=\"og:locale\" content=\"is_IS\" \/>\n<meta property=\"og:type\" content=\"article\" \/>\n<meta property=\"og:title\" content=\"Kl\u00f6verfors 124 loft - J\u00f6rntr\u00e4hus\" \/>\n<meta property=\"og:description\" content=\"\u00d6nskar man placera sitt fritidshus i fj\u00e4llmilj\u00f6 \u00e4r Kl\u00f6verfors ett givet alternativ. Praktiska f\u00f6rvaringsm\u00f6jligheter, dubbla badrum samt att modellen \u00e4r f\u00f6rberedd f\u00f6r bastu \u00e4r f\u00f6r de allra flesta synonymt med denna typ av fritidshus.  Det v\u00e4l tilltagna f\u00f6nsterpartiet, d\u00e4r k\u00f6k och allrum samsas, ger mycket ljusinsl\u00e4pp till denna plats som funkar b\u00e5de f\u00f6r den st\u00f6rre familjen samt goda v\u00e4nner p\u00e5 bes\u00f6k.  Altanens placering vid allrummet bidrar till att skapa samh\u00f6righet mellan ute och inne d\u00e4r passagen k\u00e4nns helt naturlig och det praktiska sk\u00e4rmtaket ger skydd\u00a0mot b\u00e5de direkt solljus likv\u00e4l som sn\u00f6 och regn.\" \/>\n<meta property=\"og:url\" content=\"https:\/\/jorntrahus.se\/is\/huslikan\/kloverfors-124-risibud\/\" \/>\n<meta property=\"og:site_name\" content=\"J\u00f6rntr\u00e4hus\" \/>\n<meta property=\"article:modified_time\" content=\"2023-02-16T11:04:34+00:00\" \/>\n<meta property=\"og:image\" content=\"https:\/\/jorntrahus.se\/wp-content\/uploads\/2021\/01\/Kloverfors-124-loft-Fritidshus-Byggsats-Hus-fran-Jorntrahus-scaled.jpg\" \/>\n\t<meta property=\"og:image:width\" content=\"2560\" \/>\n\t<meta property=\"og:image:height\" content=\"1705\" \/>\n\t<meta property=\"og:image:type\" content=\"image\/jpeg\" \/>\n<meta name=\"twitter:card\" content=\"summary_large_image\" \/>\n<script type=\"application\/ld+json\" class=\"yoast-schema-graph\">{\"@context\":\"https:\\\/\\\/schema.org\",\"@graph\":[{\"@type\":\"WebPage\",\"@id\":\"https:\\\/\\\/jorntrahus.se\\\/husmodell\\\/kloverfors-124-loft\\\/\",\"url\":\"https:\\\/\\\/jorntrahus.se\\\/husmodell\\\/kloverfors-124-loft\\\/\",\"name\":\"Kl\u00f6verfors 124 loft - J\u00f6rntr\u00e4hus\",\"isPartOf\":{\"@id\":\"https:\\\/\\\/jorntrahus.se\\\/#website\"},\"primaryImageOfPage\":{\"@id\":\"https:\\\/\\\/jorntrahus.se\\\/husmodell\\\/kloverfors-124-loft\\\/#primaryimage\"},\"image\":{\"@id\":\"https:\\\/\\\/jorntrahus.se\\\/husmodell\\\/kloverfors-124-loft\\\/#primaryimage\"},\"thumbnailUrl\":\"https:\\\/\\\/jorntrahus.se\\\/wp-content\\\/uploads\\\/2021\\\/01\\\/Kloverfors-124-loft-Fritidshus-Byggsats-Hus-fran-Jorntrahus-scaled.jpg\",\"datePublished\":\"2021-01-14T13:15:43+00:00\",\"dateModified\":\"2023-02-16T11:04:34+00:00\",\"breadcrumb\":{\"@id\":\"https:\\\/\\\/jorntrahus.se\\\/husmodell\\\/kloverfors-124-loft\\\/#breadcrumb\"},\"inLanguage\":\"is\",\"potentialAction\":[{\"@type\":\"ReadAction\",\"target\":[\"https:\\\/\\\/jorntrahus.se\\\/husmodell\\\/kloverfors-124-loft\\\/\"]}]},{\"@type\":\"ImageObject\",\"inLanguage\":\"is\",\"@id\":\"https:\\\/\\\/jorntrahus.se\\\/husmodell\\\/kloverfors-124-loft\\\/#primaryimage\",\"url\":\"https:\\\/\\\/jorntrahus.se\\\/wp-content\\\/uploads\\\/2021\\\/01\\\/Kloverfors-124-loft-Fritidshus-Byggsats-Hus-fran-Jorntrahus-scaled.jpg\",\"contentUrl\":\"https:\\\/\\\/jorntrahus.se\\\/wp-content\\\/uploads\\\/2021\\\/01\\\/Kloverfors-124-loft-Fritidshus-Byggsats-Hus-fran-Jorntrahus-scaled.jpg\",\"width\":2560,\"height\":1705,\"caption\":\"Kloverfors 124 loft Fritidshus Byggsats Hus fran Jorntrahus\"},{\"@type\":\"BreadcrumbList\",\"@id\":\"https:\\\/\\\/jorntrahus.se\\\/husmodell\\\/kloverfors-124-loft\\\/#breadcrumb\",\"itemListElement\":[{\"@type\":\"ListItem\",\"position\":1,\"name\":\"Hem\",\"item\":\"https:\\\/\\\/jorntrahus.se\\\/\"},{\"@type\":\"ListItem\",\"position\":2,\"name\":\"V\u00e5ra hus\",\"item\":\"https:\\\/\\\/jorntrahus.se\\\/husen\\\/\"},{\"@type\":\"ListItem\",\"position\":3,\"name\":\"Kl\u00f6verfors 124 loft\"}]},{\"@type\":\"WebSite\",\"@id\":\"https:\\\/\\\/jorntrahus.se\\\/#website\",\"url\":\"https:\\\/\\\/jorntrahus.se\\\/\",\"name\":\"J\u00f6rntr\u00e4hus\",\"description\":\"Hus f\u00f6r den medvetne\",\"publisher\":{\"@id\":\"https:\\\/\\\/jorntrahus.se\\\/#organization\"},\"potentialAction\":[{\"@type\":\"SearchAction\",\"target\":{\"@type\":\"EntryPoint\",\"urlTemplate\":\"https:\\\/\\\/jorntrahus.se\\\/?s={search_term_string}\"},\"query-input\":{\"@type\":\"PropertyValueSpecification\",\"valueRequired\":true,\"valueName\":\"search_term_string\"}}],\"inLanguage\":\"is\"},{\"@type\":\"Organization\",\"@id\":\"https:\\\/\\\/jorntrahus.se\\\/#organization\",\"name\":\"J\u00f6rntr\u00e4hus\",\"url\":\"https:\\\/\\\/jorntrahus.se\\\/\",\"logo\":{\"@type\":\"ImageObject\",\"inLanguage\":\"is\",\"@id\":\"https:\\\/\\\/jorntrahus.se\\\/#\\\/schema\\\/logo\\\/image\\\/\",\"url\":\"https:\\\/\\\/jorntrahus.se\\\/wp-content\\\/uploads\\\/2020\\\/09\\\/Jorntrahus_Grund_CMYK.eps\",\"contentUrl\":\"https:\\\/\\\/jorntrahus.se\\\/wp-content\\\/uploads\\\/2020\\\/09\\\/Jorntrahus_Grund_CMYK.eps\",\"width\":1,\"height\":1,\"caption\":\"J\u00f6rntr\u00e4hus\"},\"image\":{\"@id\":\"https:\\\/\\\/jorntrahus.se\\\/#\\\/schema\\\/logo\\\/image\\\/\"}}]}<\/script>\n<!-- \/ Yoast SEO plugin. -->","yoast_head_json":{"title":"Kl\u00f6verfors 124 ris\u00edb\u00fa\u00f0 - J\u00f6rntr\u00e4hus","robots":{"index":"index","follow":"follow","max-snippet":"max-snippet:-1","max-image-preview":"max-image-preview:large","max-video-preview":"max-video-preview:-1"},"canonical":"https:\/\/jorntrahus.se\/is\/huslikan\/kloverfors-124-risibud\/","og_locale":"is_IS","og_type":"article","og_title":"Kl\u00f6verfors 124 loft - J\u00f6rntr\u00e4hus","og_description":"\u00d6nskar man placera sitt fritidshus i fj\u00e4llmilj\u00f6 \u00e4r Kl\u00f6verfors ett givet alternativ. Praktiska f\u00f6rvaringsm\u00f6jligheter, dubbla badrum samt att modellen \u00e4r f\u00f6rberedd f\u00f6r bastu \u00e4r f\u00f6r de allra flesta synonymt med denna typ av fritidshus.  Det v\u00e4l tilltagna f\u00f6nsterpartiet, d\u00e4r k\u00f6k och allrum samsas, ger mycket ljusinsl\u00e4pp till denna plats som funkar b\u00e5de f\u00f6r den st\u00f6rre familjen samt goda v\u00e4nner p\u00e5 bes\u00f6k.  Altanens placering vid allrummet bidrar till att skapa samh\u00f6righet mellan ute och inne d\u00e4r passagen k\u00e4nns helt naturlig och det praktiska sk\u00e4rmtaket ger skydd\u00a0mot b\u00e5de direkt solljus likv\u00e4l som sn\u00f6 och regn.","og_url":"https:\/\/jorntrahus.se\/is\/huslikan\/kloverfors-124-risibud\/","og_site_name":"J\u00f6rntr\u00e4hus","article_modified_time":"2023-02-16T11:04:34+00:00","og_image":[{"width":2560,"height":1705,"url":"https:\/\/jorntrahus.se\/wp-content\/uploads\/2021\/01\/Kloverfors-124-loft-Fritidshus-Byggsats-Hus-fran-Jorntrahus-scaled.jpg","type":"image\/jpeg"}],"twitter_card":"summary_large_image","schema":{"@context":"https:\/\/schema.org","@graph":[{"@type":"WebPage","@id":"https:\/\/jorntrahus.se\/husmodell\/kloverfors-124-loft\/","url":"https:\/\/jorntrahus.se\/husmodell\/kloverfors-124-loft\/","name":"Kl\u00f6verfors 124 ris\u00edb\u00fa\u00f0 - J\u00f6rntr\u00e4hus","isPartOf":{"@id":"https:\/\/jorntrahus.se\/#website"},"primaryImageOfPage":{"@id":"https:\/\/jorntrahus.se\/husmodell\/kloverfors-124-loft\/#primaryimage"},"image":{"@id":"https:\/\/jorntrahus.se\/husmodell\/kloverfors-124-loft\/#primaryimage"},"thumbnailUrl":"https:\/\/jorntrahus.se\/wp-content\/uploads\/2021\/01\/Kloverfors-124-loft-Fritidshus-Byggsats-Hus-fran-Jorntrahus-scaled.jpg","datePublished":"2021-01-14T13:15:43+00:00","dateModified":"2023-02-16T11:04:34+00:00","breadcrumb":{"@id":"https:\/\/jorntrahus.se\/husmodell\/kloverfors-124-loft\/#breadcrumb"},"inLanguage":"is","potentialAction":[{"@type":"ReadAction","target":["https:\/\/jorntrahus.se\/husmodell\/kloverfors-124-loft\/"]}]},{"@type":"ImageObject","inLanguage":"is","@id":"https:\/\/jorntrahus.se\/husmodell\/kloverfors-124-loft\/#primaryimage","url":"https:\/\/jorntrahus.se\/wp-content\/uploads\/2021\/01\/Kloverfors-124-loft-Fritidshus-Byggsats-Hus-fran-Jorntrahus-scaled.jpg","contentUrl":"https:\/\/jorntrahus.se\/wp-content\/uploads\/2021\/01\/Kloverfors-124-loft-Fritidshus-Byggsats-Hus-fran-Jorntrahus-scaled.jpg","width":2560,"height":1705,"caption":"Kloverfors 124 loft Fritidshus Byggsats Hus fran Jorntrahus"},{"@type":"BreadcrumbList","@id":"https:\/\/jorntrahus.se\/husmodell\/kloverfors-124-loft\/#breadcrumb","itemListElement":[{"@type":"ListItem","position":1,"name":"Hem","item":"https:\/\/jorntrahus.se\/"},{"@type":"ListItem","position":2,"name":"V\u00e5ra hus","item":"https:\/\/jorntrahus.se\/husen\/"},{"@type":"ListItem","position":3,"name":"Kl\u00f6verfors 124 loft"}]},{"@type":"WebSite","@id":"https:\/\/jorntrahus.se\/#website","url":"https:\/\/jorntrahus.se\/","name":"J\u00f6rntr\u00e4hus","description":"H\u00fas fyrir me\u00f0vita\u00f0a","publisher":{"@id":"https:\/\/jorntrahus.se\/#organization"},"potentialAction":[{"@type":"SearchAction","target":{"@type":"EntryPoint","urlTemplate":"https:\/\/jorntrahus.se\/?s={search_term_string}"},"query-input":{"@type":"PropertyValueSpecification","valueRequired":true,"valueName":"search_term_string"}}],"inLanguage":"is"},{"@type":"Organization","@id":"https:\/\/jorntrahus.se\/#organization","name":"J\u00f6rntr\u00e4hus","url":"https:\/\/jorntrahus.se\/","logo":{"@type":"ImageObject","inLanguage":"is","@id":"https:\/\/jorntrahus.se\/#\/schema\/logo\/image\/","url":"https:\/\/jorntrahus.se\/wp-content\/uploads\/2020\/09\/Jorntrahus_Grund_CMYK.eps","contentUrl":"https:\/\/jorntrahus.se\/wp-content\/uploads\/2020\/09\/Jorntrahus_Grund_CMYK.eps","width":1,"height":1,"caption":"J\u00f6rntr\u00e4hus"},"image":{"@id":"https:\/\/jorntrahus.se\/#\/schema\/logo\/image\/"}}]}},"publishpress_future_workflow_manual_trigger":{"enabledWorkflows":[]},"_links":{"self":[{"href":"https:\/\/jorntrahus.se\/is\/wp-json\/wp\/v2\/product\/12447","targetHints":{"allow":["GET"]}}],"collection":[{"href":"https:\/\/jorntrahus.se\/is\/wp-json\/wp\/v2\/product"}],"about":[{"href":"https:\/\/jorntrahus.se\/is\/wp-json\/wp\/v2\/types\/product"}],"wp:featuredmedia":[{"embeddable":true,"href":"https:\/\/jorntrahus.se\/is\/wp-json\/wp\/v2\/media\/12410"}],"wp:attachment":[{"href":"https:\/\/jorntrahus.se\/is\/wp-json\/wp\/v2\/media?parent=12447"}],"wp:term":[{"taxonomy":"product_brand","embeddable":true,"href":"https:\/\/jorntrahus.se\/is\/wp-json\/wp\/v2\/product_brand?post=12447"},{"taxonomy":"product_cat","embeddable":true,"href":"https:\/\/jorntrahus.se\/is\/wp-json\/wp\/v2\/product_cat?post=12447"},{"taxonomy":"product_tag","embeddable":true,"href":"https:\/\/jorntrahus.se\/is\/wp-json\/wp\/v2\/product_tag?post=12447"}],"curies":[{"name":"vp","href":"https:\/\/api.w.org\/{rel}","templated":true}]}}