{"id":14841,"date":"2025-02-27T12:17:14","date_gmt":"2025-02-27T11:17:14","guid":{"rendered":"https:\/\/jorntrahus.se\/?post_type=product&#038;p=14841"},"modified":"2025-08-18T12:25:16","modified_gmt":"2025-08-18T10:25:16","slug":"burvik-120-tvofalt-loft","status":"publish","type":"product","link":"https:\/\/jorntrahus.se\/is\/husmodell\/burvik-120-dubbelloft\/","title":{"rendered":"Burvik 120 tv\u00f6falt loft"},"content":{"rendered":"","protected":false},"excerpt":{"rendered":"<div class=\"\">\n<div class=\"WordSection1\">\n<h3>Draumurinn fyrir virka \u00fativistarfj\u00f6lskylduna<\/h3>\n<\/div>\n<\/div>\n<div class=\"\">\n<div class=\"WordSection1\">\n<p>Ef \u00fe\u00fa hefur virkan fr\u00edt\u00edma og vilt r\u00fdmi me\u00f0 st\u00f3ru inngangi og geymslupl\u00e1ssi fyrir \u00fdmsan \u00fativistar- og \u00ed\u00fer\u00f3ttab\u00fana\u00f0, \u00fe\u00e1 er \u00feessi h\u00fasger\u00f0 mj\u00f6g g\u00f3\u00f0ur kostur.<\/p>\n<p>Burvik 120 me\u00f0 tv\u00f6f\u00f6ldu risi b\u00fd\u00f0ur upp \u00e1 marga svefnpl\u00e1ss og er me\u00f0 st\u00f3rt, bjart sameiginlegt r\u00fdmi me\u00f0 \u00fats\u00fdnisgluggum. Me\u00f0 \u00e1tta svefnpl\u00e1ssum og eldh\u00fasi sem er a\u00f0laga\u00f0 fyrir st\u00f3rar samkomur, ver\u00f0ur \u00feetta fr\u00edstundah\u00fas vins\u00e6lt hj\u00e1 b\u00e6\u00f0i fj\u00f6lskyldu og vinum.<\/p>\n<p>G\u00f3lfskipulagi\u00f0 me\u00f0 risi \u00ed hvorum enda b\u00fd\u00f0ur upp \u00e1 m\u00f6guleika \u00e1 a\u00f0skildum svefnherbergjum e\u00f0a hv\u00ed ekki a\u00f0 nota eitt sem hi\u00f0 fullkomna setusv\u00e6\u00f0i fyrir ofan stofuna.<\/p>\n<p>A\u00f0 kalla \u00feetta fullkomna fjallask\u00e1la finnst fullkomlega e\u00f0lilegt, hver myndi ekki vilja hafa sk\u00ed\u00f0ask\u00fdli \u00ed sumarh\u00fasinu s\u00ednu \u00e1 me\u00f0an gufuba\u00f0i\u00f0 er tilb\u00fai\u00f0? Hugvitsamlegar sm\u00e1atri\u00f0i eins og snjall geymsla undir stiganum, sem og rennihur\u00f0ir til a\u00f0 au\u00f0velda umgengni, auka notagildi h\u00fassins.<\/p>\n<p><img loading=\"lazy\" decoding=\"async\" class=\"alignnone wp-image-14843 size-large\" title=\"Burvik 120 me\u00f0 tv\u00f6f\u00f6ldu risi Fr\u00edh\u00fas Villa Fasta b\u00faseta Byggingarsett H\u00fas fr\u00e1 Jorntrahus innanh\u00fass 3x2 vefur\" src=\"https:\/\/jorntrahus.se\/wp-content\/uploads\/2025\/02\/Burvik-120-med-dubbla-loft-Fritidshus-Villa-Permanentboende-Byggsats-Hus-fran-Jorntrahus-interior-3x2-webb-1600x1067.jpg\" alt=\"Burvik 120 me\u00f0 tv\u00f6f\u00f6ldu risi Fr\u00edh\u00fas Villa Fasta b\u00faseta Byggingarsett H\u00fas fr\u00e1 Jorntrahus innanh\u00fass 3x2 vefur\" width=\"1020\" height=\"680\" srcset=\"https:\/\/jorntrahus.se\/wp-content\/uploads\/2025\/02\/Burvik-120-med-dubbla-loft-Fritidshus-Villa-Permanentboende-Byggsats-Hus-fran-Jorntrahus-interior-3x2-webb-1600x1067.jpg 1600w, https:\/\/jorntrahus.se\/wp-content\/uploads\/2025\/02\/Burvik-120-med-dubbla-loft-Fritidshus-Villa-Permanentboende-Byggsats-Hus-fran-Jorntrahus-interior-3x2-webb-900x600.jpg 900w, https:\/\/jorntrahus.se\/wp-content\/uploads\/2025\/02\/Burvik-120-med-dubbla-loft-Fritidshus-Villa-Permanentboende-Byggsats-Hus-fran-Jorntrahus-interior-3x2-webb-768x512.jpg 768w, https:\/\/jorntrahus.se\/wp-content\/uploads\/2025\/02\/Burvik-120-med-dubbla-loft-Fritidshus-Villa-Permanentboende-Byggsats-Hus-fran-Jorntrahus-interior-3x2-webb-1536x1024.jpg 1536w, https:\/\/jorntrahus.se\/wp-content\/uploads\/2025\/02\/Burvik-120-med-dubbla-loft-Fritidshus-Villa-Permanentboende-Byggsats-Hus-fran-Jorntrahus-interior-3x2-webb-2048x1365.jpg 2048w, https:\/\/jorntrahus.se\/wp-content\/uploads\/2025\/02\/Burvik-120-med-dubbla-loft-Fritidshus-Villa-Permanentboende-Byggsats-Hus-fran-Jorntrahus-interior-3x2-webb-600x400.jpg 600w\" sizes=\"auto, (max-width: 1020px) 100vw, 1020px\" \/><\/p>\n<p><a href=\"https:\/\/jorntrahus.se\/wp-content\/uploads\/2025\/02\/Burvik-120-med-dubbla-loft-Fritidshus-Villa-Permanentboende-Byggsats-Hus-fran-Jorntrahus-Sommar-3x2-Webb.jpg\"><img loading=\"lazy\" decoding=\"async\" class=\"alignnone wp-image-15030 size-large\" title=\"Burvik 120 me\u00f0 tv\u00f6f\u00f6ldu risi Fr\u00edh\u00fas Villa Fasta b\u00faseta Byggingar\u00edb\u00fa\u00f0 fr\u00e1 Jorntrahus Sumar 3x2 Vefur\" src=\"https:\/\/jorntrahus.se\/wp-content\/uploads\/2025\/02\/Burvik-120-med-dubbla-loft-Fritidshus-Villa-Permanentboende-Byggsats-Hus-fran-Jorntrahus-Sommar-3x2-Webb-1600x1067.jpg\" alt=\"Burvik 120 me\u00f0 tv\u00f6f\u00f6ldu risi Fr\u00edh\u00fas Villa Fasta b\u00faseta Byggingar\u00edb\u00fa\u00f0 fr\u00e1 Jorntrahus Sumar 3x2 Vefur\" width=\"1020\" height=\"680\" srcset=\"https:\/\/jorntrahus.se\/wp-content\/uploads\/2025\/02\/Burvik-120-med-dubbla-loft-Fritidshus-Villa-Permanentboende-Byggsats-Hus-fran-Jorntrahus-Sommar-3x2-Webb-1600x1067.jpg 1600w, https:\/\/jorntrahus.se\/wp-content\/uploads\/2025\/02\/Burvik-120-med-dubbla-loft-Fritidshus-Villa-Permanentboende-Byggsats-Hus-fran-Jorntrahus-Sommar-3x2-Webb-900x600.jpg 900w, https:\/\/jorntrahus.se\/wp-content\/uploads\/2025\/02\/Burvik-120-med-dubbla-loft-Fritidshus-Villa-Permanentboende-Byggsats-Hus-fran-Jorntrahus-Sommar-3x2-Webb-768x512.jpg 768w, https:\/\/jorntrahus.se\/wp-content\/uploads\/2025\/02\/Burvik-120-med-dubbla-loft-Fritidshus-Villa-Permanentboende-Byggsats-Hus-fran-Jorntrahus-Sommar-3x2-Webb-1536x1024.jpg 1536w, https:\/\/jorntrahus.se\/wp-content\/uploads\/2025\/02\/Burvik-120-med-dubbla-loft-Fritidshus-Villa-Permanentboende-Byggsats-Hus-fran-Jorntrahus-Sommar-3x2-Webb-2048x1366.jpg 2048w, https:\/\/jorntrahus.se\/wp-content\/uploads\/2025\/02\/Burvik-120-med-dubbla-loft-Fritidshus-Villa-Permanentboende-Byggsats-Hus-fran-Jorntrahus-Sommar-3x2-Webb-600x400.jpg 600w\" sizes=\"auto, (max-width: 1020px) 100vw, 1020px\" \/><\/a><\/p>\n<\/div>\n<\/div>","protected":false},"featured_media":14842,"template":"","meta":[],"product_brand":[],"product_cat":[1456],"product_tag":[],"class_list":{"0":"post-14841","1":"product","2":"type-product","3":"status-publish","4":"has-post-thumbnail","6":"product_cat-burvik","8":"first","9":"instock","10":"shipping-taxable","11":"product-type-simple"},"yoast_head":"<!-- This site is optimized with the Yoast SEO plugin v27.5 - https:\/\/yoast.com\/product\/yoast-seo-wordpress\/ -->\n<title>Burvik 120 dubbelloft - J\u00f6rntr\u00e4hus<\/title>\n<meta name=\"robots\" content=\"index, follow, max-snippet:-1, max-image-preview:large, max-video-preview:-1\" \/>\n<link rel=\"canonical\" href=\"https:\/\/jorntrahus.se\/is\/huslikan\/burvik-120-tvofalt-loft\/\" \/>\n<meta property=\"og:locale\" content=\"is_IS\" \/>\n<meta property=\"og:type\" content=\"article\" \/>\n<meta property=\"og:title\" content=\"Burvik 120 dubbelloft - J\u00f6rntr\u00e4hus\" \/>\n<meta property=\"og:description\" content=\"Dr\u00f6mmen f\u00f6r den aktiva friluftsfamiljen      Har man en aktiv fritid och \u00f6nskar utrymmen med groventr\u00e9 och f\u00f6rvaring av diverse friluftslivs- och sportutrustning, s\u00e5 \u00e4r denna husmodell ett mycket bra val.  Burvik 120 med dubbla loft erbjuder m\u00e5nga sovplatser och har en stor ljus central gemensamhetsyta med panoramaf\u00f6nster. D\u00e5 det finns hela \u00e5tta sovplatser och att k\u00f6ksdelen \u00e4r anpassad till stora sammankomster s\u00e5 blir detta fritidshus en favorit f\u00f6r b\u00e5de familj och v\u00e4nner.  Planl\u00f6sningen med ett loft p\u00e5 vardera gavlarna ger m\u00f6jlighet till \u00e5tskilda sovplatser eller varf\u00f6r inte nyttja den ena som den perfekta lounge-avdelningen ovanf\u00f6r allrummet.  Att kalla detta den ultimata fj\u00e4llstugan k\u00e4nns helt naturligt, vem vill inte ha en walk-in-skidbod i sitt fritidshus samtidigt som bastun st\u00e5r redo? Genomt\u00e4nkta detaljer som till exempel smarta f\u00f6rr\u00e5d under trapporna, samt dragd\u00f6rrar f\u00f6r att underl\u00e4tta passager ger en \u00f6kad nyttjandegrad f\u00f6r husmodellen.\" \/>\n<meta property=\"og:url\" content=\"https:\/\/jorntrahus.se\/is\/huslikan\/burvik-120-tvofalt-loft\/\" \/>\n<meta property=\"og:site_name\" content=\"J\u00f6rntr\u00e4hus\" \/>\n<meta property=\"article:modified_time\" content=\"2025-08-18T10:25:16+00:00\" \/>\n<meta property=\"og:image\" content=\"https:\/\/jorntrahus.se\/wp-content\/uploads\/2025\/02\/Burvik-120-med-dubbla-loft-Fritidshus-Villa-Permanentboende-Byggsats-Hus-fran-Jorntrahus-3x2-webb.jpg\" \/>\n\t<meta property=\"og:image:width\" content=\"3000\" \/>\n\t<meta property=\"og:image:height\" content=\"2000\" \/>\n\t<meta property=\"og:image:type\" content=\"image\/jpeg\" \/>\n<meta name=\"twitter:card\" content=\"summary_large_image\" \/>\n<meta name=\"twitter:label1\" content=\"Est. reading time\" \/>\n\t<meta name=\"twitter:data1\" content=\"1 minute\" \/>\n<script type=\"application\/ld+json\" class=\"yoast-schema-graph\">{\"@context\":\"https:\\\/\\\/schema.org\",\"@graph\":[{\"@type\":\"WebPage\",\"@id\":\"https:\\\/\\\/jorntrahus.se\\\/husmodell\\\/burvik-120-dubbelloft\\\/\",\"url\":\"https:\\\/\\\/jorntrahus.se\\\/husmodell\\\/burvik-120-dubbelloft\\\/\",\"name\":\"Burvik 120 dubbelloft - J\u00f6rntr\u00e4hus\",\"isPartOf\":{\"@id\":\"https:\\\/\\\/jorntrahus.se\\\/#website\"},\"primaryImageOfPage\":{\"@id\":\"https:\\\/\\\/jorntrahus.se\\\/husmodell\\\/burvik-120-dubbelloft\\\/#primaryimage\"},\"image\":{\"@id\":\"https:\\\/\\\/jorntrahus.se\\\/husmodell\\\/burvik-120-dubbelloft\\\/#primaryimage\"},\"thumbnailUrl\":\"https:\\\/\\\/jorntrahus.se\\\/wp-content\\\/uploads\\\/2025\\\/02\\\/Burvik-120-med-dubbla-loft-Fritidshus-Villa-Permanentboende-Byggsats-Hus-fran-Jorntrahus-3x2-webb.jpg\",\"datePublished\":\"2025-02-27T11:17:14+00:00\",\"dateModified\":\"2025-08-18T10:25:16+00:00\",\"breadcrumb\":{\"@id\":\"https:\\\/\\\/jorntrahus.se\\\/husmodell\\\/burvik-120-dubbelloft\\\/#breadcrumb\"},\"inLanguage\":\"is\",\"potentialAction\":[{\"@type\":\"ReadAction\",\"target\":[\"https:\\\/\\\/jorntrahus.se\\\/husmodell\\\/burvik-120-dubbelloft\\\/\"]}]},{\"@type\":\"ImageObject\",\"inLanguage\":\"is\",\"@id\":\"https:\\\/\\\/jorntrahus.se\\\/husmodell\\\/burvik-120-dubbelloft\\\/#primaryimage\",\"url\":\"https:\\\/\\\/jorntrahus.se\\\/wp-content\\\/uploads\\\/2025\\\/02\\\/Burvik-120-med-dubbla-loft-Fritidshus-Villa-Permanentboende-Byggsats-Hus-fran-Jorntrahus-3x2-webb.jpg\",\"contentUrl\":\"https:\\\/\\\/jorntrahus.se\\\/wp-content\\\/uploads\\\/2025\\\/02\\\/Burvik-120-med-dubbla-loft-Fritidshus-Villa-Permanentboende-Byggsats-Hus-fran-Jorntrahus-3x2-webb.jpg\",\"width\":3000,\"height\":2000,\"caption\":\"Burvik 120 med dubbla loft Fritidshus Villa Permanentboende Byggsats Hus fran Jorntrahus 3x2 webb\"},{\"@type\":\"BreadcrumbList\",\"@id\":\"https:\\\/\\\/jorntrahus.se\\\/husmodell\\\/burvik-120-dubbelloft\\\/#breadcrumb\",\"itemListElement\":[{\"@type\":\"ListItem\",\"position\":1,\"name\":\"Hem\",\"item\":\"https:\\\/\\\/jorntrahus.se\\\/\"},{\"@type\":\"ListItem\",\"position\":2,\"name\":\"V\u00e5ra hus\",\"item\":\"https:\\\/\\\/jorntrahus.se\\\/husen\\\/\"},{\"@type\":\"ListItem\",\"position\":3,\"name\":\"Burvik 120 dubbelloft\"}]},{\"@type\":\"WebSite\",\"@id\":\"https:\\\/\\\/jorntrahus.se\\\/#website\",\"url\":\"https:\\\/\\\/jorntrahus.se\\\/\",\"name\":\"J\u00f6rntr\u00e4hus\",\"description\":\"Hus f\u00f6r den medvetne\",\"publisher\":{\"@id\":\"https:\\\/\\\/jorntrahus.se\\\/#organization\"},\"potentialAction\":[{\"@type\":\"SearchAction\",\"target\":{\"@type\":\"EntryPoint\",\"urlTemplate\":\"https:\\\/\\\/jorntrahus.se\\\/?s={search_term_string}\"},\"query-input\":{\"@type\":\"PropertyValueSpecification\",\"valueRequired\":true,\"valueName\":\"search_term_string\"}}],\"inLanguage\":\"is\"},{\"@type\":\"Organization\",\"@id\":\"https:\\\/\\\/jorntrahus.se\\\/#organization\",\"name\":\"J\u00f6rntr\u00e4hus\",\"url\":\"https:\\\/\\\/jorntrahus.se\\\/\",\"logo\":{\"@type\":\"ImageObject\",\"inLanguage\":\"is\",\"@id\":\"https:\\\/\\\/jorntrahus.se\\\/#\\\/schema\\\/logo\\\/image\\\/\",\"url\":\"https:\\\/\\\/jorntrahus.se\\\/wp-content\\\/uploads\\\/2020\\\/09\\\/Jorntrahus_Grund_CMYK.eps\",\"contentUrl\":\"https:\\\/\\\/jorntrahus.se\\\/wp-content\\\/uploads\\\/2020\\\/09\\\/Jorntrahus_Grund_CMYK.eps\",\"width\":1,\"height\":1,\"caption\":\"J\u00f6rntr\u00e4hus\"},\"image\":{\"@id\":\"https:\\\/\\\/jorntrahus.se\\\/#\\\/schema\\\/logo\\\/image\\\/\"}}]}<\/script>\n<!-- \/ Yoast SEO plugin. -->","yoast_head_json":{"title":"Burvik 120 tv\u00f6falt loft - J\u00f6rntr\u00e4hus","robots":{"index":"index","follow":"follow","max-snippet":"max-snippet:-1","max-image-preview":"max-image-preview:large","max-video-preview":"max-video-preview:-1"},"canonical":"https:\/\/jorntrahus.se\/is\/huslikan\/burvik-120-tvofalt-loft\/","og_locale":"is_IS","og_type":"article","og_title":"Burvik 120 dubbelloft - J\u00f6rntr\u00e4hus","og_description":"Dr\u00f6mmen f\u00f6r den aktiva friluftsfamiljen      Har man en aktiv fritid och \u00f6nskar utrymmen med groventr\u00e9 och f\u00f6rvaring av diverse friluftslivs- och sportutrustning, s\u00e5 \u00e4r denna husmodell ett mycket bra val.  Burvik 120 med dubbla loft erbjuder m\u00e5nga sovplatser och har en stor ljus central gemensamhetsyta med panoramaf\u00f6nster. D\u00e5 det finns hela \u00e5tta sovplatser och att k\u00f6ksdelen \u00e4r anpassad till stora sammankomster s\u00e5 blir detta fritidshus en favorit f\u00f6r b\u00e5de familj och v\u00e4nner.  Planl\u00f6sningen med ett loft p\u00e5 vardera gavlarna ger m\u00f6jlighet till \u00e5tskilda sovplatser eller varf\u00f6r inte nyttja den ena som den perfekta lounge-avdelningen ovanf\u00f6r allrummet.  Att kalla detta den ultimata fj\u00e4llstugan k\u00e4nns helt naturligt, vem vill inte ha en walk-in-skidbod i sitt fritidshus samtidigt som bastun st\u00e5r redo? Genomt\u00e4nkta detaljer som till exempel smarta f\u00f6rr\u00e5d under trapporna, samt dragd\u00f6rrar f\u00f6r att underl\u00e4tta passager ger en \u00f6kad nyttjandegrad f\u00f6r husmodellen.","og_url":"https:\/\/jorntrahus.se\/is\/huslikan\/burvik-120-tvofalt-loft\/","og_site_name":"J\u00f6rntr\u00e4hus","article_modified_time":"2025-08-18T10:25:16+00:00","og_image":[{"width":3000,"height":2000,"url":"https:\/\/jorntrahus.se\/wp-content\/uploads\/2025\/02\/Burvik-120-med-dubbla-loft-Fritidshus-Villa-Permanentboende-Byggsats-Hus-fran-Jorntrahus-3x2-webb.jpg","type":"image\/jpeg"}],"twitter_card":"summary_large_image","twitter_misc":{"Est. reading time":"1 minute"},"schema":{"@context":"https:\/\/schema.org","@graph":[{"@type":"WebPage","@id":"https:\/\/jorntrahus.se\/husmodell\/burvik-120-dubbelloft\/","url":"https:\/\/jorntrahus.se\/husmodell\/burvik-120-dubbelloft\/","name":"Burvik 120 tv\u00f6falt loft - J\u00f6rntr\u00e4hus","isPartOf":{"@id":"https:\/\/jorntrahus.se\/#website"},"primaryImageOfPage":{"@id":"https:\/\/jorntrahus.se\/husmodell\/burvik-120-dubbelloft\/#primaryimage"},"image":{"@id":"https:\/\/jorntrahus.se\/husmodell\/burvik-120-dubbelloft\/#primaryimage"},"thumbnailUrl":"https:\/\/jorntrahus.se\/wp-content\/uploads\/2025\/02\/Burvik-120-med-dubbla-loft-Fritidshus-Villa-Permanentboende-Byggsats-Hus-fran-Jorntrahus-3x2-webb.jpg","datePublished":"2025-02-27T11:17:14+00:00","dateModified":"2025-08-18T10:25:16+00:00","breadcrumb":{"@id":"https:\/\/jorntrahus.se\/husmodell\/burvik-120-dubbelloft\/#breadcrumb"},"inLanguage":"is","potentialAction":[{"@type":"ReadAction","target":["https:\/\/jorntrahus.se\/husmodell\/burvik-120-dubbelloft\/"]}]},{"@type":"ImageObject","inLanguage":"is","@id":"https:\/\/jorntrahus.se\/husmodell\/burvik-120-dubbelloft\/#primaryimage","url":"https:\/\/jorntrahus.se\/wp-content\/uploads\/2025\/02\/Burvik-120-med-dubbla-loft-Fritidshus-Villa-Permanentboende-Byggsats-Hus-fran-Jorntrahus-3x2-webb.jpg","contentUrl":"https:\/\/jorntrahus.se\/wp-content\/uploads\/2025\/02\/Burvik-120-med-dubbla-loft-Fritidshus-Villa-Permanentboende-Byggsats-Hus-fran-Jorntrahus-3x2-webb.jpg","width":3000,"height":2000,"caption":"Burvik 120 med dubbla loft Fritidshus Villa Permanentboende Byggsats Hus fran Jorntrahus 3x2 webb"},{"@type":"BreadcrumbList","@id":"https:\/\/jorntrahus.se\/husmodell\/burvik-120-dubbelloft\/#breadcrumb","itemListElement":[{"@type":"ListItem","position":1,"name":"Hem","item":"https:\/\/jorntrahus.se\/"},{"@type":"ListItem","position":2,"name":"V\u00e5ra hus","item":"https:\/\/jorntrahus.se\/husen\/"},{"@type":"ListItem","position":3,"name":"Burvik 120 dubbelloft"}]},{"@type":"WebSite","@id":"https:\/\/jorntrahus.se\/#website","url":"https:\/\/jorntrahus.se\/","name":"J\u00f6rntr\u00e4hus","description":"H\u00fas fyrir me\u00f0vita\u00f0a","publisher":{"@id":"https:\/\/jorntrahus.se\/#organization"},"potentialAction":[{"@type":"SearchAction","target":{"@type":"EntryPoint","urlTemplate":"https:\/\/jorntrahus.se\/?s={search_term_string}"},"query-input":{"@type":"PropertyValueSpecification","valueRequired":true,"valueName":"search_term_string"}}],"inLanguage":"is"},{"@type":"Organization","@id":"https:\/\/jorntrahus.se\/#organization","name":"J\u00f6rntr\u00e4hus","url":"https:\/\/jorntrahus.se\/","logo":{"@type":"ImageObject","inLanguage":"is","@id":"https:\/\/jorntrahus.se\/#\/schema\/logo\/image\/","url":"https:\/\/jorntrahus.se\/wp-content\/uploads\/2020\/09\/Jorntrahus_Grund_CMYK.eps","contentUrl":"https:\/\/jorntrahus.se\/wp-content\/uploads\/2020\/09\/Jorntrahus_Grund_CMYK.eps","width":1,"height":1,"caption":"J\u00f6rntr\u00e4hus"},"image":{"@id":"https:\/\/jorntrahus.se\/#\/schema\/logo\/image\/"}}]}},"publishpress_future_workflow_manual_trigger":{"enabledWorkflows":[]},"_links":{"self":[{"href":"https:\/\/jorntrahus.se\/is\/wp-json\/wp\/v2\/product\/14841","targetHints":{"allow":["GET"]}}],"collection":[{"href":"https:\/\/jorntrahus.se\/is\/wp-json\/wp\/v2\/product"}],"about":[{"href":"https:\/\/jorntrahus.se\/is\/wp-json\/wp\/v2\/types\/product"}],"wp:featuredmedia":[{"embeddable":true,"href":"https:\/\/jorntrahus.se\/is\/wp-json\/wp\/v2\/media\/14842"}],"wp:attachment":[{"href":"https:\/\/jorntrahus.se\/is\/wp-json\/wp\/v2\/media?parent=14841"}],"wp:term":[{"taxonomy":"product_brand","embeddable":true,"href":"https:\/\/jorntrahus.se\/is\/wp-json\/wp\/v2\/product_brand?post=14841"},{"taxonomy":"product_cat","embeddable":true,"href":"https:\/\/jorntrahus.se\/is\/wp-json\/wp\/v2\/product_cat?post=14841"},{"taxonomy":"product_tag","embeddable":true,"href":"https:\/\/jorntrahus.se\/is\/wp-json\/wp\/v2\/product_tag?post=14841"}],"curies":[{"name":"vp","href":"https:\/\/api.w.org\/{rel}","templated":true}]}}