{"id":6067,"date":"2018-02-15T16:14:39","date_gmt":"2018-02-15T15:14:39","guid":{"rendered":"https:\/\/jorntrahus.se\/?post_type=product&#038;p=6067"},"modified":"2022-10-27T15:02:05","modified_gmt":"2022-10-27T13:02:05","slug":"hogheden-167-ibud","status":"publish","type":"product","link":"https:\/\/jorntrahus.se\/is\/husmodell\/hogheden-167-lgh\/","title":{"rendered":"\u00cdb\u00fa\u00f0 \u00ed H\u00f6hheden 167"},"content":{"rendered":"","protected":false},"excerpt":{"rendered":"<h3>Fr\u00ed\u00edb\u00fa\u00f0 \u00ed \u00edb\u00fa\u00f0arst\u00edl<\/h3>\n<p>\u00cdb\u00fa\u00f0arh\u00fas \u00ed klass\u00edskum st\u00edl sem inniheldur fj\u00f3rar a\u00f0skildar \u00edb\u00fa\u00f0ir. \u00deetta er vins\u00e6ll ger\u00f0 me\u00f0 vel \u00fer\u00f3a\u00f0ri og sanna\u00f0ri r\u00fd\u00f0sni\u00f0u, \u00fear sem hver \u00edb\u00fa\u00f0 b\u00fd\u00f0ur upp \u00e1 \u00ferj\u00fa svefnherbergi, geymslupl\u00e1ss og m\u00f6guleika \u00e1 gufuba\u00f0i. Eini munurinn \u00e1 \u00edb\u00fa\u00f0unum er s\u00e1 a\u00f0 efri h\u00e6\u00f0irnar hafa halla\u00feak, sem ekki er a\u00f0 finna \u00e1 ne\u00f0ri h\u00e6\u00f0um.<\/p>\n<p>Hin klass\u00edska h\u00f6nnun fellur fullkomlega a\u00f0 fjallalandslagi, en hentar einnig \u00f6\u00f0rum sv\u00e6\u00f0um \u00fear sem \u00edb\u00fa\u00f0arh\u00fas \u00ed fr\u00ed\u00edb\u00fa\u00f0arst\u00edl eru algeng.<\/p>","protected":false},"featured_media":6108,"template":"","meta":[],"product_brand":[],"product_cat":[564,1039],"product_tag":[29,1267],"class_list":{"0":"post-6067","1":"product","2":"type-product","3":"status-publish","4":"has-post-thumbnail","6":"product_cat-hogheden","7":"product_cat-pro","8":"product_tag-001-2-plan","9":"product_tag-klassiskt-hus","10":"husstil-klassiska-hus","11":"hustyp-flerfamiljshus","13":"first","14":"instock","15":"shipping-taxable","16":"product-type-simple"},"yoast_head":"<!-- This site is optimized with the Yoast SEO plugin v27.5 - https:\/\/yoast.com\/product\/yoast-seo-wordpress\/ -->\n<title>H\u00f6gheden 167 lgh - J\u00f6rntr\u00e4hus<\/title>\n<meta name=\"robots\" content=\"index, follow, max-snippet:-1, max-image-preview:large, max-video-preview:-1\" \/>\n<link rel=\"canonical\" href=\"https:\/\/jorntrahus.se\/is\/huslikan\/hogheden-167-ibud\/\" \/>\n<meta property=\"og:locale\" content=\"is_IS\" \/>\n<meta property=\"og:type\" content=\"article\" \/>\n<meta property=\"og:title\" content=\"H\u00f6gheden 167 lgh - J\u00f6rntr\u00e4hus\" \/>\n<meta property=\"og:description\" content=\"Fritidshus i l\u00e4genhetsutf\u00f6rande L\u00e4genhetshus i klassisk stil inneh\u00e5llande\u00a0fyra separata l\u00e4genheter. Detta\u00a0\u00e4r en popul\u00e4r modell med en v\u00e4lutvecklad\u00a0och bepr\u00f6vad planl\u00f6sning d\u00e4r varje l\u00e4genheten erbjuder bland annat tre sovrum, f\u00f6rr\u00e5d samt\u00a0m\u00f6jlighet till bastu. Den enda skillnaden mellan l\u00e4genheterna \u00e4r att de \u00f6vre v\u00e5ningarna har ett rygg\u00e5stak, vilket man inte finner p\u00e5 de undre planet.  Den\u00a0klassiska designen sm\u00e4lter p\u00e5 ett f\u00f6rtr\u00e4ffligt\u00a0s\u00e4tt in i fj\u00e4llmilj\u00f6er men passar\u00a0\u00e4ven i andra regioner d\u00e4r fritidshus i\u00a0l\u00e4genhetsutf\u00f6rande f\u00f6rekommer.\" \/>\n<meta property=\"og:url\" content=\"https:\/\/jorntrahus.se\/is\/huslikan\/hogheden-167-ibud\/\" \/>\n<meta property=\"og:site_name\" content=\"J\u00f6rntr\u00e4hus\" \/>\n<meta property=\"article:modified_time\" content=\"2022-10-27T13:02:05+00:00\" \/>\n<meta property=\"og:image\" content=\"https:\/\/jorntrahus.se\/wp-content\/uploads\/2017\/12\/H\u00f6gheden-LGH-3D.jpg\" \/>\n\t<meta property=\"og:image:width\" content=\"1500\" \/>\n\t<meta property=\"og:image:height\" content=\"1000\" \/>\n\t<meta property=\"og:image:type\" content=\"image\/jpeg\" \/>\n<meta name=\"twitter:card\" content=\"summary_large_image\" \/>\n<script type=\"application\/ld+json\" class=\"yoast-schema-graph\">{\"@context\":\"https:\\\/\\\/schema.org\",\"@graph\":[{\"@type\":\"WebPage\",\"@id\":\"https:\\\/\\\/jorntrahus.se\\\/husmodell\\\/hogheden-167-lgh\\\/\",\"url\":\"https:\\\/\\\/jorntrahus.se\\\/husmodell\\\/hogheden-167-lgh\\\/\",\"name\":\"H\u00f6gheden 167 lgh - J\u00f6rntr\u00e4hus\",\"isPartOf\":{\"@id\":\"https:\\\/\\\/jorntrahus.se\\\/#website\"},\"primaryImageOfPage\":{\"@id\":\"https:\\\/\\\/jorntrahus.se\\\/husmodell\\\/hogheden-167-lgh\\\/#primaryimage\"},\"image\":{\"@id\":\"https:\\\/\\\/jorntrahus.se\\\/husmodell\\\/hogheden-167-lgh\\\/#primaryimage\"},\"thumbnailUrl\":\"https:\\\/\\\/jorntrahus.se\\\/wp-content\\\/uploads\\\/2017\\\/12\\\/H\u00f6gheden-LGH-3D.jpg\",\"datePublished\":\"2018-02-15T15:14:39+00:00\",\"dateModified\":\"2022-10-27T13:02:05+00:00\",\"breadcrumb\":{\"@id\":\"https:\\\/\\\/jorntrahus.se\\\/husmodell\\\/hogheden-167-lgh\\\/#breadcrumb\"},\"inLanguage\":\"is\",\"potentialAction\":[{\"@type\":\"ReadAction\",\"target\":[\"https:\\\/\\\/jorntrahus.se\\\/husmodell\\\/hogheden-167-lgh\\\/\"]}]},{\"@type\":\"ImageObject\",\"inLanguage\":\"is\",\"@id\":\"https:\\\/\\\/jorntrahus.se\\\/husmodell\\\/hogheden-167-lgh\\\/#primaryimage\",\"url\":\"https:\\\/\\\/jorntrahus.se\\\/wp-content\\\/uploads\\\/2017\\\/12\\\/H\u00f6gheden-LGH-3D.jpg\",\"contentUrl\":\"https:\\\/\\\/jorntrahus.se\\\/wp-content\\\/uploads\\\/2017\\\/12\\\/H\u00f6gheden-LGH-3D.jpg\",\"width\":1500,\"height\":1000},{\"@type\":\"BreadcrumbList\",\"@id\":\"https:\\\/\\\/jorntrahus.se\\\/husmodell\\\/hogheden-167-lgh\\\/#breadcrumb\",\"itemListElement\":[{\"@type\":\"ListItem\",\"position\":1,\"name\":\"Hem\",\"item\":\"https:\\\/\\\/jorntrahus.se\\\/\"},{\"@type\":\"ListItem\",\"position\":2,\"name\":\"V\u00e5ra hus\",\"item\":\"https:\\\/\\\/jorntrahus.se\\\/husen\\\/\"},{\"@type\":\"ListItem\",\"position\":3,\"name\":\"H\u00f6gheden 167 lgh\"}]},{\"@type\":\"WebSite\",\"@id\":\"https:\\\/\\\/jorntrahus.se\\\/#website\",\"url\":\"https:\\\/\\\/jorntrahus.se\\\/\",\"name\":\"J\u00f6rntr\u00e4hus\",\"description\":\"Hus f\u00f6r den medvetne\",\"publisher\":{\"@id\":\"https:\\\/\\\/jorntrahus.se\\\/#organization\"},\"potentialAction\":[{\"@type\":\"SearchAction\",\"target\":{\"@type\":\"EntryPoint\",\"urlTemplate\":\"https:\\\/\\\/jorntrahus.se\\\/?s={search_term_string}\"},\"query-input\":{\"@type\":\"PropertyValueSpecification\",\"valueRequired\":true,\"valueName\":\"search_term_string\"}}],\"inLanguage\":\"is\"},{\"@type\":\"Organization\",\"@id\":\"https:\\\/\\\/jorntrahus.se\\\/#organization\",\"name\":\"J\u00f6rntr\u00e4hus\",\"url\":\"https:\\\/\\\/jorntrahus.se\\\/\",\"logo\":{\"@type\":\"ImageObject\",\"inLanguage\":\"is\",\"@id\":\"https:\\\/\\\/jorntrahus.se\\\/#\\\/schema\\\/logo\\\/image\\\/\",\"url\":\"https:\\\/\\\/jorntrahus.se\\\/wp-content\\\/uploads\\\/2020\\\/09\\\/Jorntrahus_Grund_CMYK.eps\",\"contentUrl\":\"https:\\\/\\\/jorntrahus.se\\\/wp-content\\\/uploads\\\/2020\\\/09\\\/Jorntrahus_Grund_CMYK.eps\",\"width\":1,\"height\":1,\"caption\":\"J\u00f6rntr\u00e4hus\"},\"image\":{\"@id\":\"https:\\\/\\\/jorntrahus.se\\\/#\\\/schema\\\/logo\\\/image\\\/\"}}]}<\/script>\n<!-- \/ Yoast SEO plugin. -->","yoast_head_json":{"title":"H\u00f6gheden 167 \u00edb\u00fa\u00f0 - J\u00f6rntr\u00e4hus","robots":{"index":"index","follow":"follow","max-snippet":"max-snippet:-1","max-image-preview":"max-image-preview:large","max-video-preview":"max-video-preview:-1"},"canonical":"https:\/\/jorntrahus.se\/is\/huslikan\/hogheden-167-ibud\/","og_locale":"is_IS","og_type":"article","og_title":"H\u00f6gheden 167 lgh - J\u00f6rntr\u00e4hus","og_description":"Fritidshus i l\u00e4genhetsutf\u00f6rande L\u00e4genhetshus i klassisk stil inneh\u00e5llande\u00a0fyra separata l\u00e4genheter. Detta\u00a0\u00e4r en popul\u00e4r modell med en v\u00e4lutvecklad\u00a0och bepr\u00f6vad planl\u00f6sning d\u00e4r varje l\u00e4genheten erbjuder bland annat tre sovrum, f\u00f6rr\u00e5d samt\u00a0m\u00f6jlighet till bastu. Den enda skillnaden mellan l\u00e4genheterna \u00e4r att de \u00f6vre v\u00e5ningarna har ett rygg\u00e5stak, vilket man inte finner p\u00e5 de undre planet.  Den\u00a0klassiska designen sm\u00e4lter p\u00e5 ett f\u00f6rtr\u00e4ffligt\u00a0s\u00e4tt in i fj\u00e4llmilj\u00f6er men passar\u00a0\u00e4ven i andra regioner d\u00e4r fritidshus i\u00a0l\u00e4genhetsutf\u00f6rande f\u00f6rekommer.","og_url":"https:\/\/jorntrahus.se\/is\/huslikan\/hogheden-167-ibud\/","og_site_name":"J\u00f6rntr\u00e4hus","article_modified_time":"2022-10-27T13:02:05+00:00","og_image":[{"width":1500,"height":1000,"url":"https:\/\/jorntrahus.se\/wp-content\/uploads\/2017\/12\/H\u00f6gheden-LGH-3D.jpg","type":"image\/jpeg"}],"twitter_card":"summary_large_image","schema":{"@context":"https:\/\/schema.org","@graph":[{"@type":"WebPage","@id":"https:\/\/jorntrahus.se\/husmodell\/hogheden-167-lgh\/","url":"https:\/\/jorntrahus.se\/husmodell\/hogheden-167-lgh\/","name":"H\u00f6gheden 167 \u00edb\u00fa\u00f0 - J\u00f6rntr\u00e4hus","isPartOf":{"@id":"https:\/\/jorntrahus.se\/#website"},"primaryImageOfPage":{"@id":"https:\/\/jorntrahus.se\/husmodell\/hogheden-167-lgh\/#primaryimage"},"image":{"@id":"https:\/\/jorntrahus.se\/husmodell\/hogheden-167-lgh\/#primaryimage"},"thumbnailUrl":"https:\/\/jorntrahus.se\/wp-content\/uploads\/2017\/12\/H\u00f6gheden-LGH-3D.jpg","datePublished":"2018-02-15T15:14:39+00:00","dateModified":"2022-10-27T13:02:05+00:00","breadcrumb":{"@id":"https:\/\/jorntrahus.se\/husmodell\/hogheden-167-lgh\/#breadcrumb"},"inLanguage":"is","potentialAction":[{"@type":"ReadAction","target":["https:\/\/jorntrahus.se\/husmodell\/hogheden-167-lgh\/"]}]},{"@type":"ImageObject","inLanguage":"is","@id":"https:\/\/jorntrahus.se\/husmodell\/hogheden-167-lgh\/#primaryimage","url":"https:\/\/jorntrahus.se\/wp-content\/uploads\/2017\/12\/H\u00f6gheden-LGH-3D.jpg","contentUrl":"https:\/\/jorntrahus.se\/wp-content\/uploads\/2017\/12\/H\u00f6gheden-LGH-3D.jpg","width":1500,"height":1000},{"@type":"BreadcrumbList","@id":"https:\/\/jorntrahus.se\/husmodell\/hogheden-167-lgh\/#breadcrumb","itemListElement":[{"@type":"ListItem","position":1,"name":"Hem","item":"https:\/\/jorntrahus.se\/"},{"@type":"ListItem","position":2,"name":"V\u00e5ra hus","item":"https:\/\/jorntrahus.se\/husen\/"},{"@type":"ListItem","position":3,"name":"H\u00f6gheden 167 lgh"}]},{"@type":"WebSite","@id":"https:\/\/jorntrahus.se\/#website","url":"https:\/\/jorntrahus.se\/","name":"J\u00f6rntr\u00e4hus","description":"H\u00fas fyrir me\u00f0vita\u00f0a","publisher":{"@id":"https:\/\/jorntrahus.se\/#organization"},"potentialAction":[{"@type":"SearchAction","target":{"@type":"EntryPoint","urlTemplate":"https:\/\/jorntrahus.se\/?s={search_term_string}"},"query-input":{"@type":"PropertyValueSpecification","valueRequired":true,"valueName":"search_term_string"}}],"inLanguage":"is"},{"@type":"Organization","@id":"https:\/\/jorntrahus.se\/#organization","name":"J\u00f6rntr\u00e4hus","url":"https:\/\/jorntrahus.se\/","logo":{"@type":"ImageObject","inLanguage":"is","@id":"https:\/\/jorntrahus.se\/#\/schema\/logo\/image\/","url":"https:\/\/jorntrahus.se\/wp-content\/uploads\/2020\/09\/Jorntrahus_Grund_CMYK.eps","contentUrl":"https:\/\/jorntrahus.se\/wp-content\/uploads\/2020\/09\/Jorntrahus_Grund_CMYK.eps","width":1,"height":1,"caption":"J\u00f6rntr\u00e4hus"},"image":{"@id":"https:\/\/jorntrahus.se\/#\/schema\/logo\/image\/"}}]}},"publishpress_future_workflow_manual_trigger":{"enabledWorkflows":[]},"_links":{"self":[{"href":"https:\/\/jorntrahus.se\/is\/wp-json\/wp\/v2\/product\/6067","targetHints":{"allow":["GET"]}}],"collection":[{"href":"https:\/\/jorntrahus.se\/is\/wp-json\/wp\/v2\/product"}],"about":[{"href":"https:\/\/jorntrahus.se\/is\/wp-json\/wp\/v2\/types\/product"}],"wp:featuredmedia":[{"embeddable":true,"href":"https:\/\/jorntrahus.se\/is\/wp-json\/wp\/v2\/media\/6108"}],"wp:attachment":[{"href":"https:\/\/jorntrahus.se\/is\/wp-json\/wp\/v2\/media?parent=6067"}],"wp:term":[{"taxonomy":"product_brand","embeddable":true,"href":"https:\/\/jorntrahus.se\/is\/wp-json\/wp\/v2\/product_brand?post=6067"},{"taxonomy":"product_cat","embeddable":true,"href":"https:\/\/jorntrahus.se\/is\/wp-json\/wp\/v2\/product_cat?post=6067"},{"taxonomy":"product_tag","embeddable":true,"href":"https:\/\/jorntrahus.se\/is\/wp-json\/wp\/v2\/product_tag?post=6067"}],"curies":[{"name":"vp","href":"https:\/\/api.w.org\/{rel}","templated":true}]}}