{"id":6071,"date":"2018-02-16T14:18:22","date_gmt":"2018-02-16T13:18:22","guid":{"rendered":"https:\/\/jorntrahus.se\/?post_type=product&#038;p=6071"},"modified":"2023-02-16T12:04:41","modified_gmt":"2023-02-16T11:04:41","slug":"grana-103-risibud","status":"publish","type":"product","link":"https:\/\/jorntrahus.se\/is\/husmodell\/grana-103-loft\/","title":{"rendered":"Gran\u00e5 103 ris\u00edb\u00fa\u00f0"},"content":{"rendered":"","protected":false},"excerpt":{"rendered":"<h3>L\u00edkani\u00f0 sem sameinar \u00fea\u00f0 besta \u00far b\u00e1\u00f0um heimum<\/h3>\n<p>\u00datv\u00edkka\u00f0 \u00feak yfir ver\u00f6ndina og smekklegar svalir \u00e1 efri h\u00e6\u00f0inni bj\u00f3\u00f0a upp \u00e1 vari\u00f0 og afgirt sv\u00e6\u00f0i eftir \u00fe\u00f6rfum. Bor\u00f0stofa me\u00f0 valma\u00feaki sta\u00f0sett vi\u00f0 hli\u00f0ina \u00e1 eldh\u00fasinu, sem og r\u00famg\u00f3\u00f0 stofa \u00e1 rish\u00e6\u00f0inni, bj\u00f3\u00f0a upp \u00e1 lausn sem skapar \u00fe\u00e6gindi og m\u00f6guleika \u00e1 st\u00f3rkostlegu \u00fats\u00fdni. \u00c1 rish\u00e6\u00f0inni eru einnig svefnherbergi me\u00f0 tveimur svefnherbergjum og fataherbergi, g\u00e6ti \u00fea\u00f0 veri\u00f0 fullkomnara?<\/p>\n<div id='gallery-1' class='gallery galleryid-6071 gallery-columns-2 gallery-size-medium'><figure class='gallery-item'>\n\t\t\t<div class='gallery-icon landscape'>\n\t\t\t\t<a title=\"Gran\u00e5 S \u2013 innr\u00e9tting \u2013 J\u00f6rntr\u00e4hus \u2013 sambygg\u00f0 h\u00fas \/ sumarh\u00fas \/ einb\u00fdlish\u00fas\"  href='https:\/\/jorntrahus.se\/is\/?attachment_id=9471#main'><img width=\"600\" height=\"420\" src=\"https:\/\/jorntrahus.se\/wp-content\/uploads\/2018\/02\/Gran\u00e5-S-interi\u00f6r-2-600x420.jpg\" class=\"attachment-medium size-medium\" alt=\"Gran\u00e5 S - innr\u00e9tting - J\u00f6rntr\u00e4hus - sambygg\u00f0 h\u00fas \/ sumarh\u00fas \/ einb\u00fdlish\u00fas\" decoding=\"async\" loading=\"lazy\" srcset=\"https:\/\/jorntrahus.se\/wp-content\/uploads\/2018\/02\/Gran\u00e5-S-interi\u00f6r-2-600x420.jpg 600w, https:\/\/jorntrahus.se\/wp-content\/uploads\/2018\/02\/Gran\u00e5-S-interi\u00f6r-2-900x630.jpg 900w, https:\/\/jorntrahus.se\/wp-content\/uploads\/2018\/02\/Gran\u00e5-S-interi\u00f6r-2-768x538.jpg 768w, https:\/\/jorntrahus.se\/wp-content\/uploads\/2018\/02\/Gran\u00e5-S-interi\u00f6r-2-1200x840.jpg 1200w\" sizes=\"auto, (max-width: 600px) 100vw, 600px\" \/><\/a>\n\t\t\t<\/div><\/figure><figure class='gallery-item'>\n\t\t\t<div class='gallery-icon landscape'>\n\t\t\t\t<a title=\"Gran\u00e5 S \u2013 innr\u00e9tting \u2013 J\u00f6rntr\u00e4hus \u2013 sambygg\u00f0 h\u00fas \/ sumarh\u00fas \/ einb\u00fdlish\u00fas\"  href='https:\/\/jorntrahus.se\/is\/?attachment_id=9470#main'><img width=\"600\" height=\"420\" src=\"https:\/\/jorntrahus.se\/wp-content\/uploads\/2018\/02\/Gran\u00e5-S-interi\u00f6r-1-600x420.jpg\" class=\"attachment-medium size-medium\" alt=\"Gran\u00e5 S - innr\u00e9tting - J\u00f6rntr\u00e4hus - sambygg\u00f0 h\u00fas \/ sumarh\u00fas \/ einb\u00fdlish\u00fas\" decoding=\"async\" loading=\"lazy\" srcset=\"https:\/\/jorntrahus.se\/wp-content\/uploads\/2018\/02\/Gran\u00e5-S-interi\u00f6r-1-600x420.jpg 600w, https:\/\/jorntrahus.se\/wp-content\/uploads\/2018\/02\/Gran\u00e5-S-interi\u00f6r-1-900x630.jpg 900w, https:\/\/jorntrahus.se\/wp-content\/uploads\/2018\/02\/Gran\u00e5-S-interi\u00f6r-1-768x538.jpg 768w, https:\/\/jorntrahus.se\/wp-content\/uploads\/2018\/02\/Gran\u00e5-S-interi\u00f6r-1-1200x840.jpg 1200w\" sizes=\"auto, (max-width: 600px) 100vw, 600px\" \/><\/a>\n\t\t\t<\/div><\/figure>\n\t\t<\/div>","protected":false},"featured_media":6110,"template":"","meta":[],"product_brand":[],"product_cat":[574],"product_tag":[28,1267],"class_list":{"0":"post-6071","1":"product","2":"type-product","3":"status-publish","4":"has-post-thumbnail","6":"product_cat-grana","7":"product_tag-002-1-halv-plan","8":"product_tag-klassiskt-hus","9":"husstil-klassiska-hus","10":"hustyp-fritidshus","12":"first","13":"instock","14":"shipping-taxable","15":"product-type-simple"},"yoast_head":"<!-- This site is optimized with the Yoast SEO plugin v27.5 - https:\/\/yoast.com\/product\/yoast-seo-wordpress\/ -->\n<title>Gran\u00e5 103 loft - J\u00f6rntr\u00e4hus<\/title>\n<meta name=\"robots\" content=\"index, follow, max-snippet:-1, max-image-preview:large, max-video-preview:-1\" \/>\n<link rel=\"canonical\" href=\"https:\/\/jorntrahus.se\/is\/huslikan\/grana-103-risibud\/\" \/>\n<meta property=\"og:locale\" content=\"is_IS\" \/>\n<meta property=\"og:type\" content=\"article\" \/>\n<meta property=\"og:title\" content=\"Gran\u00e5 103 loft - J\u00f6rntr\u00e4hus\" \/>\n<meta property=\"og:description\" content=\"Modellen som f\u00f6renar det b\u00e4sta av tv\u00e5 v\u00e4rldar Utdraget tak \u00f6ver altandelen samt en\u00a0smakfull balkong p\u00e5 \u00f6vre v\u00e5ningen\u00a0erbjuder skyddade och avsk\u00e4rmade\u00a0l\u00e4gen n\u00e4r s\u00e5 beh\u00f6vs.\u00a0Matplats med rygg\u00e5stak placerat\u00a0j\u00e4mte k\u00f6ket, samt ett rymligt allrum\u00a0p\u00e5 loftv\u00e5ningen ger en l\u00f6sning som skapar trivsel samt m\u00f6jlighet\u00a0till en storslagen utsikt. P\u00e5 loftet\u00a0finns det dessutom dubbla sovrum samt\u00a0en kl\u00e4dkammare, kan det bli mer\u00a0komplett?\" \/>\n<meta property=\"og:url\" content=\"https:\/\/jorntrahus.se\/is\/huslikan\/grana-103-risibud\/\" \/>\n<meta property=\"og:site_name\" content=\"J\u00f6rntr\u00e4hus\" \/>\n<meta property=\"article:modified_time\" content=\"2023-02-16T11:04:41+00:00\" \/>\n<meta property=\"og:image\" content=\"https:\/\/jorntrahus.se\/wp-content\/uploads\/2017\/12\/Gran\u00e5-S-3D.jpg\" \/>\n\t<meta property=\"og:image:width\" content=\"1500\" \/>\n\t<meta property=\"og:image:height\" content=\"1000\" \/>\n\t<meta property=\"og:image:type\" content=\"image\/jpeg\" \/>\n<meta name=\"twitter:card\" content=\"summary_large_image\" \/>\n<script type=\"application\/ld+json\" class=\"yoast-schema-graph\">{\"@context\":\"https:\\\/\\\/schema.org\",\"@graph\":[{\"@type\":\"WebPage\",\"@id\":\"https:\\\/\\\/jorntrahus.se\\\/husmodell\\\/grana-103-loft\\\/\",\"url\":\"https:\\\/\\\/jorntrahus.se\\\/husmodell\\\/grana-103-loft\\\/\",\"name\":\"Gran\u00e5 103 loft - J\u00f6rntr\u00e4hus\",\"isPartOf\":{\"@id\":\"https:\\\/\\\/jorntrahus.se\\\/#website\"},\"primaryImageOfPage\":{\"@id\":\"https:\\\/\\\/jorntrahus.se\\\/husmodell\\\/grana-103-loft\\\/#primaryimage\"},\"image\":{\"@id\":\"https:\\\/\\\/jorntrahus.se\\\/husmodell\\\/grana-103-loft\\\/#primaryimage\"},\"thumbnailUrl\":\"https:\\\/\\\/jorntrahus.se\\\/wp-content\\\/uploads\\\/2017\\\/12\\\/Gran\u00e5-S-3D.jpg\",\"datePublished\":\"2018-02-16T13:18:22+00:00\",\"dateModified\":\"2023-02-16T11:04:41+00:00\",\"breadcrumb\":{\"@id\":\"https:\\\/\\\/jorntrahus.se\\\/husmodell\\\/grana-103-loft\\\/#breadcrumb\"},\"inLanguage\":\"is\",\"potentialAction\":[{\"@type\":\"ReadAction\",\"target\":[\"https:\\\/\\\/jorntrahus.se\\\/husmodell\\\/grana-103-loft\\\/\"]}]},{\"@type\":\"ImageObject\",\"inLanguage\":\"is\",\"@id\":\"https:\\\/\\\/jorntrahus.se\\\/husmodell\\\/grana-103-loft\\\/#primaryimage\",\"url\":\"https:\\\/\\\/jorntrahus.se\\\/wp-content\\\/uploads\\\/2017\\\/12\\\/Gran\u00e5-S-3D.jpg\",\"contentUrl\":\"https:\\\/\\\/jorntrahus.se\\\/wp-content\\\/uploads\\\/2017\\\/12\\\/Gran\u00e5-S-3D.jpg\",\"width\":1500,\"height\":1000},{\"@type\":\"BreadcrumbList\",\"@id\":\"https:\\\/\\\/jorntrahus.se\\\/husmodell\\\/grana-103-loft\\\/#breadcrumb\",\"itemListElement\":[{\"@type\":\"ListItem\",\"position\":1,\"name\":\"Hem\",\"item\":\"https:\\\/\\\/jorntrahus.se\\\/\"},{\"@type\":\"ListItem\",\"position\":2,\"name\":\"V\u00e5ra hus\",\"item\":\"https:\\\/\\\/jorntrahus.se\\\/husen\\\/\"},{\"@type\":\"ListItem\",\"position\":3,\"name\":\"Gran\u00e5 103 loft\"}]},{\"@type\":\"WebSite\",\"@id\":\"https:\\\/\\\/jorntrahus.se\\\/#website\",\"url\":\"https:\\\/\\\/jorntrahus.se\\\/\",\"name\":\"J\u00f6rntr\u00e4hus\",\"description\":\"Hus f\u00f6r den medvetne\",\"publisher\":{\"@id\":\"https:\\\/\\\/jorntrahus.se\\\/#organization\"},\"potentialAction\":[{\"@type\":\"SearchAction\",\"target\":{\"@type\":\"EntryPoint\",\"urlTemplate\":\"https:\\\/\\\/jorntrahus.se\\\/?s={search_term_string}\"},\"query-input\":{\"@type\":\"PropertyValueSpecification\",\"valueRequired\":true,\"valueName\":\"search_term_string\"}}],\"inLanguage\":\"is\"},{\"@type\":\"Organization\",\"@id\":\"https:\\\/\\\/jorntrahus.se\\\/#organization\",\"name\":\"J\u00f6rntr\u00e4hus\",\"url\":\"https:\\\/\\\/jorntrahus.se\\\/\",\"logo\":{\"@type\":\"ImageObject\",\"inLanguage\":\"is\",\"@id\":\"https:\\\/\\\/jorntrahus.se\\\/#\\\/schema\\\/logo\\\/image\\\/\",\"url\":\"https:\\\/\\\/jorntrahus.se\\\/wp-content\\\/uploads\\\/2020\\\/09\\\/Jorntrahus_Grund_CMYK.eps\",\"contentUrl\":\"https:\\\/\\\/jorntrahus.se\\\/wp-content\\\/uploads\\\/2020\\\/09\\\/Jorntrahus_Grund_CMYK.eps\",\"width\":1,\"height\":1,\"caption\":\"J\u00f6rntr\u00e4hus\"},\"image\":{\"@id\":\"https:\\\/\\\/jorntrahus.se\\\/#\\\/schema\\\/logo\\\/image\\\/\"}}]}<\/script>\n<!-- \/ Yoast SEO plugin. -->","yoast_head_json":{"title":"Gran\u00e5 103 ris\u00edb\u00fa\u00f0 - J\u00f6rntr\u00e4hus","robots":{"index":"index","follow":"follow","max-snippet":"max-snippet:-1","max-image-preview":"max-image-preview:large","max-video-preview":"max-video-preview:-1"},"canonical":"https:\/\/jorntrahus.se\/is\/huslikan\/grana-103-risibud\/","og_locale":"is_IS","og_type":"article","og_title":"Gran\u00e5 103 loft - J\u00f6rntr\u00e4hus","og_description":"Modellen som f\u00f6renar det b\u00e4sta av tv\u00e5 v\u00e4rldar Utdraget tak \u00f6ver altandelen samt en\u00a0smakfull balkong p\u00e5 \u00f6vre v\u00e5ningen\u00a0erbjuder skyddade och avsk\u00e4rmade\u00a0l\u00e4gen n\u00e4r s\u00e5 beh\u00f6vs.\u00a0Matplats med rygg\u00e5stak placerat\u00a0j\u00e4mte k\u00f6ket, samt ett rymligt allrum\u00a0p\u00e5 loftv\u00e5ningen ger en l\u00f6sning som skapar trivsel samt m\u00f6jlighet\u00a0till en storslagen utsikt. P\u00e5 loftet\u00a0finns det dessutom dubbla sovrum samt\u00a0en kl\u00e4dkammare, kan det bli mer\u00a0komplett?","og_url":"https:\/\/jorntrahus.se\/is\/huslikan\/grana-103-risibud\/","og_site_name":"J\u00f6rntr\u00e4hus","article_modified_time":"2023-02-16T11:04:41+00:00","og_image":[{"width":1500,"height":1000,"url":"https:\/\/jorntrahus.se\/wp-content\/uploads\/2017\/12\/Gran\u00e5-S-3D.jpg","type":"image\/jpeg"}],"twitter_card":"summary_large_image","schema":{"@context":"https:\/\/schema.org","@graph":[{"@type":"WebPage","@id":"https:\/\/jorntrahus.se\/husmodell\/grana-103-loft\/","url":"https:\/\/jorntrahus.se\/husmodell\/grana-103-loft\/","name":"Gran\u00e5 103 ris\u00edb\u00fa\u00f0 - J\u00f6rntr\u00e4hus","isPartOf":{"@id":"https:\/\/jorntrahus.se\/#website"},"primaryImageOfPage":{"@id":"https:\/\/jorntrahus.se\/husmodell\/grana-103-loft\/#primaryimage"},"image":{"@id":"https:\/\/jorntrahus.se\/husmodell\/grana-103-loft\/#primaryimage"},"thumbnailUrl":"https:\/\/jorntrahus.se\/wp-content\/uploads\/2017\/12\/Gran\u00e5-S-3D.jpg","datePublished":"2018-02-16T13:18:22+00:00","dateModified":"2023-02-16T11:04:41+00:00","breadcrumb":{"@id":"https:\/\/jorntrahus.se\/husmodell\/grana-103-loft\/#breadcrumb"},"inLanguage":"is","potentialAction":[{"@type":"ReadAction","target":["https:\/\/jorntrahus.se\/husmodell\/grana-103-loft\/"]}]},{"@type":"ImageObject","inLanguage":"is","@id":"https:\/\/jorntrahus.se\/husmodell\/grana-103-loft\/#primaryimage","url":"https:\/\/jorntrahus.se\/wp-content\/uploads\/2017\/12\/Gran\u00e5-S-3D.jpg","contentUrl":"https:\/\/jorntrahus.se\/wp-content\/uploads\/2017\/12\/Gran\u00e5-S-3D.jpg","width":1500,"height":1000},{"@type":"BreadcrumbList","@id":"https:\/\/jorntrahus.se\/husmodell\/grana-103-loft\/#breadcrumb","itemListElement":[{"@type":"ListItem","position":1,"name":"Hem","item":"https:\/\/jorntrahus.se\/"},{"@type":"ListItem","position":2,"name":"V\u00e5ra hus","item":"https:\/\/jorntrahus.se\/husen\/"},{"@type":"ListItem","position":3,"name":"Gran\u00e5 103 loft"}]},{"@type":"WebSite","@id":"https:\/\/jorntrahus.se\/#website","url":"https:\/\/jorntrahus.se\/","name":"J\u00f6rntr\u00e4hus","description":"H\u00fas fyrir me\u00f0vita\u00f0a","publisher":{"@id":"https:\/\/jorntrahus.se\/#organization"},"potentialAction":[{"@type":"SearchAction","target":{"@type":"EntryPoint","urlTemplate":"https:\/\/jorntrahus.se\/?s={search_term_string}"},"query-input":{"@type":"PropertyValueSpecification","valueRequired":true,"valueName":"search_term_string"}}],"inLanguage":"is"},{"@type":"Organization","@id":"https:\/\/jorntrahus.se\/#organization","name":"J\u00f6rntr\u00e4hus","url":"https:\/\/jorntrahus.se\/","logo":{"@type":"ImageObject","inLanguage":"is","@id":"https:\/\/jorntrahus.se\/#\/schema\/logo\/image\/","url":"https:\/\/jorntrahus.se\/wp-content\/uploads\/2020\/09\/Jorntrahus_Grund_CMYK.eps","contentUrl":"https:\/\/jorntrahus.se\/wp-content\/uploads\/2020\/09\/Jorntrahus_Grund_CMYK.eps","width":1,"height":1,"caption":"J\u00f6rntr\u00e4hus"},"image":{"@id":"https:\/\/jorntrahus.se\/#\/schema\/logo\/image\/"}}]}},"publishpress_future_workflow_manual_trigger":{"enabledWorkflows":[]},"_links":{"self":[{"href":"https:\/\/jorntrahus.se\/is\/wp-json\/wp\/v2\/product\/6071","targetHints":{"allow":["GET"]}}],"collection":[{"href":"https:\/\/jorntrahus.se\/is\/wp-json\/wp\/v2\/product"}],"about":[{"href":"https:\/\/jorntrahus.se\/is\/wp-json\/wp\/v2\/types\/product"}],"wp:featuredmedia":[{"embeddable":true,"href":"https:\/\/jorntrahus.se\/is\/wp-json\/wp\/v2\/media\/6110"}],"wp:attachment":[{"href":"https:\/\/jorntrahus.se\/is\/wp-json\/wp\/v2\/media?parent=6071"}],"wp:term":[{"taxonomy":"product_brand","embeddable":true,"href":"https:\/\/jorntrahus.se\/is\/wp-json\/wp\/v2\/product_brand?post=6071"},{"taxonomy":"product_cat","embeddable":true,"href":"https:\/\/jorntrahus.se\/is\/wp-json\/wp\/v2\/product_cat?post=6071"},{"taxonomy":"product_tag","embeddable":true,"href":"https:\/\/jorntrahus.se\/is\/wp-json\/wp\/v2\/product_tag?post=6071"}],"curies":[{"name":"vp","href":"https:\/\/api.w.org\/{rel}","templated":true}]}}