{"id":6072,"date":"2018-02-16T14:48:52","date_gmt":"2018-02-16T13:48:52","guid":{"rendered":"https:\/\/jorntrahus.se\/?post_type=product&#038;p=6072"},"modified":"2023-02-16T12:04:41","modified_gmt":"2023-02-16T11:04:41","slug":"alid-111","status":"publish","type":"product","link":"https:\/\/jorntrahus.se\/is\/husmodell\/aliden-111\/","title":{"rendered":"\u00c5liden 111"},"content":{"rendered":"","protected":false},"excerpt":{"rendered":"<h3>Hagkv\u00e6m og vel jafnv\u00e6g\u00f0 h\u00f6nnun<\/h3>\n<p>\u00c5liden-\u00fatg\u00e1fan er me\u00f0 skj\u00f3lg\u00f3\u00f0um inngangi og ver\u00f6nd \u00ed smekklegri og vel jafnv\u00e6g\u00f0ri h\u00f6nnun. Me\u00f0 \u00feremur svefnherbergjum og geymslu a\u00f0 utan b\u00fd\u00f0ur skipulagi\u00f0 upp \u00e1 ver\u00f0m\u00e6t r\u00fdmi sem alltaf eru vel \u00feegin.<\/p>\n<p>\u00de\u00f6kk s\u00e9 valma\u00feaki \u00ed stofunni skapast auka r\u00famm\u00e1l sem eykur \u00fe\u00e6gindi og h\u00e1ir gluggar dreifa lj\u00f3si til st\u00f3rra hluta h\u00fassins, sem einnig n\u00e6r inn \u00ed eldh\u00fasi\u00f0. Ba\u00f0herbergi me\u00f0 m\u00f6guleika \u00e1 gufuba\u00f0i kann a\u00f0 vir\u00f0ast eins og l\u00faxus en er kostur sem g\u00e6ti veri\u00f0 \u00feess vir\u00f0i a\u00f0 \u00edhuga.<\/p>","protected":false},"featured_media":6092,"template":"","meta":[],"product_brand":[],"product_cat":[576],"product_tag":[26,1267],"class_list":{"0":"post-6072","1":"product","2":"type-product","3":"status-publish","4":"has-post-thumbnail","6":"product_cat-aliden","7":"product_tag-003-1-plan","8":"product_tag-klassiskt-hus","9":"husstil-klassiska-hus","10":"hustyp-fritidshus","12":"first","13":"instock","14":"shipping-taxable","15":"product-type-simple"},"yoast_head":"<!-- This site is optimized with the Yoast SEO plugin v27.5 - https:\/\/yoast.com\/product\/yoast-seo-wordpress\/ -->\n<title>\u00c5liden 111 - J\u00f6rntr\u00e4hus<\/title>\n<meta name=\"robots\" content=\"index, follow, max-snippet:-1, max-image-preview:large, max-video-preview:-1\" \/>\n<link rel=\"canonical\" href=\"https:\/\/jorntrahus.se\/is\/huslikan\/alid-111\/\" \/>\n<meta property=\"og:locale\" content=\"is_IS\" \/>\n<meta property=\"og:type\" content=\"article\" \/>\n<meta property=\"og:title\" content=\"\u00c5liden 111 - J\u00f6rntr\u00e4hus\" \/>\n<meta property=\"og:description\" content=\"Sparsmakad och v\u00e4l avv\u00e4gd design Modellen \u00c5liden har en skyddad entr\u00e9\u00a0och uteplats i en sparsmakad och v\u00e4l\u00a0avv\u00e4gd design. Med tre sovrum samt\u00a0ett utanp\u00e5liggande f\u00f6rr\u00e5d ger planl\u00f6sningen\u00a0v\u00e4rdefulla utrymmen som alltid\u00a0uppskattas.  Tack vare rygg\u00e5stak i allrummet skapas\u00a0den extra volymen som h\u00f6jer trivseln och det h\u00f6ga f\u00f6nsterpartiet sprider ljus mot\u00a0stora delar av huset vilket \u00e4ven n\u00e5r in i\u00a0k\u00f6ket. Ett badrum med m\u00f6jlighet\u00a0till bastu kan k\u00e4nnas som lyx men \u00e4r ett\u00a0tillval som kan vara v\u00e4rt att \u00f6verv\u00e4ga.\" \/>\n<meta property=\"og:url\" content=\"https:\/\/jorntrahus.se\/is\/huslikan\/alid-111\/\" \/>\n<meta property=\"og:site_name\" content=\"J\u00f6rntr\u00e4hus\" \/>\n<meta property=\"article:modified_time\" content=\"2023-02-16T11:04:41+00:00\" \/>\n<meta property=\"og:image\" content=\"https:\/\/jorntrahus.se\/wp-content\/uploads\/2017\/12\/\u00c5liden-M-3D.jpg\" \/>\n\t<meta property=\"og:image:width\" content=\"1500\" \/>\n\t<meta property=\"og:image:height\" content=\"1000\" \/>\n\t<meta property=\"og:image:type\" content=\"image\/jpeg\" \/>\n<meta name=\"twitter:card\" content=\"summary_large_image\" \/>\n<script type=\"application\/ld+json\" class=\"yoast-schema-graph\">{\"@context\":\"https:\\\/\\\/schema.org\",\"@graph\":[{\"@type\":\"WebPage\",\"@id\":\"https:\\\/\\\/jorntrahus.se\\\/husmodell\\\/aliden-111\\\/\",\"url\":\"https:\\\/\\\/jorntrahus.se\\\/husmodell\\\/aliden-111\\\/\",\"name\":\"\u00c5liden 111 - J\u00f6rntr\u00e4hus\",\"isPartOf\":{\"@id\":\"https:\\\/\\\/jorntrahus.se\\\/#website\"},\"primaryImageOfPage\":{\"@id\":\"https:\\\/\\\/jorntrahus.se\\\/husmodell\\\/aliden-111\\\/#primaryimage\"},\"image\":{\"@id\":\"https:\\\/\\\/jorntrahus.se\\\/husmodell\\\/aliden-111\\\/#primaryimage\"},\"thumbnailUrl\":\"https:\\\/\\\/jorntrahus.se\\\/wp-content\\\/uploads\\\/2017\\\/12\\\/\u00c5liden-M-3D.jpg\",\"datePublished\":\"2018-02-16T13:48:52+00:00\",\"dateModified\":\"2023-02-16T11:04:41+00:00\",\"breadcrumb\":{\"@id\":\"https:\\\/\\\/jorntrahus.se\\\/husmodell\\\/aliden-111\\\/#breadcrumb\"},\"inLanguage\":\"is\",\"potentialAction\":[{\"@type\":\"ReadAction\",\"target\":[\"https:\\\/\\\/jorntrahus.se\\\/husmodell\\\/aliden-111\\\/\"]}]},{\"@type\":\"ImageObject\",\"inLanguage\":\"is\",\"@id\":\"https:\\\/\\\/jorntrahus.se\\\/husmodell\\\/aliden-111\\\/#primaryimage\",\"url\":\"https:\\\/\\\/jorntrahus.se\\\/wp-content\\\/uploads\\\/2017\\\/12\\\/\u00c5liden-M-3D.jpg\",\"contentUrl\":\"https:\\\/\\\/jorntrahus.se\\\/wp-content\\\/uploads\\\/2017\\\/12\\\/\u00c5liden-M-3D.jpg\",\"width\":1500,\"height\":1000},{\"@type\":\"BreadcrumbList\",\"@id\":\"https:\\\/\\\/jorntrahus.se\\\/husmodell\\\/aliden-111\\\/#breadcrumb\",\"itemListElement\":[{\"@type\":\"ListItem\",\"position\":1,\"name\":\"Hem\",\"item\":\"https:\\\/\\\/jorntrahus.se\\\/\"},{\"@type\":\"ListItem\",\"position\":2,\"name\":\"V\u00e5ra hus\",\"item\":\"https:\\\/\\\/jorntrahus.se\\\/husen\\\/\"},{\"@type\":\"ListItem\",\"position\":3,\"name\":\"\u00c5liden 111\"}]},{\"@type\":\"WebSite\",\"@id\":\"https:\\\/\\\/jorntrahus.se\\\/#website\",\"url\":\"https:\\\/\\\/jorntrahus.se\\\/\",\"name\":\"J\u00f6rntr\u00e4hus\",\"description\":\"Hus f\u00f6r den medvetne\",\"publisher\":{\"@id\":\"https:\\\/\\\/jorntrahus.se\\\/#organization\"},\"potentialAction\":[{\"@type\":\"SearchAction\",\"target\":{\"@type\":\"EntryPoint\",\"urlTemplate\":\"https:\\\/\\\/jorntrahus.se\\\/?s={search_term_string}\"},\"query-input\":{\"@type\":\"PropertyValueSpecification\",\"valueRequired\":true,\"valueName\":\"search_term_string\"}}],\"inLanguage\":\"is\"},{\"@type\":\"Organization\",\"@id\":\"https:\\\/\\\/jorntrahus.se\\\/#organization\",\"name\":\"J\u00f6rntr\u00e4hus\",\"url\":\"https:\\\/\\\/jorntrahus.se\\\/\",\"logo\":{\"@type\":\"ImageObject\",\"inLanguage\":\"is\",\"@id\":\"https:\\\/\\\/jorntrahus.se\\\/#\\\/schema\\\/logo\\\/image\\\/\",\"url\":\"https:\\\/\\\/jorntrahus.se\\\/wp-content\\\/uploads\\\/2020\\\/09\\\/Jorntrahus_Grund_CMYK.eps\",\"contentUrl\":\"https:\\\/\\\/jorntrahus.se\\\/wp-content\\\/uploads\\\/2020\\\/09\\\/Jorntrahus_Grund_CMYK.eps\",\"width\":1,\"height\":1,\"caption\":\"J\u00f6rntr\u00e4hus\"},\"image\":{\"@id\":\"https:\\\/\\\/jorntrahus.se\\\/#\\\/schema\\\/logo\\\/image\\\/\"}}]}<\/script>\n<!-- \/ Yoast SEO plugin. -->","yoast_head_json":{"title":"\u00c1liden 111 - J\u00f6rntr\u00e4hus","robots":{"index":"index","follow":"follow","max-snippet":"max-snippet:-1","max-image-preview":"max-image-preview:large","max-video-preview":"max-video-preview:-1"},"canonical":"https:\/\/jorntrahus.se\/is\/huslikan\/alid-111\/","og_locale":"is_IS","og_type":"article","og_title":"\u00c5liden 111 - J\u00f6rntr\u00e4hus","og_description":"Sparsmakad och v\u00e4l avv\u00e4gd design Modellen \u00c5liden har en skyddad entr\u00e9\u00a0och uteplats i en sparsmakad och v\u00e4l\u00a0avv\u00e4gd design. Med tre sovrum samt\u00a0ett utanp\u00e5liggande f\u00f6rr\u00e5d ger planl\u00f6sningen\u00a0v\u00e4rdefulla utrymmen som alltid\u00a0uppskattas.  Tack vare rygg\u00e5stak i allrummet skapas\u00a0den extra volymen som h\u00f6jer trivseln och det h\u00f6ga f\u00f6nsterpartiet sprider ljus mot\u00a0stora delar av huset vilket \u00e4ven n\u00e5r in i\u00a0k\u00f6ket. Ett badrum med m\u00f6jlighet\u00a0till bastu kan k\u00e4nnas som lyx men \u00e4r ett\u00a0tillval som kan vara v\u00e4rt att \u00f6verv\u00e4ga.","og_url":"https:\/\/jorntrahus.se\/is\/huslikan\/alid-111\/","og_site_name":"J\u00f6rntr\u00e4hus","article_modified_time":"2023-02-16T11:04:41+00:00","og_image":[{"width":1500,"height":1000,"url":"https:\/\/jorntrahus.se\/wp-content\/uploads\/2017\/12\/\u00c5liden-M-3D.jpg","type":"image\/jpeg"}],"twitter_card":"summary_large_image","schema":{"@context":"https:\/\/schema.org","@graph":[{"@type":"WebPage","@id":"https:\/\/jorntrahus.se\/husmodell\/aliden-111\/","url":"https:\/\/jorntrahus.se\/husmodell\/aliden-111\/","name":"\u00c1liden 111 - J\u00f6rntr\u00e4hus","isPartOf":{"@id":"https:\/\/jorntrahus.se\/#website"},"primaryImageOfPage":{"@id":"https:\/\/jorntrahus.se\/husmodell\/aliden-111\/#primaryimage"},"image":{"@id":"https:\/\/jorntrahus.se\/husmodell\/aliden-111\/#primaryimage"},"thumbnailUrl":"https:\/\/jorntrahus.se\/wp-content\/uploads\/2017\/12\/\u00c5liden-M-3D.jpg","datePublished":"2018-02-16T13:48:52+00:00","dateModified":"2023-02-16T11:04:41+00:00","breadcrumb":{"@id":"https:\/\/jorntrahus.se\/husmodell\/aliden-111\/#breadcrumb"},"inLanguage":"is","potentialAction":[{"@type":"ReadAction","target":["https:\/\/jorntrahus.se\/husmodell\/aliden-111\/"]}]},{"@type":"ImageObject","inLanguage":"is","@id":"https:\/\/jorntrahus.se\/husmodell\/aliden-111\/#primaryimage","url":"https:\/\/jorntrahus.se\/wp-content\/uploads\/2017\/12\/\u00c5liden-M-3D.jpg","contentUrl":"https:\/\/jorntrahus.se\/wp-content\/uploads\/2017\/12\/\u00c5liden-M-3D.jpg","width":1500,"height":1000},{"@type":"BreadcrumbList","@id":"https:\/\/jorntrahus.se\/husmodell\/aliden-111\/#breadcrumb","itemListElement":[{"@type":"ListItem","position":1,"name":"Hem","item":"https:\/\/jorntrahus.se\/"},{"@type":"ListItem","position":2,"name":"V\u00e5ra hus","item":"https:\/\/jorntrahus.se\/husen\/"},{"@type":"ListItem","position":3,"name":"\u00c5liden 111"}]},{"@type":"WebSite","@id":"https:\/\/jorntrahus.se\/#website","url":"https:\/\/jorntrahus.se\/","name":"J\u00f6rntr\u00e4hus","description":"H\u00fas fyrir me\u00f0vita\u00f0a","publisher":{"@id":"https:\/\/jorntrahus.se\/#organization"},"potentialAction":[{"@type":"SearchAction","target":{"@type":"EntryPoint","urlTemplate":"https:\/\/jorntrahus.se\/?s={search_term_string}"},"query-input":{"@type":"PropertyValueSpecification","valueRequired":true,"valueName":"search_term_string"}}],"inLanguage":"is"},{"@type":"Organization","@id":"https:\/\/jorntrahus.se\/#organization","name":"J\u00f6rntr\u00e4hus","url":"https:\/\/jorntrahus.se\/","logo":{"@type":"ImageObject","inLanguage":"is","@id":"https:\/\/jorntrahus.se\/#\/schema\/logo\/image\/","url":"https:\/\/jorntrahus.se\/wp-content\/uploads\/2020\/09\/Jorntrahus_Grund_CMYK.eps","contentUrl":"https:\/\/jorntrahus.se\/wp-content\/uploads\/2020\/09\/Jorntrahus_Grund_CMYK.eps","width":1,"height":1,"caption":"J\u00f6rntr\u00e4hus"},"image":{"@id":"https:\/\/jorntrahus.se\/#\/schema\/logo\/image\/"}}]}},"publishpress_future_workflow_manual_trigger":{"enabledWorkflows":[]},"_links":{"self":[{"href":"https:\/\/jorntrahus.se\/is\/wp-json\/wp\/v2\/product\/6072","targetHints":{"allow":["GET"]}}],"collection":[{"href":"https:\/\/jorntrahus.se\/is\/wp-json\/wp\/v2\/product"}],"about":[{"href":"https:\/\/jorntrahus.se\/is\/wp-json\/wp\/v2\/types\/product"}],"wp:featuredmedia":[{"embeddable":true,"href":"https:\/\/jorntrahus.se\/is\/wp-json\/wp\/v2\/media\/6092"}],"wp:attachment":[{"href":"https:\/\/jorntrahus.se\/is\/wp-json\/wp\/v2\/media?parent=6072"}],"wp:term":[{"taxonomy":"product_brand","embeddable":true,"href":"https:\/\/jorntrahus.se\/is\/wp-json\/wp\/v2\/product_brand?post=6072"},{"taxonomy":"product_cat","embeddable":true,"href":"https:\/\/jorntrahus.se\/is\/wp-json\/wp\/v2\/product_cat?post=6072"},{"taxonomy":"product_tag","embeddable":true,"href":"https:\/\/jorntrahus.se\/is\/wp-json\/wp\/v2\/product_tag?post=6072"}],"curies":[{"name":"vp","href":"https:\/\/api.w.org\/{rel}","templated":true}]}}