{"id":6087,"date":"2018-02-20T14:12:42","date_gmt":"2018-02-20T13:12:42","guid":{"rendered":"https:\/\/jorntrahus.se\/?post_type=product&#038;p=6087"},"modified":"2023-02-16T12:04:38","modified_gmt":"2023-02-16T11:04:38","slug":"175-parhus","status":"publish","type":"product","link":"https:\/\/jorntrahus.se\/is\/husmodell\/strycksele-175-parhus\/","title":{"rendered":"175 parh\u00fas"},"content":{"rendered":"","protected":false},"excerpt":{"rendered":"<h3>Sameiginleg gle\u00f0i er tv\u00f6f\u00f6ld gle\u00f0i<\/h3>\n<p>Me\u00f0 \u00fev\u00ed a\u00f0 deila sumarh\u00fasi \u00fe\u00ednu l\u00e6kkar \u00fe\u00fa verulega kostna\u00f0 \u00e1 \u00edb\u00fa\u00f0 samanbori\u00f0 vi\u00f0 tv\u00f6 a\u00f0skilin sumarh\u00fas. Deildu h\u00fasinu og kostna\u00f0inum me\u00f0 vini e\u00f0a af hverju ekki a\u00f0 fj\u00e1rmagna hluta af eigin gistingu me\u00f0 \u00fev\u00ed a\u00f0 leigja \u00fat hinn helminginn af parh\u00fasinu \u00fe\u00ednu? Me\u00f0 parh\u00fasi \u00ed Strycksele f\u00e6r\u00f0u d\u00e6migert sumarh\u00fas sem \u00fe\u00fa ert \u00e1n\u00e6g\u00f0ur me\u00f0 a\u00f0 deila.<\/p>","protected":false},"featured_media":6099,"template":"","meta":[],"product_brand":[],"product_cat":[192],"product_tag":[26,1267],"class_list":{"0":"post-6087","1":"product","2":"type-product","3":"status-publish","4":"has-post-thumbnail","6":"product_cat-parhus","7":"product_tag-003-1-plan","8":"product_tag-klassiskt-hus","9":"husstil-klassiska-hus","10":"hustyp-flerfamiljshus","11":"hustyp-fritidshus","13":"first","14":"instock","15":"shipping-taxable","16":"product-type-simple"},"yoast_head":"<!-- This site is optimized with the Yoast SEO plugin v27.5 - https:\/\/yoast.com\/product\/yoast-seo-wordpress\/ -->\n<title>Strycksele 175 parhus - J\u00f6rntr\u00e4hus<\/title>\n<meta name=\"robots\" content=\"index, follow, max-snippet:-1, max-image-preview:large, max-video-preview:-1\" \/>\n<link rel=\"canonical\" href=\"https:\/\/jorntrahus.se\/is\/huslikan\/175-parhus\/\" \/>\n<meta property=\"og:locale\" content=\"is_IS\" \/>\n<meta property=\"og:type\" content=\"article\" \/>\n<meta property=\"og:title\" content=\"Strycksele 175 parhus - J\u00f6rntr\u00e4hus\" \/>\n<meta property=\"og:description\" content=\"Delad gl\u00e4dje \u00e4r dubbel gl\u00e4dje Genom att dela p\u00e5 sitt fritidshus\u00a0kapar man drastiskt kostnader per\u00a0l\u00e4genhet gentemot motsvarande tv\u00e5\u00a0separata fritidshus. Dela upp hus och\u00a0kostnader med kompisen eller varf\u00f6r\u00a0inte delfinansiera ert eget boende\u00a0genom att hyra ut den andra halvan\u00a0av ert parhus? Med Strycksele parhus\u00a0f\u00e5r man ett representativt fritidshus\u00a0som man g\u00e4rna delar med sig av.\" \/>\n<meta property=\"og:url\" content=\"https:\/\/jorntrahus.se\/is\/huslikan\/175-parhus\/\" \/>\n<meta property=\"og:site_name\" content=\"J\u00f6rntr\u00e4hus\" \/>\n<meta property=\"article:modified_time\" content=\"2023-02-16T11:04:38+00:00\" \/>\n<meta property=\"og:image\" content=\"https:\/\/jorntrahus.se\/wp-content\/uploads\/2017\/12\/Strycksele-Parhus-3D.jpg\" \/>\n\t<meta property=\"og:image:width\" content=\"1500\" \/>\n\t<meta property=\"og:image:height\" content=\"1000\" \/>\n\t<meta property=\"og:image:type\" content=\"image\/jpeg\" \/>\n<meta name=\"twitter:card\" content=\"summary_large_image\" \/>\n<script type=\"application\/ld+json\" class=\"yoast-schema-graph\">{\"@context\":\"https:\\\/\\\/schema.org\",\"@graph\":[{\"@type\":\"WebPage\",\"@id\":\"https:\\\/\\\/jorntrahus.se\\\/husmodell\\\/strycksele-175-parhus\\\/\",\"url\":\"https:\\\/\\\/jorntrahus.se\\\/husmodell\\\/strycksele-175-parhus\\\/\",\"name\":\"Strycksele 175 parhus - J\u00f6rntr\u00e4hus\",\"isPartOf\":{\"@id\":\"https:\\\/\\\/jorntrahus.se\\\/#website\"},\"primaryImageOfPage\":{\"@id\":\"https:\\\/\\\/jorntrahus.se\\\/husmodell\\\/strycksele-175-parhus\\\/#primaryimage\"},\"image\":{\"@id\":\"https:\\\/\\\/jorntrahus.se\\\/husmodell\\\/strycksele-175-parhus\\\/#primaryimage\"},\"thumbnailUrl\":\"https:\\\/\\\/jorntrahus.se\\\/wp-content\\\/uploads\\\/2017\\\/12\\\/Strycksele-Parhus-3D.jpg\",\"datePublished\":\"2018-02-20T13:12:42+00:00\",\"dateModified\":\"2023-02-16T11:04:38+00:00\",\"breadcrumb\":{\"@id\":\"https:\\\/\\\/jorntrahus.se\\\/husmodell\\\/strycksele-175-parhus\\\/#breadcrumb\"},\"inLanguage\":\"is\",\"potentialAction\":[{\"@type\":\"ReadAction\",\"target\":[\"https:\\\/\\\/jorntrahus.se\\\/husmodell\\\/strycksele-175-parhus\\\/\"]}]},{\"@type\":\"ImageObject\",\"inLanguage\":\"is\",\"@id\":\"https:\\\/\\\/jorntrahus.se\\\/husmodell\\\/strycksele-175-parhus\\\/#primaryimage\",\"url\":\"https:\\\/\\\/jorntrahus.se\\\/wp-content\\\/uploads\\\/2017\\\/12\\\/Strycksele-Parhus-3D.jpg\",\"contentUrl\":\"https:\\\/\\\/jorntrahus.se\\\/wp-content\\\/uploads\\\/2017\\\/12\\\/Strycksele-Parhus-3D.jpg\",\"width\":1500,\"height\":1000},{\"@type\":\"BreadcrumbList\",\"@id\":\"https:\\\/\\\/jorntrahus.se\\\/husmodell\\\/strycksele-175-parhus\\\/#breadcrumb\",\"itemListElement\":[{\"@type\":\"ListItem\",\"position\":1,\"name\":\"Hem\",\"item\":\"https:\\\/\\\/jorntrahus.se\\\/\"},{\"@type\":\"ListItem\",\"position\":2,\"name\":\"V\u00e5ra hus\",\"item\":\"https:\\\/\\\/jorntrahus.se\\\/husen\\\/\"},{\"@type\":\"ListItem\",\"position\":3,\"name\":\"Strycksele 175 parhus\"}]},{\"@type\":\"WebSite\",\"@id\":\"https:\\\/\\\/jorntrahus.se\\\/#website\",\"url\":\"https:\\\/\\\/jorntrahus.se\\\/\",\"name\":\"J\u00f6rntr\u00e4hus\",\"description\":\"Hus f\u00f6r den medvetne\",\"publisher\":{\"@id\":\"https:\\\/\\\/jorntrahus.se\\\/#organization\"},\"potentialAction\":[{\"@type\":\"SearchAction\",\"target\":{\"@type\":\"EntryPoint\",\"urlTemplate\":\"https:\\\/\\\/jorntrahus.se\\\/?s={search_term_string}\"},\"query-input\":{\"@type\":\"PropertyValueSpecification\",\"valueRequired\":true,\"valueName\":\"search_term_string\"}}],\"inLanguage\":\"is\"},{\"@type\":\"Organization\",\"@id\":\"https:\\\/\\\/jorntrahus.se\\\/#organization\",\"name\":\"J\u00f6rntr\u00e4hus\",\"url\":\"https:\\\/\\\/jorntrahus.se\\\/\",\"logo\":{\"@type\":\"ImageObject\",\"inLanguage\":\"is\",\"@id\":\"https:\\\/\\\/jorntrahus.se\\\/#\\\/schema\\\/logo\\\/image\\\/\",\"url\":\"https:\\\/\\\/jorntrahus.se\\\/wp-content\\\/uploads\\\/2020\\\/09\\\/Jorntrahus_Grund_CMYK.eps\",\"contentUrl\":\"https:\\\/\\\/jorntrahus.se\\\/wp-content\\\/uploads\\\/2020\\\/09\\\/Jorntrahus_Grund_CMYK.eps\",\"width\":1,\"height\":1,\"caption\":\"J\u00f6rntr\u00e4hus\"},\"image\":{\"@id\":\"https:\\\/\\\/jorntrahus.se\\\/#\\\/schema\\\/logo\\\/image\\\/\"}}]}<\/script>\n<!-- \/ Yoast SEO plugin. -->","yoast_head_json":{"title":"Tog- og \u00fdtingarb\u00fana\u00f0ur 175 parh\u00fas - J\u00f6rntr\u00e4hus","robots":{"index":"index","follow":"follow","max-snippet":"max-snippet:-1","max-image-preview":"max-image-preview:large","max-video-preview":"max-video-preview:-1"},"canonical":"https:\/\/jorntrahus.se\/is\/huslikan\/175-parhus\/","og_locale":"is_IS","og_type":"article","og_title":"Strycksele 175 parhus - J\u00f6rntr\u00e4hus","og_description":"Delad gl\u00e4dje \u00e4r dubbel gl\u00e4dje Genom att dela p\u00e5 sitt fritidshus\u00a0kapar man drastiskt kostnader per\u00a0l\u00e4genhet gentemot motsvarande tv\u00e5\u00a0separata fritidshus. Dela upp hus och\u00a0kostnader med kompisen eller varf\u00f6r\u00a0inte delfinansiera ert eget boende\u00a0genom att hyra ut den andra halvan\u00a0av ert parhus? Med Strycksele parhus\u00a0f\u00e5r man ett representativt fritidshus\u00a0som man g\u00e4rna delar med sig av.","og_url":"https:\/\/jorntrahus.se\/is\/huslikan\/175-parhus\/","og_site_name":"J\u00f6rntr\u00e4hus","article_modified_time":"2023-02-16T11:04:38+00:00","og_image":[{"width":1500,"height":1000,"url":"https:\/\/jorntrahus.se\/wp-content\/uploads\/2017\/12\/Strycksele-Parhus-3D.jpg","type":"image\/jpeg"}],"twitter_card":"summary_large_image","schema":{"@context":"https:\/\/schema.org","@graph":[{"@type":"WebPage","@id":"https:\/\/jorntrahus.se\/husmodell\/strycksele-175-parhus\/","url":"https:\/\/jorntrahus.se\/husmodell\/strycksele-175-parhus\/","name":"Tog- og \u00fdtingarb\u00fana\u00f0ur 175 parh\u00fas - J\u00f6rntr\u00e4hus","isPartOf":{"@id":"https:\/\/jorntrahus.se\/#website"},"primaryImageOfPage":{"@id":"https:\/\/jorntrahus.se\/husmodell\/strycksele-175-parhus\/#primaryimage"},"image":{"@id":"https:\/\/jorntrahus.se\/husmodell\/strycksele-175-parhus\/#primaryimage"},"thumbnailUrl":"https:\/\/jorntrahus.se\/wp-content\/uploads\/2017\/12\/Strycksele-Parhus-3D.jpg","datePublished":"2018-02-20T13:12:42+00:00","dateModified":"2023-02-16T11:04:38+00:00","breadcrumb":{"@id":"https:\/\/jorntrahus.se\/husmodell\/strycksele-175-parhus\/#breadcrumb"},"inLanguage":"is","potentialAction":[{"@type":"ReadAction","target":["https:\/\/jorntrahus.se\/husmodell\/strycksele-175-parhus\/"]}]},{"@type":"ImageObject","inLanguage":"is","@id":"https:\/\/jorntrahus.se\/husmodell\/strycksele-175-parhus\/#primaryimage","url":"https:\/\/jorntrahus.se\/wp-content\/uploads\/2017\/12\/Strycksele-Parhus-3D.jpg","contentUrl":"https:\/\/jorntrahus.se\/wp-content\/uploads\/2017\/12\/Strycksele-Parhus-3D.jpg","width":1500,"height":1000},{"@type":"BreadcrumbList","@id":"https:\/\/jorntrahus.se\/husmodell\/strycksele-175-parhus\/#breadcrumb","itemListElement":[{"@type":"ListItem","position":1,"name":"Hem","item":"https:\/\/jorntrahus.se\/"},{"@type":"ListItem","position":2,"name":"V\u00e5ra hus","item":"https:\/\/jorntrahus.se\/husen\/"},{"@type":"ListItem","position":3,"name":"Strycksele 175 parhus"}]},{"@type":"WebSite","@id":"https:\/\/jorntrahus.se\/#website","url":"https:\/\/jorntrahus.se\/","name":"J\u00f6rntr\u00e4hus","description":"H\u00fas fyrir me\u00f0vita\u00f0a","publisher":{"@id":"https:\/\/jorntrahus.se\/#organization"},"potentialAction":[{"@type":"SearchAction","target":{"@type":"EntryPoint","urlTemplate":"https:\/\/jorntrahus.se\/?s={search_term_string}"},"query-input":{"@type":"PropertyValueSpecification","valueRequired":true,"valueName":"search_term_string"}}],"inLanguage":"is"},{"@type":"Organization","@id":"https:\/\/jorntrahus.se\/#organization","name":"J\u00f6rntr\u00e4hus","url":"https:\/\/jorntrahus.se\/","logo":{"@type":"ImageObject","inLanguage":"is","@id":"https:\/\/jorntrahus.se\/#\/schema\/logo\/image\/","url":"https:\/\/jorntrahus.se\/wp-content\/uploads\/2020\/09\/Jorntrahus_Grund_CMYK.eps","contentUrl":"https:\/\/jorntrahus.se\/wp-content\/uploads\/2020\/09\/Jorntrahus_Grund_CMYK.eps","width":1,"height":1,"caption":"J\u00f6rntr\u00e4hus"},"image":{"@id":"https:\/\/jorntrahus.se\/#\/schema\/logo\/image\/"}}]}},"publishpress_future_workflow_manual_trigger":{"enabledWorkflows":[]},"_links":{"self":[{"href":"https:\/\/jorntrahus.se\/is\/wp-json\/wp\/v2\/product\/6087","targetHints":{"allow":["GET"]}}],"collection":[{"href":"https:\/\/jorntrahus.se\/is\/wp-json\/wp\/v2\/product"}],"about":[{"href":"https:\/\/jorntrahus.se\/is\/wp-json\/wp\/v2\/types\/product"}],"wp:featuredmedia":[{"embeddable":true,"href":"https:\/\/jorntrahus.se\/is\/wp-json\/wp\/v2\/media\/6099"}],"wp:attachment":[{"href":"https:\/\/jorntrahus.se\/is\/wp-json\/wp\/v2\/media?parent=6087"}],"wp:term":[{"taxonomy":"product_brand","embeddable":true,"href":"https:\/\/jorntrahus.se\/is\/wp-json\/wp\/v2\/product_brand?post=6087"},{"taxonomy":"product_cat","embeddable":true,"href":"https:\/\/jorntrahus.se\/is\/wp-json\/wp\/v2\/product_cat?post=6087"},{"taxonomy":"product_tag","embeddable":true,"href":"https:\/\/jorntrahus.se\/is\/wp-json\/wp\/v2\/product_tag?post=6087"}],"curies":[{"name":"vp","href":"https:\/\/api.w.org\/{rel}","templated":true}]}}