{"id":7173,"date":"2018-01-05T11:50:25","date_gmt":"2018-01-05T10:50:25","guid":{"rendered":"https:\/\/jorntrahus.se\/?page_id=7173"},"modified":"2021-04-26T16:37:28","modified_gmt":"2021-04-26T14:37:28","slug":"fleksible-tegninger","status":"publish","type":"page","link":"https:\/\/jorntrahus.se\/nb\/flexibla-losningar\/","title":{"rendered":"Fleksible l\u00f8sninger"},"content":{"rendered":"<div id=\"gap-1730481270\" class=\"gap-element clearfix\" style=\"display:block; height:auto;\">\n\t\t\n<style>\n#gap-1730481270 {\n  padding-top: 60px;\n}\n<\/style>\n\t<\/div>\n\t\n<div class=\"row\"  id=\"row-662941174\">\n\n\t<div id=\"col-1129352092\" class=\"col medium-8 small-12 large-8\"  >\n\t\t\t\t<div class=\"col-inner\"  >\n\t\t\t\n\t\t\t\n<h1><span style=\"font-size: 150%\">Fleksible l\u00f8sninger<\/span><\/h1>\n<h2><span style=\"color: #999999\">Du bestemmer den endelige utformingen av huset ditt.<\/span><\/h2>\n<p>J\u00f6rntr\u00e4huss brede utvalg av modeller dekker de fleste behov n\u00e5r det gjelder fritidsboliger. Det er imidlertid sv\u00e6rt vanskelig \u00e5 tilby en universalmodell som passer for enhver smak.<\/p>\n<p>I v\u00e5rt modellprogram presenterer vi et stort antall fritidsboliger med hver sin spesifikke planl\u00f8sning. Dette er et fors\u00f8k p\u00e5 \u00e5 kunne tilfredsstille de aller fleste smaker og behov, for det finnes tross alt huseiere som har behov for \u00e5 gj\u00f8re noen endringer i forhold til originalen for \u00e5 skape sitt dr\u00f8mmehus.<\/p>\n<p>Med v\u00e5r hjelp kan du tilpasse og endre standardhusene v\u00e5re b\u00e5de innvendig og utvendig, naturligvis innenfor rammene av det som er teknisk mulig.<\/p>\n<p>Fleksibilitet er noe J\u00f6rntr\u00e4hus alltid har tilbudt og omfavnet, noe som har gjort det mulig for oss \u00e5 levere skreddersydde l\u00f8sninger til alle huseiere som har \u00f8nsket \u00e5 skape et mer personlig hjem.<\/p>\n<p>Her finner du en rekke eksempler p\u00e5 hvordan du kan endre planl\u00f8sningen med utgangspunkt i et av v\u00e5re standardhus uten at det p\u00e5virker byggets areal eller huskroppens konstruksjon. D\u00f8r- og vindusplassering er mindre inngrep som selvf\u00f8lgelig m\u00e5 justeres ut fra disse eksemplene. Denne typen endringer kan, i n\u00e6rt samarbeid med oss i J\u00f6rntr\u00e4hus, gj\u00f8res p\u00e5 alle v\u00e5re husmodeller.<\/p>\n\t\t<\/div>\n\t\t\t\t\n<style>\n#col-1129352092 > .col-inner {\n  padding: 0px 100px 0px 0px;\n}\n<\/style>\n\t<\/div>\n\n\t\n\n\t<div id=\"col-208620919\" class=\"col medium-4 small-12 large-4\"  >\n\t\t\t\t<div class=\"col-inner\"  >\n\t\t\t\n\t\t\t\n\t<div class=\"box has-hover   has-hover box-text-bottom\" >\n\n\t\t<div class=\"box-image\" >\n\t\t\t\t\t\t<div class=\"\" >\n\t\t\t\t<img loading=\"lazy\" decoding=\"async\" width=\"1500\" height=\"1000\" src=\"https:\/\/jorntrahus.se\/wp-content\/uploads\/2017\/12\/\u00c5liden-M-3D.jpg\" class=\"attachment- size-\" alt=\"\" srcset=\"https:\/\/jorntrahus.se\/wp-content\/uploads\/2017\/12\/\u00c5liden-M-3D.jpg 1500w, https:\/\/jorntrahus.se\/wp-content\/uploads\/2017\/12\/\u00c5liden-M-3D-600x400.jpg 600w, https:\/\/jorntrahus.se\/wp-content\/uploads\/2017\/12\/\u00c5liden-M-3D-900x600.jpg 900w, https:\/\/jorntrahus.se\/wp-content\/uploads\/2017\/12\/\u00c5liden-M-3D-768x512.jpg 768w, https:\/\/jorntrahus.se\/wp-content\/uploads\/2017\/12\/\u00c5liden-M-3D-1200x800.jpg 1200w\" sizes=\"auto, (max-width: 1500px) 100vw, 1500px\" \/>\t\t\t\t\t\t\t\t\t\t\t<\/div>\n\t\t\t\t\t<\/div>\n\n\t\t<div class=\"box-text text-center\" >\n\t\t\t<div class=\"box-text-inner\">\n\t\t\t\t\n<h4>\u00c5liden<\/h4>\n<p>I dette eksempelet har vi brukt husmodellen \u00c5liden. Nedenfor ser du et bilde av fasaden, men ogs\u00e5 planl\u00f8sningen som vi vanligvis bruker.<\/p>\n\t<div id=\"gap-1929820420\" class=\"gap-element clearfix\" style=\"display:block; height:auto;\">\n\t\t\n<style>\n#gap-1929820420 {\n  padding-top: 30px;\n}\n<\/style>\n\t<\/div>\n\t\n\t\t\t<\/div>\n\t\t<\/div>\n\t<\/div>\n\t\n\t<div class=\"box has-hover   has-hover box-text-bottom\" >\n\n\t\t<div class=\"box-image\" style=\"width:80%;\">\n\t\t\t\t\t\t<div class=\"\" >\n\t\t\t\t<img loading=\"lazy\" decoding=\"async\" width=\"1200\" height=\"898\" src=\"https:\/\/jorntrahus.se\/wp-content\/uploads\/2017\/12\/\u00c5liden-M-plan-1-3D.png\" class=\"attachment- size-\" alt=\"\" srcset=\"https:\/\/jorntrahus.se\/wp-content\/uploads\/2017\/12\/\u00c5liden-M-plan-1-3D.png 1200w, https:\/\/jorntrahus.se\/wp-content\/uploads\/2017\/12\/\u00c5liden-M-plan-1-3D-900x674.png 900w, https:\/\/jorntrahus.se\/wp-content\/uploads\/2017\/12\/\u00c5liden-M-plan-1-3D-600x449.png 600w, https:\/\/jorntrahus.se\/wp-content\/uploads\/2017\/12\/\u00c5liden-M-plan-1-3D-768x575.png 768w\" sizes=\"auto, (max-width: 1200px) 100vw, 1200px\" \/>\t\t\t\t\t\t\t\t\t\t\t<\/div>\n\t\t\t\t\t<\/div>\n\n\t\t<div class=\"box-text text-center\" >\n\t\t\t<div class=\"box-text-inner\">\n\t\t\t\t\n\t<div id=\"gap-2056992184\" class=\"gap-element clearfix\" style=\"display:block; height:auto;\">\n\t\t\n<style>\n#gap-2056992184 {\n  padding-top: 30px;\n}\n<\/style>\n\t<\/div>\n\t\n<a href=\"\/nb\/husmodell\/aliden\/\" class=\"button primary is-outline\" >\n\t\t<span>MER OM ALDRING<\/span>\n\t<\/a>\n\n\t\t\t<\/div>\n\t\t<\/div>\n\t<\/div>\n\t\n\t\t<\/div>\n\t\t\t\t\t<\/div>\n\n\t\n<\/div>\n\n\t<section class=\"section\" id=\"section_483662103\">\n\t\t<div class=\"section-bg fill\" >\n\t\t\t\t\t\t\t\t\t<div class=\"section-bg-overlay absolute fill\"><\/div>\n\t\t\t\n\n\t\t<\/div>\n\n\t\t\n\n\t\t<div class=\"section-content relative\">\n\t\t\t\n<div class=\"row row-large align-middle\"  id=\"row-1643721581\">\n\n\t<div id=\"col-941466951\" class=\"col medium-6 small-12 large-6\"  >\n\t\t\t\t<div class=\"col-inner\"  >\n\t\t\t\n\t\t\t\n\t<div class=\"img has-hover x md-x lg-x y md-y lg-y\" id=\"image_1492435764\">\n\t\t\t\t\t\t\t\t<div class=\"img-inner dark\" >\n\t\t\t<img loading=\"lazy\" decoding=\"async\" width=\"1020\" height=\"718\" src=\"https:\/\/jorntrahus.se\/wp-content\/uploads\/2018\/01\/Flexibla-l\u00f6sningar-\u00c5liden-2-1200x845.png\" class=\"attachment-large size-large\" alt=\"\" srcset=\"https:\/\/jorntrahus.se\/wp-content\/uploads\/2018\/01\/Flexibla-l\u00f6sningar-\u00c5liden-2.png 1200w, https:\/\/jorntrahus.se\/wp-content\/uploads\/2018\/01\/Flexibla-l\u00f6sningar-\u00c5liden-2-900x634.png 900w, https:\/\/jorntrahus.se\/wp-content\/uploads\/2018\/01\/Flexibla-l\u00f6sningar-\u00c5liden-2-600x423.png 600w, https:\/\/jorntrahus.se\/wp-content\/uploads\/2018\/01\/Flexibla-l\u00f6sningar-\u00c5liden-2-768x541.png 768w\" sizes=\"auto, (max-width: 1020px) 100vw, 1020px\" \/>\t\t\t\t\t\t\n\t\t\t\t\t<\/div>\n\t\t\t\t\t\t\t\t\n<style>\n#image_1492435764 {\n  width: 100%;\n}\n<\/style>\n\t<\/div>\n\t\n\t\t<\/div>\n\t\t\t\t\n<style>\n#col-941466951 > .col-inner {\n  padding: 0px 0px 0px 40px;\n}\n<\/style>\n\t<\/div>\n\n\t\n\n\t<div id=\"col-1883566781\" class=\"col medium-6 small-12 large-6\"  >\n\t\t\t\t<div class=\"col-inner text-left\"  >\n\t\t\t\n\t\t\t\n<a class=\"button primary\" >\n\t\t<span>ALTERNATIV 1<\/span>\n\t<\/a>\n\n<h4 style=\"font-weight: 400;padding-right: 40px\">Her er det lagt vekt p\u00e5 et stort fellesomr\u00e5de og et romslig bad. Dobbeltrom med plass til tre personer er tilgjengelig.<\/h4>\n\t\t<\/div>\n\t\t\t\t\t<\/div>\n\n\t\n<\/div>\n\t\t<\/div>\n\n\t\t\n<style>\n#section_483662103 {\n  padding-top: 60px;\n  padding-bottom: 60px;\n  background-color: rgb(241, 241, 241);\n}\n#section_483662103 .section-bg-overlay {\n  background-color: rgba(255, 255, 255, 0.85);\n}\n<\/style>\n\t<\/section>\n\t\n\n\t<section class=\"section\" id=\"section_255044672\">\n\t\t<div class=\"section-bg fill\" >\n\t\t\t\t\t\t\t\t\t<div class=\"section-bg-overlay absolute fill\"><\/div>\n\t\t\t\n\n\t\t<\/div>\n\n\t\t\n\n\t\t<div class=\"section-content relative\">\n\t\t\t\n<div class=\"row row-large align-middle\"  id=\"row-2006855487\">\n\n\t<div id=\"col-1782064780\" class=\"col medium-6 small-12 large-6\"  >\n\t\t\t\t<div class=\"col-inner\"  >\n\t\t\t\n\t\t\t\n\t<div class=\"img has-hover x md-x lg-x y md-y lg-y\" id=\"image_1226149501\">\n\t\t\t\t\t\t\t\t<div class=\"img-inner dark\" >\n\t\t\t<img loading=\"lazy\" decoding=\"async\" width=\"1020\" height=\"758\" src=\"https:\/\/jorntrahus.se\/wp-content\/uploads\/2018\/01\/Flexibla-l\u00f6sningar-\u00c5liden-4-1200x892.png\" class=\"attachment-large size-large\" alt=\"\" srcset=\"https:\/\/jorntrahus.se\/wp-content\/uploads\/2018\/01\/Flexibla-l\u00f6sningar-\u00c5liden-4.png 1200w, https:\/\/jorntrahus.se\/wp-content\/uploads\/2018\/01\/Flexibla-l\u00f6sningar-\u00c5liden-4-900x669.png 900w, https:\/\/jorntrahus.se\/wp-content\/uploads\/2018\/01\/Flexibla-l\u00f6sningar-\u00c5liden-4-600x446.png 600w, https:\/\/jorntrahus.se\/wp-content\/uploads\/2018\/01\/Flexibla-l\u00f6sningar-\u00c5liden-4-768x571.png 768w\" sizes=\"auto, (max-width: 1020px) 100vw, 1020px\" \/>\t\t\t\t\t\t\n\t\t\t\t\t<\/div>\n\t\t\t\t\t\t\t\t\n<style>\n#image_1226149501 {\n  width: 100%;\n}\n<\/style>\n\t<\/div>\n\t\n\t\t<\/div>\n\t\t\t\t\n<style>\n#col-1782064780 > .col-inner {\n  padding: 0px 0px 0px 40px;\n}\n<\/style>\n\t<\/div>\n\n\t\n\n\t<div id=\"col-1654673838\" class=\"col medium-6 small-12 large-6\"  >\n\t\t\t\t<div class=\"col-inner text-left\"  >\n\t\t\t\n\t\t\t\n<a class=\"button primary\" >\n\t\t<span>ALTERNATIV 2<\/span>\n\t<\/a>\n\n<h4 style=\"font-weight: 400;padding-right: 40px\">Med bare ett soverom er det blitt plass til en romslig hall og en st\u00f8rre stue. \u00d8nsket om et romsligere teknisk rom og plass til badstue er ogs\u00e5 im\u00f8tekommet.<\/h4>\n\t\t<\/div>\n\t\t\t\t\t<\/div>\n\n\t\n<\/div>\n\t\t<\/div>\n\n\t\t\n<style>\n#section_255044672 {\n  padding-top: 60px;\n  padding-bottom: 60px;\n}\n#section_255044672 .section-bg-overlay {\n  background-color: rgba(255, 255, 255, 0.85);\n}\n<\/style>\n\t<\/section>\n\t\n\n\t<section class=\"section\" id=\"section_48697780\">\n\t\t<div class=\"section-bg fill\" >\n\t\t\t\t\t\t\t\t\t<div class=\"section-bg-overlay absolute fill\"><\/div>\n\t\t\t\n\n\t\t<\/div>\n\n\t\t\n\n\t\t<div class=\"section-content relative\">\n\t\t\t\n<div class=\"row row-large align-middle\"  id=\"row-55067014\">\n\n\t<div id=\"col-1215014609\" class=\"col medium-6 small-12 large-6\"  >\n\t\t\t\t<div class=\"col-inner\"  >\n\t\t\t\n\t\t\t\n\t<div class=\"img has-hover x md-x lg-x y md-y lg-y\" id=\"image_554639993\">\n\t\t\t\t\t\t\t\t<div class=\"img-inner dark\" >\n\t\t\t<img loading=\"lazy\" decoding=\"async\" width=\"1020\" height=\"762\" src=\"https:\/\/jorntrahus.se\/wp-content\/uploads\/2018\/01\/Flexibla-l\u00f6sningar-\u00c5liden-3-1200x897.png\" class=\"attachment-large size-large\" alt=\"\" srcset=\"https:\/\/jorntrahus.se\/wp-content\/uploads\/2018\/01\/Flexibla-l\u00f6sningar-\u00c5liden-3.png 1200w, https:\/\/jorntrahus.se\/wp-content\/uploads\/2018\/01\/Flexibla-l\u00f6sningar-\u00c5liden-3-900x673.png 900w, https:\/\/jorntrahus.se\/wp-content\/uploads\/2018\/01\/Flexibla-l\u00f6sningar-\u00c5liden-3-600x449.png 600w, https:\/\/jorntrahus.se\/wp-content\/uploads\/2018\/01\/Flexibla-l\u00f6sningar-\u00c5liden-3-768x574.png 768w\" sizes=\"auto, (max-width: 1020px) 100vw, 1020px\" \/>\t\t\t\t\t\t\n\t\t\t\t\t<\/div>\n\t\t\t\t\t\t\t\t\n<style>\n#image_554639993 {\n  width: 100%;\n}\n<\/style>\n\t<\/div>\n\t\n\t\t<\/div>\n\t\t\t\t\n<style>\n#col-1215014609 > .col-inner {\n  padding: 0px 0px 0px 40px;\n}\n<\/style>\n\t<\/div>\n\n\t\n\n\t<div id=\"col-1402505944\" class=\"col medium-6 small-12 large-6\"  >\n\t\t\t\t<div class=\"col-inner text-left\"  >\n\t\t\t\n\t\t\t\n<a class=\"button primary\" >\n\t\t<span>ALTERNATIV 3<\/span>\n\t<\/a>\n\n<h4 style=\"font-weight: 400;padding-right: 40px\">Soveplasser til fem personer og et dobbelt toalett har dannet grunnlaget for denne alternative planl\u00f8sningen. Til tross for et \u00f8kt antall soverom er en romslig stue og spisestue beholdt.<\/h4>\n\t\t<\/div>\n\t\t\t\t\t<\/div>\n\n\t\n<\/div>\n\t\t<\/div>\n\n\t\t\n<style>\n#section_48697780 {\n  padding-top: 60px;\n  padding-bottom: 60px;\n  background-color: rgb(241, 241, 241);\n}\n#section_48697780 .section-bg-overlay {\n  background-color: rgba(255, 255, 255, 0.85);\n}\n<\/style>\n\t<\/section>\n\t\n\n\t<section class=\"section\" id=\"section_669250627\">\n\t\t<div class=\"section-bg fill\" >\n\t\t\t\t\t\t\t\t\t<div class=\"section-bg-overlay absolute fill\"><\/div>\n\t\t\t\n\n\t\t<\/div>\n\n\t\t\n\n\t\t<div class=\"section-content relative\">\n\t\t\t\n<div class=\"row row-large align-middle\"  id=\"row-480040267\">\n\n\t<div id=\"col-1402277113\" class=\"col medium-6 small-12 large-6\"  >\n\t\t\t\t<div class=\"col-inner\"  >\n\t\t\t\n\t\t\t\n\t<div class=\"img has-hover x md-x lg-x y md-y lg-y\" id=\"image_906050972\">\n\t\t\t\t\t\t\t\t<div class=\"img-inner dark\" >\n\t\t\t<img loading=\"lazy\" decoding=\"async\" width=\"1020\" height=\"747\" src=\"https:\/\/jorntrahus.se\/wp-content\/uploads\/2018\/01\/Flexibla-l\u00f6sningar-\u00c5liden-1-1200x879.png\" class=\"attachment-large size-large\" alt=\"\" srcset=\"https:\/\/jorntrahus.se\/wp-content\/uploads\/2018\/01\/Flexibla-l\u00f6sningar-\u00c5liden-1.png 1200w, https:\/\/jorntrahus.se\/wp-content\/uploads\/2018\/01\/Flexibla-l\u00f6sningar-\u00c5liden-1-900x659.png 900w, https:\/\/jorntrahus.se\/wp-content\/uploads\/2018\/01\/Flexibla-l\u00f6sningar-\u00c5liden-1-600x440.png 600w, https:\/\/jorntrahus.se\/wp-content\/uploads\/2018\/01\/Flexibla-l\u00f6sningar-\u00c5liden-1-768x563.png 768w\" sizes=\"auto, (max-width: 1020px) 100vw, 1020px\" \/>\t\t\t\t\t\t\n\t\t\t\t\t<\/div>\n\t\t\t\t\t\t\t\t\n<style>\n#image_906050972 {\n  width: 100%;\n}\n<\/style>\n\t<\/div>\n\t\n\t\t<\/div>\n\t\t\t\t\n<style>\n#col-1402277113 > .col-inner {\n  padding: 0px 0px 0px 40px;\n}\n<\/style>\n\t<\/div>\n\n\t\n\n\t<div id=\"col-1880429609\" class=\"col medium-6 small-12 large-6\"  >\n\t\t\t\t<div class=\"col-inner text-left\"  >\n\t\t\t\n\t\t\t\n<a class=\"button primary\" >\n\t\t<span>ALTERNATIV 4<\/span>\n\t<\/a>\n\n<h4 style=\"font-weight: 400;padding-right: 40px\">Dette er v\u00e5r standardplanl\u00f8sning for \u00c5liden-modellen. Med tre soverom og en utvendig bod gir planl\u00f8sningen verdifull plass som alltid blir satt pris p\u00e5.<\/h4>\n\t\t<\/div>\n\t\t\t\t\t<\/div>\n\n\t\n<\/div>\n\t\t<\/div>\n\n\t\t\n<style>\n#section_669250627 {\n  padding-top: 60px;\n  padding-bottom: 60px;\n}\n#section_669250627 .section-bg-overlay {\n  background-color: rgba(255, 255, 255, 0.85);\n}\n<\/style>\n\t<\/section>\n\t\n\n\t<section class=\"section\" id=\"section_1947862535\">\n\t\t<div class=\"section-bg fill\" >\n\t\t\t<img loading=\"lazy\" decoding=\"async\" width=\"2000\" height=\"750\" src=\"https:\/\/jorntrahus.se\/wp-content\/uploads\/2018\/01\/Slide-JTH-ritning-kaffekopp-2000x750.jpg\" class=\"bg attachment- size-\" alt=\"\" \/>\t\t\t\t\t\t\n\t\t\t\n\n\t\t<\/div>\n\n\t\t\n\n\t\t<div class=\"section-content relative\">\n\t\t\t\n\t\t<\/div>\n\n\t\t\n<style>\n#section_1947862535 {\n  padding-top: 30px;\n  padding-bottom: 30px;\n  margin-bottom: 0px;\n  min-height: 400px;\n}\n<\/style>\n\t<\/section>","protected":false},"excerpt":{"rendered":"","protected":false},"author":2,"featured_media":0,"parent":0,"menu_order":0,"comment_status":"closed","ping_status":"closed","template":"page-blank.php","meta":{"footnotes":""},"class_list":["post-7173","page","type-page","status-publish","hentry"],"yoast_head":"<!-- This site is optimized with the Yoast SEO plugin v27.2 - https:\/\/yoast.com\/product\/yoast-seo-wordpress\/ -->\n<title>Flexibla l\u00f6sningar - J\u00f6rntr\u00e4hus<\/title>\n<meta name=\"robots\" content=\"index, follow, max-snippet:-1, max-image-preview:large, max-video-preview:-1\" \/>\n<link rel=\"canonical\" href=\"https:\/\/jorntrahus.se\/nb\/fleksible-tegninger\/\" \/>\n<meta property=\"og:locale\" content=\"nb_NO\" \/>\n<meta property=\"og:type\" content=\"article\" \/>\n<meta property=\"og:title\" content=\"Flexibla l\u00f6sningar - J\u00f6rntr\u00e4hus\" \/>\n<meta property=\"og:url\" content=\"https:\/\/jorntrahus.se\/nb\/fleksible-tegninger\/\" \/>\n<meta property=\"og:site_name\" content=\"J\u00f6rntr\u00e4hus\" \/>\n<meta property=\"article:modified_time\" content=\"2021-04-26T14:37:28+00:00\" \/>\n<meta name=\"twitter:card\" content=\"summary_large_image\" \/>\n<meta name=\"twitter:label1\" content=\"Ansl. lesetid\" \/>\n\t<meta name=\"twitter:data1\" content=\"3 minutter\" \/>\n<script type=\"application\/ld+json\" class=\"yoast-schema-graph\">{\"@context\":\"https:\/\/schema.org\",\"@graph\":[{\"@type\":\"WebPage\",\"@id\":\"https:\/\/jorntrahus.se\/flexibla-losningar\/\",\"url\":\"https:\/\/jorntrahus.se\/flexibla-losningar\/\",\"name\":\"Flexibla l\u00f6sningar - J\u00f6rntr\u00e4hus\",\"isPartOf\":{\"@id\":\"https:\/\/jorntrahus.se\/#website\"},\"datePublished\":\"2018-01-05T10:50:25+00:00\",\"dateModified\":\"2021-04-26T14:37:28+00:00\",\"breadcrumb\":{\"@id\":\"https:\/\/jorntrahus.se\/flexibla-losningar\/#breadcrumb\"},\"inLanguage\":\"nb-NO\",\"potentialAction\":[{\"@type\":\"ReadAction\",\"target\":[\"https:\/\/jorntrahus.se\/flexibla-losningar\/\"]}]},{\"@type\":\"BreadcrumbList\",\"@id\":\"https:\/\/jorntrahus.se\/flexibla-losningar\/#breadcrumb\",\"itemListElement\":[{\"@type\":\"ListItem\",\"position\":1,\"name\":\"Hem\",\"item\":\"https:\/\/jorntrahus.se\/\"},{\"@type\":\"ListItem\",\"position\":2,\"name\":\"Flexibla l\u00f6sningar\"}]},{\"@type\":\"WebSite\",\"@id\":\"https:\/\/jorntrahus.se\/#website\",\"url\":\"https:\/\/jorntrahus.se\/\",\"name\":\"J\u00f6rntr\u00e4hus\",\"description\":\"Hus f\u00f6r den medvetne\",\"publisher\":{\"@id\":\"https:\/\/jorntrahus.se\/#organization\"},\"potentialAction\":[{\"@type\":\"SearchAction\",\"target\":{\"@type\":\"EntryPoint\",\"urlTemplate\":\"https:\/\/jorntrahus.se\/?s={search_term_string}\"},\"query-input\":{\"@type\":\"PropertyValueSpecification\",\"valueRequired\":true,\"valueName\":\"search_term_string\"}}],\"inLanguage\":\"nb-NO\"},{\"@type\":\"Organization\",\"@id\":\"https:\/\/jorntrahus.se\/#organization\",\"name\":\"J\u00f6rntr\u00e4hus\",\"url\":\"https:\/\/jorntrahus.se\/\",\"logo\":{\"@type\":\"ImageObject\",\"inLanguage\":\"nb-NO\",\"@id\":\"https:\/\/jorntrahus.se\/#\/schema\/logo\/image\/\",\"url\":\"https:\/\/jorntrahus.se\/wp-content\/uploads\/2020\/09\/Jorntrahus_Grund_CMYK.eps\",\"contentUrl\":\"https:\/\/jorntrahus.se\/wp-content\/uploads\/2020\/09\/Jorntrahus_Grund_CMYK.eps\",\"width\":1,\"height\":1,\"caption\":\"J\u00f6rntr\u00e4hus\"},\"image\":{\"@id\":\"https:\/\/jorntrahus.se\/#\/schema\/logo\/image\/\"}}]}<\/script>\n<!-- \/ Yoast SEO plugin. -->","yoast_head_json":{"title":"Fleksible l\u00f8sninger - J\u00f6rntr\u00e4hus","robots":{"index":"index","follow":"follow","max-snippet":"max-snippet:-1","max-image-preview":"max-image-preview:large","max-video-preview":"max-video-preview:-1"},"canonical":"https:\/\/jorntrahus.se\/nb\/fleksible-tegninger\/","og_locale":"nb_NO","og_type":"article","og_title":"Flexibla l\u00f6sningar - J\u00f6rntr\u00e4hus","og_url":"https:\/\/jorntrahus.se\/nb\/fleksible-tegninger\/","og_site_name":"J\u00f6rntr\u00e4hus","article_modified_time":"2021-04-26T14:37:28+00:00","twitter_card":"summary_large_image","twitter_misc":{"Ansl. lesetid":"3 minutter"},"schema":{"@context":"https:\/\/schema.org","@graph":[{"@type":"WebPage","@id":"https:\/\/jorntrahus.se\/flexibla-losningar\/","url":"https:\/\/jorntrahus.se\/flexibla-losningar\/","name":"Fleksible l\u00f8sninger - J\u00f6rntr\u00e4hus","isPartOf":{"@id":"https:\/\/jorntrahus.se\/#website"},"datePublished":"2018-01-05T10:50:25+00:00","dateModified":"2021-04-26T14:37:28+00:00","breadcrumb":{"@id":"https:\/\/jorntrahus.se\/flexibla-losningar\/#breadcrumb"},"inLanguage":"nb-NO","potentialAction":[{"@type":"ReadAction","target":["https:\/\/jorntrahus.se\/flexibla-losningar\/"]}]},{"@type":"BreadcrumbList","@id":"https:\/\/jorntrahus.se\/flexibla-losningar\/#breadcrumb","itemListElement":[{"@type":"ListItem","position":1,"name":"Hem","item":"https:\/\/jorntrahus.se\/"},{"@type":"ListItem","position":2,"name":"Flexibla l\u00f6sningar"}]},{"@type":"WebSite","@id":"https:\/\/jorntrahus.se\/#website","url":"https:\/\/jorntrahus.se\/","name":"J\u00f6rntr\u00e4hus","description":"Hus for de bevisste","publisher":{"@id":"https:\/\/jorntrahus.se\/#organization"},"potentialAction":[{"@type":"SearchAction","target":{"@type":"EntryPoint","urlTemplate":"https:\/\/jorntrahus.se\/?s={search_term_string}"},"query-input":{"@type":"PropertyValueSpecification","valueRequired":true,"valueName":"search_term_string"}}],"inLanguage":"nb-NO"},{"@type":"Organization","@id":"https:\/\/jorntrahus.se\/#organization","name":"J\u00f6rntr\u00e4hus","url":"https:\/\/jorntrahus.se\/","logo":{"@type":"ImageObject","inLanguage":"nb-NO","@id":"https:\/\/jorntrahus.se\/#\/schema\/logo\/image\/","url":"https:\/\/jorntrahus.se\/wp-content\/uploads\/2020\/09\/Jorntrahus_Grund_CMYK.eps","contentUrl":"https:\/\/jorntrahus.se\/wp-content\/uploads\/2020\/09\/Jorntrahus_Grund_CMYK.eps","width":1,"height":1,"caption":"J\u00f6rntr\u00e4hus"},"image":{"@id":"https:\/\/jorntrahus.se\/#\/schema\/logo\/image\/"}}]}},"publishpress_future_action":{"enabled":false,"date":"2026-05-12 16:08:16","action":"change-status","newStatus":"draft","terms":[],"taxonomy":"","extraData":[]},"publishpress_future_workflow_manual_trigger":{"enabledWorkflows":[]},"_links":{"self":[{"href":"https:\/\/jorntrahus.se\/nb\/wp-json\/wp\/v2\/pages\/7173","targetHints":{"allow":["GET"]}}],"collection":[{"href":"https:\/\/jorntrahus.se\/nb\/wp-json\/wp\/v2\/pages"}],"about":[{"href":"https:\/\/jorntrahus.se\/nb\/wp-json\/wp\/v2\/types\/page"}],"author":[{"embeddable":true,"href":"https:\/\/jorntrahus.se\/nb\/wp-json\/wp\/v2\/users\/2"}],"replies":[{"embeddable":true,"href":"https:\/\/jorntrahus.se\/nb\/wp-json\/wp\/v2\/comments?post=7173"}],"version-history":[{"count":12,"href":"https:\/\/jorntrahus.se\/nb\/wp-json\/wp\/v2\/pages\/7173\/revisions"}],"predecessor-version":[{"id":12798,"href":"https:\/\/jorntrahus.se\/nb\/wp-json\/wp\/v2\/pages\/7173\/revisions\/12798"}],"wp:attachment":[{"href":"https:\/\/jorntrahus.se\/nb\/wp-json\/wp\/v2\/media?parent=7173"}],"curies":[{"name":"wp","href":"https:\/\/api.w.org\/{rel}","templated":true}]}}