{"id":9060,"date":"2018-06-13T14:17:29","date_gmt":"2018-06-13T12:17:29","guid":{"rendered":"https:\/\/jorntrahus.se\/?page_id=9060"},"modified":"2020-12-17T21:44:39","modified_gmt":"2020-12-17T20:44:39","slug":"personvernerklaering","status":"publish","type":"page","link":"https:\/\/jorntrahus.se\/nb\/om-oss\/integritetspolicy\/","title":{"rendered":"J\u00f6rntr\u00e4hus personvernerkl\u00e6ring"},"content":{"rendered":"<div class=\"Section Section--margin u-borderBottom u-marginBxlg u-paddingBxlg\">\n<div class=\"Main-container Main-container--small u-textCenter\">\n<h1>Hvordan J\u00f6rntr\u00e4hus h\u00e5ndterer personopplysningene dine<\/h1>\n<h3>Din tillit til oss er av stor betydning - b\u00e5de n\u00e5r det gjelder levering av hus, men ogs\u00e5 n\u00e5r det gjelder hvordan vi h\u00e5ndterer personopplysningene dine. Vi tar derfor ansvar for \u00e5 beskytte personvernet til v\u00e5re kunder og potensielle kunder og for \u00e5 behandle personopplysninger p\u00e5 en lovlig og sikker m\u00e5te.<\/h3>\n<p><strong>Ved \u00e5 bestille produkter eller tjenester - f.eks. huskatalog, husmodell osv. - blir du kunde hos J\u00f6rntr\u00e4hus i J\u00f6rn AB (org. nr. 556947-6525) - heretter kalt J\u00f6rntr\u00e4hus.<\/strong><\/p>\n<p>Kunderegisteret inneholder kontaktopplysningene du har oppgitt og informasjon om din bestilling, tilbud eller kontaktforesp\u00f8rsel. Personopplysningene brukes til \u00e5 levere den bestilte huskatalogen, kontakte deg eller oppfylle forpliktelser i avtaler med deg som kunde. Videre behandler vi dine personopplysninger for administrasjon av leveranse\/tjenester, markedsf\u00f8ring av J\u00f6rntr\u00e4huss produkter og tjenester, informasjon, samt til visse former for statistikk, evaluering og kvalitetssikring. Vi kan ogs\u00e5 ha behov for \u00e5 videreformidle dine personopplysninger til v\u00e5re selgere og samarbeidspartnere for \u00e5 kunne levere et best mulig produkt og tjeneste.<\/p>\n<p>For at J\u00f6rntr\u00e4hus skal kunne oppfylle sine avtaleforpliktelser, er det n\u00f8dvendig at du gir oss de opplysningene vi ber om. Det er ogs\u00e5 n\u00f8dvendig for oss \u00e5 behandle noen av personopplysningene dine for statistikk-, evaluerings- og kvalitetssikringsform\u00e5l, noe som er en legitim interesse for J\u00f6rntr\u00e4hus.<\/p>\n<p>J\u00f6rntr\u00e4hus \u00f8nsker \u00e5 bruke e-post og telefon i v\u00e5r kommunikasjon med deg som kunde eller potensiell kunde. Gjennom bestillingsskjemaet for huskatalog og kontaktskjemaet p\u00e5 nettsiden samler vi inn de opplysningene vi trenger for \u00e5 kunne hjelpe deg p\u00e5 best mulig m\u00e5te. Ved \u00e5 krysse av i samtykkeboksen og sende inn skjemaene, samtykker du til at personopplysningene dine brukes for \u00e5 lette kommunikasjonen med deg. Hvis du ikke \u00f8nsker at opplysningene dine skal brukes til markedsf\u00f8ring, profilering i markedsf\u00f8rings\u00f8yemed eller videreformidles til v\u00e5re samarbeidspartnere, kan du kontakte oss p\u00e5 <a href=\"mailto:info@jorntrahus.se\" target=\"_blank\" rel=\"noopener\">info@jorntrahus.se<\/a>.<\/p>\n<p>Opplysningene dine kan bli behandlet av en s\u00e5kalt databehandler som bist\u00e5r i v\u00e5r kommunikasjon med deg. Denne databehandleren vil kun behandle opplysningene i samsvar med de form\u00e5lene som personopplysningene dine ble samlet inn for. Dette inkluderer v\u00e5re innleide leverand\u00f8rer, IT-konsulenter, entrepren\u00f8rer og underleverand\u00f8rer som trenger opplysningene dine for de form\u00e5lene som er oppf\u00f8rt her.<\/p>\n<p>Vi selger eller overf\u00f8rer ikke personopplysningene dine til tredjeparter. Unntaket er betrodde tredjeparter som hjelper oss med \u00e5 administrere nettstedet, drive virksomheten v\u00e5r, levere varene du bestiller eller yte tjenester, og disse partene forplikter seg til \u00e5 holde informasjonen konfidensiell og ikke bruke den til noe annet form\u00e5l som ikke er avtalt. Vi kan ogs\u00e5 dele personopplysningene dine n\u00e5r vi anser det som n\u00f8dvendig for \u00e5 overholde lovp\u00e5lagte krav.<\/p>\n<p>Vi inng\u00e5r avtaler med tredjeparts tjenesteleverand\u00f8rer for \u00e5 hjelpe oss med \u00e5 forst\u00e5 de bes\u00f8kende p\u00e5 nettstedet v\u00e5rt bedre. Disse tjenesteleverand\u00f8rene har ikke lov til \u00e5 bruke informasjonen de samler inn for oss p\u00e5 v\u00e5re vegne til noe annet form\u00e5l enn \u00e5 hjelpe oss med \u00e5 drive og forbedre virksomheten v\u00e5r.<\/p>\n<p>J\u00f6rntr\u00e4hus vil oppbevare n\u00f8dvendige opplysninger s\u00e5 lenge vi har en forpliktelse overfor deg i henhold til inng\u00e5tt avtale, og i tillegg s\u00e5 lenge loven krever det - for eksempel regnskapsloven. Vi behandler dine personopplysninger for alle andre form\u00e5l som er angitt her inntil du trekker tilbake ditt samtykke, eller gir oss beskjed om at du ikke lenger \u00f8nsker \u00e5 bli behandlet, men ikke lenger enn fem \u00e5r etter at dine opplysninger f\u00f8rst ble registrert.<\/p>\n<p>Behandlingen av personopplysningene dine i J\u00f6rntr\u00e4huss kunderegister er basert p\u00e5 bestillingsavtalen, rettslige forpliktelser og\/eller berettiget interesse. N\u00e5r det gjelder berettiget interesse, bruker vi opplysningene dine for eksempel til \u00e5 tilpasse kommunikasjonen v\u00e5r til deg basert p\u00e5 kj\u00f8pene dine.<\/p>\n<p>Behandlingsansvarlig for behandlingen av personopplysninger er J\u00f6rntr\u00e4hus. Du har rett til \u00e5 f\u00e5 kostnadsfri informasjon om hvilke personopplysninger som finnes om deg i J\u00f6rntr\u00e4huss virksomhet. Du har ogs\u00e5 rett til \u00e5 be om retting dersom du mener at opplysninger om deg er uriktige eller villedende, eller sletting eller begrensning av behandlingen - dersom det foreligger en lovmessig forutsetning for dette.<\/p>\n<p>Send en e-post til <a href=\"mailto:info@jorntrahus.se\" target=\"_blank\" rel=\"noopener\">info@jorntrahus.se<\/a> og du vil f\u00e5 den hjelpen du trenger.<\/p>\n<p><em>Du har rett til \u00e5 klage p\u00e5 v\u00e5r behandling av personopplysningene dine til Datatilsynet, som er tilsynsmyndighet. Bes\u00f8k nettstedet v\u00e5rt <a href=\"http:\/\/datainspektionen.se\" target=\"_blank\" rel=\"noopener\">datainspektionen.se<\/a> for mer informasjon.<\/em><\/p>\n<h2 class=\"u-textFamilySecondary\">Om informasjonskapsler<\/h2>\n<p class=\"Preamble u-marginBz\">Informasjonskapsler er sm\u00e5 tekstlinjer som leses inn i datamaskinens minne eller lagres som filer p\u00e5 datamaskinen din for \u00e5 forbedre din bruk og opplevelse av nettstedet. Svensk lov krever at vi gir informasjon om informasjonskapslene som brukes og form\u00e5let med dem.<\/p>\n<\/div>\n<\/div>\n<div class=\"Section Section--margin\">\n<div class=\"Main-container Main-container--small Editorial\">\n<h3>Ulike typer informasjonskapsler<\/h3>\n<p><strong>Vedvarende informasjonskapsler<\/strong><br \/>\nPermanente informasjonskapsler lagres som sm\u00e5 tekstfiler p\u00e5 datamaskinen og slettes p\u00e5 en forh\u00e5ndsinnstilt dato. De brukes for eksempel til \u00e5 lagre innstillinger som brukeren foretar mellom bes\u00f8k p\u00e5 nettstedet.<\/p>\n<p><strong>Informasjonskapsler for \u00f8kt<\/strong><br \/>\n\u00d8ktinformasjonskapsler lagres i nettleserens minne og slettes n\u00e5r nettleseren lukkes. De kan for eksempel brukes til \u00e5 opprettholde en innlogging n\u00e5r brukeren beveger seg fra en side til en annen.<\/p>\n<p><strong>Informasjonskapsler for statistikk<\/strong><br \/>\nDet finnes ogs\u00e5 informasjonskapsler som samler inn statistikk p\u00e5 Jorntrahus.se. Dette er for \u00e5 kunne m\u00e5le antall bes\u00f8kende. Statistikken som samles inn er ikke knyttet til personopplysninger.<\/p>\n<h2>Informasjonskapsler p\u00e5 Jorntrahus.se<\/h2>\n<ul>\n<li>Ulike typer \u00f8ktinformasjonskapsler brukes til \u00e5 styre hvilken informasjon som vises p\u00e5 de ulike sidene - for eksempel n\u00e5r du bruker kontaktskjemaer, filtreringsfunksjoner osv.<\/li>\n<li>Vi bruker ogs\u00e5 informasjonskapsler for \u00e5 f\u00f8re statistikk over hvilke sider som er popul\u00e6re, og for \u00e5 kunne foresl\u00e5 innhold til den bes\u00f8kende.<\/li>\n<\/ul>\n<p>Hvis du ikke \u00f8nsker at datamaskinen din skal motta og lagre informasjonskapsler, kan du justere sikkerhetsinnstillingene i nettleseren din. Enkelte deler av Jorntrahus.se kan bare brukes fullt ut hvis nettleseren din tillater informasjonskapsler.<\/p>\n<p>Jorntrahus.se bruker ikke informasjonskapsler for \u00e5 analysere hvordan du som person leser og klikker deg rundt p\u00e5 nettstedet. Heller ikke p\u00e5 noen annen m\u00e5te for \u00e5 analysere internettatferd p\u00e5 individniv\u00e5.<\/p>\n<p>Lenker og henvisninger p\u00e5 Jorntrahus.se kan f\u00f8re til andre nettsteder som ogs\u00e5 bruker informasjonskapsler, disse er ikke rapportert her.<\/p>\n<p>Les mer om informasjonskapsler p\u00e5 <a title=\"Post- og teletilsynet\" href=\"http:\/\/www.pts.se\/sv\/bransch\/regler\/lagar\/lag-om-elektronisk-kommunikation\/kakor-cookies\/\" target=\"_blank\" rel=\"noopener\">Post- og teletilsynets nettsted<\/a><\/p>\n<\/div>\n<\/div>","protected":false},"excerpt":{"rendered":"<p>Hur J\u00f6rntr\u00e4hus hanterar dina personuppgifter Ditt f\u00f6rtroende f\u00f6r oss \u00e4r av stor vikt \u2013 b\u00e5de vid leverans av hus men ocks\u00e5 hur vi hanterar dina personuppgifter. Vi tar d\u00e4rf\u00f6r ansvar f\u00f6r att skydda v\u00e5ra kunders och potentiella kunders integritet och behandla personuppgifter p\u00e5 ett lagligt och s\u00e4kert s\u00e4tt. Genom din best\u00e4llning av produkter eller tj\u00e4nst [&#8230;]\n","protected":false},"author":2,"featured_media":0,"parent":7,"menu_order":0,"comment_status":"closed","ping_status":"closed","template":"","meta":{"footnotes":""},"class_list":["post-9060","page","type-page","status-publish","hentry"],"yoast_head":"<!-- This site is optimized with the Yoast SEO plugin v27.2 - https:\/\/yoast.com\/product\/yoast-seo-wordpress\/ -->\n<title>J\u00f6rntr\u00e4hus integritetspolicy - J\u00f6rntr\u00e4hus<\/title>\n<meta name=\"robots\" content=\"index, follow, max-snippet:-1, max-image-preview:large, max-video-preview:-1\" \/>\n<link rel=\"canonical\" href=\"https:\/\/jorntrahus.se\/nb\/om-oss\/personvernerklaering\/\" \/>\n<meta property=\"og:locale\" content=\"nb_NO\" \/>\n<meta property=\"og:type\" content=\"article\" \/>\n<meta property=\"og:title\" content=\"J\u00f6rntr\u00e4hus integritetspolicy - J\u00f6rntr\u00e4hus\" \/>\n<meta property=\"og:description\" content=\"Hur J\u00f6rntr\u00e4hus hanterar dina personuppgifter Ditt f\u00f6rtroende f\u00f6r oss \u00e4r av stor vikt \u2013 b\u00e5de vid leverans av hus men ocks\u00e5 hur vi hanterar dina personuppgifter. Vi tar d\u00e4rf\u00f6r ansvar f\u00f6r att skydda v\u00e5ra kunders och potentiella kunders integritet och behandla personuppgifter p\u00e5 ett lagligt och s\u00e4kert s\u00e4tt. Genom din best\u00e4llning av produkter eller tj\u00e4nst [...]\" \/>\n<meta property=\"og:url\" content=\"https:\/\/jorntrahus.se\/nb\/om-oss\/personvernerklaering\/\" \/>\n<meta property=\"og:site_name\" content=\"J\u00f6rntr\u00e4hus\" \/>\n<meta property=\"article:modified_time\" content=\"2020-12-17T20:44:39+00:00\" \/>\n<meta name=\"twitter:card\" content=\"summary_large_image\" \/>\n<meta name=\"twitter:label1\" content=\"Ansl. lesetid\" \/>\n\t<meta name=\"twitter:data1\" content=\"6 minutter\" \/>\n<script type=\"application\/ld+json\" class=\"yoast-schema-graph\">{\"@context\":\"https:\/\/schema.org\",\"@graph\":[{\"@type\":\"WebPage\",\"@id\":\"https:\/\/jorntrahus.se\/om-oss\/integritetspolicy\/\",\"url\":\"https:\/\/jorntrahus.se\/om-oss\/integritetspolicy\/\",\"name\":\"J\u00f6rntr\u00e4hus integritetspolicy - J\u00f6rntr\u00e4hus\",\"isPartOf\":{\"@id\":\"https:\/\/jorntrahus.se\/#website\"},\"datePublished\":\"2018-06-13T12:17:29+00:00\",\"dateModified\":\"2020-12-17T20:44:39+00:00\",\"breadcrumb\":{\"@id\":\"https:\/\/jorntrahus.se\/om-oss\/integritetspolicy\/#breadcrumb\"},\"inLanguage\":\"nb-NO\",\"potentialAction\":[{\"@type\":\"ReadAction\",\"target\":[\"https:\/\/jorntrahus.se\/om-oss\/integritetspolicy\/\"]}]},{\"@type\":\"BreadcrumbList\",\"@id\":\"https:\/\/jorntrahus.se\/om-oss\/integritetspolicy\/#breadcrumb\",\"itemListElement\":[{\"@type\":\"ListItem\",\"position\":1,\"name\":\"Hem\",\"item\":\"https:\/\/jorntrahus.se\/\"},{\"@type\":\"ListItem\",\"position\":2,\"name\":\"Om oss\",\"item\":\"https:\/\/jorntrahus.se\/om-oss\/\"},{\"@type\":\"ListItem\",\"position\":3,\"name\":\"J\u00f6rntr\u00e4hus integritetspolicy\"}]},{\"@type\":\"WebSite\",\"@id\":\"https:\/\/jorntrahus.se\/#website\",\"url\":\"https:\/\/jorntrahus.se\/\",\"name\":\"J\u00f6rntr\u00e4hus\",\"description\":\"Hus f\u00f6r den medvetne\",\"publisher\":{\"@id\":\"https:\/\/jorntrahus.se\/#organization\"},\"potentialAction\":[{\"@type\":\"SearchAction\",\"target\":{\"@type\":\"EntryPoint\",\"urlTemplate\":\"https:\/\/jorntrahus.se\/?s={search_term_string}\"},\"query-input\":{\"@type\":\"PropertyValueSpecification\",\"valueRequired\":true,\"valueName\":\"search_term_string\"}}],\"inLanguage\":\"nb-NO\"},{\"@type\":\"Organization\",\"@id\":\"https:\/\/jorntrahus.se\/#organization\",\"name\":\"J\u00f6rntr\u00e4hus\",\"url\":\"https:\/\/jorntrahus.se\/\",\"logo\":{\"@type\":\"ImageObject\",\"inLanguage\":\"nb-NO\",\"@id\":\"https:\/\/jorntrahus.se\/#\/schema\/logo\/image\/\",\"url\":\"https:\/\/jorntrahus.se\/wp-content\/uploads\/2020\/09\/Jorntrahus_Grund_CMYK.eps\",\"contentUrl\":\"https:\/\/jorntrahus.se\/wp-content\/uploads\/2020\/09\/Jorntrahus_Grund_CMYK.eps\",\"width\":1,\"height\":1,\"caption\":\"J\u00f6rntr\u00e4hus\"},\"image\":{\"@id\":\"https:\/\/jorntrahus.se\/#\/schema\/logo\/image\/\"}}]}<\/script>\n<!-- \/ Yoast SEO plugin. -->","yoast_head_json":{"title":"J\u00f6rntr\u00e4huss retningslinjer for personvern - J\u00f6rntr\u00e4hus","robots":{"index":"index","follow":"follow","max-snippet":"max-snippet:-1","max-image-preview":"max-image-preview:large","max-video-preview":"max-video-preview:-1"},"canonical":"https:\/\/jorntrahus.se\/nb\/om-oss\/personvernerklaering\/","og_locale":"nb_NO","og_type":"article","og_title":"J\u00f6rntr\u00e4hus integritetspolicy - J\u00f6rntr\u00e4hus","og_description":"Hur J\u00f6rntr\u00e4hus hanterar dina personuppgifter Ditt f\u00f6rtroende f\u00f6r oss \u00e4r av stor vikt \u2013 b\u00e5de vid leverans av hus men ocks\u00e5 hur vi hanterar dina personuppgifter. Vi tar d\u00e4rf\u00f6r ansvar f\u00f6r att skydda v\u00e5ra kunders och potentiella kunders integritet och behandla personuppgifter p\u00e5 ett lagligt och s\u00e4kert s\u00e4tt. Genom din best\u00e4llning av produkter eller tj\u00e4nst [...]","og_url":"https:\/\/jorntrahus.se\/nb\/om-oss\/personvernerklaering\/","og_site_name":"J\u00f6rntr\u00e4hus","article_modified_time":"2020-12-17T20:44:39+00:00","twitter_card":"summary_large_image","twitter_misc":{"Ansl. lesetid":"6 minutter"},"schema":{"@context":"https:\/\/schema.org","@graph":[{"@type":"WebPage","@id":"https:\/\/jorntrahus.se\/om-oss\/integritetspolicy\/","url":"https:\/\/jorntrahus.se\/om-oss\/integritetspolicy\/","name":"J\u00f6rntr\u00e4huss retningslinjer for personvern - J\u00f6rntr\u00e4hus","isPartOf":{"@id":"https:\/\/jorntrahus.se\/#website"},"datePublished":"2018-06-13T12:17:29+00:00","dateModified":"2020-12-17T20:44:39+00:00","breadcrumb":{"@id":"https:\/\/jorntrahus.se\/om-oss\/integritetspolicy\/#breadcrumb"},"inLanguage":"nb-NO","potentialAction":[{"@type":"ReadAction","target":["https:\/\/jorntrahus.se\/om-oss\/integritetspolicy\/"]}]},{"@type":"BreadcrumbList","@id":"https:\/\/jorntrahus.se\/om-oss\/integritetspolicy\/#breadcrumb","itemListElement":[{"@type":"ListItem","position":1,"name":"Hem","item":"https:\/\/jorntrahus.se\/"},{"@type":"ListItem","position":2,"name":"Om oss","item":"https:\/\/jorntrahus.se\/om-oss\/"},{"@type":"ListItem","position":3,"name":"J\u00f6rntr\u00e4hus integritetspolicy"}]},{"@type":"WebSite","@id":"https:\/\/jorntrahus.se\/#website","url":"https:\/\/jorntrahus.se\/","name":"J\u00f6rntr\u00e4hus","description":"Hus for de bevisste","publisher":{"@id":"https:\/\/jorntrahus.se\/#organization"},"potentialAction":[{"@type":"SearchAction","target":{"@type":"EntryPoint","urlTemplate":"https:\/\/jorntrahus.se\/?s={search_term_string}"},"query-input":{"@type":"PropertyValueSpecification","valueRequired":true,"valueName":"search_term_string"}}],"inLanguage":"nb-NO"},{"@type":"Organization","@id":"https:\/\/jorntrahus.se\/#organization","name":"J\u00f6rntr\u00e4hus","url":"https:\/\/jorntrahus.se\/","logo":{"@type":"ImageObject","inLanguage":"nb-NO","@id":"https:\/\/jorntrahus.se\/#\/schema\/logo\/image\/","url":"https:\/\/jorntrahus.se\/wp-content\/uploads\/2020\/09\/Jorntrahus_Grund_CMYK.eps","contentUrl":"https:\/\/jorntrahus.se\/wp-content\/uploads\/2020\/09\/Jorntrahus_Grund_CMYK.eps","width":1,"height":1,"caption":"J\u00f6rntr\u00e4hus"},"image":{"@id":"https:\/\/jorntrahus.se\/#\/schema\/logo\/image\/"}}]}},"publishpress_future_action":{"enabled":false,"date":"2026-05-04 20:12:22","action":"change-status","newStatus":"draft","terms":[],"taxonomy":"","extraData":[]},"publishpress_future_workflow_manual_trigger":{"enabledWorkflows":[]},"_links":{"self":[{"href":"https:\/\/jorntrahus.se\/nb\/wp-json\/wp\/v2\/pages\/9060","targetHints":{"allow":["GET"]}}],"collection":[{"href":"https:\/\/jorntrahus.se\/nb\/wp-json\/wp\/v2\/pages"}],"about":[{"href":"https:\/\/jorntrahus.se\/nb\/wp-json\/wp\/v2\/types\/page"}],"author":[{"embeddable":true,"href":"https:\/\/jorntrahus.se\/nb\/wp-json\/wp\/v2\/users\/2"}],"replies":[{"embeddable":true,"href":"https:\/\/jorntrahus.se\/nb\/wp-json\/wp\/v2\/comments?post=9060"}],"version-history":[{"count":6,"href":"https:\/\/jorntrahus.se\/nb\/wp-json\/wp\/v2\/pages\/9060\/revisions"}],"predecessor-version":[{"id":9246,"href":"https:\/\/jorntrahus.se\/nb\/wp-json\/wp\/v2\/pages\/9060\/revisions\/9246"}],"up":[{"embeddable":true,"href":"https:\/\/jorntrahus.se\/nb\/wp-json\/wp\/v2\/pages\/7"}],"wp:attachment":[{"href":"https:\/\/jorntrahus.se\/nb\/wp-json\/wp\/v2\/media?parent=9060"}],"curies":[{"name":"wp","href":"https:\/\/api.w.org\/{rel}","templated":true}]}}