{"id":12458,"date":"2021-01-14T14:55:44","date_gmt":"2021-01-14T13:55:44","guid":{"rendered":"https:\/\/jorntrahus.se\/?post_type=product&#038;p=12458"},"modified":"2022-10-27T14:46:00","modified_gmt":"2022-10-27T12:46:00","slug":"boviken-30","status":"publish","type":"product","link":"https:\/\/jorntrahus.se\/nb\/husmodell\/boviken-30\/","title":{"rendered":"Boviken 30"},"content":{"rendered":"","protected":false},"excerpt":{"rendered":"<h3>Bolundare med 30 gjennomtenkte kvadratmeter.<\/h3>\n<p>En klassiker p\u00e5 30 m2 med et stort soverom og mulighet for oppbevaring, noe den gjennomtenkte planl\u00f8sningen garanterer. Allerede ved inngangen f\u00e5r du en f\u00f8lelse av stuens ryggtak som bidrar til f\u00f8lelsen av volum.<\/p>\n<p>Det fleksible kj\u00f8kkenet er tilpasset b\u00e5de plassen og det forventede antallet bes\u00f8kende. V\u00e5re komplement\u00e6re boliger oppfyller de n\u00f8dvendige standardene, ogs\u00e5 n\u00e5r det gjelder tilgjengelighet.<\/p>","protected":false},"featured_media":12405,"template":"","meta":[],"product_brand":[],"product_cat":[1265],"product_tag":[26,1267],"class_list":{"0":"post-12458","1":"product","2":"type-product","3":"status-publish","4":"has-post-thumbnail","6":"product_cat-boviken","7":"product_tag-003-1-plan","8":"product_tag-klassiskt-hus","9":"husstil-klassiska-hus","10":"hustyp-komplementbyggnad","12":"first","13":"instock","14":"shipping-taxable","15":"product-type-simple"},"yoast_head":"<!-- This site is optimized with the Yoast SEO plugin v27.5 - https:\/\/yoast.com\/product\/yoast-seo-wordpress\/ -->\n<title>Boviken 30 - J\u00f6rntr\u00e4hus<\/title>\n<meta name=\"robots\" content=\"index, follow, max-snippet:-1, max-image-preview:large, max-video-preview:-1\" \/>\n<link rel=\"canonical\" href=\"https:\/\/jorntrahus.se\/nb\/husmodell\/boviken-30\/\" \/>\n<meta property=\"og:locale\" content=\"nb_NO\" \/>\n<meta property=\"og:type\" content=\"article\" \/>\n<meta property=\"og:title\" content=\"Boviken 30 - J\u00f6rntr\u00e4hus\" \/>\n<meta property=\"og:description\" content=\"Bolundare med 30 genomt\u00e4nkta kvadratmeter. En klassiker inom 30 m2 med ett v\u00e4l tilltaget sovrum samt m\u00f6jlig- het till f\u00f6rvaring vilket den genomt\u00e4nkta planl\u00f6sningen borgar f\u00f6r. Redan vid entr\u00e9n f\u00e5r man en f\u00f6rnimmelse av allrummets rygg\u00e5stak som bidrar till k\u00e4nslan av volym.  Det smidiga k\u00f6ket \u00e4r anpassat till b\u00e5de yta och f\u00f6rv\u00e4ntat antal bes\u00f6kare. V\u00e5ra komplementbost\u00e4der uppfyller de st\u00e4llda krav som finns, bland annat de f\u00f6r tillg\u00e4nglighet.\" \/>\n<meta property=\"og:url\" content=\"https:\/\/jorntrahus.se\/nb\/husmodell\/boviken-30\/\" \/>\n<meta property=\"og:site_name\" content=\"J\u00f6rntr\u00e4hus\" \/>\n<meta property=\"article:modified_time\" content=\"2022-10-27T12:46:00+00:00\" \/>\n<meta property=\"og:image\" content=\"https:\/\/jorntrahus.se\/wp-content\/uploads\/2021\/01\/Boviken-30-loft-Klassisk-Fritidshus-Bolundare-Byggsats-Hus-fran-Jorntrahus-scaled.jpg\" \/>\n\t<meta property=\"og:image:width\" content=\"2560\" \/>\n\t<meta property=\"og:image:height\" content=\"1706\" \/>\n\t<meta property=\"og:image:type\" content=\"image\/jpeg\" \/>\n<meta name=\"twitter:card\" content=\"summary_large_image\" \/>\n<script type=\"application\/ld+json\" class=\"yoast-schema-graph\">{\"@context\":\"https:\\\/\\\/schema.org\",\"@graph\":[{\"@type\":\"WebPage\",\"@id\":\"https:\\\/\\\/jorntrahus.se\\\/husmodell\\\/boviken-30\\\/\",\"url\":\"https:\\\/\\\/jorntrahus.se\\\/husmodell\\\/boviken-30\\\/\",\"name\":\"Boviken 30 - J\u00f6rntr\u00e4hus\",\"isPartOf\":{\"@id\":\"https:\\\/\\\/jorntrahus.se\\\/#website\"},\"primaryImageOfPage\":{\"@id\":\"https:\\\/\\\/jorntrahus.se\\\/husmodell\\\/boviken-30\\\/#primaryimage\"},\"image\":{\"@id\":\"https:\\\/\\\/jorntrahus.se\\\/husmodell\\\/boviken-30\\\/#primaryimage\"},\"thumbnailUrl\":\"https:\\\/\\\/jorntrahus.se\\\/wp-content\\\/uploads\\\/2021\\\/01\\\/Boviken-30-loft-Klassisk-Fritidshus-Bolundare-Byggsats-Hus-fran-Jorntrahus-scaled.jpg\",\"datePublished\":\"2021-01-14T13:55:44+00:00\",\"dateModified\":\"2022-10-27T12:46:00+00:00\",\"breadcrumb\":{\"@id\":\"https:\\\/\\\/jorntrahus.se\\\/husmodell\\\/boviken-30\\\/#breadcrumb\"},\"inLanguage\":\"nb-NO\",\"potentialAction\":[{\"@type\":\"ReadAction\",\"target\":[\"https:\\\/\\\/jorntrahus.se\\\/husmodell\\\/boviken-30\\\/\"]}]},{\"@type\":\"ImageObject\",\"inLanguage\":\"nb-NO\",\"@id\":\"https:\\\/\\\/jorntrahus.se\\\/husmodell\\\/boviken-30\\\/#primaryimage\",\"url\":\"https:\\\/\\\/jorntrahus.se\\\/wp-content\\\/uploads\\\/2021\\\/01\\\/Boviken-30-loft-Klassisk-Fritidshus-Bolundare-Byggsats-Hus-fran-Jorntrahus-scaled.jpg\",\"contentUrl\":\"https:\\\/\\\/jorntrahus.se\\\/wp-content\\\/uploads\\\/2021\\\/01\\\/Boviken-30-loft-Klassisk-Fritidshus-Bolundare-Byggsats-Hus-fran-Jorntrahus-scaled.jpg\",\"width\":2560,\"height\":1706,\"caption\":\"Boviken 30 loft Klassisk Fritidshus Bolundare Byggsats Hus fran Jorntrahus\"},{\"@type\":\"BreadcrumbList\",\"@id\":\"https:\\\/\\\/jorntrahus.se\\\/husmodell\\\/boviken-30\\\/#breadcrumb\",\"itemListElement\":[{\"@type\":\"ListItem\",\"position\":1,\"name\":\"Hem\",\"item\":\"https:\\\/\\\/jorntrahus.se\\\/\"},{\"@type\":\"ListItem\",\"position\":2,\"name\":\"V\u00e5ra hus\",\"item\":\"https:\\\/\\\/jorntrahus.se\\\/husen\\\/\"},{\"@type\":\"ListItem\",\"position\":3,\"name\":\"Boviken 30\"}]},{\"@type\":\"WebSite\",\"@id\":\"https:\\\/\\\/jorntrahus.se\\\/#website\",\"url\":\"https:\\\/\\\/jorntrahus.se\\\/\",\"name\":\"J\u00f6rntr\u00e4hus\",\"description\":\"Hus f\u00f6r den medvetne\",\"publisher\":{\"@id\":\"https:\\\/\\\/jorntrahus.se\\\/#organization\"},\"potentialAction\":[{\"@type\":\"SearchAction\",\"target\":{\"@type\":\"EntryPoint\",\"urlTemplate\":\"https:\\\/\\\/jorntrahus.se\\\/?s={search_term_string}\"},\"query-input\":{\"@type\":\"PropertyValueSpecification\",\"valueRequired\":true,\"valueName\":\"search_term_string\"}}],\"inLanguage\":\"nb-NO\"},{\"@type\":\"Organization\",\"@id\":\"https:\\\/\\\/jorntrahus.se\\\/#organization\",\"name\":\"J\u00f6rntr\u00e4hus\",\"url\":\"https:\\\/\\\/jorntrahus.se\\\/\",\"logo\":{\"@type\":\"ImageObject\",\"inLanguage\":\"nb-NO\",\"@id\":\"https:\\\/\\\/jorntrahus.se\\\/#\\\/schema\\\/logo\\\/image\\\/\",\"url\":\"https:\\\/\\\/jorntrahus.se\\\/wp-content\\\/uploads\\\/2020\\\/09\\\/Jorntrahus_Grund_CMYK.eps\",\"contentUrl\":\"https:\\\/\\\/jorntrahus.se\\\/wp-content\\\/uploads\\\/2020\\\/09\\\/Jorntrahus_Grund_CMYK.eps\",\"width\":1,\"height\":1,\"caption\":\"J\u00f6rntr\u00e4hus\"},\"image\":{\"@id\":\"https:\\\/\\\/jorntrahus.se\\\/#\\\/schema\\\/logo\\\/image\\\/\"}}]}<\/script>\n<!-- \/ Yoast SEO plugin. -->","yoast_head_json":{"title":"Boviken 30 - J\u00f6rntr\u00e4hus","robots":{"index":"index","follow":"follow","max-snippet":"max-snippet:-1","max-image-preview":"max-image-preview:large","max-video-preview":"max-video-preview:-1"},"canonical":"https:\/\/jorntrahus.se\/nb\/husmodell\/boviken-30\/","og_locale":"nb_NO","og_type":"article","og_title":"Boviken 30 - J\u00f6rntr\u00e4hus","og_description":"Bolundare med 30 genomt\u00e4nkta kvadratmeter. En klassiker inom 30 m2 med ett v\u00e4l tilltaget sovrum samt m\u00f6jlig- het till f\u00f6rvaring vilket den genomt\u00e4nkta planl\u00f6sningen borgar f\u00f6r. Redan vid entr\u00e9n f\u00e5r man en f\u00f6rnimmelse av allrummets rygg\u00e5stak som bidrar till k\u00e4nslan av volym.  Det smidiga k\u00f6ket \u00e4r anpassat till b\u00e5de yta och f\u00f6rv\u00e4ntat antal bes\u00f6kare. V\u00e5ra komplementbost\u00e4der uppfyller de st\u00e4llda krav som finns, bland annat de f\u00f6r tillg\u00e4nglighet.","og_url":"https:\/\/jorntrahus.se\/nb\/husmodell\/boviken-30\/","og_site_name":"J\u00f6rntr\u00e4hus","article_modified_time":"2022-10-27T12:46:00+00:00","og_image":[{"width":2560,"height":1706,"url":"https:\/\/jorntrahus.se\/wp-content\/uploads\/2021\/01\/Boviken-30-loft-Klassisk-Fritidshus-Bolundare-Byggsats-Hus-fran-Jorntrahus-scaled.jpg","type":"image\/jpeg"}],"twitter_card":"summary_large_image","schema":{"@context":"https:\/\/schema.org","@graph":[{"@type":"WebPage","@id":"https:\/\/jorntrahus.se\/husmodell\/boviken-30\/","url":"https:\/\/jorntrahus.se\/husmodell\/boviken-30\/","name":"Boviken 30 - J\u00f6rntr\u00e4hus","isPartOf":{"@id":"https:\/\/jorntrahus.se\/#website"},"primaryImageOfPage":{"@id":"https:\/\/jorntrahus.se\/husmodell\/boviken-30\/#primaryimage"},"image":{"@id":"https:\/\/jorntrahus.se\/husmodell\/boviken-30\/#primaryimage"},"thumbnailUrl":"https:\/\/jorntrahus.se\/wp-content\/uploads\/2021\/01\/Boviken-30-loft-Klassisk-Fritidshus-Bolundare-Byggsats-Hus-fran-Jorntrahus-scaled.jpg","datePublished":"2021-01-14T13:55:44+00:00","dateModified":"2022-10-27T12:46:00+00:00","breadcrumb":{"@id":"https:\/\/jorntrahus.se\/husmodell\/boviken-30\/#breadcrumb"},"inLanguage":"nb-NO","potentialAction":[{"@type":"ReadAction","target":["https:\/\/jorntrahus.se\/husmodell\/boviken-30\/"]}]},{"@type":"ImageObject","inLanguage":"nb-NO","@id":"https:\/\/jorntrahus.se\/husmodell\/boviken-30\/#primaryimage","url":"https:\/\/jorntrahus.se\/wp-content\/uploads\/2021\/01\/Boviken-30-loft-Klassisk-Fritidshus-Bolundare-Byggsats-Hus-fran-Jorntrahus-scaled.jpg","contentUrl":"https:\/\/jorntrahus.se\/wp-content\/uploads\/2021\/01\/Boviken-30-loft-Klassisk-Fritidshus-Bolundare-Byggsats-Hus-fran-Jorntrahus-scaled.jpg","width":2560,"height":1706,"caption":"Boviken 30 loft Klassisk Fritidshus Bolundare Byggsats Hus fran Jorntrahus"},{"@type":"BreadcrumbList","@id":"https:\/\/jorntrahus.se\/husmodell\/boviken-30\/#breadcrumb","itemListElement":[{"@type":"ListItem","position":1,"name":"Hem","item":"https:\/\/jorntrahus.se\/"},{"@type":"ListItem","position":2,"name":"V\u00e5ra hus","item":"https:\/\/jorntrahus.se\/husen\/"},{"@type":"ListItem","position":3,"name":"Boviken 30"}]},{"@type":"WebSite","@id":"https:\/\/jorntrahus.se\/#website","url":"https:\/\/jorntrahus.se\/","name":"J\u00f6rntr\u00e4hus","description":"Hus for de bevisste","publisher":{"@id":"https:\/\/jorntrahus.se\/#organization"},"potentialAction":[{"@type":"SearchAction","target":{"@type":"EntryPoint","urlTemplate":"https:\/\/jorntrahus.se\/?s={search_term_string}"},"query-input":{"@type":"PropertyValueSpecification","valueRequired":true,"valueName":"search_term_string"}}],"inLanguage":"nb-NO"},{"@type":"Organization","@id":"https:\/\/jorntrahus.se\/#organization","name":"J\u00f6rntr\u00e4hus","url":"https:\/\/jorntrahus.se\/","logo":{"@type":"ImageObject","inLanguage":"nb-NO","@id":"https:\/\/jorntrahus.se\/#\/schema\/logo\/image\/","url":"https:\/\/jorntrahus.se\/wp-content\/uploads\/2020\/09\/Jorntrahus_Grund_CMYK.eps","contentUrl":"https:\/\/jorntrahus.se\/wp-content\/uploads\/2020\/09\/Jorntrahus_Grund_CMYK.eps","width":1,"height":1,"caption":"J\u00f6rntr\u00e4hus"},"image":{"@id":"https:\/\/jorntrahus.se\/#\/schema\/logo\/image\/"}}]}},"publishpress_future_workflow_manual_trigger":{"enabledWorkflows":[]},"_links":{"self":[{"href":"https:\/\/jorntrahus.se\/nb\/wp-json\/wp\/v2\/product\/12458","targetHints":{"allow":["GET"]}}],"collection":[{"href":"https:\/\/jorntrahus.se\/nb\/wp-json\/wp\/v2\/product"}],"about":[{"href":"https:\/\/jorntrahus.se\/nb\/wp-json\/wp\/v2\/types\/product"}],"wp:featuredmedia":[{"embeddable":true,"href":"https:\/\/jorntrahus.se\/nb\/wp-json\/wp\/v2\/media\/12405"}],"wp:attachment":[{"href":"https:\/\/jorntrahus.se\/nb\/wp-json\/wp\/v2\/media?parent=12458"}],"wp:term":[{"taxonomy":"product_brand","embeddable":true,"href":"https:\/\/jorntrahus.se\/nb\/wp-json\/wp\/v2\/product_brand?post=12458"},{"taxonomy":"product_cat","embeddable":true,"href":"https:\/\/jorntrahus.se\/nb\/wp-json\/wp\/v2\/product_cat?post=12458"},{"taxonomy":"product_tag","embeddable":true,"href":"https:\/\/jorntrahus.se\/nb\/wp-json\/wp\/v2\/product_tag?post=12458"}],"curies":[{"name":"wp","href":"https:\/\/api.w.org\/{rel}","templated":true}]}}