{"id":13316,"date":"2022-04-14T23:33:29","date_gmt":"2022-04-14T21:33:29","guid":{"rendered":"https:\/\/jorntrahus.se\/?post_type=product&#038;p=13316"},"modified":"2023-02-16T12:04:32","modified_gmt":"2023-02-16T11:04:32","slug":"lizard-valley-73","status":"publish","type":"product","link":"https:\/\/jorntrahus.se\/nb\/husmodell\/kagedalen-73\/","title":{"rendered":"K\u00e5gedalen 73"},"content":{"rendered":"","protected":false},"excerpt":{"rendered":"<h3>En enetasjes l\u00e5ve med fokus p\u00e5 fellesarealer.<\/h3>\n<p>Doble soverom, romslig gang, samt en gjennomtenkt og oversiktlig stue med lys fra tre retninger.<\/p>\n<p>Med flere vinduspartier passer K\u00e5gedalen for deg som setter pris p\u00e5 lys og plass. Modellen kan utvides for dem som \u00f8nsker ekstra boareal.<\/p>\n<div id='gallery-1' class='gallery galleryid-13316 gallery-columns-2 gallery-size-medium'><figure class='gallery-item'>\n\t\t\t<div class='gallery-icon landscape'>\n\t\t\t\t<a title=\"Kagedalen 73 Interi\u00f8r Feriebolig Sommerhus Ladhus Byggesett Hus fra Jorntrahus 2 web\"  href='https:\/\/jorntrahus.se\/wp-content\/uploads\/2022\/04\/Kagedalen-73-Interior-Fritidshus-Sommarstuga-Ladhus-Byggsats-Hus-fran-Jorntrahus-2-webb-scaled.jpg'><img width=\"600\" height=\"338\" src=\"https:\/\/jorntrahus.se\/wp-content\/uploads\/2022\/04\/Kagedalen-73-Interior-Fritidshus-Sommarstuga-Ladhus-Byggsats-Hus-fran-Jorntrahus-2-webb-600x338.jpg\" class=\"attachment-medium size-medium\" alt=\"Kagedalen 73 Interi\u00f8r Feriebolig Sommerhus Ladhus Byggesett Hus fra Jorntrahus 2 web\" decoding=\"async\" loading=\"lazy\" srcset=\"https:\/\/jorntrahus.se\/wp-content\/uploads\/2022\/04\/Kagedalen-73-Interior-Fritidshus-Sommarstuga-Ladhus-Byggsats-Hus-fran-Jorntrahus-2-webb-600x338.jpg 600w, https:\/\/jorntrahus.se\/wp-content\/uploads\/2022\/04\/Kagedalen-73-Interior-Fritidshus-Sommarstuga-Ladhus-Byggsats-Hus-fran-Jorntrahus-2-webb-1200x675.jpg 1200w, https:\/\/jorntrahus.se\/wp-content\/uploads\/2022\/04\/Kagedalen-73-Interior-Fritidshus-Sommarstuga-Ladhus-Byggsats-Hus-fran-Jorntrahus-2-webb-768x432.jpg 768w, https:\/\/jorntrahus.se\/wp-content\/uploads\/2022\/04\/Kagedalen-73-Interior-Fritidshus-Sommarstuga-Ladhus-Byggsats-Hus-fran-Jorntrahus-2-webb-1536x864.jpg 1536w, https:\/\/jorntrahus.se\/wp-content\/uploads\/2022\/04\/Kagedalen-73-Interior-Fritidshus-Sommarstuga-Ladhus-Byggsats-Hus-fran-Jorntrahus-2-webb-2048x1152.jpg 2048w, https:\/\/jorntrahus.se\/wp-content\/uploads\/2022\/04\/Kagedalen-73-Interior-Fritidshus-Sommarstuga-Ladhus-Byggsats-Hus-fran-Jorntrahus-2-webb-900x506.jpg 900w\" sizes=\"auto, (max-width: 600px) 100vw, 600px\" \/><\/a>\n\t\t\t<\/div><\/figure><figure class='gallery-item'>\n\t\t\t<div class='gallery-icon landscape'>\n\t\t\t\t<a title=\"Kagedalen 73 Interi\u00f8r Feriebolig Sommerhus Ladhus Byggesett Hus fra Jorntrahus 1 web\"  href='https:\/\/jorntrahus.se\/wp-content\/uploads\/2022\/04\/Kagedalen-73-Interior-Fritidshus-Sommarstuga-Ladhus-Byggsats-Hus-fran-Jorntrahus-1-webb-scaled.jpg'><img width=\"600\" height=\"338\" src=\"https:\/\/jorntrahus.se\/wp-content\/uploads\/2022\/04\/Kagedalen-73-Interior-Fritidshus-Sommarstuga-Ladhus-Byggsats-Hus-fran-Jorntrahus-1-webb-600x338.jpg\" class=\"attachment-medium size-medium\" alt=\"Kagedalen 73 Interi\u00f8r Feriebolig Sommerhus Ladhus Byggesett Hus fra Jorntrahus 1 web\" decoding=\"async\" loading=\"lazy\" srcset=\"https:\/\/jorntrahus.se\/wp-content\/uploads\/2022\/04\/Kagedalen-73-Interior-Fritidshus-Sommarstuga-Ladhus-Byggsats-Hus-fran-Jorntrahus-1-webb-600x338.jpg 600w, https:\/\/jorntrahus.se\/wp-content\/uploads\/2022\/04\/Kagedalen-73-Interior-Fritidshus-Sommarstuga-Ladhus-Byggsats-Hus-fran-Jorntrahus-1-webb-1200x675.jpg 1200w, https:\/\/jorntrahus.se\/wp-content\/uploads\/2022\/04\/Kagedalen-73-Interior-Fritidshus-Sommarstuga-Ladhus-Byggsats-Hus-fran-Jorntrahus-1-webb-768x432.jpg 768w, https:\/\/jorntrahus.se\/wp-content\/uploads\/2022\/04\/Kagedalen-73-Interior-Fritidshus-Sommarstuga-Ladhus-Byggsats-Hus-fran-Jorntrahus-1-webb-1536x864.jpg 1536w, https:\/\/jorntrahus.se\/wp-content\/uploads\/2022\/04\/Kagedalen-73-Interior-Fritidshus-Sommarstuga-Ladhus-Byggsats-Hus-fran-Jorntrahus-1-webb-2048x1152.jpg 2048w, https:\/\/jorntrahus.se\/wp-content\/uploads\/2022\/04\/Kagedalen-73-Interior-Fritidshus-Sommarstuga-Ladhus-Byggsats-Hus-fran-Jorntrahus-1-webb-900x506.jpg 900w\" sizes=\"auto, (max-width: 600px) 100vw, 600px\" \/><\/a>\n\t\t\t<\/div><\/figure>\n\t\t<\/div>","protected":false},"featured_media":13305,"template":"","meta":[],"product_brand":[],"product_cat":[1257],"product_tag":[26,1259],"class_list":{"0":"post-13316","1":"product","2":"type-product","3":"status-publish","4":"has-post-thumbnail","6":"product_cat-kagedalen","7":"product_tag-003-1-plan","8":"product_tag-ladhus","9":"hustyp-fritidshus","11":"first","12":"instock","13":"shipping-taxable","14":"product-type-simple"},"yoast_head":"<!-- This site is optimized with the Yoast SEO plugin v27.5 - https:\/\/yoast.com\/product\/yoast-seo-wordpress\/ -->\n<title>K\u00e5gedalen 73 - J\u00f6rntr\u00e4hus<\/title>\n<meta name=\"robots\" content=\"index, follow, max-snippet:-1, max-image-preview:large, max-video-preview:-1\" \/>\n<link rel=\"canonical\" href=\"https:\/\/jorntrahus.se\/nb\/husmodell\/lizard-valley-73\/\" \/>\n<meta property=\"og:locale\" content=\"nb_NO\" \/>\n<meta property=\"og:type\" content=\"article\" \/>\n<meta property=\"og:title\" content=\"K\u00e5gedalen 73 - J\u00f6rntr\u00e4hus\" \/>\n<meta property=\"og:description\" content=\"Ladhus i ett plan d\u00e4r samvaroutrymmen ligger i fokus. Dubbla sovrum, rymlig hall, plus ett genomt\u00e4nk och v\u00e4l disponerat allrum med ljusinsl\u00e4pp fr\u00e5n tre h\u00e5ll.  Med flertalet f\u00f6nsterpartier passar K\u00e5gedalen den som v\u00e4rdes\u00e4tter ljus och rymd. Modellen kan f\u00f6rl\u00e4ngas f\u00f6r den som \u00f6nskar ytterligare boyta.\" \/>\n<meta property=\"og:url\" content=\"https:\/\/jorntrahus.se\/nb\/husmodell\/lizard-valley-73\/\" \/>\n<meta property=\"og:site_name\" content=\"J\u00f6rntr\u00e4hus\" \/>\n<meta property=\"article:modified_time\" content=\"2023-02-16T11:04:32+00:00\" \/>\n<meta property=\"og:image\" content=\"https:\/\/jorntrahus.se\/wp-content\/uploads\/2022\/04\/Kagedalen-73-Fritidshus-Sommarstuga-Ladhus-Byggsats-Hus-fran-Jorntrahus-webb-scaled.jpg\" \/>\n\t<meta property=\"og:image:width\" content=\"2560\" \/>\n\t<meta property=\"og:image:height\" content=\"1676\" \/>\n\t<meta property=\"og:image:type\" content=\"image\/jpeg\" \/>\n<meta name=\"twitter:card\" content=\"summary_large_image\" \/>\n<script type=\"application\/ld+json\" class=\"yoast-schema-graph\">{\"@context\":\"https:\\\/\\\/schema.org\",\"@graph\":[{\"@type\":\"WebPage\",\"@id\":\"https:\\\/\\\/jorntrahus.se\\\/husmodell\\\/kagedalen-73\\\/\",\"url\":\"https:\\\/\\\/jorntrahus.se\\\/husmodell\\\/kagedalen-73\\\/\",\"name\":\"K\u00e5gedalen 73 - J\u00f6rntr\u00e4hus\",\"isPartOf\":{\"@id\":\"https:\\\/\\\/jorntrahus.se\\\/#website\"},\"primaryImageOfPage\":{\"@id\":\"https:\\\/\\\/jorntrahus.se\\\/husmodell\\\/kagedalen-73\\\/#primaryimage\"},\"image\":{\"@id\":\"https:\\\/\\\/jorntrahus.se\\\/husmodell\\\/kagedalen-73\\\/#primaryimage\"},\"thumbnailUrl\":\"https:\\\/\\\/jorntrahus.se\\\/wp-content\\\/uploads\\\/2022\\\/04\\\/Kagedalen-73-Fritidshus-Sommarstuga-Ladhus-Byggsats-Hus-fran-Jorntrahus-webb-scaled.jpg\",\"datePublished\":\"2022-04-14T21:33:29+00:00\",\"dateModified\":\"2023-02-16T11:04:32+00:00\",\"breadcrumb\":{\"@id\":\"https:\\\/\\\/jorntrahus.se\\\/husmodell\\\/kagedalen-73\\\/#breadcrumb\"},\"inLanguage\":\"nb-NO\",\"potentialAction\":[{\"@type\":\"ReadAction\",\"target\":[\"https:\\\/\\\/jorntrahus.se\\\/husmodell\\\/kagedalen-73\\\/\"]}]},{\"@type\":\"ImageObject\",\"inLanguage\":\"nb-NO\",\"@id\":\"https:\\\/\\\/jorntrahus.se\\\/husmodell\\\/kagedalen-73\\\/#primaryimage\",\"url\":\"https:\\\/\\\/jorntrahus.se\\\/wp-content\\\/uploads\\\/2022\\\/04\\\/Kagedalen-73-Fritidshus-Sommarstuga-Ladhus-Byggsats-Hus-fran-Jorntrahus-webb-scaled.jpg\",\"contentUrl\":\"https:\\\/\\\/jorntrahus.se\\\/wp-content\\\/uploads\\\/2022\\\/04\\\/Kagedalen-73-Fritidshus-Sommarstuga-Ladhus-Byggsats-Hus-fran-Jorntrahus-webb-scaled.jpg\",\"width\":2560,\"height\":1676,\"caption\":\"Kagedalen 73 Fritidshus Sommarstuga Ladhus Byggsats Hus fran Jorntrahus webb\"},{\"@type\":\"BreadcrumbList\",\"@id\":\"https:\\\/\\\/jorntrahus.se\\\/husmodell\\\/kagedalen-73\\\/#breadcrumb\",\"itemListElement\":[{\"@type\":\"ListItem\",\"position\":1,\"name\":\"Hem\",\"item\":\"https:\\\/\\\/jorntrahus.se\\\/\"},{\"@type\":\"ListItem\",\"position\":2,\"name\":\"V\u00e5ra hus\",\"item\":\"https:\\\/\\\/jorntrahus.se\\\/husen\\\/\"},{\"@type\":\"ListItem\",\"position\":3,\"name\":\"K\u00e5gedalen 73\"}]},{\"@type\":\"WebSite\",\"@id\":\"https:\\\/\\\/jorntrahus.se\\\/#website\",\"url\":\"https:\\\/\\\/jorntrahus.se\\\/\",\"name\":\"J\u00f6rntr\u00e4hus\",\"description\":\"Hus f\u00f6r den medvetne\",\"publisher\":{\"@id\":\"https:\\\/\\\/jorntrahus.se\\\/#organization\"},\"potentialAction\":[{\"@type\":\"SearchAction\",\"target\":{\"@type\":\"EntryPoint\",\"urlTemplate\":\"https:\\\/\\\/jorntrahus.se\\\/?s={search_term_string}\"},\"query-input\":{\"@type\":\"PropertyValueSpecification\",\"valueRequired\":true,\"valueName\":\"search_term_string\"}}],\"inLanguage\":\"nb-NO\"},{\"@type\":\"Organization\",\"@id\":\"https:\\\/\\\/jorntrahus.se\\\/#organization\",\"name\":\"J\u00f6rntr\u00e4hus\",\"url\":\"https:\\\/\\\/jorntrahus.se\\\/\",\"logo\":{\"@type\":\"ImageObject\",\"inLanguage\":\"nb-NO\",\"@id\":\"https:\\\/\\\/jorntrahus.se\\\/#\\\/schema\\\/logo\\\/image\\\/\",\"url\":\"https:\\\/\\\/jorntrahus.se\\\/wp-content\\\/uploads\\\/2020\\\/09\\\/Jorntrahus_Grund_CMYK.eps\",\"contentUrl\":\"https:\\\/\\\/jorntrahus.se\\\/wp-content\\\/uploads\\\/2020\\\/09\\\/Jorntrahus_Grund_CMYK.eps\",\"width\":1,\"height\":1,\"caption\":\"J\u00f6rntr\u00e4hus\"},\"image\":{\"@id\":\"https:\\\/\\\/jorntrahus.se\\\/#\\\/schema\\\/logo\\\/image\\\/\"}}]}<\/script>\n<!-- \/ Yoast SEO plugin. -->","yoast_head_json":{"title":"K\u00e5gedalen 73 - J\u00f6rntr\u00e4hus","robots":{"index":"index","follow":"follow","max-snippet":"max-snippet:-1","max-image-preview":"max-image-preview:large","max-video-preview":"max-video-preview:-1"},"canonical":"https:\/\/jorntrahus.se\/nb\/husmodell\/lizard-valley-73\/","og_locale":"nb_NO","og_type":"article","og_title":"K\u00e5gedalen 73 - J\u00f6rntr\u00e4hus","og_description":"Ladhus i ett plan d\u00e4r samvaroutrymmen ligger i fokus. Dubbla sovrum, rymlig hall, plus ett genomt\u00e4nk och v\u00e4l disponerat allrum med ljusinsl\u00e4pp fr\u00e5n tre h\u00e5ll.  Med flertalet f\u00f6nsterpartier passar K\u00e5gedalen den som v\u00e4rdes\u00e4tter ljus och rymd. Modellen kan f\u00f6rl\u00e4ngas f\u00f6r den som \u00f6nskar ytterligare boyta.","og_url":"https:\/\/jorntrahus.se\/nb\/husmodell\/lizard-valley-73\/","og_site_name":"J\u00f6rntr\u00e4hus","article_modified_time":"2023-02-16T11:04:32+00:00","og_image":[{"width":2560,"height":1676,"url":"https:\/\/jorntrahus.se\/wp-content\/uploads\/2022\/04\/Kagedalen-73-Fritidshus-Sommarstuga-Ladhus-Byggsats-Hus-fran-Jorntrahus-webb-scaled.jpg","type":"image\/jpeg"}],"twitter_card":"summary_large_image","schema":{"@context":"https:\/\/schema.org","@graph":[{"@type":"WebPage","@id":"https:\/\/jorntrahus.se\/husmodell\/kagedalen-73\/","url":"https:\/\/jorntrahus.se\/husmodell\/kagedalen-73\/","name":"K\u00e5gedalen 73 - J\u00f6rntr\u00e4hus","isPartOf":{"@id":"https:\/\/jorntrahus.se\/#website"},"primaryImageOfPage":{"@id":"https:\/\/jorntrahus.se\/husmodell\/kagedalen-73\/#primaryimage"},"image":{"@id":"https:\/\/jorntrahus.se\/husmodell\/kagedalen-73\/#primaryimage"},"thumbnailUrl":"https:\/\/jorntrahus.se\/wp-content\/uploads\/2022\/04\/Kagedalen-73-Fritidshus-Sommarstuga-Ladhus-Byggsats-Hus-fran-Jorntrahus-webb-scaled.jpg","datePublished":"2022-04-14T21:33:29+00:00","dateModified":"2023-02-16T11:04:32+00:00","breadcrumb":{"@id":"https:\/\/jorntrahus.se\/husmodell\/kagedalen-73\/#breadcrumb"},"inLanguage":"nb-NO","potentialAction":[{"@type":"ReadAction","target":["https:\/\/jorntrahus.se\/husmodell\/kagedalen-73\/"]}]},{"@type":"ImageObject","inLanguage":"nb-NO","@id":"https:\/\/jorntrahus.se\/husmodell\/kagedalen-73\/#primaryimage","url":"https:\/\/jorntrahus.se\/wp-content\/uploads\/2022\/04\/Kagedalen-73-Fritidshus-Sommarstuga-Ladhus-Byggsats-Hus-fran-Jorntrahus-webb-scaled.jpg","contentUrl":"https:\/\/jorntrahus.se\/wp-content\/uploads\/2022\/04\/Kagedalen-73-Fritidshus-Sommarstuga-Ladhus-Byggsats-Hus-fran-Jorntrahus-webb-scaled.jpg","width":2560,"height":1676,"caption":"Kagedalen 73 Fritidshus Sommarstuga Ladhus Byggsats Hus fran Jorntrahus webb"},{"@type":"BreadcrumbList","@id":"https:\/\/jorntrahus.se\/husmodell\/kagedalen-73\/#breadcrumb","itemListElement":[{"@type":"ListItem","position":1,"name":"Hem","item":"https:\/\/jorntrahus.se\/"},{"@type":"ListItem","position":2,"name":"V\u00e5ra hus","item":"https:\/\/jorntrahus.se\/husen\/"},{"@type":"ListItem","position":3,"name":"K\u00e5gedalen 73"}]},{"@type":"WebSite","@id":"https:\/\/jorntrahus.se\/#website","url":"https:\/\/jorntrahus.se\/","name":"J\u00f6rntr\u00e4hus","description":"Hus for de bevisste","publisher":{"@id":"https:\/\/jorntrahus.se\/#organization"},"potentialAction":[{"@type":"SearchAction","target":{"@type":"EntryPoint","urlTemplate":"https:\/\/jorntrahus.se\/?s={search_term_string}"},"query-input":{"@type":"PropertyValueSpecification","valueRequired":true,"valueName":"search_term_string"}}],"inLanguage":"nb-NO"},{"@type":"Organization","@id":"https:\/\/jorntrahus.se\/#organization","name":"J\u00f6rntr\u00e4hus","url":"https:\/\/jorntrahus.se\/","logo":{"@type":"ImageObject","inLanguage":"nb-NO","@id":"https:\/\/jorntrahus.se\/#\/schema\/logo\/image\/","url":"https:\/\/jorntrahus.se\/wp-content\/uploads\/2020\/09\/Jorntrahus_Grund_CMYK.eps","contentUrl":"https:\/\/jorntrahus.se\/wp-content\/uploads\/2020\/09\/Jorntrahus_Grund_CMYK.eps","width":1,"height":1,"caption":"J\u00f6rntr\u00e4hus"},"image":{"@id":"https:\/\/jorntrahus.se\/#\/schema\/logo\/image\/"}}]}},"publishpress_future_workflow_manual_trigger":{"enabledWorkflows":[]},"_links":{"self":[{"href":"https:\/\/jorntrahus.se\/nb\/wp-json\/wp\/v2\/product\/13316","targetHints":{"allow":["GET"]}}],"collection":[{"href":"https:\/\/jorntrahus.se\/nb\/wp-json\/wp\/v2\/product"}],"about":[{"href":"https:\/\/jorntrahus.se\/nb\/wp-json\/wp\/v2\/types\/product"}],"wp:featuredmedia":[{"embeddable":true,"href":"https:\/\/jorntrahus.se\/nb\/wp-json\/wp\/v2\/media\/13305"}],"wp:attachment":[{"href":"https:\/\/jorntrahus.se\/nb\/wp-json\/wp\/v2\/media?parent=13316"}],"wp:term":[{"taxonomy":"product_brand","embeddable":true,"href":"https:\/\/jorntrahus.se\/nb\/wp-json\/wp\/v2\/product_brand?post=13316"},{"taxonomy":"product_cat","embeddable":true,"href":"https:\/\/jorntrahus.se\/nb\/wp-json\/wp\/v2\/product_cat?post=13316"},{"taxonomy":"product_tag","embeddable":true,"href":"https:\/\/jorntrahus.se\/nb\/wp-json\/wp\/v2\/product_tag?post=13316"}],"curies":[{"name":"wp","href":"https:\/\/api.w.org\/{rel}","templated":true}]}}