{"id":13515,"date":"2022-07-30T12:39:52","date_gmt":"2022-07-30T10:39:52","guid":{"rendered":"https:\/\/jorntrahus.se\/?post_type=product&#038;p=13515"},"modified":"2022-10-27T15:30:34","modified_gmt":"2022-10-27T13:30:34","slug":"skarudden-164-andre-klasse","status":"publish","type":"product","link":"https:\/\/jorntrahus.se\/nb\/husmodell\/skarudden-164-suterrang\/","title":{"rendered":"Sk\u00e4rudden 164 s\u00f8rvendt"},"content":{"rendered":"","protected":false},"excerpt":{"rendered":"<h3>Stilig og trendy husmodell i suterrain-versjon<\/h3>\n<p>Husserien Sk\u00e4rudden er et tilbud til b\u00e5de trend- og stilbevisste mennesker og til dem som ser huset sitt som en naturlig del av sin identitet. Hvert av de tre husene fyller sin hovedfunksjon, og i rekkehusutgaven f\u00e5r ogs\u00e5 den store familien plass og privatliv.<\/p>\n<p>P\u00e5 en skr\u00e5nende tomt er dette det optimale valget, og mange av husmodellene v\u00e5re kan tilpasses med en mesaninetasje.<\/p>\n<p>I f\u00f8rste etasje finner du et avslapningsomr\u00e5de, stor stue, et soverom, vaskerom, walk-in-closet, bod og teknologi. I tillegg er det utgang til en stor terrasse som er tilgjengelig via stuen i den midtre delen og som strekker seg langs nesten hele langsiden.<\/p>\n<p>Inngang med hall og stort kj\u00f8kken kombinert med spiseplass ligger i en av fl\u00f8yene i \u00f8verste etasje. To soverom og et bad ligger i den motsatte fl\u00f8yen, og mellom de to fl\u00f8yene er det en annen stue med utgang til balkongen. Utenfor inngangspartiet er det en alternativ terrasse for \u00e5 skape ekstra uteplass og for \u00e5 skape en enda mer innbydende atmosf\u00e6re for gjestene.<\/p>\n<p>Spennende vinkler p\u00e5 ytterveggene gjenspeiles ogs\u00e5 i interi\u00f8ret, der vinduene \u00e5pner utsikten i flere retninger.<\/p>\n<p><a href=\"https:\/\/jorntrahus.se\/wp-content\/uploads\/2019\/06\/J\u00f6rntr\u00e4hus-Sk\u00e4ruddan-M-Suterr\u00e4ng-Interi\u00f6r-Villa-Speciall\u00f6sning-Husbyggsats-scaled.jpg\"><img loading=\"lazy\" decoding=\"async\" class=\"alignnone size-full wp-image-11174\" title=\"J\u00f6rntr\u00e4hus Sk\u00e4rudden 164 Suterr\u00e4ng Interi\u00f8r Villa Spesiall\u00f8sning Hussett\" src=\"https:\/\/jorntrahus.se\/wp-content\/uploads\/2019\/06\/J\u00f6rntr\u00e4hus-Sk\u00e4ruddan-M-Suterr\u00e4ng-Interi\u00f6r-Villa-Speciall\u00f6sning-Husbyggsats-scaled.jpg\" alt=\"J\u00f6rntr\u00e4hus Sk\u00e4rudden 164 Suterr\u00e4ng Interi\u00f8r Villa Spesiall\u00f8sning Hussett\" width=\"2560\" height=\"1792\" srcset=\"https:\/\/jorntrahus.se\/wp-content\/uploads\/2019\/06\/J\u00f6rntr\u00e4hus-Sk\u00e4ruddan-M-Suterr\u00e4ng-Interi\u00f6r-Villa-Speciall\u00f6sning-Husbyggsats-scaled.jpg 2560w, https:\/\/jorntrahus.se\/wp-content\/uploads\/2019\/06\/J\u00f6rntr\u00e4hus-Sk\u00e4ruddan-M-Suterr\u00e4ng-Interi\u00f6r-Villa-Speciall\u00f6sning-Husbyggsats-900x630.jpg 900w, https:\/\/jorntrahus.se\/wp-content\/uploads\/2019\/06\/J\u00f6rntr\u00e4hus-Sk\u00e4ruddan-M-Suterr\u00e4ng-Interi\u00f6r-Villa-Speciall\u00f6sning-Husbyggsats-600x420.jpg 600w, https:\/\/jorntrahus.se\/wp-content\/uploads\/2019\/06\/J\u00f6rntr\u00e4hus-Sk\u00e4ruddan-M-Suterr\u00e4ng-Interi\u00f6r-Villa-Speciall\u00f6sning-Husbyggsats-768x538.jpg 768w, https:\/\/jorntrahus.se\/wp-content\/uploads\/2019\/06\/J\u00f6rntr\u00e4hus-Sk\u00e4ruddan-M-Suterr\u00e4ng-Interi\u00f6r-Villa-Speciall\u00f6sning-Husbyggsats-1200x840.jpg 1200w\" sizes=\"auto, (max-width: 2560px) 100vw, 2560px\" \/><\/a><\/p>","protected":false},"featured_media":11177,"template":"","meta":[],"product_brand":[],"product_cat":[562],"product_tag":[26,1263],"class_list":{"0":"post-13515","1":"product","2":"type-product","3":"status-publish","4":"has-post-thumbnail","6":"product_cat-skarudden","7":"product_tag-003-1-plan","8":"product_tag-funkis","10":"first","11":"instock","12":"shipping-taxable","13":"product-type-simple"},"yoast_head":"<!-- This site is optimized with the Yoast SEO plugin v27.5 - https:\/\/yoast.com\/product\/yoast-seo-wordpress\/ -->\n<title>Sk\u00e4rudden 164 suterr\u00e4ng - J\u00f6rntr\u00e4hus<\/title>\n<meta name=\"robots\" content=\"index, follow, max-snippet:-1, max-image-preview:large, max-video-preview:-1\" \/>\n<link rel=\"canonical\" href=\"https:\/\/jorntrahus.se\/nb\/husmodell\/skarudden-164-andre-klasse\/\" \/>\n<meta property=\"og:locale\" content=\"nb_NO\" \/>\n<meta property=\"og:type\" content=\"article\" \/>\n<meta property=\"og:title\" content=\"Sk\u00e4rudden 164 suterr\u00e4ng - J\u00f6rntr\u00e4hus\" \/>\n<meta property=\"og:description\" content=\"Stilfull och trendig husmodell suterr\u00e4ngutf\u00f6rande Husserien Sk\u00e4rudden erbjuder de som b\u00e5de \u00e4r trend- och\u00a0stilmedvetna likv\u00e4l de som ser sitt hus\u00a0som en sj\u00e4lvklar del av sin identitet.\u00a0De tre huskropparna fyller var f\u00f6r sig\u00a0sin huvudsakliga funktion och i suterr\u00e4ngutf\u00f6rande s\u00e5 f\u00e5r \u00e4ven den st\u00f6rre familjen utrymme och avskildhet.  P\u00e5 sluttande tomt s\u00e5 \u00e4r detta husval det optimala och m\u00e5nga av v\u00e5ra husmodeller kan anpassas med suterr\u00e4ngv\u00e5ning.  I bottenplan finner ni relaxavdelning, stort allrum, ett sovrum, tv\u00e4ttstuga, kl\u00e4dkammaren, f\u00f6rr\u00e5d och teknik. Dessutom finns det tillg\u00e5ng till en stor altan som \u00e4r tillg\u00e4nglig via allrummet i mittdelen och som str\u00e4cker sig efter s\u00e5 gott som hela l\u00e5ngsidan.  Entr\u00e9 med hall och stort k\u00f6k i kombination med matplats \u00e4r placerat i en av flyglarna p\u00e5 \u00f6vre plan. Tv\u00e5 sovrum plus badrum finner ni i motsatt flygel och mittemellan de tv\u00e5 flyglarna s\u00e5 inryms i ett till allrum med access till balkongen. Utanf\u00f6r entr\u00e9n s\u00e5 finns en alternativ altan f\u00f6r en att skapa extra utomhusytor och f\u00f6r att skapa en \u00e4nnu mer v\u00e4lkomnande atmosf\u00e4r f\u00f6r g\u00e4ster.  Sp\u00e4nnande vinklar\u00a0p\u00e5 ytterv\u00e4ggarna speglar av sig \u00e4ven\u00a0interi\u00f6rt d\u00e4r f\u00f6nsters\u00e4ttningen \u00f6ppnar\u00a0upp vyerna i flertalet riktningar.\" \/>\n<meta property=\"og:url\" content=\"https:\/\/jorntrahus.se\/nb\/husmodell\/skarudden-164-andre-klasse\/\" \/>\n<meta property=\"og:site_name\" content=\"J\u00f6rntr\u00e4hus\" \/>\n<meta property=\"article:modified_time\" content=\"2022-10-27T13:30:34+00:00\" \/>\n<meta property=\"og:image\" content=\"https:\/\/jorntrahus.se\/wp-content\/uploads\/2019\/06\/J\u00f6rntr\u00e4hus-Sk\u00e4ruddan-M-Suterr\u00e4ng-Villa-Speciall\u00f6sning-Husbyggsats-scaled.jpg\" \/>\n\t<meta property=\"og:image:width\" content=\"2560\" \/>\n\t<meta property=\"og:image:height\" content=\"1705\" \/>\n\t<meta property=\"og:image:type\" content=\"image\/jpeg\" \/>\n<meta name=\"twitter:card\" content=\"summary_large_image\" \/>\n<script type=\"application\/ld+json\" class=\"yoast-schema-graph\">{\"@context\":\"https:\\\/\\\/schema.org\",\"@graph\":[{\"@type\":\"WebPage\",\"@id\":\"https:\\\/\\\/jorntrahus.se\\\/husmodell\\\/skarudden-164-suterrang\\\/\",\"url\":\"https:\\\/\\\/jorntrahus.se\\\/husmodell\\\/skarudden-164-suterrang\\\/\",\"name\":\"Sk\u00e4rudden 164 suterr\u00e4ng - J\u00f6rntr\u00e4hus\",\"isPartOf\":{\"@id\":\"https:\\\/\\\/jorntrahus.se\\\/#website\"},\"primaryImageOfPage\":{\"@id\":\"https:\\\/\\\/jorntrahus.se\\\/husmodell\\\/skarudden-164-suterrang\\\/#primaryimage\"},\"image\":{\"@id\":\"https:\\\/\\\/jorntrahus.se\\\/husmodell\\\/skarudden-164-suterrang\\\/#primaryimage\"},\"thumbnailUrl\":\"https:\\\/\\\/jorntrahus.se\\\/wp-content\\\/uploads\\\/2019\\\/06\\\/J\u00f6rntr\u00e4hus-Sk\u00e4ruddan-M-Suterr\u00e4ng-Villa-Speciall\u00f6sning-Husbyggsats-scaled.jpg\",\"datePublished\":\"2022-07-30T10:39:52+00:00\",\"dateModified\":\"2022-10-27T13:30:34+00:00\",\"breadcrumb\":{\"@id\":\"https:\\\/\\\/jorntrahus.se\\\/husmodell\\\/skarudden-164-suterrang\\\/#breadcrumb\"},\"inLanguage\":\"nb-NO\",\"potentialAction\":[{\"@type\":\"ReadAction\",\"target\":[\"https:\\\/\\\/jorntrahus.se\\\/husmodell\\\/skarudden-164-suterrang\\\/\"]}]},{\"@type\":\"ImageObject\",\"inLanguage\":\"nb-NO\",\"@id\":\"https:\\\/\\\/jorntrahus.se\\\/husmodell\\\/skarudden-164-suterrang\\\/#primaryimage\",\"url\":\"https:\\\/\\\/jorntrahus.se\\\/wp-content\\\/uploads\\\/2019\\\/06\\\/J\u00f6rntr\u00e4hus-Sk\u00e4ruddan-M-Suterr\u00e4ng-Villa-Speciall\u00f6sning-Husbyggsats-scaled.jpg\",\"contentUrl\":\"https:\\\/\\\/jorntrahus.se\\\/wp-content\\\/uploads\\\/2019\\\/06\\\/J\u00f6rntr\u00e4hus-Sk\u00e4ruddan-M-Suterr\u00e4ng-Villa-Speciall\u00f6sning-Husbyggsats-scaled.jpg\",\"width\":2560,\"height\":1705,\"caption\":\"J\u00f6rntr\u00e4hus Sk\u00e4rudden 164 Suterr\u00e4ng Villa Speciall\u00f6sning Husbyggsats\"},{\"@type\":\"BreadcrumbList\",\"@id\":\"https:\\\/\\\/jorntrahus.se\\\/husmodell\\\/skarudden-164-suterrang\\\/#breadcrumb\",\"itemListElement\":[{\"@type\":\"ListItem\",\"position\":1,\"name\":\"Hem\",\"item\":\"https:\\\/\\\/jorntrahus.se\\\/\"},{\"@type\":\"ListItem\",\"position\":2,\"name\":\"V\u00e5ra hus\",\"item\":\"https:\\\/\\\/jorntrahus.se\\\/husen\\\/\"},{\"@type\":\"ListItem\",\"position\":3,\"name\":\"Sk\u00e4rudden 164 suterr\u00e4ng\"}]},{\"@type\":\"WebSite\",\"@id\":\"https:\\\/\\\/jorntrahus.se\\\/#website\",\"url\":\"https:\\\/\\\/jorntrahus.se\\\/\",\"name\":\"J\u00f6rntr\u00e4hus\",\"description\":\"Hus f\u00f6r den medvetne\",\"publisher\":{\"@id\":\"https:\\\/\\\/jorntrahus.se\\\/#organization\"},\"potentialAction\":[{\"@type\":\"SearchAction\",\"target\":{\"@type\":\"EntryPoint\",\"urlTemplate\":\"https:\\\/\\\/jorntrahus.se\\\/?s={search_term_string}\"},\"query-input\":{\"@type\":\"PropertyValueSpecification\",\"valueRequired\":true,\"valueName\":\"search_term_string\"}}],\"inLanguage\":\"nb-NO\"},{\"@type\":\"Organization\",\"@id\":\"https:\\\/\\\/jorntrahus.se\\\/#organization\",\"name\":\"J\u00f6rntr\u00e4hus\",\"url\":\"https:\\\/\\\/jorntrahus.se\\\/\",\"logo\":{\"@type\":\"ImageObject\",\"inLanguage\":\"nb-NO\",\"@id\":\"https:\\\/\\\/jorntrahus.se\\\/#\\\/schema\\\/logo\\\/image\\\/\",\"url\":\"https:\\\/\\\/jorntrahus.se\\\/wp-content\\\/uploads\\\/2020\\\/09\\\/Jorntrahus_Grund_CMYK.eps\",\"contentUrl\":\"https:\\\/\\\/jorntrahus.se\\\/wp-content\\\/uploads\\\/2020\\\/09\\\/Jorntrahus_Grund_CMYK.eps\",\"width\":1,\"height\":1,\"caption\":\"J\u00f6rntr\u00e4hus\"},\"image\":{\"@id\":\"https:\\\/\\\/jorntrahus.se\\\/#\\\/schema\\\/logo\\\/image\\\/\"}}]}<\/script>\n<!-- \/ Yoast SEO plugin. -->","yoast_head_json":{"title":"Sk\u00e4rudden 164 suterr\u00e4ng - J\u00f6rntr\u00e4hus","robots":{"index":"index","follow":"follow","max-snippet":"max-snippet:-1","max-image-preview":"max-image-preview:large","max-video-preview":"max-video-preview:-1"},"canonical":"https:\/\/jorntrahus.se\/nb\/husmodell\/skarudden-164-andre-klasse\/","og_locale":"nb_NO","og_type":"article","og_title":"Sk\u00e4rudden 164 suterr\u00e4ng - J\u00f6rntr\u00e4hus","og_description":"Stilfull och trendig husmodell suterr\u00e4ngutf\u00f6rande Husserien Sk\u00e4rudden erbjuder de som b\u00e5de \u00e4r trend- och\u00a0stilmedvetna likv\u00e4l de som ser sitt hus\u00a0som en sj\u00e4lvklar del av sin identitet.\u00a0De tre huskropparna fyller var f\u00f6r sig\u00a0sin huvudsakliga funktion och i suterr\u00e4ngutf\u00f6rande s\u00e5 f\u00e5r \u00e4ven den st\u00f6rre familjen utrymme och avskildhet.  P\u00e5 sluttande tomt s\u00e5 \u00e4r detta husval det optimala och m\u00e5nga av v\u00e5ra husmodeller kan anpassas med suterr\u00e4ngv\u00e5ning.  I bottenplan finner ni relaxavdelning, stort allrum, ett sovrum, tv\u00e4ttstuga, kl\u00e4dkammaren, f\u00f6rr\u00e5d och teknik. Dessutom finns det tillg\u00e5ng till en stor altan som \u00e4r tillg\u00e4nglig via allrummet i mittdelen och som str\u00e4cker sig efter s\u00e5 gott som hela l\u00e5ngsidan.  Entr\u00e9 med hall och stort k\u00f6k i kombination med matplats \u00e4r placerat i en av flyglarna p\u00e5 \u00f6vre plan. Tv\u00e5 sovrum plus badrum finner ni i motsatt flygel och mittemellan de tv\u00e5 flyglarna s\u00e5 inryms i ett till allrum med access till balkongen. Utanf\u00f6r entr\u00e9n s\u00e5 finns en alternativ altan f\u00f6r en att skapa extra utomhusytor och f\u00f6r att skapa en \u00e4nnu mer v\u00e4lkomnande atmosf\u00e4r f\u00f6r g\u00e4ster.  Sp\u00e4nnande vinklar\u00a0p\u00e5 ytterv\u00e4ggarna speglar av sig \u00e4ven\u00a0interi\u00f6rt d\u00e4r f\u00f6nsters\u00e4ttningen \u00f6ppnar\u00a0upp vyerna i flertalet riktningar.","og_url":"https:\/\/jorntrahus.se\/nb\/husmodell\/skarudden-164-andre-klasse\/","og_site_name":"J\u00f6rntr\u00e4hus","article_modified_time":"2022-10-27T13:30:34+00:00","og_image":[{"width":2560,"height":1705,"url":"https:\/\/jorntrahus.se\/wp-content\/uploads\/2019\/06\/J\u00f6rntr\u00e4hus-Sk\u00e4ruddan-M-Suterr\u00e4ng-Villa-Speciall\u00f6sning-Husbyggsats-scaled.jpg","type":"image\/jpeg"}],"twitter_card":"summary_large_image","schema":{"@context":"https:\/\/schema.org","@graph":[{"@type":"WebPage","@id":"https:\/\/jorntrahus.se\/husmodell\/skarudden-164-suterrang\/","url":"https:\/\/jorntrahus.se\/husmodell\/skarudden-164-suterrang\/","name":"Sk\u00e4rudden 164 suterr\u00e4ng - J\u00f6rntr\u00e4hus","isPartOf":{"@id":"https:\/\/jorntrahus.se\/#website"},"primaryImageOfPage":{"@id":"https:\/\/jorntrahus.se\/husmodell\/skarudden-164-suterrang\/#primaryimage"},"image":{"@id":"https:\/\/jorntrahus.se\/husmodell\/skarudden-164-suterrang\/#primaryimage"},"thumbnailUrl":"https:\/\/jorntrahus.se\/wp-content\/uploads\/2019\/06\/J\u00f6rntr\u00e4hus-Sk\u00e4ruddan-M-Suterr\u00e4ng-Villa-Speciall\u00f6sning-Husbyggsats-scaled.jpg","datePublished":"2022-07-30T10:39:52+00:00","dateModified":"2022-10-27T13:30:34+00:00","breadcrumb":{"@id":"https:\/\/jorntrahus.se\/husmodell\/skarudden-164-suterrang\/#breadcrumb"},"inLanguage":"nb-NO","potentialAction":[{"@type":"ReadAction","target":["https:\/\/jorntrahus.se\/husmodell\/skarudden-164-suterrang\/"]}]},{"@type":"ImageObject","inLanguage":"nb-NO","@id":"https:\/\/jorntrahus.se\/husmodell\/skarudden-164-suterrang\/#primaryimage","url":"https:\/\/jorntrahus.se\/wp-content\/uploads\/2019\/06\/J\u00f6rntr\u00e4hus-Sk\u00e4ruddan-M-Suterr\u00e4ng-Villa-Speciall\u00f6sning-Husbyggsats-scaled.jpg","contentUrl":"https:\/\/jorntrahus.se\/wp-content\/uploads\/2019\/06\/J\u00f6rntr\u00e4hus-Sk\u00e4ruddan-M-Suterr\u00e4ng-Villa-Speciall\u00f6sning-Husbyggsats-scaled.jpg","width":2560,"height":1705,"caption":"J\u00f6rntr\u00e4hus Sk\u00e4rudden 164 Suterr\u00e4ng Villa Speciall\u00f6sning Husbyggsats"},{"@type":"BreadcrumbList","@id":"https:\/\/jorntrahus.se\/husmodell\/skarudden-164-suterrang\/#breadcrumb","itemListElement":[{"@type":"ListItem","position":1,"name":"Hem","item":"https:\/\/jorntrahus.se\/"},{"@type":"ListItem","position":2,"name":"V\u00e5ra hus","item":"https:\/\/jorntrahus.se\/husen\/"},{"@type":"ListItem","position":3,"name":"Sk\u00e4rudden 164 suterr\u00e4ng"}]},{"@type":"WebSite","@id":"https:\/\/jorntrahus.se\/#website","url":"https:\/\/jorntrahus.se\/","name":"J\u00f6rntr\u00e4hus","description":"Hus for de bevisste","publisher":{"@id":"https:\/\/jorntrahus.se\/#organization"},"potentialAction":[{"@type":"SearchAction","target":{"@type":"EntryPoint","urlTemplate":"https:\/\/jorntrahus.se\/?s={search_term_string}"},"query-input":{"@type":"PropertyValueSpecification","valueRequired":true,"valueName":"search_term_string"}}],"inLanguage":"nb-NO"},{"@type":"Organization","@id":"https:\/\/jorntrahus.se\/#organization","name":"J\u00f6rntr\u00e4hus","url":"https:\/\/jorntrahus.se\/","logo":{"@type":"ImageObject","inLanguage":"nb-NO","@id":"https:\/\/jorntrahus.se\/#\/schema\/logo\/image\/","url":"https:\/\/jorntrahus.se\/wp-content\/uploads\/2020\/09\/Jorntrahus_Grund_CMYK.eps","contentUrl":"https:\/\/jorntrahus.se\/wp-content\/uploads\/2020\/09\/Jorntrahus_Grund_CMYK.eps","width":1,"height":1,"caption":"J\u00f6rntr\u00e4hus"},"image":{"@id":"https:\/\/jorntrahus.se\/#\/schema\/logo\/image\/"}}]}},"publishpress_future_workflow_manual_trigger":{"enabledWorkflows":[]},"_links":{"self":[{"href":"https:\/\/jorntrahus.se\/nb\/wp-json\/wp\/v2\/product\/13515","targetHints":{"allow":["GET"]}}],"collection":[{"href":"https:\/\/jorntrahus.se\/nb\/wp-json\/wp\/v2\/product"}],"about":[{"href":"https:\/\/jorntrahus.se\/nb\/wp-json\/wp\/v2\/types\/product"}],"wp:featuredmedia":[{"embeddable":true,"href":"https:\/\/jorntrahus.se\/nb\/wp-json\/wp\/v2\/media\/11177"}],"wp:attachment":[{"href":"https:\/\/jorntrahus.se\/nb\/wp-json\/wp\/v2\/media?parent=13515"}],"wp:term":[{"taxonomy":"product_brand","embeddable":true,"href":"https:\/\/jorntrahus.se\/nb\/wp-json\/wp\/v2\/product_brand?post=13515"},{"taxonomy":"product_cat","embeddable":true,"href":"https:\/\/jorntrahus.se\/nb\/wp-json\/wp\/v2\/product_cat?post=13515"},{"taxonomy":"product_tag","embeddable":true,"href":"https:\/\/jorntrahus.se\/nb\/wp-json\/wp\/v2\/product_tag?post=13515"}],"curies":[{"name":"wp","href":"https:\/\/api.w.org\/{rel}","templated":true}]}}