{"id":14393,"date":"2022-10-28T14:48:12","date_gmt":"2022-10-28T12:48:12","guid":{"rendered":"https:\/\/jorntrahus.se\/?post_type=product&#038;p=14393"},"modified":"2023-02-16T12:04:31","modified_gmt":"2023-02-16T11:04:31","slug":"lizard-valley-159","status":"publish","type":"product","link":"https:\/\/jorntrahus.se\/nb\/husmodell\/kagedalen-159\/","title":{"rendered":"K\u00e5gedalen 159"},"content":{"rendered":"","protected":false},"excerpt":{"rendered":"<h3>Den kantete l\u00e5ven som harmonisk rammer inn g\u00e5rdsplassen.<\/h3>\n<p>K\u00e5gedalen 159 er et popul\u00e6rt hj\u00f8rnehus som er lett plassert p\u00e5 tomten og danner en fin innramming av tunet. Planl\u00f8sningen er perfekt for deg som setter pris p\u00e5 et stort og romslig kj\u00f8kken og en velvoksen gang med gode oppbevaringsmuligheter.<\/p>\n<p>Vinduene i kj\u00f8kken og stue, som vi kjenner igjen fra alle husene i K\u00e5gedalen-serien, gir mildt sagt en f\u00f8lelse av lys og rom. Inngangsfasaden, som er utformet for \u00e5 redusere innsyn, har et stilrent inngangsparti som gir huset en unik karakter.<\/p>\n<p>K\u00e5gedalen 159 er et hus som passer perfekt inn b\u00e5de i villastr\u00f8ket og p\u00e5 fritidsboligtomten.<\/p>\n<div id='gallery-1' class='gallery galleryid-14393 gallery-columns-2 gallery-size-medium'><figure class='gallery-item'>\n\t\t\t<div class='gallery-icon landscape'>\n\t\t\t\t<a title=\"Kagedalen 159 Feriebolig Sommerhus Ladhus Byggesett Hus fra Jorntrahus Interi\u00f8r 1 web\"  href='https:\/\/jorntrahus.se\/wp-content\/uploads\/2022\/10\/Kagedalen-159-Fritidshus-Sommarstuga-Ladhus-Byggsats-Hus-fran-Jorntrahus-Interior-1-webb-scaled.jpg'><img width=\"900\" height=\"506\" src=\"https:\/\/jorntrahus.se\/wp-content\/uploads\/2022\/10\/Kagedalen-159-Fritidshus-Sommarstuga-Ladhus-Byggsats-Hus-fran-Jorntrahus-Interior-1-webb-900x506.jpg\" class=\"attachment-medium size-medium\" alt=\"Kagedalen 159 Feriebolig Sommerhus Ladhus Byggesett Hus fra Jorntrahus Interi\u00f8r 1 web\" decoding=\"async\" loading=\"lazy\" srcset=\"https:\/\/jorntrahus.se\/wp-content\/uploads\/2022\/10\/Kagedalen-159-Fritidshus-Sommarstuga-Ladhus-Byggsats-Hus-fran-Jorntrahus-Interior-1-webb-900x506.jpg 900w, https:\/\/jorntrahus.se\/wp-content\/uploads\/2022\/10\/Kagedalen-159-Fritidshus-Sommarstuga-Ladhus-Byggsats-Hus-fran-Jorntrahus-Interior-1-webb-1600x900.jpg 1600w, https:\/\/jorntrahus.se\/wp-content\/uploads\/2022\/10\/Kagedalen-159-Fritidshus-Sommarstuga-Ladhus-Byggsats-Hus-fran-Jorntrahus-Interior-1-webb-768x432.jpg 768w, https:\/\/jorntrahus.se\/wp-content\/uploads\/2022\/10\/Kagedalen-159-Fritidshus-Sommarstuga-Ladhus-Byggsats-Hus-fran-Jorntrahus-Interior-1-webb-1536x864.jpg 1536w, https:\/\/jorntrahus.se\/wp-content\/uploads\/2022\/10\/Kagedalen-159-Fritidshus-Sommarstuga-Ladhus-Byggsats-Hus-fran-Jorntrahus-Interior-1-webb-2048x1152.jpg 2048w\" sizes=\"auto, (max-width: 900px) 100vw, 900px\" \/><\/a>\n\t\t\t<\/div><\/figure><figure class='gallery-item'>\n\t\t\t<div class='gallery-icon landscape'>\n\t\t\t\t<a title=\"Kagedalen 159 Feriebolig Sommerhus Ladhus Byggesett Hus fra Jorntrahus Interi\u00f8r 2 web\"  href='https:\/\/jorntrahus.se\/wp-content\/uploads\/2022\/10\/Kagedalen-159-Fritidshus-Sommarstuga-Ladhus-Byggsats-Hus-fran-Jorntrahus-Interior-2-webb-scaled.jpg'><img width=\"900\" height=\"506\" src=\"https:\/\/jorntrahus.se\/wp-content\/uploads\/2022\/10\/Kagedalen-159-Fritidshus-Sommarstuga-Ladhus-Byggsats-Hus-fran-Jorntrahus-Interior-2-webb-900x506.jpg\" class=\"attachment-medium size-medium\" alt=\"Kagedalen 159 Feriebolig Sommerhus Ladhus Byggesett Hus fra Jorntrahus Interi\u00f8r 2 web\" decoding=\"async\" loading=\"lazy\" srcset=\"https:\/\/jorntrahus.se\/wp-content\/uploads\/2022\/10\/Kagedalen-159-Fritidshus-Sommarstuga-Ladhus-Byggsats-Hus-fran-Jorntrahus-Interior-2-webb-900x506.jpg 900w, https:\/\/jorntrahus.se\/wp-content\/uploads\/2022\/10\/Kagedalen-159-Fritidshus-Sommarstuga-Ladhus-Byggsats-Hus-fran-Jorntrahus-Interior-2-webb-1600x900.jpg 1600w, https:\/\/jorntrahus.se\/wp-content\/uploads\/2022\/10\/Kagedalen-159-Fritidshus-Sommarstuga-Ladhus-Byggsats-Hus-fran-Jorntrahus-Interior-2-webb-768x432.jpg 768w, https:\/\/jorntrahus.se\/wp-content\/uploads\/2022\/10\/Kagedalen-159-Fritidshus-Sommarstuga-Ladhus-Byggsats-Hus-fran-Jorntrahus-Interior-2-webb-1536x864.jpg 1536w, https:\/\/jorntrahus.se\/wp-content\/uploads\/2022\/10\/Kagedalen-159-Fritidshus-Sommarstuga-Ladhus-Byggsats-Hus-fran-Jorntrahus-Interior-2-webb-2048x1152.jpg 2048w\" sizes=\"auto, (max-width: 900px) 100vw, 900px\" \/><\/a>\n\t\t\t<\/div><\/figure>\n\t\t<\/div>","protected":false},"featured_media":14388,"template":"","meta":[],"product_brand":[],"product_cat":[1257],"product_tag":[26,1259],"class_list":{"0":"post-14393","1":"product","2":"type-product","3":"status-publish","4":"has-post-thumbnail","6":"product_cat-kagedalen","7":"product_tag-003-1-plan","8":"product_tag-ladhus","9":"husstil-ladhus","10":"hustyp-fritidshus","12":"first","13":"instock","14":"shipping-taxable","15":"product-type-simple"},"yoast_head":"<!-- This site is optimized with the Yoast SEO plugin v27.5 - https:\/\/yoast.com\/product\/yoast-seo-wordpress\/ -->\n<title>K\u00e5gedalen 159 - J\u00f6rntr\u00e4hus<\/title>\n<meta name=\"robots\" content=\"index, follow, max-snippet:-1, max-image-preview:large, max-video-preview:-1\" \/>\n<link rel=\"canonical\" href=\"https:\/\/jorntrahus.se\/nb\/husmodell\/lizard-valley-159\/\" \/>\n<meta property=\"og:locale\" content=\"nb_NO\" \/>\n<meta property=\"og:type\" content=\"article\" \/>\n<meta property=\"og:title\" content=\"K\u00e5gedalen 159 - J\u00f6rntr\u00e4hus\" \/>\n<meta property=\"og:description\" content=\"Ladhuset i vinkel som harmoniskt ramar in g\u00e5rden. K\u00e5gedalen 159 \u00e4r ett popul\u00e4rt vinkelhus som l\u00e4tt placeras p\u00e5 tomten och bildar en fin inramning av g\u00e5rden.\u00a0Planl\u00f6sningen passar perfekt f\u00f6r dig som v\u00e4rdes\u00e4tter ett stort rymligt k\u00f6k och en v\u00e4l tilltagen hall med goda m\u00f6jligheter till f\u00f6rvaring.  F\u00f6nsterpartierna i k\u00f6k och allrum, som vi k\u00e4nner igen fr\u00e5n samtliga hus i K\u00e5gedalen-serien, ger minst sagt en k\u00e4nsla av ljus och rymd.\u00a0Entr\u00e9fasaden, som \u00e4r utformad f\u00f6r minskad insyn, har en stilren entr\u00e9 som ger huset en unik karakt\u00e4r.  K\u00e5gedalen 159 \u00e4r ett hus som passar in perfekt b\u00e5de i villakvarteret och p\u00e5 fritidshustomten.\" \/>\n<meta property=\"og:url\" content=\"https:\/\/jorntrahus.se\/nb\/husmodell\/lizard-valley-159\/\" \/>\n<meta property=\"og:site_name\" content=\"J\u00f6rntr\u00e4hus\" \/>\n<meta property=\"article:modified_time\" content=\"2023-02-16T11:04:31+00:00\" \/>\n<meta property=\"og:image\" content=\"https:\/\/jorntrahus.se\/wp-content\/uploads\/2022\/10\/Kagedalen-159-Fritidshus-Sommarstuga-Ladhus-Byggsats-Hus-fran-Jorntrahus-Exterior-1-webb-scaled.jpg\" \/>\n\t<meta property=\"og:image:width\" content=\"2560\" \/>\n\t<meta property=\"og:image:height\" content=\"1707\" \/>\n\t<meta property=\"og:image:type\" content=\"image\/jpeg\" \/>\n<meta name=\"twitter:card\" content=\"summary_large_image\" \/>\n<script type=\"application\/ld+json\" class=\"yoast-schema-graph\">{\"@context\":\"https:\\\/\\\/schema.org\",\"@graph\":[{\"@type\":\"WebPage\",\"@id\":\"https:\\\/\\\/jorntrahus.se\\\/husmodell\\\/kagedalen-159\\\/\",\"url\":\"https:\\\/\\\/jorntrahus.se\\\/husmodell\\\/kagedalen-159\\\/\",\"name\":\"K\u00e5gedalen 159 - J\u00f6rntr\u00e4hus\",\"isPartOf\":{\"@id\":\"https:\\\/\\\/jorntrahus.se\\\/#website\"},\"primaryImageOfPage\":{\"@id\":\"https:\\\/\\\/jorntrahus.se\\\/husmodell\\\/kagedalen-159\\\/#primaryimage\"},\"image\":{\"@id\":\"https:\\\/\\\/jorntrahus.se\\\/husmodell\\\/kagedalen-159\\\/#primaryimage\"},\"thumbnailUrl\":\"https:\\\/\\\/jorntrahus.se\\\/wp-content\\\/uploads\\\/2022\\\/10\\\/Kagedalen-159-Fritidshus-Sommarstuga-Ladhus-Byggsats-Hus-fran-Jorntrahus-Exterior-1-webb-scaled.jpg\",\"datePublished\":\"2022-10-28T12:48:12+00:00\",\"dateModified\":\"2023-02-16T11:04:31+00:00\",\"breadcrumb\":{\"@id\":\"https:\\\/\\\/jorntrahus.se\\\/husmodell\\\/kagedalen-159\\\/#breadcrumb\"},\"inLanguage\":\"nb-NO\",\"potentialAction\":[{\"@type\":\"ReadAction\",\"target\":[\"https:\\\/\\\/jorntrahus.se\\\/husmodell\\\/kagedalen-159\\\/\"]}]},{\"@type\":\"ImageObject\",\"inLanguage\":\"nb-NO\",\"@id\":\"https:\\\/\\\/jorntrahus.se\\\/husmodell\\\/kagedalen-159\\\/#primaryimage\",\"url\":\"https:\\\/\\\/jorntrahus.se\\\/wp-content\\\/uploads\\\/2022\\\/10\\\/Kagedalen-159-Fritidshus-Sommarstuga-Ladhus-Byggsats-Hus-fran-Jorntrahus-Exterior-1-webb-scaled.jpg\",\"contentUrl\":\"https:\\\/\\\/jorntrahus.se\\\/wp-content\\\/uploads\\\/2022\\\/10\\\/Kagedalen-159-Fritidshus-Sommarstuga-Ladhus-Byggsats-Hus-fran-Jorntrahus-Exterior-1-webb-scaled.jpg\",\"width\":2560,\"height\":1707,\"caption\":\"Kagedalen 159 Fritidshus Sommarstuga Ladhus Byggsats Hus fran Jorntrahus Exterior 1 webb\"},{\"@type\":\"BreadcrumbList\",\"@id\":\"https:\\\/\\\/jorntrahus.se\\\/husmodell\\\/kagedalen-159\\\/#breadcrumb\",\"itemListElement\":[{\"@type\":\"ListItem\",\"position\":1,\"name\":\"Hem\",\"item\":\"https:\\\/\\\/jorntrahus.se\\\/\"},{\"@type\":\"ListItem\",\"position\":2,\"name\":\"V\u00e5ra hus\",\"item\":\"https:\\\/\\\/jorntrahus.se\\\/husen\\\/\"},{\"@type\":\"ListItem\",\"position\":3,\"name\":\"K\u00e5gedalen 159\"}]},{\"@type\":\"WebSite\",\"@id\":\"https:\\\/\\\/jorntrahus.se\\\/#website\",\"url\":\"https:\\\/\\\/jorntrahus.se\\\/\",\"name\":\"J\u00f6rntr\u00e4hus\",\"description\":\"Hus f\u00f6r den medvetne\",\"publisher\":{\"@id\":\"https:\\\/\\\/jorntrahus.se\\\/#organization\"},\"potentialAction\":[{\"@type\":\"SearchAction\",\"target\":{\"@type\":\"EntryPoint\",\"urlTemplate\":\"https:\\\/\\\/jorntrahus.se\\\/?s={search_term_string}\"},\"query-input\":{\"@type\":\"PropertyValueSpecification\",\"valueRequired\":true,\"valueName\":\"search_term_string\"}}],\"inLanguage\":\"nb-NO\"},{\"@type\":\"Organization\",\"@id\":\"https:\\\/\\\/jorntrahus.se\\\/#organization\",\"name\":\"J\u00f6rntr\u00e4hus\",\"url\":\"https:\\\/\\\/jorntrahus.se\\\/\",\"logo\":{\"@type\":\"ImageObject\",\"inLanguage\":\"nb-NO\",\"@id\":\"https:\\\/\\\/jorntrahus.se\\\/#\\\/schema\\\/logo\\\/image\\\/\",\"url\":\"https:\\\/\\\/jorntrahus.se\\\/wp-content\\\/uploads\\\/2020\\\/09\\\/Jorntrahus_Grund_CMYK.eps\",\"contentUrl\":\"https:\\\/\\\/jorntrahus.se\\\/wp-content\\\/uploads\\\/2020\\\/09\\\/Jorntrahus_Grund_CMYK.eps\",\"width\":1,\"height\":1,\"caption\":\"J\u00f6rntr\u00e4hus\"},\"image\":{\"@id\":\"https:\\\/\\\/jorntrahus.se\\\/#\\\/schema\\\/logo\\\/image\\\/\"}}]}<\/script>\n<!-- \/ Yoast SEO plugin. -->","yoast_head_json":{"title":"K\u00e5gedalen 159 - J\u00f6rntr\u00e4hus","robots":{"index":"index","follow":"follow","max-snippet":"max-snippet:-1","max-image-preview":"max-image-preview:large","max-video-preview":"max-video-preview:-1"},"canonical":"https:\/\/jorntrahus.se\/nb\/husmodell\/lizard-valley-159\/","og_locale":"nb_NO","og_type":"article","og_title":"K\u00e5gedalen 159 - J\u00f6rntr\u00e4hus","og_description":"Ladhuset i vinkel som harmoniskt ramar in g\u00e5rden. K\u00e5gedalen 159 \u00e4r ett popul\u00e4rt vinkelhus som l\u00e4tt placeras p\u00e5 tomten och bildar en fin inramning av g\u00e5rden.\u00a0Planl\u00f6sningen passar perfekt f\u00f6r dig som v\u00e4rdes\u00e4tter ett stort rymligt k\u00f6k och en v\u00e4l tilltagen hall med goda m\u00f6jligheter till f\u00f6rvaring.  F\u00f6nsterpartierna i k\u00f6k och allrum, som vi k\u00e4nner igen fr\u00e5n samtliga hus i K\u00e5gedalen-serien, ger minst sagt en k\u00e4nsla av ljus och rymd.\u00a0Entr\u00e9fasaden, som \u00e4r utformad f\u00f6r minskad insyn, har en stilren entr\u00e9 som ger huset en unik karakt\u00e4r.  K\u00e5gedalen 159 \u00e4r ett hus som passar in perfekt b\u00e5de i villakvarteret och p\u00e5 fritidshustomten.","og_url":"https:\/\/jorntrahus.se\/nb\/husmodell\/lizard-valley-159\/","og_site_name":"J\u00f6rntr\u00e4hus","article_modified_time":"2023-02-16T11:04:31+00:00","og_image":[{"width":2560,"height":1707,"url":"https:\/\/jorntrahus.se\/wp-content\/uploads\/2022\/10\/Kagedalen-159-Fritidshus-Sommarstuga-Ladhus-Byggsats-Hus-fran-Jorntrahus-Exterior-1-webb-scaled.jpg","type":"image\/jpeg"}],"twitter_card":"summary_large_image","schema":{"@context":"https:\/\/schema.org","@graph":[{"@type":"WebPage","@id":"https:\/\/jorntrahus.se\/husmodell\/kagedalen-159\/","url":"https:\/\/jorntrahus.se\/husmodell\/kagedalen-159\/","name":"K\u00e5gedalen 159 - J\u00f6rntr\u00e4hus","isPartOf":{"@id":"https:\/\/jorntrahus.se\/#website"},"primaryImageOfPage":{"@id":"https:\/\/jorntrahus.se\/husmodell\/kagedalen-159\/#primaryimage"},"image":{"@id":"https:\/\/jorntrahus.se\/husmodell\/kagedalen-159\/#primaryimage"},"thumbnailUrl":"https:\/\/jorntrahus.se\/wp-content\/uploads\/2022\/10\/Kagedalen-159-Fritidshus-Sommarstuga-Ladhus-Byggsats-Hus-fran-Jorntrahus-Exterior-1-webb-scaled.jpg","datePublished":"2022-10-28T12:48:12+00:00","dateModified":"2023-02-16T11:04:31+00:00","breadcrumb":{"@id":"https:\/\/jorntrahus.se\/husmodell\/kagedalen-159\/#breadcrumb"},"inLanguage":"nb-NO","potentialAction":[{"@type":"ReadAction","target":["https:\/\/jorntrahus.se\/husmodell\/kagedalen-159\/"]}]},{"@type":"ImageObject","inLanguage":"nb-NO","@id":"https:\/\/jorntrahus.se\/husmodell\/kagedalen-159\/#primaryimage","url":"https:\/\/jorntrahus.se\/wp-content\/uploads\/2022\/10\/Kagedalen-159-Fritidshus-Sommarstuga-Ladhus-Byggsats-Hus-fran-Jorntrahus-Exterior-1-webb-scaled.jpg","contentUrl":"https:\/\/jorntrahus.se\/wp-content\/uploads\/2022\/10\/Kagedalen-159-Fritidshus-Sommarstuga-Ladhus-Byggsats-Hus-fran-Jorntrahus-Exterior-1-webb-scaled.jpg","width":2560,"height":1707,"caption":"Kagedalen 159 Fritidshus Sommarstuga Ladhus Byggsats Hus fran Jorntrahus Exterior 1 webb"},{"@type":"BreadcrumbList","@id":"https:\/\/jorntrahus.se\/husmodell\/kagedalen-159\/#breadcrumb","itemListElement":[{"@type":"ListItem","position":1,"name":"Hem","item":"https:\/\/jorntrahus.se\/"},{"@type":"ListItem","position":2,"name":"V\u00e5ra hus","item":"https:\/\/jorntrahus.se\/husen\/"},{"@type":"ListItem","position":3,"name":"K\u00e5gedalen 159"}]},{"@type":"WebSite","@id":"https:\/\/jorntrahus.se\/#website","url":"https:\/\/jorntrahus.se\/","name":"J\u00f6rntr\u00e4hus","description":"Hus for de bevisste","publisher":{"@id":"https:\/\/jorntrahus.se\/#organization"},"potentialAction":[{"@type":"SearchAction","target":{"@type":"EntryPoint","urlTemplate":"https:\/\/jorntrahus.se\/?s={search_term_string}"},"query-input":{"@type":"PropertyValueSpecification","valueRequired":true,"valueName":"search_term_string"}}],"inLanguage":"nb-NO"},{"@type":"Organization","@id":"https:\/\/jorntrahus.se\/#organization","name":"J\u00f6rntr\u00e4hus","url":"https:\/\/jorntrahus.se\/","logo":{"@type":"ImageObject","inLanguage":"nb-NO","@id":"https:\/\/jorntrahus.se\/#\/schema\/logo\/image\/","url":"https:\/\/jorntrahus.se\/wp-content\/uploads\/2020\/09\/Jorntrahus_Grund_CMYK.eps","contentUrl":"https:\/\/jorntrahus.se\/wp-content\/uploads\/2020\/09\/Jorntrahus_Grund_CMYK.eps","width":1,"height":1,"caption":"J\u00f6rntr\u00e4hus"},"image":{"@id":"https:\/\/jorntrahus.se\/#\/schema\/logo\/image\/"}}]}},"publishpress_future_workflow_manual_trigger":{"enabledWorkflows":[]},"_links":{"self":[{"href":"https:\/\/jorntrahus.se\/nb\/wp-json\/wp\/v2\/product\/14393","targetHints":{"allow":["GET"]}}],"collection":[{"href":"https:\/\/jorntrahus.se\/nb\/wp-json\/wp\/v2\/product"}],"about":[{"href":"https:\/\/jorntrahus.se\/nb\/wp-json\/wp\/v2\/types\/product"}],"wp:featuredmedia":[{"embeddable":true,"href":"https:\/\/jorntrahus.se\/nb\/wp-json\/wp\/v2\/media\/14388"}],"wp:attachment":[{"href":"https:\/\/jorntrahus.se\/nb\/wp-json\/wp\/v2\/media?parent=14393"}],"wp:term":[{"taxonomy":"product_brand","embeddable":true,"href":"https:\/\/jorntrahus.se\/nb\/wp-json\/wp\/v2\/product_brand?post=14393"},{"taxonomy":"product_cat","embeddable":true,"href":"https:\/\/jorntrahus.se\/nb\/wp-json\/wp\/v2\/product_cat?post=14393"},{"taxonomy":"product_tag","embeddable":true,"href":"https:\/\/jorntrahus.se\/nb\/wp-json\/wp\/v2\/product_tag?post=14393"}],"curies":[{"name":"wp","href":"https:\/\/api.w.org\/{rel}","templated":true}]}}