{"id":14893,"date":"2025-04-12T12:49:38","date_gmt":"2025-04-12T10:49:38","guid":{"rendered":"https:\/\/jorntrahus.se\/?post_type=product&#038;p=14893"},"modified":"2025-04-12T13:47:28","modified_gmt":"2025-04-12T11:47:28","slug":"lundbacka-94","status":"publish","type":"product","link":"https:\/\/jorntrahus.se\/nb\/husmodell\/lundbacka-94\/","title":{"rendered":"Lundbacka 94"},"content":{"rendered":"","protected":false},"excerpt":{"rendered":"<h3>Spektakul\u00e6re vinkler, sjener\u00f8se overflater og ekstra mye lys<\/h3>\n<p>Lundbacka er n\u00e5 tilgjengelig i et litt utvidet format, bygningsarealet har dermed vokst til 94 m\u00b2, noe som gir et \u00f8kt boareal p\u00e5 ytterligere 7 m\u00b2. Ved \u00e5 flytte enden av stuen, med det store vinduspartiet, og sette inn store vinduer p\u00e5 sidene, blir dette en mye st\u00f8rre stue - perfekt for den litt st\u00f8rre familiens spisestuem\u00f8bler.<\/p>\n<p>Lundbacka har en leken design som skaper b\u00e5de vinkler og spektakul\u00e6re flater, spesielt i taket, noe som gjenspeiler den lette f\u00f8lelsen som modellen formidler. Store mengder lys p\u00e5 flere sider av huset gir deg et lyst og \u00e5pent bomilj\u00f8.<\/p>\n<p><span style=\"font-size: 90%;\"><em>Vennligst merk! Interi\u00f8rbildet nedenfor er fra lilles\u00f8ster Lundbacka 90. Det som skiller seg ut, er flaten til venstre i bildet mot det store vinduet. P\u00e5 denne modellen er den ikke like dyp. Ellers er planl\u00f8sningen den samme.<\/em><\/span><\/p>\n<p><a href=\"https:\/\/jorntrahus.se\/wp-content\/uploads\/2017\/01\/Lundbacka-S-interi\u00f6r-1.jpg\"><img loading=\"lazy\" decoding=\"async\" class=\"alignnone wp-image-9468 size-large\" src=\"https:\/\/jorntrahus.se\/wp-content\/uploads\/2017\/01\/Lundbacka-S-interi\u00f6r-1-1200x800.jpg\" alt=\"Lundbacka S - interi\u00f8r - J\u00f6rn wood house - byggesetthus \/ fritidshus \/ villa\" width=\"1020\" height=\"680\" srcset=\"https:\/\/jorntrahus.se\/wp-content\/uploads\/2017\/01\/Lundbacka-S-interi\u00f6r-1-1200x800.jpg 1200w, https:\/\/jorntrahus.se\/wp-content\/uploads\/2017\/01\/Lundbacka-S-interi\u00f6r-1-600x400.jpg 600w, https:\/\/jorntrahus.se\/wp-content\/uploads\/2017\/01\/Lundbacka-S-interi\u00f6r-1-900x600.jpg 900w, https:\/\/jorntrahus.se\/wp-content\/uploads\/2017\/01\/Lundbacka-S-interi\u00f6r-1-768x512.jpg 768w\" sizes=\"auto, (max-width: 1020px) 100vw, 1020px\" \/><\/a><\/p>","protected":false},"featured_media":14894,"template":"","meta":[],"product_brand":[],"product_cat":[395],"product_tag":[26,1267],"class_list":{"0":"post-14893","1":"product","2":"type-product","3":"status-publish","4":"has-post-thumbnail","6":"product_cat-landbacke","7":"product_tag-003-1-plan","8":"product_tag-klassiskt-hus","10":"first","11":"instock","12":"featured","13":"shipping-taxable","14":"product-type-simple"},"yoast_head":"<!-- This site is optimized with the Yoast SEO plugin v27.5 - https:\/\/yoast.com\/product\/yoast-seo-wordpress\/ -->\n<title>Lundbacka 94 - J\u00f6rntr\u00e4hus<\/title>\n<meta name=\"robots\" content=\"index, follow, max-snippet:-1, max-image-preview:large, max-video-preview:-1\" \/>\n<link rel=\"canonical\" href=\"https:\/\/jorntrahus.se\/nb\/husmodell\/lundbacka-94\/\" \/>\n<meta property=\"og:locale\" content=\"nb_NO\" \/>\n<meta property=\"og:type\" content=\"article\" \/>\n<meta property=\"og:title\" content=\"Lundbacka 94 - J\u00f6rntr\u00e4hus\" \/>\n<meta property=\"og:description\" content=\"Spektakul\u00e4ra vinklar, tilltagna ytor och extra ljusinsl\u00e4pp Nu finns Lundbacka i ett n\u00e5got ut\u00f6kat format, byggytan har d\u00e4rmed vuxit till 94 m\u00b2 vilket ger en \u00f6kad boyta p\u00e5 ytterligare 7 m\u00b2. Genom att allrummets gavel, med det stora f\u00f6nsterpartiet, flyttats ut samt infoga stora f\u00f6nster p\u00e5 sidorna blir detta ett betydligt st\u00f6rre allrum \u2013 perfekt f\u00f6r den lite st\u00f6rre familjens matplatsm\u00f6bler.  Lundbacka har en lekfull design som skapar b\u00e5de vinklar och spektakul\u00e4ra ytor fr\u00e4mst i taket vilket \u00e5terspeglar den l\u00e4ttsamma k\u00e4nslan som modellen f\u00f6rmedlar. Stora ljusinsl\u00e4pp p\u00e5 flera sidor av huset kommer att sk\u00e4nka er en ljus och \u00f6ppen boendemilj\u00f6.  Obs! Interi\u00f6rbilden nedan \u00e4r fr\u00e5n lillasyster Lundbacka 90. Det som skiljer \u00e4r ytan till v\u00e4nster i bilden mot det stora f\u00f6nstret. P\u00e5 denna modell \u00e4r det inte lika djupt. I \u00f6vrigt \u00e4r planl\u00f6sningen densamma.\" \/>\n<meta property=\"og:url\" content=\"https:\/\/jorntrahus.se\/nb\/husmodell\/lundbacka-94\/\" \/>\n<meta property=\"og:site_name\" content=\"J\u00f6rntr\u00e4hus\" \/>\n<meta property=\"article:modified_time\" content=\"2025-04-12T11:47:28+00:00\" \/>\n<meta property=\"og:image\" content=\"https:\/\/jorntrahus.se\/wp-content\/uploads\/2025\/04\/Lundbacka-94-Fritidshus-Villa-Permanentboende-Byggsats-Hus-fran-Jorntrahus-3x2-webb.jpg\" \/>\n\t<meta property=\"og:image:width\" content=\"2800\" \/>\n\t<meta property=\"og:image:height\" content=\"1866\" \/>\n\t<meta property=\"og:image:type\" content=\"image\/jpeg\" \/>\n<meta name=\"twitter:card\" content=\"summary_large_image\" \/>\n<meta name=\"twitter:label1\" content=\"Ansl. lesetid\" \/>\n\t<meta name=\"twitter:data1\" content=\"1 minutt\" \/>\n<script type=\"application\/ld+json\" class=\"yoast-schema-graph\">{\"@context\":\"https:\\\/\\\/schema.org\",\"@graph\":[{\"@type\":\"WebPage\",\"@id\":\"https:\\\/\\\/jorntrahus.se\\\/husmodell\\\/lundbacka-94\\\/\",\"url\":\"https:\\\/\\\/jorntrahus.se\\\/husmodell\\\/lundbacka-94\\\/\",\"name\":\"Lundbacka 94 - J\u00f6rntr\u00e4hus\",\"isPartOf\":{\"@id\":\"https:\\\/\\\/jorntrahus.se\\\/#website\"},\"primaryImageOfPage\":{\"@id\":\"https:\\\/\\\/jorntrahus.se\\\/husmodell\\\/lundbacka-94\\\/#primaryimage\"},\"image\":{\"@id\":\"https:\\\/\\\/jorntrahus.se\\\/husmodell\\\/lundbacka-94\\\/#primaryimage\"},\"thumbnailUrl\":\"https:\\\/\\\/jorntrahus.se\\\/wp-content\\\/uploads\\\/2025\\\/04\\\/Lundbacka-94-Fritidshus-Villa-Permanentboende-Byggsats-Hus-fran-Jorntrahus-3x2-webb.jpg\",\"datePublished\":\"2025-04-12T10:49:38+00:00\",\"dateModified\":\"2025-04-12T11:47:28+00:00\",\"breadcrumb\":{\"@id\":\"https:\\\/\\\/jorntrahus.se\\\/husmodell\\\/lundbacka-94\\\/#breadcrumb\"},\"inLanguage\":\"nb-NO\",\"potentialAction\":[{\"@type\":\"ReadAction\",\"target\":[\"https:\\\/\\\/jorntrahus.se\\\/husmodell\\\/lundbacka-94\\\/\"]}]},{\"@type\":\"ImageObject\",\"inLanguage\":\"nb-NO\",\"@id\":\"https:\\\/\\\/jorntrahus.se\\\/husmodell\\\/lundbacka-94\\\/#primaryimage\",\"url\":\"https:\\\/\\\/jorntrahus.se\\\/wp-content\\\/uploads\\\/2025\\\/04\\\/Lundbacka-94-Fritidshus-Villa-Permanentboende-Byggsats-Hus-fran-Jorntrahus-3x2-webb.jpg\",\"contentUrl\":\"https:\\\/\\\/jorntrahus.se\\\/wp-content\\\/uploads\\\/2025\\\/04\\\/Lundbacka-94-Fritidshus-Villa-Permanentboende-Byggsats-Hus-fran-Jorntrahus-3x2-webb.jpg\",\"width\":2800,\"height\":1866,\"caption\":\"Lundbacka 94 Fritidshus Villa Permanentboende Byggsats Hus fran Jorntrahus 3x2 webb\"},{\"@type\":\"BreadcrumbList\",\"@id\":\"https:\\\/\\\/jorntrahus.se\\\/husmodell\\\/lundbacka-94\\\/#breadcrumb\",\"itemListElement\":[{\"@type\":\"ListItem\",\"position\":1,\"name\":\"Hem\",\"item\":\"https:\\\/\\\/jorntrahus.se\\\/\"},{\"@type\":\"ListItem\",\"position\":2,\"name\":\"V\u00e5ra hus\",\"item\":\"https:\\\/\\\/jorntrahus.se\\\/husen\\\/\"},{\"@type\":\"ListItem\",\"position\":3,\"name\":\"Lundbacka 94\"}]},{\"@type\":\"WebSite\",\"@id\":\"https:\\\/\\\/jorntrahus.se\\\/#website\",\"url\":\"https:\\\/\\\/jorntrahus.se\\\/\",\"name\":\"J\u00f6rntr\u00e4hus\",\"description\":\"Hus f\u00f6r den medvetne\",\"publisher\":{\"@id\":\"https:\\\/\\\/jorntrahus.se\\\/#organization\"},\"potentialAction\":[{\"@type\":\"SearchAction\",\"target\":{\"@type\":\"EntryPoint\",\"urlTemplate\":\"https:\\\/\\\/jorntrahus.se\\\/?s={search_term_string}\"},\"query-input\":{\"@type\":\"PropertyValueSpecification\",\"valueRequired\":true,\"valueName\":\"search_term_string\"}}],\"inLanguage\":\"nb-NO\"},{\"@type\":\"Organization\",\"@id\":\"https:\\\/\\\/jorntrahus.se\\\/#organization\",\"name\":\"J\u00f6rntr\u00e4hus\",\"url\":\"https:\\\/\\\/jorntrahus.se\\\/\",\"logo\":{\"@type\":\"ImageObject\",\"inLanguage\":\"nb-NO\",\"@id\":\"https:\\\/\\\/jorntrahus.se\\\/#\\\/schema\\\/logo\\\/image\\\/\",\"url\":\"https:\\\/\\\/jorntrahus.se\\\/wp-content\\\/uploads\\\/2020\\\/09\\\/Jorntrahus_Grund_CMYK.eps\",\"contentUrl\":\"https:\\\/\\\/jorntrahus.se\\\/wp-content\\\/uploads\\\/2020\\\/09\\\/Jorntrahus_Grund_CMYK.eps\",\"width\":1,\"height\":1,\"caption\":\"J\u00f6rntr\u00e4hus\"},\"image\":{\"@id\":\"https:\\\/\\\/jorntrahus.se\\\/#\\\/schema\\\/logo\\\/image\\\/\"}}]}<\/script>\n<!-- \/ Yoast SEO plugin. -->","yoast_head_json":{"title":"Lundbacka 94 - J\u00f6rntr\u00e4hus","robots":{"index":"index","follow":"follow","max-snippet":"max-snippet:-1","max-image-preview":"max-image-preview:large","max-video-preview":"max-video-preview:-1"},"canonical":"https:\/\/jorntrahus.se\/nb\/husmodell\/lundbacka-94\/","og_locale":"nb_NO","og_type":"article","og_title":"Lundbacka 94 - J\u00f6rntr\u00e4hus","og_description":"Spektakul\u00e4ra vinklar, tilltagna ytor och extra ljusinsl\u00e4pp Nu finns Lundbacka i ett n\u00e5got ut\u00f6kat format, byggytan har d\u00e4rmed vuxit till 94 m\u00b2 vilket ger en \u00f6kad boyta p\u00e5 ytterligare 7 m\u00b2. Genom att allrummets gavel, med det stora f\u00f6nsterpartiet, flyttats ut samt infoga stora f\u00f6nster p\u00e5 sidorna blir detta ett betydligt st\u00f6rre allrum \u2013 perfekt f\u00f6r den lite st\u00f6rre familjens matplatsm\u00f6bler.  Lundbacka har en lekfull design som skapar b\u00e5de vinklar och spektakul\u00e4ra ytor fr\u00e4mst i taket vilket \u00e5terspeglar den l\u00e4ttsamma k\u00e4nslan som modellen f\u00f6rmedlar. Stora ljusinsl\u00e4pp p\u00e5 flera sidor av huset kommer att sk\u00e4nka er en ljus och \u00f6ppen boendemilj\u00f6.  Obs! Interi\u00f6rbilden nedan \u00e4r fr\u00e5n lillasyster Lundbacka 90. Det som skiljer \u00e4r ytan till v\u00e4nster i bilden mot det stora f\u00f6nstret. P\u00e5 denna modell \u00e4r det inte lika djupt. I \u00f6vrigt \u00e4r planl\u00f6sningen densamma.","og_url":"https:\/\/jorntrahus.se\/nb\/husmodell\/lundbacka-94\/","og_site_name":"J\u00f6rntr\u00e4hus","article_modified_time":"2025-04-12T11:47:28+00:00","og_image":[{"width":2800,"height":1866,"url":"https:\/\/jorntrahus.se\/wp-content\/uploads\/2025\/04\/Lundbacka-94-Fritidshus-Villa-Permanentboende-Byggsats-Hus-fran-Jorntrahus-3x2-webb.jpg","type":"image\/jpeg"}],"twitter_card":"summary_large_image","twitter_misc":{"Ansl. lesetid":"1 minutt"},"schema":{"@context":"https:\/\/schema.org","@graph":[{"@type":"WebPage","@id":"https:\/\/jorntrahus.se\/husmodell\/lundbacka-94\/","url":"https:\/\/jorntrahus.se\/husmodell\/lundbacka-94\/","name":"Lundbacka 94 - J\u00f6rntr\u00e4hus","isPartOf":{"@id":"https:\/\/jorntrahus.se\/#website"},"primaryImageOfPage":{"@id":"https:\/\/jorntrahus.se\/husmodell\/lundbacka-94\/#primaryimage"},"image":{"@id":"https:\/\/jorntrahus.se\/husmodell\/lundbacka-94\/#primaryimage"},"thumbnailUrl":"https:\/\/jorntrahus.se\/wp-content\/uploads\/2025\/04\/Lundbacka-94-Fritidshus-Villa-Permanentboende-Byggsats-Hus-fran-Jorntrahus-3x2-webb.jpg","datePublished":"2025-04-12T10:49:38+00:00","dateModified":"2025-04-12T11:47:28+00:00","breadcrumb":{"@id":"https:\/\/jorntrahus.se\/husmodell\/lundbacka-94\/#breadcrumb"},"inLanguage":"nb-NO","potentialAction":[{"@type":"ReadAction","target":["https:\/\/jorntrahus.se\/husmodell\/lundbacka-94\/"]}]},{"@type":"ImageObject","inLanguage":"nb-NO","@id":"https:\/\/jorntrahus.se\/husmodell\/lundbacka-94\/#primaryimage","url":"https:\/\/jorntrahus.se\/wp-content\/uploads\/2025\/04\/Lundbacka-94-Fritidshus-Villa-Permanentboende-Byggsats-Hus-fran-Jorntrahus-3x2-webb.jpg","contentUrl":"https:\/\/jorntrahus.se\/wp-content\/uploads\/2025\/04\/Lundbacka-94-Fritidshus-Villa-Permanentboende-Byggsats-Hus-fran-Jorntrahus-3x2-webb.jpg","width":2800,"height":1866,"caption":"Lundbacka 94 Fritidshus Villa Permanentboende Byggsats Hus fran Jorntrahus 3x2 webb"},{"@type":"BreadcrumbList","@id":"https:\/\/jorntrahus.se\/husmodell\/lundbacka-94\/#breadcrumb","itemListElement":[{"@type":"ListItem","position":1,"name":"Hem","item":"https:\/\/jorntrahus.se\/"},{"@type":"ListItem","position":2,"name":"V\u00e5ra hus","item":"https:\/\/jorntrahus.se\/husen\/"},{"@type":"ListItem","position":3,"name":"Lundbacka 94"}]},{"@type":"WebSite","@id":"https:\/\/jorntrahus.se\/#website","url":"https:\/\/jorntrahus.se\/","name":"J\u00f6rntr\u00e4hus","description":"Hus for de bevisste","publisher":{"@id":"https:\/\/jorntrahus.se\/#organization"},"potentialAction":[{"@type":"SearchAction","target":{"@type":"EntryPoint","urlTemplate":"https:\/\/jorntrahus.se\/?s={search_term_string}"},"query-input":{"@type":"PropertyValueSpecification","valueRequired":true,"valueName":"search_term_string"}}],"inLanguage":"nb-NO"},{"@type":"Organization","@id":"https:\/\/jorntrahus.se\/#organization","name":"J\u00f6rntr\u00e4hus","url":"https:\/\/jorntrahus.se\/","logo":{"@type":"ImageObject","inLanguage":"nb-NO","@id":"https:\/\/jorntrahus.se\/#\/schema\/logo\/image\/","url":"https:\/\/jorntrahus.se\/wp-content\/uploads\/2020\/09\/Jorntrahus_Grund_CMYK.eps","contentUrl":"https:\/\/jorntrahus.se\/wp-content\/uploads\/2020\/09\/Jorntrahus_Grund_CMYK.eps","width":1,"height":1,"caption":"J\u00f6rntr\u00e4hus"},"image":{"@id":"https:\/\/jorntrahus.se\/#\/schema\/logo\/image\/"}}]}},"publishpress_future_workflow_manual_trigger":{"enabledWorkflows":[]},"_links":{"self":[{"href":"https:\/\/jorntrahus.se\/nb\/wp-json\/wp\/v2\/product\/14893","targetHints":{"allow":["GET"]}}],"collection":[{"href":"https:\/\/jorntrahus.se\/nb\/wp-json\/wp\/v2\/product"}],"about":[{"href":"https:\/\/jorntrahus.se\/nb\/wp-json\/wp\/v2\/types\/product"}],"wp:featuredmedia":[{"embeddable":true,"href":"https:\/\/jorntrahus.se\/nb\/wp-json\/wp\/v2\/media\/14894"}],"wp:attachment":[{"href":"https:\/\/jorntrahus.se\/nb\/wp-json\/wp\/v2\/media?parent=14893"}],"wp:term":[{"taxonomy":"product_brand","embeddable":true,"href":"https:\/\/jorntrahus.se\/nb\/wp-json\/wp\/v2\/product_brand?post=14893"},{"taxonomy":"product_cat","embeddable":true,"href":"https:\/\/jorntrahus.se\/nb\/wp-json\/wp\/v2\/product_cat?post=14893"},{"taxonomy":"product_tag","embeddable":true,"href":"https:\/\/jorntrahus.se\/nb\/wp-json\/wp\/v2\/product_tag?post=14893"}],"curies":[{"name":"wp","href":"https:\/\/api.w.org\/{rel}","templated":true}]}}