{"id":3942,"date":"2017-01-13T14:30:07","date_gmt":"2017-01-13T13:30:07","guid":{"rendered":"https:\/\/jorntrahus.se\/?post_type=product&#038;p=3942"},"modified":"2023-02-16T12:04:45","modified_gmt":"2023-02-16T11:04:45","slug":"kvelertak-151","status":"publish","type":"product","link":"https:\/\/jorntrahus.se\/nb\/husmodell\/strycksele-151\/","title":{"rendered":"Strycksele 151"},"content":{"rendered":"","protected":false},"excerpt":{"rendered":"<h3>Stor og koselig villa for den store familien<\/h3>\n<p>I dette designet kommer st\u00f8rrelsen til sin rett, med fire soverom og et stort kj\u00f8kken trives den st\u00f8rre familien fullt ut i dette formatet. En gjennomtenkt planl\u00f8sning med funksjonalitet og godt utnyttede flater skaper rom som kan utnyttes maksimalt. Det fantastisk vakre vinduspartiet taler for seg selv og er de fleste boligeieres dr\u00f8m.<\/p>\n<p>Modellen har et sl\u00e5ende design som passer i alle milj\u00f8er og omr\u00e5der, og Strycksele har blitt en favoritt b\u00e5de p\u00e5 fjellet og ved kysten.<\/p>","protected":false},"featured_media":6120,"template":"","meta":[],"product_brand":[],"product_cat":[332],"product_tag":[26,1267],"class_list":{"0":"post-3942","1":"product","2":"type-product","3":"status-publish","4":"has-post-thumbnail","6":"product_cat-strycksele","7":"product_tag-003-1-plan","8":"product_tag-klassiskt-hus","9":"husstil-klassiska-hus","10":"hustyp-fritidshus","12":"first","13":"instock","14":"featured","15":"shipping-taxable","16":"product-type-simple"},"yoast_head":"<!-- This site is optimized with the Yoast SEO plugin v27.5 - https:\/\/yoast.com\/product\/yoast-seo-wordpress\/ -->\n<title>Strycksele 151 - J\u00f6rntr\u00e4hus<\/title>\n<meta name=\"description\" content=\"En genomt\u00e4nkt planl\u00f6sning med funktionalitet och v\u00e4l tillvaratagna ytor p\u00e5 denna villa alternativt fritidshus. En husdesign med enormt vackra f\u00f6nsterpartier\" \/>\n<meta name=\"robots\" content=\"index, follow, max-snippet:-1, max-image-preview:large, max-video-preview:-1\" \/>\n<link rel=\"canonical\" href=\"https:\/\/jorntrahus.se\/nb\/husmodell\/kvelertak-151\/\" \/>\n<meta property=\"og:locale\" content=\"nb_NO\" \/>\n<meta property=\"og:type\" content=\"article\" \/>\n<meta property=\"og:title\" content=\"Strycksele 151 - J\u00f6rntr\u00e4hus\" \/>\n<meta property=\"og:description\" content=\"En genomt\u00e4nkt planl\u00f6sning med funktionalitet och v\u00e4l tillvaratagna ytor p\u00e5 denna villa alternativt fritidshus. En husdesign med enormt vackra f\u00f6nsterpartier\" \/>\n<meta property=\"og:url\" content=\"https:\/\/jorntrahus.se\/nb\/husmodell\/kvelertak-151\/\" \/>\n<meta property=\"og:site_name\" content=\"J\u00f6rntr\u00e4hus\" \/>\n<meta property=\"article:modified_time\" content=\"2023-02-16T11:04:45+00:00\" \/>\n<meta property=\"og:image\" content=\"https:\/\/jorntrahus.se\/wp-content\/uploads\/2017\/12\/Strycksele-XL-3D.jpg\" \/>\n\t<meta property=\"og:image:width\" content=\"1500\" \/>\n\t<meta property=\"og:image:height\" content=\"1000\" \/>\n\t<meta property=\"og:image:type\" content=\"image\/jpeg\" \/>\n<meta name=\"twitter:card\" content=\"summary_large_image\" \/>\n<script type=\"application\/ld+json\" class=\"yoast-schema-graph\">{\"@context\":\"https:\\\/\\\/schema.org\",\"@graph\":[{\"@type\":\"WebPage\",\"@id\":\"https:\\\/\\\/jorntrahus.se\\\/husmodell\\\/strycksele-151\\\/\",\"url\":\"https:\\\/\\\/jorntrahus.se\\\/husmodell\\\/strycksele-151\\\/\",\"name\":\"Strycksele 151 - J\u00f6rntr\u00e4hus\",\"isPartOf\":{\"@id\":\"https:\\\/\\\/jorntrahus.se\\\/#website\"},\"primaryImageOfPage\":{\"@id\":\"https:\\\/\\\/jorntrahus.se\\\/husmodell\\\/strycksele-151\\\/#primaryimage\"},\"image\":{\"@id\":\"https:\\\/\\\/jorntrahus.se\\\/husmodell\\\/strycksele-151\\\/#primaryimage\"},\"thumbnailUrl\":\"https:\\\/\\\/jorntrahus.se\\\/wp-content\\\/uploads\\\/2017\\\/12\\\/Strycksele-XL-3D.jpg\",\"datePublished\":\"2017-01-13T13:30:07+00:00\",\"dateModified\":\"2023-02-16T11:04:45+00:00\",\"description\":\"En genomt\u00e4nkt planl\u00f6sning med funktionalitet och v\u00e4l tillvaratagna ytor p\u00e5 denna villa alternativt fritidshus. En husdesign med enormt vackra f\u00f6nsterpartier\",\"breadcrumb\":{\"@id\":\"https:\\\/\\\/jorntrahus.se\\\/husmodell\\\/strycksele-151\\\/#breadcrumb\"},\"inLanguage\":\"nb-NO\",\"potentialAction\":[{\"@type\":\"ReadAction\",\"target\":[\"https:\\\/\\\/jorntrahus.se\\\/husmodell\\\/strycksele-151\\\/\"]}]},{\"@type\":\"ImageObject\",\"inLanguage\":\"nb-NO\",\"@id\":\"https:\\\/\\\/jorntrahus.se\\\/husmodell\\\/strycksele-151\\\/#primaryimage\",\"url\":\"https:\\\/\\\/jorntrahus.se\\\/wp-content\\\/uploads\\\/2017\\\/12\\\/Strycksele-XL-3D.jpg\",\"contentUrl\":\"https:\\\/\\\/jorntrahus.se\\\/wp-content\\\/uploads\\\/2017\\\/12\\\/Strycksele-XL-3D.jpg\",\"width\":1500,\"height\":1000},{\"@type\":\"BreadcrumbList\",\"@id\":\"https:\\\/\\\/jorntrahus.se\\\/husmodell\\\/strycksele-151\\\/#breadcrumb\",\"itemListElement\":[{\"@type\":\"ListItem\",\"position\":1,\"name\":\"Hem\",\"item\":\"https:\\\/\\\/jorntrahus.se\\\/\"},{\"@type\":\"ListItem\",\"position\":2,\"name\":\"V\u00e5ra hus\",\"item\":\"https:\\\/\\\/jorntrahus.se\\\/husen\\\/\"},{\"@type\":\"ListItem\",\"position\":3,\"name\":\"Strycksele 151\"}]},{\"@type\":\"WebSite\",\"@id\":\"https:\\\/\\\/jorntrahus.se\\\/#website\",\"url\":\"https:\\\/\\\/jorntrahus.se\\\/\",\"name\":\"J\u00f6rntr\u00e4hus\",\"description\":\"Hus f\u00f6r den medvetne\",\"publisher\":{\"@id\":\"https:\\\/\\\/jorntrahus.se\\\/#organization\"},\"potentialAction\":[{\"@type\":\"SearchAction\",\"target\":{\"@type\":\"EntryPoint\",\"urlTemplate\":\"https:\\\/\\\/jorntrahus.se\\\/?s={search_term_string}\"},\"query-input\":{\"@type\":\"PropertyValueSpecification\",\"valueRequired\":true,\"valueName\":\"search_term_string\"}}],\"inLanguage\":\"nb-NO\"},{\"@type\":\"Organization\",\"@id\":\"https:\\\/\\\/jorntrahus.se\\\/#organization\",\"name\":\"J\u00f6rntr\u00e4hus\",\"url\":\"https:\\\/\\\/jorntrahus.se\\\/\",\"logo\":{\"@type\":\"ImageObject\",\"inLanguage\":\"nb-NO\",\"@id\":\"https:\\\/\\\/jorntrahus.se\\\/#\\\/schema\\\/logo\\\/image\\\/\",\"url\":\"https:\\\/\\\/jorntrahus.se\\\/wp-content\\\/uploads\\\/2020\\\/09\\\/Jorntrahus_Grund_CMYK.eps\",\"contentUrl\":\"https:\\\/\\\/jorntrahus.se\\\/wp-content\\\/uploads\\\/2020\\\/09\\\/Jorntrahus_Grund_CMYK.eps\",\"width\":1,\"height\":1,\"caption\":\"J\u00f6rntr\u00e4hus\"},\"image\":{\"@id\":\"https:\\\/\\\/jorntrahus.se\\\/#\\\/schema\\\/logo\\\/image\\\/\"}}]}<\/script>\n<!-- \/ Yoast SEO plugin. -->","yoast_head_json":{"title":"Strycksele 151 - J\u00f6rntr\u00e4hus","description":"En gjennomtenkt planl\u00f8sning med funksjonalitet og godt utnyttede rom i denne villaen eller fritidsboligen. Et husdesign med enormt vakre vinduspartier","robots":{"index":"index","follow":"follow","max-snippet":"max-snippet:-1","max-image-preview":"max-image-preview:large","max-video-preview":"max-video-preview:-1"},"canonical":"https:\/\/jorntrahus.se\/nb\/husmodell\/kvelertak-151\/","og_locale":"nb_NO","og_type":"article","og_title":"Strycksele 151 - J\u00f6rntr\u00e4hus","og_description":"En genomt\u00e4nkt planl\u00f6sning med funktionalitet och v\u00e4l tillvaratagna ytor p\u00e5 denna villa alternativt fritidshus. En husdesign med enormt vackra f\u00f6nsterpartier","og_url":"https:\/\/jorntrahus.se\/nb\/husmodell\/kvelertak-151\/","og_site_name":"J\u00f6rntr\u00e4hus","article_modified_time":"2023-02-16T11:04:45+00:00","og_image":[{"width":1500,"height":1000,"url":"https:\/\/jorntrahus.se\/wp-content\/uploads\/2017\/12\/Strycksele-XL-3D.jpg","type":"image\/jpeg"}],"twitter_card":"summary_large_image","schema":{"@context":"https:\/\/schema.org","@graph":[{"@type":"WebPage","@id":"https:\/\/jorntrahus.se\/husmodell\/strycksele-151\/","url":"https:\/\/jorntrahus.se\/husmodell\/strycksele-151\/","name":"Strycksele 151 - J\u00f6rntr\u00e4hus","isPartOf":{"@id":"https:\/\/jorntrahus.se\/#website"},"primaryImageOfPage":{"@id":"https:\/\/jorntrahus.se\/husmodell\/strycksele-151\/#primaryimage"},"image":{"@id":"https:\/\/jorntrahus.se\/husmodell\/strycksele-151\/#primaryimage"},"thumbnailUrl":"https:\/\/jorntrahus.se\/wp-content\/uploads\/2017\/12\/Strycksele-XL-3D.jpg","datePublished":"2017-01-13T13:30:07+00:00","dateModified":"2023-02-16T11:04:45+00:00","description":"En gjennomtenkt planl\u00f8sning med funksjonalitet og godt utnyttede rom i denne villaen eller fritidsboligen. Et husdesign med enormt vakre vinduspartier","breadcrumb":{"@id":"https:\/\/jorntrahus.se\/husmodell\/strycksele-151\/#breadcrumb"},"inLanguage":"nb-NO","potentialAction":[{"@type":"ReadAction","target":["https:\/\/jorntrahus.se\/husmodell\/strycksele-151\/"]}]},{"@type":"ImageObject","inLanguage":"nb-NO","@id":"https:\/\/jorntrahus.se\/husmodell\/strycksele-151\/#primaryimage","url":"https:\/\/jorntrahus.se\/wp-content\/uploads\/2017\/12\/Strycksele-XL-3D.jpg","contentUrl":"https:\/\/jorntrahus.se\/wp-content\/uploads\/2017\/12\/Strycksele-XL-3D.jpg","width":1500,"height":1000},{"@type":"BreadcrumbList","@id":"https:\/\/jorntrahus.se\/husmodell\/strycksele-151\/#breadcrumb","itemListElement":[{"@type":"ListItem","position":1,"name":"Hem","item":"https:\/\/jorntrahus.se\/"},{"@type":"ListItem","position":2,"name":"V\u00e5ra hus","item":"https:\/\/jorntrahus.se\/husen\/"},{"@type":"ListItem","position":3,"name":"Strycksele 151"}]},{"@type":"WebSite","@id":"https:\/\/jorntrahus.se\/#website","url":"https:\/\/jorntrahus.se\/","name":"J\u00f6rntr\u00e4hus","description":"Hus for de bevisste","publisher":{"@id":"https:\/\/jorntrahus.se\/#organization"},"potentialAction":[{"@type":"SearchAction","target":{"@type":"EntryPoint","urlTemplate":"https:\/\/jorntrahus.se\/?s={search_term_string}"},"query-input":{"@type":"PropertyValueSpecification","valueRequired":true,"valueName":"search_term_string"}}],"inLanguage":"nb-NO"},{"@type":"Organization","@id":"https:\/\/jorntrahus.se\/#organization","name":"J\u00f6rntr\u00e4hus","url":"https:\/\/jorntrahus.se\/","logo":{"@type":"ImageObject","inLanguage":"nb-NO","@id":"https:\/\/jorntrahus.se\/#\/schema\/logo\/image\/","url":"https:\/\/jorntrahus.se\/wp-content\/uploads\/2020\/09\/Jorntrahus_Grund_CMYK.eps","contentUrl":"https:\/\/jorntrahus.se\/wp-content\/uploads\/2020\/09\/Jorntrahus_Grund_CMYK.eps","width":1,"height":1,"caption":"J\u00f6rntr\u00e4hus"},"image":{"@id":"https:\/\/jorntrahus.se\/#\/schema\/logo\/image\/"}}]}},"publishpress_future_workflow_manual_trigger":{"enabledWorkflows":[]},"_links":{"self":[{"href":"https:\/\/jorntrahus.se\/nb\/wp-json\/wp\/v2\/product\/3942","targetHints":{"allow":["GET"]}}],"collection":[{"href":"https:\/\/jorntrahus.se\/nb\/wp-json\/wp\/v2\/product"}],"about":[{"href":"https:\/\/jorntrahus.se\/nb\/wp-json\/wp\/v2\/types\/product"}],"wp:featuredmedia":[{"embeddable":true,"href":"https:\/\/jorntrahus.se\/nb\/wp-json\/wp\/v2\/media\/6120"}],"wp:attachment":[{"href":"https:\/\/jorntrahus.se\/nb\/wp-json\/wp\/v2\/media?parent=3942"}],"wp:term":[{"taxonomy":"product_brand","embeddable":true,"href":"https:\/\/jorntrahus.se\/nb\/wp-json\/wp\/v2\/product_brand?post=3942"},{"taxonomy":"product_cat","embeddable":true,"href":"https:\/\/jorntrahus.se\/nb\/wp-json\/wp\/v2\/product_cat?post=3942"},{"taxonomy":"product_tag","embeddable":true,"href":"https:\/\/jorntrahus.se\/nb\/wp-json\/wp\/v2\/product_tag?post=3942"}],"curies":[{"name":"wp","href":"https:\/\/api.w.org\/{rel}","templated":true}]}}