{"id":3943,"date":"2017-01-13T14:50:36","date_gmt":"2017-01-13T13:50:36","guid":{"rendered":"https:\/\/jorntrahus.se\/?post_type=product&#038;p=3943"},"modified":"2023-02-16T12:04:45","modified_gmt":"2023-02-16T11:04:45","slug":"kvelningssele-129","status":"publish","type":"product","link":"https:\/\/jorntrahus.se\/nb\/husmodell\/strycksele-129\/","title":{"rendered":"Strycksele 129"},"content":{"rendered":"","protected":false},"excerpt":{"rendered":"<h3>Et sl\u00e5ende design som passer inn i ethvert milj\u00f8<\/h3>\n<p>Det karakteristiske glasspartiet er det samme som i den st\u00f8rre modellen. Med en litt annen planl\u00f8sning er modellene likevel gjenkjennelige i de fleste tilfeller. Med tre soverom er det fortsatt sv\u00e6rt store og velplanlagte arealer igjen til andre rom. Den store og herlig lyse stuen er selvf\u00f8lgelig modellens kjennetegn og som regel det mest utnyttede arealet.<\/p>\n<p>Modellen har et sl\u00e5ende design som passer i alle milj\u00f8er og omr\u00e5der, og Strycksele har blitt en favoritt b\u00e5de p\u00e5 fjellet og ved kysten.<\/p>","protected":false},"featured_media":11621,"template":"","meta":[],"product_brand":[],"product_cat":[332],"product_tag":[26,1267],"class_list":{"0":"post-3943","1":"product","2":"type-product","3":"status-publish","4":"has-post-thumbnail","6":"product_cat-strycksele","7":"product_tag-003-1-plan","8":"product_tag-klassiskt-hus","9":"husstil-klassiska-hus","10":"hustyp-fritidshus","12":"first","13":"instock","14":"shipping-taxable","15":"product-type-simple"},"yoast_head":"<!-- This site is optimized with the Yoast SEO plugin v27.5 - https:\/\/yoast.com\/product\/yoast-seo-wordpress\/ -->\n<title>Strycksele 129 - J\u00f6rntr\u00e4hus<\/title>\n<meta name=\"robots\" content=\"index, follow, max-snippet:-1, max-image-preview:large, max-video-preview:-1\" \/>\n<link rel=\"canonical\" href=\"https:\/\/jorntrahus.se\/nb\/husmodell\/kvelningssele-129\/\" \/>\n<meta property=\"og:locale\" content=\"nb_NO\" \/>\n<meta property=\"og:type\" content=\"article\" \/>\n<meta property=\"og:title\" content=\"Strycksele 129 - J\u00f6rntr\u00e4hus\" \/>\n<meta property=\"og:description\" content=\"Tr\u00e4ffs\u00e4ker design som passar in i alla milj\u00f6er Det karakt\u00e4ristiska glaspartiet \u00e4r detsamma som i den st\u00f6rre modellen. Med en n\u00e5got annorlunda planl\u00f6sning k\u00e4nns dock modellerna igen i de flesta fall. Med tre sovrum finns fortfarande mycket stora och v\u00e4lplanerade ytor kvar till \u00f6vriga utrymmen. Det breda och fantastiskt ljusa allrummet \u00e4r naturligtvis modellens k\u00e4nnetecken och vanligtvis mest nyttjade yta.  Modellen har en tr\u00e4ffs\u00e4ker design som passar i alla milj\u00f6er och omr\u00e5den, Strycksele har blivit en favorit b\u00e5de i fj\u00e4ll och vid kust.\" \/>\n<meta property=\"og:url\" content=\"https:\/\/jorntrahus.se\/nb\/husmodell\/kvelningssele-129\/\" \/>\n<meta property=\"og:site_name\" content=\"J\u00f6rntr\u00e4hus\" \/>\n<meta property=\"article:modified_time\" content=\"2023-02-16T11:04:45+00:00\" \/>\n<meta property=\"og:image\" content=\"https:\/\/jorntrahus.se\/wp-content\/uploads\/2017\/01\/Strycksele-L-3D.jpg\" \/>\n\t<meta property=\"og:image:width\" content=\"2400\" \/>\n\t<meta property=\"og:image:height\" content=\"1350\" \/>\n\t<meta property=\"og:image:type\" content=\"image\/jpeg\" \/>\n<meta name=\"twitter:card\" content=\"summary_large_image\" \/>\n<script type=\"application\/ld+json\" class=\"yoast-schema-graph\">{\"@context\":\"https:\\\/\\\/schema.org\",\"@graph\":[{\"@type\":\"WebPage\",\"@id\":\"https:\\\/\\\/jorntrahus.se\\\/husmodell\\\/strycksele-129\\\/\",\"url\":\"https:\\\/\\\/jorntrahus.se\\\/husmodell\\\/strycksele-129\\\/\",\"name\":\"Strycksele 129 - J\u00f6rntr\u00e4hus\",\"isPartOf\":{\"@id\":\"https:\\\/\\\/jorntrahus.se\\\/#website\"},\"primaryImageOfPage\":{\"@id\":\"https:\\\/\\\/jorntrahus.se\\\/husmodell\\\/strycksele-129\\\/#primaryimage\"},\"image\":{\"@id\":\"https:\\\/\\\/jorntrahus.se\\\/husmodell\\\/strycksele-129\\\/#primaryimage\"},\"thumbnailUrl\":\"https:\\\/\\\/jorntrahus.se\\\/wp-content\\\/uploads\\\/2017\\\/01\\\/Strycksele-L-3D.jpg\",\"datePublished\":\"2017-01-13T13:50:36+00:00\",\"dateModified\":\"2023-02-16T11:04:45+00:00\",\"breadcrumb\":{\"@id\":\"https:\\\/\\\/jorntrahus.se\\\/husmodell\\\/strycksele-129\\\/#breadcrumb\"},\"inLanguage\":\"nb-NO\",\"potentialAction\":[{\"@type\":\"ReadAction\",\"target\":[\"https:\\\/\\\/jorntrahus.se\\\/husmodell\\\/strycksele-129\\\/\"]}]},{\"@type\":\"ImageObject\",\"inLanguage\":\"nb-NO\",\"@id\":\"https:\\\/\\\/jorntrahus.se\\\/husmodell\\\/strycksele-129\\\/#primaryimage\",\"url\":\"https:\\\/\\\/jorntrahus.se\\\/wp-content\\\/uploads\\\/2017\\\/01\\\/Strycksele-L-3D.jpg\",\"contentUrl\":\"https:\\\/\\\/jorntrahus.se\\\/wp-content\\\/uploads\\\/2017\\\/01\\\/Strycksele-L-3D.jpg\",\"width\":2400,\"height\":1350,\"caption\":\"Strycksele L - fritidshus i byggsats fr\u00e5n J\u00f6rntr\u00e4hus. Husbyggsats \\\/ husmodell som passar till fritidshus, villa, sommarhus, fj\u00e4llstuga, stuga\"},{\"@type\":\"BreadcrumbList\",\"@id\":\"https:\\\/\\\/jorntrahus.se\\\/husmodell\\\/strycksele-129\\\/#breadcrumb\",\"itemListElement\":[{\"@type\":\"ListItem\",\"position\":1,\"name\":\"Hem\",\"item\":\"https:\\\/\\\/jorntrahus.se\\\/\"},{\"@type\":\"ListItem\",\"position\":2,\"name\":\"V\u00e5ra hus\",\"item\":\"https:\\\/\\\/jorntrahus.se\\\/husen\\\/\"},{\"@type\":\"ListItem\",\"position\":3,\"name\":\"Strycksele 129\"}]},{\"@type\":\"WebSite\",\"@id\":\"https:\\\/\\\/jorntrahus.se\\\/#website\",\"url\":\"https:\\\/\\\/jorntrahus.se\\\/\",\"name\":\"J\u00f6rntr\u00e4hus\",\"description\":\"Hus f\u00f6r den medvetne\",\"publisher\":{\"@id\":\"https:\\\/\\\/jorntrahus.se\\\/#organization\"},\"potentialAction\":[{\"@type\":\"SearchAction\",\"target\":{\"@type\":\"EntryPoint\",\"urlTemplate\":\"https:\\\/\\\/jorntrahus.se\\\/?s={search_term_string}\"},\"query-input\":{\"@type\":\"PropertyValueSpecification\",\"valueRequired\":true,\"valueName\":\"search_term_string\"}}],\"inLanguage\":\"nb-NO\"},{\"@type\":\"Organization\",\"@id\":\"https:\\\/\\\/jorntrahus.se\\\/#organization\",\"name\":\"J\u00f6rntr\u00e4hus\",\"url\":\"https:\\\/\\\/jorntrahus.se\\\/\",\"logo\":{\"@type\":\"ImageObject\",\"inLanguage\":\"nb-NO\",\"@id\":\"https:\\\/\\\/jorntrahus.se\\\/#\\\/schema\\\/logo\\\/image\\\/\",\"url\":\"https:\\\/\\\/jorntrahus.se\\\/wp-content\\\/uploads\\\/2020\\\/09\\\/Jorntrahus_Grund_CMYK.eps\",\"contentUrl\":\"https:\\\/\\\/jorntrahus.se\\\/wp-content\\\/uploads\\\/2020\\\/09\\\/Jorntrahus_Grund_CMYK.eps\",\"width\":1,\"height\":1,\"caption\":\"J\u00f6rntr\u00e4hus\"},\"image\":{\"@id\":\"https:\\\/\\\/jorntrahus.se\\\/#\\\/schema\\\/logo\\\/image\\\/\"}}]}<\/script>\n<!-- \/ Yoast SEO plugin. -->","yoast_head_json":{"title":"Strycksele 129 - J\u00f6rntr\u00e4hus","robots":{"index":"index","follow":"follow","max-snippet":"max-snippet:-1","max-image-preview":"max-image-preview:large","max-video-preview":"max-video-preview:-1"},"canonical":"https:\/\/jorntrahus.se\/nb\/husmodell\/kvelningssele-129\/","og_locale":"nb_NO","og_type":"article","og_title":"Strycksele 129 - J\u00f6rntr\u00e4hus","og_description":"Tr\u00e4ffs\u00e4ker design som passar in i alla milj\u00f6er Det karakt\u00e4ristiska glaspartiet \u00e4r detsamma som i den st\u00f6rre modellen. Med en n\u00e5got annorlunda planl\u00f6sning k\u00e4nns dock modellerna igen i de flesta fall. Med tre sovrum finns fortfarande mycket stora och v\u00e4lplanerade ytor kvar till \u00f6vriga utrymmen. Det breda och fantastiskt ljusa allrummet \u00e4r naturligtvis modellens k\u00e4nnetecken och vanligtvis mest nyttjade yta.  Modellen har en tr\u00e4ffs\u00e4ker design som passar i alla milj\u00f6er och omr\u00e5den, Strycksele har blivit en favorit b\u00e5de i fj\u00e4ll och vid kust.","og_url":"https:\/\/jorntrahus.se\/nb\/husmodell\/kvelningssele-129\/","og_site_name":"J\u00f6rntr\u00e4hus","article_modified_time":"2023-02-16T11:04:45+00:00","og_image":[{"width":2400,"height":1350,"url":"https:\/\/jorntrahus.se\/wp-content\/uploads\/2017\/01\/Strycksele-L-3D.jpg","type":"image\/jpeg"}],"twitter_card":"summary_large_image","schema":{"@context":"https:\/\/schema.org","@graph":[{"@type":"WebPage","@id":"https:\/\/jorntrahus.se\/husmodell\/strycksele-129\/","url":"https:\/\/jorntrahus.se\/husmodell\/strycksele-129\/","name":"Strycksele 129 - J\u00f6rntr\u00e4hus","isPartOf":{"@id":"https:\/\/jorntrahus.se\/#website"},"primaryImageOfPage":{"@id":"https:\/\/jorntrahus.se\/husmodell\/strycksele-129\/#primaryimage"},"image":{"@id":"https:\/\/jorntrahus.se\/husmodell\/strycksele-129\/#primaryimage"},"thumbnailUrl":"https:\/\/jorntrahus.se\/wp-content\/uploads\/2017\/01\/Strycksele-L-3D.jpg","datePublished":"2017-01-13T13:50:36+00:00","dateModified":"2023-02-16T11:04:45+00:00","breadcrumb":{"@id":"https:\/\/jorntrahus.se\/husmodell\/strycksele-129\/#breadcrumb"},"inLanguage":"nb-NO","potentialAction":[{"@type":"ReadAction","target":["https:\/\/jorntrahus.se\/husmodell\/strycksele-129\/"]}]},{"@type":"ImageObject","inLanguage":"nb-NO","@id":"https:\/\/jorntrahus.se\/husmodell\/strycksele-129\/#primaryimage","url":"https:\/\/jorntrahus.se\/wp-content\/uploads\/2017\/01\/Strycksele-L-3D.jpg","contentUrl":"https:\/\/jorntrahus.se\/wp-content\/uploads\/2017\/01\/Strycksele-L-3D.jpg","width":2400,"height":1350,"caption":"Strycksele L - fritidshus i byggsats fr\u00e5n J\u00f6rntr\u00e4hus. Husbyggsats \/ husmodell som passar till fritidshus, villa, sommarhus, fj\u00e4llstuga, stuga"},{"@type":"BreadcrumbList","@id":"https:\/\/jorntrahus.se\/husmodell\/strycksele-129\/#breadcrumb","itemListElement":[{"@type":"ListItem","position":1,"name":"Hem","item":"https:\/\/jorntrahus.se\/"},{"@type":"ListItem","position":2,"name":"V\u00e5ra hus","item":"https:\/\/jorntrahus.se\/husen\/"},{"@type":"ListItem","position":3,"name":"Strycksele 129"}]},{"@type":"WebSite","@id":"https:\/\/jorntrahus.se\/#website","url":"https:\/\/jorntrahus.se\/","name":"J\u00f6rntr\u00e4hus","description":"Hus for de bevisste","publisher":{"@id":"https:\/\/jorntrahus.se\/#organization"},"potentialAction":[{"@type":"SearchAction","target":{"@type":"EntryPoint","urlTemplate":"https:\/\/jorntrahus.se\/?s={search_term_string}"},"query-input":{"@type":"PropertyValueSpecification","valueRequired":true,"valueName":"search_term_string"}}],"inLanguage":"nb-NO"},{"@type":"Organization","@id":"https:\/\/jorntrahus.se\/#organization","name":"J\u00f6rntr\u00e4hus","url":"https:\/\/jorntrahus.se\/","logo":{"@type":"ImageObject","inLanguage":"nb-NO","@id":"https:\/\/jorntrahus.se\/#\/schema\/logo\/image\/","url":"https:\/\/jorntrahus.se\/wp-content\/uploads\/2020\/09\/Jorntrahus_Grund_CMYK.eps","contentUrl":"https:\/\/jorntrahus.se\/wp-content\/uploads\/2020\/09\/Jorntrahus_Grund_CMYK.eps","width":1,"height":1,"caption":"J\u00f6rntr\u00e4hus"},"image":{"@id":"https:\/\/jorntrahus.se\/#\/schema\/logo\/image\/"}}]}},"publishpress_future_workflow_manual_trigger":{"enabledWorkflows":[]},"_links":{"self":[{"href":"https:\/\/jorntrahus.se\/nb\/wp-json\/wp\/v2\/product\/3943","targetHints":{"allow":["GET"]}}],"collection":[{"href":"https:\/\/jorntrahus.se\/nb\/wp-json\/wp\/v2\/product"}],"about":[{"href":"https:\/\/jorntrahus.se\/nb\/wp-json\/wp\/v2\/types\/product"}],"wp:featuredmedia":[{"embeddable":true,"href":"https:\/\/jorntrahus.se\/nb\/wp-json\/wp\/v2\/media\/11621"}],"wp:attachment":[{"href":"https:\/\/jorntrahus.se\/nb\/wp-json\/wp\/v2\/media?parent=3943"}],"wp:term":[{"taxonomy":"product_brand","embeddable":true,"href":"https:\/\/jorntrahus.se\/nb\/wp-json\/wp\/v2\/product_brand?post=3943"},{"taxonomy":"product_cat","embeddable":true,"href":"https:\/\/jorntrahus.se\/nb\/wp-json\/wp\/v2\/product_cat?post=3943"},{"taxonomy":"product_tag","embeddable":true,"href":"https:\/\/jorntrahus.se\/nb\/wp-json\/wp\/v2\/product_tag?post=3943"}],"curies":[{"name":"wp","href":"https:\/\/api.w.org\/{rel}","templated":true}]}}