{"id":6066,"date":"2018-02-15T15:37:27","date_gmt":"2018-02-15T14:37:27","guid":{"rendered":"https:\/\/jorntrahus.se\/?post_type=product&#038;p=6066"},"modified":"2023-02-16T12:04:42","modified_gmt":"2023-02-16T11:04:42","slug":"skarudden-185","status":"publish","type":"product","link":"https:\/\/jorntrahus.se\/nb\/husmodell\/skarudden-185\/","title":{"rendered":"Sk\u00e4rudden 185"},"content":{"rendered":"","protected":false},"excerpt":{"rendered":"<h3>Lever du rockestjernelivet til daglig?<\/h3>\n<p>Sk\u00e4rudden tilbyr et feriehus b\u00e5de for den som er trend- og stilbevisst, og for den som ser huset sitt som en naturlig del av sin identitet. De tre bygningene fyller hver sin hovedfunksjon.<\/p>\n<p>Kj\u00f8kken, spisestue og ungdoms- eller gjesterom i den ene fl\u00f8yen, mens den motsatte fl\u00f8yen rommer et stort soverom med gjennomgangsgarderobe og et romslig avslapnings- og aktivitetsrom.<\/p>\n<p>Midtpartiet er husets mest karakteristiske del og binder sammen de to sidefl\u00f8yene. Med full takh\u00f8yde er den sentralt plasserte stuen husets naturlige samlingssted. Spennende vinkler p\u00e5 ytterveggene gjenspeiles ogs\u00e5 i interi\u00f8ret, der vinduene \u00e5pner utsikten i flere retninger.<\/p>","protected":false},"featured_media":6101,"template":"","meta":[],"product_brand":[],"product_cat":[562],"product_tag":[26,1263],"class_list":{"0":"post-6066","1":"product","2":"type-product","3":"status-publish","4":"has-post-thumbnail","6":"product_cat-skarudden","7":"product_tag-003-1-plan","8":"product_tag-funkis","9":"husstil-funkis","10":"hustyp-fritidshus","12":"first","13":"instock","14":"shipping-taxable","15":"product-type-simple"},"yoast_head":"<!-- This site is optimized with the Yoast SEO plugin v27.5 - https:\/\/yoast.com\/product\/yoast-seo-wordpress\/ -->\n<title>Sk\u00e4rudden 185 - J\u00f6rntr\u00e4hus<\/title>\n<meta name=\"robots\" content=\"index, follow, max-snippet:-1, max-image-preview:large, max-video-preview:-1\" \/>\n<link rel=\"canonical\" href=\"https:\/\/jorntrahus.se\/nb\/husmodell\/skarudden-185\/\" \/>\n<meta property=\"og:locale\" content=\"nb_NO\" \/>\n<meta property=\"og:type\" content=\"article\" \/>\n<meta property=\"og:title\" content=\"Sk\u00e4rudden 185 - J\u00f6rntr\u00e4hus\" \/>\n<meta property=\"og:description\" content=\"Leva rockstj\u00e4rneliv till vardags?! Sk\u00e4rudden erbjuder ett fritidshus f\u00f6r de som b\u00e5de \u00e4r trend- och\u00a0stilmedvetna likv\u00e4l de som ser sitt hus\u00a0som en sj\u00e4lvklar del av sin identitet.\u00a0De tre huskropparna fyller var f\u00f6r sig\u00a0sin huvudsakliga funktion.  K\u00f6k, matrum\u00a0samt ungdoms- eller g\u00e4strum i den ena\u00a0avdelningen medan den motsatta flygeln\u00a0inrymmer ett stort sovrum med walkthrough\u00a0garderob samt ett rymligt relax och\u00a0aktivitetsrum.  Mittendelen \u00e4r den mest karakt\u00e4ristiska\u00a0delen i huset och binder ihop de tv\u00e5 sidoflyglarna. Med full takh\u00f6jd blir det centralt placerade allrummet husets naturliga\u00a0samlingsplats. Sp\u00e4nnande vinklar\u00a0p\u00e5 ytterv\u00e4ggarna speglar av sig \u00e4ven\u00a0interi\u00f6rt d\u00e4r f\u00f6nsters\u00e4ttningen \u00f6ppnar\u00a0upp vyerna i flertalet riktningar.\" \/>\n<meta property=\"og:url\" content=\"https:\/\/jorntrahus.se\/nb\/husmodell\/skarudden-185\/\" \/>\n<meta property=\"og:site_name\" content=\"J\u00f6rntr\u00e4hus\" \/>\n<meta property=\"article:modified_time\" content=\"2023-02-16T11:04:42+00:00\" \/>\n<meta property=\"og:image\" content=\"https:\/\/jorntrahus.se\/wp-content\/uploads\/2017\/12\/Sk\u00e4rudden-XL-3D.jpg\" \/>\n\t<meta property=\"og:image:width\" content=\"1500\" \/>\n\t<meta property=\"og:image:height\" content=\"1000\" \/>\n\t<meta property=\"og:image:type\" content=\"image\/jpeg\" \/>\n<meta name=\"twitter:card\" content=\"summary_large_image\" \/>\n<script type=\"application\/ld+json\" class=\"yoast-schema-graph\">{\"@context\":\"https:\\\/\\\/schema.org\",\"@graph\":[{\"@type\":\"WebPage\",\"@id\":\"https:\\\/\\\/jorntrahus.se\\\/husmodell\\\/skarudden-185\\\/\",\"url\":\"https:\\\/\\\/jorntrahus.se\\\/husmodell\\\/skarudden-185\\\/\",\"name\":\"Sk\u00e4rudden 185 - J\u00f6rntr\u00e4hus\",\"isPartOf\":{\"@id\":\"https:\\\/\\\/jorntrahus.se\\\/#website\"},\"primaryImageOfPage\":{\"@id\":\"https:\\\/\\\/jorntrahus.se\\\/husmodell\\\/skarudden-185\\\/#primaryimage\"},\"image\":{\"@id\":\"https:\\\/\\\/jorntrahus.se\\\/husmodell\\\/skarudden-185\\\/#primaryimage\"},\"thumbnailUrl\":\"https:\\\/\\\/jorntrahus.se\\\/wp-content\\\/uploads\\\/2017\\\/12\\\/Sk\u00e4rudden-XL-3D.jpg\",\"datePublished\":\"2018-02-15T14:37:27+00:00\",\"dateModified\":\"2023-02-16T11:04:42+00:00\",\"breadcrumb\":{\"@id\":\"https:\\\/\\\/jorntrahus.se\\\/husmodell\\\/skarudden-185\\\/#breadcrumb\"},\"inLanguage\":\"nb-NO\",\"potentialAction\":[{\"@type\":\"ReadAction\",\"target\":[\"https:\\\/\\\/jorntrahus.se\\\/husmodell\\\/skarudden-185\\\/\"]}]},{\"@type\":\"ImageObject\",\"inLanguage\":\"nb-NO\",\"@id\":\"https:\\\/\\\/jorntrahus.se\\\/husmodell\\\/skarudden-185\\\/#primaryimage\",\"url\":\"https:\\\/\\\/jorntrahus.se\\\/wp-content\\\/uploads\\\/2017\\\/12\\\/Sk\u00e4rudden-XL-3D.jpg\",\"contentUrl\":\"https:\\\/\\\/jorntrahus.se\\\/wp-content\\\/uploads\\\/2017\\\/12\\\/Sk\u00e4rudden-XL-3D.jpg\",\"width\":1500,\"height\":1000,\"caption\":\"Fritidshus fr\u00e5n J\u00f6rntr\u00e4hus - Husmodell Sk\u00e4rudden XL - husbyggsats - fritidshus - villa\"},{\"@type\":\"BreadcrumbList\",\"@id\":\"https:\\\/\\\/jorntrahus.se\\\/husmodell\\\/skarudden-185\\\/#breadcrumb\",\"itemListElement\":[{\"@type\":\"ListItem\",\"position\":1,\"name\":\"Hem\",\"item\":\"https:\\\/\\\/jorntrahus.se\\\/\"},{\"@type\":\"ListItem\",\"position\":2,\"name\":\"V\u00e5ra hus\",\"item\":\"https:\\\/\\\/jorntrahus.se\\\/husen\\\/\"},{\"@type\":\"ListItem\",\"position\":3,\"name\":\"Sk\u00e4rudden 185\"}]},{\"@type\":\"WebSite\",\"@id\":\"https:\\\/\\\/jorntrahus.se\\\/#website\",\"url\":\"https:\\\/\\\/jorntrahus.se\\\/\",\"name\":\"J\u00f6rntr\u00e4hus\",\"description\":\"Hus f\u00f6r den medvetne\",\"publisher\":{\"@id\":\"https:\\\/\\\/jorntrahus.se\\\/#organization\"},\"potentialAction\":[{\"@type\":\"SearchAction\",\"target\":{\"@type\":\"EntryPoint\",\"urlTemplate\":\"https:\\\/\\\/jorntrahus.se\\\/?s={search_term_string}\"},\"query-input\":{\"@type\":\"PropertyValueSpecification\",\"valueRequired\":true,\"valueName\":\"search_term_string\"}}],\"inLanguage\":\"nb-NO\"},{\"@type\":\"Organization\",\"@id\":\"https:\\\/\\\/jorntrahus.se\\\/#organization\",\"name\":\"J\u00f6rntr\u00e4hus\",\"url\":\"https:\\\/\\\/jorntrahus.se\\\/\",\"logo\":{\"@type\":\"ImageObject\",\"inLanguage\":\"nb-NO\",\"@id\":\"https:\\\/\\\/jorntrahus.se\\\/#\\\/schema\\\/logo\\\/image\\\/\",\"url\":\"https:\\\/\\\/jorntrahus.se\\\/wp-content\\\/uploads\\\/2020\\\/09\\\/Jorntrahus_Grund_CMYK.eps\",\"contentUrl\":\"https:\\\/\\\/jorntrahus.se\\\/wp-content\\\/uploads\\\/2020\\\/09\\\/Jorntrahus_Grund_CMYK.eps\",\"width\":1,\"height\":1,\"caption\":\"J\u00f6rntr\u00e4hus\"},\"image\":{\"@id\":\"https:\\\/\\\/jorntrahus.se\\\/#\\\/schema\\\/logo\\\/image\\\/\"}}]}<\/script>\n<!-- \/ Yoast SEO plugin. -->","yoast_head_json":{"title":"Sk\u00e4rudden 185 - J\u00f6rntr\u00e4hus","robots":{"index":"index","follow":"follow","max-snippet":"max-snippet:-1","max-image-preview":"max-image-preview:large","max-video-preview":"max-video-preview:-1"},"canonical":"https:\/\/jorntrahus.se\/nb\/husmodell\/skarudden-185\/","og_locale":"nb_NO","og_type":"article","og_title":"Sk\u00e4rudden 185 - J\u00f6rntr\u00e4hus","og_description":"Leva rockstj\u00e4rneliv till vardags?! Sk\u00e4rudden erbjuder ett fritidshus f\u00f6r de som b\u00e5de \u00e4r trend- och\u00a0stilmedvetna likv\u00e4l de som ser sitt hus\u00a0som en sj\u00e4lvklar del av sin identitet.\u00a0De tre huskropparna fyller var f\u00f6r sig\u00a0sin huvudsakliga funktion.  K\u00f6k, matrum\u00a0samt ungdoms- eller g\u00e4strum i den ena\u00a0avdelningen medan den motsatta flygeln\u00a0inrymmer ett stort sovrum med walkthrough\u00a0garderob samt ett rymligt relax och\u00a0aktivitetsrum.  Mittendelen \u00e4r den mest karakt\u00e4ristiska\u00a0delen i huset och binder ihop de tv\u00e5 sidoflyglarna. Med full takh\u00f6jd blir det centralt placerade allrummet husets naturliga\u00a0samlingsplats. Sp\u00e4nnande vinklar\u00a0p\u00e5 ytterv\u00e4ggarna speglar av sig \u00e4ven\u00a0interi\u00f6rt d\u00e4r f\u00f6nsters\u00e4ttningen \u00f6ppnar\u00a0upp vyerna i flertalet riktningar.","og_url":"https:\/\/jorntrahus.se\/nb\/husmodell\/skarudden-185\/","og_site_name":"J\u00f6rntr\u00e4hus","article_modified_time":"2023-02-16T11:04:42+00:00","og_image":[{"width":1500,"height":1000,"url":"https:\/\/jorntrahus.se\/wp-content\/uploads\/2017\/12\/Sk\u00e4rudden-XL-3D.jpg","type":"image\/jpeg"}],"twitter_card":"summary_large_image","schema":{"@context":"https:\/\/schema.org","@graph":[{"@type":"WebPage","@id":"https:\/\/jorntrahus.se\/husmodell\/skarudden-185\/","url":"https:\/\/jorntrahus.se\/husmodell\/skarudden-185\/","name":"Sk\u00e4rudden 185 - J\u00f6rntr\u00e4hus","isPartOf":{"@id":"https:\/\/jorntrahus.se\/#website"},"primaryImageOfPage":{"@id":"https:\/\/jorntrahus.se\/husmodell\/skarudden-185\/#primaryimage"},"image":{"@id":"https:\/\/jorntrahus.se\/husmodell\/skarudden-185\/#primaryimage"},"thumbnailUrl":"https:\/\/jorntrahus.se\/wp-content\/uploads\/2017\/12\/Sk\u00e4rudden-XL-3D.jpg","datePublished":"2018-02-15T14:37:27+00:00","dateModified":"2023-02-16T11:04:42+00:00","breadcrumb":{"@id":"https:\/\/jorntrahus.se\/husmodell\/skarudden-185\/#breadcrumb"},"inLanguage":"nb-NO","potentialAction":[{"@type":"ReadAction","target":["https:\/\/jorntrahus.se\/husmodell\/skarudden-185\/"]}]},{"@type":"ImageObject","inLanguage":"nb-NO","@id":"https:\/\/jorntrahus.se\/husmodell\/skarudden-185\/#primaryimage","url":"https:\/\/jorntrahus.se\/wp-content\/uploads\/2017\/12\/Sk\u00e4rudden-XL-3D.jpg","contentUrl":"https:\/\/jorntrahus.se\/wp-content\/uploads\/2017\/12\/Sk\u00e4rudden-XL-3D.jpg","width":1500,"height":1000,"caption":"Fritidshus fr\u00e5n J\u00f6rntr\u00e4hus - Husmodell Sk\u00e4rudden XL - husbyggsats - fritidshus - villa"},{"@type":"BreadcrumbList","@id":"https:\/\/jorntrahus.se\/husmodell\/skarudden-185\/#breadcrumb","itemListElement":[{"@type":"ListItem","position":1,"name":"Hem","item":"https:\/\/jorntrahus.se\/"},{"@type":"ListItem","position":2,"name":"V\u00e5ra hus","item":"https:\/\/jorntrahus.se\/husen\/"},{"@type":"ListItem","position":3,"name":"Sk\u00e4rudden 185"}]},{"@type":"WebSite","@id":"https:\/\/jorntrahus.se\/#website","url":"https:\/\/jorntrahus.se\/","name":"J\u00f6rntr\u00e4hus","description":"Hus for de bevisste","publisher":{"@id":"https:\/\/jorntrahus.se\/#organization"},"potentialAction":[{"@type":"SearchAction","target":{"@type":"EntryPoint","urlTemplate":"https:\/\/jorntrahus.se\/?s={search_term_string}"},"query-input":{"@type":"PropertyValueSpecification","valueRequired":true,"valueName":"search_term_string"}}],"inLanguage":"nb-NO"},{"@type":"Organization","@id":"https:\/\/jorntrahus.se\/#organization","name":"J\u00f6rntr\u00e4hus","url":"https:\/\/jorntrahus.se\/","logo":{"@type":"ImageObject","inLanguage":"nb-NO","@id":"https:\/\/jorntrahus.se\/#\/schema\/logo\/image\/","url":"https:\/\/jorntrahus.se\/wp-content\/uploads\/2020\/09\/Jorntrahus_Grund_CMYK.eps","contentUrl":"https:\/\/jorntrahus.se\/wp-content\/uploads\/2020\/09\/Jorntrahus_Grund_CMYK.eps","width":1,"height":1,"caption":"J\u00f6rntr\u00e4hus"},"image":{"@id":"https:\/\/jorntrahus.se\/#\/schema\/logo\/image\/"}}]}},"publishpress_future_workflow_manual_trigger":{"enabledWorkflows":[]},"_links":{"self":[{"href":"https:\/\/jorntrahus.se\/nb\/wp-json\/wp\/v2\/product\/6066","targetHints":{"allow":["GET"]}}],"collection":[{"href":"https:\/\/jorntrahus.se\/nb\/wp-json\/wp\/v2\/product"}],"about":[{"href":"https:\/\/jorntrahus.se\/nb\/wp-json\/wp\/v2\/types\/product"}],"wp:featuredmedia":[{"embeddable":true,"href":"https:\/\/jorntrahus.se\/nb\/wp-json\/wp\/v2\/media\/6101"}],"wp:attachment":[{"href":"https:\/\/jorntrahus.se\/nb\/wp-json\/wp\/v2\/media?parent=6066"}],"wp:term":[{"taxonomy":"product_brand","embeddable":true,"href":"https:\/\/jorntrahus.se\/nb\/wp-json\/wp\/v2\/product_brand?post=6066"},{"taxonomy":"product_cat","embeddable":true,"href":"https:\/\/jorntrahus.se\/nb\/wp-json\/wp\/v2\/product_cat?post=6066"},{"taxonomy":"product_tag","embeddable":true,"href":"https:\/\/jorntrahus.se\/nb\/wp-json\/wp\/v2\/product_tag?post=6066"}],"curies":[{"name":"wp","href":"https:\/\/api.w.org\/{rel}","templated":true}]}}