{"id":6070,"date":"2018-02-16T14:06:24","date_gmt":"2018-02-16T13:06:24","guid":{"rendered":"https:\/\/jorntrahus.se\/?post_type=product&#038;p=6070"},"modified":"2023-02-16T12:04:42","modified_gmt":"2023-02-16T11:04:42","slug":"soltorp-67","status":"publish","type":"product","link":"https:\/\/jorntrahus.se\/nb\/husmodell\/soltorp-67\/","title":{"rendered":"Soltorp 67"},"content":{"rendered":"","protected":false},"excerpt":{"rendered":"<h3>Kompakt stue med stor balkong<\/h3>\n<p>Mindre feriehus der \u201dcompact living\u201d gj\u00f8r seg gjeldende. Doble soverom som passer godt til den mindre familien, men hvor kj\u00f8kken og stue ogs\u00e5 har plass til flere gjester. Det kompakte badet inneholder alt man kan forvente i et hus p\u00e5 s\u00e5 f\u00e5 kvadratmeter. Den utvidede terrassen er en naturlig del av huset, noe som har en positiv effekt p\u00e5 den totale st\u00f8rrelsen og plassen.<\/p>\n<p><a href=\"https:\/\/jorntrahus.se\/wp-content\/uploads\/2017\/12\/Soltorp-XS-3D.jpg\"><img loading=\"lazy\" decoding=\"async\" class=\"alignnone size-large wp-image-6100\" src=\"https:\/\/jorntrahus.se\/wp-content\/uploads\/2017\/12\/Soltorp-XS-3D-1200x800.jpg\" alt=\"Feriebolig Soltorp XS fra husprodusenten J\u00f6rntr\u00e4hus\" width=\"1020\" height=\"680\" srcset=\"https:\/\/jorntrahus.se\/wp-content\/uploads\/2017\/12\/Soltorp-XS-3D-1200x800.jpg 1200w, https:\/\/jorntrahus.se\/wp-content\/uploads\/2017\/12\/Soltorp-XS-3D-600x400.jpg 600w, https:\/\/jorntrahus.se\/wp-content\/uploads\/2017\/12\/Soltorp-XS-3D-900x600.jpg 900w, https:\/\/jorntrahus.se\/wp-content\/uploads\/2017\/12\/Soltorp-XS-3D-768x512.jpg 768w, https:\/\/jorntrahus.se\/wp-content\/uploads\/2017\/12\/Soltorp-XS-3D.jpg 1500w\" sizes=\"auto, (max-width: 1020px) 100vw, 1020px\" \/><\/a><\/p>","protected":false},"featured_media":9530,"template":"","meta":[],"product_brand":[],"product_cat":[572],"product_tag":[26,1267],"class_list":{"0":"post-6070","1":"product","2":"type-product","3":"status-publish","4":"has-post-thumbnail","6":"product_cat-soltorp","7":"product_tag-003-1-plan","8":"product_tag-klassiskt-hus","9":"husstil-klassiska-hus","10":"hustyp-fritidshus","12":"first","13":"instock","14":"shipping-taxable","15":"product-type-simple"},"yoast_head":"<!-- This site is optimized with the Yoast SEO plugin v27.5 - https:\/\/yoast.com\/product\/yoast-seo-wordpress\/ -->\n<title>Soltorp 67 - J\u00f6rntr\u00e4hus<\/title>\n<meta name=\"robots\" content=\"index, follow, max-snippet:-1, max-image-preview:large, max-video-preview:-1\" \/>\n<link rel=\"canonical\" href=\"https:\/\/jorntrahus.se\/nb\/husmodell\/soltorp-67\/\" \/>\n<meta property=\"og:locale\" content=\"nb_NO\" \/>\n<meta property=\"og:type\" content=\"article\" \/>\n<meta property=\"og:title\" content=\"Soltorp 67 - J\u00f6rntr\u00e4hus\" \/>\n<meta property=\"og:description\" content=\"Compact living med stor altan Mindre fritidshus d\u00e4r \u201dcompact living\u201d g\u00f6r sig g\u00e4llande. Dubbla sovrum som passar den mindre\u00a0familjen v\u00e4l men d\u00e4r k\u00f6k och allrum\u00a0\u00e4ven rymmer fler g\u00e4ster. Det\u00a0kompakta badrummet inneh\u00e5ller allt\u00a0man kan f\u00f6rv\u00e4nta sig i ett hus p\u00e5 s\u00e5 f\u00e5\u00a0kvadratmeter. Den vidbyggda altanen\u00a0\u00e4r en naturlig del av huset som\u00a0p\u00e5verkar storleken och ytan positivt i\u00a0sin helhet.\" \/>\n<meta property=\"og:url\" content=\"https:\/\/jorntrahus.se\/nb\/husmodell\/soltorp-67\/\" \/>\n<meta property=\"og:site_name\" content=\"J\u00f6rntr\u00e4hus\" \/>\n<meta property=\"article:modified_time\" content=\"2023-02-16T11:04:42+00:00\" \/>\n<meta property=\"og:image\" content=\"https:\/\/jorntrahus.se\/wp-content\/uploads\/2018\/02\/Soltorp-XS-3D.jpg\" \/>\n\t<meta property=\"og:image:width\" content=\"2400\" \/>\n\t<meta property=\"og:image:height\" content=\"1600\" \/>\n\t<meta property=\"og:image:type\" content=\"image\/jpeg\" \/>\n<meta name=\"twitter:card\" content=\"summary_large_image\" \/>\n<script type=\"application\/ld+json\" class=\"yoast-schema-graph\">{\"@context\":\"https:\\\/\\\/schema.org\",\"@graph\":[{\"@type\":\"WebPage\",\"@id\":\"https:\\\/\\\/jorntrahus.se\\\/husmodell\\\/soltorp-67\\\/\",\"url\":\"https:\\\/\\\/jorntrahus.se\\\/husmodell\\\/soltorp-67\\\/\",\"name\":\"Soltorp 67 - J\u00f6rntr\u00e4hus\",\"isPartOf\":{\"@id\":\"https:\\\/\\\/jorntrahus.se\\\/#website\"},\"primaryImageOfPage\":{\"@id\":\"https:\\\/\\\/jorntrahus.se\\\/husmodell\\\/soltorp-67\\\/#primaryimage\"},\"image\":{\"@id\":\"https:\\\/\\\/jorntrahus.se\\\/husmodell\\\/soltorp-67\\\/#primaryimage\"},\"thumbnailUrl\":\"https:\\\/\\\/jorntrahus.se\\\/wp-content\\\/uploads\\\/2018\\\/02\\\/Soltorp-XS-3D.jpg\",\"datePublished\":\"2018-02-16T13:06:24+00:00\",\"dateModified\":\"2023-02-16T11:04:42+00:00\",\"breadcrumb\":{\"@id\":\"https:\\\/\\\/jorntrahus.se\\\/husmodell\\\/soltorp-67\\\/#breadcrumb\"},\"inLanguage\":\"nb-NO\",\"potentialAction\":[{\"@type\":\"ReadAction\",\"target\":[\"https:\\\/\\\/jorntrahus.se\\\/husmodell\\\/soltorp-67\\\/\"]}]},{\"@type\":\"ImageObject\",\"inLanguage\":\"nb-NO\",\"@id\":\"https:\\\/\\\/jorntrahus.se\\\/husmodell\\\/soltorp-67\\\/#primaryimage\",\"url\":\"https:\\\/\\\/jorntrahus.se\\\/wp-content\\\/uploads\\\/2018\\\/02\\\/Soltorp-XS-3D.jpg\",\"contentUrl\":\"https:\\\/\\\/jorntrahus.se\\\/wp-content\\\/uploads\\\/2018\\\/02\\\/Soltorp-XS-3D.jpg\",\"width\":2400,\"height\":1600,\"caption\":\"Fritidshus Soltorp XS fr\u00e5n hustillverkare J\u00f6rntr\u00e4hus\"},{\"@type\":\"BreadcrumbList\",\"@id\":\"https:\\\/\\\/jorntrahus.se\\\/husmodell\\\/soltorp-67\\\/#breadcrumb\",\"itemListElement\":[{\"@type\":\"ListItem\",\"position\":1,\"name\":\"Hem\",\"item\":\"https:\\\/\\\/jorntrahus.se\\\/\"},{\"@type\":\"ListItem\",\"position\":2,\"name\":\"V\u00e5ra hus\",\"item\":\"https:\\\/\\\/jorntrahus.se\\\/husen\\\/\"},{\"@type\":\"ListItem\",\"position\":3,\"name\":\"Soltorp 67\"}]},{\"@type\":\"WebSite\",\"@id\":\"https:\\\/\\\/jorntrahus.se\\\/#website\",\"url\":\"https:\\\/\\\/jorntrahus.se\\\/\",\"name\":\"J\u00f6rntr\u00e4hus\",\"description\":\"Hus f\u00f6r den medvetne\",\"publisher\":{\"@id\":\"https:\\\/\\\/jorntrahus.se\\\/#organization\"},\"potentialAction\":[{\"@type\":\"SearchAction\",\"target\":{\"@type\":\"EntryPoint\",\"urlTemplate\":\"https:\\\/\\\/jorntrahus.se\\\/?s={search_term_string}\"},\"query-input\":{\"@type\":\"PropertyValueSpecification\",\"valueRequired\":true,\"valueName\":\"search_term_string\"}}],\"inLanguage\":\"nb-NO\"},{\"@type\":\"Organization\",\"@id\":\"https:\\\/\\\/jorntrahus.se\\\/#organization\",\"name\":\"J\u00f6rntr\u00e4hus\",\"url\":\"https:\\\/\\\/jorntrahus.se\\\/\",\"logo\":{\"@type\":\"ImageObject\",\"inLanguage\":\"nb-NO\",\"@id\":\"https:\\\/\\\/jorntrahus.se\\\/#\\\/schema\\\/logo\\\/image\\\/\",\"url\":\"https:\\\/\\\/jorntrahus.se\\\/wp-content\\\/uploads\\\/2020\\\/09\\\/Jorntrahus_Grund_CMYK.eps\",\"contentUrl\":\"https:\\\/\\\/jorntrahus.se\\\/wp-content\\\/uploads\\\/2020\\\/09\\\/Jorntrahus_Grund_CMYK.eps\",\"width\":1,\"height\":1,\"caption\":\"J\u00f6rntr\u00e4hus\"},\"image\":{\"@id\":\"https:\\\/\\\/jorntrahus.se\\\/#\\\/schema\\\/logo\\\/image\\\/\"}}]}<\/script>\n<!-- \/ Yoast SEO plugin. -->","yoast_head_json":{"title":"Soltorp 67 - J\u00f6rntr\u00e4hus","robots":{"index":"index","follow":"follow","max-snippet":"max-snippet:-1","max-image-preview":"max-image-preview:large","max-video-preview":"max-video-preview:-1"},"canonical":"https:\/\/jorntrahus.se\/nb\/husmodell\/soltorp-67\/","og_locale":"nb_NO","og_type":"article","og_title":"Soltorp 67 - J\u00f6rntr\u00e4hus","og_description":"Compact living med stor altan Mindre fritidshus d\u00e4r \u201dcompact living\u201d g\u00f6r sig g\u00e4llande. Dubbla sovrum som passar den mindre\u00a0familjen v\u00e4l men d\u00e4r k\u00f6k och allrum\u00a0\u00e4ven rymmer fler g\u00e4ster. Det\u00a0kompakta badrummet inneh\u00e5ller allt\u00a0man kan f\u00f6rv\u00e4nta sig i ett hus p\u00e5 s\u00e5 f\u00e5\u00a0kvadratmeter. Den vidbyggda altanen\u00a0\u00e4r en naturlig del av huset som\u00a0p\u00e5verkar storleken och ytan positivt i\u00a0sin helhet.","og_url":"https:\/\/jorntrahus.se\/nb\/husmodell\/soltorp-67\/","og_site_name":"J\u00f6rntr\u00e4hus","article_modified_time":"2023-02-16T11:04:42+00:00","og_image":[{"width":2400,"height":1600,"url":"https:\/\/jorntrahus.se\/wp-content\/uploads\/2018\/02\/Soltorp-XS-3D.jpg","type":"image\/jpeg"}],"twitter_card":"summary_large_image","schema":{"@context":"https:\/\/schema.org","@graph":[{"@type":"WebPage","@id":"https:\/\/jorntrahus.se\/husmodell\/soltorp-67\/","url":"https:\/\/jorntrahus.se\/husmodell\/soltorp-67\/","name":"Soltorp 67 - J\u00f6rntr\u00e4hus","isPartOf":{"@id":"https:\/\/jorntrahus.se\/#website"},"primaryImageOfPage":{"@id":"https:\/\/jorntrahus.se\/husmodell\/soltorp-67\/#primaryimage"},"image":{"@id":"https:\/\/jorntrahus.se\/husmodell\/soltorp-67\/#primaryimage"},"thumbnailUrl":"https:\/\/jorntrahus.se\/wp-content\/uploads\/2018\/02\/Soltorp-XS-3D.jpg","datePublished":"2018-02-16T13:06:24+00:00","dateModified":"2023-02-16T11:04:42+00:00","breadcrumb":{"@id":"https:\/\/jorntrahus.se\/husmodell\/soltorp-67\/#breadcrumb"},"inLanguage":"nb-NO","potentialAction":[{"@type":"ReadAction","target":["https:\/\/jorntrahus.se\/husmodell\/soltorp-67\/"]}]},{"@type":"ImageObject","inLanguage":"nb-NO","@id":"https:\/\/jorntrahus.se\/husmodell\/soltorp-67\/#primaryimage","url":"https:\/\/jorntrahus.se\/wp-content\/uploads\/2018\/02\/Soltorp-XS-3D.jpg","contentUrl":"https:\/\/jorntrahus.se\/wp-content\/uploads\/2018\/02\/Soltorp-XS-3D.jpg","width":2400,"height":1600,"caption":"Fritidshus Soltorp XS fr\u00e5n hustillverkare J\u00f6rntr\u00e4hus"},{"@type":"BreadcrumbList","@id":"https:\/\/jorntrahus.se\/husmodell\/soltorp-67\/#breadcrumb","itemListElement":[{"@type":"ListItem","position":1,"name":"Hem","item":"https:\/\/jorntrahus.se\/"},{"@type":"ListItem","position":2,"name":"V\u00e5ra hus","item":"https:\/\/jorntrahus.se\/husen\/"},{"@type":"ListItem","position":3,"name":"Soltorp 67"}]},{"@type":"WebSite","@id":"https:\/\/jorntrahus.se\/#website","url":"https:\/\/jorntrahus.se\/","name":"J\u00f6rntr\u00e4hus","description":"Hus for de bevisste","publisher":{"@id":"https:\/\/jorntrahus.se\/#organization"},"potentialAction":[{"@type":"SearchAction","target":{"@type":"EntryPoint","urlTemplate":"https:\/\/jorntrahus.se\/?s={search_term_string}"},"query-input":{"@type":"PropertyValueSpecification","valueRequired":true,"valueName":"search_term_string"}}],"inLanguage":"nb-NO"},{"@type":"Organization","@id":"https:\/\/jorntrahus.se\/#organization","name":"J\u00f6rntr\u00e4hus","url":"https:\/\/jorntrahus.se\/","logo":{"@type":"ImageObject","inLanguage":"nb-NO","@id":"https:\/\/jorntrahus.se\/#\/schema\/logo\/image\/","url":"https:\/\/jorntrahus.se\/wp-content\/uploads\/2020\/09\/Jorntrahus_Grund_CMYK.eps","contentUrl":"https:\/\/jorntrahus.se\/wp-content\/uploads\/2020\/09\/Jorntrahus_Grund_CMYK.eps","width":1,"height":1,"caption":"J\u00f6rntr\u00e4hus"},"image":{"@id":"https:\/\/jorntrahus.se\/#\/schema\/logo\/image\/"}}]}},"publishpress_future_workflow_manual_trigger":{"enabledWorkflows":[]},"_links":{"self":[{"href":"https:\/\/jorntrahus.se\/nb\/wp-json\/wp\/v2\/product\/6070","targetHints":{"allow":["GET"]}}],"collection":[{"href":"https:\/\/jorntrahus.se\/nb\/wp-json\/wp\/v2\/product"}],"about":[{"href":"https:\/\/jorntrahus.se\/nb\/wp-json\/wp\/v2\/types\/product"}],"wp:featuredmedia":[{"embeddable":true,"href":"https:\/\/jorntrahus.se\/nb\/wp-json\/wp\/v2\/media\/9530"}],"wp:attachment":[{"href":"https:\/\/jorntrahus.se\/nb\/wp-json\/wp\/v2\/media?parent=6070"}],"wp:term":[{"taxonomy":"product_brand","embeddable":true,"href":"https:\/\/jorntrahus.se\/nb\/wp-json\/wp\/v2\/product_brand?post=6070"},{"taxonomy":"product_cat","embeddable":true,"href":"https:\/\/jorntrahus.se\/nb\/wp-json\/wp\/v2\/product_cat?post=6070"},{"taxonomy":"product_tag","embeddable":true,"href":"https:\/\/jorntrahus.se\/nb\/wp-json\/wp\/v2\/product_tag?post=6070"}],"curies":[{"name":"wp","href":"https:\/\/api.w.org\/{rel}","templated":true}]}}