{"id":6074,"date":"2018-02-16T15:43:03","date_gmt":"2018-02-16T14:43:03","guid":{"rendered":"https:\/\/jorntrahus.se\/?post_type=product&#038;p=6074"},"modified":"2023-02-16T12:04:40","modified_gmt":"2023-02-16T11:04:40","slug":"dal-129","status":"publish","type":"product","link":"https:\/\/jorntrahus.se\/nb\/husmodell\/kalldal-129\/","title":{"rendered":"K\u00e4lldal 129"},"content":{"rendered":"","protected":false},"excerpt":{"rendered":"<h3>Hus med en ekstra f\u00f8lelse av funkiness<\/h3>\n<p>Med sin tiltalende design der pulpitak og saltak harmonerer, er dette en av v\u00e5re vakreste modeller. Det estetisk tiltalende og praktiske inngangspartiet b\u00e5de \u00f8nsker velkommen og inviterer til bes\u00f8k. Lys, \u00e5pen og luftig er synonymt med den f\u00f8lelsen du ogs\u00e5 vil finne inne i huset. Planl\u00f8sningen rommer tre store soverom med plass til selv den st\u00f8rre familien.<\/p>\n<p><a href=\"https:\/\/jorntrahus.se\/wp-content\/uploads\/2018\/02\/K\u00e4lldal-M-interi\u00f6r-1.jpg\"><img loading=\"lazy\" decoding=\"async\" class=\"alignnone wp-image-9469 size-large\" src=\"https:\/\/jorntrahus.se\/wp-content\/uploads\/2018\/02\/K\u00e4lldal-M-interi\u00f6r-1-1200x780.jpg\" alt=\"K\u00e4lldal M - interi\u00f8r - J\u00f6rntr\u00e4hus - kit hus \/ feriehus \/ villa\" width=\"1020\" height=\"663\" srcset=\"https:\/\/jorntrahus.se\/wp-content\/uploads\/2018\/02\/K\u00e4lldal-M-interi\u00f6r-1-1200x780.jpg 1200w, https:\/\/jorntrahus.se\/wp-content\/uploads\/2018\/02\/K\u00e4lldal-M-interi\u00f6r-1-900x585.jpg 900w, https:\/\/jorntrahus.se\/wp-content\/uploads\/2018\/02\/K\u00e4lldal-M-interi\u00f6r-1-600x390.jpg 600w, https:\/\/jorntrahus.se\/wp-content\/uploads\/2018\/02\/K\u00e4lldal-M-interi\u00f6r-1-768x499.jpg 768w\" sizes=\"auto, (max-width: 1020px) 100vw, 1020px\" \/><\/a><\/p>","protected":false},"featured_media":6107,"template":"","meta":[],"product_brand":[],"product_cat":[580],"product_tag":[26,1263],"class_list":{"0":"post-6074","1":"product","2":"type-product","3":"status-publish","4":"has-post-thumbnail","6":"product_cat-kalldal","7":"product_tag-003-1-plan","8":"product_tag-funkis","9":"husstil-funkis","10":"hustyp-fritidshus","12":"first","13":"instock","14":"shipping-taxable","15":"product-type-simple"},"yoast_head":"<!-- This site is optimized with the Yoast SEO plugin v27.5 - https:\/\/yoast.com\/product\/yoast-seo-wordpress\/ -->\n<title>K\u00e4lldal 129 - J\u00f6rntr\u00e4hus<\/title>\n<meta name=\"robots\" content=\"index, follow, max-snippet:-1, max-image-preview:large, max-video-preview:-1\" \/>\n<link rel=\"canonical\" href=\"https:\/\/jorntrahus.se\/nb\/husmodell\/dal-129\/\" \/>\n<meta property=\"og:locale\" content=\"nb_NO\" \/>\n<meta property=\"og:type\" content=\"article\" \/>\n<meta property=\"og:title\" content=\"K\u00e4lldal 129 - J\u00f6rntr\u00e4hus\" \/>\n<meta property=\"og:description\" content=\"Hus med extra funkisk\u00e4nsla Med sin tilltalande design d\u00e4r pulpettak\u00a0och sadeltak harmoniserar \u00e4r\u00a0detta en av v\u00e5ra vackraste modeller.\u00a0Den estetiskt och praktiska\u00a0entr\u00e9n b\u00e5de v\u00e4lkomnar och bjuder in till bes\u00f6k. Ljust, \u00f6ppet och luftigt \u00e4r\u00a0synonymt med den k\u00e4nsla som man\u00a0finner \u00e4ven interi\u00f6rt. Planl\u00f6sningen\u00a0rymmer tre v\u00e4l tilltagna sovrum med\u00a0plats \u00e4ven f\u00f6r den st\u00f6rre familjen.\" \/>\n<meta property=\"og:url\" content=\"https:\/\/jorntrahus.se\/nb\/husmodell\/dal-129\/\" \/>\n<meta property=\"og:site_name\" content=\"J\u00f6rntr\u00e4hus\" \/>\n<meta property=\"article:modified_time\" content=\"2023-02-16T11:04:40+00:00\" \/>\n<meta property=\"og:image\" content=\"https:\/\/jorntrahus.se\/wp-content\/uploads\/2017\/12\/K\u00e4lldal-S-3D.jpg\" \/>\n\t<meta property=\"og:image:width\" content=\"1500\" \/>\n\t<meta property=\"og:image:height\" content=\"1000\" \/>\n\t<meta property=\"og:image:type\" content=\"image\/jpeg\" \/>\n<meta name=\"twitter:card\" content=\"summary_large_image\" \/>\n<script type=\"application\/ld+json\" class=\"yoast-schema-graph\">{\"@context\":\"https:\\\/\\\/schema.org\",\"@graph\":[{\"@type\":\"WebPage\",\"@id\":\"https:\\\/\\\/jorntrahus.se\\\/husmodell\\\/kalldal-129\\\/\",\"url\":\"https:\\\/\\\/jorntrahus.se\\\/husmodell\\\/kalldal-129\\\/\",\"name\":\"K\u00e4lldal 129 - J\u00f6rntr\u00e4hus\",\"isPartOf\":{\"@id\":\"https:\\\/\\\/jorntrahus.se\\\/#website\"},\"primaryImageOfPage\":{\"@id\":\"https:\\\/\\\/jorntrahus.se\\\/husmodell\\\/kalldal-129\\\/#primaryimage\"},\"image\":{\"@id\":\"https:\\\/\\\/jorntrahus.se\\\/husmodell\\\/kalldal-129\\\/#primaryimage\"},\"thumbnailUrl\":\"https:\\\/\\\/jorntrahus.se\\\/wp-content\\\/uploads\\\/2017\\\/12\\\/K\u00e4lldal-S-3D.jpg\",\"datePublished\":\"2018-02-16T14:43:03+00:00\",\"dateModified\":\"2023-02-16T11:04:40+00:00\",\"breadcrumb\":{\"@id\":\"https:\\\/\\\/jorntrahus.se\\\/husmodell\\\/kalldal-129\\\/#breadcrumb\"},\"inLanguage\":\"nb-NO\",\"potentialAction\":[{\"@type\":\"ReadAction\",\"target\":[\"https:\\\/\\\/jorntrahus.se\\\/husmodell\\\/kalldal-129\\\/\"]}]},{\"@type\":\"ImageObject\",\"inLanguage\":\"nb-NO\",\"@id\":\"https:\\\/\\\/jorntrahus.se\\\/husmodell\\\/kalldal-129\\\/#primaryimage\",\"url\":\"https:\\\/\\\/jorntrahus.se\\\/wp-content\\\/uploads\\\/2017\\\/12\\\/K\u00e4lldal-S-3D.jpg\",\"contentUrl\":\"https:\\\/\\\/jorntrahus.se\\\/wp-content\\\/uploads\\\/2017\\\/12\\\/K\u00e4lldal-S-3D.jpg\",\"width\":1500,\"height\":1000},{\"@type\":\"BreadcrumbList\",\"@id\":\"https:\\\/\\\/jorntrahus.se\\\/husmodell\\\/kalldal-129\\\/#breadcrumb\",\"itemListElement\":[{\"@type\":\"ListItem\",\"position\":1,\"name\":\"Hem\",\"item\":\"https:\\\/\\\/jorntrahus.se\\\/\"},{\"@type\":\"ListItem\",\"position\":2,\"name\":\"V\u00e5ra hus\",\"item\":\"https:\\\/\\\/jorntrahus.se\\\/husen\\\/\"},{\"@type\":\"ListItem\",\"position\":3,\"name\":\"K\u00e4lldal 129\"}]},{\"@type\":\"WebSite\",\"@id\":\"https:\\\/\\\/jorntrahus.se\\\/#website\",\"url\":\"https:\\\/\\\/jorntrahus.se\\\/\",\"name\":\"J\u00f6rntr\u00e4hus\",\"description\":\"Hus f\u00f6r den medvetne\",\"publisher\":{\"@id\":\"https:\\\/\\\/jorntrahus.se\\\/#organization\"},\"potentialAction\":[{\"@type\":\"SearchAction\",\"target\":{\"@type\":\"EntryPoint\",\"urlTemplate\":\"https:\\\/\\\/jorntrahus.se\\\/?s={search_term_string}\"},\"query-input\":{\"@type\":\"PropertyValueSpecification\",\"valueRequired\":true,\"valueName\":\"search_term_string\"}}],\"inLanguage\":\"nb-NO\"},{\"@type\":\"Organization\",\"@id\":\"https:\\\/\\\/jorntrahus.se\\\/#organization\",\"name\":\"J\u00f6rntr\u00e4hus\",\"url\":\"https:\\\/\\\/jorntrahus.se\\\/\",\"logo\":{\"@type\":\"ImageObject\",\"inLanguage\":\"nb-NO\",\"@id\":\"https:\\\/\\\/jorntrahus.se\\\/#\\\/schema\\\/logo\\\/image\\\/\",\"url\":\"https:\\\/\\\/jorntrahus.se\\\/wp-content\\\/uploads\\\/2020\\\/09\\\/Jorntrahus_Grund_CMYK.eps\",\"contentUrl\":\"https:\\\/\\\/jorntrahus.se\\\/wp-content\\\/uploads\\\/2020\\\/09\\\/Jorntrahus_Grund_CMYK.eps\",\"width\":1,\"height\":1,\"caption\":\"J\u00f6rntr\u00e4hus\"},\"image\":{\"@id\":\"https:\\\/\\\/jorntrahus.se\\\/#\\\/schema\\\/logo\\\/image\\\/\"}}]}<\/script>\n<!-- \/ Yoast SEO plugin. -->","yoast_head_json":{"title":"K\u00e4lldal 129 - J\u00f6rntr\u00e4hus","robots":{"index":"index","follow":"follow","max-snippet":"max-snippet:-1","max-image-preview":"max-image-preview:large","max-video-preview":"max-video-preview:-1"},"canonical":"https:\/\/jorntrahus.se\/nb\/husmodell\/dal-129\/","og_locale":"nb_NO","og_type":"article","og_title":"K\u00e4lldal 129 - J\u00f6rntr\u00e4hus","og_description":"Hus med extra funkisk\u00e4nsla Med sin tilltalande design d\u00e4r pulpettak\u00a0och sadeltak harmoniserar \u00e4r\u00a0detta en av v\u00e5ra vackraste modeller.\u00a0Den estetiskt och praktiska\u00a0entr\u00e9n b\u00e5de v\u00e4lkomnar och bjuder in till bes\u00f6k. Ljust, \u00f6ppet och luftigt \u00e4r\u00a0synonymt med den k\u00e4nsla som man\u00a0finner \u00e4ven interi\u00f6rt. Planl\u00f6sningen\u00a0rymmer tre v\u00e4l tilltagna sovrum med\u00a0plats \u00e4ven f\u00f6r den st\u00f6rre familjen.","og_url":"https:\/\/jorntrahus.se\/nb\/husmodell\/dal-129\/","og_site_name":"J\u00f6rntr\u00e4hus","article_modified_time":"2023-02-16T11:04:40+00:00","og_image":[{"width":1500,"height":1000,"url":"https:\/\/jorntrahus.se\/wp-content\/uploads\/2017\/12\/K\u00e4lldal-S-3D.jpg","type":"image\/jpeg"}],"twitter_card":"summary_large_image","schema":{"@context":"https:\/\/schema.org","@graph":[{"@type":"WebPage","@id":"https:\/\/jorntrahus.se\/husmodell\/kalldal-129\/","url":"https:\/\/jorntrahus.se\/husmodell\/kalldal-129\/","name":"K\u00e4lldal 129 - J\u00f6rntr\u00e4hus","isPartOf":{"@id":"https:\/\/jorntrahus.se\/#website"},"primaryImageOfPage":{"@id":"https:\/\/jorntrahus.se\/husmodell\/kalldal-129\/#primaryimage"},"image":{"@id":"https:\/\/jorntrahus.se\/husmodell\/kalldal-129\/#primaryimage"},"thumbnailUrl":"https:\/\/jorntrahus.se\/wp-content\/uploads\/2017\/12\/K\u00e4lldal-S-3D.jpg","datePublished":"2018-02-16T14:43:03+00:00","dateModified":"2023-02-16T11:04:40+00:00","breadcrumb":{"@id":"https:\/\/jorntrahus.se\/husmodell\/kalldal-129\/#breadcrumb"},"inLanguage":"nb-NO","potentialAction":[{"@type":"ReadAction","target":["https:\/\/jorntrahus.se\/husmodell\/kalldal-129\/"]}]},{"@type":"ImageObject","inLanguage":"nb-NO","@id":"https:\/\/jorntrahus.se\/husmodell\/kalldal-129\/#primaryimage","url":"https:\/\/jorntrahus.se\/wp-content\/uploads\/2017\/12\/K\u00e4lldal-S-3D.jpg","contentUrl":"https:\/\/jorntrahus.se\/wp-content\/uploads\/2017\/12\/K\u00e4lldal-S-3D.jpg","width":1500,"height":1000},{"@type":"BreadcrumbList","@id":"https:\/\/jorntrahus.se\/husmodell\/kalldal-129\/#breadcrumb","itemListElement":[{"@type":"ListItem","position":1,"name":"Hem","item":"https:\/\/jorntrahus.se\/"},{"@type":"ListItem","position":2,"name":"V\u00e5ra hus","item":"https:\/\/jorntrahus.se\/husen\/"},{"@type":"ListItem","position":3,"name":"K\u00e4lldal 129"}]},{"@type":"WebSite","@id":"https:\/\/jorntrahus.se\/#website","url":"https:\/\/jorntrahus.se\/","name":"J\u00f6rntr\u00e4hus","description":"Hus for de bevisste","publisher":{"@id":"https:\/\/jorntrahus.se\/#organization"},"potentialAction":[{"@type":"SearchAction","target":{"@type":"EntryPoint","urlTemplate":"https:\/\/jorntrahus.se\/?s={search_term_string}"},"query-input":{"@type":"PropertyValueSpecification","valueRequired":true,"valueName":"search_term_string"}}],"inLanguage":"nb-NO"},{"@type":"Organization","@id":"https:\/\/jorntrahus.se\/#organization","name":"J\u00f6rntr\u00e4hus","url":"https:\/\/jorntrahus.se\/","logo":{"@type":"ImageObject","inLanguage":"nb-NO","@id":"https:\/\/jorntrahus.se\/#\/schema\/logo\/image\/","url":"https:\/\/jorntrahus.se\/wp-content\/uploads\/2020\/09\/Jorntrahus_Grund_CMYK.eps","contentUrl":"https:\/\/jorntrahus.se\/wp-content\/uploads\/2020\/09\/Jorntrahus_Grund_CMYK.eps","width":1,"height":1,"caption":"J\u00f6rntr\u00e4hus"},"image":{"@id":"https:\/\/jorntrahus.se\/#\/schema\/logo\/image\/"}}]}},"publishpress_future_workflow_manual_trigger":{"enabledWorkflows":[]},"_links":{"self":[{"href":"https:\/\/jorntrahus.se\/nb\/wp-json\/wp\/v2\/product\/6074","targetHints":{"allow":["GET"]}}],"collection":[{"href":"https:\/\/jorntrahus.se\/nb\/wp-json\/wp\/v2\/product"}],"about":[{"href":"https:\/\/jorntrahus.se\/nb\/wp-json\/wp\/v2\/types\/product"}],"wp:featuredmedia":[{"embeddable":true,"href":"https:\/\/jorntrahus.se\/nb\/wp-json\/wp\/v2\/media\/6107"}],"wp:attachment":[{"href":"https:\/\/jorntrahus.se\/nb\/wp-json\/wp\/v2\/media?parent=6074"}],"wp:term":[{"taxonomy":"product_brand","embeddable":true,"href":"https:\/\/jorntrahus.se\/nb\/wp-json\/wp\/v2\/product_brand?post=6074"},{"taxonomy":"product_cat","embeddable":true,"href":"https:\/\/jorntrahus.se\/nb\/wp-json\/wp\/v2\/product_cat?post=6074"},{"taxonomy":"product_tag","embeddable":true,"href":"https:\/\/jorntrahus.se\/nb\/wp-json\/wp\/v2\/product_tag?post=6074"}],"curies":[{"name":"wp","href":"https:\/\/api.w.org\/{rel}","templated":true}]}}