{"id":6075,"date":"2018-02-19T11:35:50","date_gmt":"2018-02-19T10:35:50","guid":{"rendered":"https:\/\/jorntrahus.se\/?post_type=product&#038;p=6075"},"modified":"2023-02-16T12:04:39","modified_gmt":"2023-02-16T11:04:39","slug":"nyholm-129-tak","status":"publish","type":"product","link":"https:\/\/jorntrahus.se\/nb\/husmodell\/nyholm-129-loft\/","title":{"rendered":"Nytt spar 129-tak"},"content":{"rendered":"","protected":false},"excerpt":{"rendered":"<h3>Allroundmodell som passer de fleste<\/h3>\n<p>Nyholm er et feriehus med et attraktivt eksteri\u00f8r og en velkomponert planl\u00f8sning der det store oppholdsrommet lett blir midtpunktet. Denne romslige modellen skaper gode muligheter for \u00e5 huse en st\u00f8rre familie eller ha flere gjester p\u00e5 bes\u00f8k.<\/p>\n<p>Den gjennomtenkte vindusl\u00f8sningen og plasseringen av stuen gir et utvidet areal p\u00e5 den store hemsen som enkelt kan gi mer soveplass eller brukes som oppholdsrom. Med et romslig bad som ogs\u00e5 er forberedt for badstue, bidrar planl\u00f8sningen i stor grad til \u00e5 gj\u00f8re dette til en allroundmodell som passer de fleste boligeieres behov og \u00f8nsker.<\/p>\n<p><a href=\"https:\/\/jorntrahus.se\/wp-content\/uploads\/2017\/12\/Nyholm-M-3D.jpg\"><img loading=\"lazy\" decoding=\"async\" class=\"alignnone wp-image-6104 size-large\" src=\"https:\/\/jorntrahus.se\/wp-content\/uploads\/2017\/12\/Nyholm-M-3D-1200x800.jpg\" alt=\"\" width=\"1020\" height=\"680\" srcset=\"https:\/\/jorntrahus.se\/wp-content\/uploads\/2017\/12\/Nyholm-M-3D-1200x800.jpg 1200w, https:\/\/jorntrahus.se\/wp-content\/uploads\/2017\/12\/Nyholm-M-3D-600x400.jpg 600w, https:\/\/jorntrahus.se\/wp-content\/uploads\/2017\/12\/Nyholm-M-3D-900x600.jpg 900w, https:\/\/jorntrahus.se\/wp-content\/uploads\/2017\/12\/Nyholm-M-3D-768x512.jpg 768w, https:\/\/jorntrahus.se\/wp-content\/uploads\/2017\/12\/Nyholm-M-3D.jpg 1500w\" sizes=\"auto, (max-width: 1020px) 100vw, 1020px\" \/><\/a><\/p>","protected":false},"featured_media":9466,"template":"","meta":[],"product_brand":[],"product_cat":[582],"product_tag":[28,1267],"class_list":{"0":"post-6075","1":"product","2":"type-product","3":"status-publish","4":"has-post-thumbnail","6":"product_cat-nyholm","7":"product_tag-002-1-halv-plan","8":"product_tag-klassiskt-hus","9":"husstil-klassiska-hus","10":"hustyp-fritidshus","12":"first","13":"instock","14":"shipping-taxable","15":"product-type-simple"},"yoast_head":"<!-- This site is optimized with the Yoast SEO plugin v27.5 - https:\/\/yoast.com\/product\/yoast-seo-wordpress\/ -->\n<title>Nyholm 129 loft - J\u00f6rntr\u00e4hus<\/title>\n<meta name=\"robots\" content=\"index, follow, max-snippet:-1, max-image-preview:large, max-video-preview:-1\" \/>\n<link rel=\"canonical\" href=\"https:\/\/jorntrahus.se\/nb\/husmodell\/nyholm-129-tak\/\" \/>\n<meta property=\"og:locale\" content=\"nb_NO\" \/>\n<meta property=\"og:type\" content=\"article\" \/>\n<meta property=\"og:title\" content=\"Nyholm 129 loft - J\u00f6rntr\u00e4hus\" \/>\n<meta property=\"og:description\" content=\"All-round modell\u00a0som passar de\u00a0allra flesta Nyholm \u00e4r ett fritidshus med ett\u00a0attraktivt yttre och en v\u00e4lkomponerad\u00a0planl\u00f6sning d\u00e4r det stora allrummet l\u00e4tt hamnar i fokus. Den h\u00e4r rymliga modellen skapar fina m\u00f6jligheter att rymma en st\u00f6rre familj eller ha flera g\u00e4ster p\u00e5 bes\u00f6k.  Den sofistikerade f\u00f6nsters\u00e4ttningen och\u00a0allrummets placering ger en ut\u00f6kad yta\u00a0f\u00f6r det v\u00e4l tilltagna loftet som enkelt\u00a0kan generera fler sovplatser eller anv\u00e4ndas\u00a0som ett allrum. Med ett\u00a0rymligt badrum som \u00e4ven f\u00f6rberetts f\u00f6r\u00a0bastu, bidrar planl\u00f6sningen starkt till att\u00a0g\u00f6ra detta till en all-round modell som\u00a0passar de flesta hus\u00e4gares behov\u00a0och \u00f6nskem\u00e5l.\" \/>\n<meta property=\"og:url\" content=\"https:\/\/jorntrahus.se\/nb\/husmodell\/nyholm-129-tak\/\" \/>\n<meta property=\"og:site_name\" content=\"J\u00f6rntr\u00e4hus\" \/>\n<meta property=\"article:modified_time\" content=\"2023-02-16T11:04:39+00:00\" \/>\n<meta property=\"og:image\" content=\"https:\/\/jorntrahus.se\/wp-content\/uploads\/2018\/02\/Nyholm-M-sommar-vit-3D.jpg\" \/>\n\t<meta property=\"og:image:width\" content=\"2400\" \/>\n\t<meta property=\"og:image:height\" content=\"1600\" \/>\n\t<meta property=\"og:image:type\" content=\"image\/jpeg\" \/>\n<meta name=\"twitter:card\" content=\"summary_large_image\" \/>\n<script type=\"application\/ld+json\" class=\"yoast-schema-graph\">{\"@context\":\"https:\\\/\\\/schema.org\",\"@graph\":[{\"@type\":\"WebPage\",\"@id\":\"https:\\\/\\\/jorntrahus.se\\\/husmodell\\\/nyholm-129-loft\\\/\",\"url\":\"https:\\\/\\\/jorntrahus.se\\\/husmodell\\\/nyholm-129-loft\\\/\",\"name\":\"Nyholm 129 loft - J\u00f6rntr\u00e4hus\",\"isPartOf\":{\"@id\":\"https:\\\/\\\/jorntrahus.se\\\/#website\"},\"primaryImageOfPage\":{\"@id\":\"https:\\\/\\\/jorntrahus.se\\\/husmodell\\\/nyholm-129-loft\\\/#primaryimage\"},\"image\":{\"@id\":\"https:\\\/\\\/jorntrahus.se\\\/husmodell\\\/nyholm-129-loft\\\/#primaryimage\"},\"thumbnailUrl\":\"https:\\\/\\\/jorntrahus.se\\\/wp-content\\\/uploads\\\/2018\\\/02\\\/Nyholm-M-sommar-vit-3D.jpg\",\"datePublished\":\"2018-02-19T10:35:50+00:00\",\"dateModified\":\"2023-02-16T11:04:39+00:00\",\"breadcrumb\":{\"@id\":\"https:\\\/\\\/jorntrahus.se\\\/husmodell\\\/nyholm-129-loft\\\/#breadcrumb\"},\"inLanguage\":\"nb-NO\",\"potentialAction\":[{\"@type\":\"ReadAction\",\"target\":[\"https:\\\/\\\/jorntrahus.se\\\/husmodell\\\/nyholm-129-loft\\\/\"]}]},{\"@type\":\"ImageObject\",\"inLanguage\":\"nb-NO\",\"@id\":\"https:\\\/\\\/jorntrahus.se\\\/husmodell\\\/nyholm-129-loft\\\/#primaryimage\",\"url\":\"https:\\\/\\\/jorntrahus.se\\\/wp-content\\\/uploads\\\/2018\\\/02\\\/Nyholm-M-sommar-vit-3D.jpg\",\"contentUrl\":\"https:\\\/\\\/jorntrahus.se\\\/wp-content\\\/uploads\\\/2018\\\/02\\\/Nyholm-M-sommar-vit-3D.jpg\",\"width\":2400,\"height\":1600,\"caption\":\"Nyholm M - J\u00f6rntr\u00e4hus - byggsats hus \\\/ fritidshus \\\/ villa \\\/ sommarstuga\"},{\"@type\":\"BreadcrumbList\",\"@id\":\"https:\\\/\\\/jorntrahus.se\\\/husmodell\\\/nyholm-129-loft\\\/#breadcrumb\",\"itemListElement\":[{\"@type\":\"ListItem\",\"position\":1,\"name\":\"Hem\",\"item\":\"https:\\\/\\\/jorntrahus.se\\\/\"},{\"@type\":\"ListItem\",\"position\":2,\"name\":\"V\u00e5ra hus\",\"item\":\"https:\\\/\\\/jorntrahus.se\\\/husen\\\/\"},{\"@type\":\"ListItem\",\"position\":3,\"name\":\"Nyholm 129 loft\"}]},{\"@type\":\"WebSite\",\"@id\":\"https:\\\/\\\/jorntrahus.se\\\/#website\",\"url\":\"https:\\\/\\\/jorntrahus.se\\\/\",\"name\":\"J\u00f6rntr\u00e4hus\",\"description\":\"Hus f\u00f6r den medvetne\",\"publisher\":{\"@id\":\"https:\\\/\\\/jorntrahus.se\\\/#organization\"},\"potentialAction\":[{\"@type\":\"SearchAction\",\"target\":{\"@type\":\"EntryPoint\",\"urlTemplate\":\"https:\\\/\\\/jorntrahus.se\\\/?s={search_term_string}\"},\"query-input\":{\"@type\":\"PropertyValueSpecification\",\"valueRequired\":true,\"valueName\":\"search_term_string\"}}],\"inLanguage\":\"nb-NO\"},{\"@type\":\"Organization\",\"@id\":\"https:\\\/\\\/jorntrahus.se\\\/#organization\",\"name\":\"J\u00f6rntr\u00e4hus\",\"url\":\"https:\\\/\\\/jorntrahus.se\\\/\",\"logo\":{\"@type\":\"ImageObject\",\"inLanguage\":\"nb-NO\",\"@id\":\"https:\\\/\\\/jorntrahus.se\\\/#\\\/schema\\\/logo\\\/image\\\/\",\"url\":\"https:\\\/\\\/jorntrahus.se\\\/wp-content\\\/uploads\\\/2020\\\/09\\\/Jorntrahus_Grund_CMYK.eps\",\"contentUrl\":\"https:\\\/\\\/jorntrahus.se\\\/wp-content\\\/uploads\\\/2020\\\/09\\\/Jorntrahus_Grund_CMYK.eps\",\"width\":1,\"height\":1,\"caption\":\"J\u00f6rntr\u00e4hus\"},\"image\":{\"@id\":\"https:\\\/\\\/jorntrahus.se\\\/#\\\/schema\\\/logo\\\/image\\\/\"}}]}<\/script>\n<!-- \/ Yoast SEO plugin. -->","yoast_head_json":{"title":"Nyholm 129 loft - J\u00f6rntr\u00e4hus","robots":{"index":"index","follow":"follow","max-snippet":"max-snippet:-1","max-image-preview":"max-image-preview:large","max-video-preview":"max-video-preview:-1"},"canonical":"https:\/\/jorntrahus.se\/nb\/husmodell\/nyholm-129-tak\/","og_locale":"nb_NO","og_type":"article","og_title":"Nyholm 129 loft - J\u00f6rntr\u00e4hus","og_description":"All-round modell\u00a0som passar de\u00a0allra flesta Nyholm \u00e4r ett fritidshus med ett\u00a0attraktivt yttre och en v\u00e4lkomponerad\u00a0planl\u00f6sning d\u00e4r det stora allrummet l\u00e4tt hamnar i fokus. Den h\u00e4r rymliga modellen skapar fina m\u00f6jligheter att rymma en st\u00f6rre familj eller ha flera g\u00e4ster p\u00e5 bes\u00f6k.  Den sofistikerade f\u00f6nsters\u00e4ttningen och\u00a0allrummets placering ger en ut\u00f6kad yta\u00a0f\u00f6r det v\u00e4l tilltagna loftet som enkelt\u00a0kan generera fler sovplatser eller anv\u00e4ndas\u00a0som ett allrum. Med ett\u00a0rymligt badrum som \u00e4ven f\u00f6rberetts f\u00f6r\u00a0bastu, bidrar planl\u00f6sningen starkt till att\u00a0g\u00f6ra detta till en all-round modell som\u00a0passar de flesta hus\u00e4gares behov\u00a0och \u00f6nskem\u00e5l.","og_url":"https:\/\/jorntrahus.se\/nb\/husmodell\/nyholm-129-tak\/","og_site_name":"J\u00f6rntr\u00e4hus","article_modified_time":"2023-02-16T11:04:39+00:00","og_image":[{"width":2400,"height":1600,"url":"https:\/\/jorntrahus.se\/wp-content\/uploads\/2018\/02\/Nyholm-M-sommar-vit-3D.jpg","type":"image\/jpeg"}],"twitter_card":"summary_large_image","schema":{"@context":"https:\/\/schema.org","@graph":[{"@type":"WebPage","@id":"https:\/\/jorntrahus.se\/husmodell\/nyholm-129-loft\/","url":"https:\/\/jorntrahus.se\/husmodell\/nyholm-129-loft\/","name":"Nyholm 129 loft - J\u00f6rntr\u00e4hus","isPartOf":{"@id":"https:\/\/jorntrahus.se\/#website"},"primaryImageOfPage":{"@id":"https:\/\/jorntrahus.se\/husmodell\/nyholm-129-loft\/#primaryimage"},"image":{"@id":"https:\/\/jorntrahus.se\/husmodell\/nyholm-129-loft\/#primaryimage"},"thumbnailUrl":"https:\/\/jorntrahus.se\/wp-content\/uploads\/2018\/02\/Nyholm-M-sommar-vit-3D.jpg","datePublished":"2018-02-19T10:35:50+00:00","dateModified":"2023-02-16T11:04:39+00:00","breadcrumb":{"@id":"https:\/\/jorntrahus.se\/husmodell\/nyholm-129-loft\/#breadcrumb"},"inLanguage":"nb-NO","potentialAction":[{"@type":"ReadAction","target":["https:\/\/jorntrahus.se\/husmodell\/nyholm-129-loft\/"]}]},{"@type":"ImageObject","inLanguage":"nb-NO","@id":"https:\/\/jorntrahus.se\/husmodell\/nyholm-129-loft\/#primaryimage","url":"https:\/\/jorntrahus.se\/wp-content\/uploads\/2018\/02\/Nyholm-M-sommar-vit-3D.jpg","contentUrl":"https:\/\/jorntrahus.se\/wp-content\/uploads\/2018\/02\/Nyholm-M-sommar-vit-3D.jpg","width":2400,"height":1600,"caption":"Nyholm M - J\u00f6rntr\u00e4hus - byggsats hus \/ fritidshus \/ villa \/ sommarstuga"},{"@type":"BreadcrumbList","@id":"https:\/\/jorntrahus.se\/husmodell\/nyholm-129-loft\/#breadcrumb","itemListElement":[{"@type":"ListItem","position":1,"name":"Hem","item":"https:\/\/jorntrahus.se\/"},{"@type":"ListItem","position":2,"name":"V\u00e5ra hus","item":"https:\/\/jorntrahus.se\/husen\/"},{"@type":"ListItem","position":3,"name":"Nyholm 129 loft"}]},{"@type":"WebSite","@id":"https:\/\/jorntrahus.se\/#website","url":"https:\/\/jorntrahus.se\/","name":"J\u00f6rntr\u00e4hus","description":"Hus for de bevisste","publisher":{"@id":"https:\/\/jorntrahus.se\/#organization"},"potentialAction":[{"@type":"SearchAction","target":{"@type":"EntryPoint","urlTemplate":"https:\/\/jorntrahus.se\/?s={search_term_string}"},"query-input":{"@type":"PropertyValueSpecification","valueRequired":true,"valueName":"search_term_string"}}],"inLanguage":"nb-NO"},{"@type":"Organization","@id":"https:\/\/jorntrahus.se\/#organization","name":"J\u00f6rntr\u00e4hus","url":"https:\/\/jorntrahus.se\/","logo":{"@type":"ImageObject","inLanguage":"nb-NO","@id":"https:\/\/jorntrahus.se\/#\/schema\/logo\/image\/","url":"https:\/\/jorntrahus.se\/wp-content\/uploads\/2020\/09\/Jorntrahus_Grund_CMYK.eps","contentUrl":"https:\/\/jorntrahus.se\/wp-content\/uploads\/2020\/09\/Jorntrahus_Grund_CMYK.eps","width":1,"height":1,"caption":"J\u00f6rntr\u00e4hus"},"image":{"@id":"https:\/\/jorntrahus.se\/#\/schema\/logo\/image\/"}}]}},"publishpress_future_workflow_manual_trigger":{"enabledWorkflows":[]},"_links":{"self":[{"href":"https:\/\/jorntrahus.se\/nb\/wp-json\/wp\/v2\/product\/6075","targetHints":{"allow":["GET"]}}],"collection":[{"href":"https:\/\/jorntrahus.se\/nb\/wp-json\/wp\/v2\/product"}],"about":[{"href":"https:\/\/jorntrahus.se\/nb\/wp-json\/wp\/v2\/types\/product"}],"wp:featuredmedia":[{"embeddable":true,"href":"https:\/\/jorntrahus.se\/nb\/wp-json\/wp\/v2\/media\/9466"}],"wp:attachment":[{"href":"https:\/\/jorntrahus.se\/nb\/wp-json\/wp\/v2\/media?parent=6075"}],"wp:term":[{"taxonomy":"product_brand","embeddable":true,"href":"https:\/\/jorntrahus.se\/nb\/wp-json\/wp\/v2\/product_brand?post=6075"},{"taxonomy":"product_cat","embeddable":true,"href":"https:\/\/jorntrahus.se\/nb\/wp-json\/wp\/v2\/product_cat?post=6075"},{"taxonomy":"product_tag","embeddable":true,"href":"https:\/\/jorntrahus.se\/nb\/wp-json\/wp\/v2\/product_tag?post=6075"}],"curies":[{"name":"wp","href":"https:\/\/api.w.org\/{rel}","templated":true}]}}