{"id":6086,"date":"2018-02-20T14:34:47","date_gmt":"2018-02-20T13:34:47","guid":{"rendered":"https:\/\/jorntrahus.se\/?post_type=product&#038;p=6086"},"modified":"2023-02-16T12:04:38","modified_gmt":"2023-02-16T11:04:38","slug":"selsgard-120-tomannsbolig","status":"publish","type":"product","link":"https:\/\/jorntrahus.se\/nb\/husmodell\/selsgard-120-parhus\/","title":{"rendered":"Selsg\u00e5rd 120 tomannsboliger"},"content":{"rendered":"","protected":false},"excerpt":{"rendered":"<h3>Tomannsboliger med h\u00f8y beleggsprosent<\/h3>\n<p>Med to smart plasserte soverom f\u00e5r du leiligheter med en optimalisert planl\u00f8sning som utnytter hver eneste kvadratmeter.<\/p>\n<p>Sentralt og praktisk plassert entr\u00e9 og hall skaper gode oppbevaringsmuligheter til tross for husets litt mindre format. En fin og godt planlagt tomannsbolig hvor du deler b\u00e5de kostnader og komfort.<\/p>","protected":false},"featured_media":6102,"template":"","meta":[],"product_brand":[],"product_cat":[192],"product_tag":[26,1267],"class_list":{"0":"post-6086","1":"product","2":"type-product","3":"status-publish","4":"has-post-thumbnail","6":"product_cat-parhus","7":"product_tag-003-1-plan","8":"product_tag-klassiskt-hus","9":"husstil-klassiska-hus","10":"hustyp-flerfamiljshus","11":"hustyp-fritidshus","13":"first","14":"instock","15":"shipping-taxable","16":"product-type-simple"},"yoast_head":"<!-- This site is optimized with the Yoast SEO plugin v27.5 - https:\/\/yoast.com\/product\/yoast-seo-wordpress\/ -->\n<title>Selsg\u00e5rd 120 parhus - J\u00f6rntr\u00e4hus<\/title>\n<meta name=\"robots\" content=\"index, follow, max-snippet:-1, max-image-preview:large, max-video-preview:-1\" \/>\n<link rel=\"canonical\" href=\"https:\/\/jorntrahus.se\/nb\/husmodell\/selsgard-120-tomannsbolig\/\" \/>\n<meta property=\"og:locale\" content=\"nb_NO\" \/>\n<meta property=\"og:type\" content=\"article\" \/>\n<meta property=\"og:title\" content=\"Selsg\u00e5rd 120 parhus - J\u00f6rntr\u00e4hus\" \/>\n<meta property=\"og:description\" content=\"Parhus med h\u00f6g nyttjandegrad Med tv\u00e5 smart placerade sovrum f\u00e5r\u00a0man l\u00e4genheter med en optimerad\u00a0planl\u00f6sning, vilket ger en h\u00f6g nyttjandegrad\u00a0av varje kvadratmeter.  Central och praktisk placerad entr\u00e9 och\u00a0hall skapar goda f\u00f6rvaringsm\u00f6jligheter\u00a0trots husets n\u00e5got mindre format.\u00a0Ett trevligt och v\u00e4lplanerat parhus d\u00e4r\u00a0man delar b\u00e5de kostnader och trivsel.\" \/>\n<meta property=\"og:url\" content=\"https:\/\/jorntrahus.se\/nb\/husmodell\/selsgard-120-tomannsbolig\/\" \/>\n<meta property=\"og:site_name\" content=\"J\u00f6rntr\u00e4hus\" \/>\n<meta property=\"article:modified_time\" content=\"2023-02-16T11:04:38+00:00\" \/>\n<meta property=\"og:image\" content=\"https:\/\/jorntrahus.se\/wp-content\/uploads\/2017\/12\/Selsg\u00e5rd-Parhus-3D.jpg\" \/>\n\t<meta property=\"og:image:width\" content=\"1500\" \/>\n\t<meta property=\"og:image:height\" content=\"1000\" \/>\n\t<meta property=\"og:image:type\" content=\"image\/jpeg\" \/>\n<meta name=\"twitter:card\" content=\"summary_large_image\" \/>\n<script type=\"application\/ld+json\" class=\"yoast-schema-graph\">{\"@context\":\"https:\\\/\\\/schema.org\",\"@graph\":[{\"@type\":\"WebPage\",\"@id\":\"https:\\\/\\\/jorntrahus.se\\\/husmodell\\\/selsgard-120-parhus\\\/\",\"url\":\"https:\\\/\\\/jorntrahus.se\\\/husmodell\\\/selsgard-120-parhus\\\/\",\"name\":\"Selsg\u00e5rd 120 parhus - J\u00f6rntr\u00e4hus\",\"isPartOf\":{\"@id\":\"https:\\\/\\\/jorntrahus.se\\\/#website\"},\"primaryImageOfPage\":{\"@id\":\"https:\\\/\\\/jorntrahus.se\\\/husmodell\\\/selsgard-120-parhus\\\/#primaryimage\"},\"image\":{\"@id\":\"https:\\\/\\\/jorntrahus.se\\\/husmodell\\\/selsgard-120-parhus\\\/#primaryimage\"},\"thumbnailUrl\":\"https:\\\/\\\/jorntrahus.se\\\/wp-content\\\/uploads\\\/2017\\\/12\\\/Selsg\u00e5rd-Parhus-3D.jpg\",\"datePublished\":\"2018-02-20T13:34:47+00:00\",\"dateModified\":\"2023-02-16T11:04:38+00:00\",\"breadcrumb\":{\"@id\":\"https:\\\/\\\/jorntrahus.se\\\/husmodell\\\/selsgard-120-parhus\\\/#breadcrumb\"},\"inLanguage\":\"nb-NO\",\"potentialAction\":[{\"@type\":\"ReadAction\",\"target\":[\"https:\\\/\\\/jorntrahus.se\\\/husmodell\\\/selsgard-120-parhus\\\/\"]}]},{\"@type\":\"ImageObject\",\"inLanguage\":\"nb-NO\",\"@id\":\"https:\\\/\\\/jorntrahus.se\\\/husmodell\\\/selsgard-120-parhus\\\/#primaryimage\",\"url\":\"https:\\\/\\\/jorntrahus.se\\\/wp-content\\\/uploads\\\/2017\\\/12\\\/Selsg\u00e5rd-Parhus-3D.jpg\",\"contentUrl\":\"https:\\\/\\\/jorntrahus.se\\\/wp-content\\\/uploads\\\/2017\\\/12\\\/Selsg\u00e5rd-Parhus-3D.jpg\",\"width\":1500,\"height\":1000},{\"@type\":\"BreadcrumbList\",\"@id\":\"https:\\\/\\\/jorntrahus.se\\\/husmodell\\\/selsgard-120-parhus\\\/#breadcrumb\",\"itemListElement\":[{\"@type\":\"ListItem\",\"position\":1,\"name\":\"Hem\",\"item\":\"https:\\\/\\\/jorntrahus.se\\\/\"},{\"@type\":\"ListItem\",\"position\":2,\"name\":\"V\u00e5ra hus\",\"item\":\"https:\\\/\\\/jorntrahus.se\\\/husen\\\/\"},{\"@type\":\"ListItem\",\"position\":3,\"name\":\"Selsg\u00e5rd 120 parhus\"}]},{\"@type\":\"WebSite\",\"@id\":\"https:\\\/\\\/jorntrahus.se\\\/#website\",\"url\":\"https:\\\/\\\/jorntrahus.se\\\/\",\"name\":\"J\u00f6rntr\u00e4hus\",\"description\":\"Hus f\u00f6r den medvetne\",\"publisher\":{\"@id\":\"https:\\\/\\\/jorntrahus.se\\\/#organization\"},\"potentialAction\":[{\"@type\":\"SearchAction\",\"target\":{\"@type\":\"EntryPoint\",\"urlTemplate\":\"https:\\\/\\\/jorntrahus.se\\\/?s={search_term_string}\"},\"query-input\":{\"@type\":\"PropertyValueSpecification\",\"valueRequired\":true,\"valueName\":\"search_term_string\"}}],\"inLanguage\":\"nb-NO\"},{\"@type\":\"Organization\",\"@id\":\"https:\\\/\\\/jorntrahus.se\\\/#organization\",\"name\":\"J\u00f6rntr\u00e4hus\",\"url\":\"https:\\\/\\\/jorntrahus.se\\\/\",\"logo\":{\"@type\":\"ImageObject\",\"inLanguage\":\"nb-NO\",\"@id\":\"https:\\\/\\\/jorntrahus.se\\\/#\\\/schema\\\/logo\\\/image\\\/\",\"url\":\"https:\\\/\\\/jorntrahus.se\\\/wp-content\\\/uploads\\\/2020\\\/09\\\/Jorntrahus_Grund_CMYK.eps\",\"contentUrl\":\"https:\\\/\\\/jorntrahus.se\\\/wp-content\\\/uploads\\\/2020\\\/09\\\/Jorntrahus_Grund_CMYK.eps\",\"width\":1,\"height\":1,\"caption\":\"J\u00f6rntr\u00e4hus\"},\"image\":{\"@id\":\"https:\\\/\\\/jorntrahus.se\\\/#\\\/schema\\\/logo\\\/image\\\/\"}}]}<\/script>\n<!-- \/ Yoast SEO plugin. -->","yoast_head_json":{"title":"Selsg\u00e5rd 120 tomannsbolig - J\u00f6rntr\u00e4hus","robots":{"index":"index","follow":"follow","max-snippet":"max-snippet:-1","max-image-preview":"max-image-preview:large","max-video-preview":"max-video-preview:-1"},"canonical":"https:\/\/jorntrahus.se\/nb\/husmodell\/selsgard-120-tomannsbolig\/","og_locale":"nb_NO","og_type":"article","og_title":"Selsg\u00e5rd 120 parhus - J\u00f6rntr\u00e4hus","og_description":"Parhus med h\u00f6g nyttjandegrad Med tv\u00e5 smart placerade sovrum f\u00e5r\u00a0man l\u00e4genheter med en optimerad\u00a0planl\u00f6sning, vilket ger en h\u00f6g nyttjandegrad\u00a0av varje kvadratmeter.  Central och praktisk placerad entr\u00e9 och\u00a0hall skapar goda f\u00f6rvaringsm\u00f6jligheter\u00a0trots husets n\u00e5got mindre format.\u00a0Ett trevligt och v\u00e4lplanerat parhus d\u00e4r\u00a0man delar b\u00e5de kostnader och trivsel.","og_url":"https:\/\/jorntrahus.se\/nb\/husmodell\/selsgard-120-tomannsbolig\/","og_site_name":"J\u00f6rntr\u00e4hus","article_modified_time":"2023-02-16T11:04:38+00:00","og_image":[{"width":1500,"height":1000,"url":"https:\/\/jorntrahus.se\/wp-content\/uploads\/2017\/12\/Selsg\u00e5rd-Parhus-3D.jpg","type":"image\/jpeg"}],"twitter_card":"summary_large_image","schema":{"@context":"https:\/\/schema.org","@graph":[{"@type":"WebPage","@id":"https:\/\/jorntrahus.se\/husmodell\/selsgard-120-parhus\/","url":"https:\/\/jorntrahus.se\/husmodell\/selsgard-120-parhus\/","name":"Selsg\u00e5rd 120 tomannsbolig - J\u00f6rntr\u00e4hus","isPartOf":{"@id":"https:\/\/jorntrahus.se\/#website"},"primaryImageOfPage":{"@id":"https:\/\/jorntrahus.se\/husmodell\/selsgard-120-parhus\/#primaryimage"},"image":{"@id":"https:\/\/jorntrahus.se\/husmodell\/selsgard-120-parhus\/#primaryimage"},"thumbnailUrl":"https:\/\/jorntrahus.se\/wp-content\/uploads\/2017\/12\/Selsg\u00e5rd-Parhus-3D.jpg","datePublished":"2018-02-20T13:34:47+00:00","dateModified":"2023-02-16T11:04:38+00:00","breadcrumb":{"@id":"https:\/\/jorntrahus.se\/husmodell\/selsgard-120-parhus\/#breadcrumb"},"inLanguage":"nb-NO","potentialAction":[{"@type":"ReadAction","target":["https:\/\/jorntrahus.se\/husmodell\/selsgard-120-parhus\/"]}]},{"@type":"ImageObject","inLanguage":"nb-NO","@id":"https:\/\/jorntrahus.se\/husmodell\/selsgard-120-parhus\/#primaryimage","url":"https:\/\/jorntrahus.se\/wp-content\/uploads\/2017\/12\/Selsg\u00e5rd-Parhus-3D.jpg","contentUrl":"https:\/\/jorntrahus.se\/wp-content\/uploads\/2017\/12\/Selsg\u00e5rd-Parhus-3D.jpg","width":1500,"height":1000},{"@type":"BreadcrumbList","@id":"https:\/\/jorntrahus.se\/husmodell\/selsgard-120-parhus\/#breadcrumb","itemListElement":[{"@type":"ListItem","position":1,"name":"Hem","item":"https:\/\/jorntrahus.se\/"},{"@type":"ListItem","position":2,"name":"V\u00e5ra hus","item":"https:\/\/jorntrahus.se\/husen\/"},{"@type":"ListItem","position":3,"name":"Selsg\u00e5rd 120 parhus"}]},{"@type":"WebSite","@id":"https:\/\/jorntrahus.se\/#website","url":"https:\/\/jorntrahus.se\/","name":"J\u00f6rntr\u00e4hus","description":"Hus for de bevisste","publisher":{"@id":"https:\/\/jorntrahus.se\/#organization"},"potentialAction":[{"@type":"SearchAction","target":{"@type":"EntryPoint","urlTemplate":"https:\/\/jorntrahus.se\/?s={search_term_string}"},"query-input":{"@type":"PropertyValueSpecification","valueRequired":true,"valueName":"search_term_string"}}],"inLanguage":"nb-NO"},{"@type":"Organization","@id":"https:\/\/jorntrahus.se\/#organization","name":"J\u00f6rntr\u00e4hus","url":"https:\/\/jorntrahus.se\/","logo":{"@type":"ImageObject","inLanguage":"nb-NO","@id":"https:\/\/jorntrahus.se\/#\/schema\/logo\/image\/","url":"https:\/\/jorntrahus.se\/wp-content\/uploads\/2020\/09\/Jorntrahus_Grund_CMYK.eps","contentUrl":"https:\/\/jorntrahus.se\/wp-content\/uploads\/2020\/09\/Jorntrahus_Grund_CMYK.eps","width":1,"height":1,"caption":"J\u00f6rntr\u00e4hus"},"image":{"@id":"https:\/\/jorntrahus.se\/#\/schema\/logo\/image\/"}}]}},"publishpress_future_workflow_manual_trigger":{"enabledWorkflows":[]},"_links":{"self":[{"href":"https:\/\/jorntrahus.se\/nb\/wp-json\/wp\/v2\/product\/6086","targetHints":{"allow":["GET"]}}],"collection":[{"href":"https:\/\/jorntrahus.se\/nb\/wp-json\/wp\/v2\/product"}],"about":[{"href":"https:\/\/jorntrahus.se\/nb\/wp-json\/wp\/v2\/types\/product"}],"wp:featuredmedia":[{"embeddable":true,"href":"https:\/\/jorntrahus.se\/nb\/wp-json\/wp\/v2\/media\/6102"}],"wp:attachment":[{"href":"https:\/\/jorntrahus.se\/nb\/wp-json\/wp\/v2\/media?parent=6086"}],"wp:term":[{"taxonomy":"product_brand","embeddable":true,"href":"https:\/\/jorntrahus.se\/nb\/wp-json\/wp\/v2\/product_brand?post=6086"},{"taxonomy":"product_cat","embeddable":true,"href":"https:\/\/jorntrahus.se\/nb\/wp-json\/wp\/v2\/product_cat?post=6086"},{"taxonomy":"product_tag","embeddable":true,"href":"https:\/\/jorntrahus.se\/nb\/wp-json\/wp\/v2\/product_tag?post=6086"}],"curies":[{"name":"wp","href":"https:\/\/api.w.org\/{rel}","templated":true}]}}