{"id":6090,"date":"2018-02-20T15:52:19","date_gmt":"2018-02-20T14:52:19","guid":{"rendered":"https:\/\/jorntrahus.se\/?post_type=product&#038;p=6090"},"modified":"2023-02-16T12:04:37","modified_gmt":"2023-02-16T11:04:37","slug":"bjorkdal-145-loft","status":"publish","type":"product","link":"https:\/\/jorntrahus.se\/nb\/husmodell\/bjorkdal-145-loft\/","title":{"rendered":"Bj\u00f6rkdal 145 loft"},"content":{"rendered":"","protected":false},"excerpt":{"rendered":"<h3>Maksimert vindusgavl og m\u00f8netak i stuen<\/h3>\n<p>Et klassisk feriehus som har alt du kan \u00f8nske deg av lys, plass og \u00e5pne flater. Med en maksimal vindusgavl og et m\u00f8netak i stuen bidrar det til at f\u00f8lelsen av inne og ute lett viskes ut.<\/p>\n<p>Takket v\u00e6re et gener\u00f8st kj\u00f8kken med store oppbevaringsrom er det ogs\u00e5 plass til st\u00f8rre selskaper. Dobbeltrom p\u00e5 hemsen og plass til et familierom understreker modellens brede bruksomr\u00e5der. Utsikten fra hemsen mot gavlvinduene understreker den storsl\u00e5tte atmosf\u00e6ren.<\/p>\n<p><a href=\"https:\/\/jorntrahus.se\/wp-content\/uploads\/2018\/02\/Bj\u00f6rkdal-L-interi\u00f6r-1.jpg\"><img loading=\"lazy\" decoding=\"async\" class=\"alignnone wp-image-9472 size-large\" src=\"https:\/\/jorntrahus.se\/wp-content\/uploads\/2018\/02\/Bj\u00f6rkdal-L-interi\u00f6r-1-1200x840.jpg\" alt=\"Bj\u00f6rkdal L - interi\u00f8r - J\u00f6rn wood house - byggesett hus \/ feriehus \/ villa\" width=\"1020\" height=\"714\" srcset=\"https:\/\/jorntrahus.se\/wp-content\/uploads\/2018\/02\/Bj\u00f6rkdal-L-interi\u00f6r-1-1200x840.jpg 1200w, https:\/\/jorntrahus.se\/wp-content\/uploads\/2018\/02\/Bj\u00f6rkdal-L-interi\u00f6r-1-900x630.jpg 900w, https:\/\/jorntrahus.se\/wp-content\/uploads\/2018\/02\/Bj\u00f6rkdal-L-interi\u00f6r-1-600x420.jpg 600w, https:\/\/jorntrahus.se\/wp-content\/uploads\/2018\/02\/Bj\u00f6rkdal-L-interi\u00f6r-1-768x538.jpg 768w\" sizes=\"auto, (max-width: 1020px) 100vw, 1020px\" \/><\/a><\/p>","protected":false},"featured_media":6117,"template":"","meta":[],"product_brand":[],"product_cat":[588],"product_tag":[28,1267],"class_list":{"0":"post-6090","1":"product","2":"type-product","3":"status-publish","4":"has-post-thumbnail","6":"product_cat-bjorkdal","7":"product_tag-002-1-halv-plan","8":"product_tag-klassiskt-hus","9":"husstil-klassiska-hus","10":"hustyp-fritidshus","12":"first","13":"instock","14":"shipping-taxable","15":"product-type-simple"},"yoast_head":"<!-- This site is optimized with the Yoast SEO plugin v27.5 - https:\/\/yoast.com\/product\/yoast-seo-wordpress\/ -->\n<title>Bj\u00f6rkdal 145 loft - J\u00f6rntr\u00e4hus<\/title>\n<meta name=\"robots\" content=\"index, follow, max-snippet:-1, max-image-preview:large, max-video-preview:-1\" \/>\n<link rel=\"canonical\" href=\"https:\/\/jorntrahus.se\/nb\/husmodell\/bjorkdal-145-loft\/\" \/>\n<meta property=\"og:locale\" content=\"nb_NO\" \/>\n<meta property=\"og:type\" content=\"article\" \/>\n<meta property=\"og:title\" content=\"Bj\u00f6rkdal 145 loft - J\u00f6rntr\u00e4hus\" \/>\n<meta property=\"og:description\" content=\"Maximerad\u00a0f\u00f6nstergavel\u00a0samt rygg\u00e5stak i\u00a0allrummet Ett klassiskt fritidshus helt efter vad\u00a0man kan \u00f6nska sig n\u00e4r det g\u00e4ller\u00a0ljus, rymd och \u00f6ppna ytor. Med\u00a0en maximerad f\u00f6nstergavel samt\u00a0rygg\u00e5stak i allrummet bidrar det till att\u00a0k\u00e4nslan f\u00f6r inne och ute l\u00e4tt suddas ut.  Tack vare en gener\u00f6s k\u00f6ksavdelning\u00a0med stora avst\u00e4llningsytor ges \u00e4ven\u00a0plats f\u00f6r st\u00f6rre s\u00e4llskap. Dubbla\u00a0sovrum p\u00e5 loftet samt utrymme f\u00f6r\u00a0allrum understryker modellens breda\u00a0anv\u00e4ndningsomr\u00e5de. Vyn fr\u00e5n loftet\u00a0mot gavelf\u00f6nstren underst\u00f6djer den\u00a0storslagna atmosf\u00e4ren.\" \/>\n<meta property=\"og:url\" content=\"https:\/\/jorntrahus.se\/nb\/husmodell\/bjorkdal-145-loft\/\" \/>\n<meta property=\"og:site_name\" content=\"J\u00f6rntr\u00e4hus\" \/>\n<meta property=\"article:modified_time\" content=\"2023-02-16T11:04:37+00:00\" \/>\n<meta property=\"og:image\" content=\"https:\/\/jorntrahus.se\/wp-content\/uploads\/2017\/12\/Bj\u00f6rkdal-L-3D.jpg\" \/>\n\t<meta property=\"og:image:width\" content=\"1500\" \/>\n\t<meta property=\"og:image:height\" content=\"1000\" \/>\n\t<meta property=\"og:image:type\" content=\"image\/jpeg\" \/>\n<meta name=\"twitter:card\" content=\"summary_large_image\" \/>\n<script type=\"application\/ld+json\" class=\"yoast-schema-graph\">{\"@context\":\"https:\\\/\\\/schema.org\",\"@graph\":[{\"@type\":\"WebPage\",\"@id\":\"https:\\\/\\\/jorntrahus.se\\\/husmodell\\\/bjorkdal-145-loft\\\/\",\"url\":\"https:\\\/\\\/jorntrahus.se\\\/husmodell\\\/bjorkdal-145-loft\\\/\",\"name\":\"Bj\u00f6rkdal 145 loft - J\u00f6rntr\u00e4hus\",\"isPartOf\":{\"@id\":\"https:\\\/\\\/jorntrahus.se\\\/#website\"},\"primaryImageOfPage\":{\"@id\":\"https:\\\/\\\/jorntrahus.se\\\/husmodell\\\/bjorkdal-145-loft\\\/#primaryimage\"},\"image\":{\"@id\":\"https:\\\/\\\/jorntrahus.se\\\/husmodell\\\/bjorkdal-145-loft\\\/#primaryimage\"},\"thumbnailUrl\":\"https:\\\/\\\/jorntrahus.se\\\/wp-content\\\/uploads\\\/2017\\\/12\\\/Bj\u00f6rkdal-L-3D.jpg\",\"datePublished\":\"2018-02-20T14:52:19+00:00\",\"dateModified\":\"2023-02-16T11:04:37+00:00\",\"breadcrumb\":{\"@id\":\"https:\\\/\\\/jorntrahus.se\\\/husmodell\\\/bjorkdal-145-loft\\\/#breadcrumb\"},\"inLanguage\":\"nb-NO\",\"potentialAction\":[{\"@type\":\"ReadAction\",\"target\":[\"https:\\\/\\\/jorntrahus.se\\\/husmodell\\\/bjorkdal-145-loft\\\/\"]}]},{\"@type\":\"ImageObject\",\"inLanguage\":\"nb-NO\",\"@id\":\"https:\\\/\\\/jorntrahus.se\\\/husmodell\\\/bjorkdal-145-loft\\\/#primaryimage\",\"url\":\"https:\\\/\\\/jorntrahus.se\\\/wp-content\\\/uploads\\\/2017\\\/12\\\/Bj\u00f6rkdal-L-3D.jpg\",\"contentUrl\":\"https:\\\/\\\/jorntrahus.se\\\/wp-content\\\/uploads\\\/2017\\\/12\\\/Bj\u00f6rkdal-L-3D.jpg\",\"width\":1500,\"height\":1000,\"caption\":\"Husmodell Bj\u00f6rkdal L fr\u00e5n J\u00f6rntr\u00e4hus \u2013 ett klassiskt fritidshus helt efter vad man kan \u00f6nska sig n\u00e4r det g\u00e4ller ljus, rymd och \u00f6ppna ytor\"},{\"@type\":\"BreadcrumbList\",\"@id\":\"https:\\\/\\\/jorntrahus.se\\\/husmodell\\\/bjorkdal-145-loft\\\/#breadcrumb\",\"itemListElement\":[{\"@type\":\"ListItem\",\"position\":1,\"name\":\"Hem\",\"item\":\"https:\\\/\\\/jorntrahus.se\\\/\"},{\"@type\":\"ListItem\",\"position\":2,\"name\":\"V\u00e5ra hus\",\"item\":\"https:\\\/\\\/jorntrahus.se\\\/husen\\\/\"},{\"@type\":\"ListItem\",\"position\":3,\"name\":\"Bj\u00f6rkdal 145 loft\"}]},{\"@type\":\"WebSite\",\"@id\":\"https:\\\/\\\/jorntrahus.se\\\/#website\",\"url\":\"https:\\\/\\\/jorntrahus.se\\\/\",\"name\":\"J\u00f6rntr\u00e4hus\",\"description\":\"Hus f\u00f6r den medvetne\",\"publisher\":{\"@id\":\"https:\\\/\\\/jorntrahus.se\\\/#organization\"},\"potentialAction\":[{\"@type\":\"SearchAction\",\"target\":{\"@type\":\"EntryPoint\",\"urlTemplate\":\"https:\\\/\\\/jorntrahus.se\\\/?s={search_term_string}\"},\"query-input\":{\"@type\":\"PropertyValueSpecification\",\"valueRequired\":true,\"valueName\":\"search_term_string\"}}],\"inLanguage\":\"nb-NO\"},{\"@type\":\"Organization\",\"@id\":\"https:\\\/\\\/jorntrahus.se\\\/#organization\",\"name\":\"J\u00f6rntr\u00e4hus\",\"url\":\"https:\\\/\\\/jorntrahus.se\\\/\",\"logo\":{\"@type\":\"ImageObject\",\"inLanguage\":\"nb-NO\",\"@id\":\"https:\\\/\\\/jorntrahus.se\\\/#\\\/schema\\\/logo\\\/image\\\/\",\"url\":\"https:\\\/\\\/jorntrahus.se\\\/wp-content\\\/uploads\\\/2020\\\/09\\\/Jorntrahus_Grund_CMYK.eps\",\"contentUrl\":\"https:\\\/\\\/jorntrahus.se\\\/wp-content\\\/uploads\\\/2020\\\/09\\\/Jorntrahus_Grund_CMYK.eps\",\"width\":1,\"height\":1,\"caption\":\"J\u00f6rntr\u00e4hus\"},\"image\":{\"@id\":\"https:\\\/\\\/jorntrahus.se\\\/#\\\/schema\\\/logo\\\/image\\\/\"}}]}<\/script>\n<!-- \/ Yoast SEO plugin. -->","yoast_head_json":{"title":"Bj\u00f6rkdal 145 loft - J\u00f6rntr\u00e4hus","robots":{"index":"index","follow":"follow","max-snippet":"max-snippet:-1","max-image-preview":"max-image-preview:large","max-video-preview":"max-video-preview:-1"},"canonical":"https:\/\/jorntrahus.se\/nb\/husmodell\/bjorkdal-145-loft\/","og_locale":"nb_NO","og_type":"article","og_title":"Bj\u00f6rkdal 145 loft - J\u00f6rntr\u00e4hus","og_description":"Maximerad\u00a0f\u00f6nstergavel\u00a0samt rygg\u00e5stak i\u00a0allrummet Ett klassiskt fritidshus helt efter vad\u00a0man kan \u00f6nska sig n\u00e4r det g\u00e4ller\u00a0ljus, rymd och \u00f6ppna ytor. Med\u00a0en maximerad f\u00f6nstergavel samt\u00a0rygg\u00e5stak i allrummet bidrar det till att\u00a0k\u00e4nslan f\u00f6r inne och ute l\u00e4tt suddas ut.  Tack vare en gener\u00f6s k\u00f6ksavdelning\u00a0med stora avst\u00e4llningsytor ges \u00e4ven\u00a0plats f\u00f6r st\u00f6rre s\u00e4llskap. Dubbla\u00a0sovrum p\u00e5 loftet samt utrymme f\u00f6r\u00a0allrum understryker modellens breda\u00a0anv\u00e4ndningsomr\u00e5de. Vyn fr\u00e5n loftet\u00a0mot gavelf\u00f6nstren underst\u00f6djer den\u00a0storslagna atmosf\u00e4ren.","og_url":"https:\/\/jorntrahus.se\/nb\/husmodell\/bjorkdal-145-loft\/","og_site_name":"J\u00f6rntr\u00e4hus","article_modified_time":"2023-02-16T11:04:37+00:00","og_image":[{"width":1500,"height":1000,"url":"https:\/\/jorntrahus.se\/wp-content\/uploads\/2017\/12\/Bj\u00f6rkdal-L-3D.jpg","type":"image\/jpeg"}],"twitter_card":"summary_large_image","schema":{"@context":"https:\/\/schema.org","@graph":[{"@type":"WebPage","@id":"https:\/\/jorntrahus.se\/husmodell\/bjorkdal-145-loft\/","url":"https:\/\/jorntrahus.se\/husmodell\/bjorkdal-145-loft\/","name":"Bj\u00f6rkdal 145 loft - J\u00f6rntr\u00e4hus","isPartOf":{"@id":"https:\/\/jorntrahus.se\/#website"},"primaryImageOfPage":{"@id":"https:\/\/jorntrahus.se\/husmodell\/bjorkdal-145-loft\/#primaryimage"},"image":{"@id":"https:\/\/jorntrahus.se\/husmodell\/bjorkdal-145-loft\/#primaryimage"},"thumbnailUrl":"https:\/\/jorntrahus.se\/wp-content\/uploads\/2017\/12\/Bj\u00f6rkdal-L-3D.jpg","datePublished":"2018-02-20T14:52:19+00:00","dateModified":"2023-02-16T11:04:37+00:00","breadcrumb":{"@id":"https:\/\/jorntrahus.se\/husmodell\/bjorkdal-145-loft\/#breadcrumb"},"inLanguage":"nb-NO","potentialAction":[{"@type":"ReadAction","target":["https:\/\/jorntrahus.se\/husmodell\/bjorkdal-145-loft\/"]}]},{"@type":"ImageObject","inLanguage":"nb-NO","@id":"https:\/\/jorntrahus.se\/husmodell\/bjorkdal-145-loft\/#primaryimage","url":"https:\/\/jorntrahus.se\/wp-content\/uploads\/2017\/12\/Bj\u00f6rkdal-L-3D.jpg","contentUrl":"https:\/\/jorntrahus.se\/wp-content\/uploads\/2017\/12\/Bj\u00f6rkdal-L-3D.jpg","width":1500,"height":1000,"caption":"Husmodell Bj\u00f6rkdal L fr\u00e5n J\u00f6rntr\u00e4hus \u2013 ett klassiskt fritidshus helt efter vad man kan \u00f6nska sig n\u00e4r det g\u00e4ller ljus, rymd och \u00f6ppna ytor"},{"@type":"BreadcrumbList","@id":"https:\/\/jorntrahus.se\/husmodell\/bjorkdal-145-loft\/#breadcrumb","itemListElement":[{"@type":"ListItem","position":1,"name":"Hem","item":"https:\/\/jorntrahus.se\/"},{"@type":"ListItem","position":2,"name":"V\u00e5ra hus","item":"https:\/\/jorntrahus.se\/husen\/"},{"@type":"ListItem","position":3,"name":"Bj\u00f6rkdal 145 loft"}]},{"@type":"WebSite","@id":"https:\/\/jorntrahus.se\/#website","url":"https:\/\/jorntrahus.se\/","name":"J\u00f6rntr\u00e4hus","description":"Hus for de bevisste","publisher":{"@id":"https:\/\/jorntrahus.se\/#organization"},"potentialAction":[{"@type":"SearchAction","target":{"@type":"EntryPoint","urlTemplate":"https:\/\/jorntrahus.se\/?s={search_term_string}"},"query-input":{"@type":"PropertyValueSpecification","valueRequired":true,"valueName":"search_term_string"}}],"inLanguage":"nb-NO"},{"@type":"Organization","@id":"https:\/\/jorntrahus.se\/#organization","name":"J\u00f6rntr\u00e4hus","url":"https:\/\/jorntrahus.se\/","logo":{"@type":"ImageObject","inLanguage":"nb-NO","@id":"https:\/\/jorntrahus.se\/#\/schema\/logo\/image\/","url":"https:\/\/jorntrahus.se\/wp-content\/uploads\/2020\/09\/Jorntrahus_Grund_CMYK.eps","contentUrl":"https:\/\/jorntrahus.se\/wp-content\/uploads\/2020\/09\/Jorntrahus_Grund_CMYK.eps","width":1,"height":1,"caption":"J\u00f6rntr\u00e4hus"},"image":{"@id":"https:\/\/jorntrahus.se\/#\/schema\/logo\/image\/"}}]}},"publishpress_future_workflow_manual_trigger":{"enabledWorkflows":[]},"_links":{"self":[{"href":"https:\/\/jorntrahus.se\/nb\/wp-json\/wp\/v2\/product\/6090","targetHints":{"allow":["GET"]}}],"collection":[{"href":"https:\/\/jorntrahus.se\/nb\/wp-json\/wp\/v2\/product"}],"about":[{"href":"https:\/\/jorntrahus.se\/nb\/wp-json\/wp\/v2\/types\/product"}],"wp:featuredmedia":[{"embeddable":true,"href":"https:\/\/jorntrahus.se\/nb\/wp-json\/wp\/v2\/media\/6117"}],"wp:attachment":[{"href":"https:\/\/jorntrahus.se\/nb\/wp-json\/wp\/v2\/media?parent=6090"}],"wp:term":[{"taxonomy":"product_brand","embeddable":true,"href":"https:\/\/jorntrahus.se\/nb\/wp-json\/wp\/v2\/product_brand?post=6090"},{"taxonomy":"product_cat","embeddable":true,"href":"https:\/\/jorntrahus.se\/nb\/wp-json\/wp\/v2\/product_cat?post=6090"},{"taxonomy":"product_tag","embeddable":true,"href":"https:\/\/jorntrahus.se\/nb\/wp-json\/wp\/v2\/product_tag?post=6090"}],"curies":[{"name":"wp","href":"https:\/\/api.w.org\/{rel}","templated":true}]}}